{"id":13919,"date":"2025-01-24T11:32:14","date_gmt":"2025-01-24T10:32:14","guid":{"rendered":"https:\/\/www.amstelprinting.nl\/winkel\/senza-categoria\/carwrap\/"},"modified":"2026-02-18T12:38:23","modified_gmt":"2026-02-18T11:38:23","slug":"car-wrapping","status":"publish","type":"product","link":"https:\/\/www.amstelprinting.nl\/it\/negozio\/pubblicita-esterna\/pubblicita-di-veicoli\/car-wrapping\/","title":{"rendered":"Car wrapping"},"content":{"rendered":"<h3>Vantaggi<\/h3>\n<ul>\n<li>Scegli tra tre materiali di marchi rinomati<\/li>\n<li>Pellicole flessibili: ideali per superfici complesse e curve<\/li>\n<li>Applicazione senza bolle d&#8217;aria, grazie all&#8217;innovativa tecnologia adesiva<\/li>\n<li>Suddividi facilmente grandi grafiche tramite il nostro strumento di caricamento<\/li>\n<li>Goditi stampe nitide e durature con la tecnologia Eco-Solvent<\/li>\n<li>Garanzia di una lunga durata di almeno 5 anni<\/li>\n<\/ul>\n<p>&nbsp;<\/p>\n<h3>Stampante per car wrapping<\/h3>\n<p>Offriamo le nostre pellicole per car wrapping in due diverse qualit\u00e0. Il car wrapping di qualit\u00e0 standard viene stampato con una stampante latex. Inoltre, offriamo anche una variante premium. Grazie alla nostra stampante Eco-solvent, questo car wrap vanta un&#8217;altissima qualit\u00e0 di stampa. Il grande vantaggio di questa stampante \u00e8 la capacit\u00e0 di gestire nove diversi colori di inchiostro. Il risultato \u00e8 una gamma cromatica molto pi\u00f9 ampia, che rende le stampe del car wrap ancora pi\u00f9 vivaci e d&#8217;impatto.<\/p>\n<h3>Pellicole per car wrapping<\/h3>\n<p>Le nostre pellicole per wrapping sono realizzate in vinile di qualit\u00e0 premium, resistente a diverse condizioni atmosferiche e ai raggi UV, garantendo colori brillanti e una lunga durata della pellicola. Amstel Printing offre pellicole per car wrapping di due diversi marchi: 3M\u2122 e Avery Dennison. Di seguito illustriamo le propriet\u00e0 di ogni pellicola.<\/p>\n<p><strong>3M\u2122 Print Wrap Film IJ280 Bianco<\/strong><br \/>\nPellicola di qualit\u00e0 con 7 anni di garanzia, se si sceglie il laminato.<br \/>\nStrato adesivo Comply\u2122 v4 Air Release e Controltac per un facile (ri)posizionamento e un&#8217;applicazione senza bolle d&#8217;aria del car wrap.<\/p>\n<p><strong>Avery 1104<\/strong><br \/>\nPellicola con retro bianco. Durata prevista di 5 anni per uso esterno.<br \/>\nLa pellicola per car wrapping Avery 1104 \u00e8 la scelta pi\u00f9 economica.<\/p>\n<p><strong>Avery 1105<\/strong><br \/>\nPellicola fusa con un&#8217;estensibilit\u00e0 fino al 150%.<br \/>\nLa pellicola ha uno strato adesivo Easy Apply\u2122 Repositionable per un facile (ri)posizionamento e un&#8217;applicazione senza bolle d&#8217;aria del car wrap.<\/p>\n<h3>Facile applicazione<\/h3>\n<p>Le pellicole per wrapping sono facili da installare grazie ai canali d&#8217;aria nello strato adesivo, che prevengono le bolle d&#8217;aria e garantiscono una finitura liscia e senza cuciture.<\/p>\n<h3>Funzione protettiva<\/h3>\n<p>Le pellicole per car wrapping hanno, oltre a una funzione promozionale, anche una funzione protettiva contro pietrisco e graffi.<\/p>\n<h3>Facile rimozione<\/h3>\n<p>Le nostre pellicole per car wrapping sono anche facili da rimuovere. Non lasciano infatti residui di colla. Ci\u00f2 consente di ripristinare il veicolo al suo stato originale.<\/p>\n","protected":false},"excerpt":{"rendered":"<p><span style=\"font-weight: 400;\">Trasforma la tua auto (aziendale) con le nostre pellicole per wrapping di alta qualit\u00e0.<\/span><\/p>\n","protected":false},"featured_media":13921,"template":"","meta":{"_et_pb_use_builder":"","_et_pb_old_content":"","_et_gb_content_width":""},"product_brand":[],"product_cat":[314,575,520,447],"product_tag":[],"class_list":{"0":"post-13919","1":"product","2":"type-product","3":"status-publish","4":"has-post-thumbnail","6":"product_cat-adesivi-e-stampa","7":"product_cat-adesivi-grandi","8":"product_cat-pubblicita-di-veicoli","9":"product_cat-pubblicita-esterna","11":"first","12":"instock","13":"taxable","14":"shipping-taxable","15":"purchasable","16":"product-type-simple"},"yoast_head":"<!-- This site is optimized with the Yoast SEO plugin v27.3 - https:\/\/yoast.com\/product\/yoast-seo-wordpress\/ -->\n<title>Car wrapping | Amstel Printing<\/title>\n<meta name=\"robots\" content=\"index, follow, max-snippet:-1, max-image-preview:large, max-video-preview:-1\" \/>\n<link rel=\"canonical\" href=\"https:\/\/www.amstelprinting.nl\/it\/negozio\/pubblicita-esterna\/pubblicita-di-veicoli\/car-wrapping\/\" \/>\n<meta property=\"og:locale\" content=\"it_IT\" \/>\n<meta property=\"og:type\" content=\"article\" \/>\n<meta property=\"og:title\" content=\"Car wrapping | Amstel Printing\" \/>\n<meta property=\"og:description\" content=\"Trasforma la tua auto (aziendale) con le nostre pellicole per wrapping di alta qualit\u00e0.\" \/>\n<meta property=\"og:url\" content=\"https:\/\/www.amstelprinting.nl\/it\/negozio\/pubblicita-esterna\/pubblicita-di-veicoli\/car-wrapping\/\" \/>\n<meta property=\"og:site_name\" content=\"Amstel Printing\" \/>\n<meta property=\"article:modified_time\" content=\"2026-02-18T11:38:23+00:00\" \/>\n<meta property=\"og:image\" content=\"https:\/\/www.amstelprinting.nl\/wp-content\/uploads\/autosticker-bedrukken.png\" \/>\n\t<meta property=\"og:image:width\" content=\"900\" \/>\n\t<meta property=\"og:image:height\" content=\"900\" \/>\n\t<meta property=\"og:image:type\" content=\"image\/png\" \/>\n<meta name=\"twitter:card\" content=\"summary_large_image\" \/>\n<meta name=\"twitter:label1\" content=\"Tempo di lettura stimato\" \/>\n\t<meta name=\"twitter:data1\" content=\"2 minuti\" \/>\n<script type=\"application\/ld+json\" class=\"yoast-schema-graph\">{\"@context\":\"https:\\\/\\\/schema.org\",\"@graph\":[{\"@type\":\"WebPage\",\"@id\":\"https:\\\/\\\/www.amstelprinting.nl\\\/it\\\/negozio\\\/pubblicita-esterna\\\/pubblicita-di-veicoli\\\/car-wrapping\\\/\",\"url\":\"https:\\\/\\\/www.amstelprinting.nl\\\/it\\\/negozio\\\/pubblicita-esterna\\\/pubblicita-di-veicoli\\\/car-wrapping\\\/\",\"name\":\"Car wrapping | Amstel Printing\",\"isPartOf\":{\"@id\":\"https:\\\/\\\/www.amstelprinting.nl\\\/it\\\/#website\"},\"primaryImageOfPage\":{\"@id\":\"https:\\\/\\\/www.amstelprinting.nl\\\/it\\\/negozio\\\/pubblicita-esterna\\\/pubblicita-di-veicoli\\\/car-wrapping\\\/#primaryimage\"},\"image\":{\"@id\":\"https:\\\/\\\/www.amstelprinting.nl\\\/it\\\/negozio\\\/pubblicita-esterna\\\/pubblicita-di-veicoli\\\/car-wrapping\\\/#primaryimage\"},\"thumbnailUrl\":\"https:\\\/\\\/www.amstelprinting.nl\\\/wp-content\\\/uploads\\\/autosticker-bedrukken.png\",\"datePublished\":\"2025-01-24T10:32:14+00:00\",\"dateModified\":\"2026-02-18T11:38:23+00:00\",\"breadcrumb\":{\"@id\":\"https:\\\/\\\/www.amstelprinting.nl\\\/it\\\/negozio\\\/pubblicita-esterna\\\/pubblicita-di-veicoli\\\/car-wrapping\\\/#breadcrumb\"},\"inLanguage\":\"it-IT\",\"potentialAction\":[{\"@type\":\"ReadAction\",\"target\":[\"https:\\\/\\\/www.amstelprinting.nl\\\/it\\\/negozio\\\/pubblicita-esterna\\\/pubblicita-di-veicoli\\\/car-wrapping\\\/\"]}]},{\"@type\":\"ImageObject\",\"inLanguage\":\"it-IT\",\"@id\":\"https:\\\/\\\/www.amstelprinting.nl\\\/it\\\/negozio\\\/pubblicita-esterna\\\/pubblicita-di-veicoli\\\/car-wrapping\\\/#primaryimage\",\"url\":\"https:\\\/\\\/www.amstelprinting.nl\\\/wp-content\\\/uploads\\\/autosticker-bedrukken.png\",\"contentUrl\":\"https:\\\/\\\/www.amstelprinting.nl\\\/wp-content\\\/uploads\\\/autosticker-bedrukken.png\",\"width\":900,\"height\":900},{\"@type\":\"BreadcrumbList\",\"@id\":\"https:\\\/\\\/www.amstelprinting.nl\\\/it\\\/negozio\\\/pubblicita-esterna\\\/pubblicita-di-veicoli\\\/car-wrapping\\\/#breadcrumb\",\"itemListElement\":[{\"@type\":\"ListItem\",\"position\":1,\"name\":\"\",\"item\":\"https:\\\/\\\/www.amstelprinting.nl\\\/it\\\/\"},{\"@type\":\"ListItem\",\"position\":2,\"name\":\"Amstel Printing\",\"item\":\"https:\\\/\\\/www.amstelprinting.nl\\\/it\\\/negozio\\\/\"},{\"@type\":\"ListItem\",\"position\":3,\"name\":\"Pubblicit\u00e0 esterna\",\"item\":\"https:\\\/\\\/www.amstelprinting.nl\\\/it\\\/categoria\\\/pubblicita-esterna\\\/\"},{\"@type\":\"ListItem\",\"position\":4,\"name\":\"Pubblicit\u00e0 di veicoli\",\"item\":\"https:\\\/\\\/www.amstelprinting.nl\\\/it\\\/categoria\\\/pubblicita-esterna\\\/pubblicita-di-veicoli\\\/\"},{\"@type\":\"ListItem\",\"position\":5,\"name\":\"Car wrapping\"}]},{\"@type\":\"WebSite\",\"@id\":\"https:\\\/\\\/www.amstelprinting.nl\\\/it\\\/#website\",\"url\":\"https:\\\/\\\/www.amstelprinting.nl\\\/it\\\/\",\"name\":\"Amstel Printing\",\"description\":\"Creating Exposure\",\"publisher\":{\"@id\":\"https:\\\/\\\/www.amstelprinting.nl\\\/it\\\/#organization\"},\"potentialAction\":[{\"@type\":\"SearchAction\",\"target\":{\"@type\":\"EntryPoint\",\"urlTemplate\":\"https:\\\/\\\/www.amstelprinting.nl\\\/it\\\/?s={search_term_string}\"},\"query-input\":{\"@type\":\"PropertyValueSpecification\",\"valueRequired\":true,\"valueName\":\"search_term_string\"}}],\"inLanguage\":\"it-IT\"},{\"@type\":\"Organization\",\"@id\":\"https:\\\/\\\/www.amstelprinting.nl\\\/it\\\/#organization\",\"name\":\"Amstel Printing\",\"url\":\"https:\\\/\\\/www.amstelprinting.nl\\\/it\\\/\",\"logo\":{\"@type\":\"ImageObject\",\"inLanguage\":\"it-IT\",\"@id\":\"https:\\\/\\\/www.amstelprinting.nl\\\/it\\\/#\\\/schema\\\/logo\\\/image\\\/\",\"url\":\"https:\\\/\\\/www.amstelprinting.nl\\\/wp-content\\\/uploads\\\/amstel_printing_logo_clean.png\",\"contentUrl\":\"https:\\\/\\\/www.amstelprinting.nl\\\/wp-content\\\/uploads\\\/amstel_printing_logo_clean.png\",\"width\":324,\"height\":73,\"caption\":\"Amstel Printing\"},\"image\":{\"@id\":\"https:\\\/\\\/www.amstelprinting.nl\\\/it\\\/#\\\/schema\\\/logo\\\/image\\\/\"}}]}<\/script>\n<!-- \/ Yoast SEO plugin. -->","yoast_head_json":{"title":"Car wrapping | Amstel Printing","robots":{"index":"index","follow":"follow","max-snippet":"max-snippet:-1","max-image-preview":"max-image-preview:large","max-video-preview":"max-video-preview:-1"},"canonical":"https:\/\/www.amstelprinting.nl\/it\/negozio\/pubblicita-esterna\/pubblicita-di-veicoli\/car-wrapping\/","og_locale":"it_IT","og_type":"article","og_title":"Car wrapping | Amstel Printing","og_description":"Trasforma la tua auto (aziendale) con le nostre pellicole per wrapping di alta qualit\u00e0.","og_url":"https:\/\/www.amstelprinting.nl\/it\/negozio\/pubblicita-esterna\/pubblicita-di-veicoli\/car-wrapping\/","og_site_name":"Amstel Printing","article_modified_time":"2026-02-18T11:38:23+00:00","og_image":[{"width":900,"height":900,"url":"https:\/\/www.amstelprinting.nl\/wp-content\/uploads\/autosticker-bedrukken.png","type":"image\/png"}],"twitter_card":"summary_large_image","twitter_misc":{"Tempo di lettura stimato":"2 minuti"},"schema":{"@context":"https:\/\/schema.org","@graph":[{"@type":"WebPage","@id":"https:\/\/www.amstelprinting.nl\/it\/negozio\/pubblicita-esterna\/pubblicita-di-veicoli\/car-wrapping\/","url":"https:\/\/www.amstelprinting.nl\/it\/negozio\/pubblicita-esterna\/pubblicita-di-veicoli\/car-wrapping\/","name":"Car wrapping | Amstel Printing","isPartOf":{"@id":"https:\/\/www.amstelprinting.nl\/it\/#website"},"primaryImageOfPage":{"@id":"https:\/\/www.amstelprinting.nl\/it\/negozio\/pubblicita-esterna\/pubblicita-di-veicoli\/car-wrapping\/#primaryimage"},"image":{"@id":"https:\/\/www.amstelprinting.nl\/it\/negozio\/pubblicita-esterna\/pubblicita-di-veicoli\/car-wrapping\/#primaryimage"},"thumbnailUrl":"https:\/\/www.amstelprinting.nl\/wp-content\/uploads\/autosticker-bedrukken.png","datePublished":"2025-01-24T10:32:14+00:00","dateModified":"2026-02-18T11:38:23+00:00","breadcrumb":{"@id":"https:\/\/www.amstelprinting.nl\/it\/negozio\/pubblicita-esterna\/pubblicita-di-veicoli\/car-wrapping\/#breadcrumb"},"inLanguage":"it-IT","potentialAction":[{"@type":"ReadAction","target":["https:\/\/www.amstelprinting.nl\/it\/negozio\/pubblicita-esterna\/pubblicita-di-veicoli\/car-wrapping\/"]}]},{"@type":"ImageObject","inLanguage":"it-IT","@id":"https:\/\/www.amstelprinting.nl\/it\/negozio\/pubblicita-esterna\/pubblicita-di-veicoli\/car-wrapping\/#primaryimage","url":"https:\/\/www.amstelprinting.nl\/wp-content\/uploads\/autosticker-bedrukken.png","contentUrl":"https:\/\/www.amstelprinting.nl\/wp-content\/uploads\/autosticker-bedrukken.png","width":900,"height":900},{"@type":"BreadcrumbList","@id":"https:\/\/www.amstelprinting.nl\/it\/negozio\/pubblicita-esterna\/pubblicita-di-veicoli\/car-wrapping\/#breadcrumb","itemListElement":[{"@type":"ListItem","position":1,"name":"","item":"https:\/\/www.amstelprinting.nl\/it\/"},{"@type":"ListItem","position":2,"name":"Amstel Printing","item":"https:\/\/www.amstelprinting.nl\/it\/negozio\/"},{"@type":"ListItem","position":3,"name":"Pubblicit\u00e0 esterna","item":"https:\/\/www.amstelprinting.nl\/it\/categoria\/pubblicita-esterna\/"},{"@type":"ListItem","position":4,"name":"Pubblicit\u00e0 di veicoli","item":"https:\/\/www.amstelprinting.nl\/it\/categoria\/pubblicita-esterna\/pubblicita-di-veicoli\/"},{"@type":"ListItem","position":5,"name":"Car wrapping"}]},{"@type":"WebSite","@id":"https:\/\/www.amstelprinting.nl\/it\/#website","url":"https:\/\/www.amstelprinting.nl\/it\/","name":"Amstel Printing","description":"Creating Exposure","publisher":{"@id":"https:\/\/www.amstelprinting.nl\/it\/#organization"},"potentialAction":[{"@type":"SearchAction","target":{"@type":"EntryPoint","urlTemplate":"https:\/\/www.amstelprinting.nl\/it\/?s={search_term_string}"},"query-input":{"@type":"PropertyValueSpecification","valueRequired":true,"valueName":"search_term_string"}}],"inLanguage":"it-IT"},{"@type":"Organization","@id":"https:\/\/www.amstelprinting.nl\/it\/#organization","name":"Amstel Printing","url":"https:\/\/www.amstelprinting.nl\/it\/","logo":{"@type":"ImageObject","inLanguage":"it-IT","@id":"https:\/\/www.amstelprinting.nl\/it\/#\/schema\/logo\/image\/","url":"https:\/\/www.amstelprinting.nl\/wp-content\/uploads\/amstel_printing_logo_clean.png","contentUrl":"https:\/\/www.amstelprinting.nl\/wp-content\/uploads\/amstel_printing_logo_clean.png","width":324,"height":73,"caption":"Amstel Printing"},"image":{"@id":"https:\/\/www.amstelprinting.nl\/it\/#\/schema\/logo\/image\/"}}]}},"_links":{"self":[{"href":"https:\/\/www.amstelprinting.nl\/it\/wp-json\/wp\/v2\/product\/13919","targetHints":{"allow":["GET"]}}],"collection":[{"href":"https:\/\/www.amstelprinting.nl\/it\/wp-json\/wp\/v2\/product"}],"about":[{"href":"https:\/\/www.amstelprinting.nl\/it\/wp-json\/wp\/v2\/types\/product"}],"wp:featuredmedia":[{"embeddable":true,"href":"https:\/\/www.amstelprinting.nl\/it\/wp-json\/wp\/v2\/media\/13921"}],"wp:attachment":[{"href":"https:\/\/www.amstelprinting.nl\/it\/wp-json\/wp\/v2\/media?parent=13919"}],"wp:term":[{"taxonomy":"product_brand","embeddable":true,"href":"https:\/\/www.amstelprinting.nl\/it\/wp-json\/wp\/v2\/product_brand?post=13919"},{"taxonomy":"product_cat","embeddable":true,"href":"https:\/\/www.amstelprinting.nl\/it\/wp-json\/wp\/v2\/product_cat?post=13919"},{"taxonomy":"product_tag","embeddable":true,"href":"https:\/\/www.amstelprinting.nl\/it\/wp-json\/wp\/v2\/product_tag?post=13919"}],"curies":[{"name":"wp","href":"https:\/\/api.w.org\/{rel}","templated":true}]}}