{"id":13934,"date":"2025-01-24T11:32:06","date_gmt":"2025-01-24T10:32:06","guid":{"rendered":"https:\/\/www.amstelprinting.nl\/winkel\/senza-categoria\/autosticker\/"},"modified":"2026-02-18T12:38:24","modified_gmt":"2026-02-18T11:38:24","slug":"adesivo-per-auto","status":"publish","type":"product","link":"https:\/\/www.amstelprinting.nl\/it\/negozio\/pubblicita-esterna\/pubblicita-di-veicoli\/adesivo-per-auto\/","title":{"rendered":"Adesivo per auto"},"content":{"rendered":"<h3>Adesivi per auto di qualit\u00e0 Premium<\/h3>\n<p>Dai al tuo veicolo (aziendale) un aspetto unico e trasformalo in un mezzo pubblicitario itinerante. Dai al tuo veicolo aziendale una funzione extra e trasformalo in un mezzo pubblicitario itinerante. I nostri adesivi per auto offrono la soluzione perfetta per la decorazione di veicoli con superfici piane o leggermente curve.<\/p>\n<h3>Adesivi per auto: i nostri vantaggi<\/h3>\n<ul>\n<li>Grande formato fino a 148 x 750 cm possibile<\/li>\n<li>Disponibile in 14 materiali diversi<\/li>\n<li>Per superfici piane o curve<\/li>\n<li>Finitura opaca o lucida a scelta<\/li>\n<li>Ordinabile anche in forma sagomata<\/li>\n<li>Certificato QuaPro (ignifugo)<\/li>\n<\/ul>\n<p>&nbsp;<\/p>\n<h3>Ampia selezione di materiali<\/h3>\n<p>Scegli tra adesivi per auto trasparenti o bianchi di marchi leader come le pellicole QuaPro, 3M\u2122, Orajet\u00ae o Avery. A seconda della superficie piana o curva, offriamo diverse garanzie e durate.<\/p>\n<h3>Adesivo per auto in forma personalizzata<\/h3>\n<p>Oltre all&#8217;adesivo per auto standard di forma rettangolare, offriamo anche la possibilit\u00e0 di ordinare adesivi per auto sagomati (forma propria). Esistono due tipi di tecniche di taglio sagomato: through cut o kisscut. Con il through cut, la pellicola dell&#8217;adesivo per auto viene tagliata completamente lungo il contorno (tutti gli strati). Con il metodo kisscut, viene tagliata solo la pellicola fino al supporto. Scegli quest&#8217;ultima opzione se hai intenzione di spellicolare e applicare l&#8217;adesivo per auto.<\/p>\n<h3>Consigli per l&#8217;applicazione &#8211; assicurati delle condizioni corrette<\/h3>\n<p>Assicurati che la superficie sia pulita e priva di grasso. La corretta temperatura di lavorazione durante l&#8217;applicazione (incollaggio) degli adesivi per auto \u00e8 fondamentale per ottenere il risultato finale desiderato. Assicurati di applicare gli adesivi per auto a una temperatura ambiente compresa tra 10 e 32 gradi Celsius. A temperature pi\u00f9 elevate, lo strato di colla pu\u00f2 diventare appiccicoso. Se la temperatura di lavorazione \u00e8 troppo bassa, lo strato di colla pu\u00f2 diventare granuloso. Oltre alla temperatura ambiente, \u00e8 consigliabile portare il veicolo da decorare all&#8217;interno in tempo utile. In questo modo la superficie pu\u00f2 acclimatarsi (eliminare la condensa). Per un risultato ottimale, la superficie da decorare deve essere asciutta e avere una buona temperatura.<\/p>\n","protected":false},"excerpt":{"rendered":"<p>Trasforma il tuo veicolo in un mezzo pubblicitario itinerante. Gli adesivi per auto sono disponibili a partire da 1 pezzo.<\/p>\n","protected":false},"featured_media":13936,"template":"","meta":{"_et_pb_use_builder":"","_et_pb_old_content":"","_et_gb_content_width":""},"product_brand":[],"product_cat":[520,447],"product_tag":[],"class_list":{"0":"post-13934","1":"product","2":"type-product","3":"status-publish","4":"has-post-thumbnail","6":"product_cat-pubblicita-di-veicoli","7":"product_cat-pubblicita-esterna","9":"first","10":"instock","11":"taxable","12":"shipping-taxable","13":"purchasable","14":"product-type-simple"},"yoast_head":"<!-- This site is optimized with the Yoast SEO plugin v27.3 - https:\/\/yoast.com\/product\/yoast-seo-wordpress\/ -->\n<title>Adesivo per auto | Amstel Printing<\/title>\n<meta name=\"robots\" content=\"index, follow, max-snippet:-1, max-image-preview:large, max-video-preview:-1\" \/>\n<link rel=\"canonical\" href=\"https:\/\/www.amstelprinting.nl\/it\/negozio\/pubblicita-esterna\/pubblicita-di-veicoli\/adesivo-per-auto\/\" \/>\n<meta property=\"og:locale\" content=\"it_IT\" \/>\n<meta property=\"og:type\" content=\"article\" \/>\n<meta property=\"og:title\" content=\"Adesivo per auto | Amstel Printing\" \/>\n<meta property=\"og:description\" content=\"Trasforma il tuo veicolo in un mezzo pubblicitario itinerante. Gli adesivi per auto sono disponibili a partire da 1 pezzo.\" \/>\n<meta property=\"og:url\" content=\"https:\/\/www.amstelprinting.nl\/it\/negozio\/pubblicita-esterna\/pubblicita-di-veicoli\/adesivo-per-auto\/\" \/>\n<meta property=\"og:site_name\" content=\"Amstel Printing\" \/>\n<meta property=\"article:modified_time\" content=\"2026-02-18T11:38:24+00:00\" \/>\n<meta property=\"og:image\" content=\"https:\/\/www.amstelprinting.nl\/wp-content\/uploads\/Autosticker.jpg\" \/>\n\t<meta property=\"og:image:width\" content=\"700\" \/>\n\t<meta property=\"og:image:height\" content=\"700\" \/>\n\t<meta property=\"og:image:type\" content=\"image\/jpeg\" \/>\n<meta name=\"twitter:card\" content=\"summary_large_image\" \/>\n<meta name=\"twitter:label1\" content=\"Tempo di lettura stimato\" \/>\n\t<meta name=\"twitter:data1\" content=\"2 minuti\" \/>\n<script type=\"application\/ld+json\" class=\"yoast-schema-graph\">{\"@context\":\"https:\\\/\\\/schema.org\",\"@graph\":[{\"@type\":\"WebPage\",\"@id\":\"https:\\\/\\\/www.amstelprinting.nl\\\/it\\\/negozio\\\/pubblicita-esterna\\\/pubblicita-di-veicoli\\\/adesivo-per-auto\\\/\",\"url\":\"https:\\\/\\\/www.amstelprinting.nl\\\/it\\\/negozio\\\/pubblicita-esterna\\\/pubblicita-di-veicoli\\\/adesivo-per-auto\\\/\",\"name\":\"Adesivo per auto | Amstel Printing\",\"isPartOf\":{\"@id\":\"https:\\\/\\\/www.amstelprinting.nl\\\/it\\\/#website\"},\"primaryImageOfPage\":{\"@id\":\"https:\\\/\\\/www.amstelprinting.nl\\\/it\\\/negozio\\\/pubblicita-esterna\\\/pubblicita-di-veicoli\\\/adesivo-per-auto\\\/#primaryimage\"},\"image\":{\"@id\":\"https:\\\/\\\/www.amstelprinting.nl\\\/it\\\/negozio\\\/pubblicita-esterna\\\/pubblicita-di-veicoli\\\/adesivo-per-auto\\\/#primaryimage\"},\"thumbnailUrl\":\"https:\\\/\\\/www.amstelprinting.nl\\\/wp-content\\\/uploads\\\/Autosticker.jpg\",\"datePublished\":\"2025-01-24T10:32:06+00:00\",\"dateModified\":\"2026-02-18T11:38:24+00:00\",\"breadcrumb\":{\"@id\":\"https:\\\/\\\/www.amstelprinting.nl\\\/it\\\/negozio\\\/pubblicita-esterna\\\/pubblicita-di-veicoli\\\/adesivo-per-auto\\\/#breadcrumb\"},\"inLanguage\":\"it-IT\",\"potentialAction\":[{\"@type\":\"ReadAction\",\"target\":[\"https:\\\/\\\/www.amstelprinting.nl\\\/it\\\/negozio\\\/pubblicita-esterna\\\/pubblicita-di-veicoli\\\/adesivo-per-auto\\\/\"]}]},{\"@type\":\"ImageObject\",\"inLanguage\":\"it-IT\",\"@id\":\"https:\\\/\\\/www.amstelprinting.nl\\\/it\\\/negozio\\\/pubblicita-esterna\\\/pubblicita-di-veicoli\\\/adesivo-per-auto\\\/#primaryimage\",\"url\":\"https:\\\/\\\/www.amstelprinting.nl\\\/wp-content\\\/uploads\\\/Autosticker.jpg\",\"contentUrl\":\"https:\\\/\\\/www.amstelprinting.nl\\\/wp-content\\\/uploads\\\/Autosticker.jpg\",\"width\":700,\"height\":700},{\"@type\":\"BreadcrumbList\",\"@id\":\"https:\\\/\\\/www.amstelprinting.nl\\\/it\\\/negozio\\\/pubblicita-esterna\\\/pubblicita-di-veicoli\\\/adesivo-per-auto\\\/#breadcrumb\",\"itemListElement\":[{\"@type\":\"ListItem\",\"position\":1,\"name\":\"\",\"item\":\"https:\\\/\\\/www.amstelprinting.nl\\\/it\\\/\"},{\"@type\":\"ListItem\",\"position\":2,\"name\":\"Amstel Printing\",\"item\":\"https:\\\/\\\/www.amstelprinting.nl\\\/it\\\/negozio\\\/\"},{\"@type\":\"ListItem\",\"position\":3,\"name\":\"Pubblicit\u00e0 esterna\",\"item\":\"https:\\\/\\\/www.amstelprinting.nl\\\/it\\\/categoria\\\/pubblicita-esterna\\\/\"},{\"@type\":\"ListItem\",\"position\":4,\"name\":\"Pubblicit\u00e0 di veicoli\",\"item\":\"https:\\\/\\\/www.amstelprinting.nl\\\/it\\\/categoria\\\/pubblicita-esterna\\\/pubblicita-di-veicoli\\\/\"},{\"@type\":\"ListItem\",\"position\":5,\"name\":\"Adesivo per auto\"}]},{\"@type\":\"WebSite\",\"@id\":\"https:\\\/\\\/www.amstelprinting.nl\\\/it\\\/#website\",\"url\":\"https:\\\/\\\/www.amstelprinting.nl\\\/it\\\/\",\"name\":\"Amstel Printing\",\"description\":\"Creating Exposure\",\"publisher\":{\"@id\":\"https:\\\/\\\/www.amstelprinting.nl\\\/it\\\/#organization\"},\"potentialAction\":[{\"@type\":\"SearchAction\",\"target\":{\"@type\":\"EntryPoint\",\"urlTemplate\":\"https:\\\/\\\/www.amstelprinting.nl\\\/it\\\/?s={search_term_string}\"},\"query-input\":{\"@type\":\"PropertyValueSpecification\",\"valueRequired\":true,\"valueName\":\"search_term_string\"}}],\"inLanguage\":\"it-IT\"},{\"@type\":\"Organization\",\"@id\":\"https:\\\/\\\/www.amstelprinting.nl\\\/it\\\/#organization\",\"name\":\"Amstel Printing\",\"url\":\"https:\\\/\\\/www.amstelprinting.nl\\\/it\\\/\",\"logo\":{\"@type\":\"ImageObject\",\"inLanguage\":\"it-IT\",\"@id\":\"https:\\\/\\\/www.amstelprinting.nl\\\/it\\\/#\\\/schema\\\/logo\\\/image\\\/\",\"url\":\"https:\\\/\\\/www.amstelprinting.nl\\\/wp-content\\\/uploads\\\/amstel_printing_logo_clean.png\",\"contentUrl\":\"https:\\\/\\\/www.amstelprinting.nl\\\/wp-content\\\/uploads\\\/amstel_printing_logo_clean.png\",\"width\":324,\"height\":73,\"caption\":\"Amstel Printing\"},\"image\":{\"@id\":\"https:\\\/\\\/www.amstelprinting.nl\\\/it\\\/#\\\/schema\\\/logo\\\/image\\\/\"}}]}<\/script>\n<!-- \/ Yoast SEO plugin. -->","yoast_head_json":{"title":"Adesivo per auto | Amstel Printing","robots":{"index":"index","follow":"follow","max-snippet":"max-snippet:-1","max-image-preview":"max-image-preview:large","max-video-preview":"max-video-preview:-1"},"canonical":"https:\/\/www.amstelprinting.nl\/it\/negozio\/pubblicita-esterna\/pubblicita-di-veicoli\/adesivo-per-auto\/","og_locale":"it_IT","og_type":"article","og_title":"Adesivo per auto | Amstel Printing","og_description":"Trasforma il tuo veicolo in un mezzo pubblicitario itinerante. Gli adesivi per auto sono disponibili a partire da 1 pezzo.","og_url":"https:\/\/www.amstelprinting.nl\/it\/negozio\/pubblicita-esterna\/pubblicita-di-veicoli\/adesivo-per-auto\/","og_site_name":"Amstel Printing","article_modified_time":"2026-02-18T11:38:24+00:00","og_image":[{"width":700,"height":700,"url":"https:\/\/www.amstelprinting.nl\/wp-content\/uploads\/Autosticker.jpg","type":"image\/jpeg"}],"twitter_card":"summary_large_image","twitter_misc":{"Tempo di lettura stimato":"2 minuti"},"schema":{"@context":"https:\/\/schema.org","@graph":[{"@type":"WebPage","@id":"https:\/\/www.amstelprinting.nl\/it\/negozio\/pubblicita-esterna\/pubblicita-di-veicoli\/adesivo-per-auto\/","url":"https:\/\/www.amstelprinting.nl\/it\/negozio\/pubblicita-esterna\/pubblicita-di-veicoli\/adesivo-per-auto\/","name":"Adesivo per auto | Amstel Printing","isPartOf":{"@id":"https:\/\/www.amstelprinting.nl\/it\/#website"},"primaryImageOfPage":{"@id":"https:\/\/www.amstelprinting.nl\/it\/negozio\/pubblicita-esterna\/pubblicita-di-veicoli\/adesivo-per-auto\/#primaryimage"},"image":{"@id":"https:\/\/www.amstelprinting.nl\/it\/negozio\/pubblicita-esterna\/pubblicita-di-veicoli\/adesivo-per-auto\/#primaryimage"},"thumbnailUrl":"https:\/\/www.amstelprinting.nl\/wp-content\/uploads\/Autosticker.jpg","datePublished":"2025-01-24T10:32:06+00:00","dateModified":"2026-02-18T11:38:24+00:00","breadcrumb":{"@id":"https:\/\/www.amstelprinting.nl\/it\/negozio\/pubblicita-esterna\/pubblicita-di-veicoli\/adesivo-per-auto\/#breadcrumb"},"inLanguage":"it-IT","potentialAction":[{"@type":"ReadAction","target":["https:\/\/www.amstelprinting.nl\/it\/negozio\/pubblicita-esterna\/pubblicita-di-veicoli\/adesivo-per-auto\/"]}]},{"@type":"ImageObject","inLanguage":"it-IT","@id":"https:\/\/www.amstelprinting.nl\/it\/negozio\/pubblicita-esterna\/pubblicita-di-veicoli\/adesivo-per-auto\/#primaryimage","url":"https:\/\/www.amstelprinting.nl\/wp-content\/uploads\/Autosticker.jpg","contentUrl":"https:\/\/www.amstelprinting.nl\/wp-content\/uploads\/Autosticker.jpg","width":700,"height":700},{"@type":"BreadcrumbList","@id":"https:\/\/www.amstelprinting.nl\/it\/negozio\/pubblicita-esterna\/pubblicita-di-veicoli\/adesivo-per-auto\/#breadcrumb","itemListElement":[{"@type":"ListItem","position":1,"name":"","item":"https:\/\/www.amstelprinting.nl\/it\/"},{"@type":"ListItem","position":2,"name":"Amstel Printing","item":"https:\/\/www.amstelprinting.nl\/it\/negozio\/"},{"@type":"ListItem","position":3,"name":"Pubblicit\u00e0 esterna","item":"https:\/\/www.amstelprinting.nl\/it\/categoria\/pubblicita-esterna\/"},{"@type":"ListItem","position":4,"name":"Pubblicit\u00e0 di veicoli","item":"https:\/\/www.amstelprinting.nl\/it\/categoria\/pubblicita-esterna\/pubblicita-di-veicoli\/"},{"@type":"ListItem","position":5,"name":"Adesivo per auto"}]},{"@type":"WebSite","@id":"https:\/\/www.amstelprinting.nl\/it\/#website","url":"https:\/\/www.amstelprinting.nl\/it\/","name":"Amstel Printing","description":"Creating Exposure","publisher":{"@id":"https:\/\/www.amstelprinting.nl\/it\/#organization"},"potentialAction":[{"@type":"SearchAction","target":{"@type":"EntryPoint","urlTemplate":"https:\/\/www.amstelprinting.nl\/it\/?s={search_term_string}"},"query-input":{"@type":"PropertyValueSpecification","valueRequired":true,"valueName":"search_term_string"}}],"inLanguage":"it-IT"},{"@type":"Organization","@id":"https:\/\/www.amstelprinting.nl\/it\/#organization","name":"Amstel Printing","url":"https:\/\/www.amstelprinting.nl\/it\/","logo":{"@type":"ImageObject","inLanguage":"it-IT","@id":"https:\/\/www.amstelprinting.nl\/it\/#\/schema\/logo\/image\/","url":"https:\/\/www.amstelprinting.nl\/wp-content\/uploads\/amstel_printing_logo_clean.png","contentUrl":"https:\/\/www.amstelprinting.nl\/wp-content\/uploads\/amstel_printing_logo_clean.png","width":324,"height":73,"caption":"Amstel Printing"},"image":{"@id":"https:\/\/www.amstelprinting.nl\/it\/#\/schema\/logo\/image\/"}}]}},"_links":{"self":[{"href":"https:\/\/www.amstelprinting.nl\/it\/wp-json\/wp\/v2\/product\/13934","targetHints":{"allow":["GET"]}}],"collection":[{"href":"https:\/\/www.amstelprinting.nl\/it\/wp-json\/wp\/v2\/product"}],"about":[{"href":"https:\/\/www.amstelprinting.nl\/it\/wp-json\/wp\/v2\/types\/product"}],"wp:featuredmedia":[{"embeddable":true,"href":"https:\/\/www.amstelprinting.nl\/it\/wp-json\/wp\/v2\/media\/13936"}],"wp:attachment":[{"href":"https:\/\/www.amstelprinting.nl\/it\/wp-json\/wp\/v2\/media?parent=13934"}],"wp:term":[{"taxonomy":"product_brand","embeddable":true,"href":"https:\/\/www.amstelprinting.nl\/it\/wp-json\/wp\/v2\/product_brand?post=13934"},{"taxonomy":"product_cat","embeddable":true,"href":"https:\/\/www.amstelprinting.nl\/it\/wp-json\/wp\/v2\/product_cat?post=13934"},{"taxonomy":"product_tag","embeddable":true,"href":"https:\/\/www.amstelprinting.nl\/it\/wp-json\/wp\/v2\/product_tag?post=13934"}],"curies":[{"name":"wp","href":"https:\/\/api.w.org\/{rel}","templated":true}]}}