{"id":13946,"date":"2025-01-24T11:31:59","date_gmt":"2025-01-24T10:31:59","guid":{"rendered":"https:\/\/www.amstelprinting.nl\/winkel\/senza-categoria\/magneetbord\/"},"modified":"2026-02-18T12:38:25","modified_gmt":"2026-02-18T11:38:25","slug":"lavagna-magnetica","status":"publish","type":"product","link":"https:\/\/www.amstelprinting.nl\/it\/negozio\/pubblicita-esterna\/pubblicita-di-veicoli\/lavagna-magnetica\/","title":{"rendered":"Lavagna magnetica"},"content":{"rendered":"<h3>Vantaggi<\/h3>\n<ul>\n<li>Economica e allo stesso tempo molto efficace!<\/li>\n<li>Adatta per veicoli, frigoriferi, lavagne bianche e altre superfici metalliche<\/li>\n<li>Durevole: facile da riutilizzare<\/li>\n<li>Ideale sia per uso interno che esterno<\/li>\n<li>Disponibile in ogni formato e forma!<\/li>\n<\/ul>\n<p>&nbsp;<\/p>\n<h3>Materiale e utilizzo<\/h3>\n<p>La nostra lavagna magnetica ha uno spessore di soli 0,85 mm e una larghezza massima di 96 cm. \u00c8 possibile far tagliare la lavagna nel formato desiderato o seguendo i contorni del vostro design, affinch\u00e9 si adatti sempre perfettamente.<\/p>\n<p>Volete rimuoverla? La lavagna magnetica pu\u00f2 essere rimossa senza fatica e riutilizzata. Le nostre lastre magnetiche sono realizzate in pellicola magnetica flessibile, il che le rende leggere ma robuste.<\/p>\n<p>Questo materiale \u00e8 ideale per l&#8217;uso su superfici metalliche come veicoli, frigoriferi, lavagne bianche e altro ancora. Grazie alle propriet\u00e0 resistenti agli agenti atmosferici, mantengono la loro qualit\u00e0 in diverse condizioni climatiche, rendendole perfette sia per l&#8217;uso interno che esterno.<\/p>\n<p>Lasciate libera la vostra creativit\u00e0 e scoprite le infinite possibilit\u00e0 della nostra lavagna magnetica. Che si tratti di promozioni temporanee, progetti decorativi o soluzioni pratiche per la casa e il lavoro, la nostra lavagna magnetica offre la versatilit\u00e0 e l&#8217;affidabilit\u00e0 che cercate. Ordinate oggi stesso e provate la comodit\u00e0 e la qualit\u00e0 di questa soluzione flessibile e riutilizzabile.<\/p>\n<h3>Consigli per l&#8217;uso<\/h3>\n<p><strong>Attenzione!<\/strong> Per evitare un&#8217;adesione permanente, si consiglia di non lasciare la lavagna magnetica nello stesso posto per pi\u00f9 di due giorni consecutivi.<\/p>\n","protected":false},"excerpt":{"rendered":"<h3>Per l&#8217;applicazione su una superficie metallica<\/h3>\n<p>Che desideriate visualizzare un messaggio temporaneo su un veicolo o arredare uno spazio creativo, la nostra lavagna magnetica offre la soluzione perfetta. La lavagna magnetica, chiamata anche lastra magnetica, \u00e8 adatta a tutte le superfici metalliche.<\/p>\n","protected":false},"featured_media":13947,"template":"","meta":{"_et_pb_use_builder":"","_et_pb_old_content":"","_et_gb_content_width":""},"product_brand":[],"product_cat":[520,447],"product_tag":[],"class_list":{"0":"post-13946","1":"product","2":"type-product","3":"status-publish","4":"has-post-thumbnail","6":"product_cat-pubblicita-di-veicoli","7":"product_cat-pubblicita-esterna","9":"first","10":"instock","11":"taxable","12":"shipping-taxable","13":"purchasable","14":"product-type-simple"},"yoast_head":"<!-- This site is optimized with the Yoast SEO plugin v27.3 - https:\/\/yoast.com\/product\/yoast-seo-wordpress\/ -->\n<title>Lavagna magnetica | Amstel Printing<\/title>\n<meta name=\"robots\" content=\"index, follow, max-snippet:-1, max-image-preview:large, max-video-preview:-1\" \/>\n<link rel=\"canonical\" href=\"https:\/\/www.amstelprinting.nl\/it\/negozio\/pubblicita-esterna\/pubblicita-di-veicoli\/lavagna-magnetica\/\" \/>\n<meta property=\"og:locale\" content=\"it_IT\" \/>\n<meta property=\"og:type\" content=\"article\" \/>\n<meta property=\"og:title\" content=\"Lavagna magnetica | Amstel Printing\" \/>\n<meta property=\"og:description\" content=\"Per l&#039;applicazione su una superficie metallica Che desideriate visualizzare un messaggio temporaneo su un veicolo o arredare uno spazio creativo, la nostra lavagna magnetica offre la soluzione perfetta. La lavagna magnetica, chiamata anche lastra magnetica, \u00e8 adatta a tutte le superfici metalliche.\" \/>\n<meta property=\"og:url\" content=\"https:\/\/www.amstelprinting.nl\/it\/negozio\/pubblicita-esterna\/pubblicita-di-veicoli\/lavagna-magnetica\/\" \/>\n<meta property=\"og:site_name\" content=\"Amstel Printing\" \/>\n<meta property=\"article:modified_time\" content=\"2026-02-18T11:38:25+00:00\" \/>\n<meta property=\"og:image\" content=\"https:\/\/www.amstelprinting.nl\/wp-content\/uploads\/Magneetbord-bedrukken.png\" \/>\n\t<meta property=\"og:image:width\" content=\"700\" \/>\n\t<meta property=\"og:image:height\" content=\"700\" \/>\n\t<meta property=\"og:image:type\" content=\"image\/png\" \/>\n<meta name=\"twitter:card\" content=\"summary_large_image\" \/>\n<meta name=\"twitter:label1\" content=\"Tempo di lettura stimato\" \/>\n\t<meta name=\"twitter:data1\" content=\"1 minuto\" \/>\n<script type=\"application\/ld+json\" class=\"yoast-schema-graph\">{\"@context\":\"https:\\\/\\\/schema.org\",\"@graph\":[{\"@type\":\"WebPage\",\"@id\":\"https:\\\/\\\/www.amstelprinting.nl\\\/it\\\/negozio\\\/pubblicita-esterna\\\/pubblicita-di-veicoli\\\/lavagna-magnetica\\\/\",\"url\":\"https:\\\/\\\/www.amstelprinting.nl\\\/it\\\/negozio\\\/pubblicita-esterna\\\/pubblicita-di-veicoli\\\/lavagna-magnetica\\\/\",\"name\":\"Lavagna magnetica | Amstel Printing\",\"isPartOf\":{\"@id\":\"https:\\\/\\\/www.amstelprinting.nl\\\/it\\\/#website\"},\"primaryImageOfPage\":{\"@id\":\"https:\\\/\\\/www.amstelprinting.nl\\\/it\\\/negozio\\\/pubblicita-esterna\\\/pubblicita-di-veicoli\\\/lavagna-magnetica\\\/#primaryimage\"},\"image\":{\"@id\":\"https:\\\/\\\/www.amstelprinting.nl\\\/it\\\/negozio\\\/pubblicita-esterna\\\/pubblicita-di-veicoli\\\/lavagna-magnetica\\\/#primaryimage\"},\"thumbnailUrl\":\"https:\\\/\\\/www.amstelprinting.nl\\\/wp-content\\\/uploads\\\/Magneetbord-bedrukken.png\",\"datePublished\":\"2025-01-24T10:31:59+00:00\",\"dateModified\":\"2026-02-18T11:38:25+00:00\",\"breadcrumb\":{\"@id\":\"https:\\\/\\\/www.amstelprinting.nl\\\/it\\\/negozio\\\/pubblicita-esterna\\\/pubblicita-di-veicoli\\\/lavagna-magnetica\\\/#breadcrumb\"},\"inLanguage\":\"it-IT\",\"potentialAction\":[{\"@type\":\"ReadAction\",\"target\":[\"https:\\\/\\\/www.amstelprinting.nl\\\/it\\\/negozio\\\/pubblicita-esterna\\\/pubblicita-di-veicoli\\\/lavagna-magnetica\\\/\"]}]},{\"@type\":\"ImageObject\",\"inLanguage\":\"it-IT\",\"@id\":\"https:\\\/\\\/www.amstelprinting.nl\\\/it\\\/negozio\\\/pubblicita-esterna\\\/pubblicita-di-veicoli\\\/lavagna-magnetica\\\/#primaryimage\",\"url\":\"https:\\\/\\\/www.amstelprinting.nl\\\/wp-content\\\/uploads\\\/Magneetbord-bedrukken.png\",\"contentUrl\":\"https:\\\/\\\/www.amstelprinting.nl\\\/wp-content\\\/uploads\\\/Magneetbord-bedrukken.png\",\"width\":700,\"height\":700},{\"@type\":\"BreadcrumbList\",\"@id\":\"https:\\\/\\\/www.amstelprinting.nl\\\/it\\\/negozio\\\/pubblicita-esterna\\\/pubblicita-di-veicoli\\\/lavagna-magnetica\\\/#breadcrumb\",\"itemListElement\":[{\"@type\":\"ListItem\",\"position\":1,\"name\":\"\",\"item\":\"https:\\\/\\\/www.amstelprinting.nl\\\/it\\\/\"},{\"@type\":\"ListItem\",\"position\":2,\"name\":\"Amstel Printing\",\"item\":\"https:\\\/\\\/www.amstelprinting.nl\\\/it\\\/negozio\\\/\"},{\"@type\":\"ListItem\",\"position\":3,\"name\":\"Pubblicit\u00e0 esterna\",\"item\":\"https:\\\/\\\/www.amstelprinting.nl\\\/it\\\/categoria\\\/pubblicita-esterna\\\/\"},{\"@type\":\"ListItem\",\"position\":4,\"name\":\"Pubblicit\u00e0 di veicoli\",\"item\":\"https:\\\/\\\/www.amstelprinting.nl\\\/it\\\/categoria\\\/pubblicita-esterna\\\/pubblicita-di-veicoli\\\/\"},{\"@type\":\"ListItem\",\"position\":5,\"name\":\"Lavagna magnetica\"}]},{\"@type\":\"WebSite\",\"@id\":\"https:\\\/\\\/www.amstelprinting.nl\\\/it\\\/#website\",\"url\":\"https:\\\/\\\/www.amstelprinting.nl\\\/it\\\/\",\"name\":\"Amstel Printing\",\"description\":\"Creating Exposure\",\"publisher\":{\"@id\":\"https:\\\/\\\/www.amstelprinting.nl\\\/it\\\/#organization\"},\"potentialAction\":[{\"@type\":\"SearchAction\",\"target\":{\"@type\":\"EntryPoint\",\"urlTemplate\":\"https:\\\/\\\/www.amstelprinting.nl\\\/it\\\/?s={search_term_string}\"},\"query-input\":{\"@type\":\"PropertyValueSpecification\",\"valueRequired\":true,\"valueName\":\"search_term_string\"}}],\"inLanguage\":\"it-IT\"},{\"@type\":\"Organization\",\"@id\":\"https:\\\/\\\/www.amstelprinting.nl\\\/it\\\/#organization\",\"name\":\"Amstel Printing\",\"url\":\"https:\\\/\\\/www.amstelprinting.nl\\\/it\\\/\",\"logo\":{\"@type\":\"ImageObject\",\"inLanguage\":\"it-IT\",\"@id\":\"https:\\\/\\\/www.amstelprinting.nl\\\/it\\\/#\\\/schema\\\/logo\\\/image\\\/\",\"url\":\"https:\\\/\\\/www.amstelprinting.nl\\\/wp-content\\\/uploads\\\/amstel_printing_logo_clean.png\",\"contentUrl\":\"https:\\\/\\\/www.amstelprinting.nl\\\/wp-content\\\/uploads\\\/amstel_printing_logo_clean.png\",\"width\":324,\"height\":73,\"caption\":\"Amstel Printing\"},\"image\":{\"@id\":\"https:\\\/\\\/www.amstelprinting.nl\\\/it\\\/#\\\/schema\\\/logo\\\/image\\\/\"}}]}<\/script>\n<!-- \/ Yoast SEO plugin. -->","yoast_head_json":{"title":"Lavagna magnetica | Amstel Printing","robots":{"index":"index","follow":"follow","max-snippet":"max-snippet:-1","max-image-preview":"max-image-preview:large","max-video-preview":"max-video-preview:-1"},"canonical":"https:\/\/www.amstelprinting.nl\/it\/negozio\/pubblicita-esterna\/pubblicita-di-veicoli\/lavagna-magnetica\/","og_locale":"it_IT","og_type":"article","og_title":"Lavagna magnetica | Amstel Printing","og_description":"Per l'applicazione su una superficie metallica Che desideriate visualizzare un messaggio temporaneo su un veicolo o arredare uno spazio creativo, la nostra lavagna magnetica offre la soluzione perfetta. La lavagna magnetica, chiamata anche lastra magnetica, \u00e8 adatta a tutte le superfici metalliche.","og_url":"https:\/\/www.amstelprinting.nl\/it\/negozio\/pubblicita-esterna\/pubblicita-di-veicoli\/lavagna-magnetica\/","og_site_name":"Amstel Printing","article_modified_time":"2026-02-18T11:38:25+00:00","og_image":[{"width":700,"height":700,"url":"https:\/\/www.amstelprinting.nl\/wp-content\/uploads\/Magneetbord-bedrukken.png","type":"image\/png"}],"twitter_card":"summary_large_image","twitter_misc":{"Tempo di lettura stimato":"1 minuto"},"schema":{"@context":"https:\/\/schema.org","@graph":[{"@type":"WebPage","@id":"https:\/\/www.amstelprinting.nl\/it\/negozio\/pubblicita-esterna\/pubblicita-di-veicoli\/lavagna-magnetica\/","url":"https:\/\/www.amstelprinting.nl\/it\/negozio\/pubblicita-esterna\/pubblicita-di-veicoli\/lavagna-magnetica\/","name":"Lavagna magnetica | Amstel Printing","isPartOf":{"@id":"https:\/\/www.amstelprinting.nl\/it\/#website"},"primaryImageOfPage":{"@id":"https:\/\/www.amstelprinting.nl\/it\/negozio\/pubblicita-esterna\/pubblicita-di-veicoli\/lavagna-magnetica\/#primaryimage"},"image":{"@id":"https:\/\/www.amstelprinting.nl\/it\/negozio\/pubblicita-esterna\/pubblicita-di-veicoli\/lavagna-magnetica\/#primaryimage"},"thumbnailUrl":"https:\/\/www.amstelprinting.nl\/wp-content\/uploads\/Magneetbord-bedrukken.png","datePublished":"2025-01-24T10:31:59+00:00","dateModified":"2026-02-18T11:38:25+00:00","breadcrumb":{"@id":"https:\/\/www.amstelprinting.nl\/it\/negozio\/pubblicita-esterna\/pubblicita-di-veicoli\/lavagna-magnetica\/#breadcrumb"},"inLanguage":"it-IT","potentialAction":[{"@type":"ReadAction","target":["https:\/\/www.amstelprinting.nl\/it\/negozio\/pubblicita-esterna\/pubblicita-di-veicoli\/lavagna-magnetica\/"]}]},{"@type":"ImageObject","inLanguage":"it-IT","@id":"https:\/\/www.amstelprinting.nl\/it\/negozio\/pubblicita-esterna\/pubblicita-di-veicoli\/lavagna-magnetica\/#primaryimage","url":"https:\/\/www.amstelprinting.nl\/wp-content\/uploads\/Magneetbord-bedrukken.png","contentUrl":"https:\/\/www.amstelprinting.nl\/wp-content\/uploads\/Magneetbord-bedrukken.png","width":700,"height":700},{"@type":"BreadcrumbList","@id":"https:\/\/www.amstelprinting.nl\/it\/negozio\/pubblicita-esterna\/pubblicita-di-veicoli\/lavagna-magnetica\/#breadcrumb","itemListElement":[{"@type":"ListItem","position":1,"name":"","item":"https:\/\/www.amstelprinting.nl\/it\/"},{"@type":"ListItem","position":2,"name":"Amstel Printing","item":"https:\/\/www.amstelprinting.nl\/it\/negozio\/"},{"@type":"ListItem","position":3,"name":"Pubblicit\u00e0 esterna","item":"https:\/\/www.amstelprinting.nl\/it\/categoria\/pubblicita-esterna\/"},{"@type":"ListItem","position":4,"name":"Pubblicit\u00e0 di veicoli","item":"https:\/\/www.amstelprinting.nl\/it\/categoria\/pubblicita-esterna\/pubblicita-di-veicoli\/"},{"@type":"ListItem","position":5,"name":"Lavagna magnetica"}]},{"@type":"WebSite","@id":"https:\/\/www.amstelprinting.nl\/it\/#website","url":"https:\/\/www.amstelprinting.nl\/it\/","name":"Amstel Printing","description":"Creating Exposure","publisher":{"@id":"https:\/\/www.amstelprinting.nl\/it\/#organization"},"potentialAction":[{"@type":"SearchAction","target":{"@type":"EntryPoint","urlTemplate":"https:\/\/www.amstelprinting.nl\/it\/?s={search_term_string}"},"query-input":{"@type":"PropertyValueSpecification","valueRequired":true,"valueName":"search_term_string"}}],"inLanguage":"it-IT"},{"@type":"Organization","@id":"https:\/\/www.amstelprinting.nl\/it\/#organization","name":"Amstel Printing","url":"https:\/\/www.amstelprinting.nl\/it\/","logo":{"@type":"ImageObject","inLanguage":"it-IT","@id":"https:\/\/www.amstelprinting.nl\/it\/#\/schema\/logo\/image\/","url":"https:\/\/www.amstelprinting.nl\/wp-content\/uploads\/amstel_printing_logo_clean.png","contentUrl":"https:\/\/www.amstelprinting.nl\/wp-content\/uploads\/amstel_printing_logo_clean.png","width":324,"height":73,"caption":"Amstel Printing"},"image":{"@id":"https:\/\/www.amstelprinting.nl\/it\/#\/schema\/logo\/image\/"}}]}},"_links":{"self":[{"href":"https:\/\/www.amstelprinting.nl\/it\/wp-json\/wp\/v2\/product\/13946","targetHints":{"allow":["GET"]}}],"collection":[{"href":"https:\/\/www.amstelprinting.nl\/it\/wp-json\/wp\/v2\/product"}],"about":[{"href":"https:\/\/www.amstelprinting.nl\/it\/wp-json\/wp\/v2\/types\/product"}],"wp:featuredmedia":[{"embeddable":true,"href":"https:\/\/www.amstelprinting.nl\/it\/wp-json\/wp\/v2\/media\/13947"}],"wp:attachment":[{"href":"https:\/\/www.amstelprinting.nl\/it\/wp-json\/wp\/v2\/media?parent=13946"}],"wp:term":[{"taxonomy":"product_brand","embeddable":true,"href":"https:\/\/www.amstelprinting.nl\/it\/wp-json\/wp\/v2\/product_brand?post=13946"},{"taxonomy":"product_cat","embeddable":true,"href":"https:\/\/www.amstelprinting.nl\/it\/wp-json\/wp\/v2\/product_cat?post=13946"},{"taxonomy":"product_tag","embeddable":true,"href":"https:\/\/www.amstelprinting.nl\/it\/wp-json\/wp\/v2\/product_tag?post=13946"}],"curies":[{"name":"wp","href":"https:\/\/api.w.org\/{rel}","templated":true}]}}