{"id":13979,"date":"2025-01-24T11:31:40","date_gmt":"2025-01-24T10:31:40","guid":{"rendered":"https:\/\/www.amstelprinting.nl\/winkel\/senza-categoria\/buitenkussen\/"},"modified":"2026-02-18T12:38:29","modified_gmt":"2026-02-18T11:38:29","slug":"cuscino-da-esterno","status":"publish","type":"product","link":"https:\/\/www.amstelprinting.nl\/it\/negozio\/interno\/esterno\/cuscino-da-esterno\/","title":{"rendered":"Cuscino da esterno"},"content":{"rendered":"<h2>Stampa cuscini da esterno<\/h2>\n<h3>Formato e materiale<\/h3>\n<p>Scegli tra sei diversi formati per adattarti perfettamente ai tuoi mobili da esterno e alle tue preferenze personali. La fodera \u00e8 realizzata in ProPES outdoor, un materiale adatto sia per l&#8217;uso interno che esterno. Offre un&#8217;eccellente resistenza agli agenti atmosferici e solidit\u00e0 del colore, in modo che i tuoi cuscini mantengano un bell&#8217;aspetto stagione dopo stagione.<\/p>\n<h3>Finitura<\/h3>\n<p>Puoi rifinire il tuo cuscino da esterno con o senza etichetta. Nella sezione download troverai il template per il cuscino da esterno sia con che senza etichetta. Inoltre, puoi scegliere tra fili neri o bianchi e una cerniera bianca, nera o dorata per abbinare il tutto al tuo ambiente esterno. Crea un&#8217;atmosfera rilassata e accogliente dove goderti l&#8217;aria aperta, stagione dopo stagione. Completa oggi stesso il tuo spazio esterno con i nostri cuscini da esterno!<\/p>\n<h3>Domande frequenti sul cuscino da esterno<\/h3>\n<p><strong>Il cuscino da esterno pu\u00f2 essere dotato di un&#8217;etichetta?<\/strong><br \/>\nS\u00ec, puoi anche dotare un cuscino da esterno di un&#8217;etichetta. Durante il processo di ordinazione, hai la possibilit\u00e0 di scegliere, per determinati materiali, un cuscino decorativo con etichetta. Per tua comodit\u00e0, abbiamo creato dei template speciali che puoi trovare nella sezione download.<\/p>\n<p><strong>Il cuscino \u00e8 confezionato sottovuoto?<\/strong><br \/>\nPer evitare pieghe, i cuscini non vengono confezionati sottovuoto.<\/p>\n<p><strong>Come si pu\u00f2 lavare il cuscino?<\/strong><br \/>\nI cuscini possono essere lavati a 30 gradi. \u00c8 possibile lavare anche l&#8217;imbottitura.<\/p>\n","protected":false},"excerpt":{"rendered":"<h3>Cuscini da esterno idrorepellenti e riciclabili<\/h3>\n<p>Unisci comfort e stile nel tuo giardino, terrazzo o balcone con i nostri cuscini da esterno stampati di alta qualit\u00e0. Ogni cuscino da esterno pu\u00f2 essere fornito come set completo di fodera e imbottitura, oppure puoi scegliere di ordinare solo la fodera (con stampa) o l&#8217;imbottitura separatamente.<\/p>\n","protected":false},"featured_media":13981,"template":"","meta":{"_et_pb_use_builder":"","_et_pb_old_content":"","_et_gb_content_width":""},"product_brand":[],"product_cat":[554,544,447,523],"product_tag":[],"class_list":{"0":"post-13979","1":"product","2":"type-product","3":"status-publish","4":"has-post-thumbnail","6":"product_cat-esterno","7":"product_cat-interno","8":"product_cat-pubblicita-esterna","9":"product_cat-terrazza-e-terrazza-giardino","11":"first","12":"instock","13":"taxable","14":"shipping-taxable","15":"purchasable","16":"product-type-simple"},"yoast_head":"<!-- This site is optimized with the Yoast SEO plugin v27.3 - https:\/\/yoast.com\/product\/yoast-seo-wordpress\/ -->\n<title>Cuscino da esterno | Amstel Printing<\/title>\n<meta name=\"robots\" content=\"index, follow, max-snippet:-1, max-image-preview:large, max-video-preview:-1\" \/>\n<link rel=\"canonical\" href=\"https:\/\/www.amstelprinting.nl\/it\/negozio\/interno\/esterno\/cuscino-da-esterno\/\" \/>\n<meta property=\"og:locale\" content=\"it_IT\" \/>\n<meta property=\"og:type\" content=\"article\" \/>\n<meta property=\"og:title\" content=\"Cuscino da esterno | Amstel Printing\" \/>\n<meta property=\"og:description\" content=\"Cuscini da esterno idrorepellenti e riciclabili Unisci comfort e stile nel tuo giardino, terrazzo o balcone con i nostri cuscini da esterno stampati di alta qualit\u00e0. Ogni cuscino da esterno pu\u00f2 essere fornito come set completo di fodera e imbottitura, oppure puoi scegliere di ordinare solo la fodera (con stampa) o l&#039;imbottitura separatamente.\" \/>\n<meta property=\"og:url\" content=\"https:\/\/www.amstelprinting.nl\/it\/negozio\/interno\/esterno\/cuscino-da-esterno\/\" \/>\n<meta property=\"og:site_name\" content=\"Amstel Printing\" \/>\n<meta property=\"article:modified_time\" content=\"2026-02-18T11:38:29+00:00\" \/>\n<meta property=\"og:image\" content=\"https:\/\/www.amstelprinting.nl\/wp-content\/uploads\/Buitenkussen7.jpg\" \/>\n\t<meta property=\"og:image:width\" content=\"700\" \/>\n\t<meta property=\"og:image:height\" content=\"700\" \/>\n\t<meta property=\"og:image:type\" content=\"image\/jpeg\" \/>\n<meta name=\"twitter:card\" content=\"summary_large_image\" \/>\n<meta name=\"twitter:label1\" content=\"Tempo di lettura stimato\" \/>\n\t<meta name=\"twitter:data1\" content=\"1 minuto\" \/>\n<script type=\"application\/ld+json\" class=\"yoast-schema-graph\">{\"@context\":\"https:\\\/\\\/schema.org\",\"@graph\":[{\"@type\":\"WebPage\",\"@id\":\"https:\\\/\\\/www.amstelprinting.nl\\\/it\\\/negozio\\\/interno\\\/esterno\\\/cuscino-da-esterno\\\/\",\"url\":\"https:\\\/\\\/www.amstelprinting.nl\\\/it\\\/negozio\\\/interno\\\/esterno\\\/cuscino-da-esterno\\\/\",\"name\":\"Cuscino da esterno | Amstel Printing\",\"isPartOf\":{\"@id\":\"https:\\\/\\\/www.amstelprinting.nl\\\/it\\\/#website\"},\"primaryImageOfPage\":{\"@id\":\"https:\\\/\\\/www.amstelprinting.nl\\\/it\\\/negozio\\\/interno\\\/esterno\\\/cuscino-da-esterno\\\/#primaryimage\"},\"image\":{\"@id\":\"https:\\\/\\\/www.amstelprinting.nl\\\/it\\\/negozio\\\/interno\\\/esterno\\\/cuscino-da-esterno\\\/#primaryimage\"},\"thumbnailUrl\":\"https:\\\/\\\/www.amstelprinting.nl\\\/wp-content\\\/uploads\\\/Buitenkussen7.jpg\",\"datePublished\":\"2025-01-24T10:31:40+00:00\",\"dateModified\":\"2026-02-18T11:38:29+00:00\",\"breadcrumb\":{\"@id\":\"https:\\\/\\\/www.amstelprinting.nl\\\/it\\\/negozio\\\/interno\\\/esterno\\\/cuscino-da-esterno\\\/#breadcrumb\"},\"inLanguage\":\"it-IT\",\"potentialAction\":[{\"@type\":\"ReadAction\",\"target\":[\"https:\\\/\\\/www.amstelprinting.nl\\\/it\\\/negozio\\\/interno\\\/esterno\\\/cuscino-da-esterno\\\/\"]}]},{\"@type\":\"ImageObject\",\"inLanguage\":\"it-IT\",\"@id\":\"https:\\\/\\\/www.amstelprinting.nl\\\/it\\\/negozio\\\/interno\\\/esterno\\\/cuscino-da-esterno\\\/#primaryimage\",\"url\":\"https:\\\/\\\/www.amstelprinting.nl\\\/wp-content\\\/uploads\\\/Buitenkussen7.jpg\",\"contentUrl\":\"https:\\\/\\\/www.amstelprinting.nl\\\/wp-content\\\/uploads\\\/Buitenkussen7.jpg\",\"width\":700,\"height\":700},{\"@type\":\"BreadcrumbList\",\"@id\":\"https:\\\/\\\/www.amstelprinting.nl\\\/it\\\/negozio\\\/interno\\\/esterno\\\/cuscino-da-esterno\\\/#breadcrumb\",\"itemListElement\":[{\"@type\":\"ListItem\",\"position\":1,\"name\":\"\",\"item\":\"https:\\\/\\\/www.amstelprinting.nl\\\/it\\\/\"},{\"@type\":\"ListItem\",\"position\":2,\"name\":\"Amstel Printing\",\"item\":\"https:\\\/\\\/www.amstelprinting.nl\\\/it\\\/negozio\\\/\"},{\"@type\":\"ListItem\",\"position\":3,\"name\":\"Pubblicit\u00e0 esterna\",\"item\":\"https:\\\/\\\/www.amstelprinting.nl\\\/it\\\/categoria\\\/pubblicita-esterna\\\/\"},{\"@type\":\"ListItem\",\"position\":4,\"name\":\"Terrazza e terrazza giardino\",\"item\":\"https:\\\/\\\/www.amstelprinting.nl\\\/it\\\/categoria\\\/pubblicita-esterna\\\/terrazza-e-terrazza-giardino\\\/\"},{\"@type\":\"ListItem\",\"position\":5,\"name\":\"Cuscino da esterno\"}]},{\"@type\":\"WebSite\",\"@id\":\"https:\\\/\\\/www.amstelprinting.nl\\\/it\\\/#website\",\"url\":\"https:\\\/\\\/www.amstelprinting.nl\\\/it\\\/\",\"name\":\"Amstel Printing\",\"description\":\"Creating Exposure\",\"publisher\":{\"@id\":\"https:\\\/\\\/www.amstelprinting.nl\\\/it\\\/#organization\"},\"potentialAction\":[{\"@type\":\"SearchAction\",\"target\":{\"@type\":\"EntryPoint\",\"urlTemplate\":\"https:\\\/\\\/www.amstelprinting.nl\\\/it\\\/?s={search_term_string}\"},\"query-input\":{\"@type\":\"PropertyValueSpecification\",\"valueRequired\":true,\"valueName\":\"search_term_string\"}}],\"inLanguage\":\"it-IT\"},{\"@type\":\"Organization\",\"@id\":\"https:\\\/\\\/www.amstelprinting.nl\\\/it\\\/#organization\",\"name\":\"Amstel Printing\",\"url\":\"https:\\\/\\\/www.amstelprinting.nl\\\/it\\\/\",\"logo\":{\"@type\":\"ImageObject\",\"inLanguage\":\"it-IT\",\"@id\":\"https:\\\/\\\/www.amstelprinting.nl\\\/it\\\/#\\\/schema\\\/logo\\\/image\\\/\",\"url\":\"https:\\\/\\\/www.amstelprinting.nl\\\/wp-content\\\/uploads\\\/amstel_printing_logo_clean.png\",\"contentUrl\":\"https:\\\/\\\/www.amstelprinting.nl\\\/wp-content\\\/uploads\\\/amstel_printing_logo_clean.png\",\"width\":324,\"height\":73,\"caption\":\"Amstel Printing\"},\"image\":{\"@id\":\"https:\\\/\\\/www.amstelprinting.nl\\\/it\\\/#\\\/schema\\\/logo\\\/image\\\/\"}}]}<\/script>\n<!-- \/ Yoast SEO plugin. -->","yoast_head_json":{"title":"Cuscino da esterno | Amstel Printing","robots":{"index":"index","follow":"follow","max-snippet":"max-snippet:-1","max-image-preview":"max-image-preview:large","max-video-preview":"max-video-preview:-1"},"canonical":"https:\/\/www.amstelprinting.nl\/it\/negozio\/interno\/esterno\/cuscino-da-esterno\/","og_locale":"it_IT","og_type":"article","og_title":"Cuscino da esterno | Amstel Printing","og_description":"Cuscini da esterno idrorepellenti e riciclabili Unisci comfort e stile nel tuo giardino, terrazzo o balcone con i nostri cuscini da esterno stampati di alta qualit\u00e0. Ogni cuscino da esterno pu\u00f2 essere fornito come set completo di fodera e imbottitura, oppure puoi scegliere di ordinare solo la fodera (con stampa) o l'imbottitura separatamente.","og_url":"https:\/\/www.amstelprinting.nl\/it\/negozio\/interno\/esterno\/cuscino-da-esterno\/","og_site_name":"Amstel Printing","article_modified_time":"2026-02-18T11:38:29+00:00","og_image":[{"width":700,"height":700,"url":"https:\/\/www.amstelprinting.nl\/wp-content\/uploads\/Buitenkussen7.jpg","type":"image\/jpeg"}],"twitter_card":"summary_large_image","twitter_misc":{"Tempo di lettura stimato":"1 minuto"},"schema":{"@context":"https:\/\/schema.org","@graph":[{"@type":"WebPage","@id":"https:\/\/www.amstelprinting.nl\/it\/negozio\/interno\/esterno\/cuscino-da-esterno\/","url":"https:\/\/www.amstelprinting.nl\/it\/negozio\/interno\/esterno\/cuscino-da-esterno\/","name":"Cuscino da esterno | Amstel Printing","isPartOf":{"@id":"https:\/\/www.amstelprinting.nl\/it\/#website"},"primaryImageOfPage":{"@id":"https:\/\/www.amstelprinting.nl\/it\/negozio\/interno\/esterno\/cuscino-da-esterno\/#primaryimage"},"image":{"@id":"https:\/\/www.amstelprinting.nl\/it\/negozio\/interno\/esterno\/cuscino-da-esterno\/#primaryimage"},"thumbnailUrl":"https:\/\/www.amstelprinting.nl\/wp-content\/uploads\/Buitenkussen7.jpg","datePublished":"2025-01-24T10:31:40+00:00","dateModified":"2026-02-18T11:38:29+00:00","breadcrumb":{"@id":"https:\/\/www.amstelprinting.nl\/it\/negozio\/interno\/esterno\/cuscino-da-esterno\/#breadcrumb"},"inLanguage":"it-IT","potentialAction":[{"@type":"ReadAction","target":["https:\/\/www.amstelprinting.nl\/it\/negozio\/interno\/esterno\/cuscino-da-esterno\/"]}]},{"@type":"ImageObject","inLanguage":"it-IT","@id":"https:\/\/www.amstelprinting.nl\/it\/negozio\/interno\/esterno\/cuscino-da-esterno\/#primaryimage","url":"https:\/\/www.amstelprinting.nl\/wp-content\/uploads\/Buitenkussen7.jpg","contentUrl":"https:\/\/www.amstelprinting.nl\/wp-content\/uploads\/Buitenkussen7.jpg","width":700,"height":700},{"@type":"BreadcrumbList","@id":"https:\/\/www.amstelprinting.nl\/it\/negozio\/interno\/esterno\/cuscino-da-esterno\/#breadcrumb","itemListElement":[{"@type":"ListItem","position":1,"name":"","item":"https:\/\/www.amstelprinting.nl\/it\/"},{"@type":"ListItem","position":2,"name":"Amstel Printing","item":"https:\/\/www.amstelprinting.nl\/it\/negozio\/"},{"@type":"ListItem","position":3,"name":"Pubblicit\u00e0 esterna","item":"https:\/\/www.amstelprinting.nl\/it\/categoria\/pubblicita-esterna\/"},{"@type":"ListItem","position":4,"name":"Terrazza e terrazza giardino","item":"https:\/\/www.amstelprinting.nl\/it\/categoria\/pubblicita-esterna\/terrazza-e-terrazza-giardino\/"},{"@type":"ListItem","position":5,"name":"Cuscino da esterno"}]},{"@type":"WebSite","@id":"https:\/\/www.amstelprinting.nl\/it\/#website","url":"https:\/\/www.amstelprinting.nl\/it\/","name":"Amstel Printing","description":"Creating Exposure","publisher":{"@id":"https:\/\/www.amstelprinting.nl\/it\/#organization"},"potentialAction":[{"@type":"SearchAction","target":{"@type":"EntryPoint","urlTemplate":"https:\/\/www.amstelprinting.nl\/it\/?s={search_term_string}"},"query-input":{"@type":"PropertyValueSpecification","valueRequired":true,"valueName":"search_term_string"}}],"inLanguage":"it-IT"},{"@type":"Organization","@id":"https:\/\/www.amstelprinting.nl\/it\/#organization","name":"Amstel Printing","url":"https:\/\/www.amstelprinting.nl\/it\/","logo":{"@type":"ImageObject","inLanguage":"it-IT","@id":"https:\/\/www.amstelprinting.nl\/it\/#\/schema\/logo\/image\/","url":"https:\/\/www.amstelprinting.nl\/wp-content\/uploads\/amstel_printing_logo_clean.png","contentUrl":"https:\/\/www.amstelprinting.nl\/wp-content\/uploads\/amstel_printing_logo_clean.png","width":324,"height":73,"caption":"Amstel Printing"},"image":{"@id":"https:\/\/www.amstelprinting.nl\/it\/#\/schema\/logo\/image\/"}}]}},"_links":{"self":[{"href":"https:\/\/www.amstelprinting.nl\/it\/wp-json\/wp\/v2\/product\/13979","targetHints":{"allow":["GET"]}}],"collection":[{"href":"https:\/\/www.amstelprinting.nl\/it\/wp-json\/wp\/v2\/product"}],"about":[{"href":"https:\/\/www.amstelprinting.nl\/it\/wp-json\/wp\/v2\/types\/product"}],"wp:featuredmedia":[{"embeddable":true,"href":"https:\/\/www.amstelprinting.nl\/it\/wp-json\/wp\/v2\/media\/13981"}],"wp:attachment":[{"href":"https:\/\/www.amstelprinting.nl\/it\/wp-json\/wp\/v2\/media?parent=13979"}],"wp:term":[{"taxonomy":"product_brand","embeddable":true,"href":"https:\/\/www.amstelprinting.nl\/it\/wp-json\/wp\/v2\/product_brand?post=13979"},{"taxonomy":"product_cat","embeddable":true,"href":"https:\/\/www.amstelprinting.nl\/it\/wp-json\/wp\/v2\/product_cat?post=13979"},{"taxonomy":"product_tag","embeddable":true,"href":"https:\/\/www.amstelprinting.nl\/it\/wp-json\/wp\/v2\/product_tag?post=13979"}],"curies":[{"name":"wp","href":"https:\/\/api.w.org\/{rel}","templated":true}]}}