{"id":13991,"date":"2025-01-24T11:31:36","date_gmt":"2025-01-24T10:31:36","guid":{"rendered":"https:\/\/www.amstelprinting.nl\/winkel\/senza-categoria\/tuinposter\/"},"modified":"2026-02-18T12:38:30","modified_gmt":"2026-02-18T11:38:30","slug":"poster-da-giardino","status":"publish","type":"product","link":"https:\/\/www.amstelprinting.nl\/it\/negozio\/interno\/esterno\/poster-da-giardino\/","title":{"rendered":"Poster da giardino"},"content":{"rendered":"<h3>Stampa di poster da giardino: scegli il materiale giusto<\/h3>\n<p>Scegli tra due materiali:<\/p>\n<ul>\n<li><strong>Banner 510<\/strong>: Questo telo in PVC offre un aspetto lucido ed \u00e8 adatto sia per l&#8217;uso interno che esterno. \u00c8 resistente ai raggi UV e all&#8217;acqua, il che lo rende perfetto per tutte le condizioni atmosferiche. Inoltre, \u00e8 certificato B1 per la sicurezza antincendio.<\/li>\n<li><strong>ProPES outdoor<\/strong>: Tessuto in poliestere leggero dotato di un rivestimento idrorepellente, ideale per l&#8217;uso esterno. Questo materiale offre una stampa nitida ed \u00e8 resistente ai raggi UV. \u00c8 un&#8217;ottima scelta per chi cerca una soluzione durevole con un aspetto moderno.<\/li>\n<\/ul>\n<p>&nbsp;<\/p>\n<h3>Finitura<\/h3>\n<p>Per la finitura del tuo poster da giardino, puoi scegliere tra il taglio o gli occhielli. Se desideri appendere il poster da giardino con dei chiodi, scegli l&#8217;opzione del taglio. Se invece vuoi fissare il poster a una staccionata o a un muro, la scelta migliore sono gli occhielli. Trasforma il tuo spazio esterno o interno con i nostri splendidi poster da giardino. Scegli il materiale e la finitura che meglio si adattano alle tue esigenze e goditi un ambiente suggestivo, stagione dopo stagione!<\/p>\n","protected":false},"excerpt":{"rendered":"<h3>Poster da giardino resistente ai raggi UV e all&#8217;acqua<\/h3>\n<p>Arricchisci il tuo giardino, la tua terrazza o il tuo spazio interno con i nostri poster da giardino di alta qualit\u00e0. I poster da giardino sono stati appositamente sviluppati per l&#8217;uso in tutte le condizioni atmosferiche. Sia che tu scelga il Banner 510 con il suo aspetto lucido e la certificazione ignifuga, o il ProPES outdoor con la sua leggerezza e le sue propriet\u00e0 idrorepellenti. I nostri poster da giardino offrono durata ed estetica per ogni ambiente. Dai libero sfogo alla tua creativit\u00e0 portando la bellezza della natura nel tuo spazio vitale con i nostri versatili poster da giardino!<\/p>\n","protected":false},"featured_media":13992,"template":"","meta":{"_et_pb_use_builder":"","_et_pb_old_content":"","_et_gb_content_width":""},"product_brand":[],"product_cat":[554,544,447,523],"product_tag":[],"class_list":{"0":"post-13991","1":"product","2":"type-product","3":"status-publish","4":"has-post-thumbnail","6":"product_cat-esterno","7":"product_cat-interno","8":"product_cat-pubblicita-esterna","9":"product_cat-terrazza-e-terrazza-giardino","11":"first","12":"instock","13":"taxable","14":"shipping-taxable","15":"purchasable","16":"product-type-simple"},"yoast_head":"<!-- This site is optimized with the Yoast SEO plugin v27.3 - https:\/\/yoast.com\/product\/yoast-seo-wordpress\/ -->\n<title>Poster da giardino | Amstel Printing<\/title>\n<meta name=\"robots\" content=\"index, follow, max-snippet:-1, max-image-preview:large, max-video-preview:-1\" \/>\n<link rel=\"canonical\" href=\"https:\/\/www.amstelprinting.nl\/it\/negozio\/interno\/esterno\/poster-da-giardino\/\" \/>\n<meta property=\"og:locale\" content=\"it_IT\" \/>\n<meta property=\"og:type\" content=\"article\" \/>\n<meta property=\"og:title\" content=\"Poster da giardino | Amstel Printing\" \/>\n<meta property=\"og:description\" content=\"Poster da giardino resistente ai raggi UV e all&#039;acqua Arricchisci il tuo giardino, la tua terrazza o il tuo spazio interno con i nostri poster da giardino di alta qualit\u00e0. I poster da giardino sono stati appositamente sviluppati per l&#039;uso in tutte le condizioni atmosferiche. Sia che tu scelga il Banner 510 con il suo aspetto lucido e la certificazione ignifuga, o il ProPES outdoor con la sua leggerezza e le sue propriet\u00e0 idrorepellenti. I nostri poster da giardino offrono durata ed estetica per ogni ambiente. Dai libero sfogo alla tua creativit\u00e0 portando la bellezza della natura nel tuo spazio vitale con i nostri versatili poster da giardino!\" \/>\n<meta property=\"og:url\" content=\"https:\/\/www.amstelprinting.nl\/it\/negozio\/interno\/esterno\/poster-da-giardino\/\" \/>\n<meta property=\"og:site_name\" content=\"Amstel Printing\" \/>\n<meta property=\"article:modified_time\" content=\"2026-02-18T11:38:30+00:00\" \/>\n<meta property=\"og:image\" content=\"https:\/\/www.amstelprinting.nl\/wp-content\/uploads\/Tuinposter.jpg\" \/>\n\t<meta property=\"og:image:width\" content=\"700\" \/>\n\t<meta property=\"og:image:height\" content=\"700\" \/>\n\t<meta property=\"og:image:type\" content=\"image\/jpeg\" \/>\n<meta name=\"twitter:card\" content=\"summary_large_image\" \/>\n<meta name=\"twitter:label1\" content=\"Tempo di lettura stimato\" \/>\n\t<meta name=\"twitter:data1\" content=\"1 minuto\" \/>\n<script type=\"application\/ld+json\" class=\"yoast-schema-graph\">{\"@context\":\"https:\\\/\\\/schema.org\",\"@graph\":[{\"@type\":\"WebPage\",\"@id\":\"https:\\\/\\\/www.amstelprinting.nl\\\/it\\\/negozio\\\/interno\\\/esterno\\\/poster-da-giardino\\\/\",\"url\":\"https:\\\/\\\/www.amstelprinting.nl\\\/it\\\/negozio\\\/interno\\\/esterno\\\/poster-da-giardino\\\/\",\"name\":\"Poster da giardino | Amstel Printing\",\"isPartOf\":{\"@id\":\"https:\\\/\\\/www.amstelprinting.nl\\\/it\\\/#website\"},\"primaryImageOfPage\":{\"@id\":\"https:\\\/\\\/www.amstelprinting.nl\\\/it\\\/negozio\\\/interno\\\/esterno\\\/poster-da-giardino\\\/#primaryimage\"},\"image\":{\"@id\":\"https:\\\/\\\/www.amstelprinting.nl\\\/it\\\/negozio\\\/interno\\\/esterno\\\/poster-da-giardino\\\/#primaryimage\"},\"thumbnailUrl\":\"https:\\\/\\\/www.amstelprinting.nl\\\/wp-content\\\/uploads\\\/Tuinposter.jpg\",\"datePublished\":\"2025-01-24T10:31:36+00:00\",\"dateModified\":\"2026-02-18T11:38:30+00:00\",\"breadcrumb\":{\"@id\":\"https:\\\/\\\/www.amstelprinting.nl\\\/it\\\/negozio\\\/interno\\\/esterno\\\/poster-da-giardino\\\/#breadcrumb\"},\"inLanguage\":\"it-IT\",\"potentialAction\":[{\"@type\":\"ReadAction\",\"target\":[\"https:\\\/\\\/www.amstelprinting.nl\\\/it\\\/negozio\\\/interno\\\/esterno\\\/poster-da-giardino\\\/\"]}]},{\"@type\":\"ImageObject\",\"inLanguage\":\"it-IT\",\"@id\":\"https:\\\/\\\/www.amstelprinting.nl\\\/it\\\/negozio\\\/interno\\\/esterno\\\/poster-da-giardino\\\/#primaryimage\",\"url\":\"https:\\\/\\\/www.amstelprinting.nl\\\/wp-content\\\/uploads\\\/Tuinposter.jpg\",\"contentUrl\":\"https:\\\/\\\/www.amstelprinting.nl\\\/wp-content\\\/uploads\\\/Tuinposter.jpg\",\"width\":700,\"height\":700},{\"@type\":\"BreadcrumbList\",\"@id\":\"https:\\\/\\\/www.amstelprinting.nl\\\/it\\\/negozio\\\/interno\\\/esterno\\\/poster-da-giardino\\\/#breadcrumb\",\"itemListElement\":[{\"@type\":\"ListItem\",\"position\":1,\"name\":\"\",\"item\":\"https:\\\/\\\/www.amstelprinting.nl\\\/it\\\/\"},{\"@type\":\"ListItem\",\"position\":2,\"name\":\"Amstel Printing\",\"item\":\"https:\\\/\\\/www.amstelprinting.nl\\\/it\\\/negozio\\\/\"},{\"@type\":\"ListItem\",\"position\":3,\"name\":\"Pubblicit\u00e0 esterna\",\"item\":\"https:\\\/\\\/www.amstelprinting.nl\\\/it\\\/categoria\\\/pubblicita-esterna\\\/\"},{\"@type\":\"ListItem\",\"position\":4,\"name\":\"Terrazza e terrazza giardino\",\"item\":\"https:\\\/\\\/www.amstelprinting.nl\\\/it\\\/categoria\\\/pubblicita-esterna\\\/terrazza-e-terrazza-giardino\\\/\"},{\"@type\":\"ListItem\",\"position\":5,\"name\":\"Poster da giardino\"}]},{\"@type\":\"WebSite\",\"@id\":\"https:\\\/\\\/www.amstelprinting.nl\\\/it\\\/#website\",\"url\":\"https:\\\/\\\/www.amstelprinting.nl\\\/it\\\/\",\"name\":\"Amstel Printing\",\"description\":\"Creating Exposure\",\"publisher\":{\"@id\":\"https:\\\/\\\/www.amstelprinting.nl\\\/it\\\/#organization\"},\"potentialAction\":[{\"@type\":\"SearchAction\",\"target\":{\"@type\":\"EntryPoint\",\"urlTemplate\":\"https:\\\/\\\/www.amstelprinting.nl\\\/it\\\/?s={search_term_string}\"},\"query-input\":{\"@type\":\"PropertyValueSpecification\",\"valueRequired\":true,\"valueName\":\"search_term_string\"}}],\"inLanguage\":\"it-IT\"},{\"@type\":\"Organization\",\"@id\":\"https:\\\/\\\/www.amstelprinting.nl\\\/it\\\/#organization\",\"name\":\"Amstel Printing\",\"url\":\"https:\\\/\\\/www.amstelprinting.nl\\\/it\\\/\",\"logo\":{\"@type\":\"ImageObject\",\"inLanguage\":\"it-IT\",\"@id\":\"https:\\\/\\\/www.amstelprinting.nl\\\/it\\\/#\\\/schema\\\/logo\\\/image\\\/\",\"url\":\"https:\\\/\\\/www.amstelprinting.nl\\\/wp-content\\\/uploads\\\/amstel_printing_logo_clean.png\",\"contentUrl\":\"https:\\\/\\\/www.amstelprinting.nl\\\/wp-content\\\/uploads\\\/amstel_printing_logo_clean.png\",\"width\":324,\"height\":73,\"caption\":\"Amstel Printing\"},\"image\":{\"@id\":\"https:\\\/\\\/www.amstelprinting.nl\\\/it\\\/#\\\/schema\\\/logo\\\/image\\\/\"}}]}<\/script>\n<!-- \/ Yoast SEO plugin. -->","yoast_head_json":{"title":"Poster da giardino | Amstel Printing","robots":{"index":"index","follow":"follow","max-snippet":"max-snippet:-1","max-image-preview":"max-image-preview:large","max-video-preview":"max-video-preview:-1"},"canonical":"https:\/\/www.amstelprinting.nl\/it\/negozio\/interno\/esterno\/poster-da-giardino\/","og_locale":"it_IT","og_type":"article","og_title":"Poster da giardino | Amstel Printing","og_description":"Poster da giardino resistente ai raggi UV e all'acqua Arricchisci il tuo giardino, la tua terrazza o il tuo spazio interno con i nostri poster da giardino di alta qualit\u00e0. I poster da giardino sono stati appositamente sviluppati per l'uso in tutte le condizioni atmosferiche. Sia che tu scelga il Banner 510 con il suo aspetto lucido e la certificazione ignifuga, o il ProPES outdoor con la sua leggerezza e le sue propriet\u00e0 idrorepellenti. I nostri poster da giardino offrono durata ed estetica per ogni ambiente. Dai libero sfogo alla tua creativit\u00e0 portando la bellezza della natura nel tuo spazio vitale con i nostri versatili poster da giardino!","og_url":"https:\/\/www.amstelprinting.nl\/it\/negozio\/interno\/esterno\/poster-da-giardino\/","og_site_name":"Amstel Printing","article_modified_time":"2026-02-18T11:38:30+00:00","og_image":[{"width":700,"height":700,"url":"https:\/\/www.amstelprinting.nl\/wp-content\/uploads\/Tuinposter.jpg","type":"image\/jpeg"}],"twitter_card":"summary_large_image","twitter_misc":{"Tempo di lettura stimato":"1 minuto"},"schema":{"@context":"https:\/\/schema.org","@graph":[{"@type":"WebPage","@id":"https:\/\/www.amstelprinting.nl\/it\/negozio\/interno\/esterno\/poster-da-giardino\/","url":"https:\/\/www.amstelprinting.nl\/it\/negozio\/interno\/esterno\/poster-da-giardino\/","name":"Poster da giardino | Amstel Printing","isPartOf":{"@id":"https:\/\/www.amstelprinting.nl\/it\/#website"},"primaryImageOfPage":{"@id":"https:\/\/www.amstelprinting.nl\/it\/negozio\/interno\/esterno\/poster-da-giardino\/#primaryimage"},"image":{"@id":"https:\/\/www.amstelprinting.nl\/it\/negozio\/interno\/esterno\/poster-da-giardino\/#primaryimage"},"thumbnailUrl":"https:\/\/www.amstelprinting.nl\/wp-content\/uploads\/Tuinposter.jpg","datePublished":"2025-01-24T10:31:36+00:00","dateModified":"2026-02-18T11:38:30+00:00","breadcrumb":{"@id":"https:\/\/www.amstelprinting.nl\/it\/negozio\/interno\/esterno\/poster-da-giardino\/#breadcrumb"},"inLanguage":"it-IT","potentialAction":[{"@type":"ReadAction","target":["https:\/\/www.amstelprinting.nl\/it\/negozio\/interno\/esterno\/poster-da-giardino\/"]}]},{"@type":"ImageObject","inLanguage":"it-IT","@id":"https:\/\/www.amstelprinting.nl\/it\/negozio\/interno\/esterno\/poster-da-giardino\/#primaryimage","url":"https:\/\/www.amstelprinting.nl\/wp-content\/uploads\/Tuinposter.jpg","contentUrl":"https:\/\/www.amstelprinting.nl\/wp-content\/uploads\/Tuinposter.jpg","width":700,"height":700},{"@type":"BreadcrumbList","@id":"https:\/\/www.amstelprinting.nl\/it\/negozio\/interno\/esterno\/poster-da-giardino\/#breadcrumb","itemListElement":[{"@type":"ListItem","position":1,"name":"","item":"https:\/\/www.amstelprinting.nl\/it\/"},{"@type":"ListItem","position":2,"name":"Amstel Printing","item":"https:\/\/www.amstelprinting.nl\/it\/negozio\/"},{"@type":"ListItem","position":3,"name":"Pubblicit\u00e0 esterna","item":"https:\/\/www.amstelprinting.nl\/it\/categoria\/pubblicita-esterna\/"},{"@type":"ListItem","position":4,"name":"Terrazza e terrazza giardino","item":"https:\/\/www.amstelprinting.nl\/it\/categoria\/pubblicita-esterna\/terrazza-e-terrazza-giardino\/"},{"@type":"ListItem","position":5,"name":"Poster da giardino"}]},{"@type":"WebSite","@id":"https:\/\/www.amstelprinting.nl\/it\/#website","url":"https:\/\/www.amstelprinting.nl\/it\/","name":"Amstel Printing","description":"Creating Exposure","publisher":{"@id":"https:\/\/www.amstelprinting.nl\/it\/#organization"},"potentialAction":[{"@type":"SearchAction","target":{"@type":"EntryPoint","urlTemplate":"https:\/\/www.amstelprinting.nl\/it\/?s={search_term_string}"},"query-input":{"@type":"PropertyValueSpecification","valueRequired":true,"valueName":"search_term_string"}}],"inLanguage":"it-IT"},{"@type":"Organization","@id":"https:\/\/www.amstelprinting.nl\/it\/#organization","name":"Amstel Printing","url":"https:\/\/www.amstelprinting.nl\/it\/","logo":{"@type":"ImageObject","inLanguage":"it-IT","@id":"https:\/\/www.amstelprinting.nl\/it\/#\/schema\/logo\/image\/","url":"https:\/\/www.amstelprinting.nl\/wp-content\/uploads\/amstel_printing_logo_clean.png","contentUrl":"https:\/\/www.amstelprinting.nl\/wp-content\/uploads\/amstel_printing_logo_clean.png","width":324,"height":73,"caption":"Amstel Printing"},"image":{"@id":"https:\/\/www.amstelprinting.nl\/it\/#\/schema\/logo\/image\/"}}]}},"_links":{"self":[{"href":"https:\/\/www.amstelprinting.nl\/it\/wp-json\/wp\/v2\/product\/13991","targetHints":{"allow":["GET"]}}],"collection":[{"href":"https:\/\/www.amstelprinting.nl\/it\/wp-json\/wp\/v2\/product"}],"about":[{"href":"https:\/\/www.amstelprinting.nl\/it\/wp-json\/wp\/v2\/types\/product"}],"wp:featuredmedia":[{"embeddable":true,"href":"https:\/\/www.amstelprinting.nl\/it\/wp-json\/wp\/v2\/media\/13992"}],"wp:attachment":[{"href":"https:\/\/www.amstelprinting.nl\/it\/wp-json\/wp\/v2\/media?parent=13991"}],"wp:term":[{"taxonomy":"product_brand","embeddable":true,"href":"https:\/\/www.amstelprinting.nl\/it\/wp-json\/wp\/v2\/product_brand?post=13991"},{"taxonomy":"product_cat","embeddable":true,"href":"https:\/\/www.amstelprinting.nl\/it\/wp-json\/wp\/v2\/product_cat?post=13991"},{"taxonomy":"product_tag","embeddable":true,"href":"https:\/\/www.amstelprinting.nl\/it\/wp-json\/wp\/v2\/product_tag?post=13991"}],"curies":[{"name":"wp","href":"https:\/\/api.w.org\/{rel}","templated":true}]}}