{"id":14051,"date":"2025-01-24T11:31:10","date_gmt":"2025-01-24T10:31:10","guid":{"rendered":"https:\/\/www.amstelprinting.nl\/winkel\/senza-categoria\/landenvlag\/"},"modified":"2026-02-18T12:38:36","modified_gmt":"2026-02-18T11:38:36","slug":"bandiera-nazionale","status":"publish","type":"product","link":"https:\/\/www.amstelprinting.nl\/it\/negozio\/tutte-le-bandiere\/bandiere\/bandiera-nazionale\/","title":{"rendered":"Bandiera nazionale"},"content":{"rendered":"<h3>Vantaggi delle bandiere nazionali<\/h3>\n<ul>\n<li>Disponibile in tre formati<\/li>\n<li>Scegli tra vari design: Belgio, Paesi Bassi, Frisia e Germania (altre bandiere nazionali su richiesta)<\/li>\n<li>Realizzata in resistente spunpolyester e accuratamente orlata per un uso prolungato<\/li>\n<li>Gamma completa di accessori per fissare la tua bandiera in modo semplice ed elegante.<\/li>\n<\/ul>\n<p>&nbsp;<\/p>\n<h3>Formato e materiale<\/h3>\n<p>Le nostre bandiere nazionali sono disponibili in tre formati: 150 cm x 100 cm, 225 cm x 150 cm e 300 cm x 250 cm. Le bandiere nazionali sono realizzate in spunpolyester da 155 gr.\/m\u00b2, un materiale noto per la sua durata e resistenza alle intemperie. Questo assicura che la tua bandiera nazionale appaia sempre al meglio, anche nelle condizioni atmosferiche pi\u00f9 difficili. La bandiera nazionale \u00e8 orlata su tutto il perimetro con doppia cucitura. Questa finitura robusta garantisce che la bandiera non si sfilacci facilmente e duri a lungo.<\/p>\n<h3>Solidit\u00e0 del colore garantita<\/h3>\n<p>I colori delle nostre bandiere nazionali sono conformi ai valori cromatici stabiliti dal Ministero degli Affari Generali, ovvero NEN 3055. Ci\u00f2 significa che le bandiere nazionali hanno le tonalit\u00e0 corrette e un aspetto autentico, rappresentando il tuo orgoglio nazionale in modo rispettoso.<\/p>\n<h3>Accessori<\/h3>\n<p>Offriamo una gamma di accessori per completare la tua bandiera nazionale. Scegli tra vari tipi di aste da facciata o un&#8217;asta manuale per appendere facilmente la bandiera. Fai sventolare con orgoglio la tua bandiera e lancia un messaggio con le nostre bandiere nazionali resistenti e autentiche.<\/p>\n<h3>Domande frequenti sulle bandiere nazionali<\/h3>\n<p><strong>Come viene stampata la bandiera nazionale?<\/strong><br \/>\nLe nostre bandiere nazionali sono stampate utilizzando la tecnologia serigrafica. Ci\u00f2 garantisce colori brillanti e duraturi resistenti allo sbiadimento.<\/p>\n<p><strong>La bandiera nazionale \u00e8 resistente ai raggi UV?<\/strong><br \/>\nS\u00ec, grazie alla tecnologia serigrafica la bandiera nazionale \u00e8 resistente ai raggi UV, mantenendo i colori brillanti anche in caso di esposizione prolungata alla luce solare.<\/p>\n<p><strong>Posso lavare la bandiera nazionale?<\/strong><br \/>\nAssolutamente, la bandiera nazionale \u00e8 lavabile a 40 gradi, cos\u00ec potrai mantenerla pulita e bella con facilit\u00e0.<\/p>\n","protected":false},"excerpt":{"rendered":"<p>Sia che tu stia organizzando un evento, celebrando un&#8217;occasione festiva o semplicemente desideri esprimere l&#8217;amore per il tuo paese, le nostre bandiere nazionali di alta qualit\u00e0 sono la scelta perfetta. Con bandiere per Belgio, Paesi Bassi, Frisia, Germania e molti altri paesi su richiesta, offriamo bandiere nazionali che soddisfano i pi\u00f9 elevati standard di qualit\u00e0 e le norme cromatiche ufficiali.<\/p>\n","protected":false},"featured_media":14052,"template":"","meta":{"_et_pb_use_builder":"","_et_pb_old_content":"","_et_gb_content_width":""},"product_brand":[],"product_cat":[875,891],"product_tag":[],"class_list":{"0":"post-14051","1":"product","2":"type-product","3":"status-publish","4":"has-post-thumbnail","6":"product_cat-tutte-le-bandiere","7":"product_cat-bandiere","9":"first","10":"instock","11":"taxable","12":"shipping-taxable","13":"purchasable","14":"product-type-simple"},"yoast_head":"<!-- This site is optimized with the Yoast SEO plugin v27.3 - https:\/\/yoast.com\/product\/yoast-seo-wordpress\/ -->\n<title>Bandiera nazionale | Alta qualit\u00e0 | Resistente e colori ufficiali<\/title>\n<meta name=\"description\" content=\"Ordina subito una bandiera nazionale resistente in formati perfetti e colori ufficiali. Resistente ai raggi UV e alle intemperie, ideale per ogni evento o uso quotidiano.\" \/>\n<meta name=\"robots\" content=\"index, follow, max-snippet:-1, max-image-preview:large, max-video-preview:-1\" \/>\n<link rel=\"canonical\" href=\"https:\/\/www.amstelprinting.nl\/it\/negozio\/tutte-le-bandiere\/bandiere\/bandiera-nazionale\/\" \/>\n<meta property=\"og:locale\" content=\"it_IT\" \/>\n<meta property=\"og:type\" content=\"article\" \/>\n<meta property=\"og:title\" content=\"Bandiera nazionale | Alta qualit\u00e0 | Resistente e colori ufficiali\" \/>\n<meta property=\"og:description\" content=\"Ordina subito una bandiera nazionale resistente in formati perfetti e colori ufficiali. Resistente ai raggi UV e alle intemperie, ideale per ogni evento o uso quotidiano.\" \/>\n<meta property=\"og:url\" content=\"https:\/\/www.amstelprinting.nl\/it\/negozio\/tutte-le-bandiere\/bandiere\/bandiera-nazionale\/\" \/>\n<meta property=\"og:site_name\" content=\"Amstel Printing\" \/>\n<meta property=\"article:modified_time\" content=\"2026-02-18T11:38:36+00:00\" \/>\n<meta property=\"og:image\" content=\"https:\/\/www.amstelprinting.nl\/wp-content\/uploads\/Landenvlag.jpg\" \/>\n\t<meta property=\"og:image:width\" content=\"700\" \/>\n\t<meta property=\"og:image:height\" content=\"700\" \/>\n\t<meta property=\"og:image:type\" content=\"image\/jpeg\" \/>\n<meta name=\"twitter:card\" content=\"summary_large_image\" \/>\n<meta name=\"twitter:label1\" content=\"Tempo di lettura stimato\" \/>\n\t<meta name=\"twitter:data1\" content=\"2 minuti\" \/>\n<script type=\"application\/ld+json\" class=\"yoast-schema-graph\">{\"@context\":\"https:\\\/\\\/schema.org\",\"@graph\":[{\"@type\":\"WebPage\",\"@id\":\"https:\\\/\\\/www.amstelprinting.nl\\\/it\\\/negozio\\\/tutte-le-bandiere\\\/bandiere\\\/bandiera-nazionale\\\/\",\"url\":\"https:\\\/\\\/www.amstelprinting.nl\\\/it\\\/negozio\\\/tutte-le-bandiere\\\/bandiere\\\/bandiera-nazionale\\\/\",\"name\":\"Bandiera nazionale | Alta qualit\u00e0 | Resistente e colori ufficiali\",\"isPartOf\":{\"@id\":\"https:\\\/\\\/www.amstelprinting.nl\\\/it\\\/#website\"},\"primaryImageOfPage\":{\"@id\":\"https:\\\/\\\/www.amstelprinting.nl\\\/it\\\/negozio\\\/tutte-le-bandiere\\\/bandiere\\\/bandiera-nazionale\\\/#primaryimage\"},\"image\":{\"@id\":\"https:\\\/\\\/www.amstelprinting.nl\\\/it\\\/negozio\\\/tutte-le-bandiere\\\/bandiere\\\/bandiera-nazionale\\\/#primaryimage\"},\"thumbnailUrl\":\"https:\\\/\\\/www.amstelprinting.nl\\\/wp-content\\\/uploads\\\/Landenvlag.jpg\",\"datePublished\":\"2025-01-24T10:31:10+00:00\",\"dateModified\":\"2026-02-18T11:38:36+00:00\",\"description\":\"Ordina subito una bandiera nazionale resistente in formati perfetti e colori ufficiali. Resistente ai raggi UV e alle intemperie, ideale per ogni evento o uso quotidiano.\",\"breadcrumb\":{\"@id\":\"https:\\\/\\\/www.amstelprinting.nl\\\/it\\\/negozio\\\/tutte-le-bandiere\\\/bandiere\\\/bandiera-nazionale\\\/#breadcrumb\"},\"inLanguage\":\"it-IT\",\"potentialAction\":[{\"@type\":\"ReadAction\",\"target\":[\"https:\\\/\\\/www.amstelprinting.nl\\\/it\\\/negozio\\\/tutte-le-bandiere\\\/bandiere\\\/bandiera-nazionale\\\/\"]}]},{\"@type\":\"ImageObject\",\"inLanguage\":\"it-IT\",\"@id\":\"https:\\\/\\\/www.amstelprinting.nl\\\/it\\\/negozio\\\/tutte-le-bandiere\\\/bandiere\\\/bandiera-nazionale\\\/#primaryimage\",\"url\":\"https:\\\/\\\/www.amstelprinting.nl\\\/wp-content\\\/uploads\\\/Landenvlag.jpg\",\"contentUrl\":\"https:\\\/\\\/www.amstelprinting.nl\\\/wp-content\\\/uploads\\\/Landenvlag.jpg\",\"width\":700,\"height\":700},{\"@type\":\"BreadcrumbList\",\"@id\":\"https:\\\/\\\/www.amstelprinting.nl\\\/it\\\/negozio\\\/tutte-le-bandiere\\\/bandiere\\\/bandiera-nazionale\\\/#breadcrumb\",\"itemListElement\":[{\"@type\":\"ListItem\",\"position\":1,\"name\":\"\",\"item\":\"https:\\\/\\\/www.amstelprinting.nl\\\/it\\\/\"},{\"@type\":\"ListItem\",\"position\":2,\"name\":\"Amstel Printing\",\"item\":\"https:\\\/\\\/www.amstelprinting.nl\\\/it\\\/negozio\\\/\"},{\"@type\":\"ListItem\",\"position\":3,\"name\":\"Bandiere\",\"item\":\"https:\\\/\\\/www.amstelprinting.nl\\\/it\\\/categoria\\\/tutte-le-bandiere\\\/\"},{\"@type\":\"ListItem\",\"position\":4,\"name\":\"Bandiere\",\"item\":\"https:\\\/\\\/www.amstelprinting.nl\\\/it\\\/categoria\\\/tutte-le-bandiere\\\/bandiere\\\/\"},{\"@type\":\"ListItem\",\"position\":5,\"name\":\"Bandiera nazionale\"}]},{\"@type\":\"WebSite\",\"@id\":\"https:\\\/\\\/www.amstelprinting.nl\\\/it\\\/#website\",\"url\":\"https:\\\/\\\/www.amstelprinting.nl\\\/it\\\/\",\"name\":\"Amstel Printing\",\"description\":\"Creating Exposure\",\"publisher\":{\"@id\":\"https:\\\/\\\/www.amstelprinting.nl\\\/it\\\/#organization\"},\"potentialAction\":[{\"@type\":\"SearchAction\",\"target\":{\"@type\":\"EntryPoint\",\"urlTemplate\":\"https:\\\/\\\/www.amstelprinting.nl\\\/it\\\/?s={search_term_string}\"},\"query-input\":{\"@type\":\"PropertyValueSpecification\",\"valueRequired\":true,\"valueName\":\"search_term_string\"}}],\"inLanguage\":\"it-IT\"},{\"@type\":\"Organization\",\"@id\":\"https:\\\/\\\/www.amstelprinting.nl\\\/it\\\/#organization\",\"name\":\"Amstel Printing\",\"url\":\"https:\\\/\\\/www.amstelprinting.nl\\\/it\\\/\",\"logo\":{\"@type\":\"ImageObject\",\"inLanguage\":\"it-IT\",\"@id\":\"https:\\\/\\\/www.amstelprinting.nl\\\/it\\\/#\\\/schema\\\/logo\\\/image\\\/\",\"url\":\"https:\\\/\\\/www.amstelprinting.nl\\\/wp-content\\\/uploads\\\/amstel_printing_logo_clean.png\",\"contentUrl\":\"https:\\\/\\\/www.amstelprinting.nl\\\/wp-content\\\/uploads\\\/amstel_printing_logo_clean.png\",\"width\":324,\"height\":73,\"caption\":\"Amstel Printing\"},\"image\":{\"@id\":\"https:\\\/\\\/www.amstelprinting.nl\\\/it\\\/#\\\/schema\\\/logo\\\/image\\\/\"}}]}<\/script>\n<!-- \/ Yoast SEO plugin. -->","yoast_head_json":{"title":"Bandiera nazionale | Alta qualit\u00e0 | Resistente e colori ufficiali","description":"Ordina subito una bandiera nazionale resistente in formati perfetti e colori ufficiali. Resistente ai raggi UV e alle intemperie, ideale per ogni evento o uso quotidiano.","robots":{"index":"index","follow":"follow","max-snippet":"max-snippet:-1","max-image-preview":"max-image-preview:large","max-video-preview":"max-video-preview:-1"},"canonical":"https:\/\/www.amstelprinting.nl\/it\/negozio\/tutte-le-bandiere\/bandiere\/bandiera-nazionale\/","og_locale":"it_IT","og_type":"article","og_title":"Bandiera nazionale | Alta qualit\u00e0 | Resistente e colori ufficiali","og_description":"Ordina subito una bandiera nazionale resistente in formati perfetti e colori ufficiali. Resistente ai raggi UV e alle intemperie, ideale per ogni evento o uso quotidiano.","og_url":"https:\/\/www.amstelprinting.nl\/it\/negozio\/tutte-le-bandiere\/bandiere\/bandiera-nazionale\/","og_site_name":"Amstel Printing","article_modified_time":"2026-02-18T11:38:36+00:00","og_image":[{"width":700,"height":700,"url":"https:\/\/www.amstelprinting.nl\/wp-content\/uploads\/Landenvlag.jpg","type":"image\/jpeg"}],"twitter_card":"summary_large_image","twitter_misc":{"Tempo di lettura stimato":"2 minuti"},"schema":{"@context":"https:\/\/schema.org","@graph":[{"@type":"WebPage","@id":"https:\/\/www.amstelprinting.nl\/it\/negozio\/tutte-le-bandiere\/bandiere\/bandiera-nazionale\/","url":"https:\/\/www.amstelprinting.nl\/it\/negozio\/tutte-le-bandiere\/bandiere\/bandiera-nazionale\/","name":"Bandiera nazionale | Alta qualit\u00e0 | Resistente e colori ufficiali","isPartOf":{"@id":"https:\/\/www.amstelprinting.nl\/it\/#website"},"primaryImageOfPage":{"@id":"https:\/\/www.amstelprinting.nl\/it\/negozio\/tutte-le-bandiere\/bandiere\/bandiera-nazionale\/#primaryimage"},"image":{"@id":"https:\/\/www.amstelprinting.nl\/it\/negozio\/tutte-le-bandiere\/bandiere\/bandiera-nazionale\/#primaryimage"},"thumbnailUrl":"https:\/\/www.amstelprinting.nl\/wp-content\/uploads\/Landenvlag.jpg","datePublished":"2025-01-24T10:31:10+00:00","dateModified":"2026-02-18T11:38:36+00:00","description":"Ordina subito una bandiera nazionale resistente in formati perfetti e colori ufficiali. Resistente ai raggi UV e alle intemperie, ideale per ogni evento o uso quotidiano.","breadcrumb":{"@id":"https:\/\/www.amstelprinting.nl\/it\/negozio\/tutte-le-bandiere\/bandiere\/bandiera-nazionale\/#breadcrumb"},"inLanguage":"it-IT","potentialAction":[{"@type":"ReadAction","target":["https:\/\/www.amstelprinting.nl\/it\/negozio\/tutte-le-bandiere\/bandiere\/bandiera-nazionale\/"]}]},{"@type":"ImageObject","inLanguage":"it-IT","@id":"https:\/\/www.amstelprinting.nl\/it\/negozio\/tutte-le-bandiere\/bandiere\/bandiera-nazionale\/#primaryimage","url":"https:\/\/www.amstelprinting.nl\/wp-content\/uploads\/Landenvlag.jpg","contentUrl":"https:\/\/www.amstelprinting.nl\/wp-content\/uploads\/Landenvlag.jpg","width":700,"height":700},{"@type":"BreadcrumbList","@id":"https:\/\/www.amstelprinting.nl\/it\/negozio\/tutte-le-bandiere\/bandiere\/bandiera-nazionale\/#breadcrumb","itemListElement":[{"@type":"ListItem","position":1,"name":"","item":"https:\/\/www.amstelprinting.nl\/it\/"},{"@type":"ListItem","position":2,"name":"Amstel Printing","item":"https:\/\/www.amstelprinting.nl\/it\/negozio\/"},{"@type":"ListItem","position":3,"name":"Bandiere","item":"https:\/\/www.amstelprinting.nl\/it\/categoria\/tutte-le-bandiere\/"},{"@type":"ListItem","position":4,"name":"Bandiere","item":"https:\/\/www.amstelprinting.nl\/it\/categoria\/tutte-le-bandiere\/bandiere\/"},{"@type":"ListItem","position":5,"name":"Bandiera nazionale"}]},{"@type":"WebSite","@id":"https:\/\/www.amstelprinting.nl\/it\/#website","url":"https:\/\/www.amstelprinting.nl\/it\/","name":"Amstel Printing","description":"Creating Exposure","publisher":{"@id":"https:\/\/www.amstelprinting.nl\/it\/#organization"},"potentialAction":[{"@type":"SearchAction","target":{"@type":"EntryPoint","urlTemplate":"https:\/\/www.amstelprinting.nl\/it\/?s={search_term_string}"},"query-input":{"@type":"PropertyValueSpecification","valueRequired":true,"valueName":"search_term_string"}}],"inLanguage":"it-IT"},{"@type":"Organization","@id":"https:\/\/www.amstelprinting.nl\/it\/#organization","name":"Amstel Printing","url":"https:\/\/www.amstelprinting.nl\/it\/","logo":{"@type":"ImageObject","inLanguage":"it-IT","@id":"https:\/\/www.amstelprinting.nl\/it\/#\/schema\/logo\/image\/","url":"https:\/\/www.amstelprinting.nl\/wp-content\/uploads\/amstel_printing_logo_clean.png","contentUrl":"https:\/\/www.amstelprinting.nl\/wp-content\/uploads\/amstel_printing_logo_clean.png","width":324,"height":73,"caption":"Amstel Printing"},"image":{"@id":"https:\/\/www.amstelprinting.nl\/it\/#\/schema\/logo\/image\/"}}]}},"_links":{"self":[{"href":"https:\/\/www.amstelprinting.nl\/it\/wp-json\/wp\/v2\/product\/14051","targetHints":{"allow":["GET"]}}],"collection":[{"href":"https:\/\/www.amstelprinting.nl\/it\/wp-json\/wp\/v2\/product"}],"about":[{"href":"https:\/\/www.amstelprinting.nl\/it\/wp-json\/wp\/v2\/types\/product"}],"wp:featuredmedia":[{"embeddable":true,"href":"https:\/\/www.amstelprinting.nl\/it\/wp-json\/wp\/v2\/media\/14052"}],"wp:attachment":[{"href":"https:\/\/www.amstelprinting.nl\/it\/wp-json\/wp\/v2\/media?parent=14051"}],"wp:term":[{"taxonomy":"product_brand","embeddable":true,"href":"https:\/\/www.amstelprinting.nl\/it\/wp-json\/wp\/v2\/product_brand?post=14051"},{"taxonomy":"product_cat","embeddable":true,"href":"https:\/\/www.amstelprinting.nl\/it\/wp-json\/wp\/v2\/product_cat?post=14051"},{"taxonomy":"product_tag","embeddable":true,"href":"https:\/\/www.amstelprinting.nl\/it\/wp-json\/wp\/v2\/product_tag?post=14051"}],"curies":[{"name":"wp","href":"https:\/\/api.w.org\/{rel}","templated":true}]}}