{"id":14061,"date":"2025-01-24T11:31:07","date_gmt":"2025-01-24T10:31:07","guid":{"rendered":"https:\/\/www.amstelprinting.nl\/winkel\/senza-categoria\/vlag-eigen-formaat\/"},"modified":"2026-02-18T12:38:38","modified_gmt":"2026-02-18T11:38:38","slug":"bandiera-formato-personalizzato","status":"publish","type":"product","link":"https:\/\/www.amstelprinting.nl\/it\/negozio\/tutte-le-bandiere\/bandiere-di-facciata\/bandiera-formato-personalizzato\/","title":{"rendered":"Bandiera &#8211; formato personalizzato"},"content":{"rendered":"<h3>Stampa bandiere<\/h3>\n<p>Con una bandiera stampata metti in risalto la tua azienda. Stampiamo il logo della tua azienda o il tuo design in modo nitidissimo in full colour su tessuto per bandiere nel formato desiderato. Tutte le nostre bandiere vengono fornite pronte all&#8217;uso per il fissaggio al tuo pennone.<\/p>\n<h3>Bandiere rettangolari o verticali<\/h3>\n<p>La bandiera \u00e8 disponibile in due modelli: rettangolare o verticale. Di seguito spieghiamo brevemente le differenze.<\/p>\n<p><span style=\"text-decoration: underline;\">Bandiera rettangolare<\/span><br \/>\nLa bandiera rettangolare \u00e8 una forma classica di bandiera (come una bandiera nazionale). La bandiera rettangolare \u00e8 adatta per un&#8217;asta da bandiera (finitura con asola e cordino) o un pennone (finitura con fettuccia e ganci).<\/p>\n<p><span style=\"text-decoration: underline;\">Bandiera verticale<\/span><br \/>\nLa bandiera verticale viene anche chiamata stendardo, bandiera in formato verticale o bandiera verticale. La bandiera verticale \u00e8 una bandiera stretta e alta, rifinita con un&#8217;asola a tunnel nella parte superiore. \u00c8 possibile fissare la bandiera verticale in un apposito pennone per stendardi. Questo pennone ha un braccio per stendardo nella parte superiore, che scorre attraverso l&#8217;asola a tunnel della bandiera verticale. In questo modo, la tua bandiera sar\u00e0 ben visibile anche con poco vento (a differenza della bandiera rettangolare).<\/p>\n<h3>Scegli il materiale giusto per la bandiera<\/h3>\n<p>Scegli tra tre diversi tipi di tessuto per bandiere. Ogni tipo di tessuto ha le sue propriet\u00e0 uniche. La sostenibilit\u00e0 \u00e8 importante per te? O hai intenzione di utilizzare le bandiere in un luogo solitamente caratterizzato da molto vento (forte)? Di seguito spieghiamo brevemente le diverse propriet\u00e0 del tessuto per bandiere, in modo che tu possa fare rapidamente la scelta giusta.<\/p>\n<ul>\n<li><strong>Flag<\/strong>: Il tessuto standard per bandiere stampate (il pi\u00f9 ordinato).<\/li>\n<li><strong>Flag PET<\/strong>: Una scelta ecologica, realizzata al 100% con bottiglie PET riciclate.<\/li>\n<li><strong>Longlife<\/strong>: Questo tessuto extra resistente ha una struttura speciale che riduce lo sfilacciamento. In questo modo, puoi contare su una durata extra lunga.<\/li>\n<\/ul>\n<p>&nbsp;<\/p>\n<h3>La finitura della tua bandiera<\/h3>\n<p>Dopo la stampa del tessuto, pu\u00f2 avvenire la finitura. La bandiera pu\u00f2 essere rifinita in diversi modi. A seconda dell&#8217;uso e delle tue preferenze personali, puoi comporre la tua bandiera interamente secondo i tuoi desideri.<\/p>\n<p>La bandiera pu\u00f2 essere rifinita con una fettuccia bianca con ganci o una fettuccia nera con ganci. Puoi quindi abbinare questa finitura chiara o scura al design della tua bandiera stampata.<br \/>\nQuesta finitura pu\u00f2 essere realizzata sul lato sinistro o destro della bandiera. Puoi anche scegliere un&#8217;asola a tunnel per il supporto dello stendardo o nessuna asola a tunnel. Inoltre, sono disponibili vari accessori per la tua bandiera.<\/p>\n<h3>Quale dimensione della bandiera \u00e8 adatta?<\/h3>\n<p>Per ottenere il miglior risultato, dovresti ordinare il formato corretto della bandiera. Evita un rapporto errato tra la bandiera stampata e l&#8217;altezza del tuo pennone. Usa la panoramica qui sotto per ordinare il formato corretto della bandiera.<\/p>\n<h3>Formato della bandiera e altezza del pennone<\/h3>\n<ul>\n<li>50 x 75 cm &#8211; asta da 1 a 1,5 metri<\/li>\n<li>100 x 70 cm &#8211; asta da 1 a 2 metri<\/li>\n<li>100 x 150 cm &#8211; asta da 2 a 3 metri<\/li>\n<li>120 x 180 cm &#8211; asta da 3 a 4 metri<\/li>\n<li>150 x 225 cm &#8211; pennone da 6 e 7 metri<\/li>\n<li>200 x 300 cm &#8211; pennone da 8 metri<\/li>\n<\/ul>\n<p>&nbsp;<\/p>\n<h3>Formato dello stendardo e altezza del pennone<\/h3>\n<ul>\n<li>300 x 100 cm &#8211; pennone da 6 e 7 metri<\/li>\n<li>400 x 100 cm &#8211; pennone da 8 metri<\/li>\n<li>350 x 120 cm &#8211; pennone da 7 metri<\/li>\n<li>400 x 120 cm &#8211; pennone da 8 e 9 metri<\/li>\n<li>450 x 150 cm &#8211; pennone di almeno 9 metri<\/li>\n<li>500 x 120 cm &#8211; pennone di almeno 9 metri<\/li>\n<\/ul>\n<p>&nbsp;<\/p>\n<h3>Quanto durano le bandiere?<\/h3>\n<p>Le bandiere sono soggette a usura e, a seconda di una serie di fattori, dovranno essere sostituite col tempo. La maggiore influenza sulla durata della bandiera \u00e8 data dalle condizioni meteorologiche. Il vento forte fa s\u00ec che la tua bandiera sventoli magnificamente, ovviamente. Ma la combinazione di vento forte e molta pioggia ne accorcia la durata. Il vento forte conferisce alla bandiera il carattere di una frusta. Lo svantaggio di questi forti colpi \u00e8 che le estremit\u00e0 assorbono tutta l&#8217;energia. Inoltre, a causa della pioggia, le bandiere diventano pesanti, intensificando ulteriormente questo effetto. Confezioniamo le bandiere con filati di alta qualit\u00e0 e dotiamo tutte le bandiere di un doppio orlo. In questo modo si previene il pi\u00f9 possibile l&#8217;usura prematura. Ciononostante, l&#8217;usura e la sostituzione delle bandiere sono alla fine inevitabili.<\/p>\n<h3>Fattori che influenzano l&#8217;usura<\/h3>\n<ul>\n<li>Le condizioni meteorologiche<\/li>\n<li>La posizione della bandiera<\/li>\n<li>La dimensione della bandiera<\/li>\n<li>Uso e trattamento della bandiera<\/li>\n<\/ul>\n<p>&nbsp;<\/p>\n<h3>5 consigli per prevenire l&#8217;usura delle bandiere<\/h3>\n<p>Per aumentare il pi\u00f9 possibile la durata della bandiera, forniamo i seguenti consigli e suggerimenti.<\/p>\n<ol>\n<li>Ritira la bandiera in caso di maltempo (certamente a partire da forza del vento 6)<\/li>\n<li>Controlla regolarmente le cuciture perimetrali e ripara i punti allentati<\/li>\n<li>Lava regolarmente la bandiera a 30\u00b0 con un detersivo delicato per evitare che lo sporco si fissi.<\/li>\n<li>Se la bandiera rimane all&#8217;esterno giorno e notte in cattive condizioni meteorologiche, la sua durata pu\u00f2 ridursi a tre mesi o meno.<\/li>\n<li>Usa anelli per pennone flessibili (flagfix) per fissare la tua bandiera. Con questo materiale di fissaggio elastico, ci sar\u00e0 meno tensione sul tessuto della bandiera.<\/li>\n<\/ol>\n<p>&nbsp;<\/p>\n<h3>Come posso mantenere al meglio la qualit\u00e0 della bandiera?<\/h3>\n<p>Per un uso ottimale delle bandiere, si consiglia di ritirarle per tempo, certamente a partire da forza del vento 6. Ci\u00f2 riduce il rischio di danni e prolunga la durata della bandiera.<\/p>\n<p>Wist u dat u de vlaggen ook in de wasmachine kunt doen? \u00c8 possibile lavare le bandiere a una temperatura massima di 30 gradi Celsius. Utilizzare esclusivamente un detersivo per delicati.<\/p>\n<h3>Qual \u00e8 la differenza tra Flag, Flag PET e Flag Longlife?<\/h3>\n<p>Flag \u00e8 la bandiera standard con un orlo classico tutto intorno. Flag PET \u00e8 la nostra variante sostenibile realizzata al 100% con bottiglie PET riciclate.<\/p>\n","protected":false},"excerpt":{"rendered":"<h3>Stampa bandiere in qualsiasi formato desiderato<\/h3>\n<p>Vuoi stampare bandiere a prezzi convenienti nel formato che preferisci? Le nostre bandiere sono dotate di serie di una stampa nitidissima. Hai fretta? La consegna entro 1 giorno lavorativo \u00e8 possibile. Componi la tua bandiera stampata in pochi passaggi qui sotto!<\/p>\n","protected":false},"featured_media":14062,"template":"","meta":{"_et_pb_use_builder":"","_et_pb_old_content":"","_et_gb_content_width":""},"product_brand":[],"product_cat":[875,883],"product_tag":[],"class_list":{"0":"post-14061","1":"product","2":"type-product","3":"status-publish","4":"has-post-thumbnail","6":"product_cat-tutte-le-bandiere","7":"product_cat-bandiere-di-facciata","9":"first","10":"instock","11":"taxable","12":"shipping-taxable","13":"purchasable","14":"product-type-simple"},"yoast_head":"<!-- This site is optimized with the Yoast SEO plugin v27.3 - https:\/\/yoast.com\/product\/yoast-seo-wordpress\/ -->\n<title>Bandiera su Misura - Bandiere Full Colour Nitidissime Consegna Rapida<\/title>\n<meta name=\"description\" content=\"La tua bandiera su misura in qualsiasi formato con stampe nitidissime. Scegli tra materiali durevoli. Perfetta per aziende ed eventi.\" \/>\n<meta name=\"robots\" content=\"index, follow, max-snippet:-1, max-image-preview:large, max-video-preview:-1\" \/>\n<link rel=\"canonical\" href=\"https:\/\/www.amstelprinting.nl\/it\/negozio\/tutte-le-bandiere\/bandiere-di-facciata\/bandiera-formato-personalizzato\/\" \/>\n<meta property=\"og:locale\" content=\"it_IT\" \/>\n<meta property=\"og:type\" content=\"article\" \/>\n<meta property=\"og:title\" content=\"Bandiera su Misura - Bandiere Full Colour Nitidissime Consegna Rapida\" \/>\n<meta property=\"og:description\" content=\"La tua bandiera su misura in qualsiasi formato con stampe nitidissime. Scegli tra materiali durevoli. Perfetta per aziende ed eventi.\" \/>\n<meta property=\"og:url\" content=\"https:\/\/www.amstelprinting.nl\/it\/negozio\/tutte-le-bandiere\/bandiere-di-facciata\/bandiera-formato-personalizzato\/\" \/>\n<meta property=\"og:site_name\" content=\"Amstel Printing\" \/>\n<meta property=\"article:modified_time\" content=\"2026-02-18T11:38:38+00:00\" \/>\n<meta property=\"og:image\" content=\"https:\/\/www.amstelprinting.nl\/wp-content\/uploads\/vlag-eigen-formaat-bedrukken.png\" \/>\n\t<meta property=\"og:image:width\" content=\"900\" \/>\n\t<meta property=\"og:image:height\" content=\"900\" \/>\n\t<meta property=\"og:image:type\" content=\"image\/png\" \/>\n<meta name=\"twitter:card\" content=\"summary_large_image\" \/>\n<meta name=\"twitter:label1\" content=\"Tempo di lettura stimato\" \/>\n\t<meta name=\"twitter:data1\" content=\"5 minuti\" \/>\n<script type=\"application\/ld+json\" class=\"yoast-schema-graph\">{\"@context\":\"https:\\\/\\\/schema.org\",\"@graph\":[{\"@type\":\"WebPage\",\"@id\":\"https:\\\/\\\/www.amstelprinting.nl\\\/it\\\/negozio\\\/tutte-le-bandiere\\\/bandiere-di-facciata\\\/bandiera-formato-personalizzato\\\/\",\"url\":\"https:\\\/\\\/www.amstelprinting.nl\\\/it\\\/negozio\\\/tutte-le-bandiere\\\/bandiere-di-facciata\\\/bandiera-formato-personalizzato\\\/\",\"name\":\"Bandiera su Misura - Bandiere Full Colour Nitidissime Consegna Rapida\",\"isPartOf\":{\"@id\":\"https:\\\/\\\/www.amstelprinting.nl\\\/it\\\/#website\"},\"primaryImageOfPage\":{\"@id\":\"https:\\\/\\\/www.amstelprinting.nl\\\/it\\\/negozio\\\/tutte-le-bandiere\\\/bandiere-di-facciata\\\/bandiera-formato-personalizzato\\\/#primaryimage\"},\"image\":{\"@id\":\"https:\\\/\\\/www.amstelprinting.nl\\\/it\\\/negozio\\\/tutte-le-bandiere\\\/bandiere-di-facciata\\\/bandiera-formato-personalizzato\\\/#primaryimage\"},\"thumbnailUrl\":\"https:\\\/\\\/www.amstelprinting.nl\\\/wp-content\\\/uploads\\\/vlag-eigen-formaat-bedrukken.png\",\"datePublished\":\"2025-01-24T10:31:07+00:00\",\"dateModified\":\"2026-02-18T11:38:38+00:00\",\"description\":\"La tua bandiera su misura in qualsiasi formato con stampe nitidissime. Scegli tra materiali durevoli. Perfetta per aziende ed eventi.\",\"breadcrumb\":{\"@id\":\"https:\\\/\\\/www.amstelprinting.nl\\\/it\\\/negozio\\\/tutte-le-bandiere\\\/bandiere-di-facciata\\\/bandiera-formato-personalizzato\\\/#breadcrumb\"},\"inLanguage\":\"it-IT\",\"potentialAction\":[{\"@type\":\"ReadAction\",\"target\":[\"https:\\\/\\\/www.amstelprinting.nl\\\/it\\\/negozio\\\/tutte-le-bandiere\\\/bandiere-di-facciata\\\/bandiera-formato-personalizzato\\\/\"]}]},{\"@type\":\"ImageObject\",\"inLanguage\":\"it-IT\",\"@id\":\"https:\\\/\\\/www.amstelprinting.nl\\\/it\\\/negozio\\\/tutte-le-bandiere\\\/bandiere-di-facciata\\\/bandiera-formato-personalizzato\\\/#primaryimage\",\"url\":\"https:\\\/\\\/www.amstelprinting.nl\\\/wp-content\\\/uploads\\\/vlag-eigen-formaat-bedrukken.png\",\"contentUrl\":\"https:\\\/\\\/www.amstelprinting.nl\\\/wp-content\\\/uploads\\\/vlag-eigen-formaat-bedrukken.png\",\"width\":900,\"height\":900},{\"@type\":\"BreadcrumbList\",\"@id\":\"https:\\\/\\\/www.amstelprinting.nl\\\/it\\\/negozio\\\/tutte-le-bandiere\\\/bandiere-di-facciata\\\/bandiera-formato-personalizzato\\\/#breadcrumb\",\"itemListElement\":[{\"@type\":\"ListItem\",\"position\":1,\"name\":\"\",\"item\":\"https:\\\/\\\/www.amstelprinting.nl\\\/it\\\/\"},{\"@type\":\"ListItem\",\"position\":2,\"name\":\"Amstel Printing\",\"item\":\"https:\\\/\\\/www.amstelprinting.nl\\\/it\\\/negozio\\\/\"},{\"@type\":\"ListItem\",\"position\":3,\"name\":\"Bandiere\",\"item\":\"https:\\\/\\\/www.amstelprinting.nl\\\/it\\\/categoria\\\/tutte-le-bandiere\\\/\"},{\"@type\":\"ListItem\",\"position\":4,\"name\":\"Bandiere di facciata\",\"item\":\"https:\\\/\\\/www.amstelprinting.nl\\\/it\\\/categoria\\\/tutte-le-bandiere\\\/bandiere-di-facciata\\\/\"},{\"@type\":\"ListItem\",\"position\":5,\"name\":\"Bandiera &#8211; formato personalizzato\"}]},{\"@type\":\"WebSite\",\"@id\":\"https:\\\/\\\/www.amstelprinting.nl\\\/it\\\/#website\",\"url\":\"https:\\\/\\\/www.amstelprinting.nl\\\/it\\\/\",\"name\":\"Amstel Printing\",\"description\":\"Creating Exposure\",\"publisher\":{\"@id\":\"https:\\\/\\\/www.amstelprinting.nl\\\/it\\\/#organization\"},\"potentialAction\":[{\"@type\":\"SearchAction\",\"target\":{\"@type\":\"EntryPoint\",\"urlTemplate\":\"https:\\\/\\\/www.amstelprinting.nl\\\/it\\\/?s={search_term_string}\"},\"query-input\":{\"@type\":\"PropertyValueSpecification\",\"valueRequired\":true,\"valueName\":\"search_term_string\"}}],\"inLanguage\":\"it-IT\"},{\"@type\":\"Organization\",\"@id\":\"https:\\\/\\\/www.amstelprinting.nl\\\/it\\\/#organization\",\"name\":\"Amstel Printing\",\"url\":\"https:\\\/\\\/www.amstelprinting.nl\\\/it\\\/\",\"logo\":{\"@type\":\"ImageObject\",\"inLanguage\":\"it-IT\",\"@id\":\"https:\\\/\\\/www.amstelprinting.nl\\\/it\\\/#\\\/schema\\\/logo\\\/image\\\/\",\"url\":\"https:\\\/\\\/www.amstelprinting.nl\\\/wp-content\\\/uploads\\\/amstel_printing_logo_clean.png\",\"contentUrl\":\"https:\\\/\\\/www.amstelprinting.nl\\\/wp-content\\\/uploads\\\/amstel_printing_logo_clean.png\",\"width\":324,\"height\":73,\"caption\":\"Amstel Printing\"},\"image\":{\"@id\":\"https:\\\/\\\/www.amstelprinting.nl\\\/it\\\/#\\\/schema\\\/logo\\\/image\\\/\"}}]}<\/script>\n<!-- \/ Yoast SEO plugin. -->","yoast_head_json":{"title":"Bandiera su Misura - Bandiere Full Colour Nitidissime Consegna Rapida","description":"La tua bandiera su misura in qualsiasi formato con stampe nitidissime. Scegli tra materiali durevoli. Perfetta per aziende ed eventi.","robots":{"index":"index","follow":"follow","max-snippet":"max-snippet:-1","max-image-preview":"max-image-preview:large","max-video-preview":"max-video-preview:-1"},"canonical":"https:\/\/www.amstelprinting.nl\/it\/negozio\/tutte-le-bandiere\/bandiere-di-facciata\/bandiera-formato-personalizzato\/","og_locale":"it_IT","og_type":"article","og_title":"Bandiera su Misura - Bandiere Full Colour Nitidissime Consegna Rapida","og_description":"La tua bandiera su misura in qualsiasi formato con stampe nitidissime. Scegli tra materiali durevoli. Perfetta per aziende ed eventi.","og_url":"https:\/\/www.amstelprinting.nl\/it\/negozio\/tutte-le-bandiere\/bandiere-di-facciata\/bandiera-formato-personalizzato\/","og_site_name":"Amstel Printing","article_modified_time":"2026-02-18T11:38:38+00:00","og_image":[{"width":900,"height":900,"url":"https:\/\/www.amstelprinting.nl\/wp-content\/uploads\/vlag-eigen-formaat-bedrukken.png","type":"image\/png"}],"twitter_card":"summary_large_image","twitter_misc":{"Tempo di lettura stimato":"5 minuti"},"schema":{"@context":"https:\/\/schema.org","@graph":[{"@type":"WebPage","@id":"https:\/\/www.amstelprinting.nl\/it\/negozio\/tutte-le-bandiere\/bandiere-di-facciata\/bandiera-formato-personalizzato\/","url":"https:\/\/www.amstelprinting.nl\/it\/negozio\/tutte-le-bandiere\/bandiere-di-facciata\/bandiera-formato-personalizzato\/","name":"Bandiera su Misura - Bandiere Full Colour Nitidissime Consegna Rapida","isPartOf":{"@id":"https:\/\/www.amstelprinting.nl\/it\/#website"},"primaryImageOfPage":{"@id":"https:\/\/www.amstelprinting.nl\/it\/negozio\/tutte-le-bandiere\/bandiere-di-facciata\/bandiera-formato-personalizzato\/#primaryimage"},"image":{"@id":"https:\/\/www.amstelprinting.nl\/it\/negozio\/tutte-le-bandiere\/bandiere-di-facciata\/bandiera-formato-personalizzato\/#primaryimage"},"thumbnailUrl":"https:\/\/www.amstelprinting.nl\/wp-content\/uploads\/vlag-eigen-formaat-bedrukken.png","datePublished":"2025-01-24T10:31:07+00:00","dateModified":"2026-02-18T11:38:38+00:00","description":"La tua bandiera su misura in qualsiasi formato con stampe nitidissime. Scegli tra materiali durevoli. Perfetta per aziende ed eventi.","breadcrumb":{"@id":"https:\/\/www.amstelprinting.nl\/it\/negozio\/tutte-le-bandiere\/bandiere-di-facciata\/bandiera-formato-personalizzato\/#breadcrumb"},"inLanguage":"it-IT","potentialAction":[{"@type":"ReadAction","target":["https:\/\/www.amstelprinting.nl\/it\/negozio\/tutte-le-bandiere\/bandiere-di-facciata\/bandiera-formato-personalizzato\/"]}]},{"@type":"ImageObject","inLanguage":"it-IT","@id":"https:\/\/www.amstelprinting.nl\/it\/negozio\/tutte-le-bandiere\/bandiere-di-facciata\/bandiera-formato-personalizzato\/#primaryimage","url":"https:\/\/www.amstelprinting.nl\/wp-content\/uploads\/vlag-eigen-formaat-bedrukken.png","contentUrl":"https:\/\/www.amstelprinting.nl\/wp-content\/uploads\/vlag-eigen-formaat-bedrukken.png","width":900,"height":900},{"@type":"BreadcrumbList","@id":"https:\/\/www.amstelprinting.nl\/it\/negozio\/tutte-le-bandiere\/bandiere-di-facciata\/bandiera-formato-personalizzato\/#breadcrumb","itemListElement":[{"@type":"ListItem","position":1,"name":"","item":"https:\/\/www.amstelprinting.nl\/it\/"},{"@type":"ListItem","position":2,"name":"Amstel Printing","item":"https:\/\/www.amstelprinting.nl\/it\/negozio\/"},{"@type":"ListItem","position":3,"name":"Bandiere","item":"https:\/\/www.amstelprinting.nl\/it\/categoria\/tutte-le-bandiere\/"},{"@type":"ListItem","position":4,"name":"Bandiere di facciata","item":"https:\/\/www.amstelprinting.nl\/it\/categoria\/tutte-le-bandiere\/bandiere-di-facciata\/"},{"@type":"ListItem","position":5,"name":"Bandiera &#8211; formato personalizzato"}]},{"@type":"WebSite","@id":"https:\/\/www.amstelprinting.nl\/it\/#website","url":"https:\/\/www.amstelprinting.nl\/it\/","name":"Amstel Printing","description":"Creating Exposure","publisher":{"@id":"https:\/\/www.amstelprinting.nl\/it\/#organization"},"potentialAction":[{"@type":"SearchAction","target":{"@type":"EntryPoint","urlTemplate":"https:\/\/www.amstelprinting.nl\/it\/?s={search_term_string}"},"query-input":{"@type":"PropertyValueSpecification","valueRequired":true,"valueName":"search_term_string"}}],"inLanguage":"it-IT"},{"@type":"Organization","@id":"https:\/\/www.amstelprinting.nl\/it\/#organization","name":"Amstel Printing","url":"https:\/\/www.amstelprinting.nl\/it\/","logo":{"@type":"ImageObject","inLanguage":"it-IT","@id":"https:\/\/www.amstelprinting.nl\/it\/#\/schema\/logo\/image\/","url":"https:\/\/www.amstelprinting.nl\/wp-content\/uploads\/amstel_printing_logo_clean.png","contentUrl":"https:\/\/www.amstelprinting.nl\/wp-content\/uploads\/amstel_printing_logo_clean.png","width":324,"height":73,"caption":"Amstel Printing"},"image":{"@id":"https:\/\/www.amstelprinting.nl\/it\/#\/schema\/logo\/image\/"}}]}},"_links":{"self":[{"href":"https:\/\/www.amstelprinting.nl\/it\/wp-json\/wp\/v2\/product\/14061","targetHints":{"allow":["GET"]}}],"collection":[{"href":"https:\/\/www.amstelprinting.nl\/it\/wp-json\/wp\/v2\/product"}],"about":[{"href":"https:\/\/www.amstelprinting.nl\/it\/wp-json\/wp\/v2\/types\/product"}],"wp:featuredmedia":[{"embeddable":true,"href":"https:\/\/www.amstelprinting.nl\/it\/wp-json\/wp\/v2\/media\/14062"}],"wp:attachment":[{"href":"https:\/\/www.amstelprinting.nl\/it\/wp-json\/wp\/v2\/media?parent=14061"}],"wp:term":[{"taxonomy":"product_brand","embeddable":true,"href":"https:\/\/www.amstelprinting.nl\/it\/wp-json\/wp\/v2\/product_brand?post=14061"},{"taxonomy":"product_cat","embeddable":true,"href":"https:\/\/www.amstelprinting.nl\/it\/wp-json\/wp\/v2\/product_cat?post=14061"},{"taxonomy":"product_tag","embeddable":true,"href":"https:\/\/www.amstelprinting.nl\/it\/wp-json\/wp\/v2\/product_tag?post=14061"}],"curies":[{"name":"wp","href":"https:\/\/api.w.org\/{rel}","templated":true}]}}