{"id":14636,"date":"2025-01-24T11:31:05","date_gmt":"2025-01-24T10:31:05","guid":{"rendered":"https:\/\/www.amstelprinting.nl\/winkel\/senza-categoria\/baniervlag\/"},"modified":"2026-02-18T12:38:39","modified_gmt":"2026-02-18T11:38:39","slug":"bandiera-a-banner","status":"publish","type":"product","link":"https:\/\/www.amstelprinting.nl\/it\/negozio\/tutte-le-bandiere\/bandiere-di-facciata\/bandiera-a-banner\/","title":{"rendered":"Bandiera a banner"},"content":{"rendered":"<h3>Bandiere a banner: appariscenti, versatili ed efficaci<\/h3>\n<p>Le bandiere a banner sono il modo ideale per far risaltare il tuo messaggio o marchio. Grazie all&#8217;enorme design verticale, sono sempre ben visibili, anche con poco vento! Che si tratti di promozione aziendale o di eventi, le bandiere a banner assicurano un aspetto professionale. Sono durevoli e facili da personalizzare (con una stampa nitidissima del tuo design). In breve: il perfetto elemento di richiamo per ogni occasione!<\/p>\n<h3>Perch\u00e9 stampare bandiere a banner?<\/h3>\n<p>Non pendono mai flosce contro l&#8217;asta e quindi il tuo design \u00e8 sempre ben visibile (anche con poco vento)<\/p>\n<ul>\n<li>Conveniente: grazie a 5 formati standard<\/li>\n<li>Dimensioni diverse? Scegli allora Bandiera formato personalizzato<\/li>\n<li>La stampa \u00e8 visibile specchiata sul retro<\/li>\n<li>Scegli tra 3 materiali di tessuto<\/li>\n<li>Ampia scelta di opzioni di finitura<\/li>\n<li>Sicuro: dotato di certificato antincendio<\/li>\n<li>Consegna rapida: possibile entro 1 giorno lavorativo!<\/li>\n<\/ul>\n<p>&nbsp;<\/p>\n<h3>Materiali (3 diversi tessuti)<\/h3>\n<ul>\n<li><strong>Flag<\/strong>: Il tessuto standard per bandiere a banner stampate.<\/li>\n<li><strong>Flag PET<\/strong>: Una scelta ecologica, realizzata con bottiglie PET riciclate al 100%.<\/li>\n<li><strong>Longlife<\/strong>: Questo tessuto extra resistente ha una struttura speciale che riduce lo sfilacciamento, garantendo una maggiore durata.<\/li>\n<\/ul>\n<p>&nbsp;<\/p>\n<h3>Finitura della tua bandiera a banner<\/h3>\n<p>Dopo la stampa del tessuto della bandiera segue la finitura. A seconda dell&#8217;uso previsto e delle tue preferenze personali, scegli la finitura che meglio si adatta alle tue esigenze.<\/p>\n<h3>Colore del bordo e dei ganci<\/h3>\n<p>Puoi scegliere una finitura con un bordo bianco o nero con ganci, dove il colore pu\u00f2 essere adattato al design della tua bandiera.<\/p>\n<h3>Direzione del vento: Sinistra o destra?<\/h3>\n<p>Il bordo viene fissato sul lato sinistro o destro della bandiera. Se la direzione del vento \u00e8 verso destra, la finitura sar\u00e0 sul lato sinistro (e viceversa).<\/p>\n<p>Inoltre, offriamo l&#8217;opzione per un orlo a tunnel, ideale per l&#8217;uso con un supporto per banner, o una finitura senza orlo. Sono inoltre disponibili vari accessori per completare la tua bandiera a banner.<\/p>\n<h3>Quale dimensione della bandiera \u00e8 adatta?<\/h3>\n<p>Per un risultato ottimale \u00e8 importante scegliere la giusta dimensione della bandiera in combinazione con l&#8217;altezza dell&#8217;asta della bandiera. Di seguito trovi una panoramica delle dimensioni consigliate.<\/p>\n<h3>Formati dei banner e relative altezze dell&#8217;asta<\/h3>\n<ul>\n<li>300 x 100 cm \u2013 asta da 6 a 7 metri<\/li>\n<li>400 x 100 cm \u2013 asta da 8 metri<\/li>\n<li>350 x 120 cm \u2013 asta da 7 metri<\/li>\n<li>400 x 120 cm \u2013 asta da 8 a 9 metri<\/li>\n<li>450 x 150 cm \u2013 asta di almeno 9 metri<\/li>\n<li>500 x 120 cm \u2013 asta di almeno 9 metri<\/li>\n<\/ul>\n<p>&nbsp;<br \/>\nLa bandiera a banner \u00e8 disponibile in cinque formati fissi. Se desideri un formato diverso da quello indicato qui, puoi ordinarlo nella pagina della bandiera in formato personalizzato.<\/p>\n<h3>Formati della bandiera e relative altezze dell&#8217;asta<\/h3>\n<ul>\n<li>50 x 75 cm \u2013 asta per bandiera da 1 a 1,5 metri<\/li>\n<li>100 x 70 cm \u2013 asta per bandiera da 1 a 2 metri<\/li>\n<li>100 x 150 cm \u2013 asta per bandiera da 2 tot 3 metri<\/li>\n<li>120 x 180 cm \u2013 asta per bandiera da 3 a 4 metri<\/li>\n<li>150 x 225 cm \u2013 asta da 6 a 7 metri<\/li>\n<li>200 x 300 cm \u2013 asta da 8 metri<\/li>\n<\/ul>\n<p>&nbsp;<\/p>\n<h3>Quanto durano le bandiere a banner?<\/h3>\n<p>Le bandiere a banner sono soggette a usura e dovranno essere sostituite nel tempo. Il fattore principale che influenza la durata di una bandiera a banner sono le condizioni meteorologiche. Ad esempio, il vento forte fa sventolare bene la tua bandiera, ma ne riduce anche la durata. Soprattutto la combinazione di vento forte e pioggia fa s\u00ec che i banner si usurino pi\u00f9 velocemente.<\/p>\n<p>Per prolungare la durata, confezioniamo le nostre bandiere con filati resistenti e le dotiamo di un doppio orlo. Questo riduce la possibilit\u00e0 di usura prematura. Nonostante ci\u00f2, la sostituzione dei banner sar\u00e0 inevitabile a lungo termine.<\/p>\n<h3>Fattori che influenzano la durata<\/h3>\n<ul>\n<li><strong>Condizioni meteorologiche<\/strong> \u2013 Vento e pioggia hanno un grande impatto sulla bandiera.<\/li>\n<li><strong>Posizione della bandiera<\/strong> \u2013 I luoghi riparati prolungano la durata.<\/li>\n<li><strong>Dimensioni della bandiera<\/strong> \u2013 Le bandiere pi\u00f9 grandi catturano pi\u00f9 vento, il che causa una maggiore tensione sul tessuto.<\/li>\n<li><strong>Uso e manutenzione<\/strong> \u2013 Una corretta manutenzione prolunga notevolmente la durata della bandiera a banner.<\/li>\n<\/ul>\n<p>&nbsp;<\/p>\n<h3>Consigli per prolungare la durata della tua bandiera<\/h3>\n<ol>\n<li>Ritira la bandiera a banner in caso di maltempo, specialmente con forza del vento 6 o superiore.<\/li>\n<li>Controlla regolarmente le cuciture e ripara i punti sciolti.<\/li>\n<li>Lava la bandiera a 30\u00b0C con un detersivo per delicati per prevenire l&#8217;accumulo di sporco.<\/li>\n<li>Quando la bandiera a banner \u00e8 esposta continuamente all&#8217;aperto in cattive condizioni meteorologiche, la durata pu\u00f2 ridursi a tre mesi o meno.<\/li>\n<li>Utilizza anelli flessibili per aste (come Flagfix) per ridurre la tensione sul tessuto della bandiera.<\/li>\n<\/ol>\n<p>&nbsp;<\/p>\n<h3>Manutenzione per una qualit\u00e0 duratura<\/h3>\n<p>Per mantenere in modo ottimale la qualit\u00e0 delle tue bandiere, si consiglia di ritirarle in caso di cattive condizioni meteorologiche (con forza del vento 6 o superiore). Ci\u00f2 riduce la possibilit\u00e0 di danni e prolunga la durata.<\/p>\n<h3>Sapevi che le bandiere a banner possono essere lavate?<\/h3>\n<p>Puoi pulire facilmente la tua bandiera a banner in lavatrice a un massimo di 30\u00b0C con un detersivo per delicati. Questo evita che lo sporco si fissi nel tessuto e mantiene la tua bandiera a banner come nuova.<\/p>\n","protected":false},"excerpt":{"rendered":"<p>La bandiera a banner, chiamata anche bandiera allungata o bandiera verticale, risalta a colpo d&#8217;occhio grazie alla sua ampia superficie. La bandiera viene fatta scorrere su un braccio rotante rendendola, anche senza vento, sempre ben visibile. Componi qui sotto la tua bandiera a banner stampata secondo i tuoi desideri. Dotata di una stampa nitidissima. Hai fretta? Possiamo consegnare la tua bandiera a banner entro 1 giorno lavorativo.<\/p>\n","protected":false},"featured_media":14637,"template":"","meta":{"_et_pb_use_builder":"","_et_pb_old_content":"","_et_gb_content_width":""},"product_brand":[],"product_cat":[875,883],"product_tag":[],"class_list":{"0":"post-14636","1":"product","2":"type-product","3":"status-publish","4":"has-post-thumbnail","6":"product_cat-tutte-le-bandiere","7":"product_cat-bandiere-di-facciata","9":"first","10":"instock","11":"taxable","12":"shipping-taxable","13":"purchasable","14":"product-type-simple"},"yoast_head":"<!-- This site is optimized with the Yoast SEO plugin v27.3 - https:\/\/yoast.com\/product\/yoast-seo-wordpress\/ -->\n<title>Acquista bandiere a banner - Bandiere ben visibili per la tua azienda<\/title>\n<meta name=\"description\" content=\"Ordina oggi la tua bandiera a banner resistente e definita con consegna rapida. Qualit\u00e0 durevole e consegna rapida in tutta Europa.\" \/>\n<meta name=\"robots\" content=\"index, follow, max-snippet:-1, max-image-preview:large, max-video-preview:-1\" \/>\n<link rel=\"canonical\" href=\"https:\/\/www.amstelprinting.nl\/it\/negozio\/tutte-le-bandiere\/bandiere-di-facciata\/bandiera-a-banner\/\" \/>\n<meta property=\"og:locale\" content=\"it_IT\" \/>\n<meta property=\"og:type\" content=\"article\" \/>\n<meta property=\"og:title\" content=\"Acquista bandiere a banner - Bandiere ben visibili per la tua azienda\" \/>\n<meta property=\"og:description\" content=\"Ordina oggi la tua bandiera a banner resistente e definita con consegna rapida. Qualit\u00e0 durevole e consegna rapida in tutta Europa.\" \/>\n<meta property=\"og:url\" content=\"https:\/\/www.amstelprinting.nl\/it\/negozio\/tutte-le-bandiere\/bandiere-di-facciata\/bandiera-a-banner\/\" \/>\n<meta property=\"og:site_name\" content=\"Amstel Printing\" \/>\n<meta property=\"article:modified_time\" content=\"2026-02-18T11:38:39+00:00\" \/>\n<meta property=\"og:image\" content=\"https:\/\/www.amstelprinting.nl\/wp-content\/uploads\/baniervlag-bedrukken.png\" \/>\n\t<meta property=\"og:image:width\" content=\"700\" \/>\n\t<meta property=\"og:image:height\" content=\"700\" \/>\n\t<meta property=\"og:image:type\" content=\"image\/png\" \/>\n<meta name=\"twitter:card\" content=\"summary_large_image\" \/>\n<meta name=\"twitter:label1\" content=\"Tempo di lettura stimato\" \/>\n\t<meta name=\"twitter:data1\" content=\"4 minuti\" \/>\n<script type=\"application\/ld+json\" class=\"yoast-schema-graph\">{\"@context\":\"https:\\\/\\\/schema.org\",\"@graph\":[{\"@type\":\"WebPage\",\"@id\":\"https:\\\/\\\/www.amstelprinting.nl\\\/it\\\/negozio\\\/tutte-le-bandiere\\\/bandiere-di-facciata\\\/bandiera-a-banner\\\/\",\"url\":\"https:\\\/\\\/www.amstelprinting.nl\\\/it\\\/negozio\\\/tutte-le-bandiere\\\/bandiere-di-facciata\\\/bandiera-a-banner\\\/\",\"name\":\"Acquista bandiere a banner - Bandiere ben visibili per la tua azienda\",\"isPartOf\":{\"@id\":\"https:\\\/\\\/www.amstelprinting.nl\\\/it\\\/#website\"},\"primaryImageOfPage\":{\"@id\":\"https:\\\/\\\/www.amstelprinting.nl\\\/it\\\/negozio\\\/tutte-le-bandiere\\\/bandiere-di-facciata\\\/bandiera-a-banner\\\/#primaryimage\"},\"image\":{\"@id\":\"https:\\\/\\\/www.amstelprinting.nl\\\/it\\\/negozio\\\/tutte-le-bandiere\\\/bandiere-di-facciata\\\/bandiera-a-banner\\\/#primaryimage\"},\"thumbnailUrl\":\"https:\\\/\\\/www.amstelprinting.nl\\\/wp-content\\\/uploads\\\/baniervlag-bedrukken.png\",\"datePublished\":\"2025-01-24T10:31:05+00:00\",\"dateModified\":\"2026-02-18T11:38:39+00:00\",\"description\":\"Ordina oggi la tua bandiera a banner resistente e definita con consegna rapida. Qualit\u00e0 durevole e consegna rapida in tutta Europa.\",\"breadcrumb\":{\"@id\":\"https:\\\/\\\/www.amstelprinting.nl\\\/it\\\/negozio\\\/tutte-le-bandiere\\\/bandiere-di-facciata\\\/bandiera-a-banner\\\/#breadcrumb\"},\"inLanguage\":\"it-IT\",\"potentialAction\":[{\"@type\":\"ReadAction\",\"target\":[\"https:\\\/\\\/www.amstelprinting.nl\\\/it\\\/negozio\\\/tutte-le-bandiere\\\/bandiere-di-facciata\\\/bandiera-a-banner\\\/\"]}]},{\"@type\":\"ImageObject\",\"inLanguage\":\"it-IT\",\"@id\":\"https:\\\/\\\/www.amstelprinting.nl\\\/it\\\/negozio\\\/tutte-le-bandiere\\\/bandiere-di-facciata\\\/bandiera-a-banner\\\/#primaryimage\",\"url\":\"https:\\\/\\\/www.amstelprinting.nl\\\/wp-content\\\/uploads\\\/baniervlag-bedrukken.png\",\"contentUrl\":\"https:\\\/\\\/www.amstelprinting.nl\\\/wp-content\\\/uploads\\\/baniervlag-bedrukken.png\",\"width\":700,\"height\":700},{\"@type\":\"BreadcrumbList\",\"@id\":\"https:\\\/\\\/www.amstelprinting.nl\\\/it\\\/negozio\\\/tutte-le-bandiere\\\/bandiere-di-facciata\\\/bandiera-a-banner\\\/#breadcrumb\",\"itemListElement\":[{\"@type\":\"ListItem\",\"position\":1,\"name\":\"\",\"item\":\"https:\\\/\\\/www.amstelprinting.nl\\\/it\\\/\"},{\"@type\":\"ListItem\",\"position\":2,\"name\":\"Amstel Printing\",\"item\":\"https:\\\/\\\/www.amstelprinting.nl\\\/it\\\/negozio\\\/\"},{\"@type\":\"ListItem\",\"position\":3,\"name\":\"Bandiere\",\"item\":\"https:\\\/\\\/www.amstelprinting.nl\\\/it\\\/categoria\\\/tutte-le-bandiere\\\/\"},{\"@type\":\"ListItem\",\"position\":4,\"name\":\"Bandiere di facciata\",\"item\":\"https:\\\/\\\/www.amstelprinting.nl\\\/it\\\/categoria\\\/tutte-le-bandiere\\\/bandiere-di-facciata\\\/\"},{\"@type\":\"ListItem\",\"position\":5,\"name\":\"Bandiera a banner\"}]},{\"@type\":\"WebSite\",\"@id\":\"https:\\\/\\\/www.amstelprinting.nl\\\/it\\\/#website\",\"url\":\"https:\\\/\\\/www.amstelprinting.nl\\\/it\\\/\",\"name\":\"Amstel Printing\",\"description\":\"Creating Exposure\",\"publisher\":{\"@id\":\"https:\\\/\\\/www.amstelprinting.nl\\\/it\\\/#organization\"},\"potentialAction\":[{\"@type\":\"SearchAction\",\"target\":{\"@type\":\"EntryPoint\",\"urlTemplate\":\"https:\\\/\\\/www.amstelprinting.nl\\\/it\\\/?s={search_term_string}\"},\"query-input\":{\"@type\":\"PropertyValueSpecification\",\"valueRequired\":true,\"valueName\":\"search_term_string\"}}],\"inLanguage\":\"it-IT\"},{\"@type\":\"Organization\",\"@id\":\"https:\\\/\\\/www.amstelprinting.nl\\\/it\\\/#organization\",\"name\":\"Amstel Printing\",\"url\":\"https:\\\/\\\/www.amstelprinting.nl\\\/it\\\/\",\"logo\":{\"@type\":\"ImageObject\",\"inLanguage\":\"it-IT\",\"@id\":\"https:\\\/\\\/www.amstelprinting.nl\\\/it\\\/#\\\/schema\\\/logo\\\/image\\\/\",\"url\":\"https:\\\/\\\/www.amstelprinting.nl\\\/wp-content\\\/uploads\\\/amstel_printing_logo_clean.png\",\"contentUrl\":\"https:\\\/\\\/www.amstelprinting.nl\\\/wp-content\\\/uploads\\\/amstel_printing_logo_clean.png\",\"width\":324,\"height\":73,\"caption\":\"Amstel Printing\"},\"image\":{\"@id\":\"https:\\\/\\\/www.amstelprinting.nl\\\/it\\\/#\\\/schema\\\/logo\\\/image\\\/\"}}]}<\/script>\n<!-- \/ Yoast SEO plugin. -->","yoast_head_json":{"title":"Acquista bandiere a banner - Bandiere ben visibili per la tua azienda","description":"Ordina oggi la tua bandiera a banner resistente e definita con consegna rapida. Qualit\u00e0 durevole e consegna rapida in tutta Europa.","robots":{"index":"index","follow":"follow","max-snippet":"max-snippet:-1","max-image-preview":"max-image-preview:large","max-video-preview":"max-video-preview:-1"},"canonical":"https:\/\/www.amstelprinting.nl\/it\/negozio\/tutte-le-bandiere\/bandiere-di-facciata\/bandiera-a-banner\/","og_locale":"it_IT","og_type":"article","og_title":"Acquista bandiere a banner - Bandiere ben visibili per la tua azienda","og_description":"Ordina oggi la tua bandiera a banner resistente e definita con consegna rapida. Qualit\u00e0 durevole e consegna rapida in tutta Europa.","og_url":"https:\/\/www.amstelprinting.nl\/it\/negozio\/tutte-le-bandiere\/bandiere-di-facciata\/bandiera-a-banner\/","og_site_name":"Amstel Printing","article_modified_time":"2026-02-18T11:38:39+00:00","og_image":[{"width":700,"height":700,"url":"https:\/\/www.amstelprinting.nl\/wp-content\/uploads\/baniervlag-bedrukken.png","type":"image\/png"}],"twitter_card":"summary_large_image","twitter_misc":{"Tempo di lettura stimato":"4 minuti"},"schema":{"@context":"https:\/\/schema.org","@graph":[{"@type":"WebPage","@id":"https:\/\/www.amstelprinting.nl\/it\/negozio\/tutte-le-bandiere\/bandiere-di-facciata\/bandiera-a-banner\/","url":"https:\/\/www.amstelprinting.nl\/it\/negozio\/tutte-le-bandiere\/bandiere-di-facciata\/bandiera-a-banner\/","name":"Acquista bandiere a banner - Bandiere ben visibili per la tua azienda","isPartOf":{"@id":"https:\/\/www.amstelprinting.nl\/it\/#website"},"primaryImageOfPage":{"@id":"https:\/\/www.amstelprinting.nl\/it\/negozio\/tutte-le-bandiere\/bandiere-di-facciata\/bandiera-a-banner\/#primaryimage"},"image":{"@id":"https:\/\/www.amstelprinting.nl\/it\/negozio\/tutte-le-bandiere\/bandiere-di-facciata\/bandiera-a-banner\/#primaryimage"},"thumbnailUrl":"https:\/\/www.amstelprinting.nl\/wp-content\/uploads\/baniervlag-bedrukken.png","datePublished":"2025-01-24T10:31:05+00:00","dateModified":"2026-02-18T11:38:39+00:00","description":"Ordina oggi la tua bandiera a banner resistente e definita con consegna rapida. Qualit\u00e0 durevole e consegna rapida in tutta Europa.","breadcrumb":{"@id":"https:\/\/www.amstelprinting.nl\/it\/negozio\/tutte-le-bandiere\/bandiere-di-facciata\/bandiera-a-banner\/#breadcrumb"},"inLanguage":"it-IT","potentialAction":[{"@type":"ReadAction","target":["https:\/\/www.amstelprinting.nl\/it\/negozio\/tutte-le-bandiere\/bandiere-di-facciata\/bandiera-a-banner\/"]}]},{"@type":"ImageObject","inLanguage":"it-IT","@id":"https:\/\/www.amstelprinting.nl\/it\/negozio\/tutte-le-bandiere\/bandiere-di-facciata\/bandiera-a-banner\/#primaryimage","url":"https:\/\/www.amstelprinting.nl\/wp-content\/uploads\/baniervlag-bedrukken.png","contentUrl":"https:\/\/www.amstelprinting.nl\/wp-content\/uploads\/baniervlag-bedrukken.png","width":700,"height":700},{"@type":"BreadcrumbList","@id":"https:\/\/www.amstelprinting.nl\/it\/negozio\/tutte-le-bandiere\/bandiere-di-facciata\/bandiera-a-banner\/#breadcrumb","itemListElement":[{"@type":"ListItem","position":1,"name":"","item":"https:\/\/www.amstelprinting.nl\/it\/"},{"@type":"ListItem","position":2,"name":"Amstel Printing","item":"https:\/\/www.amstelprinting.nl\/it\/negozio\/"},{"@type":"ListItem","position":3,"name":"Bandiere","item":"https:\/\/www.amstelprinting.nl\/it\/categoria\/tutte-le-bandiere\/"},{"@type":"ListItem","position":4,"name":"Bandiere di facciata","item":"https:\/\/www.amstelprinting.nl\/it\/categoria\/tutte-le-bandiere\/bandiere-di-facciata\/"},{"@type":"ListItem","position":5,"name":"Bandiera a banner"}]},{"@type":"WebSite","@id":"https:\/\/www.amstelprinting.nl\/it\/#website","url":"https:\/\/www.amstelprinting.nl\/it\/","name":"Amstel Printing","description":"Creating Exposure","publisher":{"@id":"https:\/\/www.amstelprinting.nl\/it\/#organization"},"potentialAction":[{"@type":"SearchAction","target":{"@type":"EntryPoint","urlTemplate":"https:\/\/www.amstelprinting.nl\/it\/?s={search_term_string}"},"query-input":{"@type":"PropertyValueSpecification","valueRequired":true,"valueName":"search_term_string"}}],"inLanguage":"it-IT"},{"@type":"Organization","@id":"https:\/\/www.amstelprinting.nl\/it\/#organization","name":"Amstel Printing","url":"https:\/\/www.amstelprinting.nl\/it\/","logo":{"@type":"ImageObject","inLanguage":"it-IT","@id":"https:\/\/www.amstelprinting.nl\/it\/#\/schema\/logo\/image\/","url":"https:\/\/www.amstelprinting.nl\/wp-content\/uploads\/amstel_printing_logo_clean.png","contentUrl":"https:\/\/www.amstelprinting.nl\/wp-content\/uploads\/amstel_printing_logo_clean.png","width":324,"height":73,"caption":"Amstel Printing"},"image":{"@id":"https:\/\/www.amstelprinting.nl\/it\/#\/schema\/logo\/image\/"}}]}},"_links":{"self":[{"href":"https:\/\/www.amstelprinting.nl\/it\/wp-json\/wp\/v2\/product\/14636","targetHints":{"allow":["GET"]}}],"collection":[{"href":"https:\/\/www.amstelprinting.nl\/it\/wp-json\/wp\/v2\/product"}],"about":[{"href":"https:\/\/www.amstelprinting.nl\/it\/wp-json\/wp\/v2\/types\/product"}],"wp:featuredmedia":[{"embeddable":true,"href":"https:\/\/www.amstelprinting.nl\/it\/wp-json\/wp\/v2\/media\/14637"}],"wp:attachment":[{"href":"https:\/\/www.amstelprinting.nl\/it\/wp-json\/wp\/v2\/media?parent=14636"}],"wp:term":[{"taxonomy":"product_brand","embeddable":true,"href":"https:\/\/www.amstelprinting.nl\/it\/wp-json\/wp\/v2\/product_brand?post=14636"},{"taxonomy":"product_cat","embeddable":true,"href":"https:\/\/www.amstelprinting.nl\/it\/wp-json\/wp\/v2\/product_cat?post=14636"},{"taxonomy":"product_tag","embeddable":true,"href":"https:\/\/www.amstelprinting.nl\/it\/wp-json\/wp\/v2\/product_tag?post=14636"}],"curies":[{"name":"wp","href":"https:\/\/api.w.org\/{rel}","templated":true}]}}