{"id":14666,"date":"2025-01-24T11:30:55","date_gmt":"2025-01-24T10:30:55","guid":{"rendered":"https:\/\/www.amstelprinting.nl\/winkel\/senza-categoria\/beachflag\/"},"modified":"2026-02-18T12:38:43","modified_gmt":"2026-02-18T11:38:43","slug":"beach-flag","status":"publish","type":"product","link":"https:\/\/www.amstelprinting.nl\/it\/negozio\/tutte-le-bandiere\/bandiere-da-spiaggia\/beach-flag\/","title":{"rendered":"Beach flag"},"content":{"rendered":"<h3>Stampa e ordinazione di Beach flag<\/h3>\n<p>Le beach flag sono uno strumento promozionale incredibilmente popolare. Ci\u00f2 \u00e8 dovuto principalmente ai seguenti vantaggi:<\/p>\n<ul>\n<li>Attirano l&#8217;attenzione.<\/li>\n<li>Multifunzionale: festival, fiere, aree esterne, negozi, stazioni di servizio, spiagge, ecc.<\/li>\n<li>Non \u00e8 richiesta alcuna licenza per l&#8217;uso delle beach flag.<\/li>\n<li>Le beach flag sono economiche e consegnabili rapidamente (anche entro 1 giorno lavorativo!).<\/li>\n<li>Possono essere facilmente montate e riposte. Le parti dell&#8217;asta della beach flag possono essere incastrate separatamente e riposte nella borsa per il trasporto inclusa.<\/li>\n<li>Le beach flag sono adatte sia per uso interno che esterno.<\/li>\n<li>I teli possono essere facilmente ordinati separatamente.<\/li>\n<\/ul>\n<p>&nbsp;<\/p>\n<h3>Forme e formati delle Beach flag<\/h3>\n<p>La straightflag \u00e8 il popolare modello dritto di beach flag. Con la dropflag (a goccia) hai una superficie pi\u00f9 ampia per il tuo messaggio. E con la forma speciale della waveflag ti distinguerai ancora di pi\u00f9. Puoi anche scegliere la squareflag; una forma quadrata dritta. La squareflag, grazie alla sua grande superficie, offre pi\u00f9 spazio per il tuo design.<\/p>\n<p>Oltre alle diverse forme, puoi scegliere tu stesso il formato desiderato. In totale ci sono ben 13 diversi formati di telo.<\/p>\n<ul>\n<li><strong>Straightflag<\/strong>: 40 x 235 cm, 80 x 220 cm, 65 x 315 cm, 80 x 315 cm e 90 x 430 cm<\/li>\n<li><strong>Squareflag<\/strong>: 75 x 180 cm, 75 x 267 cm e 75 x 375,5 cm<\/li>\n<li><strong>Dropflag<\/strong>: 70 x 180 cm e 100 x 250 cm<\/li>\n<li><strong>Waveflag<\/strong>: 70 x 210 cm, 76 x 315 cm e 80 x 422 cm<\/li>\n<\/ul>\n<p>&nbsp;<\/p>\n<h3>Qualit\u00e0 del telo della Beach flag<\/h3>\n<p>I teli delle beach flag sono realizzati di serie in tessuto Flag. Il materiale Flag \u00e8 il tipo di tessuto pi\u00f9 scelto per le bandiere stampate. Inoltre, Flag PET \u00e8 un&#8217;alternativa sostenibile. Il PET \u00e8 infatti realizzato al 100% con bottiglie in PET riciclate. Ma anche Longlife \u00e8 una scelta durevole: Longlife \u00e8 un tessuto per bandiere extra resistente. Grazie a una struttura speciale, il tessuto Longlife si sfilaccia meno velocemente (e quindi dura pi\u00f9 a lungo).<\/p>\n<h3>Finitura: Tunnel o Fascia Elastica?<\/h3>\n<p>Il telo della beach flag \u00e8 dotato di uno spazio attraverso il quale vengono fatti scorrere i segmenti dell&#8217;asta. Questo spazio pu\u00f2 essere creato in due modi diversi.<\/p>\n<ul>\n<li><strong>Tunnel<\/strong>: Realizzato nello stesso materiale della bandiera stessa, in modo che il design continui senza interruzioni e formi un insieme armonioso.<\/li>\n<li><strong>Fascia elastica<\/strong>: Disponibile in nero o bianco. Sebbene il design non sia continuo, la fascia offre una maggiore robustezza, prolunga la durata della beach flag e riduce gli scarti di taglio. Inoltre, la fascia elastica \u00e8 pi\u00f9 economica e pi\u00f9 sostenibile. Con le nostre beach flag combini l&#8217;impatto visivo, la qualit\u00e0 e la sostenibilit\u00e0 \u2013 perfette per ogni occasione!<\/li>\n<\/ul>\n","protected":false},"excerpt":{"rendered":"<p>Le beach flag sono perfette per la promozione all&#8217;aperto e gli eventi. Sono leggere, facili da spostare e disponibili in varie dimensioni e forme. Configura la tua beach flag come desideri in pochi passaggi.<\/p>\n","protected":false},"featured_media":14667,"template":"","meta":{"_et_pb_use_builder":"","_et_pb_old_content":"","_et_gb_content_width":""},"product_brand":[],"product_cat":[314,875,879],"product_tag":[],"class_list":{"0":"post-14666","1":"product","2":"type-product","3":"status-publish","4":"has-post-thumbnail","6":"product_cat-adesivi-e-stampa","7":"product_cat-tutte-le-bandiere","8":"product_cat-bandiere-da-spiaggia","10":"first","11":"instock","12":"taxable","13":"shipping-taxable","14":"purchasable","15":"product-type-simple"},"yoast_head":"<!-- This site is optimized with the Yoast SEO plugin v27.3 - https:\/\/yoast.com\/product\/yoast-seo-wordpress\/ -->\n<title>Ordina Beach flag su misura - Massima esposizione per il tuo brand<\/title>\n<meta name=\"description\" content=\"Ordina la tua beach flag oggi per la consegna domani! Scegli tra 4 forme, 13 formati e materiali durevoli. Perfetto per eventi e locali aziendali.\" \/>\n<meta name=\"robots\" content=\"index, follow, max-snippet:-1, max-image-preview:large, max-video-preview:-1\" \/>\n<link rel=\"canonical\" href=\"https:\/\/www.amstelprinting.nl\/it\/negozio\/tutte-le-bandiere\/bandiere-da-spiaggia\/beach-flag\/\" \/>\n<meta property=\"og:locale\" content=\"it_IT\" \/>\n<meta property=\"og:type\" content=\"article\" \/>\n<meta property=\"og:title\" content=\"Ordina Beach flag su misura - Massima esposizione per il tuo brand\" \/>\n<meta property=\"og:description\" content=\"Ordina la tua beach flag oggi per la consegna domani! Scegli tra 4 forme, 13 formati e materiali durevoli. Perfetto per eventi e locali aziendali.\" \/>\n<meta property=\"og:url\" content=\"https:\/\/www.amstelprinting.nl\/it\/negozio\/tutte-le-bandiere\/bandiere-da-spiaggia\/beach-flag\/\" \/>\n<meta property=\"og:site_name\" content=\"Amstel Printing\" \/>\n<meta property=\"article:modified_time\" content=\"2026-02-18T11:38:43+00:00\" \/>\n<meta property=\"og:image\" content=\"https:\/\/www.amstelprinting.nl\/wp-content\/uploads\/beachflag-straight-bedrukken.png\" \/>\n\t<meta property=\"og:image:width\" content=\"900\" \/>\n\t<meta property=\"og:image:height\" content=\"900\" \/>\n\t<meta property=\"og:image:type\" content=\"image\/png\" \/>\n<meta name=\"twitter:card\" content=\"summary_large_image\" \/>\n<meta name=\"twitter:label1\" content=\"Tempo di lettura stimato\" \/>\n\t<meta name=\"twitter:data1\" content=\"2 minuti\" \/>\n<script type=\"application\/ld+json\" class=\"yoast-schema-graph\">{\"@context\":\"https:\\\/\\\/schema.org\",\"@graph\":[{\"@type\":\"WebPage\",\"@id\":\"https:\\\/\\\/www.amstelprinting.nl\\\/it\\\/negozio\\\/tutte-le-bandiere\\\/bandiere-da-spiaggia\\\/beach-flag\\\/\",\"url\":\"https:\\\/\\\/www.amstelprinting.nl\\\/it\\\/negozio\\\/tutte-le-bandiere\\\/bandiere-da-spiaggia\\\/beach-flag\\\/\",\"name\":\"Ordina Beach flag su misura - Massima esposizione per il tuo brand\",\"isPartOf\":{\"@id\":\"https:\\\/\\\/www.amstelprinting.nl\\\/it\\\/#website\"},\"primaryImageOfPage\":{\"@id\":\"https:\\\/\\\/www.amstelprinting.nl\\\/it\\\/negozio\\\/tutte-le-bandiere\\\/bandiere-da-spiaggia\\\/beach-flag\\\/#primaryimage\"},\"image\":{\"@id\":\"https:\\\/\\\/www.amstelprinting.nl\\\/it\\\/negozio\\\/tutte-le-bandiere\\\/bandiere-da-spiaggia\\\/beach-flag\\\/#primaryimage\"},\"thumbnailUrl\":\"https:\\\/\\\/www.amstelprinting.nl\\\/wp-content\\\/uploads\\\/beachflag-straight-bedrukken.png\",\"datePublished\":\"2025-01-24T10:30:55+00:00\",\"dateModified\":\"2026-02-18T11:38:43+00:00\",\"description\":\"Ordina la tua beach flag oggi per la consegna domani! Scegli tra 4 forme, 13 formati e materiali durevoli. Perfetto per eventi e locali aziendali.\",\"breadcrumb\":{\"@id\":\"https:\\\/\\\/www.amstelprinting.nl\\\/it\\\/negozio\\\/tutte-le-bandiere\\\/bandiere-da-spiaggia\\\/beach-flag\\\/#breadcrumb\"},\"inLanguage\":\"it-IT\",\"potentialAction\":[{\"@type\":\"ReadAction\",\"target\":[\"https:\\\/\\\/www.amstelprinting.nl\\\/it\\\/negozio\\\/tutte-le-bandiere\\\/bandiere-da-spiaggia\\\/beach-flag\\\/\"]}]},{\"@type\":\"ImageObject\",\"inLanguage\":\"it-IT\",\"@id\":\"https:\\\/\\\/www.amstelprinting.nl\\\/it\\\/negozio\\\/tutte-le-bandiere\\\/bandiere-da-spiaggia\\\/beach-flag\\\/#primaryimage\",\"url\":\"https:\\\/\\\/www.amstelprinting.nl\\\/wp-content\\\/uploads\\\/beachflag-straight-bedrukken.png\",\"contentUrl\":\"https:\\\/\\\/www.amstelprinting.nl\\\/wp-content\\\/uploads\\\/beachflag-straight-bedrukken.png\",\"width\":900,\"height\":900},{\"@type\":\"BreadcrumbList\",\"@id\":\"https:\\\/\\\/www.amstelprinting.nl\\\/it\\\/negozio\\\/tutte-le-bandiere\\\/bandiere-da-spiaggia\\\/beach-flag\\\/#breadcrumb\",\"itemListElement\":[{\"@type\":\"ListItem\",\"position\":1,\"name\":\"\",\"item\":\"https:\\\/\\\/www.amstelprinting.nl\\\/it\\\/\"},{\"@type\":\"ListItem\",\"position\":2,\"name\":\"Amstel Printing\",\"item\":\"https:\\\/\\\/www.amstelprinting.nl\\\/it\\\/negozio\\\/\"},{\"@type\":\"ListItem\",\"position\":3,\"name\":\"Bandiere\",\"item\":\"https:\\\/\\\/www.amstelprinting.nl\\\/it\\\/categoria\\\/tutte-le-bandiere\\\/\"},{\"@type\":\"ListItem\",\"position\":4,\"name\":\"Bandiere da spiaggia\",\"item\":\"https:\\\/\\\/www.amstelprinting.nl\\\/it\\\/categoria\\\/tutte-le-bandiere\\\/bandiere-da-spiaggia\\\/\"},{\"@type\":\"ListItem\",\"position\":5,\"name\":\"Beach flag\"}]},{\"@type\":\"WebSite\",\"@id\":\"https:\\\/\\\/www.amstelprinting.nl\\\/it\\\/#website\",\"url\":\"https:\\\/\\\/www.amstelprinting.nl\\\/it\\\/\",\"name\":\"Amstel Printing\",\"description\":\"Creating Exposure\",\"publisher\":{\"@id\":\"https:\\\/\\\/www.amstelprinting.nl\\\/it\\\/#organization\"},\"potentialAction\":[{\"@type\":\"SearchAction\",\"target\":{\"@type\":\"EntryPoint\",\"urlTemplate\":\"https:\\\/\\\/www.amstelprinting.nl\\\/it\\\/?s={search_term_string}\"},\"query-input\":{\"@type\":\"PropertyValueSpecification\",\"valueRequired\":true,\"valueName\":\"search_term_string\"}}],\"inLanguage\":\"it-IT\"},{\"@type\":\"Organization\",\"@id\":\"https:\\\/\\\/www.amstelprinting.nl\\\/it\\\/#organization\",\"name\":\"Amstel Printing\",\"url\":\"https:\\\/\\\/www.amstelprinting.nl\\\/it\\\/\",\"logo\":{\"@type\":\"ImageObject\",\"inLanguage\":\"it-IT\",\"@id\":\"https:\\\/\\\/www.amstelprinting.nl\\\/it\\\/#\\\/schema\\\/logo\\\/image\\\/\",\"url\":\"https:\\\/\\\/www.amstelprinting.nl\\\/wp-content\\\/uploads\\\/amstel_printing_logo_clean.png\",\"contentUrl\":\"https:\\\/\\\/www.amstelprinting.nl\\\/wp-content\\\/uploads\\\/amstel_printing_logo_clean.png\",\"width\":324,\"height\":73,\"caption\":\"Amstel Printing\"},\"image\":{\"@id\":\"https:\\\/\\\/www.amstelprinting.nl\\\/it\\\/#\\\/schema\\\/logo\\\/image\\\/\"}}]}<\/script>\n<!-- \/ Yoast SEO plugin. -->","yoast_head_json":{"title":"Ordina Beach flag su misura - Massima esposizione per il tuo brand","description":"Ordina la tua beach flag oggi per la consegna domani! Scegli tra 4 forme, 13 formati e materiali durevoli. Perfetto per eventi e locali aziendali.","robots":{"index":"index","follow":"follow","max-snippet":"max-snippet:-1","max-image-preview":"max-image-preview:large","max-video-preview":"max-video-preview:-1"},"canonical":"https:\/\/www.amstelprinting.nl\/it\/negozio\/tutte-le-bandiere\/bandiere-da-spiaggia\/beach-flag\/","og_locale":"it_IT","og_type":"article","og_title":"Ordina Beach flag su misura - Massima esposizione per il tuo brand","og_description":"Ordina la tua beach flag oggi per la consegna domani! Scegli tra 4 forme, 13 formati e materiali durevoli. Perfetto per eventi e locali aziendali.","og_url":"https:\/\/www.amstelprinting.nl\/it\/negozio\/tutte-le-bandiere\/bandiere-da-spiaggia\/beach-flag\/","og_site_name":"Amstel Printing","article_modified_time":"2026-02-18T11:38:43+00:00","og_image":[{"width":900,"height":900,"url":"https:\/\/www.amstelprinting.nl\/wp-content\/uploads\/beachflag-straight-bedrukken.png","type":"image\/png"}],"twitter_card":"summary_large_image","twitter_misc":{"Tempo di lettura stimato":"2 minuti"},"schema":{"@context":"https:\/\/schema.org","@graph":[{"@type":"WebPage","@id":"https:\/\/www.amstelprinting.nl\/it\/negozio\/tutte-le-bandiere\/bandiere-da-spiaggia\/beach-flag\/","url":"https:\/\/www.amstelprinting.nl\/it\/negozio\/tutte-le-bandiere\/bandiere-da-spiaggia\/beach-flag\/","name":"Ordina Beach flag su misura - Massima esposizione per il tuo brand","isPartOf":{"@id":"https:\/\/www.amstelprinting.nl\/it\/#website"},"primaryImageOfPage":{"@id":"https:\/\/www.amstelprinting.nl\/it\/negozio\/tutte-le-bandiere\/bandiere-da-spiaggia\/beach-flag\/#primaryimage"},"image":{"@id":"https:\/\/www.amstelprinting.nl\/it\/negozio\/tutte-le-bandiere\/bandiere-da-spiaggia\/beach-flag\/#primaryimage"},"thumbnailUrl":"https:\/\/www.amstelprinting.nl\/wp-content\/uploads\/beachflag-straight-bedrukken.png","datePublished":"2025-01-24T10:30:55+00:00","dateModified":"2026-02-18T11:38:43+00:00","description":"Ordina la tua beach flag oggi per la consegna domani! Scegli tra 4 forme, 13 formati e materiali durevoli. Perfetto per eventi e locali aziendali.","breadcrumb":{"@id":"https:\/\/www.amstelprinting.nl\/it\/negozio\/tutte-le-bandiere\/bandiere-da-spiaggia\/beach-flag\/#breadcrumb"},"inLanguage":"it-IT","potentialAction":[{"@type":"ReadAction","target":["https:\/\/www.amstelprinting.nl\/it\/negozio\/tutte-le-bandiere\/bandiere-da-spiaggia\/beach-flag\/"]}]},{"@type":"ImageObject","inLanguage":"it-IT","@id":"https:\/\/www.amstelprinting.nl\/it\/negozio\/tutte-le-bandiere\/bandiere-da-spiaggia\/beach-flag\/#primaryimage","url":"https:\/\/www.amstelprinting.nl\/wp-content\/uploads\/beachflag-straight-bedrukken.png","contentUrl":"https:\/\/www.amstelprinting.nl\/wp-content\/uploads\/beachflag-straight-bedrukken.png","width":900,"height":900},{"@type":"BreadcrumbList","@id":"https:\/\/www.amstelprinting.nl\/it\/negozio\/tutte-le-bandiere\/bandiere-da-spiaggia\/beach-flag\/#breadcrumb","itemListElement":[{"@type":"ListItem","position":1,"name":"","item":"https:\/\/www.amstelprinting.nl\/it\/"},{"@type":"ListItem","position":2,"name":"Amstel Printing","item":"https:\/\/www.amstelprinting.nl\/it\/negozio\/"},{"@type":"ListItem","position":3,"name":"Bandiere","item":"https:\/\/www.amstelprinting.nl\/it\/categoria\/tutte-le-bandiere\/"},{"@type":"ListItem","position":4,"name":"Bandiere da spiaggia","item":"https:\/\/www.amstelprinting.nl\/it\/categoria\/tutte-le-bandiere\/bandiere-da-spiaggia\/"},{"@type":"ListItem","position":5,"name":"Beach flag"}]},{"@type":"WebSite","@id":"https:\/\/www.amstelprinting.nl\/it\/#website","url":"https:\/\/www.amstelprinting.nl\/it\/","name":"Amstel Printing","description":"Creating Exposure","publisher":{"@id":"https:\/\/www.amstelprinting.nl\/it\/#organization"},"potentialAction":[{"@type":"SearchAction","target":{"@type":"EntryPoint","urlTemplate":"https:\/\/www.amstelprinting.nl\/it\/?s={search_term_string}"},"query-input":{"@type":"PropertyValueSpecification","valueRequired":true,"valueName":"search_term_string"}}],"inLanguage":"it-IT"},{"@type":"Organization","@id":"https:\/\/www.amstelprinting.nl\/it\/#organization","name":"Amstel Printing","url":"https:\/\/www.amstelprinting.nl\/it\/","logo":{"@type":"ImageObject","inLanguage":"it-IT","@id":"https:\/\/www.amstelprinting.nl\/it\/#\/schema\/logo\/image\/","url":"https:\/\/www.amstelprinting.nl\/wp-content\/uploads\/amstel_printing_logo_clean.png","contentUrl":"https:\/\/www.amstelprinting.nl\/wp-content\/uploads\/amstel_printing_logo_clean.png","width":324,"height":73,"caption":"Amstel Printing"},"image":{"@id":"https:\/\/www.amstelprinting.nl\/it\/#\/schema\/logo\/image\/"}}]}},"_links":{"self":[{"href":"https:\/\/www.amstelprinting.nl\/it\/wp-json\/wp\/v2\/product\/14666","targetHints":{"allow":["GET"]}}],"collection":[{"href":"https:\/\/www.amstelprinting.nl\/it\/wp-json\/wp\/v2\/product"}],"about":[{"href":"https:\/\/www.amstelprinting.nl\/it\/wp-json\/wp\/v2\/types\/product"}],"wp:featuredmedia":[{"embeddable":true,"href":"https:\/\/www.amstelprinting.nl\/it\/wp-json\/wp\/v2\/media\/14667"}],"wp:attachment":[{"href":"https:\/\/www.amstelprinting.nl\/it\/wp-json\/wp\/v2\/media?parent=14666"}],"wp:term":[{"taxonomy":"product_brand","embeddable":true,"href":"https:\/\/www.amstelprinting.nl\/it\/wp-json\/wp\/v2\/product_brand?post=14666"},{"taxonomy":"product_cat","embeddable":true,"href":"https:\/\/www.amstelprinting.nl\/it\/wp-json\/wp\/v2\/product_cat?post=14666"},{"taxonomy":"product_tag","embeddable":true,"href":"https:\/\/www.amstelprinting.nl\/it\/wp-json\/wp\/v2\/product_tag?post=14666"}],"curies":[{"name":"wp","href":"https:\/\/api.w.org\/{rel}","templated":true}]}}