{"id":14741,"date":"2025-01-24T11:29:46","date_gmt":"2025-01-24T10:29:46","guid":{"rendered":"https:\/\/www.amstelprinting.nl\/winkel\/senza-categoria\/akoestisch-textielframe\/"},"modified":"2026-02-18T12:38:47","modified_gmt":"2026-02-18T11:38:47","slug":"cornice-tessile-acustica","status":"publish","type":"product","link":"https:\/\/www.amstelprinting.nl\/it\/negozio\/interno\/decorazione-murale\/cornice-tessile-acustica\/","title":{"rendered":"Cornice tessile acustica"},"content":{"rendered":"<h3>Ordinare una cornice tessile acustica<\/h3>\n<p>Crea l&#8217;ambiente sonoro perfetto con la nostra cornice tessile acustica. Migliora l&#8217;acustica e l&#8217;aspetto di ogni ambiente con la nostra versatile cornice tessile acustica. Sia che tu voglia ottimizzare l&#8217;acustica e l&#8217;estetica di un ufficio, di uno spazio pubblico o di una zona giorno; la cornice tessile acustica \u00e8 la soluzione perfetta. Decidi tu stesso il formato desiderato. Un nuovo design? Nessun problema! Puoi ordinare facilmente il telo con bordino in silicone separatamente.<\/p>\n<h3>Vantaggi<\/h3>\n<ul>\n<li>Include una stampa nitidissima del tuo design o della tua immagine<\/li>\n<li>Il telo con bordino in silicone \u00e8 facilmente sostituibile<\/li>\n<li>Scelta tra tre colori della cornice (alluminio, nero o bianco)<\/li>\n<li>Disponibile in sette materiali diversi<\/li>\n<li>Consegna possibile entro 1 giorno lavorativo!<\/li>\n<\/ul>\n<p>&nbsp;<\/p>\n<h3>Materiali<\/h3>\n<p>Le nostre cornici sono disponibili in argento (alluminio), nero o bianco, adattandosi perfettamente a ogni interno. Offriamo un&#8217;ampia gamma di materiali di alta qualit\u00e0 (teli con bordino). Di seguito spieghiamo brevemente le diverse propriet\u00e0.<\/p>\n<ul>\n<li><strong>Dekostof<\/strong>: Il tipo di telo pi\u00f9 ordinato. Tessuto in poliestere flessibile con una struttura fine e un aspetto d&#8217;impatto.<\/li>\n<li><strong>Dekostof Blockout<\/strong>: Tessuto in poliestere oscurante con retro nero e certificazione B1.<\/li>\n<li><strong>Structex<\/strong>: Tessuto strutturato in poliestere di alta qualit\u00e0 con un look in cotone.<\/li>\n<li><strong>Velours<\/strong>: Poliestere di alta qualit\u00e0 con pelo corto, per un aspetto vellutato.<\/li>\n<li><strong>Blackback Soft<\/strong>: Tessuto block-out in poliestere con retro nero e certificazione B1.<\/li>\n<li><strong>Blackback XL<\/strong>: Tessuto block-out in poliestere con retro nero e certificazione B1, ideale per grandi formati.<\/li>\n<li><strong>Decotex UV<\/strong>: Tessuto in poliestere flessibile con una struttura fine e un aspetto d&#8217;impatto, perfetto per grandi formati.<\/li>\n<\/ul>\n<p>&nbsp;<\/p>\n<h3>Caratteristiche<\/h3>\n<p>Il materiale acustico spesso 25 mm (pannello) \u00e8 invisibile e si trova all&#8217;interno della cornice tessile. Il telo con bordino (con la tua stampa) viene posizionato sopra di esso.<br \/>\nIl pannello acustico \u00e8 realizzato al 60% in fibre di poliestere riciclate ed \u00e8 riciclabile al 100%. Con un coefficiente di riduzione del rumore di 0,45 (classe di assorbimento D), contribuisce efficacemente a un ambiente sonoro migliore. Inoltre, l&#8217;intero prodotto \u00e8 difficilmente infiammabile e ignifugo, rendendolo sicuro per l&#8217;uso in spazi pubblici. Soddisfa la norma DIN 4102 B1 e il certificato \u00e8 disponibile sotto la voce Downloads.<\/p>\n<h3>Accessori<\/h3>\n<p>Puoi scegliere di appendere o avvitare la cornice tessile acustica, a seconda delle tue preferenze. Inoltre, offriamo accessori pratici, come l&#8217;E-locktool, per rendere l&#8217;installazione il pi\u00f9 semplice possibile. Scegli la nostra Cornice Tessile Acustica e combina l&#8217;insonorizzazione con lo stile in ogni ambiente. Ottimizza il tuo ambiente con questa soluzione sostenibile, sicura contro gli incendi e su misura!<\/p>\n","protected":false},"excerpt":{"rendered":"<h3>Bellissimo pannello acustico con telo con bordino sostituibile<\/h3>\n<p>Decidi tu stesso la dimensione. Carica la tua foto o scegli tra pi\u00f9 di 20.000 design. L&#8217;unicit\u00e0 di questa cornice tessile \u00e8 che contribuisce a migliorare l&#8217;acustica. Componi il tuo pannello acustico in pochi passaggi qui sotto!<\/p>\n","protected":false},"featured_media":14742,"template":"","meta":{"_et_pb_use_builder":"","_et_pb_old_content":"","_et_gb_content_width":""},"product_brand":[],"product_cat":[624,544,378,445,627],"product_tag":[],"class_list":{"0":"post-14741","1":"product","2":"type-product","3":"status-publish","4":"has-post-thumbnail","6":"product_cat-decorazione-murale","7":"product_cat-interno","8":"product_cat-pubblicita-interna","9":"product_cat-pubblicita-murale","10":"product_cat-ufficio","12":"first","13":"instock","14":"taxable","15":"shipping-taxable","16":"purchasable","17":"product-type-simple"},"yoast_head":"<!-- This site is optimized with the Yoast SEO plugin v27.3 - https:\/\/yoast.com\/product\/yoast-seo-wordpress\/ -->\n<title>Cornice tessile acustica | Amstel Printing<\/title>\n<meta name=\"robots\" content=\"index, follow, max-snippet:-1, max-image-preview:large, max-video-preview:-1\" \/>\n<link rel=\"canonical\" href=\"https:\/\/www.amstelprinting.nl\/it\/negozio\/interno\/decorazione-murale\/cornice-tessile-acustica\/\" \/>\n<meta property=\"og:locale\" content=\"it_IT\" \/>\n<meta property=\"og:type\" content=\"article\" \/>\n<meta property=\"og:title\" content=\"Cornice tessile acustica | Amstel Printing\" \/>\n<meta property=\"og:description\" content=\"Bellissimo pannello acustico con telo con bordino sostituibile Decidi tu stesso la dimensione. Carica la tua foto o scegli tra pi\u00f9 di 20.000 design. L&#039;unicit\u00e0 di questa cornice tessile \u00e8 che contribuisce a migliorare l&#039;acustica. Componi il tuo pannello acustico in pochi passaggi qui sotto!\" \/>\n<meta property=\"og:url\" content=\"https:\/\/www.amstelprinting.nl\/it\/negozio\/interno\/decorazione-murale\/cornice-tessile-acustica\/\" \/>\n<meta property=\"og:site_name\" content=\"Amstel Printing\" \/>\n<meta property=\"article:modified_time\" content=\"2026-02-18T11:38:47+00:00\" \/>\n<meta property=\"og:image\" content=\"https:\/\/www.amstelprinting.nl\/wp-content\/uploads\/Akoestisch-textielframe.jpg\" \/>\n\t<meta property=\"og:image:width\" content=\"700\" \/>\n\t<meta property=\"og:image:height\" content=\"700\" \/>\n\t<meta property=\"og:image:type\" content=\"image\/jpeg\" \/>\n<meta name=\"twitter:card\" content=\"summary_large_image\" \/>\n<meta name=\"twitter:label1\" content=\"Tempo di lettura stimato\" \/>\n\t<meta name=\"twitter:data1\" content=\"2 minuti\" \/>\n<script type=\"application\/ld+json\" class=\"yoast-schema-graph\">{\"@context\":\"https:\\\/\\\/schema.org\",\"@graph\":[{\"@type\":\"WebPage\",\"@id\":\"https:\\\/\\\/www.amstelprinting.nl\\\/it\\\/negozio\\\/interno\\\/decorazione-murale\\\/cornice-tessile-acustica\\\/\",\"url\":\"https:\\\/\\\/www.amstelprinting.nl\\\/it\\\/negozio\\\/interno\\\/decorazione-murale\\\/cornice-tessile-acustica\\\/\",\"name\":\"Cornice tessile acustica | Amstel Printing\",\"isPartOf\":{\"@id\":\"https:\\\/\\\/www.amstelprinting.nl\\\/it\\\/#website\"},\"primaryImageOfPage\":{\"@id\":\"https:\\\/\\\/www.amstelprinting.nl\\\/it\\\/negozio\\\/interno\\\/decorazione-murale\\\/cornice-tessile-acustica\\\/#primaryimage\"},\"image\":{\"@id\":\"https:\\\/\\\/www.amstelprinting.nl\\\/it\\\/negozio\\\/interno\\\/decorazione-murale\\\/cornice-tessile-acustica\\\/#primaryimage\"},\"thumbnailUrl\":\"https:\\\/\\\/www.amstelprinting.nl\\\/wp-content\\\/uploads\\\/Akoestisch-textielframe.jpg\",\"datePublished\":\"2025-01-24T10:29:46+00:00\",\"dateModified\":\"2026-02-18T11:38:47+00:00\",\"breadcrumb\":{\"@id\":\"https:\\\/\\\/www.amstelprinting.nl\\\/it\\\/negozio\\\/interno\\\/decorazione-murale\\\/cornice-tessile-acustica\\\/#breadcrumb\"},\"inLanguage\":\"it-IT\",\"potentialAction\":[{\"@type\":\"ReadAction\",\"target\":[\"https:\\\/\\\/www.amstelprinting.nl\\\/it\\\/negozio\\\/interno\\\/decorazione-murale\\\/cornice-tessile-acustica\\\/\"]}]},{\"@type\":\"ImageObject\",\"inLanguage\":\"it-IT\",\"@id\":\"https:\\\/\\\/www.amstelprinting.nl\\\/it\\\/negozio\\\/interno\\\/decorazione-murale\\\/cornice-tessile-acustica\\\/#primaryimage\",\"url\":\"https:\\\/\\\/www.amstelprinting.nl\\\/wp-content\\\/uploads\\\/Akoestisch-textielframe.jpg\",\"contentUrl\":\"https:\\\/\\\/www.amstelprinting.nl\\\/wp-content\\\/uploads\\\/Akoestisch-textielframe.jpg\",\"width\":700,\"height\":700},{\"@type\":\"BreadcrumbList\",\"@id\":\"https:\\\/\\\/www.amstelprinting.nl\\\/it\\\/negozio\\\/interno\\\/decorazione-murale\\\/cornice-tessile-acustica\\\/#breadcrumb\",\"itemListElement\":[{\"@type\":\"ListItem\",\"position\":1,\"name\":\"\",\"item\":\"https:\\\/\\\/www.amstelprinting.nl\\\/it\\\/\"},{\"@type\":\"ListItem\",\"position\":2,\"name\":\"Amstel Printing\",\"item\":\"https:\\\/\\\/www.amstelprinting.nl\\\/it\\\/negozio\\\/\"},{\"@type\":\"ListItem\",\"position\":3,\"name\":\"Pubblicit\u00e0 interna\",\"item\":\"https:\\\/\\\/www.amstelprinting.nl\\\/it\\\/categoria\\\/pubblicita-interna\\\/\"},{\"@type\":\"ListItem\",\"position\":4,\"name\":\"Pubblicit\u00e0 murale\",\"item\":\"https:\\\/\\\/www.amstelprinting.nl\\\/it\\\/categoria\\\/pubblicita-interna\\\/pubblicita-murale\\\/\"},{\"@type\":\"ListItem\",\"position\":5,\"name\":\"Cornice tessile acustica\"}]},{\"@type\":\"WebSite\",\"@id\":\"https:\\\/\\\/www.amstelprinting.nl\\\/it\\\/#website\",\"url\":\"https:\\\/\\\/www.amstelprinting.nl\\\/it\\\/\",\"name\":\"Amstel Printing\",\"description\":\"Creating Exposure\",\"publisher\":{\"@id\":\"https:\\\/\\\/www.amstelprinting.nl\\\/it\\\/#organization\"},\"potentialAction\":[{\"@type\":\"SearchAction\",\"target\":{\"@type\":\"EntryPoint\",\"urlTemplate\":\"https:\\\/\\\/www.amstelprinting.nl\\\/it\\\/?s={search_term_string}\"},\"query-input\":{\"@type\":\"PropertyValueSpecification\",\"valueRequired\":true,\"valueName\":\"search_term_string\"}}],\"inLanguage\":\"it-IT\"},{\"@type\":\"Organization\",\"@id\":\"https:\\\/\\\/www.amstelprinting.nl\\\/it\\\/#organization\",\"name\":\"Amstel Printing\",\"url\":\"https:\\\/\\\/www.amstelprinting.nl\\\/it\\\/\",\"logo\":{\"@type\":\"ImageObject\",\"inLanguage\":\"it-IT\",\"@id\":\"https:\\\/\\\/www.amstelprinting.nl\\\/it\\\/#\\\/schema\\\/logo\\\/image\\\/\",\"url\":\"https:\\\/\\\/www.amstelprinting.nl\\\/wp-content\\\/uploads\\\/amstel_printing_logo_clean.png\",\"contentUrl\":\"https:\\\/\\\/www.amstelprinting.nl\\\/wp-content\\\/uploads\\\/amstel_printing_logo_clean.png\",\"width\":324,\"height\":73,\"caption\":\"Amstel Printing\"},\"image\":{\"@id\":\"https:\\\/\\\/www.amstelprinting.nl\\\/it\\\/#\\\/schema\\\/logo\\\/image\\\/\"}}]}<\/script>\n<!-- \/ Yoast SEO plugin. -->","yoast_head_json":{"title":"Cornice tessile acustica | Amstel Printing","robots":{"index":"index","follow":"follow","max-snippet":"max-snippet:-1","max-image-preview":"max-image-preview:large","max-video-preview":"max-video-preview:-1"},"canonical":"https:\/\/www.amstelprinting.nl\/it\/negozio\/interno\/decorazione-murale\/cornice-tessile-acustica\/","og_locale":"it_IT","og_type":"article","og_title":"Cornice tessile acustica | Amstel Printing","og_description":"Bellissimo pannello acustico con telo con bordino sostituibile Decidi tu stesso la dimensione. Carica la tua foto o scegli tra pi\u00f9 di 20.000 design. L'unicit\u00e0 di questa cornice tessile \u00e8 che contribuisce a migliorare l'acustica. Componi il tuo pannello acustico in pochi passaggi qui sotto!","og_url":"https:\/\/www.amstelprinting.nl\/it\/negozio\/interno\/decorazione-murale\/cornice-tessile-acustica\/","og_site_name":"Amstel Printing","article_modified_time":"2026-02-18T11:38:47+00:00","og_image":[{"width":700,"height":700,"url":"https:\/\/www.amstelprinting.nl\/wp-content\/uploads\/Akoestisch-textielframe.jpg","type":"image\/jpeg"}],"twitter_card":"summary_large_image","twitter_misc":{"Tempo di lettura stimato":"2 minuti"},"schema":{"@context":"https:\/\/schema.org","@graph":[{"@type":"WebPage","@id":"https:\/\/www.amstelprinting.nl\/it\/negozio\/interno\/decorazione-murale\/cornice-tessile-acustica\/","url":"https:\/\/www.amstelprinting.nl\/it\/negozio\/interno\/decorazione-murale\/cornice-tessile-acustica\/","name":"Cornice tessile acustica | Amstel Printing","isPartOf":{"@id":"https:\/\/www.amstelprinting.nl\/it\/#website"},"primaryImageOfPage":{"@id":"https:\/\/www.amstelprinting.nl\/it\/negozio\/interno\/decorazione-murale\/cornice-tessile-acustica\/#primaryimage"},"image":{"@id":"https:\/\/www.amstelprinting.nl\/it\/negozio\/interno\/decorazione-murale\/cornice-tessile-acustica\/#primaryimage"},"thumbnailUrl":"https:\/\/www.amstelprinting.nl\/wp-content\/uploads\/Akoestisch-textielframe.jpg","datePublished":"2025-01-24T10:29:46+00:00","dateModified":"2026-02-18T11:38:47+00:00","breadcrumb":{"@id":"https:\/\/www.amstelprinting.nl\/it\/negozio\/interno\/decorazione-murale\/cornice-tessile-acustica\/#breadcrumb"},"inLanguage":"it-IT","potentialAction":[{"@type":"ReadAction","target":["https:\/\/www.amstelprinting.nl\/it\/negozio\/interno\/decorazione-murale\/cornice-tessile-acustica\/"]}]},{"@type":"ImageObject","inLanguage":"it-IT","@id":"https:\/\/www.amstelprinting.nl\/it\/negozio\/interno\/decorazione-murale\/cornice-tessile-acustica\/#primaryimage","url":"https:\/\/www.amstelprinting.nl\/wp-content\/uploads\/Akoestisch-textielframe.jpg","contentUrl":"https:\/\/www.amstelprinting.nl\/wp-content\/uploads\/Akoestisch-textielframe.jpg","width":700,"height":700},{"@type":"BreadcrumbList","@id":"https:\/\/www.amstelprinting.nl\/it\/negozio\/interno\/decorazione-murale\/cornice-tessile-acustica\/#breadcrumb","itemListElement":[{"@type":"ListItem","position":1,"name":"","item":"https:\/\/www.amstelprinting.nl\/it\/"},{"@type":"ListItem","position":2,"name":"Amstel Printing","item":"https:\/\/www.amstelprinting.nl\/it\/negozio\/"},{"@type":"ListItem","position":3,"name":"Pubblicit\u00e0 interna","item":"https:\/\/www.amstelprinting.nl\/it\/categoria\/pubblicita-interna\/"},{"@type":"ListItem","position":4,"name":"Pubblicit\u00e0 murale","item":"https:\/\/www.amstelprinting.nl\/it\/categoria\/pubblicita-interna\/pubblicita-murale\/"},{"@type":"ListItem","position":5,"name":"Cornice tessile acustica"}]},{"@type":"WebSite","@id":"https:\/\/www.amstelprinting.nl\/it\/#website","url":"https:\/\/www.amstelprinting.nl\/it\/","name":"Amstel Printing","description":"Creating Exposure","publisher":{"@id":"https:\/\/www.amstelprinting.nl\/it\/#organization"},"potentialAction":[{"@type":"SearchAction","target":{"@type":"EntryPoint","urlTemplate":"https:\/\/www.amstelprinting.nl\/it\/?s={search_term_string}"},"query-input":{"@type":"PropertyValueSpecification","valueRequired":true,"valueName":"search_term_string"}}],"inLanguage":"it-IT"},{"@type":"Organization","@id":"https:\/\/www.amstelprinting.nl\/it\/#organization","name":"Amstel Printing","url":"https:\/\/www.amstelprinting.nl\/it\/","logo":{"@type":"ImageObject","inLanguage":"it-IT","@id":"https:\/\/www.amstelprinting.nl\/it\/#\/schema\/logo\/image\/","url":"https:\/\/www.amstelprinting.nl\/wp-content\/uploads\/amstel_printing_logo_clean.png","contentUrl":"https:\/\/www.amstelprinting.nl\/wp-content\/uploads\/amstel_printing_logo_clean.png","width":324,"height":73,"caption":"Amstel Printing"},"image":{"@id":"https:\/\/www.amstelprinting.nl\/it\/#\/schema\/logo\/image\/"}}]}},"_links":{"self":[{"href":"https:\/\/www.amstelprinting.nl\/it\/wp-json\/wp\/v2\/product\/14741","targetHints":{"allow":["GET"]}}],"collection":[{"href":"https:\/\/www.amstelprinting.nl\/it\/wp-json\/wp\/v2\/product"}],"about":[{"href":"https:\/\/www.amstelprinting.nl\/it\/wp-json\/wp\/v2\/types\/product"}],"wp:featuredmedia":[{"embeddable":true,"href":"https:\/\/www.amstelprinting.nl\/it\/wp-json\/wp\/v2\/media\/14742"}],"wp:attachment":[{"href":"https:\/\/www.amstelprinting.nl\/it\/wp-json\/wp\/v2\/media?parent=14741"}],"wp:term":[{"taxonomy":"product_brand","embeddable":true,"href":"https:\/\/www.amstelprinting.nl\/it\/wp-json\/wp\/v2\/product_brand?post=14741"},{"taxonomy":"product_cat","embeddable":true,"href":"https:\/\/www.amstelprinting.nl\/it\/wp-json\/wp\/v2\/product_cat?post=14741"},{"taxonomy":"product_tag","embeddable":true,"href":"https:\/\/www.amstelprinting.nl\/it\/wp-json\/wp\/v2\/product_tag?post=14741"}],"curies":[{"name":"wp","href":"https:\/\/api.w.org\/{rel}","templated":true}]}}