{"id":14781,"date":"2025-01-24T11:29:14","date_gmt":"2025-01-24T10:29:14","guid":{"rendered":"https:\/\/www.amstelprinting.nl\/winkel\/senza-categoria\/paneel\/"},"modified":"2026-02-18T12:38:52","modified_gmt":"2026-02-18T11:38:52","slug":"pannello","status":"publish","type":"product","link":"https:\/\/www.amstelprinting.nl\/it\/negozio\/pubblicita-interna\/pubblicita-murale\/pannello\/","title":{"rendered":"Pannello"},"content":{"rendered":"<h3>Stampa pannelli<\/h3>\n<p>Scopri la nostra versatile collezione di pannelli, dotati di una stampa nitidissima a tua scelta. Sia che tu stia cercando una segnaletica funzionale, elementi decorativi o presentazioni professionali, i nostri pannelli offrono un&#8217;ampia selezione di materiali e possibilit\u00e0. Personalizza il pannello con una stampa del tuo design o scegli tra i nostri motivi esistenti per un look unico. Consegna spesso possibile entro 1 giorno lavorativo!<\/p>\n<h3>Vantaggi<\/h3>\n<ul>\n<li>Ordinabile in qualsiasi formato e forma<\/li>\n<li>Consegna rapida: possibile entro 1 giorno lavorativo<\/li>\n<li>Ignifugo, quindi adatto anche per spazi pubblici<\/li>\n<li>Disponibile in 12 materiali diversi in vari spessori<\/li>\n<li>Scegli il tuo design o uno dei nostri motivi esistenti<\/li>\n<\/ul>\n<p>&nbsp;<\/p>\n<h3>Materiali: il pannello giusto per ogni applicazione<\/h3>\n<p>Utilizzerai il pannello all&#8217;esterno? Desideri una stampa fronte-retro? La durabilit\u00e0 \u00e8 importante? O hai un desiderio specifico riguardo alla finitura o all&#8217;aspetto del pannello? Di seguito spieghiamo brevemente le propriet\u00e0 dei materiali. In questo modo potrai ordinare rapidamente il pannello giusto.<\/p>\n<ul>\n<li><strong>Dibond\u00ae<\/strong>: Robusto pannello in alluminio con strato superiore bianco, adatto sia per uso interno che esterno.<\/li>\n<li><strong>Dibond\u00ae Butler Finish<\/strong>: Pannello sandwich in alluminio con un aspetto in acciaio inossidabile spazzolato, perfetto per uso interno ed esterno.<\/li>\n<li><strong>Forex\u00ae<\/strong>: PVC espanso leggero, ideale per uso interno.<\/li>\n<li><strong>Plexiglas<\/strong>: Materiale trasparente dall&#8217;aspetto moderno, adatto per interni ed esterni (sensibile ai graffi).<\/li>\n<li><strong>Easyprint<\/strong>: Materiale in lastre di polipropilene leggero per risultati di stampa di alta qualit\u00e0.<\/li>\n<li><strong>Multistrato<\/strong>: Legno di pioppo ecologico con un aspetto naturale, adatto per uso interno.<\/li>\n<li><strong>Re-board<\/strong>: Struttura a sandwich in cartone rigida e leggera con strato superiore bianco, ideale per interni ed ecologica.<\/li>\n<li><strong>Sign Again<\/strong>: Materiale circolare realizzato con striscioni riciclati e scarti di taglio, adatto per interni ed esterni.<\/li>\n<li><strong>HPL<\/strong>: Pannello HPL molto resistente con nucleo marrone e strato superiore bianco, adatto per uso interno ed esterno.<\/li>\n<li><strong>Akylite<\/strong>: Pannello leggero senza PVC con nucleo a nido d&#8217;ape, adatto per interni ed esterni.<\/li>\n<li><strong>Cartone da esposizione<\/strong>: Cartone flessibile con retro grigio a anima piena e strato superiore bianco, ideale per uso interno (non pieghevole).<\/li>\n<li><strong>Dibond\u00ae XL<\/strong>: Pannello in alluminio extra grande con strato superiore bianco, adatto sia per uso interno che esterno.<\/li>\n<\/ul>\n<p>&nbsp;<\/p>\n<h3>Finitura<\/h3>\n<p>Scegli tra taglio dritto o taglio sagomato (forma personalizzata) e opzioni per fori di perforazione (per un fissaggio del pannello a scelta).<\/p>\n<h3>Accessori per un fissaggio semplice<\/h3>\n<p>Durante il processo di ordinazione, hai la possibilit\u00e0 di ordinare opzionalmente vari accessori. Puoi scegliere tra diversi tipi di velcro e piastre di sospensione (in varie dimensioni).<\/p>\n<h3>Domande frequenti<\/h3>\n<p><strong>Qual \u00e8 il modo migliore per pulire il pannello?<\/strong><br \/>\nPer pulire i pannelli, \u00e8 meglio usare un detergente delicato mischiato con acqua. Poich\u00e9 l&#8217;inchiostro si trova sul materiale con la tecnica di stampa UV, la superficie \u00e8 sensibile ai danni in caso di trattamento troppo brusco. Per una protezione extra contro i graffi, puoi considerare di dotare i pannelli Dibond\u00ae di un rivestimento.<\/p>\n<p><strong>Qual \u00e8 il vantaggio di un rivestimento?<\/strong><br \/>\nIl materiale in lastre ottiene un colore pi\u00f9 intenso grazie a un rivestimento e offre una migliore protezione della stampa.<\/p>\n","protected":false},"excerpt":{"rendered":"<p>Stampa pannelli con il tuo design, immagine o logo? Scegli tra oltre 12 diversi tipi di materiali per pannelli. Decidi tu stesso le dimensioni. Componi il tuo pannello stampato in pochi passaggi qui sotto.<\/p>\n","protected":false},"featured_media":14782,"template":"","meta":{"_et_pb_use_builder":"","_et_pb_old_content":"","_et_gb_content_width":""},"product_brand":[],"product_cat":[314,378,445],"product_tag":[],"class_list":{"0":"post-14781","1":"product","2":"type-product","3":"status-publish","4":"has-post-thumbnail","6":"product_cat-adesivi-e-stampa","7":"product_cat-pubblicita-interna","8":"product_cat-pubblicita-murale","10":"first","11":"instock","12":"taxable","13":"shipping-taxable","14":"purchasable","15":"product-type-simple"},"yoast_head":"<!-- This site is optimized with the Yoast SEO plugin v27.3 - https:\/\/yoast.com\/product\/yoast-seo-wordpress\/ -->\n<title>Pannello Personalizzato Stampato - Consegna Rapida &amp; Diversi Materiali<\/title>\n<meta name=\"description\" content=\"Progetta e ordina il tuo pannello personalizzato in qualsiasi formato e materiale. Crea un impatto immediato con stampe nitide e finiture flessibili.\" \/>\n<meta name=\"robots\" content=\"index, follow, max-snippet:-1, max-image-preview:large, max-video-preview:-1\" \/>\n<link rel=\"canonical\" href=\"https:\/\/www.amstelprinting.nl\/it\/negozio\/pubblicita-interna\/pubblicita-murale\/pannello\/\" \/>\n<meta property=\"og:locale\" content=\"it_IT\" \/>\n<meta property=\"og:type\" content=\"article\" \/>\n<meta property=\"og:title\" content=\"Pannello Personalizzato Stampato - Consegna Rapida &amp; Diversi Materiali\" \/>\n<meta property=\"og:description\" content=\"Progetta e ordina il tuo pannello personalizzato in qualsiasi formato e materiale. Crea un impatto immediato con stampe nitide e finiture flessibili.\" \/>\n<meta property=\"og:url\" content=\"https:\/\/www.amstelprinting.nl\/it\/negozio\/pubblicita-interna\/pubblicita-murale\/pannello\/\" \/>\n<meta property=\"og:site_name\" content=\"Amstel Printing\" \/>\n<meta property=\"article:modified_time\" content=\"2026-02-18T11:38:52+00:00\" \/>\n<meta property=\"og:image\" content=\"https:\/\/www.amstelprinting.nl\/wp-content\/uploads\/paneel-bedrukken.png\" \/>\n\t<meta property=\"og:image:width\" content=\"900\" \/>\n\t<meta property=\"og:image:height\" content=\"900\" \/>\n\t<meta property=\"og:image:type\" content=\"image\/png\" \/>\n<meta name=\"twitter:card\" content=\"summary_large_image\" \/>\n<meta name=\"twitter:label1\" content=\"Tempo di lettura stimato\" \/>\n\t<meta name=\"twitter:data1\" content=\"2 minuti\" \/>\n<script type=\"application\/ld+json\" class=\"yoast-schema-graph\">{\"@context\":\"https:\\\/\\\/schema.org\",\"@graph\":[{\"@type\":\"WebPage\",\"@id\":\"https:\\\/\\\/www.amstelprinting.nl\\\/it\\\/negozio\\\/pubblicita-interna\\\/pubblicita-murale\\\/pannello\\\/\",\"url\":\"https:\\\/\\\/www.amstelprinting.nl\\\/it\\\/negozio\\\/pubblicita-interna\\\/pubblicita-murale\\\/pannello\\\/\",\"name\":\"Pannello Personalizzato Stampato - Consegna Rapida & Diversi Materiali\",\"isPartOf\":{\"@id\":\"https:\\\/\\\/www.amstelprinting.nl\\\/it\\\/#website\"},\"primaryImageOfPage\":{\"@id\":\"https:\\\/\\\/www.amstelprinting.nl\\\/it\\\/negozio\\\/pubblicita-interna\\\/pubblicita-murale\\\/pannello\\\/#primaryimage\"},\"image\":{\"@id\":\"https:\\\/\\\/www.amstelprinting.nl\\\/it\\\/negozio\\\/pubblicita-interna\\\/pubblicita-murale\\\/pannello\\\/#primaryimage\"},\"thumbnailUrl\":\"https:\\\/\\\/www.amstelprinting.nl\\\/wp-content\\\/uploads\\\/paneel-bedrukken.png\",\"datePublished\":\"2025-01-24T10:29:14+00:00\",\"dateModified\":\"2026-02-18T11:38:52+00:00\",\"description\":\"Progetta e ordina il tuo pannello personalizzato in qualsiasi formato e materiale. Crea un impatto immediato con stampe nitide e finiture flessibili.\",\"breadcrumb\":{\"@id\":\"https:\\\/\\\/www.amstelprinting.nl\\\/it\\\/negozio\\\/pubblicita-interna\\\/pubblicita-murale\\\/pannello\\\/#breadcrumb\"},\"inLanguage\":\"it-IT\",\"potentialAction\":[{\"@type\":\"ReadAction\",\"target\":[\"https:\\\/\\\/www.amstelprinting.nl\\\/it\\\/negozio\\\/pubblicita-interna\\\/pubblicita-murale\\\/pannello\\\/\"]}]},{\"@type\":\"ImageObject\",\"inLanguage\":\"it-IT\",\"@id\":\"https:\\\/\\\/www.amstelprinting.nl\\\/it\\\/negozio\\\/pubblicita-interna\\\/pubblicita-murale\\\/pannello\\\/#primaryimage\",\"url\":\"https:\\\/\\\/www.amstelprinting.nl\\\/wp-content\\\/uploads\\\/paneel-bedrukken.png\",\"contentUrl\":\"https:\\\/\\\/www.amstelprinting.nl\\\/wp-content\\\/uploads\\\/paneel-bedrukken.png\",\"width\":900,\"height\":900},{\"@type\":\"BreadcrumbList\",\"@id\":\"https:\\\/\\\/www.amstelprinting.nl\\\/it\\\/negozio\\\/pubblicita-interna\\\/pubblicita-murale\\\/pannello\\\/#breadcrumb\",\"itemListElement\":[{\"@type\":\"ListItem\",\"position\":1,\"name\":\"\",\"item\":\"https:\\\/\\\/www.amstelprinting.nl\\\/it\\\/\"},{\"@type\":\"ListItem\",\"position\":2,\"name\":\"Amstel Printing\",\"item\":\"https:\\\/\\\/www.amstelprinting.nl\\\/it\\\/negozio\\\/\"},{\"@type\":\"ListItem\",\"position\":3,\"name\":\"Pubblicit\u00e0 interna\",\"item\":\"https:\\\/\\\/www.amstelprinting.nl\\\/it\\\/categoria\\\/pubblicita-interna\\\/\"},{\"@type\":\"ListItem\",\"position\":4,\"name\":\"Pubblicit\u00e0 murale\",\"item\":\"https:\\\/\\\/www.amstelprinting.nl\\\/it\\\/categoria\\\/pubblicita-interna\\\/pubblicita-murale\\\/\"},{\"@type\":\"ListItem\",\"position\":5,\"name\":\"Pannello\"}]},{\"@type\":\"WebSite\",\"@id\":\"https:\\\/\\\/www.amstelprinting.nl\\\/it\\\/#website\",\"url\":\"https:\\\/\\\/www.amstelprinting.nl\\\/it\\\/\",\"name\":\"Amstel Printing\",\"description\":\"Creating Exposure\",\"publisher\":{\"@id\":\"https:\\\/\\\/www.amstelprinting.nl\\\/it\\\/#organization\"},\"potentialAction\":[{\"@type\":\"SearchAction\",\"target\":{\"@type\":\"EntryPoint\",\"urlTemplate\":\"https:\\\/\\\/www.amstelprinting.nl\\\/it\\\/?s={search_term_string}\"},\"query-input\":{\"@type\":\"PropertyValueSpecification\",\"valueRequired\":true,\"valueName\":\"search_term_string\"}}],\"inLanguage\":\"it-IT\"},{\"@type\":\"Organization\",\"@id\":\"https:\\\/\\\/www.amstelprinting.nl\\\/it\\\/#organization\",\"name\":\"Amstel Printing\",\"url\":\"https:\\\/\\\/www.amstelprinting.nl\\\/it\\\/\",\"logo\":{\"@type\":\"ImageObject\",\"inLanguage\":\"it-IT\",\"@id\":\"https:\\\/\\\/www.amstelprinting.nl\\\/it\\\/#\\\/schema\\\/logo\\\/image\\\/\",\"url\":\"https:\\\/\\\/www.amstelprinting.nl\\\/wp-content\\\/uploads\\\/amstel_printing_logo_clean.png\",\"contentUrl\":\"https:\\\/\\\/www.amstelprinting.nl\\\/wp-content\\\/uploads\\\/amstel_printing_logo_clean.png\",\"width\":324,\"height\":73,\"caption\":\"Amstel Printing\"},\"image\":{\"@id\":\"https:\\\/\\\/www.amstelprinting.nl\\\/it\\\/#\\\/schema\\\/logo\\\/image\\\/\"}}]}<\/script>\n<!-- \/ Yoast SEO plugin. -->","yoast_head_json":{"title":"Pannello Personalizzato Stampato - Consegna Rapida & Diversi Materiali","description":"Progetta e ordina il tuo pannello personalizzato in qualsiasi formato e materiale. Crea un impatto immediato con stampe nitide e finiture flessibili.","robots":{"index":"index","follow":"follow","max-snippet":"max-snippet:-1","max-image-preview":"max-image-preview:large","max-video-preview":"max-video-preview:-1"},"canonical":"https:\/\/www.amstelprinting.nl\/it\/negozio\/pubblicita-interna\/pubblicita-murale\/pannello\/","og_locale":"it_IT","og_type":"article","og_title":"Pannello Personalizzato Stampato - Consegna Rapida & Diversi Materiali","og_description":"Progetta e ordina il tuo pannello personalizzato in qualsiasi formato e materiale. Crea un impatto immediato con stampe nitide e finiture flessibili.","og_url":"https:\/\/www.amstelprinting.nl\/it\/negozio\/pubblicita-interna\/pubblicita-murale\/pannello\/","og_site_name":"Amstel Printing","article_modified_time":"2026-02-18T11:38:52+00:00","og_image":[{"width":900,"height":900,"url":"https:\/\/www.amstelprinting.nl\/wp-content\/uploads\/paneel-bedrukken.png","type":"image\/png"}],"twitter_card":"summary_large_image","twitter_misc":{"Tempo di lettura stimato":"2 minuti"},"schema":{"@context":"https:\/\/schema.org","@graph":[{"@type":"WebPage","@id":"https:\/\/www.amstelprinting.nl\/it\/negozio\/pubblicita-interna\/pubblicita-murale\/pannello\/","url":"https:\/\/www.amstelprinting.nl\/it\/negozio\/pubblicita-interna\/pubblicita-murale\/pannello\/","name":"Pannello Personalizzato Stampato - Consegna Rapida & Diversi Materiali","isPartOf":{"@id":"https:\/\/www.amstelprinting.nl\/it\/#website"},"primaryImageOfPage":{"@id":"https:\/\/www.amstelprinting.nl\/it\/negozio\/pubblicita-interna\/pubblicita-murale\/pannello\/#primaryimage"},"image":{"@id":"https:\/\/www.amstelprinting.nl\/it\/negozio\/pubblicita-interna\/pubblicita-murale\/pannello\/#primaryimage"},"thumbnailUrl":"https:\/\/www.amstelprinting.nl\/wp-content\/uploads\/paneel-bedrukken.png","datePublished":"2025-01-24T10:29:14+00:00","dateModified":"2026-02-18T11:38:52+00:00","description":"Progetta e ordina il tuo pannello personalizzato in qualsiasi formato e materiale. Crea un impatto immediato con stampe nitide e finiture flessibili.","breadcrumb":{"@id":"https:\/\/www.amstelprinting.nl\/it\/negozio\/pubblicita-interna\/pubblicita-murale\/pannello\/#breadcrumb"},"inLanguage":"it-IT","potentialAction":[{"@type":"ReadAction","target":["https:\/\/www.amstelprinting.nl\/it\/negozio\/pubblicita-interna\/pubblicita-murale\/pannello\/"]}]},{"@type":"ImageObject","inLanguage":"it-IT","@id":"https:\/\/www.amstelprinting.nl\/it\/negozio\/pubblicita-interna\/pubblicita-murale\/pannello\/#primaryimage","url":"https:\/\/www.amstelprinting.nl\/wp-content\/uploads\/paneel-bedrukken.png","contentUrl":"https:\/\/www.amstelprinting.nl\/wp-content\/uploads\/paneel-bedrukken.png","width":900,"height":900},{"@type":"BreadcrumbList","@id":"https:\/\/www.amstelprinting.nl\/it\/negozio\/pubblicita-interna\/pubblicita-murale\/pannello\/#breadcrumb","itemListElement":[{"@type":"ListItem","position":1,"name":"","item":"https:\/\/www.amstelprinting.nl\/it\/"},{"@type":"ListItem","position":2,"name":"Amstel Printing","item":"https:\/\/www.amstelprinting.nl\/it\/negozio\/"},{"@type":"ListItem","position":3,"name":"Pubblicit\u00e0 interna","item":"https:\/\/www.amstelprinting.nl\/it\/categoria\/pubblicita-interna\/"},{"@type":"ListItem","position":4,"name":"Pubblicit\u00e0 murale","item":"https:\/\/www.amstelprinting.nl\/it\/categoria\/pubblicita-interna\/pubblicita-murale\/"},{"@type":"ListItem","position":5,"name":"Pannello"}]},{"@type":"WebSite","@id":"https:\/\/www.amstelprinting.nl\/it\/#website","url":"https:\/\/www.amstelprinting.nl\/it\/","name":"Amstel Printing","description":"Creating Exposure","publisher":{"@id":"https:\/\/www.amstelprinting.nl\/it\/#organization"},"potentialAction":[{"@type":"SearchAction","target":{"@type":"EntryPoint","urlTemplate":"https:\/\/www.amstelprinting.nl\/it\/?s={search_term_string}"},"query-input":{"@type":"PropertyValueSpecification","valueRequired":true,"valueName":"search_term_string"}}],"inLanguage":"it-IT"},{"@type":"Organization","@id":"https:\/\/www.amstelprinting.nl\/it\/#organization","name":"Amstel Printing","url":"https:\/\/www.amstelprinting.nl\/it\/","logo":{"@type":"ImageObject","inLanguage":"it-IT","@id":"https:\/\/www.amstelprinting.nl\/it\/#\/schema\/logo\/image\/","url":"https:\/\/www.amstelprinting.nl\/wp-content\/uploads\/amstel_printing_logo_clean.png","contentUrl":"https:\/\/www.amstelprinting.nl\/wp-content\/uploads\/amstel_printing_logo_clean.png","width":324,"height":73,"caption":"Amstel Printing"},"image":{"@id":"https:\/\/www.amstelprinting.nl\/it\/#\/schema\/logo\/image\/"}}]}},"_links":{"self":[{"href":"https:\/\/www.amstelprinting.nl\/it\/wp-json\/wp\/v2\/product\/14781","targetHints":{"allow":["GET"]}}],"collection":[{"href":"https:\/\/www.amstelprinting.nl\/it\/wp-json\/wp\/v2\/product"}],"about":[{"href":"https:\/\/www.amstelprinting.nl\/it\/wp-json\/wp\/v2\/types\/product"}],"wp:featuredmedia":[{"embeddable":true,"href":"https:\/\/www.amstelprinting.nl\/it\/wp-json\/wp\/v2\/media\/14782"}],"wp:attachment":[{"href":"https:\/\/www.amstelprinting.nl\/it\/wp-json\/wp\/v2\/media?parent=14781"}],"wp:term":[{"taxonomy":"product_brand","embeddable":true,"href":"https:\/\/www.amstelprinting.nl\/it\/wp-json\/wp\/v2\/product_brand?post=14781"},{"taxonomy":"product_cat","embeddable":true,"href":"https:\/\/www.amstelprinting.nl\/it\/wp-json\/wp\/v2\/product_cat?post=14781"},{"taxonomy":"product_tag","embeddable":true,"href":"https:\/\/www.amstelprinting.nl\/it\/wp-json\/wp\/v2\/product_tag?post=14781"}],"curies":[{"name":"wp","href":"https:\/\/api.w.org\/{rel}","templated":true}]}}