{"id":14821,"date":"2025-01-24T11:28:39","date_gmt":"2025-01-24T10:28:39","guid":{"rendered":"https:\/\/www.amstelprinting.nl\/winkel\/senza-categoria\/hexagons\/"},"modified":"2026-02-18T12:38:59","modified_gmt":"2026-02-18T11:38:59","slug":"esagoni","status":"publish","type":"product","link":"https:\/\/www.amstelprinting.nl\/it\/negozio\/interno\/decorazione-murale\/esagoni\/","title":{"rendered":"Esagoni"},"content":{"rendered":"<h3>Stampa esagoni: scegli il materiale giusto<\/h3>\n<p>I nostri esagoni sono disponibili in sei formati: 15 cm, 20 cm, 25 cm, 30 cm, 35 cm e 40 cm. Inoltre, \u00e8 possibile scegliere tra i diversi materiali elencati di seguito. Ogni materiale ha le sue propriet\u00e0 e il suo aspetto unici. La sostenibilit\u00e0 \u00e8 importante per voi? Oppure desiderate un esagono in plexiglas? O volete utilizzare l&#8217;esagono stampato all&#8217;esterno? Leggete qui sotto quale materiale si adatta meglio alle vostre esigenze.<\/p>\n<ul>\n<li><strong>Dibond\u00ae premium 3 mm<\/strong>: Un pannello sandwich in alluminio premium con anima nera, adatto sia per uso interno che esterno.<\/li>\n<li><strong>Dibond\u00ae Budget 3 mm<\/strong>: Un pannello sandwich in alluminio economico con anima nera, adatto sia per uso interno che esterno.<\/li>\n<li><strong>Dibond\u00ae Butler Finish 3 mm<\/strong>: Un pannello sandwich in alluminio con anima nera e un aspetto in acciaio inossidabile spazzolato, adatto sia per uso interno che esterno.<\/li>\n<li><strong>Forex\u00ae 5 mm<\/strong>: PVC espanso leggero, ideale per l&#8217;uso in interni.<\/li>\n<li><strong>Plexiglas trasparente 5 mm<\/strong>: Materiale trasparente dall&#8217;aspetto moderno, adatto per uso interno ed esterno, ma sensibile ai graffi.<\/li>\n<li><strong>Multistrato 9 mm<\/strong>: Legno di pioppo ecologico dall&#8217;aspetto naturale, adatto per l&#8217;uso in interni.<\/li>\n<li><strong>Sign Again 4 mm<\/strong>: Materiale circolare realizzato con striscioni riciclati e scarti di taglio, adatto sia per uso interno che esterno, resistente agli urti e flessibile.<\/li>\n<\/ul>\n<p>&nbsp;<\/p>\n<h3>Accessori<\/h3>\n<p>Diversi accessori rendono l&#8217;aggancio dei pannelli esagonali facile e veloce. I nostri sistemi di sospensione sono progettati per un fissaggio solido e assicurano che le vostre opere d&#8217;arte rimangano perfettamente in posizione.<\/p>\n<p>Date al vostro spazio un aspetto contemporaneo e unico con i nostri pannelli esagonali. Ordinate oggi stesso e provate la combinazione perfetta di creativit\u00e0, qualit\u00e0 e praticit\u00e0!<\/p>\n","protected":false},"excerpt":{"rendered":"<p>Date ai vostri interni un aspetto accattivante e moderno con i nostri esagoni! Questi eleganti pannelli esagonali sono perfetti per dare un tocco unico e personale a ogni ambiente. Con diversi formati, materiali e pratici accessori, potrete realizzare facilmente il vostro progetto. Quindi mescolate e abbinate (da piccoli a grandi) e create le pi\u00f9 splendide decorazioni murali!<\/p>\n","protected":false},"featured_media":14822,"template":"","meta":{"_et_pb_use_builder":"","_et_pb_old_content":"","_et_gb_content_width":""},"product_brand":[],"product_cat":[624,544,378,445],"product_tag":[],"class_list":{"0":"post-14821","1":"product","2":"type-product","3":"status-publish","4":"has-post-thumbnail","6":"product_cat-decorazione-murale","7":"product_cat-interno","8":"product_cat-pubblicita-interna","9":"product_cat-pubblicita-murale","11":"first","12":"instock","13":"taxable","14":"shipping-taxable","15":"purchasable","16":"product-type-simple"},"yoast_head":"<!-- This site is optimized with the Yoast SEO plugin v27.3 - https:\/\/yoast.com\/product\/yoast-seo-wordpress\/ -->\n<title>Esagoni | Amstel Printing<\/title>\n<meta name=\"robots\" content=\"index, follow, max-snippet:-1, max-image-preview:large, max-video-preview:-1\" \/>\n<link rel=\"canonical\" href=\"https:\/\/www.amstelprinting.nl\/it\/negozio\/interno\/decorazione-murale\/esagoni\/\" \/>\n<meta property=\"og:locale\" content=\"it_IT\" \/>\n<meta property=\"og:type\" content=\"article\" \/>\n<meta property=\"og:title\" content=\"Esagoni | Amstel Printing\" \/>\n<meta property=\"og:description\" content=\"Date ai vostri interni un aspetto accattivante e moderno con i nostri esagoni! Questi eleganti pannelli esagonali sono perfetti per dare un tocco unico e personale a ogni ambiente. Con diversi formati, materiali e pratici accessori, potrete realizzare facilmente il vostro progetto. Quindi mescolate e abbinate (da piccoli a grandi) e create le pi\u00f9 splendide decorazioni murali!\" \/>\n<meta property=\"og:url\" content=\"https:\/\/www.amstelprinting.nl\/it\/negozio\/interno\/decorazione-murale\/esagoni\/\" \/>\n<meta property=\"og:site_name\" content=\"Amstel Printing\" \/>\n<meta property=\"article:modified_time\" content=\"2026-02-18T11:38:59+00:00\" \/>\n<meta property=\"og:image\" content=\"https:\/\/www.amstelprinting.nl\/wp-content\/uploads\/Hexagons.jpg\" \/>\n\t<meta property=\"og:image:width\" content=\"700\" \/>\n\t<meta property=\"og:image:height\" content=\"700\" \/>\n\t<meta property=\"og:image:type\" content=\"image\/jpeg\" \/>\n<meta name=\"twitter:card\" content=\"summary_large_image\" \/>\n<meta name=\"twitter:label1\" content=\"Tempo di lettura stimato\" \/>\n\t<meta name=\"twitter:data1\" content=\"1 minuto\" \/>\n<script type=\"application\/ld+json\" class=\"yoast-schema-graph\">{\"@context\":\"https:\\\/\\\/schema.org\",\"@graph\":[{\"@type\":\"WebPage\",\"@id\":\"https:\\\/\\\/www.amstelprinting.nl\\\/it\\\/negozio\\\/interno\\\/decorazione-murale\\\/esagoni\\\/\",\"url\":\"https:\\\/\\\/www.amstelprinting.nl\\\/it\\\/negozio\\\/interno\\\/decorazione-murale\\\/esagoni\\\/\",\"name\":\"Esagoni | Amstel Printing\",\"isPartOf\":{\"@id\":\"https:\\\/\\\/www.amstelprinting.nl\\\/it\\\/#website\"},\"primaryImageOfPage\":{\"@id\":\"https:\\\/\\\/www.amstelprinting.nl\\\/it\\\/negozio\\\/interno\\\/decorazione-murale\\\/esagoni\\\/#primaryimage\"},\"image\":{\"@id\":\"https:\\\/\\\/www.amstelprinting.nl\\\/it\\\/negozio\\\/interno\\\/decorazione-murale\\\/esagoni\\\/#primaryimage\"},\"thumbnailUrl\":\"https:\\\/\\\/www.amstelprinting.nl\\\/wp-content\\\/uploads\\\/Hexagons.jpg\",\"datePublished\":\"2025-01-24T10:28:39+00:00\",\"dateModified\":\"2026-02-18T11:38:59+00:00\",\"breadcrumb\":{\"@id\":\"https:\\\/\\\/www.amstelprinting.nl\\\/it\\\/negozio\\\/interno\\\/decorazione-murale\\\/esagoni\\\/#breadcrumb\"},\"inLanguage\":\"it-IT\",\"potentialAction\":[{\"@type\":\"ReadAction\",\"target\":[\"https:\\\/\\\/www.amstelprinting.nl\\\/it\\\/negozio\\\/interno\\\/decorazione-murale\\\/esagoni\\\/\"]}]},{\"@type\":\"ImageObject\",\"inLanguage\":\"it-IT\",\"@id\":\"https:\\\/\\\/www.amstelprinting.nl\\\/it\\\/negozio\\\/interno\\\/decorazione-murale\\\/esagoni\\\/#primaryimage\",\"url\":\"https:\\\/\\\/www.amstelprinting.nl\\\/wp-content\\\/uploads\\\/Hexagons.jpg\",\"contentUrl\":\"https:\\\/\\\/www.amstelprinting.nl\\\/wp-content\\\/uploads\\\/Hexagons.jpg\",\"width\":700,\"height\":700},{\"@type\":\"BreadcrumbList\",\"@id\":\"https:\\\/\\\/www.amstelprinting.nl\\\/it\\\/negozio\\\/interno\\\/decorazione-murale\\\/esagoni\\\/#breadcrumb\",\"itemListElement\":[{\"@type\":\"ListItem\",\"position\":1,\"name\":\"\",\"item\":\"https:\\\/\\\/www.amstelprinting.nl\\\/it\\\/\"},{\"@type\":\"ListItem\",\"position\":2,\"name\":\"Amstel Printing\",\"item\":\"https:\\\/\\\/www.amstelprinting.nl\\\/it\\\/negozio\\\/\"},{\"@type\":\"ListItem\",\"position\":3,\"name\":\"Pubblicit\u00e0 interna\",\"item\":\"https:\\\/\\\/www.amstelprinting.nl\\\/it\\\/categoria\\\/pubblicita-interna\\\/\"},{\"@type\":\"ListItem\",\"position\":4,\"name\":\"Pubblicit\u00e0 murale\",\"item\":\"https:\\\/\\\/www.amstelprinting.nl\\\/it\\\/categoria\\\/pubblicita-interna\\\/pubblicita-murale\\\/\"},{\"@type\":\"ListItem\",\"position\":5,\"name\":\"Esagoni\"}]},{\"@type\":\"WebSite\",\"@id\":\"https:\\\/\\\/www.amstelprinting.nl\\\/it\\\/#website\",\"url\":\"https:\\\/\\\/www.amstelprinting.nl\\\/it\\\/\",\"name\":\"Amstel Printing\",\"description\":\"Creating Exposure\",\"publisher\":{\"@id\":\"https:\\\/\\\/www.amstelprinting.nl\\\/it\\\/#organization\"},\"potentialAction\":[{\"@type\":\"SearchAction\",\"target\":{\"@type\":\"EntryPoint\",\"urlTemplate\":\"https:\\\/\\\/www.amstelprinting.nl\\\/it\\\/?s={search_term_string}\"},\"query-input\":{\"@type\":\"PropertyValueSpecification\",\"valueRequired\":true,\"valueName\":\"search_term_string\"}}],\"inLanguage\":\"it-IT\"},{\"@type\":\"Organization\",\"@id\":\"https:\\\/\\\/www.amstelprinting.nl\\\/it\\\/#organization\",\"name\":\"Amstel Printing\",\"url\":\"https:\\\/\\\/www.amstelprinting.nl\\\/it\\\/\",\"logo\":{\"@type\":\"ImageObject\",\"inLanguage\":\"it-IT\",\"@id\":\"https:\\\/\\\/www.amstelprinting.nl\\\/it\\\/#\\\/schema\\\/logo\\\/image\\\/\",\"url\":\"https:\\\/\\\/www.amstelprinting.nl\\\/wp-content\\\/uploads\\\/amstel_printing_logo_clean.png\",\"contentUrl\":\"https:\\\/\\\/www.amstelprinting.nl\\\/wp-content\\\/uploads\\\/amstel_printing_logo_clean.png\",\"width\":324,\"height\":73,\"caption\":\"Amstel Printing\"},\"image\":{\"@id\":\"https:\\\/\\\/www.amstelprinting.nl\\\/it\\\/#\\\/schema\\\/logo\\\/image\\\/\"}}]}<\/script>\n<!-- \/ Yoast SEO plugin. -->","yoast_head_json":{"title":"Esagoni | Amstel Printing","robots":{"index":"index","follow":"follow","max-snippet":"max-snippet:-1","max-image-preview":"max-image-preview:large","max-video-preview":"max-video-preview:-1"},"canonical":"https:\/\/www.amstelprinting.nl\/it\/negozio\/interno\/decorazione-murale\/esagoni\/","og_locale":"it_IT","og_type":"article","og_title":"Esagoni | Amstel Printing","og_description":"Date ai vostri interni un aspetto accattivante e moderno con i nostri esagoni! Questi eleganti pannelli esagonali sono perfetti per dare un tocco unico e personale a ogni ambiente. Con diversi formati, materiali e pratici accessori, potrete realizzare facilmente il vostro progetto. Quindi mescolate e abbinate (da piccoli a grandi) e create le pi\u00f9 splendide decorazioni murali!","og_url":"https:\/\/www.amstelprinting.nl\/it\/negozio\/interno\/decorazione-murale\/esagoni\/","og_site_name":"Amstel Printing","article_modified_time":"2026-02-18T11:38:59+00:00","og_image":[{"width":700,"height":700,"url":"https:\/\/www.amstelprinting.nl\/wp-content\/uploads\/Hexagons.jpg","type":"image\/jpeg"}],"twitter_card":"summary_large_image","twitter_misc":{"Tempo di lettura stimato":"1 minuto"},"schema":{"@context":"https:\/\/schema.org","@graph":[{"@type":"WebPage","@id":"https:\/\/www.amstelprinting.nl\/it\/negozio\/interno\/decorazione-murale\/esagoni\/","url":"https:\/\/www.amstelprinting.nl\/it\/negozio\/interno\/decorazione-murale\/esagoni\/","name":"Esagoni | Amstel Printing","isPartOf":{"@id":"https:\/\/www.amstelprinting.nl\/it\/#website"},"primaryImageOfPage":{"@id":"https:\/\/www.amstelprinting.nl\/it\/negozio\/interno\/decorazione-murale\/esagoni\/#primaryimage"},"image":{"@id":"https:\/\/www.amstelprinting.nl\/it\/negozio\/interno\/decorazione-murale\/esagoni\/#primaryimage"},"thumbnailUrl":"https:\/\/www.amstelprinting.nl\/wp-content\/uploads\/Hexagons.jpg","datePublished":"2025-01-24T10:28:39+00:00","dateModified":"2026-02-18T11:38:59+00:00","breadcrumb":{"@id":"https:\/\/www.amstelprinting.nl\/it\/negozio\/interno\/decorazione-murale\/esagoni\/#breadcrumb"},"inLanguage":"it-IT","potentialAction":[{"@type":"ReadAction","target":["https:\/\/www.amstelprinting.nl\/it\/negozio\/interno\/decorazione-murale\/esagoni\/"]}]},{"@type":"ImageObject","inLanguage":"it-IT","@id":"https:\/\/www.amstelprinting.nl\/it\/negozio\/interno\/decorazione-murale\/esagoni\/#primaryimage","url":"https:\/\/www.amstelprinting.nl\/wp-content\/uploads\/Hexagons.jpg","contentUrl":"https:\/\/www.amstelprinting.nl\/wp-content\/uploads\/Hexagons.jpg","width":700,"height":700},{"@type":"BreadcrumbList","@id":"https:\/\/www.amstelprinting.nl\/it\/negozio\/interno\/decorazione-murale\/esagoni\/#breadcrumb","itemListElement":[{"@type":"ListItem","position":1,"name":"","item":"https:\/\/www.amstelprinting.nl\/it\/"},{"@type":"ListItem","position":2,"name":"Amstel Printing","item":"https:\/\/www.amstelprinting.nl\/it\/negozio\/"},{"@type":"ListItem","position":3,"name":"Pubblicit\u00e0 interna","item":"https:\/\/www.amstelprinting.nl\/it\/categoria\/pubblicita-interna\/"},{"@type":"ListItem","position":4,"name":"Pubblicit\u00e0 murale","item":"https:\/\/www.amstelprinting.nl\/it\/categoria\/pubblicita-interna\/pubblicita-murale\/"},{"@type":"ListItem","position":5,"name":"Esagoni"}]},{"@type":"WebSite","@id":"https:\/\/www.amstelprinting.nl\/it\/#website","url":"https:\/\/www.amstelprinting.nl\/it\/","name":"Amstel Printing","description":"Creating Exposure","publisher":{"@id":"https:\/\/www.amstelprinting.nl\/it\/#organization"},"potentialAction":[{"@type":"SearchAction","target":{"@type":"EntryPoint","urlTemplate":"https:\/\/www.amstelprinting.nl\/it\/?s={search_term_string}"},"query-input":{"@type":"PropertyValueSpecification","valueRequired":true,"valueName":"search_term_string"}}],"inLanguage":"it-IT"},{"@type":"Organization","@id":"https:\/\/www.amstelprinting.nl\/it\/#organization","name":"Amstel Printing","url":"https:\/\/www.amstelprinting.nl\/it\/","logo":{"@type":"ImageObject","inLanguage":"it-IT","@id":"https:\/\/www.amstelprinting.nl\/it\/#\/schema\/logo\/image\/","url":"https:\/\/www.amstelprinting.nl\/wp-content\/uploads\/amstel_printing_logo_clean.png","contentUrl":"https:\/\/www.amstelprinting.nl\/wp-content\/uploads\/amstel_printing_logo_clean.png","width":324,"height":73,"caption":"Amstel Printing"},"image":{"@id":"https:\/\/www.amstelprinting.nl\/it\/#\/schema\/logo\/image\/"}}]}},"_links":{"self":[{"href":"https:\/\/www.amstelprinting.nl\/it\/wp-json\/wp\/v2\/product\/14821","targetHints":{"allow":["GET"]}}],"collection":[{"href":"https:\/\/www.amstelprinting.nl\/it\/wp-json\/wp\/v2\/product"}],"about":[{"href":"https:\/\/www.amstelprinting.nl\/it\/wp-json\/wp\/v2\/types\/product"}],"wp:featuredmedia":[{"embeddable":true,"href":"https:\/\/www.amstelprinting.nl\/it\/wp-json\/wp\/v2\/media\/14822"}],"wp:attachment":[{"href":"https:\/\/www.amstelprinting.nl\/it\/wp-json\/wp\/v2\/media?parent=14821"}],"wp:term":[{"taxonomy":"product_brand","embeddable":true,"href":"https:\/\/www.amstelprinting.nl\/it\/wp-json\/wp\/v2\/product_brand?post=14821"},{"taxonomy":"product_cat","embeddable":true,"href":"https:\/\/www.amstelprinting.nl\/it\/wp-json\/wp\/v2\/product_cat?post=14821"},{"taxonomy":"product_tag","embeddable":true,"href":"https:\/\/www.amstelprinting.nl\/it\/wp-json\/wp\/v2\/product_tag?post=14821"}],"curies":[{"name":"wp","href":"https:\/\/api.w.org\/{rel}","templated":true}]}}