{"id":14831,"date":"2025-01-24T11:28:28","date_gmt":"2025-01-24T10:28:28","guid":{"rendered":"https:\/\/www.amstelprinting.nl\/winkel\/senza-categoria\/peesdoek\/"},"modified":"2026-02-18T12:39:00","modified_gmt":"2026-02-18T11:39:00","slug":"telo-con-bordino","status":"publish","type":"product","link":"https:\/\/www.amstelprinting.nl\/it\/negozio\/interno\/decorazione-murale\/telo-con-bordino\/","title":{"rendered":"Telo con bordino"},"content":{"rendered":"<h3>Ordinare un telo con bordino? Scegli il materiale giusto.<\/h3>\n<p>Vuoi stampare un telo con bordino? Scegli il materiale giusto in base alle tue esigenze. Il telo deve essere adatto a una cornice a LED illuminata? Lo utilizzerai esclusivamente all&#8217;interno o lo inserirai in una cornice tessile per esterni? Di seguito illustriamo brevemente le diverse propriet\u00e0 dei teli con bordino, in modo da poter scegliere il materiale giusto in modo rapido e semplice.<\/p>\n<h2><strong>Per una cornice a LED:<\/strong><\/h2>\n<ul>\n<li><strong>Samba Backlit<\/strong>: Tessuto in poliestere con stampa UV. Samba Backlit ottiene cos\u00ec una resa cromatica intensa. Appositamente progettato per luminosit\u00e0 e vivacit\u00e0 nelle cornici a LED illuminate.<\/li>\n<li><strong>LumiTex<\/strong>: Questo materiale per teli con bordino \u00e8 composto al 100% da poliestere. \u00c8 realizzato con filati extra fini e dotato di un doppio strato di inchiostro, che lo rende perfetto per l&#8217;uso in applicazioni illuminate.<\/li>\n<\/ul>\n<p><span style=\"text-decoration: underline;\">Differenze tra Samba Backlit e LumiTex<\/span><br \/>\nLa differenza tra Samba Backlit e LumiTex \u00e8 legata principalmente alla tecnica di stampa. Il telo Samba viene fornito con una stampa UV al 200% e LumiTex riguarda una stampa a sublimazione al 200%. Lo svantaggio della stampa UV \u00e8 che i doppi strati di inchiostro emanano un odore forte (temporaneo). LumiTex \u00e8 invece inodore e privo di pieghe.<br \/>\nInoltre, la stampa su tessuto LumiTex \u00e8 leggermente pi\u00f9 durevole rispetto a Samba Backlit. Gli inchiostri utilizzati sono infatti a base d&#8217;acqua. Inoltre, LumiTex (proprio come Samba Backlit) \u00e8 privo di PVC e riciclabile.<\/p>\n<p>L&#8217;ultima differenza distintiva tra i due tessuti \u00e8 che Samba Backlit \u00e8 dotato di un rivestimento. Grazie a questo rivestimento, Samba Backlit pu\u00f2 essere utilizzato anche all&#8217;esterno per brevi periodi. LumiTex \u00e8 adatto esclusivamente per applicazioni interne.<\/p>\n<h2><strong>Per una cornice tessile:<\/strong><\/h2>\n<ul>\n<li><strong>Dekostof<\/strong>: Tessuto in poliestere flessibile con una struttura fine e un aspetto d&#8217;impatto.<\/li>\n<li><strong>Dekostof Blockout<\/strong>: Tessuto in poliestere oscurante con retro nero e certificazione B1.<\/li>\n<li><strong>Structex<\/strong>: Tessuto strutturato in poliestere di alta qualit\u00e0 con effetto cotone.<\/li>\n<li><strong>Velluto<\/strong>: Poliestere di alta qualit\u00e0 a pelo corto, per un aspetto vellutato.<\/li>\n<li><strong>Blackback Soft<\/strong>: Tessuto block-out in poliestere con retro nero<\/li>\n<li><strong>Blackback XL<\/strong>: Tessuto block-out in poliestere con retro nero, ideale per il grande formato.<\/li>\n<li><strong>Decotex UV<\/strong>: Tessuto in poliestere flessibile con una struttura fine e un aspetto d&#8217;impatto, perfetto per il grande formato.<\/li>\n<\/ul>\n<p>&nbsp;<\/p>\n<h3>Accessori<\/h3>\n<p>Il nostro strumento e-locktool consente un fissaggio facile e preciso dei teli con bordino. In questo modo potrai contare su un&#8217;installazione professionale e senza problemi.<\/p>\n<h3>Domande frequenti sui teli con bordino<\/h3>\n<p><strong>Come posso assicurarmi di avere la dimensione corretta?<\/strong><br \/>\nPer assicurarti di avere la dimensione corretta del telo con bordino, devi sempre misurare l&#8217;esterno della cornice.<\/p>\n<p><strong>Come appare la cucitura se divido il mio telo?<\/strong><br \/>\nSi tratta di una cucitura, simile a quella di un orlo o di una coulisse.<\/p>\n<p><strong>\u00c8 possibile fornire teli con bordino sagomati?<\/strong><br \/>\nS\u00ec, \u00e8 possibile! Al momento, teli rotondi e ovali possono essere forniti tramite preventivo.<\/p>\n<p><strong>Cosa devo fare se ci sono delle pieghe nel mio telo?<\/strong><br \/>\nQuando si inserisce il telo nella cornice, il materiale viene teso. Di conseguenza, le pieghe spariranno da sole. Tieni presente che questo processo pu\u00f2 richiedere alcuni giorni.<\/p>\n<h3>Come si monta un telo con bordino?<\/h3>\n<p>Per montare un telo con bordino, inizia fissando la cornice alla parete. Successivamente, puoi applicare il telo fissando prima tutti gli angoli, partendo da quelli superiori. Poi premi delicatamente il resto del tessuto nella cornice.<\/p>\n","protected":false},"excerpt":{"rendered":"<h3>Tessuto per cornici tessili e a LED<\/h3>\n<p>Il telo con bordino &#8211; appositamente sviluppato per un fissaggio senza cuciture e teso in cornici tessili e a LED. Che tu voglia abbellire un&#8217;azienda, un negozio, un evento o uno spazio domestico, i nostri teli con bordino offrono la combinazione ideale di qualit\u00e0, versatilit\u00e0 e stile. Con noi, decidi tu le dimensioni e scegli tra una vasta gamma di materiali di alta qualit\u00e0. Ogni materiale (ad eccezione del velluto) \u00e8 dotato di certificazione B1 per la sicurezza antincendio. Componi facilmente il tuo telo con bordino stampato in pochi passaggi.<\/p>\n","protected":false},"featured_media":14832,"template":"","meta":{"_et_pb_use_builder":"","_et_pb_old_content":"","_et_gb_content_width":""},"product_brand":[],"product_cat":[430,624,544,378,445,372],"product_tag":[],"class_list":{"0":"post-14831","1":"product","2":"type-product","3":"status-publish","4":"has-post-thumbnail","6":"product_cat-borsa-di-studio-evento","7":"product_cat-decorazione-murale","8":"product_cat-interno","9":"product_cat-pubblicita-interna","10":"product_cat-pubblicita-murale","11":"product_cat-teli-espositivi","13":"first","14":"instock","15":"taxable","16":"shipping-taxable","17":"purchasable","18":"product-type-simple"},"yoast_head":"<!-- This site is optimized with the Yoast SEO plugin v27.3 - https:\/\/yoast.com\/product\/yoast-seo-wordpress\/ -->\n<title>Telo con bordino | Amstel Printing<\/title>\n<meta name=\"robots\" content=\"index, follow, max-snippet:-1, max-image-preview:large, max-video-preview:-1\" \/>\n<link rel=\"canonical\" href=\"https:\/\/www.amstelprinting.nl\/it\/negozio\/interno\/decorazione-murale\/telo-con-bordino\/\" \/>\n<meta property=\"og:locale\" content=\"it_IT\" \/>\n<meta property=\"og:type\" content=\"article\" \/>\n<meta property=\"og:title\" content=\"Telo con bordino | Amstel Printing\" \/>\n<meta property=\"og:description\" content=\"Tessuto per cornici tessili e a LED Il telo con bordino - appositamente sviluppato per un fissaggio senza cuciture e teso in cornici tessili e a LED. Che tu voglia abbellire un&#039;azienda, un negozio, un evento o uno spazio domestico, i nostri teli con bordino offrono la combinazione ideale di qualit\u00e0, versatilit\u00e0 e stile. Con noi, decidi tu le dimensioni e scegli tra una vasta gamma di materiali di alta qualit\u00e0. Ogni materiale (ad eccezione del velluto) \u00e8 dotato di certificazione B1 per la sicurezza antincendio. Componi facilmente il tuo telo con bordino stampato in pochi passaggi.\" \/>\n<meta property=\"og:url\" content=\"https:\/\/www.amstelprinting.nl\/it\/negozio\/interno\/decorazione-murale\/telo-con-bordino\/\" \/>\n<meta property=\"og:site_name\" content=\"Amstel Printing\" \/>\n<meta property=\"article:modified_time\" content=\"2026-02-18T11:39:00+00:00\" \/>\n<meta property=\"og:image\" content=\"https:\/\/www.amstelprinting.nl\/wp-content\/uploads\/peesdoek-bedrukken.png\" \/>\n\t<meta property=\"og:image:width\" content=\"900\" \/>\n\t<meta property=\"og:image:height\" content=\"900\" \/>\n\t<meta property=\"og:image:type\" content=\"image\/png\" \/>\n<meta name=\"twitter:card\" content=\"summary_large_image\" \/>\n<meta name=\"twitter:label1\" content=\"Tempo di lettura stimato\" \/>\n\t<meta name=\"twitter:data1\" content=\"3 minuti\" \/>\n<script type=\"application\/ld+json\" class=\"yoast-schema-graph\">{\"@context\":\"https:\\\/\\\/schema.org\",\"@graph\":[{\"@type\":\"WebPage\",\"@id\":\"https:\\\/\\\/www.amstelprinting.nl\\\/it\\\/negozio\\\/interno\\\/decorazione-murale\\\/telo-con-bordino\\\/\",\"url\":\"https:\\\/\\\/www.amstelprinting.nl\\\/it\\\/negozio\\\/interno\\\/decorazione-murale\\\/telo-con-bordino\\\/\",\"name\":\"Telo con bordino | Amstel Printing\",\"isPartOf\":{\"@id\":\"https:\\\/\\\/www.amstelprinting.nl\\\/it\\\/#website\"},\"primaryImageOfPage\":{\"@id\":\"https:\\\/\\\/www.amstelprinting.nl\\\/it\\\/negozio\\\/interno\\\/decorazione-murale\\\/telo-con-bordino\\\/#primaryimage\"},\"image\":{\"@id\":\"https:\\\/\\\/www.amstelprinting.nl\\\/it\\\/negozio\\\/interno\\\/decorazione-murale\\\/telo-con-bordino\\\/#primaryimage\"},\"thumbnailUrl\":\"https:\\\/\\\/www.amstelprinting.nl\\\/wp-content\\\/uploads\\\/peesdoek-bedrukken.png\",\"datePublished\":\"2025-01-24T10:28:28+00:00\",\"dateModified\":\"2026-02-18T11:39:00+00:00\",\"breadcrumb\":{\"@id\":\"https:\\\/\\\/www.amstelprinting.nl\\\/it\\\/negozio\\\/interno\\\/decorazione-murale\\\/telo-con-bordino\\\/#breadcrumb\"},\"inLanguage\":\"it-IT\",\"potentialAction\":[{\"@type\":\"ReadAction\",\"target\":[\"https:\\\/\\\/www.amstelprinting.nl\\\/it\\\/negozio\\\/interno\\\/decorazione-murale\\\/telo-con-bordino\\\/\"]}]},{\"@type\":\"ImageObject\",\"inLanguage\":\"it-IT\",\"@id\":\"https:\\\/\\\/www.amstelprinting.nl\\\/it\\\/negozio\\\/interno\\\/decorazione-murale\\\/telo-con-bordino\\\/#primaryimage\",\"url\":\"https:\\\/\\\/www.amstelprinting.nl\\\/wp-content\\\/uploads\\\/peesdoek-bedrukken.png\",\"contentUrl\":\"https:\\\/\\\/www.amstelprinting.nl\\\/wp-content\\\/uploads\\\/peesdoek-bedrukken.png\",\"width\":900,\"height\":900},{\"@type\":\"BreadcrumbList\",\"@id\":\"https:\\\/\\\/www.amstelprinting.nl\\\/it\\\/negozio\\\/interno\\\/decorazione-murale\\\/telo-con-bordino\\\/#breadcrumb\",\"itemListElement\":[{\"@type\":\"ListItem\",\"position\":1,\"name\":\"\",\"item\":\"https:\\\/\\\/www.amstelprinting.nl\\\/it\\\/\"},{\"@type\":\"ListItem\",\"position\":2,\"name\":\"Amstel Printing\",\"item\":\"https:\\\/\\\/www.amstelprinting.nl\\\/it\\\/negozio\\\/\"},{\"@type\":\"ListItem\",\"position\":3,\"name\":\"Pubblicit\u00e0 interna\",\"item\":\"https:\\\/\\\/www.amstelprinting.nl\\\/it\\\/categoria\\\/pubblicita-interna\\\/\"},{\"@type\":\"ListItem\",\"position\":4,\"name\":\"Telo con bordino\"}]},{\"@type\":\"WebSite\",\"@id\":\"https:\\\/\\\/www.amstelprinting.nl\\\/it\\\/#website\",\"url\":\"https:\\\/\\\/www.amstelprinting.nl\\\/it\\\/\",\"name\":\"Amstel Printing\",\"description\":\"Creating Exposure\",\"publisher\":{\"@id\":\"https:\\\/\\\/www.amstelprinting.nl\\\/it\\\/#organization\"},\"potentialAction\":[{\"@type\":\"SearchAction\",\"target\":{\"@type\":\"EntryPoint\",\"urlTemplate\":\"https:\\\/\\\/www.amstelprinting.nl\\\/it\\\/?s={search_term_string}\"},\"query-input\":{\"@type\":\"PropertyValueSpecification\",\"valueRequired\":true,\"valueName\":\"search_term_string\"}}],\"inLanguage\":\"it-IT\"},{\"@type\":\"Organization\",\"@id\":\"https:\\\/\\\/www.amstelprinting.nl\\\/it\\\/#organization\",\"name\":\"Amstel Printing\",\"url\":\"https:\\\/\\\/www.amstelprinting.nl\\\/it\\\/\",\"logo\":{\"@type\":\"ImageObject\",\"inLanguage\":\"it-IT\",\"@id\":\"https:\\\/\\\/www.amstelprinting.nl\\\/it\\\/#\\\/schema\\\/logo\\\/image\\\/\",\"url\":\"https:\\\/\\\/www.amstelprinting.nl\\\/wp-content\\\/uploads\\\/amstel_printing_logo_clean.png\",\"contentUrl\":\"https:\\\/\\\/www.amstelprinting.nl\\\/wp-content\\\/uploads\\\/amstel_printing_logo_clean.png\",\"width\":324,\"height\":73,\"caption\":\"Amstel Printing\"},\"image\":{\"@id\":\"https:\\\/\\\/www.amstelprinting.nl\\\/it\\\/#\\\/schema\\\/logo\\\/image\\\/\"}}]}<\/script>\n<!-- \/ Yoast SEO plugin. -->","yoast_head_json":{"title":"Telo con bordino | Amstel Printing","robots":{"index":"index","follow":"follow","max-snippet":"max-snippet:-1","max-image-preview":"max-image-preview:large","max-video-preview":"max-video-preview:-1"},"canonical":"https:\/\/www.amstelprinting.nl\/it\/negozio\/interno\/decorazione-murale\/telo-con-bordino\/","og_locale":"it_IT","og_type":"article","og_title":"Telo con bordino | Amstel Printing","og_description":"Tessuto per cornici tessili e a LED Il telo con bordino - appositamente sviluppato per un fissaggio senza cuciture e teso in cornici tessili e a LED. Che tu voglia abbellire un'azienda, un negozio, un evento o uno spazio domestico, i nostri teli con bordino offrono la combinazione ideale di qualit\u00e0, versatilit\u00e0 e stile. Con noi, decidi tu le dimensioni e scegli tra una vasta gamma di materiali di alta qualit\u00e0. Ogni materiale (ad eccezione del velluto) \u00e8 dotato di certificazione B1 per la sicurezza antincendio. Componi facilmente il tuo telo con bordino stampato in pochi passaggi.","og_url":"https:\/\/www.amstelprinting.nl\/it\/negozio\/interno\/decorazione-murale\/telo-con-bordino\/","og_site_name":"Amstel Printing","article_modified_time":"2026-02-18T11:39:00+00:00","og_image":[{"width":900,"height":900,"url":"https:\/\/www.amstelprinting.nl\/wp-content\/uploads\/peesdoek-bedrukken.png","type":"image\/png"}],"twitter_card":"summary_large_image","twitter_misc":{"Tempo di lettura stimato":"3 minuti"},"schema":{"@context":"https:\/\/schema.org","@graph":[{"@type":"WebPage","@id":"https:\/\/www.amstelprinting.nl\/it\/negozio\/interno\/decorazione-murale\/telo-con-bordino\/","url":"https:\/\/www.amstelprinting.nl\/it\/negozio\/interno\/decorazione-murale\/telo-con-bordino\/","name":"Telo con bordino | Amstel Printing","isPartOf":{"@id":"https:\/\/www.amstelprinting.nl\/it\/#website"},"primaryImageOfPage":{"@id":"https:\/\/www.amstelprinting.nl\/it\/negozio\/interno\/decorazione-murale\/telo-con-bordino\/#primaryimage"},"image":{"@id":"https:\/\/www.amstelprinting.nl\/it\/negozio\/interno\/decorazione-murale\/telo-con-bordino\/#primaryimage"},"thumbnailUrl":"https:\/\/www.amstelprinting.nl\/wp-content\/uploads\/peesdoek-bedrukken.png","datePublished":"2025-01-24T10:28:28+00:00","dateModified":"2026-02-18T11:39:00+00:00","breadcrumb":{"@id":"https:\/\/www.amstelprinting.nl\/it\/negozio\/interno\/decorazione-murale\/telo-con-bordino\/#breadcrumb"},"inLanguage":"it-IT","potentialAction":[{"@type":"ReadAction","target":["https:\/\/www.amstelprinting.nl\/it\/negozio\/interno\/decorazione-murale\/telo-con-bordino\/"]}]},{"@type":"ImageObject","inLanguage":"it-IT","@id":"https:\/\/www.amstelprinting.nl\/it\/negozio\/interno\/decorazione-murale\/telo-con-bordino\/#primaryimage","url":"https:\/\/www.amstelprinting.nl\/wp-content\/uploads\/peesdoek-bedrukken.png","contentUrl":"https:\/\/www.amstelprinting.nl\/wp-content\/uploads\/peesdoek-bedrukken.png","width":900,"height":900},{"@type":"BreadcrumbList","@id":"https:\/\/www.amstelprinting.nl\/it\/negozio\/interno\/decorazione-murale\/telo-con-bordino\/#breadcrumb","itemListElement":[{"@type":"ListItem","position":1,"name":"","item":"https:\/\/www.amstelprinting.nl\/it\/"},{"@type":"ListItem","position":2,"name":"Amstel Printing","item":"https:\/\/www.amstelprinting.nl\/it\/negozio\/"},{"@type":"ListItem","position":3,"name":"Pubblicit\u00e0 interna","item":"https:\/\/www.amstelprinting.nl\/it\/categoria\/pubblicita-interna\/"},{"@type":"ListItem","position":4,"name":"Telo con bordino"}]},{"@type":"WebSite","@id":"https:\/\/www.amstelprinting.nl\/it\/#website","url":"https:\/\/www.amstelprinting.nl\/it\/","name":"Amstel Printing","description":"Creating Exposure","publisher":{"@id":"https:\/\/www.amstelprinting.nl\/it\/#organization"},"potentialAction":[{"@type":"SearchAction","target":{"@type":"EntryPoint","urlTemplate":"https:\/\/www.amstelprinting.nl\/it\/?s={search_term_string}"},"query-input":{"@type":"PropertyValueSpecification","valueRequired":true,"valueName":"search_term_string"}}],"inLanguage":"it-IT"},{"@type":"Organization","@id":"https:\/\/www.amstelprinting.nl\/it\/#organization","name":"Amstel Printing","url":"https:\/\/www.amstelprinting.nl\/it\/","logo":{"@type":"ImageObject","inLanguage":"it-IT","@id":"https:\/\/www.amstelprinting.nl\/it\/#\/schema\/logo\/image\/","url":"https:\/\/www.amstelprinting.nl\/wp-content\/uploads\/amstel_printing_logo_clean.png","contentUrl":"https:\/\/www.amstelprinting.nl\/wp-content\/uploads\/amstel_printing_logo_clean.png","width":324,"height":73,"caption":"Amstel Printing"},"image":{"@id":"https:\/\/www.amstelprinting.nl\/it\/#\/schema\/logo\/image\/"}}]}},"_links":{"self":[{"href":"https:\/\/www.amstelprinting.nl\/it\/wp-json\/wp\/v2\/product\/14831","targetHints":{"allow":["GET"]}}],"collection":[{"href":"https:\/\/www.amstelprinting.nl\/it\/wp-json\/wp\/v2\/product"}],"about":[{"href":"https:\/\/www.amstelprinting.nl\/it\/wp-json\/wp\/v2\/types\/product"}],"wp:featuredmedia":[{"embeddable":true,"href":"https:\/\/www.amstelprinting.nl\/it\/wp-json\/wp\/v2\/media\/14832"}],"wp:attachment":[{"href":"https:\/\/www.amstelprinting.nl\/it\/wp-json\/wp\/v2\/media?parent=14831"}],"wp:term":[{"taxonomy":"product_brand","embeddable":true,"href":"https:\/\/www.amstelprinting.nl\/it\/wp-json\/wp\/v2\/product_brand?post=14831"},{"taxonomy":"product_cat","embeddable":true,"href":"https:\/\/www.amstelprinting.nl\/it\/wp-json\/wp\/v2\/product_cat?post=14831"},{"taxonomy":"product_tag","embeddable":true,"href":"https:\/\/www.amstelprinting.nl\/it\/wp-json\/wp\/v2\/product_tag?post=14831"}],"curies":[{"name":"wp","href":"https:\/\/api.w.org\/{rel}","templated":true}]}}