{"id":14851,"date":"2025-01-24T11:28:19","date_gmt":"2025-01-24T10:28:19","guid":{"rendered":"https:\/\/www.amstelprinting.nl\/winkel\/senza-categoria\/textielframe\/"},"modified":"2026-02-18T12:39:04","modified_gmt":"2026-02-18T11:39:04","slug":"cornice-in-tessuto","status":"publish","type":"product","link":"https:\/\/www.amstelprinting.nl\/it\/negozio\/interno\/decorazione-murale\/cornice-in-tessuto\/","title":{"rendered":"Cornice in tessuto"},"content":{"rendered":"<h3>Ordinare una cornice in tessuto<\/h3>\n<p>Con le nostre cornici in tessuto offriamo pi\u00f9 di una semplice soluzione decorativa per il vostro spazio. Che scegliate una cornice illuminata a LED o una cornice in tessuto senza illuminazione, ogni cornice \u00e8 progettata per abbellire i vostri interni con stile e funzionalit\u00e0. Personalizzate la cornice in tessuto in qualsiasi formato desideriate e scegliete tra una vasta gamma di materiali di alta qualit\u00e0.<\/p>\n<h3>Vantaggi<\/h3>\n<ul>\n<li>Cornice disponibile con o senza illuminazione<\/li>\n<li>Ampia scelta di formati e materiali<\/li>\n<li>Disponibile come cornice a parete, a soffitto o autoportante<\/li>\n<li>Scegli tra 3 diversi colori per la cornice<\/li>\n<li>Sicuro da usare: dotato di certificazione ignifuga B1<\/li>\n<\/ul>\n<p>&nbsp;<\/p>\n<h3>Configura la cornice secondo i tuoi desideri<\/h3>\n<p>La cornice in tessuto \u00e8 disponibile in alluminio bianco, nero o argento. \u00c8 possibile scegliere tra 3 diversi spessori: 19 mm (per cornici a parete), 25 mm e 27 mm (per cornici a parete o a soffitto), 44 mm (per applicazioni bifacciali) e 80 mm (per cornici autoportanti o appese). La cornice a LED ha un profilo di 60 mm di larghezza per un&#8217;illuminazione ottimale della vostra stampa.<\/p>\n<h3>Scegli il materiale del telo corretto<\/h3>\n<p>La cornice in tessuto \u00e8 dotata di uno speciale profilo per guarnizione. In questo profilo \u00e8 possibile inserire facilmente il telo con guarnizione. La guarnizione si riferisce al cordoncino in silicone fissato tutto intorno al telo. Questo telo con guarnizione \u00e8 disponibile in diversi materiali, a seconda del tipo di cornice. Ognuno (ad eccezione del velluto) \u00e8 dotato di certificato B1 per la sicurezza antincendio.<\/p>\n<h2>Per la cornice a LED:<\/h2>\n<ul>\n<li><strong>Samba Backlit<\/strong>: Telo in poliestere con colori intensi per la massima luminosit\u00e0 nelle cornici illuminate.<\/li>\n<li><strong>LumiTex<\/strong>: 100% poliestere con filati extra fini e doppio strato di inchiostro per applicazioni illuminate.<\/li>\n<\/ul>\n<p>&nbsp;<br \/>\n<span style=\"text-decoration: underline;\">Differenze tra Samba Backlit e LumiTex<br \/>\n<\/span>La differenza tra Samba Backlit e LumiTex \u00e8 legata principalmente alla tecnica di stampa. Il telo con guarnizione Samba \u00e8 dotato di una stampa UV al 200% e LumiTex riguarda una stampa a sublimazione al 200%. Lo svantaggio di una stampa UV \u00e8 che i doppi strati di inchiostro emettono un forte odore (temporaneo). LumiTex, invece, \u00e8 inodore e senza pieghe.<br \/>\nInoltre, la stampa su telo LumiTex \u00e8 leggermente pi\u00f9 durevole rispetto a Samba Backlit. Gli inchiostri utilizzati sono infatti a base d&#8217;acqua. Inoltre, LumiTex (proprio come Samba Backlit) \u00e8 privo di PVC e riciclabile.<\/p>\n<p>L&#8217;ultima differenza caratteristica tra i due teli \u00e8 che Samba Backlit \u00e8 provvisto di un rivestimento. Grazie a questo rivestimento, Samba Backlit pu\u00f2 essere utilizzato anche all&#8217;esterno per brevi periodi. LumiTex \u00e8 adatto esclusivamente per applicazioni indoor.<\/p>\n<h2>Per la cornice in tessuto:<\/h2>\n<ul>\n<li><strong>Dekostof<\/strong>: Il tipo di telo pi\u00f9 ordinato. Dekostof \u00e8 un telo in poliestere flessibile con una struttura fine per visualizzazioni d&#8217;impatto.<\/li>\n<li><strong>Dekostof Blockout<\/strong>: Poliestere oscurante con retro nero per una resa cromatica ottimale.<\/li>\n<li><strong>Structex<\/strong>: Poliestere pesante con effetto cotone per un aspetto lussuoso.<\/li>\n<li><strong>Velours<\/strong>: Poliestere di alta qualit\u00e0 con finitura vellutata.<\/li>\n<li><strong>Blackback Soft<\/strong>: Poliestere block-out con retro nero per la massima profondit\u00e0 di colore.<\/li>\n<li><strong>Blackback XL<\/strong>: Robusto poliestere block-out, perfetto per applicazioni di grande formato.<\/li>\n<li><strong>Decotex UV<\/strong>: Poliestere flessibile con struttura fine, resistente ai raggi UV per una maggiore durata.<\/li>\n<\/ul>\n<p>&nbsp;<\/p>\n<h3>Posizionamento del telo con guarnizione nella cornice in tessuto<\/h3>\n<p>Scegliete il nostro e-locktool opzionale per un montaggio facile e preciso della vostra cornice in tessuto.<\/p>\n<h3>Cornice in tessuto in legno &#8211; l&#8217;alternativa sostenibile in legno<\/h3>\n<p>In alternativa alla cornice in alluminio, \u00e8 disponibile anche un&#8217;elegante variante in legno. Questa cornice in legno \u00e8 realizzata in legno Ayous modificato. Grazie a uno speciale trattamento a vapore, il legno rimane dimensionalmente stabile, anche in caso di sbalzi di temperatura e umidit\u00e0. Il materiale non contiene sostanze nocive, il che lo rende completamente naturale ed ecologico. Il trattamento a vapore conferisce inoltre una tonalit\u00e0 di legno calda e naturale. Questo conferisce alla cornice in legno un aspetto d&#8217;atmosfera. Quindi, se cercate un look naturale: date un&#8217;occhiata alla cornice in tessuto in legno.<\/p>\n<h3>Domande frequenti<\/h3>\n<p><strong>A partire da quale formato viene fornito uno stabilizzatore con il mio prodotto?<\/strong><br \/>\nRiceverete uno stabilizzatore con una cornice in tessuto superiore a 250 cm.<\/p>\n<p><strong>Cosa si riceve con la cornice?<\/strong><br \/>\nLa cornice viene fornita di serie in quattro parti, che vengono fissate saldamente negli angoli con un kit di bloccaggio.<\/p>\n<p><strong>Come viene imballata la cornice?<\/strong><br \/>\nLa cornice in tessuto viene accuratamente imballata in una scatola, aggiungendo una protezione extra dove necessario. In questo modo garantiamo che riceviate una cornice integra.<\/p>\n<p><strong>Hoe kan ik vouwen in mijn doek corrigeren?<\/strong><br \/>\nQuando si posiziona il telo con guarnizione nella cornice, si crea tensione sul materiale. In questo modo, le pieghe spariranno naturalmente dal telo.<\/p>\n","protected":false},"excerpt":{"rendered":"<p>Cornice in tessuto su misura dotata di una stampa full-color nitidissima del tuo design. Disponibile come cornice a parete, a soffitto o autoportante in un colore a scelta. La cornice pu\u00f2 anche essere dotata opzionalmente di illuminazione a LED. Configura qui sotto in pochi passaggi la cornice in tessuto completamente secondo i tuoi desideri!<\/p>\n","protected":false},"featured_media":14852,"template":"","meta":{"_et_pb_use_builder":"","_et_pb_old_content":"","_et_gb_content_width":""},"product_brand":[],"product_cat":[624,544,378,445,627],"product_tag":[],"class_list":{"0":"post-14851","1":"product","2":"type-product","3":"status-publish","4":"has-post-thumbnail","6":"product_cat-decorazione-murale","7":"product_cat-interno","8":"product_cat-pubblicita-interna","9":"product_cat-pubblicita-murale","10":"product_cat-ufficio","12":"first","13":"instock","14":"taxable","15":"shipping-taxable","16":"purchasable","17":"product-type-simple"},"yoast_head":"<!-- This site is optimized with the Yoast SEO plugin v27.3 - https:\/\/yoast.com\/product\/yoast-seo-wordpress\/ -->\n<title>Cornice in tessuto | Amstel Printing<\/title>\n<meta name=\"robots\" content=\"index, follow, max-snippet:-1, max-image-preview:large, max-video-preview:-1\" \/>\n<link rel=\"canonical\" href=\"https:\/\/www.amstelprinting.nl\/it\/negozio\/interno\/decorazione-murale\/cornice-in-tessuto\/\" \/>\n<meta property=\"og:locale\" content=\"it_IT\" \/>\n<meta property=\"og:type\" content=\"article\" \/>\n<meta property=\"og:title\" content=\"Cornice in tessuto | Amstel Printing\" \/>\n<meta property=\"og:description\" content=\"Cornice in tessuto su misura dotata di una stampa full-color nitidissima del tuo design. Disponibile come cornice a parete, a soffitto o autoportante in un colore a scelta. La cornice pu\u00f2 anche essere dotata opzionalmente di illuminazione a LED. Configura qui sotto in pochi passaggi la cornice in tessuto completamente secondo i tuoi desideri!\" \/>\n<meta property=\"og:url\" content=\"https:\/\/www.amstelprinting.nl\/it\/negozio\/interno\/decorazione-murale\/cornice-in-tessuto\/\" \/>\n<meta property=\"og:site_name\" content=\"Amstel Printing\" \/>\n<meta property=\"article:modified_time\" content=\"2026-02-18T11:39:04+00:00\" \/>\n<meta property=\"og:image\" content=\"https:\/\/www.amstelprinting.nl\/wp-content\/uploads\/textielframe-bedrukken.png\" \/>\n\t<meta property=\"og:image:width\" content=\"900\" \/>\n\t<meta property=\"og:image:height\" content=\"900\" \/>\n\t<meta property=\"og:image:type\" content=\"image\/png\" \/>\n<meta name=\"twitter:card\" content=\"summary_large_image\" \/>\n<meta name=\"twitter:label1\" content=\"Tempo di lettura stimato\" \/>\n\t<meta name=\"twitter:data1\" content=\"4 minuti\" \/>\n<script type=\"application\/ld+json\" class=\"yoast-schema-graph\">{\"@context\":\"https:\\\/\\\/schema.org\",\"@graph\":[{\"@type\":\"WebPage\",\"@id\":\"https:\\\/\\\/www.amstelprinting.nl\\\/it\\\/negozio\\\/interno\\\/decorazione-murale\\\/cornice-in-tessuto\\\/\",\"url\":\"https:\\\/\\\/www.amstelprinting.nl\\\/it\\\/negozio\\\/interno\\\/decorazione-murale\\\/cornice-in-tessuto\\\/\",\"name\":\"Cornice in tessuto | Amstel Printing\",\"isPartOf\":{\"@id\":\"https:\\\/\\\/www.amstelprinting.nl\\\/it\\\/#website\"},\"primaryImageOfPage\":{\"@id\":\"https:\\\/\\\/www.amstelprinting.nl\\\/it\\\/negozio\\\/interno\\\/decorazione-murale\\\/cornice-in-tessuto\\\/#primaryimage\"},\"image\":{\"@id\":\"https:\\\/\\\/www.amstelprinting.nl\\\/it\\\/negozio\\\/interno\\\/decorazione-murale\\\/cornice-in-tessuto\\\/#primaryimage\"},\"thumbnailUrl\":\"https:\\\/\\\/www.amstelprinting.nl\\\/wp-content\\\/uploads\\\/textielframe-bedrukken.png\",\"datePublished\":\"2025-01-24T10:28:19+00:00\",\"dateModified\":\"2026-02-18T11:39:04+00:00\",\"breadcrumb\":{\"@id\":\"https:\\\/\\\/www.amstelprinting.nl\\\/it\\\/negozio\\\/interno\\\/decorazione-murale\\\/cornice-in-tessuto\\\/#breadcrumb\"},\"inLanguage\":\"it-IT\",\"potentialAction\":[{\"@type\":\"ReadAction\",\"target\":[\"https:\\\/\\\/www.amstelprinting.nl\\\/it\\\/negozio\\\/interno\\\/decorazione-murale\\\/cornice-in-tessuto\\\/\"]}]},{\"@type\":\"ImageObject\",\"inLanguage\":\"it-IT\",\"@id\":\"https:\\\/\\\/www.amstelprinting.nl\\\/it\\\/negozio\\\/interno\\\/decorazione-murale\\\/cornice-in-tessuto\\\/#primaryimage\",\"url\":\"https:\\\/\\\/www.amstelprinting.nl\\\/wp-content\\\/uploads\\\/textielframe-bedrukken.png\",\"contentUrl\":\"https:\\\/\\\/www.amstelprinting.nl\\\/wp-content\\\/uploads\\\/textielframe-bedrukken.png\",\"width\":900,\"height\":900},{\"@type\":\"BreadcrumbList\",\"@id\":\"https:\\\/\\\/www.amstelprinting.nl\\\/it\\\/negozio\\\/interno\\\/decorazione-murale\\\/cornice-in-tessuto\\\/#breadcrumb\",\"itemListElement\":[{\"@type\":\"ListItem\",\"position\":1,\"name\":\"\",\"item\":\"https:\\\/\\\/www.amstelprinting.nl\\\/it\\\/\"},{\"@type\":\"ListItem\",\"position\":2,\"name\":\"Amstel Printing\",\"item\":\"https:\\\/\\\/www.amstelprinting.nl\\\/it\\\/negozio\\\/\"},{\"@type\":\"ListItem\",\"position\":3,\"name\":\"Pubblicit\u00e0 interna\",\"item\":\"https:\\\/\\\/www.amstelprinting.nl\\\/it\\\/categoria\\\/pubblicita-interna\\\/\"},{\"@type\":\"ListItem\",\"position\":4,\"name\":\"Pubblicit\u00e0 murale\",\"item\":\"https:\\\/\\\/www.amstelprinting.nl\\\/it\\\/categoria\\\/pubblicita-interna\\\/pubblicita-murale\\\/\"},{\"@type\":\"ListItem\",\"position\":5,\"name\":\"Cornice in tessuto\"}]},{\"@type\":\"WebSite\",\"@id\":\"https:\\\/\\\/www.amstelprinting.nl\\\/it\\\/#website\",\"url\":\"https:\\\/\\\/www.amstelprinting.nl\\\/it\\\/\",\"name\":\"Amstel Printing\",\"description\":\"Creating Exposure\",\"publisher\":{\"@id\":\"https:\\\/\\\/www.amstelprinting.nl\\\/it\\\/#organization\"},\"potentialAction\":[{\"@type\":\"SearchAction\",\"target\":{\"@type\":\"EntryPoint\",\"urlTemplate\":\"https:\\\/\\\/www.amstelprinting.nl\\\/it\\\/?s={search_term_string}\"},\"query-input\":{\"@type\":\"PropertyValueSpecification\",\"valueRequired\":true,\"valueName\":\"search_term_string\"}}],\"inLanguage\":\"it-IT\"},{\"@type\":\"Organization\",\"@id\":\"https:\\\/\\\/www.amstelprinting.nl\\\/it\\\/#organization\",\"name\":\"Amstel Printing\",\"url\":\"https:\\\/\\\/www.amstelprinting.nl\\\/it\\\/\",\"logo\":{\"@type\":\"ImageObject\",\"inLanguage\":\"it-IT\",\"@id\":\"https:\\\/\\\/www.amstelprinting.nl\\\/it\\\/#\\\/schema\\\/logo\\\/image\\\/\",\"url\":\"https:\\\/\\\/www.amstelprinting.nl\\\/wp-content\\\/uploads\\\/amstel_printing_logo_clean.png\",\"contentUrl\":\"https:\\\/\\\/www.amstelprinting.nl\\\/wp-content\\\/uploads\\\/amstel_printing_logo_clean.png\",\"width\":324,\"height\":73,\"caption\":\"Amstel Printing\"},\"image\":{\"@id\":\"https:\\\/\\\/www.amstelprinting.nl\\\/it\\\/#\\\/schema\\\/logo\\\/image\\\/\"}}]}<\/script>\n<!-- \/ Yoast SEO plugin. -->","yoast_head_json":{"title":"Cornice in tessuto | Amstel Printing","robots":{"index":"index","follow":"follow","max-snippet":"max-snippet:-1","max-image-preview":"max-image-preview:large","max-video-preview":"max-video-preview:-1"},"canonical":"https:\/\/www.amstelprinting.nl\/it\/negozio\/interno\/decorazione-murale\/cornice-in-tessuto\/","og_locale":"it_IT","og_type":"article","og_title":"Cornice in tessuto | Amstel Printing","og_description":"Cornice in tessuto su misura dotata di una stampa full-color nitidissima del tuo design. Disponibile come cornice a parete, a soffitto o autoportante in un colore a scelta. La cornice pu\u00f2 anche essere dotata opzionalmente di illuminazione a LED. Configura qui sotto in pochi passaggi la cornice in tessuto completamente secondo i tuoi desideri!","og_url":"https:\/\/www.amstelprinting.nl\/it\/negozio\/interno\/decorazione-murale\/cornice-in-tessuto\/","og_site_name":"Amstel Printing","article_modified_time":"2026-02-18T11:39:04+00:00","og_image":[{"width":900,"height":900,"url":"https:\/\/www.amstelprinting.nl\/wp-content\/uploads\/textielframe-bedrukken.png","type":"image\/png"}],"twitter_card":"summary_large_image","twitter_misc":{"Tempo di lettura stimato":"4 minuti"},"schema":{"@context":"https:\/\/schema.org","@graph":[{"@type":"WebPage","@id":"https:\/\/www.amstelprinting.nl\/it\/negozio\/interno\/decorazione-murale\/cornice-in-tessuto\/","url":"https:\/\/www.amstelprinting.nl\/it\/negozio\/interno\/decorazione-murale\/cornice-in-tessuto\/","name":"Cornice in tessuto | Amstel Printing","isPartOf":{"@id":"https:\/\/www.amstelprinting.nl\/it\/#website"},"primaryImageOfPage":{"@id":"https:\/\/www.amstelprinting.nl\/it\/negozio\/interno\/decorazione-murale\/cornice-in-tessuto\/#primaryimage"},"image":{"@id":"https:\/\/www.amstelprinting.nl\/it\/negozio\/interno\/decorazione-murale\/cornice-in-tessuto\/#primaryimage"},"thumbnailUrl":"https:\/\/www.amstelprinting.nl\/wp-content\/uploads\/textielframe-bedrukken.png","datePublished":"2025-01-24T10:28:19+00:00","dateModified":"2026-02-18T11:39:04+00:00","breadcrumb":{"@id":"https:\/\/www.amstelprinting.nl\/it\/negozio\/interno\/decorazione-murale\/cornice-in-tessuto\/#breadcrumb"},"inLanguage":"it-IT","potentialAction":[{"@type":"ReadAction","target":["https:\/\/www.amstelprinting.nl\/it\/negozio\/interno\/decorazione-murale\/cornice-in-tessuto\/"]}]},{"@type":"ImageObject","inLanguage":"it-IT","@id":"https:\/\/www.amstelprinting.nl\/it\/negozio\/interno\/decorazione-murale\/cornice-in-tessuto\/#primaryimage","url":"https:\/\/www.amstelprinting.nl\/wp-content\/uploads\/textielframe-bedrukken.png","contentUrl":"https:\/\/www.amstelprinting.nl\/wp-content\/uploads\/textielframe-bedrukken.png","width":900,"height":900},{"@type":"BreadcrumbList","@id":"https:\/\/www.amstelprinting.nl\/it\/negozio\/interno\/decorazione-murale\/cornice-in-tessuto\/#breadcrumb","itemListElement":[{"@type":"ListItem","position":1,"name":"","item":"https:\/\/www.amstelprinting.nl\/it\/"},{"@type":"ListItem","position":2,"name":"Amstel Printing","item":"https:\/\/www.amstelprinting.nl\/it\/negozio\/"},{"@type":"ListItem","position":3,"name":"Pubblicit\u00e0 interna","item":"https:\/\/www.amstelprinting.nl\/it\/categoria\/pubblicita-interna\/"},{"@type":"ListItem","position":4,"name":"Pubblicit\u00e0 murale","item":"https:\/\/www.amstelprinting.nl\/it\/categoria\/pubblicita-interna\/pubblicita-murale\/"},{"@type":"ListItem","position":5,"name":"Cornice in tessuto"}]},{"@type":"WebSite","@id":"https:\/\/www.amstelprinting.nl\/it\/#website","url":"https:\/\/www.amstelprinting.nl\/it\/","name":"Amstel Printing","description":"Creating Exposure","publisher":{"@id":"https:\/\/www.amstelprinting.nl\/it\/#organization"},"potentialAction":[{"@type":"SearchAction","target":{"@type":"EntryPoint","urlTemplate":"https:\/\/www.amstelprinting.nl\/it\/?s={search_term_string}"},"query-input":{"@type":"PropertyValueSpecification","valueRequired":true,"valueName":"search_term_string"}}],"inLanguage":"it-IT"},{"@type":"Organization","@id":"https:\/\/www.amstelprinting.nl\/it\/#organization","name":"Amstel Printing","url":"https:\/\/www.amstelprinting.nl\/it\/","logo":{"@type":"ImageObject","inLanguage":"it-IT","@id":"https:\/\/www.amstelprinting.nl\/it\/#\/schema\/logo\/image\/","url":"https:\/\/www.amstelprinting.nl\/wp-content\/uploads\/amstel_printing_logo_clean.png","contentUrl":"https:\/\/www.amstelprinting.nl\/wp-content\/uploads\/amstel_printing_logo_clean.png","width":324,"height":73,"caption":"Amstel Printing"},"image":{"@id":"https:\/\/www.amstelprinting.nl\/it\/#\/schema\/logo\/image\/"}}]}},"_links":{"self":[{"href":"https:\/\/www.amstelprinting.nl\/it\/wp-json\/wp\/v2\/product\/14851","targetHints":{"allow":["GET"]}}],"collection":[{"href":"https:\/\/www.amstelprinting.nl\/it\/wp-json\/wp\/v2\/product"}],"about":[{"href":"https:\/\/www.amstelprinting.nl\/it\/wp-json\/wp\/v2\/types\/product"}],"wp:featuredmedia":[{"embeddable":true,"href":"https:\/\/www.amstelprinting.nl\/it\/wp-json\/wp\/v2\/media\/14852"}],"wp:attachment":[{"href":"https:\/\/www.amstelprinting.nl\/it\/wp-json\/wp\/v2\/media?parent=14851"}],"wp:term":[{"taxonomy":"product_brand","embeddable":true,"href":"https:\/\/www.amstelprinting.nl\/it\/wp-json\/wp\/v2\/product_brand?post=14851"},{"taxonomy":"product_cat","embeddable":true,"href":"https:\/\/www.amstelprinting.nl\/it\/wp-json\/wp\/v2\/product_cat?post=14851"},{"taxonomy":"product_tag","embeddable":true,"href":"https:\/\/www.amstelprinting.nl\/it\/wp-json\/wp\/v2\/product_tag?post=14851"}],"curies":[{"name":"wp","href":"https:\/\/api.w.org\/{rel}","templated":true}]}}