{"id":14861,"date":"2025-01-24T11:28:13","date_gmt":"2025-01-24T10:28:13","guid":{"rendered":"https:\/\/www.amstelprinting.nl\/winkel\/senza-categoria\/textielposter\/"},"modified":"2026-02-18T12:39:06","modified_gmt":"2026-02-18T11:39:06","slug":"poster-in-tessuto","status":"publish","type":"product","link":"https:\/\/www.amstelprinting.nl\/it\/negozio\/interno\/decorazione-murale\/poster-in-tessuto\/","title":{"rendered":"Poster in tessuto"},"content":{"rendered":"<h3>Ordinare poster in tessuto<\/h3>\n<p>Il poster in tessuto \u00e8 un vero colpo d&#8217;occhio per ogni spazio interno. Con il pieno controllo sul design e sulle dimensioni, puoi personalizzare il poster in tessuto secondo i tuoi desideri. Scegli tu stesso l&#8217;altezza e seleziona tra sei diverse larghezze per una vestibilit\u00e0 perfetta.<\/p>\n<h3>Vantaggi<\/h3>\n<ul>\n<li>Carica il tuo design o scegli tra uno dei nostri 20.000 motivi standard<\/li>\n<li>Scelta tra diverse dimensioni e materiali<\/li>\n<li>Consegnato completo (inclusi bastoncini in legno di faggio)<\/li>\n<li>Materiale del poster in tessuto<\/li>\n<\/ul>\n<p>&nbsp;<br \/>\nI nostri poster in tessuto sono disponibili in due materiali: Kendal e Structex. Kendal \u00e8 un tessuto in poliestere flessibile con trama a saia, che garantisce una superficie liscia ed elegante con una trama sottile. Il materiale Structex \u00e8 un tessuto strutturato in poliestere di alta qualit\u00e0, progettato per offrire un aspetto simile al cotone con un carattere robusto e durevole. Questo materiale \u00e8 dotato di certificazione ignifuga B1.<\/p>\n<h3>Finitura del poster in tessuto<\/h3>\n<p>Per la finitura del tuo poster in tessuto, puoi scegliere tra fili bianchi o neri. Inoltre, puoi appendere immediatamente il poster grazie ai bastoncini in legno di faggio inclusi (nella parte superiore e inferiore).<\/p>\n<h3>Suggerimento: Layout del tuo design<\/h3>\n<p>Nota: assicurati che testi e loghi siano distanti almeno 2 cm dall&#8217;asola.<\/p>\n<p>Dai al tuo interno un tocco unico e di stile con i nostri poster in tessuto personalizzati. Ordina oggi stesso e scopri quanto \u00e8 facile trasformare l&#8217;ambiente.<\/p>\n<h3>Domande frequenti<\/h3>\n<p><strong>\u00c8 possibile caricare pi\u00f9 file con diverse immagini?<\/strong><br \/>\nCertamente. Segui i passaggi nel processo di ordinazione.<\/p>\n","protected":false},"excerpt":{"rendered":"<p>Carica il tuo design o scegli tra uno dei nostri 20.000 motivi standard. Il poster in tessuto con supporti in legno viene fornito completo di bastoncini in legno di faggio. Scegli tra sei diverse larghezze con l&#8217;altezza che desideri!<\/p>\n","protected":false},"featured_media":14862,"template":"","meta":{"_et_pb_use_builder":"","_et_pb_old_content":"","_et_gb_content_width":""},"product_brand":[],"product_cat":[624,544,378,445],"product_tag":[],"class_list":{"0":"post-14861","1":"product","2":"type-product","3":"status-publish","4":"has-post-thumbnail","6":"product_cat-decorazione-murale","7":"product_cat-interno","8":"product_cat-pubblicita-interna","9":"product_cat-pubblicita-murale","11":"first","12":"instock","13":"taxable","14":"shipping-taxable","15":"purchasable","16":"product-type-simple"},"yoast_head":"<!-- This site is optimized with the Yoast SEO plugin v27.3 - https:\/\/yoast.com\/product\/yoast-seo-wordpress\/ -->\n<title>Poster in tessuto su misura con bastoncini di sospensione in legno di faggio<\/title>\n<meta name=\"description\" content=\"Ordina ora il tuo poster in tessuto ecosostenibile! Include bastoncini in legno di faggio per un facile montaggio. Consegna possibile in tutta Europa\" \/>\n<meta name=\"robots\" content=\"index, follow, max-snippet:-1, max-image-preview:large, max-video-preview:-1\" \/>\n<link rel=\"canonical\" href=\"https:\/\/www.amstelprinting.nl\/it\/negozio\/interno\/decorazione-murale\/poster-in-tessuto\/\" \/>\n<meta property=\"og:locale\" content=\"it_IT\" \/>\n<meta property=\"og:type\" content=\"article\" \/>\n<meta property=\"og:title\" content=\"Poster in tessuto su misura con bastoncini di sospensione in legno di faggio\" \/>\n<meta property=\"og:description\" content=\"Ordina ora il tuo poster in tessuto ecosostenibile! Include bastoncini in legno di faggio per un facile montaggio. Consegna possibile in tutta Europa\" \/>\n<meta property=\"og:url\" content=\"https:\/\/www.amstelprinting.nl\/it\/negozio\/interno\/decorazione-murale\/poster-in-tessuto\/\" \/>\n<meta property=\"og:site_name\" content=\"Amstel Printing\" \/>\n<meta property=\"article:modified_time\" content=\"2026-02-18T11:39:06+00:00\" \/>\n<meta property=\"og:image\" content=\"https:\/\/www.amstelprinting.nl\/wp-content\/uploads\/textielposter-bedrukken.png\" \/>\n\t<meta property=\"og:image:width\" content=\"900\" \/>\n\t<meta property=\"og:image:height\" content=\"904\" \/>\n\t<meta property=\"og:image:type\" content=\"image\/png\" \/>\n<meta name=\"twitter:card\" content=\"summary_large_image\" \/>\n<meta name=\"twitter:label1\" content=\"Tempo di lettura stimato\" \/>\n\t<meta name=\"twitter:data1\" content=\"1 minuto\" \/>\n<script type=\"application\/ld+json\" class=\"yoast-schema-graph\">{\"@context\":\"https:\\\/\\\/schema.org\",\"@graph\":[{\"@type\":\"WebPage\",\"@id\":\"https:\\\/\\\/www.amstelprinting.nl\\\/it\\\/negozio\\\/interno\\\/decorazione-murale\\\/poster-in-tessuto\\\/\",\"url\":\"https:\\\/\\\/www.amstelprinting.nl\\\/it\\\/negozio\\\/interno\\\/decorazione-murale\\\/poster-in-tessuto\\\/\",\"name\":\"Poster in tessuto su misura con bastoncini di sospensione in legno di faggio\",\"isPartOf\":{\"@id\":\"https:\\\/\\\/www.amstelprinting.nl\\\/it\\\/#website\"},\"primaryImageOfPage\":{\"@id\":\"https:\\\/\\\/www.amstelprinting.nl\\\/it\\\/negozio\\\/interno\\\/decorazione-murale\\\/poster-in-tessuto\\\/#primaryimage\"},\"image\":{\"@id\":\"https:\\\/\\\/www.amstelprinting.nl\\\/it\\\/negozio\\\/interno\\\/decorazione-murale\\\/poster-in-tessuto\\\/#primaryimage\"},\"thumbnailUrl\":\"https:\\\/\\\/www.amstelprinting.nl\\\/wp-content\\\/uploads\\\/textielposter-bedrukken.png\",\"datePublished\":\"2025-01-24T10:28:13+00:00\",\"dateModified\":\"2026-02-18T11:39:06+00:00\",\"description\":\"Ordina ora il tuo poster in tessuto ecosostenibile! Include bastoncini in legno di faggio per un facile montaggio. Consegna possibile in tutta Europa\",\"breadcrumb\":{\"@id\":\"https:\\\/\\\/www.amstelprinting.nl\\\/it\\\/negozio\\\/interno\\\/decorazione-murale\\\/poster-in-tessuto\\\/#breadcrumb\"},\"inLanguage\":\"it-IT\",\"potentialAction\":[{\"@type\":\"ReadAction\",\"target\":[\"https:\\\/\\\/www.amstelprinting.nl\\\/it\\\/negozio\\\/interno\\\/decorazione-murale\\\/poster-in-tessuto\\\/\"]}]},{\"@type\":\"ImageObject\",\"inLanguage\":\"it-IT\",\"@id\":\"https:\\\/\\\/www.amstelprinting.nl\\\/it\\\/negozio\\\/interno\\\/decorazione-murale\\\/poster-in-tessuto\\\/#primaryimage\",\"url\":\"https:\\\/\\\/www.amstelprinting.nl\\\/wp-content\\\/uploads\\\/textielposter-bedrukken.png\",\"contentUrl\":\"https:\\\/\\\/www.amstelprinting.nl\\\/wp-content\\\/uploads\\\/textielposter-bedrukken.png\",\"width\":900,\"height\":904},{\"@type\":\"BreadcrumbList\",\"@id\":\"https:\\\/\\\/www.amstelprinting.nl\\\/it\\\/negozio\\\/interno\\\/decorazione-murale\\\/poster-in-tessuto\\\/#breadcrumb\",\"itemListElement\":[{\"@type\":\"ListItem\",\"position\":1,\"name\":\"\",\"item\":\"https:\\\/\\\/www.amstelprinting.nl\\\/it\\\/\"},{\"@type\":\"ListItem\",\"position\":2,\"name\":\"Amstel Printing\",\"item\":\"https:\\\/\\\/www.amstelprinting.nl\\\/it\\\/negozio\\\/\"},{\"@type\":\"ListItem\",\"position\":3,\"name\":\"Pubblicit\u00e0 interna\",\"item\":\"https:\\\/\\\/www.amstelprinting.nl\\\/it\\\/categoria\\\/pubblicita-interna\\\/\"},{\"@type\":\"ListItem\",\"position\":4,\"name\":\"Pubblicit\u00e0 murale\",\"item\":\"https:\\\/\\\/www.amstelprinting.nl\\\/it\\\/categoria\\\/pubblicita-interna\\\/pubblicita-murale\\\/\"},{\"@type\":\"ListItem\",\"position\":5,\"name\":\"Poster in tessuto\"}]},{\"@type\":\"WebSite\",\"@id\":\"https:\\\/\\\/www.amstelprinting.nl\\\/it\\\/#website\",\"url\":\"https:\\\/\\\/www.amstelprinting.nl\\\/it\\\/\",\"name\":\"Amstel Printing\",\"description\":\"Creating Exposure\",\"publisher\":{\"@id\":\"https:\\\/\\\/www.amstelprinting.nl\\\/it\\\/#organization\"},\"potentialAction\":[{\"@type\":\"SearchAction\",\"target\":{\"@type\":\"EntryPoint\",\"urlTemplate\":\"https:\\\/\\\/www.amstelprinting.nl\\\/it\\\/?s={search_term_string}\"},\"query-input\":{\"@type\":\"PropertyValueSpecification\",\"valueRequired\":true,\"valueName\":\"search_term_string\"}}],\"inLanguage\":\"it-IT\"},{\"@type\":\"Organization\",\"@id\":\"https:\\\/\\\/www.amstelprinting.nl\\\/it\\\/#organization\",\"name\":\"Amstel Printing\",\"url\":\"https:\\\/\\\/www.amstelprinting.nl\\\/it\\\/\",\"logo\":{\"@type\":\"ImageObject\",\"inLanguage\":\"it-IT\",\"@id\":\"https:\\\/\\\/www.amstelprinting.nl\\\/it\\\/#\\\/schema\\\/logo\\\/image\\\/\",\"url\":\"https:\\\/\\\/www.amstelprinting.nl\\\/wp-content\\\/uploads\\\/amstel_printing_logo_clean.png\",\"contentUrl\":\"https:\\\/\\\/www.amstelprinting.nl\\\/wp-content\\\/uploads\\\/amstel_printing_logo_clean.png\",\"width\":324,\"height\":73,\"caption\":\"Amstel Printing\"},\"image\":{\"@id\":\"https:\\\/\\\/www.amstelprinting.nl\\\/it\\\/#\\\/schema\\\/logo\\\/image\\\/\"}}]}<\/script>\n<!-- \/ Yoast SEO plugin. -->","yoast_head_json":{"title":"Poster in tessuto su misura con bastoncini di sospensione in legno di faggio","description":"Ordina ora il tuo poster in tessuto ecosostenibile! Include bastoncini in legno di faggio per un facile montaggio. Consegna possibile in tutta Europa","robots":{"index":"index","follow":"follow","max-snippet":"max-snippet:-1","max-image-preview":"max-image-preview:large","max-video-preview":"max-video-preview:-1"},"canonical":"https:\/\/www.amstelprinting.nl\/it\/negozio\/interno\/decorazione-murale\/poster-in-tessuto\/","og_locale":"it_IT","og_type":"article","og_title":"Poster in tessuto su misura con bastoncini di sospensione in legno di faggio","og_description":"Ordina ora il tuo poster in tessuto ecosostenibile! Include bastoncini in legno di faggio per un facile montaggio. Consegna possibile in tutta Europa","og_url":"https:\/\/www.amstelprinting.nl\/it\/negozio\/interno\/decorazione-murale\/poster-in-tessuto\/","og_site_name":"Amstel Printing","article_modified_time":"2026-02-18T11:39:06+00:00","og_image":[{"width":900,"height":904,"url":"https:\/\/www.amstelprinting.nl\/wp-content\/uploads\/textielposter-bedrukken.png","type":"image\/png"}],"twitter_card":"summary_large_image","twitter_misc":{"Tempo di lettura stimato":"1 minuto"},"schema":{"@context":"https:\/\/schema.org","@graph":[{"@type":"WebPage","@id":"https:\/\/www.amstelprinting.nl\/it\/negozio\/interno\/decorazione-murale\/poster-in-tessuto\/","url":"https:\/\/www.amstelprinting.nl\/it\/negozio\/interno\/decorazione-murale\/poster-in-tessuto\/","name":"Poster in tessuto su misura con bastoncini di sospensione in legno di faggio","isPartOf":{"@id":"https:\/\/www.amstelprinting.nl\/it\/#website"},"primaryImageOfPage":{"@id":"https:\/\/www.amstelprinting.nl\/it\/negozio\/interno\/decorazione-murale\/poster-in-tessuto\/#primaryimage"},"image":{"@id":"https:\/\/www.amstelprinting.nl\/it\/negozio\/interno\/decorazione-murale\/poster-in-tessuto\/#primaryimage"},"thumbnailUrl":"https:\/\/www.amstelprinting.nl\/wp-content\/uploads\/textielposter-bedrukken.png","datePublished":"2025-01-24T10:28:13+00:00","dateModified":"2026-02-18T11:39:06+00:00","description":"Ordina ora il tuo poster in tessuto ecosostenibile! Include bastoncini in legno di faggio per un facile montaggio. Consegna possibile in tutta Europa","breadcrumb":{"@id":"https:\/\/www.amstelprinting.nl\/it\/negozio\/interno\/decorazione-murale\/poster-in-tessuto\/#breadcrumb"},"inLanguage":"it-IT","potentialAction":[{"@type":"ReadAction","target":["https:\/\/www.amstelprinting.nl\/it\/negozio\/interno\/decorazione-murale\/poster-in-tessuto\/"]}]},{"@type":"ImageObject","inLanguage":"it-IT","@id":"https:\/\/www.amstelprinting.nl\/it\/negozio\/interno\/decorazione-murale\/poster-in-tessuto\/#primaryimage","url":"https:\/\/www.amstelprinting.nl\/wp-content\/uploads\/textielposter-bedrukken.png","contentUrl":"https:\/\/www.amstelprinting.nl\/wp-content\/uploads\/textielposter-bedrukken.png","width":900,"height":904},{"@type":"BreadcrumbList","@id":"https:\/\/www.amstelprinting.nl\/it\/negozio\/interno\/decorazione-murale\/poster-in-tessuto\/#breadcrumb","itemListElement":[{"@type":"ListItem","position":1,"name":"","item":"https:\/\/www.amstelprinting.nl\/it\/"},{"@type":"ListItem","position":2,"name":"Amstel Printing","item":"https:\/\/www.amstelprinting.nl\/it\/negozio\/"},{"@type":"ListItem","position":3,"name":"Pubblicit\u00e0 interna","item":"https:\/\/www.amstelprinting.nl\/it\/categoria\/pubblicita-interna\/"},{"@type":"ListItem","position":4,"name":"Pubblicit\u00e0 murale","item":"https:\/\/www.amstelprinting.nl\/it\/categoria\/pubblicita-interna\/pubblicita-murale\/"},{"@type":"ListItem","position":5,"name":"Poster in tessuto"}]},{"@type":"WebSite","@id":"https:\/\/www.amstelprinting.nl\/it\/#website","url":"https:\/\/www.amstelprinting.nl\/it\/","name":"Amstel Printing","description":"Creating Exposure","publisher":{"@id":"https:\/\/www.amstelprinting.nl\/it\/#organization"},"potentialAction":[{"@type":"SearchAction","target":{"@type":"EntryPoint","urlTemplate":"https:\/\/www.amstelprinting.nl\/it\/?s={search_term_string}"},"query-input":{"@type":"PropertyValueSpecification","valueRequired":true,"valueName":"search_term_string"}}],"inLanguage":"it-IT"},{"@type":"Organization","@id":"https:\/\/www.amstelprinting.nl\/it\/#organization","name":"Amstel Printing","url":"https:\/\/www.amstelprinting.nl\/it\/","logo":{"@type":"ImageObject","inLanguage":"it-IT","@id":"https:\/\/www.amstelprinting.nl\/it\/#\/schema\/logo\/image\/","url":"https:\/\/www.amstelprinting.nl\/wp-content\/uploads\/amstel_printing_logo_clean.png","contentUrl":"https:\/\/www.amstelprinting.nl\/wp-content\/uploads\/amstel_printing_logo_clean.png","width":324,"height":73,"caption":"Amstel Printing"},"image":{"@id":"https:\/\/www.amstelprinting.nl\/it\/#\/schema\/logo\/image\/"}}]}},"_links":{"self":[{"href":"https:\/\/www.amstelprinting.nl\/it\/wp-json\/wp\/v2\/product\/14861","targetHints":{"allow":["GET"]}}],"collection":[{"href":"https:\/\/www.amstelprinting.nl\/it\/wp-json\/wp\/v2\/product"}],"about":[{"href":"https:\/\/www.amstelprinting.nl\/it\/wp-json\/wp\/v2\/types\/product"}],"wp:featuredmedia":[{"embeddable":true,"href":"https:\/\/www.amstelprinting.nl\/it\/wp-json\/wp\/v2\/media\/14862"}],"wp:attachment":[{"href":"https:\/\/www.amstelprinting.nl\/it\/wp-json\/wp\/v2\/media?parent=14861"}],"wp:term":[{"taxonomy":"product_brand","embeddable":true,"href":"https:\/\/www.amstelprinting.nl\/it\/wp-json\/wp\/v2\/product_brand?post=14861"},{"taxonomy":"product_cat","embeddable":true,"href":"https:\/\/www.amstelprinting.nl\/it\/wp-json\/wp\/v2\/product_cat?post=14861"},{"taxonomy":"product_tag","embeddable":true,"href":"https:\/\/www.amstelprinting.nl\/it\/wp-json\/wp\/v2\/product_tag?post=14861"}],"curies":[{"name":"wp","href":"https:\/\/api.w.org\/{rel}","templated":true}]}}