{"id":14901,"date":"2025-01-24T11:27:50","date_gmt":"2025-01-24T10:27:50","guid":{"rendered":"https:\/\/www.amstelprinting.nl\/winkel\/senza-categoria\/led-frame\/"},"modified":"2026-02-18T12:39:13","modified_gmt":"2026-02-18T11:39:13","slug":"cornice-led","status":"publish","type":"product","link":"https:\/\/www.amstelprinting.nl\/it\/negozio\/borsa-di-studio-evento\/pareti-espositive-illuminate\/cornice-led\/","title":{"rendered":"Cornice LED"},"content":{"rendered":"<h3>Ordinare una cornice LED<\/h3>\n<p>Fai risplendere il tuo design e scegli una cornice LED su misura. La cornice LED \u00e8 perfetta per spazi commerciali (aziendali), showroom, fiere o semplicemente per la casa. Scegli un set completo con cornice LED e telo o ordina uno dei due articoli separatamente.<\/p>\n<h3>\nPerch\u00e9 scegliere le cornici LED<\/h3>\n<ul>\n<li>La tua stampa illuminata intensamente<\/li>\n<li>L&#8217;elemento d&#8217;attrazione per ogni ambiente<\/li>\n<li>Per il fissaggio a parete<\/li>\n<li>Dotata di stampa monofacciale (stampa bifacciale? Scegli Pixlip)<\/li>\n<li>Scelta tra luce dimmerabile o non dimmerabile<\/li>\n<li>Disponibile in tre colori di cornice e 2 tipi di teli con profilo in gomma<\/li>\n<\/ul>\n<p>&nbsp;<\/p>\n<h3>Materiale della cornice LED e del telo<\/h3>\n<p>La cornice LED in alluminio \u00e8 disponibile nei colori bianco, nero e argento. La cornice LED combina un profilo in alluminio con un pannello posteriore in Dibond\u00ae, su cui vengono montate le strisce LED per una distribuzione uniforme della luce. \u00c8 possibile scegliere tra illuminazione dimmerabile o non dimmerabile, a seconda delle proprie esigenze.<\/p>\n<p>Per il telo della cornice LED puoi scegliere tra due materiali: Samba Backlit e LumiTex. Samba Backlit \u00e8 un tessuto in poliestere dai colori intensi, appositamente progettato per offrire luminosit\u00e0 e vivacit\u00e0 nelle cornici illuminate. Il materiale LumiTex \u00e8 composto al 100% da poliestere. \u00c8 realizzato con filati extra fini e dotato di un doppio strato di inchiostro, il che lo rende perfetto per l&#8217;uso in applicazioni illuminate.<\/p>\n<h3>Differenze tra Samba Backlit e LumiTex<\/h3>\n<p>La differenza tra Samba Backlit e LumiTex \u00e8 legata principalmente alla tecnica di stampa. Il telo Samba viene fornito con una stampa UV al 200%, mentre LumiTex prevede una stampa a sublimazione al 200%. Lo svantaggio della stampa UV \u00e8 che i doppi strati di inchiostro emettono un forte odore (temporaneo). LumiTex, d&#8217;altro canto, \u00e8 inodore e antipiega.<\/p>\n<p>Inoltre, la stampa su telo LumiTex \u00e8 leggermente pi\u00f9 durevole rispetto a Samba Backlit. Gli inchiostri utilizzati sono infatti a base d&#8217;acqua. Inoltre, LumiTex (proprio come Samba Backlit) \u00e8 privo di PVC e riciclabile.<\/p>\n<p>L&#8217;ultima differenza caratteristica tra i due teli \u00e8 che Samba Backlit \u00e8 dotato di un rivestimento. Grazie a questo rivestimento, Samba Backlit pu\u00f2 essere utilizzato all&#8217;aperto per brevi periodi. LumiTex \u00e8 adatto esclusivamente per applicazioni indoor.<\/p>\n<h3>Finitura della cornice LED<\/h3>\n<p>La lunghezza standard del cavo \u00e8 di 2m, ma hai anche l&#8217;opzione per 3m o 5m. Il collegamento del cavo pu\u00f2 essere posizionato a sinistra, a destra, in alto o in basso per la massima flessibilit\u00e0 durante l&#8217;installazione.<\/p>\n<h3>Alternative<\/h3>\n<p>La cornice LED in questa pagina prodotto \u00e8 adatta esclusivamente per il fissaggio a parete (per interni). Abbiamo elencato di seguito tutte le cornici LED e le alternative.<\/p>\n<ul>\n<li>Autoportante: la cornice Pixlip Go dotata di stampa bifacciale. Grazie ai piedini, questa cornice pu\u00f2 reggersi da sola.<\/li>\n<li>Uso esterno: Vuoi utilizzare la cornice LED all&#8217;esterno? Scegli allora la cornice LED Outdoor.<\/li>\n<\/ul>\n<p>&nbsp;<\/p>\n<h3>Domande frequenti<\/h3>\n<p><strong>Fino a quale formato massimo posso ordinare la cornice LED?<\/strong><br \/>\n\u00c8 possibile ordinare cornici LED fino a un formato massimo di 305 cm di larghezza per 150 cm di altezza.<\/p>\n<p><strong>Hai bisogno di un formato pi\u00f9 grande o desideri un altro colore?<\/strong><br \/>\nRichiedi semplicemente un preventivo.<\/p>\n<p><strong>Posso scegliere anche un colore della luce differente?<\/strong><br \/>\nOltre all&#8217;opzione standard (6500K), puoi scegliere tra 3000K e 4000K. Queste opzioni non sono disponibili di serie, ma possono essere ordinate su richiesta.<\/p>\n<p><strong>Vorrei la cornice LED in un altro colore, \u00e8 possibile?<\/strong><br \/>\nLa cornice LED \u00e8 disponibile di serie in argento, bianco e nero. Tuttavia, se desideri un altro colore, puoi fornire il codice colore RAL preferito. Verniceremo a polvere il profilo nel colore scelto. Tieni presente che ci\u00f2 pu\u00f2 aumentare i tempi di consegna di circa 2 settimane.<\/p>\n","protected":false},"excerpt":{"rendered":"<h3>La tua stampa intensamente illuminata in un&#8217;elegante cornice in alluminio<\/h3>\n<p>La cornice che mette magnificamente in risalto la tua stampa! Grazie alla combinazione dell&#8217;illuminazione a LED e del telo con profilo in gomma, il tuo design viene illuminato intensamente. Componi la cornice LED interamente secondo i tuoi desideri. In questo modo potrai determinare autonomamente le dimensioni. Ma potrai scegliere anche il colore della cornice in alluminio. Questa cornice LED \u00e8 aperta sul retro ed \u00e8 quindi adatta esclusivamente per il fissaggio a parete. Stanco della stampa? Puoi semplicemente ordinare una nuova stampa e sostituirla. Componi qui sotto la tua cornice LED in pochi passaggi.<\/p>\n","protected":false},"featured_media":14902,"template":"","meta":{"_et_pb_use_builder":"","_et_pb_old_content":"","_et_gb_content_width":""},"product_brand":[],"product_cat":[430,398,389,378],"product_tag":[],"class_list":{"0":"post-14901","1":"product","2":"type-product","3":"status-publish","4":"has-post-thumbnail","6":"product_cat-borsa-di-studio-evento","7":"product_cat-pareti-espositive-illuminate","8":"product_cat-presentazione","9":"product_cat-pubblicita-interna","11":"first","12":"instock","13":"taxable","14":"shipping-taxable","15":"purchasable","16":"product-type-simple"},"yoast_head":"<!-- This site is optimized with the Yoast SEO plugin v27.3 - https:\/\/yoast.com\/product\/yoast-seo-wordpress\/ -->\n<title>Acquista cornici LED pop-up - Presentazioni potenti, rapide e semplici<\/title>\n<meta name=\"description\" content=\"Scopri la cornice LED pop-up per una presentazione del marchio chiara e d&#039;impatto. Facile da montare. Richiedi subito un preventivo!\" \/>\n<meta name=\"robots\" content=\"index, follow, max-snippet:-1, max-image-preview:large, max-video-preview:-1\" \/>\n<link rel=\"canonical\" href=\"https:\/\/www.amstelprinting.nl\/it\/negozio\/borsa-di-studio-evento\/pareti-espositive-illuminate\/cornice-led\/\" \/>\n<meta property=\"og:locale\" content=\"it_IT\" \/>\n<meta property=\"og:type\" content=\"article\" \/>\n<meta property=\"og:title\" content=\"Acquista cornici LED pop-up - Presentazioni potenti, rapide e semplici\" \/>\n<meta property=\"og:description\" content=\"Scopri la cornice LED pop-up per una presentazione del marchio chiara e d&#039;impatto. Facile da montare. Richiedi subito un preventivo!\" \/>\n<meta property=\"og:url\" content=\"https:\/\/www.amstelprinting.nl\/it\/negozio\/borsa-di-studio-evento\/pareti-espositive-illuminate\/cornice-led\/\" \/>\n<meta property=\"og:site_name\" content=\"Amstel Printing\" \/>\n<meta property=\"article:modified_time\" content=\"2026-02-18T11:39:13+00:00\" \/>\n<meta property=\"og:image\" content=\"https:\/\/www.amstelprinting.nl\/wp-content\/uploads\/led-frame-bedrukken-1.png\" \/>\n\t<meta property=\"og:image:width\" content=\"900\" \/>\n\t<meta property=\"og:image:height\" content=\"900\" \/>\n\t<meta property=\"og:image:type\" content=\"image\/png\" \/>\n<meta name=\"twitter:card\" content=\"summary_large_image\" \/>\n<meta name=\"twitter:label1\" content=\"Tempo di lettura stimato\" \/>\n\t<meta name=\"twitter:data1\" content=\"3 minuti\" \/>\n<script type=\"application\/ld+json\" class=\"yoast-schema-graph\">{\"@context\":\"https:\\\/\\\/schema.org\",\"@graph\":[{\"@type\":\"WebPage\",\"@id\":\"https:\\\/\\\/www.amstelprinting.nl\\\/it\\\/negozio\\\/borsa-di-studio-evento\\\/pareti-espositive-illuminate\\\/cornice-led\\\/\",\"url\":\"https:\\\/\\\/www.amstelprinting.nl\\\/it\\\/negozio\\\/borsa-di-studio-evento\\\/pareti-espositive-illuminate\\\/cornice-led\\\/\",\"name\":\"Acquista cornici LED pop-up - Presentazioni potenti, rapide e semplici\",\"isPartOf\":{\"@id\":\"https:\\\/\\\/www.amstelprinting.nl\\\/it\\\/#website\"},\"primaryImageOfPage\":{\"@id\":\"https:\\\/\\\/www.amstelprinting.nl\\\/it\\\/negozio\\\/borsa-di-studio-evento\\\/pareti-espositive-illuminate\\\/cornice-led\\\/#primaryimage\"},\"image\":{\"@id\":\"https:\\\/\\\/www.amstelprinting.nl\\\/it\\\/negozio\\\/borsa-di-studio-evento\\\/pareti-espositive-illuminate\\\/cornice-led\\\/#primaryimage\"},\"thumbnailUrl\":\"https:\\\/\\\/www.amstelprinting.nl\\\/wp-content\\\/uploads\\\/led-frame-bedrukken-1.png\",\"datePublished\":\"2025-01-24T10:27:50+00:00\",\"dateModified\":\"2026-02-18T11:39:13+00:00\",\"description\":\"Scopri la cornice LED pop-up per una presentazione del marchio chiara e d'impatto. Facile da montare. Richiedi subito un preventivo!\",\"breadcrumb\":{\"@id\":\"https:\\\/\\\/www.amstelprinting.nl\\\/it\\\/negozio\\\/borsa-di-studio-evento\\\/pareti-espositive-illuminate\\\/cornice-led\\\/#breadcrumb\"},\"inLanguage\":\"it-IT\",\"potentialAction\":[{\"@type\":\"ReadAction\",\"target\":[\"https:\\\/\\\/www.amstelprinting.nl\\\/it\\\/negozio\\\/borsa-di-studio-evento\\\/pareti-espositive-illuminate\\\/cornice-led\\\/\"]}]},{\"@type\":\"ImageObject\",\"inLanguage\":\"it-IT\",\"@id\":\"https:\\\/\\\/www.amstelprinting.nl\\\/it\\\/negozio\\\/borsa-di-studio-evento\\\/pareti-espositive-illuminate\\\/cornice-led\\\/#primaryimage\",\"url\":\"https:\\\/\\\/www.amstelprinting.nl\\\/wp-content\\\/uploads\\\/led-frame-bedrukken-1.png\",\"contentUrl\":\"https:\\\/\\\/www.amstelprinting.nl\\\/wp-content\\\/uploads\\\/led-frame-bedrukken-1.png\",\"width\":900,\"height\":900},{\"@type\":\"BreadcrumbList\",\"@id\":\"https:\\\/\\\/www.amstelprinting.nl\\\/it\\\/negozio\\\/borsa-di-studio-evento\\\/pareti-espositive-illuminate\\\/cornice-led\\\/#breadcrumb\",\"itemListElement\":[{\"@type\":\"ListItem\",\"position\":1,\"name\":\"\",\"item\":\"https:\\\/\\\/www.amstelprinting.nl\\\/it\\\/\"},{\"@type\":\"ListItem\",\"position\":2,\"name\":\"Amstel Printing\",\"item\":\"https:\\\/\\\/www.amstelprinting.nl\\\/it\\\/negozio\\\/\"},{\"@type\":\"ListItem\",\"position\":3,\"name\":\"Pubblicit\u00e0 interna\",\"item\":\"https:\\\/\\\/www.amstelprinting.nl\\\/it\\\/categoria\\\/pubblicita-interna\\\/\"},{\"@type\":\"ListItem\",\"position\":4,\"name\":\"Presentazione\",\"item\":\"https:\\\/\\\/www.amstelprinting.nl\\\/it\\\/categoria\\\/pubblicita-interna\\\/presentazione\\\/\"},{\"@type\":\"ListItem\",\"position\":5,\"name\":\"Cornice LED\"}]},{\"@type\":\"WebSite\",\"@id\":\"https:\\\/\\\/www.amstelprinting.nl\\\/it\\\/#website\",\"url\":\"https:\\\/\\\/www.amstelprinting.nl\\\/it\\\/\",\"name\":\"Amstel Printing\",\"description\":\"Creating Exposure\",\"publisher\":{\"@id\":\"https:\\\/\\\/www.amstelprinting.nl\\\/it\\\/#organization\"},\"potentialAction\":[{\"@type\":\"SearchAction\",\"target\":{\"@type\":\"EntryPoint\",\"urlTemplate\":\"https:\\\/\\\/www.amstelprinting.nl\\\/it\\\/?s={search_term_string}\"},\"query-input\":{\"@type\":\"PropertyValueSpecification\",\"valueRequired\":true,\"valueName\":\"search_term_string\"}}],\"inLanguage\":\"it-IT\"},{\"@type\":\"Organization\",\"@id\":\"https:\\\/\\\/www.amstelprinting.nl\\\/it\\\/#organization\",\"name\":\"Amstel Printing\",\"url\":\"https:\\\/\\\/www.amstelprinting.nl\\\/it\\\/\",\"logo\":{\"@type\":\"ImageObject\",\"inLanguage\":\"it-IT\",\"@id\":\"https:\\\/\\\/www.amstelprinting.nl\\\/it\\\/#\\\/schema\\\/logo\\\/image\\\/\",\"url\":\"https:\\\/\\\/www.amstelprinting.nl\\\/wp-content\\\/uploads\\\/amstel_printing_logo_clean.png\",\"contentUrl\":\"https:\\\/\\\/www.amstelprinting.nl\\\/wp-content\\\/uploads\\\/amstel_printing_logo_clean.png\",\"width\":324,\"height\":73,\"caption\":\"Amstel Printing\"},\"image\":{\"@id\":\"https:\\\/\\\/www.amstelprinting.nl\\\/it\\\/#\\\/schema\\\/logo\\\/image\\\/\"}}]}<\/script>\n<!-- \/ Yoast SEO plugin. -->","yoast_head_json":{"title":"Acquista cornici LED pop-up - Presentazioni potenti, rapide e semplici","description":"Scopri la cornice LED pop-up per una presentazione del marchio chiara e d'impatto. Facile da montare. Richiedi subito un preventivo!","robots":{"index":"index","follow":"follow","max-snippet":"max-snippet:-1","max-image-preview":"max-image-preview:large","max-video-preview":"max-video-preview:-1"},"canonical":"https:\/\/www.amstelprinting.nl\/it\/negozio\/borsa-di-studio-evento\/pareti-espositive-illuminate\/cornice-led\/","og_locale":"it_IT","og_type":"article","og_title":"Acquista cornici LED pop-up - Presentazioni potenti, rapide e semplici","og_description":"Scopri la cornice LED pop-up per una presentazione del marchio chiara e d'impatto. Facile da montare. Richiedi subito un preventivo!","og_url":"https:\/\/www.amstelprinting.nl\/it\/negozio\/borsa-di-studio-evento\/pareti-espositive-illuminate\/cornice-led\/","og_site_name":"Amstel Printing","article_modified_time":"2026-02-18T11:39:13+00:00","og_image":[{"width":900,"height":900,"url":"https:\/\/www.amstelprinting.nl\/wp-content\/uploads\/led-frame-bedrukken-1.png","type":"image\/png"}],"twitter_card":"summary_large_image","twitter_misc":{"Tempo di lettura stimato":"3 minuti"},"schema":{"@context":"https:\/\/schema.org","@graph":[{"@type":"WebPage","@id":"https:\/\/www.amstelprinting.nl\/it\/negozio\/borsa-di-studio-evento\/pareti-espositive-illuminate\/cornice-led\/","url":"https:\/\/www.amstelprinting.nl\/it\/negozio\/borsa-di-studio-evento\/pareti-espositive-illuminate\/cornice-led\/","name":"Acquista cornici LED pop-up - Presentazioni potenti, rapide e semplici","isPartOf":{"@id":"https:\/\/www.amstelprinting.nl\/it\/#website"},"primaryImageOfPage":{"@id":"https:\/\/www.amstelprinting.nl\/it\/negozio\/borsa-di-studio-evento\/pareti-espositive-illuminate\/cornice-led\/#primaryimage"},"image":{"@id":"https:\/\/www.amstelprinting.nl\/it\/negozio\/borsa-di-studio-evento\/pareti-espositive-illuminate\/cornice-led\/#primaryimage"},"thumbnailUrl":"https:\/\/www.amstelprinting.nl\/wp-content\/uploads\/led-frame-bedrukken-1.png","datePublished":"2025-01-24T10:27:50+00:00","dateModified":"2026-02-18T11:39:13+00:00","description":"Scopri la cornice LED pop-up per una presentazione del marchio chiara e d'impatto. Facile da montare. Richiedi subito un preventivo!","breadcrumb":{"@id":"https:\/\/www.amstelprinting.nl\/it\/negozio\/borsa-di-studio-evento\/pareti-espositive-illuminate\/cornice-led\/#breadcrumb"},"inLanguage":"it-IT","potentialAction":[{"@type":"ReadAction","target":["https:\/\/www.amstelprinting.nl\/it\/negozio\/borsa-di-studio-evento\/pareti-espositive-illuminate\/cornice-led\/"]}]},{"@type":"ImageObject","inLanguage":"it-IT","@id":"https:\/\/www.amstelprinting.nl\/it\/negozio\/borsa-di-studio-evento\/pareti-espositive-illuminate\/cornice-led\/#primaryimage","url":"https:\/\/www.amstelprinting.nl\/wp-content\/uploads\/led-frame-bedrukken-1.png","contentUrl":"https:\/\/www.amstelprinting.nl\/wp-content\/uploads\/led-frame-bedrukken-1.png","width":900,"height":900},{"@type":"BreadcrumbList","@id":"https:\/\/www.amstelprinting.nl\/it\/negozio\/borsa-di-studio-evento\/pareti-espositive-illuminate\/cornice-led\/#breadcrumb","itemListElement":[{"@type":"ListItem","position":1,"name":"","item":"https:\/\/www.amstelprinting.nl\/it\/"},{"@type":"ListItem","position":2,"name":"Amstel Printing","item":"https:\/\/www.amstelprinting.nl\/it\/negozio\/"},{"@type":"ListItem","position":3,"name":"Pubblicit\u00e0 interna","item":"https:\/\/www.amstelprinting.nl\/it\/categoria\/pubblicita-interna\/"},{"@type":"ListItem","position":4,"name":"Presentazione","item":"https:\/\/www.amstelprinting.nl\/it\/categoria\/pubblicita-interna\/presentazione\/"},{"@type":"ListItem","position":5,"name":"Cornice LED"}]},{"@type":"WebSite","@id":"https:\/\/www.amstelprinting.nl\/it\/#website","url":"https:\/\/www.amstelprinting.nl\/it\/","name":"Amstel Printing","description":"Creating Exposure","publisher":{"@id":"https:\/\/www.amstelprinting.nl\/it\/#organization"},"potentialAction":[{"@type":"SearchAction","target":{"@type":"EntryPoint","urlTemplate":"https:\/\/www.amstelprinting.nl\/it\/?s={search_term_string}"},"query-input":{"@type":"PropertyValueSpecification","valueRequired":true,"valueName":"search_term_string"}}],"inLanguage":"it-IT"},{"@type":"Organization","@id":"https:\/\/www.amstelprinting.nl\/it\/#organization","name":"Amstel Printing","url":"https:\/\/www.amstelprinting.nl\/it\/","logo":{"@type":"ImageObject","inLanguage":"it-IT","@id":"https:\/\/www.amstelprinting.nl\/it\/#\/schema\/logo\/image\/","url":"https:\/\/www.amstelprinting.nl\/wp-content\/uploads\/amstel_printing_logo_clean.png","contentUrl":"https:\/\/www.amstelprinting.nl\/wp-content\/uploads\/amstel_printing_logo_clean.png","width":324,"height":73,"caption":"Amstel Printing"},"image":{"@id":"https:\/\/www.amstelprinting.nl\/it\/#\/schema\/logo\/image\/"}}]}},"_links":{"self":[{"href":"https:\/\/www.amstelprinting.nl\/it\/wp-json\/wp\/v2\/product\/14901","targetHints":{"allow":["GET"]}}],"collection":[{"href":"https:\/\/www.amstelprinting.nl\/it\/wp-json\/wp\/v2\/product"}],"about":[{"href":"https:\/\/www.amstelprinting.nl\/it\/wp-json\/wp\/v2\/types\/product"}],"wp:featuredmedia":[{"embeddable":true,"href":"https:\/\/www.amstelprinting.nl\/it\/wp-json\/wp\/v2\/media\/14902"}],"wp:attachment":[{"href":"https:\/\/www.amstelprinting.nl\/it\/wp-json\/wp\/v2\/media?parent=14901"}],"wp:term":[{"taxonomy":"product_brand","embeddable":true,"href":"https:\/\/www.amstelprinting.nl\/it\/wp-json\/wp\/v2\/product_brand?post=14901"},{"taxonomy":"product_cat","embeddable":true,"href":"https:\/\/www.amstelprinting.nl\/it\/wp-json\/wp\/v2\/product_cat?post=14901"},{"taxonomy":"product_tag","embeddable":true,"href":"https:\/\/www.amstelprinting.nl\/it\/wp-json\/wp\/v2\/product_tag?post=14901"}],"curies":[{"name":"wp","href":"https:\/\/api.w.org\/{rel}","templated":true}]}}