{"id":14941,"date":"2025-01-24T11:27:27","date_gmt":"2025-01-24T10:27:27","guid":{"rendered":"https:\/\/www.amstelprinting.nl\/winkel\/senza-categoria\/pop-up-led-frame\/"},"modified":"2026-02-18T12:39:19","modified_gmt":"2026-02-18T11:39:19","slug":"cornice-led-pop-up","status":"publish","type":"product","link":"https:\/\/www.amstelprinting.nl\/it\/negozio\/borsa-di-studio-evento\/pareti-espositive-illuminate\/cornice-led-pop-up\/","title":{"rendered":"Cornice LED pop-up"},"content":{"rendered":"<h3>Ordina cornice LED pop-up<\/h3>\n<p>Vuoi portare la tua presentazione a un livello superiore? Questa avanzata cornice LED pop-up in alluminio offre non solo una base solida, ma anche un&#8217;impressionante soluzione di illuminazione per trasmettere il tuo messaggio. Perfetto per ogni ambiente professionale dove l&#8217;impatto e l&#8217;attrattiva visiva sono essenziali.<\/p>\n<h3>Formati e materiali<\/h3>\n<p>Questa cornice in alluminio color argento offre formati da 85 x 200 cm o 100 x 200 cm, con uno spessore imponente di 60 mm per la massima stabilit\u00e0. Dotata di due piedini robusti, questa cornice monofacciale sta in piedi senza sforzo in qualsiasi posizione desiderata.<\/p>\n<p>Puoi scegliere tra due materiali di alta qualit\u00e0 per il telo della tua cornice LED:<\/p>\n<ul>\n<li><strong>Samba Backlit<\/strong>: Questo telo in poliestere \u00e8 noto per i suoi colori intensi e la sua brillantezza. \u00c8 appositamente progettato per risplendere in cornici illuminate, rendendo il tuo messaggio sempre chiaro e vivace. Include certificato B1 per la sicurezza antincendio<\/li>\n<li><strong>LumiTex<\/strong>: Poliestere inodore e senza pieghe con filati extra fini e un doppio strato di inchiostro. LumiTex offre una luminosit\u00e0 eccezionale ed \u00e8 perfetto per l&#8217;uso in applicazioni illuminate, rendendo i tuoi contenuti visivi sempre professionali e nitidi.<\/li>\n<\/ul>\n<p>&nbsp;<\/p>\n<h3>Differenze tra Samba Backlit e LumiTex<\/h3>\n<p>La differenza tra Samba Backlit e LumiTex \u00e8 principalmente legata alla tecnica di stampa. Il telo Samba con bordino viene fornito con una stampa UV al 200% e LumiTex riguarda una stampa a sublimazione al 200%. Lo svantaggio della stampa UV \u00e8 che i doppi strati di inchiostro emettono un odore forte (temporaneo). LumiTex \u00e8 invece inodore e privo di pieghe.<br \/>\nInoltre, la stampa su telo LumiTex rispetto a Samba Backlit \u00e8 leggermente pi\u00f9 durevole. Gli inchiostri utilizzati sono infatti a base d&#8217;acqua. Inoltre, LumiTex (proprio come Samba Backlit) \u00e8 privo di PVC e riciclabile.<\/p>\n<p>L&#8217;ultima differenza distintiva tra i due teli \u00e8 che Samba Backlit \u00e8 dotato di un rivestimento. Grazie a questo rivestimento, Samba Backlit pu\u00f2 essere utilizzato anche all&#8217;esterno per brevi periodi. LumiTex \u00e8 adatto esclusivamente per applicazioni indoor.<\/p>\n<h3>Accessori inclusi<\/h3>\n<p>Ogni dettaglio \u00e8 stato attentamente progettato per ottimizzare la tua esperienza. La borsa inclusa garantisce facilit\u00e0 di trasporto e stoccaggio, mentre i guanti e l&#8217;attrezzo e-lock garantiscono sicurezza ed efficienza nell&#8217;allestimento della tua cornice LED pop-up.<\/p>\n<p>Trasforma il tuo messaggio con visual chiari e vivaci e lascia un&#8217;impressione duratura sul tuo pubblico. Scegli la cornice LED pop-up e fai risplendere la tua presentazione nel bagliore della tecnologia moderna.<\/p>\n","protected":false},"excerpt":{"rendered":"<h3>La tua stampa illuminata intensamente<\/h3>\n<p>La cornice autoportante che mette la tua stampa sotto i riflettori! Questo sistema \u00e8 molto leggero e quindi facile da trasportare. L&#8217;illuminazione a LED garantisce un&#8217;illuminazione intensa della stampa. Stanco della stampa? Puoi facilmente ordinare la stampa singola e sostituirla tu stesso. Configura la tua cornice LED pop-up in pochi passaggi qui sotto. Nota! Dotata di stampa <strong>monofacciale<\/strong>. Il LEDbox pop-up con stampa <strong>bifacciale<\/strong> pu\u00f2 essere ordinato <a href=\"https:\/\/www.amstelprinting.nl\/winkel\/borsa-di-studio-evento\/pareti-espositive-illuminate\/pixlip-go-frame\/?lang=it\">qui<\/a>.<\/p>\n","protected":false},"featured_media":14942,"template":"","meta":{"_et_pb_use_builder":"","_et_pb_old_content":"","_et_gb_content_width":""},"product_brand":[],"product_cat":[430,398,389,378],"product_tag":[],"class_list":{"0":"post-14941","1":"product","2":"type-product","3":"status-publish","4":"has-post-thumbnail","6":"product_cat-borsa-di-studio-evento","7":"product_cat-pareti-espositive-illuminate","8":"product_cat-presentazione","9":"product_cat-pubblicita-interna","11":"first","12":"instock","13":"taxable","14":"shipping-taxable","15":"purchasable","16":"product-type-simple"},"yoast_head":"<!-- This site is optimized with the Yoast SEO plugin v27.3 - https:\/\/yoast.com\/product\/yoast-seo-wordpress\/ -->\n<title>Ordina cornice LED pop-up - Display con illuminazione potente<\/title>\n<meta name=\"description\" content=\"Trasforma la tua presentazione con una cornice LED pop-up leggerissima. Illuminazione LED intensa, stampe facilmente intercambiabili, incl. borsa per il trasporto e accessori.\" \/>\n<meta name=\"robots\" content=\"index, follow, max-snippet:-1, max-image-preview:large, max-video-preview:-1\" \/>\n<link rel=\"canonical\" href=\"https:\/\/www.amstelprinting.nl\/it\/negozio\/borsa-di-studio-evento\/pareti-espositive-illuminate\/cornice-led-pop-up\/\" \/>\n<meta property=\"og:locale\" content=\"it_IT\" \/>\n<meta property=\"og:type\" content=\"article\" \/>\n<meta property=\"og:title\" content=\"Ordina cornice LED pop-up - Display con illuminazione potente\" \/>\n<meta property=\"og:description\" content=\"Trasforma la tua presentazione con una cornice LED pop-up leggerissima. Illuminazione LED intensa, stampe facilmente intercambiabili, incl. borsa per il trasporto e accessori.\" \/>\n<meta property=\"og:url\" content=\"https:\/\/www.amstelprinting.nl\/it\/negozio\/borsa-di-studio-evento\/pareti-espositive-illuminate\/cornice-led-pop-up\/\" \/>\n<meta property=\"og:site_name\" content=\"Amstel Printing\" \/>\n<meta property=\"article:modified_time\" content=\"2026-02-18T11:39:19+00:00\" \/>\n<meta property=\"og:image\" content=\"https:\/\/www.amstelprinting.nl\/wp-content\/uploads\/pop-up-led-frame-bedrukken.png\" \/>\n\t<meta property=\"og:image:width\" content=\"900\" \/>\n\t<meta property=\"og:image:height\" content=\"900\" \/>\n\t<meta property=\"og:image:type\" content=\"image\/png\" \/>\n<meta name=\"twitter:card\" content=\"summary_large_image\" \/>\n<meta name=\"twitter:label1\" content=\"Tempo di lettura stimato\" \/>\n\t<meta name=\"twitter:data1\" content=\"2 minuti\" \/>\n<script type=\"application\/ld+json\" class=\"yoast-schema-graph\">{\"@context\":\"https:\\\/\\\/schema.org\",\"@graph\":[{\"@type\":\"WebPage\",\"@id\":\"https:\\\/\\\/www.amstelprinting.nl\\\/it\\\/negozio\\\/borsa-di-studio-evento\\\/pareti-espositive-illuminate\\\/cornice-led-pop-up\\\/\",\"url\":\"https:\\\/\\\/www.amstelprinting.nl\\\/it\\\/negozio\\\/borsa-di-studio-evento\\\/pareti-espositive-illuminate\\\/cornice-led-pop-up\\\/\",\"name\":\"Ordina cornice LED pop-up - Display con illuminazione potente\",\"isPartOf\":{\"@id\":\"https:\\\/\\\/www.amstelprinting.nl\\\/it\\\/#website\"},\"primaryImageOfPage\":{\"@id\":\"https:\\\/\\\/www.amstelprinting.nl\\\/it\\\/negozio\\\/borsa-di-studio-evento\\\/pareti-espositive-illuminate\\\/cornice-led-pop-up\\\/#primaryimage\"},\"image\":{\"@id\":\"https:\\\/\\\/www.amstelprinting.nl\\\/it\\\/negozio\\\/borsa-di-studio-evento\\\/pareti-espositive-illuminate\\\/cornice-led-pop-up\\\/#primaryimage\"},\"thumbnailUrl\":\"https:\\\/\\\/www.amstelprinting.nl\\\/wp-content\\\/uploads\\\/pop-up-led-frame-bedrukken.png\",\"datePublished\":\"2025-01-24T10:27:27+00:00\",\"dateModified\":\"2026-02-18T11:39:19+00:00\",\"description\":\"Trasforma la tua presentazione con una cornice LED pop-up leggerissima. Illuminazione LED intensa, stampe facilmente intercambiabili, incl. borsa per il trasporto e accessori.\",\"breadcrumb\":{\"@id\":\"https:\\\/\\\/www.amstelprinting.nl\\\/it\\\/negozio\\\/borsa-di-studio-evento\\\/pareti-espositive-illuminate\\\/cornice-led-pop-up\\\/#breadcrumb\"},\"inLanguage\":\"it-IT\",\"potentialAction\":[{\"@type\":\"ReadAction\",\"target\":[\"https:\\\/\\\/www.amstelprinting.nl\\\/it\\\/negozio\\\/borsa-di-studio-evento\\\/pareti-espositive-illuminate\\\/cornice-led-pop-up\\\/\"]}]},{\"@type\":\"ImageObject\",\"inLanguage\":\"it-IT\",\"@id\":\"https:\\\/\\\/www.amstelprinting.nl\\\/it\\\/negozio\\\/borsa-di-studio-evento\\\/pareti-espositive-illuminate\\\/cornice-led-pop-up\\\/#primaryimage\",\"url\":\"https:\\\/\\\/www.amstelprinting.nl\\\/wp-content\\\/uploads\\\/pop-up-led-frame-bedrukken.png\",\"contentUrl\":\"https:\\\/\\\/www.amstelprinting.nl\\\/wp-content\\\/uploads\\\/pop-up-led-frame-bedrukken.png\",\"width\":900,\"height\":900},{\"@type\":\"BreadcrumbList\",\"@id\":\"https:\\\/\\\/www.amstelprinting.nl\\\/it\\\/negozio\\\/borsa-di-studio-evento\\\/pareti-espositive-illuminate\\\/cornice-led-pop-up\\\/#breadcrumb\",\"itemListElement\":[{\"@type\":\"ListItem\",\"position\":1,\"name\":\"\",\"item\":\"https:\\\/\\\/www.amstelprinting.nl\\\/it\\\/\"},{\"@type\":\"ListItem\",\"position\":2,\"name\":\"Amstel Printing\",\"item\":\"https:\\\/\\\/www.amstelprinting.nl\\\/it\\\/negozio\\\/\"},{\"@type\":\"ListItem\",\"position\":3,\"name\":\"Pubblicit\u00e0 interna\",\"item\":\"https:\\\/\\\/www.amstelprinting.nl\\\/it\\\/categoria\\\/pubblicita-interna\\\/\"},{\"@type\":\"ListItem\",\"position\":4,\"name\":\"Presentazione\",\"item\":\"https:\\\/\\\/www.amstelprinting.nl\\\/it\\\/categoria\\\/pubblicita-interna\\\/presentazione\\\/\"},{\"@type\":\"ListItem\",\"position\":5,\"name\":\"Cornice LED pop-up\"}]},{\"@type\":\"WebSite\",\"@id\":\"https:\\\/\\\/www.amstelprinting.nl\\\/it\\\/#website\",\"url\":\"https:\\\/\\\/www.amstelprinting.nl\\\/it\\\/\",\"name\":\"Amstel Printing\",\"description\":\"Creating Exposure\",\"publisher\":{\"@id\":\"https:\\\/\\\/www.amstelprinting.nl\\\/it\\\/#organization\"},\"potentialAction\":[{\"@type\":\"SearchAction\",\"target\":{\"@type\":\"EntryPoint\",\"urlTemplate\":\"https:\\\/\\\/www.amstelprinting.nl\\\/it\\\/?s={search_term_string}\"},\"query-input\":{\"@type\":\"PropertyValueSpecification\",\"valueRequired\":true,\"valueName\":\"search_term_string\"}}],\"inLanguage\":\"it-IT\"},{\"@type\":\"Organization\",\"@id\":\"https:\\\/\\\/www.amstelprinting.nl\\\/it\\\/#organization\",\"name\":\"Amstel Printing\",\"url\":\"https:\\\/\\\/www.amstelprinting.nl\\\/it\\\/\",\"logo\":{\"@type\":\"ImageObject\",\"inLanguage\":\"it-IT\",\"@id\":\"https:\\\/\\\/www.amstelprinting.nl\\\/it\\\/#\\\/schema\\\/logo\\\/image\\\/\",\"url\":\"https:\\\/\\\/www.amstelprinting.nl\\\/wp-content\\\/uploads\\\/amstel_printing_logo_clean.png\",\"contentUrl\":\"https:\\\/\\\/www.amstelprinting.nl\\\/wp-content\\\/uploads\\\/amstel_printing_logo_clean.png\",\"width\":324,\"height\":73,\"caption\":\"Amstel Printing\"},\"image\":{\"@id\":\"https:\\\/\\\/www.amstelprinting.nl\\\/it\\\/#\\\/schema\\\/logo\\\/image\\\/\"}}]}<\/script>\n<!-- \/ Yoast SEO plugin. -->","yoast_head_json":{"title":"Ordina cornice LED pop-up - Display con illuminazione potente","description":"Trasforma la tua presentazione con una cornice LED pop-up leggerissima. Illuminazione LED intensa, stampe facilmente intercambiabili, incl. borsa per il trasporto e accessori.","robots":{"index":"index","follow":"follow","max-snippet":"max-snippet:-1","max-image-preview":"max-image-preview:large","max-video-preview":"max-video-preview:-1"},"canonical":"https:\/\/www.amstelprinting.nl\/it\/negozio\/borsa-di-studio-evento\/pareti-espositive-illuminate\/cornice-led-pop-up\/","og_locale":"it_IT","og_type":"article","og_title":"Ordina cornice LED pop-up - Display con illuminazione potente","og_description":"Trasforma la tua presentazione con una cornice LED pop-up leggerissima. Illuminazione LED intensa, stampe facilmente intercambiabili, incl. borsa per il trasporto e accessori.","og_url":"https:\/\/www.amstelprinting.nl\/it\/negozio\/borsa-di-studio-evento\/pareti-espositive-illuminate\/cornice-led-pop-up\/","og_site_name":"Amstel Printing","article_modified_time":"2026-02-18T11:39:19+00:00","og_image":[{"width":900,"height":900,"url":"https:\/\/www.amstelprinting.nl\/wp-content\/uploads\/pop-up-led-frame-bedrukken.png","type":"image\/png"}],"twitter_card":"summary_large_image","twitter_misc":{"Tempo di lettura stimato":"2 minuti"},"schema":{"@context":"https:\/\/schema.org","@graph":[{"@type":"WebPage","@id":"https:\/\/www.amstelprinting.nl\/it\/negozio\/borsa-di-studio-evento\/pareti-espositive-illuminate\/cornice-led-pop-up\/","url":"https:\/\/www.amstelprinting.nl\/it\/negozio\/borsa-di-studio-evento\/pareti-espositive-illuminate\/cornice-led-pop-up\/","name":"Ordina cornice LED pop-up - Display con illuminazione potente","isPartOf":{"@id":"https:\/\/www.amstelprinting.nl\/it\/#website"},"primaryImageOfPage":{"@id":"https:\/\/www.amstelprinting.nl\/it\/negozio\/borsa-di-studio-evento\/pareti-espositive-illuminate\/cornice-led-pop-up\/#primaryimage"},"image":{"@id":"https:\/\/www.amstelprinting.nl\/it\/negozio\/borsa-di-studio-evento\/pareti-espositive-illuminate\/cornice-led-pop-up\/#primaryimage"},"thumbnailUrl":"https:\/\/www.amstelprinting.nl\/wp-content\/uploads\/pop-up-led-frame-bedrukken.png","datePublished":"2025-01-24T10:27:27+00:00","dateModified":"2026-02-18T11:39:19+00:00","description":"Trasforma la tua presentazione con una cornice LED pop-up leggerissima. Illuminazione LED intensa, stampe facilmente intercambiabili, incl. borsa per il trasporto e accessori.","breadcrumb":{"@id":"https:\/\/www.amstelprinting.nl\/it\/negozio\/borsa-di-studio-evento\/pareti-espositive-illuminate\/cornice-led-pop-up\/#breadcrumb"},"inLanguage":"it-IT","potentialAction":[{"@type":"ReadAction","target":["https:\/\/www.amstelprinting.nl\/it\/negozio\/borsa-di-studio-evento\/pareti-espositive-illuminate\/cornice-led-pop-up\/"]}]},{"@type":"ImageObject","inLanguage":"it-IT","@id":"https:\/\/www.amstelprinting.nl\/it\/negozio\/borsa-di-studio-evento\/pareti-espositive-illuminate\/cornice-led-pop-up\/#primaryimage","url":"https:\/\/www.amstelprinting.nl\/wp-content\/uploads\/pop-up-led-frame-bedrukken.png","contentUrl":"https:\/\/www.amstelprinting.nl\/wp-content\/uploads\/pop-up-led-frame-bedrukken.png","width":900,"height":900},{"@type":"BreadcrumbList","@id":"https:\/\/www.amstelprinting.nl\/it\/negozio\/borsa-di-studio-evento\/pareti-espositive-illuminate\/cornice-led-pop-up\/#breadcrumb","itemListElement":[{"@type":"ListItem","position":1,"name":"","item":"https:\/\/www.amstelprinting.nl\/it\/"},{"@type":"ListItem","position":2,"name":"Amstel Printing","item":"https:\/\/www.amstelprinting.nl\/it\/negozio\/"},{"@type":"ListItem","position":3,"name":"Pubblicit\u00e0 interna","item":"https:\/\/www.amstelprinting.nl\/it\/categoria\/pubblicita-interna\/"},{"@type":"ListItem","position":4,"name":"Presentazione","item":"https:\/\/www.amstelprinting.nl\/it\/categoria\/pubblicita-interna\/presentazione\/"},{"@type":"ListItem","position":5,"name":"Cornice LED pop-up"}]},{"@type":"WebSite","@id":"https:\/\/www.amstelprinting.nl\/it\/#website","url":"https:\/\/www.amstelprinting.nl\/it\/","name":"Amstel Printing","description":"Creating Exposure","publisher":{"@id":"https:\/\/www.amstelprinting.nl\/it\/#organization"},"potentialAction":[{"@type":"SearchAction","target":{"@type":"EntryPoint","urlTemplate":"https:\/\/www.amstelprinting.nl\/it\/?s={search_term_string}"},"query-input":{"@type":"PropertyValueSpecification","valueRequired":true,"valueName":"search_term_string"}}],"inLanguage":"it-IT"},{"@type":"Organization","@id":"https:\/\/www.amstelprinting.nl\/it\/#organization","name":"Amstel Printing","url":"https:\/\/www.amstelprinting.nl\/it\/","logo":{"@type":"ImageObject","inLanguage":"it-IT","@id":"https:\/\/www.amstelprinting.nl\/it\/#\/schema\/logo\/image\/","url":"https:\/\/www.amstelprinting.nl\/wp-content\/uploads\/amstel_printing_logo_clean.png","contentUrl":"https:\/\/www.amstelprinting.nl\/wp-content\/uploads\/amstel_printing_logo_clean.png","width":324,"height":73,"caption":"Amstel Printing"},"image":{"@id":"https:\/\/www.amstelprinting.nl\/it\/#\/schema\/logo\/image\/"}}]}},"_links":{"self":[{"href":"https:\/\/www.amstelprinting.nl\/it\/wp-json\/wp\/v2\/product\/14941","targetHints":{"allow":["GET"]}}],"collection":[{"href":"https:\/\/www.amstelprinting.nl\/it\/wp-json\/wp\/v2\/product"}],"about":[{"href":"https:\/\/www.amstelprinting.nl\/it\/wp-json\/wp\/v2\/types\/product"}],"wp:featuredmedia":[{"embeddable":true,"href":"https:\/\/www.amstelprinting.nl\/it\/wp-json\/wp\/v2\/media\/14942"}],"wp:attachment":[{"href":"https:\/\/www.amstelprinting.nl\/it\/wp-json\/wp\/v2\/media?parent=14941"}],"wp:term":[{"taxonomy":"product_brand","embeddable":true,"href":"https:\/\/www.amstelprinting.nl\/it\/wp-json\/wp\/v2\/product_brand?post=14941"},{"taxonomy":"product_cat","embeddable":true,"href":"https:\/\/www.amstelprinting.nl\/it\/wp-json\/wp\/v2\/product_cat?post=14941"},{"taxonomy":"product_tag","embeddable":true,"href":"https:\/\/www.amstelprinting.nl\/it\/wp-json\/wp\/v2\/product_tag?post=14941"}],"curies":[{"name":"wp","href":"https:\/\/api.w.org\/{rel}","templated":true}]}}