{"id":14951,"date":"2025-01-24T11:27:23","date_gmt":"2025-01-24T10:27:23","guid":{"rendered":"https:\/\/www.amstelprinting.nl\/winkel\/senza-categoria\/pixlip-go-frame\/"},"modified":"2026-02-18T12:39:21","modified_gmt":"2026-02-18T11:39:21","slug":"cornice-pixlip-go","status":"publish","type":"product","link":"https:\/\/www.amstelprinting.nl\/it\/negozio\/borsa-di-studio-evento\/pareti-espositive-illuminate\/cornice-pixlip-go\/","title":{"rendered":"Cornice Pixlip Go"},"content":{"rendered":"<h3>Vantaggi<\/h3>\n<ul>\n<li>Stampa fronte-retro<\/li>\n<li>Montaggio in 5 minuti<\/li>\n<li>Disponibile in 4 formati standard<\/li>\n<li>Sostenibile: realizzata in plastica riciclata<\/li>\n<li>Facile da trasportare grazie alla borsa per il trasporto inclusa<\/li>\n<li>Completa con un porta brochure opzionale<\/li>\n<li>Resistente al fuoco: dotata di certificazione ignifuga B1<\/li>\n<\/ul>\n<p>&nbsp;<\/p>\n<h3>Ordinare la cornice Pixlip Go<\/h3>\n<p>Dai vita alla tua presentazione con la cornice Pixlip Go, la soluzione definitiva per una comunicazione visiva professionale e d&#8217;impatto! La cornice Pixlip Go non \u00e8 solo accattivante ed elegante, ma anche incredibilmente facile da trasportare e montare. Che tu stia organizzando uno stand fieristico, una presentazione in negozio o un evento aziendale, questo innovativo sistema espositivo bifacciale offre la soluzione perfetta per le tue esigenze di comunicazione visiva.<\/p>\n<h3>Formati e materiali<\/h3>\n<p>La cornice Pixlip Go offre versatilit\u00e0 e flessibilit\u00e0 in vari formati, adattandosi perfettamente a tutte le tue esigenze di presentazione.<\/p>\n<ul>\n<li><strong>Bancone fieristico Pixlip<\/strong> &#8211; \u00c8 disponibile come bancone compatto (vedi Pixlip Go Counter) con dimensioni di 100 cm x 100 cm e un piano di lavoro con una profondit\u00e0 di 40 cm. Ideale per presentazioni funzionali e professionali.<\/li>\n<li><strong>Cornice LED Pixlip Go<\/strong> &#8211; Inoltre, puoi scegliere tra tre formati di telaio: 100 cm x 200 cm, 100 cm x 250 cm e 200 cm x 250 cm, per avere sempre la dimensione giusta per ogni presentazione, che si tratti di un piccolo display o di un grande stand fieristico.<\/li>\n<\/ul>\n<p>&nbsp;<br \/>\nPer la cornice Pixlip Go puoi scegliere tra due materiali di alta qualit\u00e0 per il telo tensionato: Samba backlit e LumiTex. Il sistema \u00e8 composto da due teli posizionati sia sulla parte anteriore che su quella posteriore della cornice, rendendo la tua presentazione visibile da tutti i lati.<\/p>\n<p><strong>Samba Backlit<\/strong>: Questo tessuto in poliestere \u00e8 noto per i suoi colori intensi e la sua luminosit\u00e0. \u00c8 progettato appositamente per risplendere nelle cornici Pixlip illuminate, garantendo che il tuo messaggio risulti sempre chiaro e vivace.<\/p>\n<p><strong>LumiTex<\/strong>: Realizzato al 100% in poliestere con filati extra fini e un doppio strato di inchiostro. LumiTex offre una luminosit\u00e0 eccezionale ed \u00e8 perfetto per l&#8217;uso in applicazioni Pixlip illuminate, garantendo che i tuoi contenuti visivi appaiano sempre professionali e nitidi.<\/p>\n<h3>Differenze tra Samba Backlit e LumiTex<\/h3>\n<p>La differenza tra Samba Backlit e LumiTex \u00e8 legata principalmente alla tecnica di stampa. Il telo Samba viene fornito con una stampa UV al 200%, mentre LumiTex prevede una stampa a sublimazione al 200%. Lo svantaggio della stampa UV \u00e8 che i doppi strati di inchiostro rilasciano un odore forte (temporaneo). LumiTex, d&#8217;altro canto, \u00e8 inodore e antipiega.<br \/>\nInoltre, la stampa su tessuto LumiTex \u00e8 leggermente pi\u00f9 durevole rispetto al Samba Backlit. Gli inchiostri utilizzati sono infatti a base d&#8217;acqua. Inoltre, LumiTex (proprio come Samba Backlit) \u00e8 privo di PVC e riciclabile.<\/p>\n<p>L&#8217;ultima differenza distintiva tra i due tessuti \u00e8 che Samba Backlit \u00e8 dotato di un rivestimento. Grazie a questo rivestimento, Samba Backlit pu\u00f2 essere utilizzato anche all&#8217;esterno per brevi periodi. LumiTex \u00e8 adatto esclusivamente per applicazioni indoor.<\/p>\n<h3>Accessori Pixlip<\/h3>\n<p>Completa la tua presentazione con pratici accessori progettati appositamente per la cornice Pixlip Go. L&#8217;E-locktool garantisce un facile montaggio del telo tensionato nella cornice Pixlip. Desideri collegare pi\u00f9 cornici tra loro senza interruzioni? Scegli il Flexx Connector.<br \/>\nCon la cornice Pixlip Go sei sempre pronto a lasciare un&#8217;impressione duratura. Combina semplicit\u00e0, flessibilit\u00e0 e professionalit\u00e0 in un unico sistema facile da usare. Metti il tuo messaggio sotto i riflettori e stupisci il tuo pubblico con la cornice Pixlip Go!<\/p>\n<h3>Domande frequenti<\/h3>\n<p><strong>Quanti teli tensionati ricever\u00f2 ed \u00e8 possibile caricare pi\u00f9 design?<\/strong><br \/>\nRiceverai due teli tensionati: uno per il fronte e uno per il retro. Entrambi i teli possono essere dotati di un design diverso.<\/p>\n<p><strong>\u00c8 possibile ordinare questo prodotto in un formato personalizzato?<\/strong><br \/>\nS\u00ec, i formati personalizzati sono certamente possibili. Contatta il nostro servizio clienti per ulteriori informazioni e per un preventivo su misura.<\/p>\n","protected":false},"excerpt":{"rendered":"<h3>Cornice LED facile da trasportare con stampa fronte-retro<\/h3>\n<p>La cornice autoportante che mette in risalto la tua stampa su due lati! La cornice Pixlip Go \u00e8 molto leggera e quindi facile da trasportare. L&#8217;illuminazione a LED garantisce un&#8217;illuminazione intensa delle tue stampe. Ti sei stancato delle stampe? Puoi facilmente ordinare separatamente nuove stampe e sostituirle tu stesso. Configura la tua cornice Pixlip Go in pochi passaggi qui sotto.<\/p>\n","protected":false},"featured_media":14952,"template":"","meta":{"_et_pb_use_builder":"","_et_pb_old_content":"","_et_gb_content_width":""},"product_brand":[],"product_cat":[430,398,389,378],"product_tag":[],"class_list":{"0":"post-14951","1":"product","2":"type-product","3":"status-publish","4":"has-post-thumbnail","6":"product_cat-borsa-di-studio-evento","7":"product_cat-pareti-espositive-illuminate","8":"product_cat-presentazione","9":"product_cat-pubblicita-interna","11":"first","12":"instock","13":"taxable","14":"shipping-taxable","15":"purchasable","16":"product-type-simple"},"yoast_head":"<!-- This site is optimized with the Yoast SEO plugin v27.3 - https:\/\/yoast.com\/product\/yoast-seo-wordpress\/ -->\n<title>Cornice Pixlip Go | Amstel Printing<\/title>\n<meta name=\"robots\" content=\"index, follow, max-snippet:-1, max-image-preview:large, max-video-preview:-1\" \/>\n<link rel=\"canonical\" href=\"https:\/\/www.amstelprinting.nl\/it\/negozio\/borsa-di-studio-evento\/pareti-espositive-illuminate\/cornice-pixlip-go\/\" \/>\n<meta property=\"og:locale\" content=\"it_IT\" \/>\n<meta property=\"og:type\" content=\"article\" \/>\n<meta property=\"og:title\" content=\"Cornice Pixlip Go | Amstel Printing\" \/>\n<meta property=\"og:description\" content=\"Cornice LED facile da trasportare con stampa fronte-retro La cornice autoportante che mette in risalto la tua stampa su due lati! La cornice Pixlip Go \u00e8 molto leggera e quindi facile da trasportare. L&#039;illuminazione a LED garantisce un&#039;illuminazione intensa delle tue stampe. Ti sei stancato delle stampe? Puoi facilmente ordinare separatamente nuove stampe e sostituirle tu stesso. Configura la tua cornice Pixlip Go in pochi passaggi qui sotto.\" \/>\n<meta property=\"og:url\" content=\"https:\/\/www.amstelprinting.nl\/it\/negozio\/borsa-di-studio-evento\/pareti-espositive-illuminate\/cornice-pixlip-go\/\" \/>\n<meta property=\"og:site_name\" content=\"Amstel Printing\" \/>\n<meta property=\"article:modified_time\" content=\"2026-02-18T11:39:21+00:00\" \/>\n<meta property=\"og:image\" content=\"https:\/\/www.amstelprinting.nl\/wp-content\/uploads\/pixlip-go-frame-bedrukken.png\" \/>\n\t<meta property=\"og:image:width\" content=\"900\" \/>\n\t<meta property=\"og:image:height\" content=\"900\" \/>\n\t<meta property=\"og:image:type\" content=\"image\/png\" \/>\n<meta name=\"twitter:card\" content=\"summary_large_image\" \/>\n<meta name=\"twitter:label1\" content=\"Tempo di lettura stimato\" \/>\n\t<meta name=\"twitter:data1\" content=\"3 minuti\" \/>\n<script type=\"application\/ld+json\" class=\"yoast-schema-graph\">{\"@context\":\"https:\\\/\\\/schema.org\",\"@graph\":[{\"@type\":\"WebPage\",\"@id\":\"https:\\\/\\\/www.amstelprinting.nl\\\/it\\\/negozio\\\/borsa-di-studio-evento\\\/pareti-espositive-illuminate\\\/cornice-pixlip-go\\\/\",\"url\":\"https:\\\/\\\/www.amstelprinting.nl\\\/it\\\/negozio\\\/borsa-di-studio-evento\\\/pareti-espositive-illuminate\\\/cornice-pixlip-go\\\/\",\"name\":\"Cornice Pixlip Go | Amstel Printing\",\"isPartOf\":{\"@id\":\"https:\\\/\\\/www.amstelprinting.nl\\\/it\\\/#website\"},\"primaryImageOfPage\":{\"@id\":\"https:\\\/\\\/www.amstelprinting.nl\\\/it\\\/negozio\\\/borsa-di-studio-evento\\\/pareti-espositive-illuminate\\\/cornice-pixlip-go\\\/#primaryimage\"},\"image\":{\"@id\":\"https:\\\/\\\/www.amstelprinting.nl\\\/it\\\/negozio\\\/borsa-di-studio-evento\\\/pareti-espositive-illuminate\\\/cornice-pixlip-go\\\/#primaryimage\"},\"thumbnailUrl\":\"https:\\\/\\\/www.amstelprinting.nl\\\/wp-content\\\/uploads\\\/pixlip-go-frame-bedrukken.png\",\"datePublished\":\"2025-01-24T10:27:23+00:00\",\"dateModified\":\"2026-02-18T11:39:21+00:00\",\"breadcrumb\":{\"@id\":\"https:\\\/\\\/www.amstelprinting.nl\\\/it\\\/negozio\\\/borsa-di-studio-evento\\\/pareti-espositive-illuminate\\\/cornice-pixlip-go\\\/#breadcrumb\"},\"inLanguage\":\"it-IT\",\"potentialAction\":[{\"@type\":\"ReadAction\",\"target\":[\"https:\\\/\\\/www.amstelprinting.nl\\\/it\\\/negozio\\\/borsa-di-studio-evento\\\/pareti-espositive-illuminate\\\/cornice-pixlip-go\\\/\"]}]},{\"@type\":\"ImageObject\",\"inLanguage\":\"it-IT\",\"@id\":\"https:\\\/\\\/www.amstelprinting.nl\\\/it\\\/negozio\\\/borsa-di-studio-evento\\\/pareti-espositive-illuminate\\\/cornice-pixlip-go\\\/#primaryimage\",\"url\":\"https:\\\/\\\/www.amstelprinting.nl\\\/wp-content\\\/uploads\\\/pixlip-go-frame-bedrukken.png\",\"contentUrl\":\"https:\\\/\\\/www.amstelprinting.nl\\\/wp-content\\\/uploads\\\/pixlip-go-frame-bedrukken.png\",\"width\":900,\"height\":900},{\"@type\":\"BreadcrumbList\",\"@id\":\"https:\\\/\\\/www.amstelprinting.nl\\\/it\\\/negozio\\\/borsa-di-studio-evento\\\/pareti-espositive-illuminate\\\/cornice-pixlip-go\\\/#breadcrumb\",\"itemListElement\":[{\"@type\":\"ListItem\",\"position\":1,\"name\":\"\",\"item\":\"https:\\\/\\\/www.amstelprinting.nl\\\/it\\\/\"},{\"@type\":\"ListItem\",\"position\":2,\"name\":\"Amstel Printing\",\"item\":\"https:\\\/\\\/www.amstelprinting.nl\\\/it\\\/negozio\\\/\"},{\"@type\":\"ListItem\",\"position\":3,\"name\":\"Pubblicit\u00e0 interna\",\"item\":\"https:\\\/\\\/www.amstelprinting.nl\\\/it\\\/categoria\\\/pubblicita-interna\\\/\"},{\"@type\":\"ListItem\",\"position\":4,\"name\":\"Presentazione\",\"item\":\"https:\\\/\\\/www.amstelprinting.nl\\\/it\\\/categoria\\\/pubblicita-interna\\\/presentazione\\\/\"},{\"@type\":\"ListItem\",\"position\":5,\"name\":\"Cornice Pixlip Go\"}]},{\"@type\":\"WebSite\",\"@id\":\"https:\\\/\\\/www.amstelprinting.nl\\\/it\\\/#website\",\"url\":\"https:\\\/\\\/www.amstelprinting.nl\\\/it\\\/\",\"name\":\"Amstel Printing\",\"description\":\"Creating Exposure\",\"publisher\":{\"@id\":\"https:\\\/\\\/www.amstelprinting.nl\\\/it\\\/#organization\"},\"potentialAction\":[{\"@type\":\"SearchAction\",\"target\":{\"@type\":\"EntryPoint\",\"urlTemplate\":\"https:\\\/\\\/www.amstelprinting.nl\\\/it\\\/?s={search_term_string}\"},\"query-input\":{\"@type\":\"PropertyValueSpecification\",\"valueRequired\":true,\"valueName\":\"search_term_string\"}}],\"inLanguage\":\"it-IT\"},{\"@type\":\"Organization\",\"@id\":\"https:\\\/\\\/www.amstelprinting.nl\\\/it\\\/#organization\",\"name\":\"Amstel Printing\",\"url\":\"https:\\\/\\\/www.amstelprinting.nl\\\/it\\\/\",\"logo\":{\"@type\":\"ImageObject\",\"inLanguage\":\"it-IT\",\"@id\":\"https:\\\/\\\/www.amstelprinting.nl\\\/it\\\/#\\\/schema\\\/logo\\\/image\\\/\",\"url\":\"https:\\\/\\\/www.amstelprinting.nl\\\/wp-content\\\/uploads\\\/amstel_printing_logo_clean.png\",\"contentUrl\":\"https:\\\/\\\/www.amstelprinting.nl\\\/wp-content\\\/uploads\\\/amstel_printing_logo_clean.png\",\"width\":324,\"height\":73,\"caption\":\"Amstel Printing\"},\"image\":{\"@id\":\"https:\\\/\\\/www.amstelprinting.nl\\\/it\\\/#\\\/schema\\\/logo\\\/image\\\/\"}}]}<\/script>\n<!-- \/ Yoast SEO plugin. -->","yoast_head_json":{"title":"Cornice Pixlip Go | Amstel Printing","robots":{"index":"index","follow":"follow","max-snippet":"max-snippet:-1","max-image-preview":"max-image-preview:large","max-video-preview":"max-video-preview:-1"},"canonical":"https:\/\/www.amstelprinting.nl\/it\/negozio\/borsa-di-studio-evento\/pareti-espositive-illuminate\/cornice-pixlip-go\/","og_locale":"it_IT","og_type":"article","og_title":"Cornice Pixlip Go | Amstel Printing","og_description":"Cornice LED facile da trasportare con stampa fronte-retro La cornice autoportante che mette in risalto la tua stampa su due lati! La cornice Pixlip Go \u00e8 molto leggera e quindi facile da trasportare. L'illuminazione a LED garantisce un'illuminazione intensa delle tue stampe. Ti sei stancato delle stampe? Puoi facilmente ordinare separatamente nuove stampe e sostituirle tu stesso. Configura la tua cornice Pixlip Go in pochi passaggi qui sotto.","og_url":"https:\/\/www.amstelprinting.nl\/it\/negozio\/borsa-di-studio-evento\/pareti-espositive-illuminate\/cornice-pixlip-go\/","og_site_name":"Amstel Printing","article_modified_time":"2026-02-18T11:39:21+00:00","og_image":[{"width":900,"height":900,"url":"https:\/\/www.amstelprinting.nl\/wp-content\/uploads\/pixlip-go-frame-bedrukken.png","type":"image\/png"}],"twitter_card":"summary_large_image","twitter_misc":{"Tempo di lettura stimato":"3 minuti"},"schema":{"@context":"https:\/\/schema.org","@graph":[{"@type":"WebPage","@id":"https:\/\/www.amstelprinting.nl\/it\/negozio\/borsa-di-studio-evento\/pareti-espositive-illuminate\/cornice-pixlip-go\/","url":"https:\/\/www.amstelprinting.nl\/it\/negozio\/borsa-di-studio-evento\/pareti-espositive-illuminate\/cornice-pixlip-go\/","name":"Cornice Pixlip Go | Amstel Printing","isPartOf":{"@id":"https:\/\/www.amstelprinting.nl\/it\/#website"},"primaryImageOfPage":{"@id":"https:\/\/www.amstelprinting.nl\/it\/negozio\/borsa-di-studio-evento\/pareti-espositive-illuminate\/cornice-pixlip-go\/#primaryimage"},"image":{"@id":"https:\/\/www.amstelprinting.nl\/it\/negozio\/borsa-di-studio-evento\/pareti-espositive-illuminate\/cornice-pixlip-go\/#primaryimage"},"thumbnailUrl":"https:\/\/www.amstelprinting.nl\/wp-content\/uploads\/pixlip-go-frame-bedrukken.png","datePublished":"2025-01-24T10:27:23+00:00","dateModified":"2026-02-18T11:39:21+00:00","breadcrumb":{"@id":"https:\/\/www.amstelprinting.nl\/it\/negozio\/borsa-di-studio-evento\/pareti-espositive-illuminate\/cornice-pixlip-go\/#breadcrumb"},"inLanguage":"it-IT","potentialAction":[{"@type":"ReadAction","target":["https:\/\/www.amstelprinting.nl\/it\/negozio\/borsa-di-studio-evento\/pareti-espositive-illuminate\/cornice-pixlip-go\/"]}]},{"@type":"ImageObject","inLanguage":"it-IT","@id":"https:\/\/www.amstelprinting.nl\/it\/negozio\/borsa-di-studio-evento\/pareti-espositive-illuminate\/cornice-pixlip-go\/#primaryimage","url":"https:\/\/www.amstelprinting.nl\/wp-content\/uploads\/pixlip-go-frame-bedrukken.png","contentUrl":"https:\/\/www.amstelprinting.nl\/wp-content\/uploads\/pixlip-go-frame-bedrukken.png","width":900,"height":900},{"@type":"BreadcrumbList","@id":"https:\/\/www.amstelprinting.nl\/it\/negozio\/borsa-di-studio-evento\/pareti-espositive-illuminate\/cornice-pixlip-go\/#breadcrumb","itemListElement":[{"@type":"ListItem","position":1,"name":"","item":"https:\/\/www.amstelprinting.nl\/it\/"},{"@type":"ListItem","position":2,"name":"Amstel Printing","item":"https:\/\/www.amstelprinting.nl\/it\/negozio\/"},{"@type":"ListItem","position":3,"name":"Pubblicit\u00e0 interna","item":"https:\/\/www.amstelprinting.nl\/it\/categoria\/pubblicita-interna\/"},{"@type":"ListItem","position":4,"name":"Presentazione","item":"https:\/\/www.amstelprinting.nl\/it\/categoria\/pubblicita-interna\/presentazione\/"},{"@type":"ListItem","position":5,"name":"Cornice Pixlip Go"}]},{"@type":"WebSite","@id":"https:\/\/www.amstelprinting.nl\/it\/#website","url":"https:\/\/www.amstelprinting.nl\/it\/","name":"Amstel Printing","description":"Creating Exposure","publisher":{"@id":"https:\/\/www.amstelprinting.nl\/it\/#organization"},"potentialAction":[{"@type":"SearchAction","target":{"@type":"EntryPoint","urlTemplate":"https:\/\/www.amstelprinting.nl\/it\/?s={search_term_string}"},"query-input":{"@type":"PropertyValueSpecification","valueRequired":true,"valueName":"search_term_string"}}],"inLanguage":"it-IT"},{"@type":"Organization","@id":"https:\/\/www.amstelprinting.nl\/it\/#organization","name":"Amstel Printing","url":"https:\/\/www.amstelprinting.nl\/it\/","logo":{"@type":"ImageObject","inLanguage":"it-IT","@id":"https:\/\/www.amstelprinting.nl\/it\/#\/schema\/logo\/image\/","url":"https:\/\/www.amstelprinting.nl\/wp-content\/uploads\/amstel_printing_logo_clean.png","contentUrl":"https:\/\/www.amstelprinting.nl\/wp-content\/uploads\/amstel_printing_logo_clean.png","width":324,"height":73,"caption":"Amstel Printing"},"image":{"@id":"https:\/\/www.amstelprinting.nl\/it\/#\/schema\/logo\/image\/"}}]}},"_links":{"self":[{"href":"https:\/\/www.amstelprinting.nl\/it\/wp-json\/wp\/v2\/product\/14951","targetHints":{"allow":["GET"]}}],"collection":[{"href":"https:\/\/www.amstelprinting.nl\/it\/wp-json\/wp\/v2\/product"}],"about":[{"href":"https:\/\/www.amstelprinting.nl\/it\/wp-json\/wp\/v2\/types\/product"}],"wp:featuredmedia":[{"embeddable":true,"href":"https:\/\/www.amstelprinting.nl\/it\/wp-json\/wp\/v2\/media\/14952"}],"wp:attachment":[{"href":"https:\/\/www.amstelprinting.nl\/it\/wp-json\/wp\/v2\/media?parent=14951"}],"wp:term":[{"taxonomy":"product_brand","embeddable":true,"href":"https:\/\/www.amstelprinting.nl\/it\/wp-json\/wp\/v2\/product_brand?post=14951"},{"taxonomy":"product_cat","embeddable":true,"href":"https:\/\/www.amstelprinting.nl\/it\/wp-json\/wp\/v2\/product_cat?post=14951"},{"taxonomy":"product_tag","embeddable":true,"href":"https:\/\/www.amstelprinting.nl\/it\/wp-json\/wp\/v2\/product_tag?post=14951"}],"curies":[{"name":"wp","href":"https:\/\/api.w.org\/{rel}","templated":true}]}}