{"id":14974,"date":"2025-01-24T11:25:06","date_gmt":"2025-01-24T10:25:06","guid":{"rendered":"https:\/\/www.amstelprinting.nl\/winkel\/senza-categoria\/roll-up-banners\/"},"modified":"2026-04-14T15:03:44","modified_gmt":"2026-04-14T13:03:44","slug":"banner-roll-up","status":"publish","type":"product","link":"https:\/\/www.amstelprinting.nl\/it\/negozio\/borsa-di-studio-evento\/arrotolare-gli-striscioni\/banner-roll-up\/","title":{"rendered":"Banner roll-up"},"content":{"rendered":"<h2><strong>Vantaggi dei Banner Roll-up<\/strong><\/h2>\n<ul>\n<li>Si monta in 5 secondi<\/li>\n<li>Consegna rapida (spesso entro 1 giorno lavorativo)<\/li>\n<li>Ordinabile come optional: il faretto alogeno<\/li>\n<li>Scelta tra diverse tipologie e materiali<\/li>\n<li>Certificato B1 per la sicurezza antincendio<\/li>\n<li>Facile da trasportare nella borsa per il trasporto (ad eccezione della variante economica).<\/li>\n<\/ul>\n<p>&nbsp;<\/p>\n<h2><strong>Panoramica dei Banner Roll-up: fai la scelta giusta<\/strong><\/h2>\n<p>&nbsp;<\/p>\n<h3>Banner Roll-up Budget<\/h3>\n<p>Stai cercando un banner roll-up da utilizzare solo poche volte? Allora il <a href=\"https:\/\/www.amstelprinting.nl\/it\/negozio\/borsa-di-studio-evento\/arrotolare-gli-striscioni\/banner-roll-up-budget\/\">banner roll-up budget \u00e8 una scelta eccellente<\/a>. Questo modello conveniente dispone di una cassetta con due piedini estraibili, che garantiscono una stabilit\u00e0 extra. Questo banner Roll-up \u00e8 disponibile anche in versione nera.<\/p>\n<h3>Banner Roll-up Premium<\/h3>\n<p>Se stai cercando un banner che possa essere utilizzato ripetutamente, il <a href=\"https:\/\/www.amstelprinting.nl\/it\/negozio\/borsa-di-studio-evento\/arrotolare-gli-striscioni\/banner-roll-up-premium\/\">banner roll-up premium \u00e8 l&#8217;ideale<\/a>, disponibile anche in versione nera. Questo banner ha una cassetta con un piedino estraibile e viene fornito con una pratica borsa per il trasporto in nylon.<\/p>\n<h3>Banner Roll-up Deluxe<\/h3>\n<p>Il <a href=\"https:\/\/www.amstelprinting.nl\/it\/negozio\/borsa-di-studio-evento\/arrotolare-gli-striscioni\/banner-roll-up-deluxe\/\">banner roll-up deluxe<\/a> offre un aspetto lussuoso senza piedini estraibili, garantendo una presentazione pulita e stabile. Questo banner \u00e8 disponibile anche in versione nera e viene fornito di serie con una borsa per il trasporto in nylon.<\/p>\n<h3>Banner Roll-up XXL<\/h3>\n<p>Per formati extra grandi e il massimo impatto, il banner roll-up XXL \u00e8 la scelta perfetta. Questo sistema \u00e8 progettato per un uso ripetuto e dispone di una cassetta con due piedini estraibili per una maggiore stabilit\u00e0. <a href=\"https:\/\/www.amstelprinting.nl\/it\/negozio\/borsa-di-studio-evento\/arrotolare-gli-striscioni\/roll-up-xxl\/\">Il banner Roll-up XXL<\/a> \u00e8 relativamente facile da trasportare nella borsa inclusa.<\/p>\n<h3>Banner Roll-up da esterno<\/h3>\n<p><a href=\"https:\/\/www.amstelprinting.nl\/it\/negozio\/borsa-di-studio-evento\/arrotolare-gli-striscioni\/banner-roll-up-da-esterno\/\">Sistema banner Roll-up per esterni<\/a>, adatto (come suggerisce il nome) all&#8217;uso all&#8217;aperto. Si tratta di una cassetta pi\u00f9 pesante dotata di piedini pi\u00f9 lunghi. Questo Banner Roll-up per esterni pu\u00f2 inoltre (per una maggiore stabilit\u00e0) essere ancorato al terreno tramite i picchetti inclusi. Anche il Banner Roll-up per esterni viene fornito con borsa per il trasporto inclusa.<\/p>\n<h3>Banner Roll-up Deluxe Bifacciale<\/h3>\n<p>Il <a href=\"https:\/\/www.amstelprinting.nl\/it\/negozio\/borsa-di-studio-evento\/arrotolare-gli-striscioni\/roll-up-banner-bifacciale\/\">banner Roll-up deluxe bifacciale \u00e8 un banner a doppia faccia<\/a> con un sistema a rullo, che garantisce visibilit\u00e0 su entrambi i lati. Questo lo rende un&#8217;ottima scelta per l&#8217;uso al centro di una stanza. Include una borsa per il trasporto in nylon.<\/p>\n<h3>X-banner<\/h3>\n<p><a href=\"https:\/\/www.amstelprinting.nl\/it\/negozio\/borsa-di-studio-evento\/arrotolare-gli-striscioni\/x-banner\/\">L&#8217;X-banner \u00e8 un&#8217;alternativa economica<\/a> a un banner roll-up ed \u00e8 adatto per un uso ripetuto. Questo sistema leggero \u00e8 facile da montare e ha una dimensione di 80 x 200 cm.<\/p>\n<h3>L-banner<\/h3>\n<p><a href=\"https:\/\/www.amstelprinting.nl\/it\/negozio\/borsa-di-studio-evento\/arrotolare-gli-striscioni\/banner-a-l\/\">L&#8217;L-banner \u00e8 un&#8217;altra opzione conveniente<\/a> per i banner roll-up, con un sistema a forma di L facile da montare. Disponibile in due dimensioni.<\/p>\n<h2><strong>Materiali<\/strong><\/h2>\n<p>Per il Banner Roll-up offriamo una vasta gamma di materiali. Tutti i materiali sono dotati di certificato B1, il che significa che soddisfano le norme europee per la sicurezza antincendio.<\/p>\n<ul>\n<li><strong>Banner 510<\/strong>: Opzione pi\u00f9 ordinata. Telo in PVC con finitura lucida, adatto sia per uso interno che esterno.<\/li>\n<li><strong>Airtex<\/strong>: Telo in PVC antipiega da 330 gr.\/m e facile da usare.<\/li>\n<li><strong>SanoTex<\/strong>: Telo sostenibile senza PVC con retro grigio ed ecologico.<\/li>\n<li><strong>Banner Bianco-Nero<\/strong>: Telo block-out in PVC con retro nero, adatto per interni ed esterni.<\/li>\n<\/ul>\n<p>Crea facilmente il tuo design per il banner roll-up utilizzando i mock-up che trovi sotto i download. I nostri banner roll-up combinano facilit\u00e0 d&#8217;uso, mobilit\u00e0 e un aspetto professionale con durata e versatilit\u00e0. Sono progettati per lasciare un&#8217;impressione duratura e far risaltare il tuo messaggio. Se vuoi saperne di pi\u00f9 sul costo effettivo di un banner roll-up pi\u00f9 economico, leggi <a href=\"https:\/\/www.amstelprinting.nl\/it\/base-di-conoscenza\/\">il nostro articolo sui veri costi dei banner roll-up economici<\/a>.<\/p>\n<p>Abbiamo anche una <a href=\"https:\/\/www.amstelprinting.nl\/kennisbank\/budget-premium-deluxe-roll-up-banner-kiezen\/\">comoda guida alla scelta, se sei indeciso tra l&#8217;acquisto di un banner roll-up budget, premium o deluxe<\/a>.<\/p>\n<h2><strong>Domande frequenti sui Banner Roll-up<\/strong><\/h2>\n<p><strong>Posso sostituire un banner da solo?<\/strong><br \/>\nS\u00ec, \u00e8 possibile sostituire il banner autonomamente nei modelli Premium, Deluxe e XXL. Queste cassette sono progettate per rendere semplice la sostituzione del banner, in modo da poterlo fare in modo rapido ed efficiente.<\/p>\n<p><strong>A cosa devo prestare attenzione quando monto il banner Roll-up?<\/strong><br \/>\nQuando monti il banner Roll-up, \u00e8 importante assicurarsi di non srotolare troppo il telo. Questo aiuta a prevenire danni irreparabili al sistema. Non dimenticare di fissare bene il perno nella cassetta. Questo perno \u00e8 essenziale per bloccare il telo, rendendo pi\u00f9 facile la sostituzione del banner Roll-up in un secondo momento. Assicurati che tutto sia ben fissato prima di srotolare completamente il banner Roll-up.<\/p>\n","protected":false},"excerpt":{"rendered":"<h3>Banner autoportanti in cassetta<\/h3>\n<p>Il banner Roll-up &#8211; caratterizzato dal sistema a rullo compatto con all&#8217;interno la stampa. Oggi il banner Roll-up \u00e8 disponibile in numerose varianti. Che tu stia organizzando una fiera, tenendo una presentazione importante o desideri decorare i tuoi locali aziendali, i nostri banner roll-up offrono la soluzione perfetta per ogni occasione. Con una gamma di opzioni su misura per diversi budget e frequenze d&#8217;uso, troverai sicuramente il banner roll-up ideale.<\/p>\n","protected":false},"featured_media":25247,"template":"","meta":{"_et_pb_use_builder":"","_et_pb_old_content":"","_et_gb_content_width":""},"product_brand":[],"product_cat":[404,430,389,378],"product_tag":[],"class_list":{"0":"post-14974","1":"product","2":"type-product","3":"status-publish","4":"has-post-thumbnail","6":"product_cat-arrotolare-gli-striscioni","7":"product_cat-borsa-di-studio-evento","8":"product_cat-presentazione","9":"product_cat-pubblicita-interna","11":"first","12":"instock","13":"featured","14":"taxable","15":"shipping-taxable","16":"purchasable","17":"product-type-simple"},"yoast_head":"<!-- This site is optimized with the Yoast SEO plugin v27.3 - https:\/\/yoast.com\/product\/yoast-seo-wordpress\/ -->\n<title>Banner roll-up | Amstel Printing<\/title>\n<meta name=\"robots\" content=\"index, follow, max-snippet:-1, max-image-preview:large, max-video-preview:-1\" \/>\n<link rel=\"canonical\" href=\"https:\/\/www.amstelprinting.nl\/it\/negozio\/borsa-di-studio-evento\/arrotolare-gli-striscioni\/banner-roll-up\/\" \/>\n<meta property=\"og:locale\" content=\"it_IT\" \/>\n<meta property=\"og:type\" content=\"article\" \/>\n<meta property=\"og:title\" content=\"Banner roll-up | Amstel Printing\" \/>\n<meta property=\"og:description\" content=\"Banner autoportanti in cassetta Il banner Roll-up - caratterizzato dal sistema a rullo compatto con all&#039;interno la stampa. Oggi il banner Roll-up \u00e8 disponibile in numerose varianti. Che tu stia organizzando una fiera, tenendo una presentazione importante o desideri decorare i tuoi locali aziendali, i nostri banner roll-up offrono la soluzione perfetta per ogni occasione. Con una gamma di opzioni su misura per diversi budget e frequenze d&#039;uso, troverai sicuramente il banner roll-up ideale.\" \/>\n<meta property=\"og:url\" content=\"https:\/\/www.amstelprinting.nl\/it\/negozio\/borsa-di-studio-evento\/arrotolare-gli-striscioni\/banner-roll-up\/\" \/>\n<meta property=\"og:site_name\" content=\"Amstel Printing\" \/>\n<meta property=\"article:modified_time\" content=\"2026-04-14T13:03:44+00:00\" \/>\n<meta property=\"og:image\" content=\"https:\/\/www.amstelprinting.nl\/wp-content\/uploads\/roll-up-banners-bedrukken-1.webp\" \/>\n\t<meta property=\"og:image:width\" content=\"1000\" \/>\n\t<meta property=\"og:image:height\" content=\"1000\" \/>\n\t<meta property=\"og:image:type\" content=\"image\/webp\" \/>\n<meta name=\"twitter:card\" content=\"summary_large_image\" \/>\n<meta name=\"twitter:label1\" content=\"Tempo di lettura stimato\" \/>\n\t<meta name=\"twitter:data1\" content=\"3 minuti\" \/>\n<script type=\"application\/ld+json\" class=\"yoast-schema-graph\">{\"@context\":\"https:\\\/\\\/schema.org\",\"@graph\":[{\"@type\":\"WebPage\",\"@id\":\"https:\\\/\\\/www.amstelprinting.nl\\\/it\\\/negozio\\\/borsa-di-studio-evento\\\/arrotolare-gli-striscioni\\\/banner-roll-up\\\/\",\"url\":\"https:\\\/\\\/www.amstelprinting.nl\\\/it\\\/negozio\\\/borsa-di-studio-evento\\\/arrotolare-gli-striscioni\\\/banner-roll-up\\\/\",\"name\":\"Banner roll-up | Amstel Printing\",\"isPartOf\":{\"@id\":\"https:\\\/\\\/www.amstelprinting.nl\\\/it\\\/#website\"},\"primaryImageOfPage\":{\"@id\":\"https:\\\/\\\/www.amstelprinting.nl\\\/it\\\/negozio\\\/borsa-di-studio-evento\\\/arrotolare-gli-striscioni\\\/banner-roll-up\\\/#primaryimage\"},\"image\":{\"@id\":\"https:\\\/\\\/www.amstelprinting.nl\\\/it\\\/negozio\\\/borsa-di-studio-evento\\\/arrotolare-gli-striscioni\\\/banner-roll-up\\\/#primaryimage\"},\"thumbnailUrl\":\"https:\\\/\\\/www.amstelprinting.nl\\\/wp-content\\\/uploads\\\/roll-up-banners-bedrukken-1.webp\",\"datePublished\":\"2025-01-24T10:25:06+00:00\",\"dateModified\":\"2026-04-14T13:03:44+00:00\",\"breadcrumb\":{\"@id\":\"https:\\\/\\\/www.amstelprinting.nl\\\/it\\\/negozio\\\/borsa-di-studio-evento\\\/arrotolare-gli-striscioni\\\/banner-roll-up\\\/#breadcrumb\"},\"inLanguage\":\"it-IT\",\"potentialAction\":[{\"@type\":\"ReadAction\",\"target\":[\"https:\\\/\\\/www.amstelprinting.nl\\\/it\\\/negozio\\\/borsa-di-studio-evento\\\/arrotolare-gli-striscioni\\\/banner-roll-up\\\/\"]}]},{\"@type\":\"ImageObject\",\"inLanguage\":\"it-IT\",\"@id\":\"https:\\\/\\\/www.amstelprinting.nl\\\/it\\\/negozio\\\/borsa-di-studio-evento\\\/arrotolare-gli-striscioni\\\/banner-roll-up\\\/#primaryimage\",\"url\":\"https:\\\/\\\/www.amstelprinting.nl\\\/wp-content\\\/uploads\\\/roll-up-banners-bedrukken-1.webp\",\"contentUrl\":\"https:\\\/\\\/www.amstelprinting.nl\\\/wp-content\\\/uploads\\\/roll-up-banners-bedrukken-1.webp\",\"width\":1000,\"height\":1000},{\"@type\":\"BreadcrumbList\",\"@id\":\"https:\\\/\\\/www.amstelprinting.nl\\\/it\\\/negozio\\\/borsa-di-studio-evento\\\/arrotolare-gli-striscioni\\\/banner-roll-up\\\/#breadcrumb\",\"itemListElement\":[{\"@type\":\"ListItem\",\"position\":1,\"name\":\"\",\"item\":\"https:\\\/\\\/www.amstelprinting.nl\\\/it\\\/\"},{\"@type\":\"ListItem\",\"position\":2,\"name\":\"Amstel Printing\",\"item\":\"https:\\\/\\\/www.amstelprinting.nl\\\/it\\\/negozio\\\/\"},{\"@type\":\"ListItem\",\"position\":3,\"name\":\"Pubblicit\u00e0 interna\",\"item\":\"https:\\\/\\\/www.amstelprinting.nl\\\/it\\\/categoria\\\/pubblicita-interna\\\/\"},{\"@type\":\"ListItem\",\"position\":4,\"name\":\"Presentazione\",\"item\":\"https:\\\/\\\/www.amstelprinting.nl\\\/it\\\/categoria\\\/pubblicita-interna\\\/presentazione\\\/\"},{\"@type\":\"ListItem\",\"position\":5,\"name\":\"Banner roll-up\"}]},{\"@type\":\"WebSite\",\"@id\":\"https:\\\/\\\/www.amstelprinting.nl\\\/it\\\/#website\",\"url\":\"https:\\\/\\\/www.amstelprinting.nl\\\/it\\\/\",\"name\":\"Amstel Printing\",\"description\":\"Creating Exposure\",\"publisher\":{\"@id\":\"https:\\\/\\\/www.amstelprinting.nl\\\/it\\\/#organization\"},\"potentialAction\":[{\"@type\":\"SearchAction\",\"target\":{\"@type\":\"EntryPoint\",\"urlTemplate\":\"https:\\\/\\\/www.amstelprinting.nl\\\/it\\\/?s={search_term_string}\"},\"query-input\":{\"@type\":\"PropertyValueSpecification\",\"valueRequired\":true,\"valueName\":\"search_term_string\"}}],\"inLanguage\":\"it-IT\"},{\"@type\":\"Organization\",\"@id\":\"https:\\\/\\\/www.amstelprinting.nl\\\/it\\\/#organization\",\"name\":\"Amstel Printing\",\"url\":\"https:\\\/\\\/www.amstelprinting.nl\\\/it\\\/\",\"logo\":{\"@type\":\"ImageObject\",\"inLanguage\":\"it-IT\",\"@id\":\"https:\\\/\\\/www.amstelprinting.nl\\\/it\\\/#\\\/schema\\\/logo\\\/image\\\/\",\"url\":\"https:\\\/\\\/www.amstelprinting.nl\\\/wp-content\\\/uploads\\\/amstel_printing_logo_clean.png\",\"contentUrl\":\"https:\\\/\\\/www.amstelprinting.nl\\\/wp-content\\\/uploads\\\/amstel_printing_logo_clean.png\",\"width\":324,\"height\":73,\"caption\":\"Amstel Printing\"},\"image\":{\"@id\":\"https:\\\/\\\/www.amstelprinting.nl\\\/it\\\/#\\\/schema\\\/logo\\\/image\\\/\"}}]}<\/script>\n<!-- \/ Yoast SEO plugin. -->","yoast_head_json":{"title":"Banner roll-up | Amstel Printing","robots":{"index":"index","follow":"follow","max-snippet":"max-snippet:-1","max-image-preview":"max-image-preview:large","max-video-preview":"max-video-preview:-1"},"canonical":"https:\/\/www.amstelprinting.nl\/it\/negozio\/borsa-di-studio-evento\/arrotolare-gli-striscioni\/banner-roll-up\/","og_locale":"it_IT","og_type":"article","og_title":"Banner roll-up | Amstel Printing","og_description":"Banner autoportanti in cassetta Il banner Roll-up - caratterizzato dal sistema a rullo compatto con all'interno la stampa. Oggi il banner Roll-up \u00e8 disponibile in numerose varianti. Che tu stia organizzando una fiera, tenendo una presentazione importante o desideri decorare i tuoi locali aziendali, i nostri banner roll-up offrono la soluzione perfetta per ogni occasione. Con una gamma di opzioni su misura per diversi budget e frequenze d'uso, troverai sicuramente il banner roll-up ideale.","og_url":"https:\/\/www.amstelprinting.nl\/it\/negozio\/borsa-di-studio-evento\/arrotolare-gli-striscioni\/banner-roll-up\/","og_site_name":"Amstel Printing","article_modified_time":"2026-04-14T13:03:44+00:00","og_image":[{"width":1000,"height":1000,"url":"https:\/\/www.amstelprinting.nl\/wp-content\/uploads\/roll-up-banners-bedrukken-1.webp","type":"image\/webp"}],"twitter_card":"summary_large_image","twitter_misc":{"Tempo di lettura stimato":"3 minuti"},"schema":{"@context":"https:\/\/schema.org","@graph":[{"@type":"WebPage","@id":"https:\/\/www.amstelprinting.nl\/it\/negozio\/borsa-di-studio-evento\/arrotolare-gli-striscioni\/banner-roll-up\/","url":"https:\/\/www.amstelprinting.nl\/it\/negozio\/borsa-di-studio-evento\/arrotolare-gli-striscioni\/banner-roll-up\/","name":"Banner roll-up | Amstel Printing","isPartOf":{"@id":"https:\/\/www.amstelprinting.nl\/it\/#website"},"primaryImageOfPage":{"@id":"https:\/\/www.amstelprinting.nl\/it\/negozio\/borsa-di-studio-evento\/arrotolare-gli-striscioni\/banner-roll-up\/#primaryimage"},"image":{"@id":"https:\/\/www.amstelprinting.nl\/it\/negozio\/borsa-di-studio-evento\/arrotolare-gli-striscioni\/banner-roll-up\/#primaryimage"},"thumbnailUrl":"https:\/\/www.amstelprinting.nl\/wp-content\/uploads\/roll-up-banners-bedrukken-1.webp","datePublished":"2025-01-24T10:25:06+00:00","dateModified":"2026-04-14T13:03:44+00:00","breadcrumb":{"@id":"https:\/\/www.amstelprinting.nl\/it\/negozio\/borsa-di-studio-evento\/arrotolare-gli-striscioni\/banner-roll-up\/#breadcrumb"},"inLanguage":"it-IT","potentialAction":[{"@type":"ReadAction","target":["https:\/\/www.amstelprinting.nl\/it\/negozio\/borsa-di-studio-evento\/arrotolare-gli-striscioni\/banner-roll-up\/"]}]},{"@type":"ImageObject","inLanguage":"it-IT","@id":"https:\/\/www.amstelprinting.nl\/it\/negozio\/borsa-di-studio-evento\/arrotolare-gli-striscioni\/banner-roll-up\/#primaryimage","url":"https:\/\/www.amstelprinting.nl\/wp-content\/uploads\/roll-up-banners-bedrukken-1.webp","contentUrl":"https:\/\/www.amstelprinting.nl\/wp-content\/uploads\/roll-up-banners-bedrukken-1.webp","width":1000,"height":1000},{"@type":"BreadcrumbList","@id":"https:\/\/www.amstelprinting.nl\/it\/negozio\/borsa-di-studio-evento\/arrotolare-gli-striscioni\/banner-roll-up\/#breadcrumb","itemListElement":[{"@type":"ListItem","position":1,"name":"","item":"https:\/\/www.amstelprinting.nl\/it\/"},{"@type":"ListItem","position":2,"name":"Amstel Printing","item":"https:\/\/www.amstelprinting.nl\/it\/negozio\/"},{"@type":"ListItem","position":3,"name":"Pubblicit\u00e0 interna","item":"https:\/\/www.amstelprinting.nl\/it\/categoria\/pubblicita-interna\/"},{"@type":"ListItem","position":4,"name":"Presentazione","item":"https:\/\/www.amstelprinting.nl\/it\/categoria\/pubblicita-interna\/presentazione\/"},{"@type":"ListItem","position":5,"name":"Banner roll-up"}]},{"@type":"WebSite","@id":"https:\/\/www.amstelprinting.nl\/it\/#website","url":"https:\/\/www.amstelprinting.nl\/it\/","name":"Amstel Printing","description":"Creating Exposure","publisher":{"@id":"https:\/\/www.amstelprinting.nl\/it\/#organization"},"potentialAction":[{"@type":"SearchAction","target":{"@type":"EntryPoint","urlTemplate":"https:\/\/www.amstelprinting.nl\/it\/?s={search_term_string}"},"query-input":{"@type":"PropertyValueSpecification","valueRequired":true,"valueName":"search_term_string"}}],"inLanguage":"it-IT"},{"@type":"Organization","@id":"https:\/\/www.amstelprinting.nl\/it\/#organization","name":"Amstel Printing","url":"https:\/\/www.amstelprinting.nl\/it\/","logo":{"@type":"ImageObject","inLanguage":"it-IT","@id":"https:\/\/www.amstelprinting.nl\/it\/#\/schema\/logo\/image\/","url":"https:\/\/www.amstelprinting.nl\/wp-content\/uploads\/amstel_printing_logo_clean.png","contentUrl":"https:\/\/www.amstelprinting.nl\/wp-content\/uploads\/amstel_printing_logo_clean.png","width":324,"height":73,"caption":"Amstel Printing"},"image":{"@id":"https:\/\/www.amstelprinting.nl\/it\/#\/schema\/logo\/image\/"}}]}},"_links":{"self":[{"href":"https:\/\/www.amstelprinting.nl\/it\/wp-json\/wp\/v2\/product\/14974","targetHints":{"allow":["GET"]}}],"collection":[{"href":"https:\/\/www.amstelprinting.nl\/it\/wp-json\/wp\/v2\/product"}],"about":[{"href":"https:\/\/www.amstelprinting.nl\/it\/wp-json\/wp\/v2\/types\/product"}],"wp:featuredmedia":[{"embeddable":true,"href":"https:\/\/www.amstelprinting.nl\/it\/wp-json\/wp\/v2\/media\/25247"}],"wp:attachment":[{"href":"https:\/\/www.amstelprinting.nl\/it\/wp-json\/wp\/v2\/media?parent=14974"}],"wp:term":[{"taxonomy":"product_brand","embeddable":true,"href":"https:\/\/www.amstelprinting.nl\/it\/wp-json\/wp\/v2\/product_brand?post=14974"},{"taxonomy":"product_cat","embeddable":true,"href":"https:\/\/www.amstelprinting.nl\/it\/wp-json\/wp\/v2\/product_cat?post=14974"},{"taxonomy":"product_tag","embeddable":true,"href":"https:\/\/www.amstelprinting.nl\/it\/wp-json\/wp\/v2\/product_tag?post=14974"}],"curies":[{"name":"wp","href":"https:\/\/api.w.org\/{rel}","templated":true}]}}