{"id":14989,"date":"2025-01-24T11:24:57","date_gmt":"2025-01-24T10:24:57","guid":{"rendered":"https:\/\/www.amstelprinting.nl\/winkel\/senza-categoria\/premium-roll-up-banner\/"},"modified":"2026-04-14T15:37:29","modified_gmt":"2026-04-14T13:37:29","slug":"banner-roll-up-premium","status":"publish","type":"product","link":"https:\/\/www.amstelprinting.nl\/it\/negozio\/borsa-di-studio-evento\/arrotolare-gli-striscioni\/banner-roll-up-premium\/","title":{"rendered":"Banner roll-up Premium"},"content":{"rendered":"<h3>Ordinare Banner Roll-up Premium<\/h3>\n<p>Il banner Roll-up Premium \u00e8 realizzato per un uso frequente. La base premium \u00e8 disponibile in argento (alluminio) o nero ed \u00e8 dotata di un piedino estensibile, che garantisce stabilit\u00e0 e facilit\u00e0 d&#8217;uso. Per il vostro banner Roll-up Premium potete scegliere tra tre diversi formati: 85 cm x 200 cm, 100 cm x 200 cm o 120 cm x 200 cm. Inoltre, offriamo una vasta gamma di materiali per il vostro banner Roll-up:<\/p>\n<ul>\n<li><strong>Banner 510<\/strong>: telo in PVC con finitura lucida, adatto sia per uso interno che esterno. Certificato B1 per la sicurezza antincendio.<\/li>\n<li><strong>Airtex<\/strong>: telo in PVC antipiega da 330 gr.\/m2, facile da usare e certificato B1 per la sicurezza.<\/li>\n<li><strong>SanoTex<\/strong>: telo sostenibile senza PVC con retro grigio, ecologico e dotato di certificato antincendio.<\/li>\n<li><strong>Banner Bianco e Nero<\/strong>: telo in PVC block-out con retro nero, adatto per interni ed esterni, con certificato B1.<\/li>\n<li><strong>Materiale Roll Up<\/strong>: telo in PVC idrorepellente, ideale per l&#8217;uso in interni.<\/li>\n<\/ul>\n<p>&nbsp;<\/p>\n<h3>Vantaggi del banner Roll-up Premium<\/h3>\n<ul>\n<li>Adatto a usi multipli<\/li>\n<li>Disponibile in cinque formati fissi<\/li>\n<li>Pronto per la presentazione in pochi minuti<\/li>\n<li>Il banner \u00e8 sostituibile (in caso di cambio design)<\/li>\n<li>Scegli una base a tua scelta: in alluminio (argento) o nero<\/li>\n<li>Include una pratica borsa da trasporto per un trasporto compatto<\/li>\n<li>Ignifugo: materiale certificato B1<\/li>\n<li>Ordina l&#8217;illuminazione opzionale<\/li>\n<\/ul>\n<p>&nbsp;<\/p>\n<h3>Trasporto compatto<\/h3>\n<p>Ogni banner Roll-up Premium viene fornito con una borsa da trasporto in nylon per un facile trasporto e stoccaggio.<\/p>\n<h3>Accessori<\/h3>\n<p>Aumenta la visibilit\u00e0 del tuo messaggio con l&#8217;illuminazione a LED opzionale, disponibile in alluminio argento. In questo modo il tuo banner rimane efficace anche in ambienti bui.<\/p>\n<p>Rendi la tua prossima presentazione un successo memorabile con questo banner Roll-up Premium. Con la sua versatilit\u00e0 di materiali, formati e facilit\u00e0 d&#8217;uso, questo banner Roll-up garantisce un aspetto professionale. Aggiungi l&#8217;illuminazione a LED opzionale per un impatto extra in qualsiasi ambiente. Scegli il banner roll-up Premium e fai risplendere il tuo messaggio.<\/p>\n<h3>Domande frequenti<\/h3>\n<p><strong>Posso sostituire un banner da solo?<\/strong><br \/>\nS\u00ec, \u00e8 possibile sostituire il banner autonomamente per i modelli Premium, Deluxe e XXL. Queste basi sono progettate per rendere semplice la sostituzione del banner, in modo da poterlo fare in modo rapido ed efficiente.<\/p>\n<p><strong>A cosa devo prestare attenzione quando monto il banner Roll-up?<\/strong><br \/>\nQuando si monta il banner Roll-up, \u00e8 importante assicurarsi di non srotolare troppo il telo. Questo aiuta a prevenire danni irreparabili al sistema. Non dimenticare inoltre di fissare bene il perno nella base. Questo perno \u00e8 essenziale per fissare il telo, rendendo pi\u00f9 facile la successiva sostituzione del banner Roll-up. Assicurati che tutto sia ben fissato prima di srotolare completamente il banner Roll-up.<\/p>\n","protected":false},"excerpt":{"rendered":"<h3>Banner Roll-up autoportante in base compatta, borsa da trasporto inclusa<\/h3>\n<p>Scopri il banner roll-up Premium, il tuo partner ideale per presentazioni di successo in ogni luogo. Che tu stia organizzando una piccola riunione o allestendo un grande stand fieristico, questo banner Roll-up Premium combina senza sforzo stile e funzionalit\u00e0 per trasmettere il tuo messaggio in modo professionale e d&#8217;impatto. Dopo l&#8217;uso, riavvolgi semplicemente il banner nella base (argento o nero). Conservazione e trasporto sono facili grazie alla borsa da trasporto inclusa.<\/p>\n","protected":false},"featured_media":14991,"template":"","meta":{"_et_pb_use_builder":"","_et_pb_old_content":"","_et_gb_content_width":""},"product_brand":[],"product_cat":[404,430,389,378],"product_tag":[],"class_list":{"0":"post-14989","1":"product","2":"type-product","3":"status-publish","4":"has-post-thumbnail","6":"product_cat-arrotolare-gli-striscioni","7":"product_cat-borsa-di-studio-evento","8":"product_cat-presentazione","9":"product_cat-pubblicita-interna","11":"first","12":"instock","13":"taxable","14":"shipping-taxable","15":"purchasable","16":"product-type-simple"},"yoast_head":"<!-- This site is optimized with the Yoast SEO plugin v27.3 - https:\/\/yoast.com\/product\/yoast-seo-wordpress\/ -->\n<title>Banner Roll-up Premium - Display autoportante per la vostra presentazione<\/title>\n<meta name=\"description\" content=\"Ordina oggi stesso il tuo banner roll-up Premium e presenta il tuo messaggio in modo elegante ed efficace. Consegna il giorno successivo, facile da montare, resistente\" \/>\n<meta name=\"robots\" content=\"index, follow, max-snippet:-1, max-image-preview:large, max-video-preview:-1\" \/>\n<link rel=\"canonical\" href=\"https:\/\/www.amstelprinting.nl\/it\/negozio\/borsa-di-studio-evento\/arrotolare-gli-striscioni\/banner-roll-up-premium\/\" \/>\n<meta property=\"og:locale\" content=\"it_IT\" \/>\n<meta property=\"og:type\" content=\"article\" \/>\n<meta property=\"og:title\" content=\"Banner Roll-up Premium - Display autoportante per la vostra presentazione\" \/>\n<meta property=\"og:description\" content=\"Ordina oggi stesso il tuo banner roll-up Premium e presenta il tuo messaggio in modo elegante ed efficace. Consegna il giorno successivo, facile da montare, resistente\" \/>\n<meta property=\"og:url\" content=\"https:\/\/www.amstelprinting.nl\/it\/negozio\/borsa-di-studio-evento\/arrotolare-gli-striscioni\/banner-roll-up-premium\/\" \/>\n<meta property=\"og:site_name\" content=\"Amstel Printing\" \/>\n<meta property=\"article:modified_time\" content=\"2026-04-14T13:37:29+00:00\" \/>\n<meta property=\"og:image\" content=\"https:\/\/www.amstelprinting.nl\/wp-content\/uploads\/roll-up-premium-bedrukken.png\" \/>\n\t<meta property=\"og:image:width\" content=\"900\" \/>\n\t<meta property=\"og:image:height\" content=\"900\" \/>\n\t<meta property=\"og:image:type\" content=\"image\/png\" \/>\n<meta name=\"twitter:card\" content=\"summary_large_image\" \/>\n<meta name=\"twitter:label1\" content=\"Tempo di lettura stimato\" \/>\n\t<meta name=\"twitter:data1\" content=\"2 minuti\" \/>\n<script type=\"application\/ld+json\" class=\"yoast-schema-graph\">{\"@context\":\"https:\\\/\\\/schema.org\",\"@graph\":[{\"@type\":\"WebPage\",\"@id\":\"https:\\\/\\\/www.amstelprinting.nl\\\/it\\\/negozio\\\/borsa-di-studio-evento\\\/arrotolare-gli-striscioni\\\/banner-roll-up-premium\\\/\",\"url\":\"https:\\\/\\\/www.amstelprinting.nl\\\/it\\\/negozio\\\/borsa-di-studio-evento\\\/arrotolare-gli-striscioni\\\/banner-roll-up-premium\\\/\",\"name\":\"Banner Roll-up Premium - Display autoportante per la vostra presentazione\",\"isPartOf\":{\"@id\":\"https:\\\/\\\/www.amstelprinting.nl\\\/it\\\/#website\"},\"primaryImageOfPage\":{\"@id\":\"https:\\\/\\\/www.amstelprinting.nl\\\/it\\\/negozio\\\/borsa-di-studio-evento\\\/arrotolare-gli-striscioni\\\/banner-roll-up-premium\\\/#primaryimage\"},\"image\":{\"@id\":\"https:\\\/\\\/www.amstelprinting.nl\\\/it\\\/negozio\\\/borsa-di-studio-evento\\\/arrotolare-gli-striscioni\\\/banner-roll-up-premium\\\/#primaryimage\"},\"thumbnailUrl\":\"https:\\\/\\\/www.amstelprinting.nl\\\/wp-content\\\/uploads\\\/roll-up-premium-bedrukken.png\",\"datePublished\":\"2025-01-24T10:24:57+00:00\",\"dateModified\":\"2026-04-14T13:37:29+00:00\",\"description\":\"Ordina oggi stesso il tuo banner roll-up Premium e presenta il tuo messaggio in modo elegante ed efficace. Consegna il giorno successivo, facile da montare, resistente\",\"breadcrumb\":{\"@id\":\"https:\\\/\\\/www.amstelprinting.nl\\\/it\\\/negozio\\\/borsa-di-studio-evento\\\/arrotolare-gli-striscioni\\\/banner-roll-up-premium\\\/#breadcrumb\"},\"inLanguage\":\"it-IT\",\"potentialAction\":[{\"@type\":\"ReadAction\",\"target\":[\"https:\\\/\\\/www.amstelprinting.nl\\\/it\\\/negozio\\\/borsa-di-studio-evento\\\/arrotolare-gli-striscioni\\\/banner-roll-up-premium\\\/\"]}]},{\"@type\":\"ImageObject\",\"inLanguage\":\"it-IT\",\"@id\":\"https:\\\/\\\/www.amstelprinting.nl\\\/it\\\/negozio\\\/borsa-di-studio-evento\\\/arrotolare-gli-striscioni\\\/banner-roll-up-premium\\\/#primaryimage\",\"url\":\"https:\\\/\\\/www.amstelprinting.nl\\\/wp-content\\\/uploads\\\/roll-up-premium-bedrukken.png\",\"contentUrl\":\"https:\\\/\\\/www.amstelprinting.nl\\\/wp-content\\\/uploads\\\/roll-up-premium-bedrukken.png\",\"width\":900,\"height\":900},{\"@type\":\"BreadcrumbList\",\"@id\":\"https:\\\/\\\/www.amstelprinting.nl\\\/it\\\/negozio\\\/borsa-di-studio-evento\\\/arrotolare-gli-striscioni\\\/banner-roll-up-premium\\\/#breadcrumb\",\"itemListElement\":[{\"@type\":\"ListItem\",\"position\":1,\"name\":\"\",\"item\":\"https:\\\/\\\/www.amstelprinting.nl\\\/it\\\/\"},{\"@type\":\"ListItem\",\"position\":2,\"name\":\"Amstel Printing\",\"item\":\"https:\\\/\\\/www.amstelprinting.nl\\\/it\\\/negozio\\\/\"},{\"@type\":\"ListItem\",\"position\":3,\"name\":\"Pubblicit\u00e0 interna\",\"item\":\"https:\\\/\\\/www.amstelprinting.nl\\\/it\\\/categoria\\\/pubblicita-interna\\\/\"},{\"@type\":\"ListItem\",\"position\":4,\"name\":\"Presentazione\",\"item\":\"https:\\\/\\\/www.amstelprinting.nl\\\/it\\\/categoria\\\/pubblicita-interna\\\/presentazione\\\/\"},{\"@type\":\"ListItem\",\"position\":5,\"name\":\"Banner roll-up Premium\"}]},{\"@type\":\"WebSite\",\"@id\":\"https:\\\/\\\/www.amstelprinting.nl\\\/it\\\/#website\",\"url\":\"https:\\\/\\\/www.amstelprinting.nl\\\/it\\\/\",\"name\":\"Amstel Printing\",\"description\":\"Creating Exposure\",\"publisher\":{\"@id\":\"https:\\\/\\\/www.amstelprinting.nl\\\/it\\\/#organization\"},\"potentialAction\":[{\"@type\":\"SearchAction\",\"target\":{\"@type\":\"EntryPoint\",\"urlTemplate\":\"https:\\\/\\\/www.amstelprinting.nl\\\/it\\\/?s={search_term_string}\"},\"query-input\":{\"@type\":\"PropertyValueSpecification\",\"valueRequired\":true,\"valueName\":\"search_term_string\"}}],\"inLanguage\":\"it-IT\"},{\"@type\":\"Organization\",\"@id\":\"https:\\\/\\\/www.amstelprinting.nl\\\/it\\\/#organization\",\"name\":\"Amstel Printing\",\"url\":\"https:\\\/\\\/www.amstelprinting.nl\\\/it\\\/\",\"logo\":{\"@type\":\"ImageObject\",\"inLanguage\":\"it-IT\",\"@id\":\"https:\\\/\\\/www.amstelprinting.nl\\\/it\\\/#\\\/schema\\\/logo\\\/image\\\/\",\"url\":\"https:\\\/\\\/www.amstelprinting.nl\\\/wp-content\\\/uploads\\\/amstel_printing_logo_clean.png\",\"contentUrl\":\"https:\\\/\\\/www.amstelprinting.nl\\\/wp-content\\\/uploads\\\/amstel_printing_logo_clean.png\",\"width\":324,\"height\":73,\"caption\":\"Amstel Printing\"},\"image\":{\"@id\":\"https:\\\/\\\/www.amstelprinting.nl\\\/it\\\/#\\\/schema\\\/logo\\\/image\\\/\"}}]}<\/script>\n<!-- \/ Yoast SEO plugin. -->","yoast_head_json":{"title":"Banner Roll-up Premium - Display autoportante per la vostra presentazione","description":"Ordina oggi stesso il tuo banner roll-up Premium e presenta il tuo messaggio in modo elegante ed efficace. Consegna il giorno successivo, facile da montare, resistente","robots":{"index":"index","follow":"follow","max-snippet":"max-snippet:-1","max-image-preview":"max-image-preview:large","max-video-preview":"max-video-preview:-1"},"canonical":"https:\/\/www.amstelprinting.nl\/it\/negozio\/borsa-di-studio-evento\/arrotolare-gli-striscioni\/banner-roll-up-premium\/","og_locale":"it_IT","og_type":"article","og_title":"Banner Roll-up Premium - Display autoportante per la vostra presentazione","og_description":"Ordina oggi stesso il tuo banner roll-up Premium e presenta il tuo messaggio in modo elegante ed efficace. Consegna il giorno successivo, facile da montare, resistente","og_url":"https:\/\/www.amstelprinting.nl\/it\/negozio\/borsa-di-studio-evento\/arrotolare-gli-striscioni\/banner-roll-up-premium\/","og_site_name":"Amstel Printing","article_modified_time":"2026-04-14T13:37:29+00:00","og_image":[{"width":900,"height":900,"url":"https:\/\/www.amstelprinting.nl\/wp-content\/uploads\/roll-up-premium-bedrukken.png","type":"image\/png"}],"twitter_card":"summary_large_image","twitter_misc":{"Tempo di lettura stimato":"2 minuti"},"schema":{"@context":"https:\/\/schema.org","@graph":[{"@type":"WebPage","@id":"https:\/\/www.amstelprinting.nl\/it\/negozio\/borsa-di-studio-evento\/arrotolare-gli-striscioni\/banner-roll-up-premium\/","url":"https:\/\/www.amstelprinting.nl\/it\/negozio\/borsa-di-studio-evento\/arrotolare-gli-striscioni\/banner-roll-up-premium\/","name":"Banner Roll-up Premium - Display autoportante per la vostra presentazione","isPartOf":{"@id":"https:\/\/www.amstelprinting.nl\/it\/#website"},"primaryImageOfPage":{"@id":"https:\/\/www.amstelprinting.nl\/it\/negozio\/borsa-di-studio-evento\/arrotolare-gli-striscioni\/banner-roll-up-premium\/#primaryimage"},"image":{"@id":"https:\/\/www.amstelprinting.nl\/it\/negozio\/borsa-di-studio-evento\/arrotolare-gli-striscioni\/banner-roll-up-premium\/#primaryimage"},"thumbnailUrl":"https:\/\/www.amstelprinting.nl\/wp-content\/uploads\/roll-up-premium-bedrukken.png","datePublished":"2025-01-24T10:24:57+00:00","dateModified":"2026-04-14T13:37:29+00:00","description":"Ordina oggi stesso il tuo banner roll-up Premium e presenta il tuo messaggio in modo elegante ed efficace. Consegna il giorno successivo, facile da montare, resistente","breadcrumb":{"@id":"https:\/\/www.amstelprinting.nl\/it\/negozio\/borsa-di-studio-evento\/arrotolare-gli-striscioni\/banner-roll-up-premium\/#breadcrumb"},"inLanguage":"it-IT","potentialAction":[{"@type":"ReadAction","target":["https:\/\/www.amstelprinting.nl\/it\/negozio\/borsa-di-studio-evento\/arrotolare-gli-striscioni\/banner-roll-up-premium\/"]}]},{"@type":"ImageObject","inLanguage":"it-IT","@id":"https:\/\/www.amstelprinting.nl\/it\/negozio\/borsa-di-studio-evento\/arrotolare-gli-striscioni\/banner-roll-up-premium\/#primaryimage","url":"https:\/\/www.amstelprinting.nl\/wp-content\/uploads\/roll-up-premium-bedrukken.png","contentUrl":"https:\/\/www.amstelprinting.nl\/wp-content\/uploads\/roll-up-premium-bedrukken.png","width":900,"height":900},{"@type":"BreadcrumbList","@id":"https:\/\/www.amstelprinting.nl\/it\/negozio\/borsa-di-studio-evento\/arrotolare-gli-striscioni\/banner-roll-up-premium\/#breadcrumb","itemListElement":[{"@type":"ListItem","position":1,"name":"","item":"https:\/\/www.amstelprinting.nl\/it\/"},{"@type":"ListItem","position":2,"name":"Amstel Printing","item":"https:\/\/www.amstelprinting.nl\/it\/negozio\/"},{"@type":"ListItem","position":3,"name":"Pubblicit\u00e0 interna","item":"https:\/\/www.amstelprinting.nl\/it\/categoria\/pubblicita-interna\/"},{"@type":"ListItem","position":4,"name":"Presentazione","item":"https:\/\/www.amstelprinting.nl\/it\/categoria\/pubblicita-interna\/presentazione\/"},{"@type":"ListItem","position":5,"name":"Banner roll-up Premium"}]},{"@type":"WebSite","@id":"https:\/\/www.amstelprinting.nl\/it\/#website","url":"https:\/\/www.amstelprinting.nl\/it\/","name":"Amstel Printing","description":"Creating Exposure","publisher":{"@id":"https:\/\/www.amstelprinting.nl\/it\/#organization"},"potentialAction":[{"@type":"SearchAction","target":{"@type":"EntryPoint","urlTemplate":"https:\/\/www.amstelprinting.nl\/it\/?s={search_term_string}"},"query-input":{"@type":"PropertyValueSpecification","valueRequired":true,"valueName":"search_term_string"}}],"inLanguage":"it-IT"},{"@type":"Organization","@id":"https:\/\/www.amstelprinting.nl\/it\/#organization","name":"Amstel Printing","url":"https:\/\/www.amstelprinting.nl\/it\/","logo":{"@type":"ImageObject","inLanguage":"it-IT","@id":"https:\/\/www.amstelprinting.nl\/it\/#\/schema\/logo\/image\/","url":"https:\/\/www.amstelprinting.nl\/wp-content\/uploads\/amstel_printing_logo_clean.png","contentUrl":"https:\/\/www.amstelprinting.nl\/wp-content\/uploads\/amstel_printing_logo_clean.png","width":324,"height":73,"caption":"Amstel Printing"},"image":{"@id":"https:\/\/www.amstelprinting.nl\/it\/#\/schema\/logo\/image\/"}}]}},"_links":{"self":[{"href":"https:\/\/www.amstelprinting.nl\/it\/wp-json\/wp\/v2\/product\/14989","targetHints":{"allow":["GET"]}}],"collection":[{"href":"https:\/\/www.amstelprinting.nl\/it\/wp-json\/wp\/v2\/product"}],"about":[{"href":"https:\/\/www.amstelprinting.nl\/it\/wp-json\/wp\/v2\/types\/product"}],"wp:featuredmedia":[{"embeddable":true,"href":"https:\/\/www.amstelprinting.nl\/it\/wp-json\/wp\/v2\/media\/14991"}],"wp:attachment":[{"href":"https:\/\/www.amstelprinting.nl\/it\/wp-json\/wp\/v2\/media?parent=14989"}],"wp:term":[{"taxonomy":"product_brand","embeddable":true,"href":"https:\/\/www.amstelprinting.nl\/it\/wp-json\/wp\/v2\/product_brand?post=14989"},{"taxonomy":"product_cat","embeddable":true,"href":"https:\/\/www.amstelprinting.nl\/it\/wp-json\/wp\/v2\/product_cat?post=14989"},{"taxonomy":"product_tag","embeddable":true,"href":"https:\/\/www.amstelprinting.nl\/it\/wp-json\/wp\/v2\/product_tag?post=14989"}],"curies":[{"name":"wp","href":"https:\/\/api.w.org\/{rel}","templated":true}]}}