{"id":15011,"date":"2025-01-24T11:24:37","date_gmt":"2025-01-24T10:24:37","guid":{"rendered":"https:\/\/www.amstelprinting.nl\/winkel\/senza-categoria\/budget-roll-up-banner\/"},"modified":"2026-04-14T15:24:24","modified_gmt":"2026-04-14T13:24:24","slug":"banner-roll-up-budget","status":"publish","type":"product","link":"https:\/\/www.amstelprinting.nl\/it\/negozio\/borsa-di-studio-evento\/arrotolare-gli-striscioni\/banner-roll-up-budget\/","title":{"rendered":"Banner roll-up budget"},"content":{"rendered":"<h3>Vantaggi<\/h3>\n<ul>\n<li>Prezzo vantaggioso<\/li>\n<li>Si monta in pochi minuti<\/li>\n<li>Cassetta: disponibile in alluminio (argento) o nero<\/li>\n<li>Disponibile in vari formati e materiali con certificazione B1<\/li>\n<li>Ordina opzionalmente una borsa per il trasporto e l&#8217;illuminazione<\/li>\n<\/ul>\n<p>&nbsp;<\/p>\n<h3>Svantaggi<\/h3>\n<ul>\n<li>Meno adatto per un uso frequente e prolungato<\/li>\n<li>Il banner non \u00e8 sostituibile<\/li>\n<\/ul>\n<p>&nbsp;<\/p>\n<h3>Formati e materiali<\/h3>\n<p>Il Banner roll-up budget \u00e8 progettato per essere utilizzato alcune volte. La cassetta \u00e8 dotata di due piedi estensibili. La cassetta \u00e8 disponibile in alluminio argento o nero. Inoltre, puoi scegliere tra vari formati: 85 cm x 200 cm, 100 cm x 200 cm o 120 cm x 200 cm. Offriamo inoltre un&#8217;ampia gamma di materiali per il tuo banner roll-up budget:<\/p>\n<ul>\n<li><strong>Banner 510<\/strong>: telo in PVC con finitura lucica, adatto sia per uso interno che esterno. Certificato B1 per la resistenza al fuoco.<\/li>\n<li><strong>Airtex<\/strong>: telo in PVC antipiega da 330 gr.\/m2, facile da usare e certificato B1 per la sicurezza.<\/li>\n<li><strong>SanoTex<\/strong>: telo durevole senza PVC con retro grigio, ecologico e dotato di certificazione ignifuga.<\/li>\n<li><strong>Banner Bianco e Nero<\/strong>: telo block-out in PVC con retro nero, adatto per interni ed esterni, con certificato B1.<\/li>\n<\/ul>\n<p>&nbsp;<\/p>\n<h3>Materiale Roll Up: Telo in PVC idrorepellente, ideale per uso interno.<\/h3>\n<p>Ogni banner roll-up budget pu\u00f2 essere fornito in una scatola riutilizzabile con maniglia per un facile trasporto, o in una comoda borsa appositamente progettata per i banner roll-up, cos\u00ec sarai pronto a fare colpo ovunque e in qualsiasi momento.<\/p>\n<h3>Accessori per il Banner roll-up budget<\/h3>\n<p>Rendi il tuo banner roll-up budget ancora pi\u00f9 accattivante con l&#8217;illuminazione a LED opzionale. Disponibile in alluminio argento. Ci\u00f2 assicura che il tuo messaggio sia visibile anche in ambienti bui.<\/p>\n<p>Che si tratti di fiere, presentazioni in negozio o altri eventi aziendali, il banner roll-up budget offre il perfetto equilibrio tra convenienza e qualit\u00e0. Con varie opzioni di materiali, formati e pratiche soluzioni di imballaggio, sarai sempre pronto a fare colpo. Scegli il banner roll-up budget e fai risplendere il tuo messaggio, ovunque tu sia.<\/p>\n<h3>Domande frequenti<\/h3>\n<p><strong>Posso sostituire un banner da solo?<\/strong><br \/>\nNo, il banner del banner roll-up budget non \u00e8 sostituibile. Nei modelli Premium, Deluxe e XXL \u00e8 possibile farlo. Queste cassette sono progettate per rendere semplice la sostituzione del banner, permettendoti di farlo in modo rapido ed efficiente.<\/p>\n<p><strong>A cosa devo prestare attenzione durante il montaggio del banner roll-up?<\/strong><br \/>\nDurante il montaggio del banner roll-up, \u00e8 importante assicurarsi di non srotolare troppo il telo. Ci\u00f2 aiuta a prevenire danni irreparabili al sistema.<\/p>\n","protected":false},"excerpt":{"rendered":"<h3>Banner roll-up economico in una cassetta compatta<\/h3>\n<p>Fai risplendere il tuo messaggio con il conveniente banner roll-up budget. Una scelta pratica per ogni occasione di presentazione. Che si tratti di uno stand fieristico, di una presentazione in negozio o di un evento aziendale, questo banner roll-up economico offre tutto ci\u00f2 di cui hai bisogno. Il banner roll-up si monta in pochi minuti. Dopo l&#8217;uso, il banner scompare di nuovo nella cassetta compatta. Con la borsa per il trasporto (opzionale), puoi riporlo e trasportarlo facilmente. Puoi scegliere tra un set completo con cassetta e stampa, oppure solo la stampa o la cassetta, a seconda delle tue esigenze.<\/p>\n","protected":false},"featured_media":14990,"template":"","meta":{"_et_pb_use_builder":"","_et_pb_old_content":"","_et_gb_content_width":""},"product_brand":[],"product_cat":[404,430,389,378],"product_tag":[],"class_list":{"0":"post-15011","1":"product","2":"type-product","3":"status-publish","4":"has-post-thumbnail","6":"product_cat-arrotolare-gli-striscioni","7":"product_cat-borsa-di-studio-evento","8":"product_cat-presentazione","9":"product_cat-pubblicita-interna","11":"first","12":"instock","13":"taxable","14":"shipping-taxable","15":"purchasable","16":"product-type-simple"},"yoast_head":"<!-- This site is optimized with the Yoast SEO plugin v27.3 - https:\/\/yoast.com\/product\/yoast-seo-wordpress\/ -->\n<title>Banner roll-up budget - Soluzione display compatta<\/title>\n<meta name=\"description\" content=\"Il Banner roll-up budget di Amstel Printing \u00e8 ideale per fiere ed eventi. Leggero, facile da montare e realizzato in materiale resistente.\" \/>\n<meta name=\"robots\" content=\"index, follow, max-snippet:-1, max-image-preview:large, max-video-preview:-1\" \/>\n<link rel=\"canonical\" href=\"https:\/\/www.amstelprinting.nl\/it\/negozio\/borsa-di-studio-evento\/arrotolare-gli-striscioni\/banner-roll-up-budget\/\" \/>\n<meta property=\"og:locale\" content=\"it_IT\" \/>\n<meta property=\"og:type\" content=\"article\" \/>\n<meta property=\"og:title\" content=\"Banner roll-up budget - Soluzione display compatta\" \/>\n<meta property=\"og:description\" content=\"Il Banner roll-up budget di Amstel Printing \u00e8 ideale per fiere ed eventi. Leggero, facile da montare e realizzato in materiale resistente.\" \/>\n<meta property=\"og:url\" content=\"https:\/\/www.amstelprinting.nl\/it\/negozio\/borsa-di-studio-evento\/arrotolare-gli-striscioni\/banner-roll-up-budget\/\" \/>\n<meta property=\"og:site_name\" content=\"Amstel Printing\" \/>\n<meta property=\"article:modified_time\" content=\"2026-04-14T13:24:24+00:00\" \/>\n<meta property=\"og:image\" content=\"https:\/\/www.amstelprinting.nl\/wp-content\/uploads\/roll-up-budget-bedrukken.png\" \/>\n\t<meta property=\"og:image:width\" content=\"900\" \/>\n\t<meta property=\"og:image:height\" content=\"900\" \/>\n\t<meta property=\"og:image:type\" content=\"image\/png\" \/>\n<meta name=\"twitter:card\" content=\"summary_large_image\" \/>\n<meta name=\"twitter:label1\" content=\"Tempo di lettura stimato\" \/>\n\t<meta name=\"twitter:data1\" content=\"2 minuti\" \/>\n<script type=\"application\/ld+json\" class=\"yoast-schema-graph\">{\"@context\":\"https:\\\/\\\/schema.org\",\"@graph\":[{\"@type\":\"WebPage\",\"@id\":\"https:\\\/\\\/www.amstelprinting.nl\\\/it\\\/negozio\\\/borsa-di-studio-evento\\\/arrotolare-gli-striscioni\\\/banner-roll-up-budget\\\/\",\"url\":\"https:\\\/\\\/www.amstelprinting.nl\\\/it\\\/negozio\\\/borsa-di-studio-evento\\\/arrotolare-gli-striscioni\\\/banner-roll-up-budget\\\/\",\"name\":\"Banner roll-up budget - Soluzione display compatta\",\"isPartOf\":{\"@id\":\"https:\\\/\\\/www.amstelprinting.nl\\\/it\\\/#website\"},\"primaryImageOfPage\":{\"@id\":\"https:\\\/\\\/www.amstelprinting.nl\\\/it\\\/negozio\\\/borsa-di-studio-evento\\\/arrotolare-gli-striscioni\\\/banner-roll-up-budget\\\/#primaryimage\"},\"image\":{\"@id\":\"https:\\\/\\\/www.amstelprinting.nl\\\/it\\\/negozio\\\/borsa-di-studio-evento\\\/arrotolare-gli-striscioni\\\/banner-roll-up-budget\\\/#primaryimage\"},\"thumbnailUrl\":\"https:\\\/\\\/www.amstelprinting.nl\\\/wp-content\\\/uploads\\\/roll-up-budget-bedrukken.png\",\"datePublished\":\"2025-01-24T10:24:37+00:00\",\"dateModified\":\"2026-04-14T13:24:24+00:00\",\"description\":\"Il Banner roll-up budget di Amstel Printing \u00e8 ideale per fiere ed eventi. Leggero, facile da montare e realizzato in materiale resistente.\",\"breadcrumb\":{\"@id\":\"https:\\\/\\\/www.amstelprinting.nl\\\/it\\\/negozio\\\/borsa-di-studio-evento\\\/arrotolare-gli-striscioni\\\/banner-roll-up-budget\\\/#breadcrumb\"},\"inLanguage\":\"it-IT\",\"potentialAction\":[{\"@type\":\"ReadAction\",\"target\":[\"https:\\\/\\\/www.amstelprinting.nl\\\/it\\\/negozio\\\/borsa-di-studio-evento\\\/arrotolare-gli-striscioni\\\/banner-roll-up-budget\\\/\"]}]},{\"@type\":\"ImageObject\",\"inLanguage\":\"it-IT\",\"@id\":\"https:\\\/\\\/www.amstelprinting.nl\\\/it\\\/negozio\\\/borsa-di-studio-evento\\\/arrotolare-gli-striscioni\\\/banner-roll-up-budget\\\/#primaryimage\",\"url\":\"https:\\\/\\\/www.amstelprinting.nl\\\/wp-content\\\/uploads\\\/roll-up-budget-bedrukken.png\",\"contentUrl\":\"https:\\\/\\\/www.amstelprinting.nl\\\/wp-content\\\/uploads\\\/roll-up-budget-bedrukken.png\",\"width\":900,\"height\":900},{\"@type\":\"BreadcrumbList\",\"@id\":\"https:\\\/\\\/www.amstelprinting.nl\\\/it\\\/negozio\\\/borsa-di-studio-evento\\\/arrotolare-gli-striscioni\\\/banner-roll-up-budget\\\/#breadcrumb\",\"itemListElement\":[{\"@type\":\"ListItem\",\"position\":1,\"name\":\"\",\"item\":\"https:\\\/\\\/www.amstelprinting.nl\\\/it\\\/\"},{\"@type\":\"ListItem\",\"position\":2,\"name\":\"Amstel Printing\",\"item\":\"https:\\\/\\\/www.amstelprinting.nl\\\/it\\\/negozio\\\/\"},{\"@type\":\"ListItem\",\"position\":3,\"name\":\"Pubblicit\u00e0 interna\",\"item\":\"https:\\\/\\\/www.amstelprinting.nl\\\/it\\\/categoria\\\/pubblicita-interna\\\/\"},{\"@type\":\"ListItem\",\"position\":4,\"name\":\"Presentazione\",\"item\":\"https:\\\/\\\/www.amstelprinting.nl\\\/it\\\/categoria\\\/pubblicita-interna\\\/presentazione\\\/\"},{\"@type\":\"ListItem\",\"position\":5,\"name\":\"Banner roll-up budget\"}]},{\"@type\":\"WebSite\",\"@id\":\"https:\\\/\\\/www.amstelprinting.nl\\\/it\\\/#website\",\"url\":\"https:\\\/\\\/www.amstelprinting.nl\\\/it\\\/\",\"name\":\"Amstel Printing\",\"description\":\"Creating Exposure\",\"publisher\":{\"@id\":\"https:\\\/\\\/www.amstelprinting.nl\\\/it\\\/#organization\"},\"potentialAction\":[{\"@type\":\"SearchAction\",\"target\":{\"@type\":\"EntryPoint\",\"urlTemplate\":\"https:\\\/\\\/www.amstelprinting.nl\\\/it\\\/?s={search_term_string}\"},\"query-input\":{\"@type\":\"PropertyValueSpecification\",\"valueRequired\":true,\"valueName\":\"search_term_string\"}}],\"inLanguage\":\"it-IT\"},{\"@type\":\"Organization\",\"@id\":\"https:\\\/\\\/www.amstelprinting.nl\\\/it\\\/#organization\",\"name\":\"Amstel Printing\",\"url\":\"https:\\\/\\\/www.amstelprinting.nl\\\/it\\\/\",\"logo\":{\"@type\":\"ImageObject\",\"inLanguage\":\"it-IT\",\"@id\":\"https:\\\/\\\/www.amstelprinting.nl\\\/it\\\/#\\\/schema\\\/logo\\\/image\\\/\",\"url\":\"https:\\\/\\\/www.amstelprinting.nl\\\/wp-content\\\/uploads\\\/amstel_printing_logo_clean.png\",\"contentUrl\":\"https:\\\/\\\/www.amstelprinting.nl\\\/wp-content\\\/uploads\\\/amstel_printing_logo_clean.png\",\"width\":324,\"height\":73,\"caption\":\"Amstel Printing\"},\"image\":{\"@id\":\"https:\\\/\\\/www.amstelprinting.nl\\\/it\\\/#\\\/schema\\\/logo\\\/image\\\/\"}}]}<\/script>\n<!-- \/ Yoast SEO plugin. -->","yoast_head_json":{"title":"Banner roll-up budget - Soluzione display compatta","description":"Il Banner roll-up budget di Amstel Printing \u00e8 ideale per fiere ed eventi. Leggero, facile da montare e realizzato in materiale resistente.","robots":{"index":"index","follow":"follow","max-snippet":"max-snippet:-1","max-image-preview":"max-image-preview:large","max-video-preview":"max-video-preview:-1"},"canonical":"https:\/\/www.amstelprinting.nl\/it\/negozio\/borsa-di-studio-evento\/arrotolare-gli-striscioni\/banner-roll-up-budget\/","og_locale":"it_IT","og_type":"article","og_title":"Banner roll-up budget - Soluzione display compatta","og_description":"Il Banner roll-up budget di Amstel Printing \u00e8 ideale per fiere ed eventi. Leggero, facile da montare e realizzato in materiale resistente.","og_url":"https:\/\/www.amstelprinting.nl\/it\/negozio\/borsa-di-studio-evento\/arrotolare-gli-striscioni\/banner-roll-up-budget\/","og_site_name":"Amstel Printing","article_modified_time":"2026-04-14T13:24:24+00:00","og_image":[{"width":900,"height":900,"url":"https:\/\/www.amstelprinting.nl\/wp-content\/uploads\/roll-up-budget-bedrukken.png","type":"image\/png"}],"twitter_card":"summary_large_image","twitter_misc":{"Tempo di lettura stimato":"2 minuti"},"schema":{"@context":"https:\/\/schema.org","@graph":[{"@type":"WebPage","@id":"https:\/\/www.amstelprinting.nl\/it\/negozio\/borsa-di-studio-evento\/arrotolare-gli-striscioni\/banner-roll-up-budget\/","url":"https:\/\/www.amstelprinting.nl\/it\/negozio\/borsa-di-studio-evento\/arrotolare-gli-striscioni\/banner-roll-up-budget\/","name":"Banner roll-up budget - Soluzione display compatta","isPartOf":{"@id":"https:\/\/www.amstelprinting.nl\/it\/#website"},"primaryImageOfPage":{"@id":"https:\/\/www.amstelprinting.nl\/it\/negozio\/borsa-di-studio-evento\/arrotolare-gli-striscioni\/banner-roll-up-budget\/#primaryimage"},"image":{"@id":"https:\/\/www.amstelprinting.nl\/it\/negozio\/borsa-di-studio-evento\/arrotolare-gli-striscioni\/banner-roll-up-budget\/#primaryimage"},"thumbnailUrl":"https:\/\/www.amstelprinting.nl\/wp-content\/uploads\/roll-up-budget-bedrukken.png","datePublished":"2025-01-24T10:24:37+00:00","dateModified":"2026-04-14T13:24:24+00:00","description":"Il Banner roll-up budget di Amstel Printing \u00e8 ideale per fiere ed eventi. Leggero, facile da montare e realizzato in materiale resistente.","breadcrumb":{"@id":"https:\/\/www.amstelprinting.nl\/it\/negozio\/borsa-di-studio-evento\/arrotolare-gli-striscioni\/banner-roll-up-budget\/#breadcrumb"},"inLanguage":"it-IT","potentialAction":[{"@type":"ReadAction","target":["https:\/\/www.amstelprinting.nl\/it\/negozio\/borsa-di-studio-evento\/arrotolare-gli-striscioni\/banner-roll-up-budget\/"]}]},{"@type":"ImageObject","inLanguage":"it-IT","@id":"https:\/\/www.amstelprinting.nl\/it\/negozio\/borsa-di-studio-evento\/arrotolare-gli-striscioni\/banner-roll-up-budget\/#primaryimage","url":"https:\/\/www.amstelprinting.nl\/wp-content\/uploads\/roll-up-budget-bedrukken.png","contentUrl":"https:\/\/www.amstelprinting.nl\/wp-content\/uploads\/roll-up-budget-bedrukken.png","width":900,"height":900},{"@type":"BreadcrumbList","@id":"https:\/\/www.amstelprinting.nl\/it\/negozio\/borsa-di-studio-evento\/arrotolare-gli-striscioni\/banner-roll-up-budget\/#breadcrumb","itemListElement":[{"@type":"ListItem","position":1,"name":"","item":"https:\/\/www.amstelprinting.nl\/it\/"},{"@type":"ListItem","position":2,"name":"Amstel Printing","item":"https:\/\/www.amstelprinting.nl\/it\/negozio\/"},{"@type":"ListItem","position":3,"name":"Pubblicit\u00e0 interna","item":"https:\/\/www.amstelprinting.nl\/it\/categoria\/pubblicita-interna\/"},{"@type":"ListItem","position":4,"name":"Presentazione","item":"https:\/\/www.amstelprinting.nl\/it\/categoria\/pubblicita-interna\/presentazione\/"},{"@type":"ListItem","position":5,"name":"Banner roll-up budget"}]},{"@type":"WebSite","@id":"https:\/\/www.amstelprinting.nl\/it\/#website","url":"https:\/\/www.amstelprinting.nl\/it\/","name":"Amstel Printing","description":"Creating Exposure","publisher":{"@id":"https:\/\/www.amstelprinting.nl\/it\/#organization"},"potentialAction":[{"@type":"SearchAction","target":{"@type":"EntryPoint","urlTemplate":"https:\/\/www.amstelprinting.nl\/it\/?s={search_term_string}"},"query-input":{"@type":"PropertyValueSpecification","valueRequired":true,"valueName":"search_term_string"}}],"inLanguage":"it-IT"},{"@type":"Organization","@id":"https:\/\/www.amstelprinting.nl\/it\/#organization","name":"Amstel Printing","url":"https:\/\/www.amstelprinting.nl\/it\/","logo":{"@type":"ImageObject","inLanguage":"it-IT","@id":"https:\/\/www.amstelprinting.nl\/it\/#\/schema\/logo\/image\/","url":"https:\/\/www.amstelprinting.nl\/wp-content\/uploads\/amstel_printing_logo_clean.png","contentUrl":"https:\/\/www.amstelprinting.nl\/wp-content\/uploads\/amstel_printing_logo_clean.png","width":324,"height":73,"caption":"Amstel Printing"},"image":{"@id":"https:\/\/www.amstelprinting.nl\/it\/#\/schema\/logo\/image\/"}}]}},"_links":{"self":[{"href":"https:\/\/www.amstelprinting.nl\/it\/wp-json\/wp\/v2\/product\/15011","targetHints":{"allow":["GET"]}}],"collection":[{"href":"https:\/\/www.amstelprinting.nl\/it\/wp-json\/wp\/v2\/product"}],"about":[{"href":"https:\/\/www.amstelprinting.nl\/it\/wp-json\/wp\/v2\/types\/product"}],"wp:featuredmedia":[{"embeddable":true,"href":"https:\/\/www.amstelprinting.nl\/it\/wp-json\/wp\/v2\/media\/14990"}],"wp:attachment":[{"href":"https:\/\/www.amstelprinting.nl\/it\/wp-json\/wp\/v2\/media?parent=15011"}],"wp:term":[{"taxonomy":"product_brand","embeddable":true,"href":"https:\/\/www.amstelprinting.nl\/it\/wp-json\/wp\/v2\/product_brand?post=15011"},{"taxonomy":"product_cat","embeddable":true,"href":"https:\/\/www.amstelprinting.nl\/it\/wp-json\/wp\/v2\/product_cat?post=15011"},{"taxonomy":"product_tag","embeddable":true,"href":"https:\/\/www.amstelprinting.nl\/it\/wp-json\/wp\/v2\/product_tag?post=15011"}],"curies":[{"name":"wp","href":"https:\/\/api.w.org\/{rel}","templated":true}]}}