{"id":15031,"date":"2025-01-24T11:24:26","date_gmt":"2025-01-24T10:24:26","guid":{"rendered":"https:\/\/www.amstelprinting.nl\/winkel\/senza-categoria\/x-banner\/"},"modified":"2026-02-10T13:20:50","modified_gmt":"2026-02-10T12:20:50","slug":"x-banner","status":"publish","type":"product","link":"https:\/\/www.amstelprinting.nl\/it\/negozio\/borsa-di-studio-evento\/arrotolare-gli-striscioni\/x-banner\/","title":{"rendered":"X-banner"},"content":{"rendered":"<h3>Stampa X-banner con grafica a scelta<\/h3>\n<p>\\nL&#8217;X-banner viene fornito con un supporto unico a forma di X che non \u00e8 solo elegante, ma offre anche la massima stabilit\u00e0. Con un formato di 80 cm x 200 cm, questo banner si adatta perfettamente a qualsiasi ambiente di presentazione, dalle fiere agli eventi aziendali.\\n<\/p>\n<h3>Formato e materiale<\/h3>\n<p>\\nIl telo del banner \u00e8 realizzato in Banner 510, un materiale in PVC resistente con finitura lucida. Questo materiale \u00e8 certificato B1 per la sicurezza antincendio, il che lo rende ideale per l&#8217;uso interno.\\n<\/p>\n<h3>Vantaggi<\/h3>\n<p>\\n<\/p>\n<ul>\\n  <\/p>\n<li>Banner leggero<\/li>\n<p>\\n  <\/p>\n<li>Banner 510 con certificazione ignifuga B1<\/li>\n<p>\\n  <\/p>\n<li>Presentazione economica<\/li>\n<p>\\n  <\/p>\n<li>Facile e veloce da usare<\/li>\n<p>\\n  <\/p>\n<li>Fornito con una comoda borsa per il trasporto<\/li>\n<p>\\n  <\/p>\n<li>Nuovo design? Ordina una stampa singola a un prezzo conveniente<\/li>\n<p>\\n  <\/p>\n<li>Consegna rapida: spedito entro 1 giorno lavorativo<\/li>\n<p>\\n<\/ul>\n<p>\\n&nbsp;\\n<\/p>\n<h3>Finitura<\/h3>\n<p>\\nIl telo dell&#8217;X-banner \u00e8 dotato di un anello in ogni angolo che rende facile e veloce l&#8217;aggancio e la sostituzione nel telaio. Inoltre, il banner viene fornito con una borsa per il trasporto, in modo da poter trasportare il telaio in modo sicuro e semplice.\\n\\nScegli l&#8217;X-Banner e sperimenta la combinazione definitiva di design leggero e aspetto professionale. Che tu stia andando a una fiera, facendo una presentazione aziendale o organizzando una promozione in un negozio, con l&#8217;X-Banner sarai sempre pronto a stupire. Grazie alla sua facilit\u00e0 di montaggio, ai materiali di alta qualit\u00e0 e alla comoda borsa per il trasporto, l&#8217;X-Banner \u00e8 la scelta perfetta per ogni presentazione. Rendi ogni occasione un successo e fai risplendere il tuo messaggio con l&#8217;X-Banner.<\/p>\n","protected":false},"excerpt":{"rendered":"<h3>Banner autoportante economico con supporto a X<\/h3>\n<p>\\nScopri l&#8217;X-Banner, il banner autoportante pi\u00f9 leggero della nostra gamma. L&#8217;X-banner deve il suo nome al supporto a forma di X ed \u00e8 stato appositamente sviluppato per l&#8217;uso in presentazioni mobili. Questo versatile X-banner offre tutto ci\u00f2 di cui hai bisogno per un aspetto professionale. Ordinabile come set completo, solo il telo o il sistema singolo.<\/p>\n","protected":false},"featured_media":15032,"template":"","meta":{"_et_pb_use_builder":"","_et_pb_old_content":"","_et_gb_content_width":""},"product_brand":[],"product_cat":[404,430,389,378],"product_tag":[],"class_list":{"0":"post-15031","1":"product","2":"type-product","3":"status-publish","4":"has-post-thumbnail","6":"product_cat-arrotolare-gli-striscioni","7":"product_cat-borsa-di-studio-evento","8":"product_cat-presentazione","9":"product_cat-pubblicita-interna","11":"first","12":"instock","13":"taxable","14":"shipping-taxable","15":"purchasable","16":"product-type-simple"},"yoast_head":"<!-- This site is optimized with the Yoast SEO plugin v27.3 - https:\/\/yoast.com\/product\/yoast-seo-wordpress\/ -->\n<title>X-banner - Configurazione facile per presentazioni professionali<\/title>\n<meta name=\"description\" content=\"Ordina il tuo X-banner resistente e ignifugo con stampa di alta qualit\u00e0. Perfetto per fiere, eventi aziendali e promozioni.\" \/>\n<meta name=\"robots\" content=\"index, follow, max-snippet:-1, max-image-preview:large, max-video-preview:-1\" \/>\n<link rel=\"canonical\" href=\"https:\/\/www.amstelprinting.nl\/it\/negozio\/borsa-di-studio-evento\/arrotolare-gli-striscioni\/x-banner\/\" \/>\n<meta property=\"og:locale\" content=\"it_IT\" \/>\n<meta property=\"og:type\" content=\"article\" \/>\n<meta property=\"og:title\" content=\"X-banner - Configurazione facile per presentazioni professionali\" \/>\n<meta property=\"og:description\" content=\"Ordina il tuo X-banner resistente e ignifugo con stampa di alta qualit\u00e0. Perfetto per fiere, eventi aziendali e promozioni.\" \/>\n<meta property=\"og:url\" content=\"https:\/\/www.amstelprinting.nl\/it\/negozio\/borsa-di-studio-evento\/arrotolare-gli-striscioni\/x-banner\/\" \/>\n<meta property=\"og:site_name\" content=\"Amstel Printing\" \/>\n<meta property=\"article:modified_time\" content=\"2026-02-10T12:20:50+00:00\" \/>\n<meta property=\"og:image\" content=\"https:\/\/www.amstelprinting.nl\/wp-content\/uploads\/x-banner-bedrukken.png\" \/>\n\t<meta property=\"og:image:width\" content=\"700\" \/>\n\t<meta property=\"og:image:height\" content=\"700\" \/>\n\t<meta property=\"og:image:type\" content=\"image\/png\" \/>\n<meta name=\"twitter:card\" content=\"summary_large_image\" \/>\n<meta name=\"twitter:label1\" content=\"Tempo di lettura stimato\" \/>\n\t<meta name=\"twitter:data1\" content=\"1 minuto\" \/>\n<script type=\"application\/ld+json\" class=\"yoast-schema-graph\">{\"@context\":\"https:\\\/\\\/schema.org\",\"@graph\":[{\"@type\":\"WebPage\",\"@id\":\"https:\\\/\\\/www.amstelprinting.nl\\\/it\\\/negozio\\\/borsa-di-studio-evento\\\/arrotolare-gli-striscioni\\\/x-banner\\\/\",\"url\":\"https:\\\/\\\/www.amstelprinting.nl\\\/it\\\/negozio\\\/borsa-di-studio-evento\\\/arrotolare-gli-striscioni\\\/x-banner\\\/\",\"name\":\"X-banner - Configurazione facile per presentazioni professionali\",\"isPartOf\":{\"@id\":\"https:\\\/\\\/www.amstelprinting.nl\\\/it\\\/#website\"},\"primaryImageOfPage\":{\"@id\":\"https:\\\/\\\/www.amstelprinting.nl\\\/it\\\/negozio\\\/borsa-di-studio-evento\\\/arrotolare-gli-striscioni\\\/x-banner\\\/#primaryimage\"},\"image\":{\"@id\":\"https:\\\/\\\/www.amstelprinting.nl\\\/it\\\/negozio\\\/borsa-di-studio-evento\\\/arrotolare-gli-striscioni\\\/x-banner\\\/#primaryimage\"},\"thumbnailUrl\":\"https:\\\/\\\/www.amstelprinting.nl\\\/wp-content\\\/uploads\\\/x-banner-bedrukken.png\",\"datePublished\":\"2025-01-24T10:24:26+00:00\",\"dateModified\":\"2026-02-10T12:20:50+00:00\",\"description\":\"Ordina il tuo X-banner resistente e ignifugo con stampa di alta qualit\u00e0. Perfetto per fiere, eventi aziendali e promozioni.\",\"breadcrumb\":{\"@id\":\"https:\\\/\\\/www.amstelprinting.nl\\\/it\\\/negozio\\\/borsa-di-studio-evento\\\/arrotolare-gli-striscioni\\\/x-banner\\\/#breadcrumb\"},\"inLanguage\":\"it-IT\",\"potentialAction\":[{\"@type\":\"ReadAction\",\"target\":[\"https:\\\/\\\/www.amstelprinting.nl\\\/it\\\/negozio\\\/borsa-di-studio-evento\\\/arrotolare-gli-striscioni\\\/x-banner\\\/\"]}]},{\"@type\":\"ImageObject\",\"inLanguage\":\"it-IT\",\"@id\":\"https:\\\/\\\/www.amstelprinting.nl\\\/it\\\/negozio\\\/borsa-di-studio-evento\\\/arrotolare-gli-striscioni\\\/x-banner\\\/#primaryimage\",\"url\":\"https:\\\/\\\/www.amstelprinting.nl\\\/wp-content\\\/uploads\\\/x-banner-bedrukken.png\",\"contentUrl\":\"https:\\\/\\\/www.amstelprinting.nl\\\/wp-content\\\/uploads\\\/x-banner-bedrukken.png\",\"width\":700,\"height\":700},{\"@type\":\"BreadcrumbList\",\"@id\":\"https:\\\/\\\/www.amstelprinting.nl\\\/it\\\/negozio\\\/borsa-di-studio-evento\\\/arrotolare-gli-striscioni\\\/x-banner\\\/#breadcrumb\",\"itemListElement\":[{\"@type\":\"ListItem\",\"position\":1,\"name\":\"\",\"item\":\"https:\\\/\\\/www.amstelprinting.nl\\\/it\\\/\"},{\"@type\":\"ListItem\",\"position\":2,\"name\":\"Amstel Printing\",\"item\":\"https:\\\/\\\/www.amstelprinting.nl\\\/it\\\/negozio\\\/\"},{\"@type\":\"ListItem\",\"position\":3,\"name\":\"Pubblicit\u00e0 interna\",\"item\":\"https:\\\/\\\/www.amstelprinting.nl\\\/it\\\/categoria\\\/pubblicita-interna\\\/\"},{\"@type\":\"ListItem\",\"position\":4,\"name\":\"Presentazione\",\"item\":\"https:\\\/\\\/www.amstelprinting.nl\\\/it\\\/categoria\\\/pubblicita-interna\\\/presentazione\\\/\"},{\"@type\":\"ListItem\",\"position\":5,\"name\":\"X-banner\"}]},{\"@type\":\"WebSite\",\"@id\":\"https:\\\/\\\/www.amstelprinting.nl\\\/it\\\/#website\",\"url\":\"https:\\\/\\\/www.amstelprinting.nl\\\/it\\\/\",\"name\":\"Amstel Printing\",\"description\":\"Creating Exposure\",\"publisher\":{\"@id\":\"https:\\\/\\\/www.amstelprinting.nl\\\/it\\\/#organization\"},\"potentialAction\":[{\"@type\":\"SearchAction\",\"target\":{\"@type\":\"EntryPoint\",\"urlTemplate\":\"https:\\\/\\\/www.amstelprinting.nl\\\/it\\\/?s={search_term_string}\"},\"query-input\":{\"@type\":\"PropertyValueSpecification\",\"valueRequired\":true,\"valueName\":\"search_term_string\"}}],\"inLanguage\":\"it-IT\"},{\"@type\":\"Organization\",\"@id\":\"https:\\\/\\\/www.amstelprinting.nl\\\/it\\\/#organization\",\"name\":\"Amstel Printing\",\"url\":\"https:\\\/\\\/www.amstelprinting.nl\\\/it\\\/\",\"logo\":{\"@type\":\"ImageObject\",\"inLanguage\":\"it-IT\",\"@id\":\"https:\\\/\\\/www.amstelprinting.nl\\\/it\\\/#\\\/schema\\\/logo\\\/image\\\/\",\"url\":\"https:\\\/\\\/www.amstelprinting.nl\\\/wp-content\\\/uploads\\\/amstel_printing_logo_clean.png\",\"contentUrl\":\"https:\\\/\\\/www.amstelprinting.nl\\\/wp-content\\\/uploads\\\/amstel_printing_logo_clean.png\",\"width\":324,\"height\":73,\"caption\":\"Amstel Printing\"},\"image\":{\"@id\":\"https:\\\/\\\/www.amstelprinting.nl\\\/it\\\/#\\\/schema\\\/logo\\\/image\\\/\"}}]}<\/script>\n<!-- \/ Yoast SEO plugin. -->","yoast_head_json":{"title":"X-banner - Configurazione facile per presentazioni professionali","description":"Ordina il tuo X-banner resistente e ignifugo con stampa di alta qualit\u00e0. Perfetto per fiere, eventi aziendali e promozioni.","robots":{"index":"index","follow":"follow","max-snippet":"max-snippet:-1","max-image-preview":"max-image-preview:large","max-video-preview":"max-video-preview:-1"},"canonical":"https:\/\/www.amstelprinting.nl\/it\/negozio\/borsa-di-studio-evento\/arrotolare-gli-striscioni\/x-banner\/","og_locale":"it_IT","og_type":"article","og_title":"X-banner - Configurazione facile per presentazioni professionali","og_description":"Ordina il tuo X-banner resistente e ignifugo con stampa di alta qualit\u00e0. Perfetto per fiere, eventi aziendali e promozioni.","og_url":"https:\/\/www.amstelprinting.nl\/it\/negozio\/borsa-di-studio-evento\/arrotolare-gli-striscioni\/x-banner\/","og_site_name":"Amstel Printing","article_modified_time":"2026-02-10T12:20:50+00:00","og_image":[{"width":700,"height":700,"url":"https:\/\/www.amstelprinting.nl\/wp-content\/uploads\/x-banner-bedrukken.png","type":"image\/png"}],"twitter_card":"summary_large_image","twitter_misc":{"Tempo di lettura stimato":"1 minuto"},"schema":{"@context":"https:\/\/schema.org","@graph":[{"@type":"WebPage","@id":"https:\/\/www.amstelprinting.nl\/it\/negozio\/borsa-di-studio-evento\/arrotolare-gli-striscioni\/x-banner\/","url":"https:\/\/www.amstelprinting.nl\/it\/negozio\/borsa-di-studio-evento\/arrotolare-gli-striscioni\/x-banner\/","name":"X-banner - Configurazione facile per presentazioni professionali","isPartOf":{"@id":"https:\/\/www.amstelprinting.nl\/it\/#website"},"primaryImageOfPage":{"@id":"https:\/\/www.amstelprinting.nl\/it\/negozio\/borsa-di-studio-evento\/arrotolare-gli-striscioni\/x-banner\/#primaryimage"},"image":{"@id":"https:\/\/www.amstelprinting.nl\/it\/negozio\/borsa-di-studio-evento\/arrotolare-gli-striscioni\/x-banner\/#primaryimage"},"thumbnailUrl":"https:\/\/www.amstelprinting.nl\/wp-content\/uploads\/x-banner-bedrukken.png","datePublished":"2025-01-24T10:24:26+00:00","dateModified":"2026-02-10T12:20:50+00:00","description":"Ordina il tuo X-banner resistente e ignifugo con stampa di alta qualit\u00e0. Perfetto per fiere, eventi aziendali e promozioni.","breadcrumb":{"@id":"https:\/\/www.amstelprinting.nl\/it\/negozio\/borsa-di-studio-evento\/arrotolare-gli-striscioni\/x-banner\/#breadcrumb"},"inLanguage":"it-IT","potentialAction":[{"@type":"ReadAction","target":["https:\/\/www.amstelprinting.nl\/it\/negozio\/borsa-di-studio-evento\/arrotolare-gli-striscioni\/x-banner\/"]}]},{"@type":"ImageObject","inLanguage":"it-IT","@id":"https:\/\/www.amstelprinting.nl\/it\/negozio\/borsa-di-studio-evento\/arrotolare-gli-striscioni\/x-banner\/#primaryimage","url":"https:\/\/www.amstelprinting.nl\/wp-content\/uploads\/x-banner-bedrukken.png","contentUrl":"https:\/\/www.amstelprinting.nl\/wp-content\/uploads\/x-banner-bedrukken.png","width":700,"height":700},{"@type":"BreadcrumbList","@id":"https:\/\/www.amstelprinting.nl\/it\/negozio\/borsa-di-studio-evento\/arrotolare-gli-striscioni\/x-banner\/#breadcrumb","itemListElement":[{"@type":"ListItem","position":1,"name":"","item":"https:\/\/www.amstelprinting.nl\/it\/"},{"@type":"ListItem","position":2,"name":"Amstel Printing","item":"https:\/\/www.amstelprinting.nl\/it\/negozio\/"},{"@type":"ListItem","position":3,"name":"Pubblicit\u00e0 interna","item":"https:\/\/www.amstelprinting.nl\/it\/categoria\/pubblicita-interna\/"},{"@type":"ListItem","position":4,"name":"Presentazione","item":"https:\/\/www.amstelprinting.nl\/it\/categoria\/pubblicita-interna\/presentazione\/"},{"@type":"ListItem","position":5,"name":"X-banner"}]},{"@type":"WebSite","@id":"https:\/\/www.amstelprinting.nl\/it\/#website","url":"https:\/\/www.amstelprinting.nl\/it\/","name":"Amstel Printing","description":"Creating Exposure","publisher":{"@id":"https:\/\/www.amstelprinting.nl\/it\/#organization"},"potentialAction":[{"@type":"SearchAction","target":{"@type":"EntryPoint","urlTemplate":"https:\/\/www.amstelprinting.nl\/it\/?s={search_term_string}"},"query-input":{"@type":"PropertyValueSpecification","valueRequired":true,"valueName":"search_term_string"}}],"inLanguage":"it-IT"},{"@type":"Organization","@id":"https:\/\/www.amstelprinting.nl\/it\/#organization","name":"Amstel Printing","url":"https:\/\/www.amstelprinting.nl\/it\/","logo":{"@type":"ImageObject","inLanguage":"it-IT","@id":"https:\/\/www.amstelprinting.nl\/it\/#\/schema\/logo\/image\/","url":"https:\/\/www.amstelprinting.nl\/wp-content\/uploads\/amstel_printing_logo_clean.png","contentUrl":"https:\/\/www.amstelprinting.nl\/wp-content\/uploads\/amstel_printing_logo_clean.png","width":324,"height":73,"caption":"Amstel Printing"},"image":{"@id":"https:\/\/www.amstelprinting.nl\/it\/#\/schema\/logo\/image\/"}}]}},"_links":{"self":[{"href":"https:\/\/www.amstelprinting.nl\/it\/wp-json\/wp\/v2\/product\/15031","targetHints":{"allow":["GET"]}}],"collection":[{"href":"https:\/\/www.amstelprinting.nl\/it\/wp-json\/wp\/v2\/product"}],"about":[{"href":"https:\/\/www.amstelprinting.nl\/it\/wp-json\/wp\/v2\/types\/product"}],"wp:featuredmedia":[{"embeddable":true,"href":"https:\/\/www.amstelprinting.nl\/it\/wp-json\/wp\/v2\/media\/15032"}],"wp:attachment":[{"href":"https:\/\/www.amstelprinting.nl\/it\/wp-json\/wp\/v2\/media?parent=15031"}],"wp:term":[{"taxonomy":"product_brand","embeddable":true,"href":"https:\/\/www.amstelprinting.nl\/it\/wp-json\/wp\/v2\/product_brand?post=15031"},{"taxonomy":"product_cat","embeddable":true,"href":"https:\/\/www.amstelprinting.nl\/it\/wp-json\/wp\/v2\/product_cat?post=15031"},{"taxonomy":"product_tag","embeddable":true,"href":"https:\/\/www.amstelprinting.nl\/it\/wp-json\/wp\/v2\/product_tag?post=15031"}],"curies":[{"name":"wp","href":"https:\/\/api.w.org\/{rel}","templated":true}]}}