{"id":15041,"date":"2025-01-24T11:24:21","date_gmt":"2025-01-24T10:24:21","guid":{"rendered":"https:\/\/www.amstelprinting.nl\/winkel\/senza-categoria\/l-banner\/"},"modified":"2026-02-18T12:39:30","modified_gmt":"2026-02-18T11:39:30","slug":"banner-a-l","status":"publish","type":"product","link":"https:\/\/www.amstelprinting.nl\/it\/negozio\/borsa-di-studio-evento\/arrotolare-gli-striscioni\/banner-a-l\/","title":{"rendered":"Banner a L"},"content":{"rendered":"<h3>Stampa Banner a L<\/h3>\n<p>Disponibile nei formati <strong>80 cm x 200 cm<\/strong> e <strong>100 cm x 200 cm<\/strong>. Il telo \u00e8 realizzato in Banner 510 con certificazione ignifuga B1, rendendolo sicuro e adatto all&#8217;uso in spazi pubblici. Questo materiale garantisce stampe vivaci e durata nel tempo, perfetto per un uso prolungato. Facile da trasportare e riporre grazie alla pratica borsa inclusa. Ideale per fiere, presentazioni in negozio e altri eventi in cui mobilit\u00e0 e professionalit\u00e0 sono essenziali.<\/p>\n<h3>Vantaggi<\/h3>\n<ul>\n<li>Banner leggero<\/li>\n<li>Disponibile in due formati<\/li>\n<li>Presentazione economica<\/li>\n<li>Facile e veloce da usare<\/li>\n<li>Consegnato con una pratica borsa per il trasporto<\/li>\n<li>Nuovo design? Ordina una stampa singola a un prezzo conveniente<\/li>\n<li>Consegna rapida: spedito entro 1 giorno lavorativo<\/li>\n<\/ul>\n<p>&nbsp;<\/p>\n<h3>Accessori<\/h3>\n<p>Il banner a L \u00e8 facile da trasportare e riporre grazie alla pratica borsa inclusa. Ideale per fiere, presentazioni in negozio e altri eventi in cui mobilit\u00e0 e professionalit\u00e0 sono essenziali.<\/p>\n<p>Dai vita al tuo messaggio con la versatilit\u00e0 e l&#8217;eleganza del Banner a L. Questo innovativo sistema pubblicitario offre non solo un montaggio semplice e stabilit\u00e0, ma anche materiale Banner 510 di alta qualit\u00e0 con certificazione ignifuga B1 per sicurezza e durata. Con una pratica borsa per un trasporto e una conservazione senza sforzi, il Banner a L \u00e8 perfettamente adatto per fiere, presentazioni in negozio e molto altro.<\/p>\n","protected":false},"excerpt":{"rendered":"<p>Il Banner a L: la scelta definitiva per la pubblicit\u00e0 interna a prezzi accessibili. Questo sistema in alluminio \u00e8 composto da una sola asta e un solo piedino, garantendo un montaggio semplice e al contempo la massima stabilit\u00e0. Grazie ai materiali di alta qualit\u00e0 e alle propriet\u00e0 user-friendly, il Banner a L \u00e8 la scelta ideale per fiere, presentazioni in negozio e molto altro. Disponibile nei formati 80 cm x 200 cm e 100 cm x 200 cm. Dotato di una stampa nitidissima del tuo design. Consegna possibile entro 1 giorno lavorativo.<\/p>\n","protected":false},"featured_media":15042,"template":"","meta":{"_et_pb_use_builder":"","_et_pb_old_content":"","_et_gb_content_width":""},"product_brand":[],"product_cat":[404,430,389,378],"product_tag":[],"class_list":{"0":"post-15041","1":"product","2":"type-product","3":"status-publish","4":"has-post-thumbnail","6":"product_cat-arrotolare-gli-striscioni","7":"product_cat-borsa-di-studio-evento","8":"product_cat-presentazione","9":"product_cat-pubblicita-interna","11":"first","12":"instock","13":"taxable","14":"shipping-taxable","15":"purchasable","16":"product-type-simple"},"yoast_head":"<!-- This site is optimized with the Yoast SEO plugin v27.3 - https:\/\/yoast.com\/product\/yoast-seo-wordpress\/ -->\n<title>Ordine Banner a L presso Amstel Printing: Solo la migliore qualit\u00e0<\/title>\n<meta name=\"description\" content=\"Ordina Banner a L. Scegli tra diversi formati e materiali per stampe nitide e un prezzo basso. Perfetto per fiere, eventi e negozi!\" \/>\n<meta name=\"robots\" content=\"index, follow, max-snippet:-1, max-image-preview:large, max-video-preview:-1\" \/>\n<link rel=\"canonical\" href=\"https:\/\/www.amstelprinting.nl\/it\/negozio\/borsa-di-studio-evento\/arrotolare-gli-striscioni\/banner-a-l\/\" \/>\n<meta property=\"og:locale\" content=\"it_IT\" \/>\n<meta property=\"og:type\" content=\"article\" \/>\n<meta property=\"og:title\" content=\"Ordine Banner a L presso Amstel Printing: Solo la migliore qualit\u00e0\" \/>\n<meta property=\"og:description\" content=\"Ordina Banner a L. Scegli tra diversi formati e materiali per stampe nitide e un prezzo basso. Perfetto per fiere, eventi e negozi!\" \/>\n<meta property=\"og:url\" content=\"https:\/\/www.amstelprinting.nl\/it\/negozio\/borsa-di-studio-evento\/arrotolare-gli-striscioni\/banner-a-l\/\" \/>\n<meta property=\"og:site_name\" content=\"Amstel Printing\" \/>\n<meta property=\"article:modified_time\" content=\"2026-02-18T11:39:30+00:00\" \/>\n<meta property=\"og:image\" content=\"https:\/\/www.amstelprinting.nl\/wp-content\/uploads\/l-banner-bedrukken.png\" \/>\n\t<meta property=\"og:image:width\" content=\"900\" \/>\n\t<meta property=\"og:image:height\" content=\"900\" \/>\n\t<meta property=\"og:image:type\" content=\"image\/png\" \/>\n<meta name=\"twitter:card\" content=\"summary_large_image\" \/>\n<meta name=\"twitter:label1\" content=\"Tempo di lettura stimato\" \/>\n\t<meta name=\"twitter:data1\" content=\"1 minuto\" \/>\n<script type=\"application\/ld+json\" class=\"yoast-schema-graph\">{\"@context\":\"https:\\\/\\\/schema.org\",\"@graph\":[{\"@type\":\"WebPage\",\"@id\":\"https:\\\/\\\/www.amstelprinting.nl\\\/it\\\/negozio\\\/borsa-di-studio-evento\\\/arrotolare-gli-striscioni\\\/banner-a-l\\\/\",\"url\":\"https:\\\/\\\/www.amstelprinting.nl\\\/it\\\/negozio\\\/borsa-di-studio-evento\\\/arrotolare-gli-striscioni\\\/banner-a-l\\\/\",\"name\":\"Ordine Banner a L presso Amstel Printing: Solo la migliore qualit\u00e0\",\"isPartOf\":{\"@id\":\"https:\\\/\\\/www.amstelprinting.nl\\\/it\\\/#website\"},\"primaryImageOfPage\":{\"@id\":\"https:\\\/\\\/www.amstelprinting.nl\\\/it\\\/negozio\\\/borsa-di-studio-evento\\\/arrotolare-gli-striscioni\\\/banner-a-l\\\/#primaryimage\"},\"image\":{\"@id\":\"https:\\\/\\\/www.amstelprinting.nl\\\/it\\\/negozio\\\/borsa-di-studio-evento\\\/arrotolare-gli-striscioni\\\/banner-a-l\\\/#primaryimage\"},\"thumbnailUrl\":\"https:\\\/\\\/www.amstelprinting.nl\\\/wp-content\\\/uploads\\\/l-banner-bedrukken.png\",\"datePublished\":\"2025-01-24T10:24:21+00:00\",\"dateModified\":\"2026-02-18T11:39:30+00:00\",\"description\":\"Ordina Banner a L. Scegli tra diversi formati e materiali per stampe nitide e un prezzo basso. Perfetto per fiere, eventi e negozi!\",\"breadcrumb\":{\"@id\":\"https:\\\/\\\/www.amstelprinting.nl\\\/it\\\/negozio\\\/borsa-di-studio-evento\\\/arrotolare-gli-striscioni\\\/banner-a-l\\\/#breadcrumb\"},\"inLanguage\":\"it-IT\",\"potentialAction\":[{\"@type\":\"ReadAction\",\"target\":[\"https:\\\/\\\/www.amstelprinting.nl\\\/it\\\/negozio\\\/borsa-di-studio-evento\\\/arrotolare-gli-striscioni\\\/banner-a-l\\\/\"]}]},{\"@type\":\"ImageObject\",\"inLanguage\":\"it-IT\",\"@id\":\"https:\\\/\\\/www.amstelprinting.nl\\\/it\\\/negozio\\\/borsa-di-studio-evento\\\/arrotolare-gli-striscioni\\\/banner-a-l\\\/#primaryimage\",\"url\":\"https:\\\/\\\/www.amstelprinting.nl\\\/wp-content\\\/uploads\\\/l-banner-bedrukken.png\",\"contentUrl\":\"https:\\\/\\\/www.amstelprinting.nl\\\/wp-content\\\/uploads\\\/l-banner-bedrukken.png\",\"width\":900,\"height\":900},{\"@type\":\"BreadcrumbList\",\"@id\":\"https:\\\/\\\/www.amstelprinting.nl\\\/it\\\/negozio\\\/borsa-di-studio-evento\\\/arrotolare-gli-striscioni\\\/banner-a-l\\\/#breadcrumb\",\"itemListElement\":[{\"@type\":\"ListItem\",\"position\":1,\"name\":\"\",\"item\":\"https:\\\/\\\/www.amstelprinting.nl\\\/it\\\/\"},{\"@type\":\"ListItem\",\"position\":2,\"name\":\"Amstel Printing\",\"item\":\"https:\\\/\\\/www.amstelprinting.nl\\\/it\\\/negozio\\\/\"},{\"@type\":\"ListItem\",\"position\":3,\"name\":\"Pubblicit\u00e0 interna\",\"item\":\"https:\\\/\\\/www.amstelprinting.nl\\\/it\\\/categoria\\\/pubblicita-interna\\\/\"},{\"@type\":\"ListItem\",\"position\":4,\"name\":\"Presentazione\",\"item\":\"https:\\\/\\\/www.amstelprinting.nl\\\/it\\\/categoria\\\/pubblicita-interna\\\/presentazione\\\/\"},{\"@type\":\"ListItem\",\"position\":5,\"name\":\"Banner a L\"}]},{\"@type\":\"WebSite\",\"@id\":\"https:\\\/\\\/www.amstelprinting.nl\\\/it\\\/#website\",\"url\":\"https:\\\/\\\/www.amstelprinting.nl\\\/it\\\/\",\"name\":\"Amstel Printing\",\"description\":\"Creating Exposure\",\"publisher\":{\"@id\":\"https:\\\/\\\/www.amstelprinting.nl\\\/it\\\/#organization\"},\"potentialAction\":[{\"@type\":\"SearchAction\",\"target\":{\"@type\":\"EntryPoint\",\"urlTemplate\":\"https:\\\/\\\/www.amstelprinting.nl\\\/it\\\/?s={search_term_string}\"},\"query-input\":{\"@type\":\"PropertyValueSpecification\",\"valueRequired\":true,\"valueName\":\"search_term_string\"}}],\"inLanguage\":\"it-IT\"},{\"@type\":\"Organization\",\"@id\":\"https:\\\/\\\/www.amstelprinting.nl\\\/it\\\/#organization\",\"name\":\"Amstel Printing\",\"url\":\"https:\\\/\\\/www.amstelprinting.nl\\\/it\\\/\",\"logo\":{\"@type\":\"ImageObject\",\"inLanguage\":\"it-IT\",\"@id\":\"https:\\\/\\\/www.amstelprinting.nl\\\/it\\\/#\\\/schema\\\/logo\\\/image\\\/\",\"url\":\"https:\\\/\\\/www.amstelprinting.nl\\\/wp-content\\\/uploads\\\/amstel_printing_logo_clean.png\",\"contentUrl\":\"https:\\\/\\\/www.amstelprinting.nl\\\/wp-content\\\/uploads\\\/amstel_printing_logo_clean.png\",\"width\":324,\"height\":73,\"caption\":\"Amstel Printing\"},\"image\":{\"@id\":\"https:\\\/\\\/www.amstelprinting.nl\\\/it\\\/#\\\/schema\\\/logo\\\/image\\\/\"}}]}<\/script>\n<!-- \/ Yoast SEO plugin. -->","yoast_head_json":{"title":"Ordine Banner a L presso Amstel Printing: Solo la migliore qualit\u00e0","description":"Ordina Banner a L. Scegli tra diversi formati e materiali per stampe nitide e un prezzo basso. Perfetto per fiere, eventi e negozi!","robots":{"index":"index","follow":"follow","max-snippet":"max-snippet:-1","max-image-preview":"max-image-preview:large","max-video-preview":"max-video-preview:-1"},"canonical":"https:\/\/www.amstelprinting.nl\/it\/negozio\/borsa-di-studio-evento\/arrotolare-gli-striscioni\/banner-a-l\/","og_locale":"it_IT","og_type":"article","og_title":"Ordine Banner a L presso Amstel Printing: Solo la migliore qualit\u00e0","og_description":"Ordina Banner a L. Scegli tra diversi formati e materiali per stampe nitide e un prezzo basso. Perfetto per fiere, eventi e negozi!","og_url":"https:\/\/www.amstelprinting.nl\/it\/negozio\/borsa-di-studio-evento\/arrotolare-gli-striscioni\/banner-a-l\/","og_site_name":"Amstel Printing","article_modified_time":"2026-02-18T11:39:30+00:00","og_image":[{"width":900,"height":900,"url":"https:\/\/www.amstelprinting.nl\/wp-content\/uploads\/l-banner-bedrukken.png","type":"image\/png"}],"twitter_card":"summary_large_image","twitter_misc":{"Tempo di lettura stimato":"1 minuto"},"schema":{"@context":"https:\/\/schema.org","@graph":[{"@type":"WebPage","@id":"https:\/\/www.amstelprinting.nl\/it\/negozio\/borsa-di-studio-evento\/arrotolare-gli-striscioni\/banner-a-l\/","url":"https:\/\/www.amstelprinting.nl\/it\/negozio\/borsa-di-studio-evento\/arrotolare-gli-striscioni\/banner-a-l\/","name":"Ordine Banner a L presso Amstel Printing: Solo la migliore qualit\u00e0","isPartOf":{"@id":"https:\/\/www.amstelprinting.nl\/it\/#website"},"primaryImageOfPage":{"@id":"https:\/\/www.amstelprinting.nl\/it\/negozio\/borsa-di-studio-evento\/arrotolare-gli-striscioni\/banner-a-l\/#primaryimage"},"image":{"@id":"https:\/\/www.amstelprinting.nl\/it\/negozio\/borsa-di-studio-evento\/arrotolare-gli-striscioni\/banner-a-l\/#primaryimage"},"thumbnailUrl":"https:\/\/www.amstelprinting.nl\/wp-content\/uploads\/l-banner-bedrukken.png","datePublished":"2025-01-24T10:24:21+00:00","dateModified":"2026-02-18T11:39:30+00:00","description":"Ordina Banner a L. Scegli tra diversi formati e materiali per stampe nitide e un prezzo basso. Perfetto per fiere, eventi e negozi!","breadcrumb":{"@id":"https:\/\/www.amstelprinting.nl\/it\/negozio\/borsa-di-studio-evento\/arrotolare-gli-striscioni\/banner-a-l\/#breadcrumb"},"inLanguage":"it-IT","potentialAction":[{"@type":"ReadAction","target":["https:\/\/www.amstelprinting.nl\/it\/negozio\/borsa-di-studio-evento\/arrotolare-gli-striscioni\/banner-a-l\/"]}]},{"@type":"ImageObject","inLanguage":"it-IT","@id":"https:\/\/www.amstelprinting.nl\/it\/negozio\/borsa-di-studio-evento\/arrotolare-gli-striscioni\/banner-a-l\/#primaryimage","url":"https:\/\/www.amstelprinting.nl\/wp-content\/uploads\/l-banner-bedrukken.png","contentUrl":"https:\/\/www.amstelprinting.nl\/wp-content\/uploads\/l-banner-bedrukken.png","width":900,"height":900},{"@type":"BreadcrumbList","@id":"https:\/\/www.amstelprinting.nl\/it\/negozio\/borsa-di-studio-evento\/arrotolare-gli-striscioni\/banner-a-l\/#breadcrumb","itemListElement":[{"@type":"ListItem","position":1,"name":"","item":"https:\/\/www.amstelprinting.nl\/it\/"},{"@type":"ListItem","position":2,"name":"Amstel Printing","item":"https:\/\/www.amstelprinting.nl\/it\/negozio\/"},{"@type":"ListItem","position":3,"name":"Pubblicit\u00e0 interna","item":"https:\/\/www.amstelprinting.nl\/it\/categoria\/pubblicita-interna\/"},{"@type":"ListItem","position":4,"name":"Presentazione","item":"https:\/\/www.amstelprinting.nl\/it\/categoria\/pubblicita-interna\/presentazione\/"},{"@type":"ListItem","position":5,"name":"Banner a L"}]},{"@type":"WebSite","@id":"https:\/\/www.amstelprinting.nl\/it\/#website","url":"https:\/\/www.amstelprinting.nl\/it\/","name":"Amstel Printing","description":"Creating Exposure","publisher":{"@id":"https:\/\/www.amstelprinting.nl\/it\/#organization"},"potentialAction":[{"@type":"SearchAction","target":{"@type":"EntryPoint","urlTemplate":"https:\/\/www.amstelprinting.nl\/it\/?s={search_term_string}"},"query-input":{"@type":"PropertyValueSpecification","valueRequired":true,"valueName":"search_term_string"}}],"inLanguage":"it-IT"},{"@type":"Organization","@id":"https:\/\/www.amstelprinting.nl\/it\/#organization","name":"Amstel Printing","url":"https:\/\/www.amstelprinting.nl\/it\/","logo":{"@type":"ImageObject","inLanguage":"it-IT","@id":"https:\/\/www.amstelprinting.nl\/it\/#\/schema\/logo\/image\/","url":"https:\/\/www.amstelprinting.nl\/wp-content\/uploads\/amstel_printing_logo_clean.png","contentUrl":"https:\/\/www.amstelprinting.nl\/wp-content\/uploads\/amstel_printing_logo_clean.png","width":324,"height":73,"caption":"Amstel Printing"},"image":{"@id":"https:\/\/www.amstelprinting.nl\/it\/#\/schema\/logo\/image\/"}}]}},"_links":{"self":[{"href":"https:\/\/www.amstelprinting.nl\/it\/wp-json\/wp\/v2\/product\/15041","targetHints":{"allow":["GET"]}}],"collection":[{"href":"https:\/\/www.amstelprinting.nl\/it\/wp-json\/wp\/v2\/product"}],"about":[{"href":"https:\/\/www.amstelprinting.nl\/it\/wp-json\/wp\/v2\/types\/product"}],"wp:featuredmedia":[{"embeddable":true,"href":"https:\/\/www.amstelprinting.nl\/it\/wp-json\/wp\/v2\/media\/15042"}],"wp:attachment":[{"href":"https:\/\/www.amstelprinting.nl\/it\/wp-json\/wp\/v2\/media?parent=15041"}],"wp:term":[{"taxonomy":"product_brand","embeddable":true,"href":"https:\/\/www.amstelprinting.nl\/it\/wp-json\/wp\/v2\/product_brand?post=15041"},{"taxonomy":"product_cat","embeddable":true,"href":"https:\/\/www.amstelprinting.nl\/it\/wp-json\/wp\/v2\/product_cat?post=15041"},{"taxonomy":"product_tag","embeddable":true,"href":"https:\/\/www.amstelprinting.nl\/it\/wp-json\/wp\/v2\/product_tag?post=15041"}],"curies":[{"name":"wp","href":"https:\/\/api.w.org\/{rel}","templated":true}]}}