{"id":15096,"date":"2025-01-24T11:23:42","date_gmt":"2025-01-24T10:23:42","guid":{"rendered":"https:\/\/www.amstelprinting.nl\/winkel\/senza-categoria\/posters\/"},"modified":"2026-02-18T12:39:36","modified_gmt":"2026-02-18T11:39:36","slug":"poster","status":"publish","type":"product","link":"https:\/\/www.amstelprinting.nl\/it\/negozio\/pubblicita-interna\/vedere-al-dettaglio\/poster\/","title":{"rendered":"Poster"},"content":{"rendered":"<h3>Perch\u00e9 stampare poster<\/h3>\n<ul>\n<li>Stampe di alta qualit\u00e0<\/li>\n<li>Disponibile in 16 formati<\/li>\n<li>Scelta tra 11 diversi tipi di carta<\/li>\n<li>Stampabili fronte o fronte-retro<\/li>\n<li>Garantiamo una risoluzione extra alta (1625 DPI) per formati fino a 50 x 70 cm<\/li>\n<\/ul>\n<p>&nbsp;<\/p>\n<h3>Ordinare poster<\/h3>\n<p>Sia che tu stia cercando un modo accattivante per trasmettere il tuo messaggio o desideri abbellire i tuoi interni, i nostri poster offrono la soluzione perfetta. Dalle stampe piccole e sottili ai design grandi e imponenti: abbiamo tutto. Con le nostre ampie opzioni puoi comporre esattamente il poster che soddisfa tutti i tuoi desideri. I nostri poster combinano l&#8217;alta qualit\u00e0 con tariffe vantaggiose. Otterrai il massimo dal tuo investimento, con un prodotto che non solo \u00e8 bello da vedere, ma dura anche a lungo. Attribuiamo grande valore alla qualit\u00e0, cos\u00ec potrai contare su stampe perfette ogni volta.<\/p>\n<h3>Formati poster<\/h3>\n<p>I nostri poster sono disponibili in 16 diversi formati, che spaziano dal compatto A4 all&#8217;imponente formato Abri. Che tu voglia un piccolo poster per un angolo accogliente o un grande poster per fare una dichiarazione, abbiamo il formato giusto per te.<\/p>\n<h3>Formati standard per poster piccoli<\/h3>\n<ul>\n<li>A4 (21 x 29,7 cm)<\/li>\n<li>A3 (29,7 x 42 cm)<\/li>\n<li>A2 (42 x 59,4 cm)<\/li>\n<li>B2 (50 x 70 cm)<\/li>\n<li>20 x 30 cm<\/li>\n<li>20 x 40 cm<\/li>\n<li>30 x 30 cm<\/li>\n<li>30 x 40 cm<\/li>\n<li>40 x 40 cm<\/li>\n<li>40 x 50 cm<\/li>\n<li>40 x 60 cm<\/li>\n<\/ul>\n<p>&nbsp;<\/p>\n<h3>Formati standard per poster grandi<\/h3>\n<ul>\n<li>A1 (59,4 x 84 cm)<\/li>\n<li>A0 (84 x 118,9 cm)<\/li>\n<li>Abri (118,5 x 175 cm)<\/li>\n<li>B1 (70 x 100 cm)<\/li>\n<li>B0v (100 x 140 cm)<\/li>\n<\/ul>\n<p>&nbsp;<\/p>\n<h3>Tipi di carta per poster<\/h3>\n<p>Scegli tra 11 diversi tipi di carta che si adattano perfettamente alle tue esigenze specifiche. Dal classico opaco al lucido e persino tipologie idrorepellenti per uso esterno. Il tuo poster avr\u00e0 sempre un aspetto fresco e professionale, indipendentemente dalle condizioni.<\/p>\n<ul>\n<li><strong>Carta per poster<\/strong> &#8211; Carta senza legno di alta qualit\u00e0, riciclabile al 100%. La carta non \u00e8 idrorepellente.<\/li>\n<li><strong>Carta Blueback<\/strong> &#8211; Carta per poster ad alta opacit\u00e0. La carta ha una resistenza limitata all&#8217;acqua.<\/li>\n<li><strong>Poliestere Retroilluminato<\/strong> &#8211; Poster per abri illuminati o cassonetti luminosi<\/li>\n<li><strong>Biotop Naturel<\/strong> &#8211; Biotop \u00e8 un tipo di carta non patinata color crema, facile da scrivere e timbrare. Disponibile in 250 gr.\/m\u00b2.<\/li>\n<li><strong>HV patinata lucida MC (Gloss)<\/strong> &#8211; La carta patinata lucida senza legno (Machine Coated) ha uno strato di patinatura lucida e non \u00e8 adatta per scrivere o timbrare. Disponibile in 135 gr.\/m\u00b2, 170 gr.\/m\u00b2 e 250 gr.\/m\u00b2.<\/li>\n<li><strong>HV patinata semiopaca MC (Silk)<\/strong> &#8211; La carta patinata semiopaca senza legno (Machine Coated) ha uno strato di patinatura opaca e non \u00e8 adatta per scrivere o timbrare. Disponibile in 135 gr.\/m\u00b2 e 250 gr.\/m\u00b2.<\/li>\n<li><strong>Synaps<\/strong> &#8211; Synaps \u00e8 sintetico e quindi antistrappo, resistente all&#8217;acqua e altamente resistente ai raggi UV. Adatto per esterni e non \u00e8 facile da scrivere o timbrare. Disponibile in 300 gr.\/m\u00b2.<\/li>\n<li><strong>HVO bianco<\/strong> &#8211; L&#8217;Offset bianco senza legno \u00e8 un tipo di carta non patinata facile da scrivere e timbrare. Disponibile in 170 gr.\/m\u00b2.<\/li>\n<\/ul>\n<p>&nbsp;<\/p>\n<h3>Opzioni di stampa per poster<\/h3>\n<p>Scegli tra la stampa fronte o fronte-retro, a seconda delle tue preferenze e della visibilit\u00e0 che desideri ottenere. Con tecniche di stampa di alta qualit\u00e0 garantiamo dettagli nitidi e colori vivaci che danno vita al tuo design. Sia che tu abbia bisogno di un singolo poster o di una grande tiratura per un evento o una promozione, possiamo soddisfare le tue esigenze. La flessibilit\u00e0 nella tiratura \u00e8 uno dei nostri punti di forza, consentendoci di consegnare ogni ordine su misura.<\/p>\n<h3>Accessori<\/h3>\n<p>Dai al tuo poster un tocco finale elegante con il nostro gancio per poster in quercia. Questo accessorio aggiunge un aspetto naturale e moderno al tuo poster, facendolo risaltare ancora di pi\u00f9.<\/p>\n<p>Pronto a presentare il tuo messaggio in modo impressionante? I nostri poster offrono la combinazione perfetta di qualit\u00e0, versatilit\u00e0 e convenienza. Che si tratti di promozione, decorazione o informazione, con i nostri poster farai sempre la scelta giusta. Lascia correre la tua creativit\u00e0 e crea un capolavoro visivo che tutti noteranno.<\/p>\n","protected":false},"excerpt":{"rendered":"<h3>Stampe nitidissime. Disponibili in vari formati<\/h3>\n<p>I poster sono stati utilizzati come mezzo promozionale per oltre cento anni. Originariamente solo con testo, sono stati successivamente integrati con immagini. Fino ad oggi, i poster rimangono uno dei modi pi\u00f9 popolari, versatili ed economici per fare pubblicit\u00e0. Presso Amstel Printing puoi scegliere tra pi\u00f9 di 16 diversi formati e 11 diversi tipi di carta. Configura il tuo poster come desideri in pochi passaggi.<\/p>\n","protected":false},"featured_media":15097,"template":"","meta":{"_et_pb_use_builder":"","_et_pb_old_content":"","_et_gb_content_width":""},"product_brand":[],"product_cat":[314,641,378,578,441],"product_tag":[],"class_list":{"0":"post-15096","1":"product","2":"type-product","3":"status-publish","4":"has-post-thumbnail","6":"product_cat-adesivi-e-stampa","7":"product_cat-manifesti","8":"product_cat-pubblicita-interna","9":"product_cat-stampa","10":"product_cat-vedere-al-dettaglio","12":"first","13":"instock","14":"taxable","15":"shipping-taxable","16":"purchasable","17":"product-type-simple"},"yoast_head":"<!-- This site is optimized with the Yoast SEO plugin v27.3 - https:\/\/yoast.com\/product\/yoast-seo-wordpress\/ -->\n<title>Consegna rapida di poster in 16 formati | Stampe nitide entro 1 giorno<\/title>\n<meta name=\"description\" content=\"Ordina poster professionali scegliendo tra 16 formati e 11 tipi di carta. Stampa fronte o fronte-retro, risoluzione nitida e consegna rapida.\" \/>\n<meta name=\"robots\" content=\"index, follow, max-snippet:-1, max-image-preview:large, max-video-preview:-1\" \/>\n<link rel=\"canonical\" href=\"https:\/\/www.amstelprinting.nl\/it\/negozio\/pubblicita-interna\/vedere-al-dettaglio\/poster\/\" \/>\n<meta property=\"og:locale\" content=\"it_IT\" \/>\n<meta property=\"og:type\" content=\"article\" \/>\n<meta property=\"og:title\" content=\"Consegna rapida di poster in 16 formati | Stampe nitide entro 1 giorno\" \/>\n<meta property=\"og:description\" content=\"Ordina poster professionali scegliendo tra 16 formati e 11 tipi di carta. Stampa fronte o fronte-retro, risoluzione nitida e consegna rapida.\" \/>\n<meta property=\"og:url\" content=\"https:\/\/www.amstelprinting.nl\/it\/negozio\/pubblicita-interna\/vedere-al-dettaglio\/poster\/\" \/>\n<meta property=\"og:site_name\" content=\"Amstel Printing\" \/>\n<meta property=\"article:modified_time\" content=\"2026-02-18T11:39:36+00:00\" \/>\n<meta property=\"og:image\" content=\"https:\/\/www.amstelprinting.nl\/wp-content\/uploads\/Posters.jpg\" \/>\n\t<meta property=\"og:image:width\" content=\"700\" \/>\n\t<meta property=\"og:image:height\" content=\"700\" \/>\n\t<meta property=\"og:image:type\" content=\"image\/jpeg\" \/>\n<meta name=\"twitter:card\" content=\"summary_large_image\" \/>\n<meta name=\"twitter:label1\" content=\"Tempo di lettura stimato\" \/>\n\t<meta name=\"twitter:data1\" content=\"3 minuti\" \/>\n<script type=\"application\/ld+json\" class=\"yoast-schema-graph\">{\"@context\":\"https:\\\/\\\/schema.org\",\"@graph\":[{\"@type\":\"WebPage\",\"@id\":\"https:\\\/\\\/www.amstelprinting.nl\\\/it\\\/negozio\\\/pubblicita-interna\\\/vedere-al-dettaglio\\\/poster\\\/\",\"url\":\"https:\\\/\\\/www.amstelprinting.nl\\\/it\\\/negozio\\\/pubblicita-interna\\\/vedere-al-dettaglio\\\/poster\\\/\",\"name\":\"Consegna rapida di poster in 16 formati | Stampe nitide entro 1 giorno\",\"isPartOf\":{\"@id\":\"https:\\\/\\\/www.amstelprinting.nl\\\/it\\\/#website\"},\"primaryImageOfPage\":{\"@id\":\"https:\\\/\\\/www.amstelprinting.nl\\\/it\\\/negozio\\\/pubblicita-interna\\\/vedere-al-dettaglio\\\/poster\\\/#primaryimage\"},\"image\":{\"@id\":\"https:\\\/\\\/www.amstelprinting.nl\\\/it\\\/negozio\\\/pubblicita-interna\\\/vedere-al-dettaglio\\\/poster\\\/#primaryimage\"},\"thumbnailUrl\":\"https:\\\/\\\/www.amstelprinting.nl\\\/wp-content\\\/uploads\\\/Posters.jpg\",\"datePublished\":\"2025-01-24T10:23:42+00:00\",\"dateModified\":\"2026-02-18T11:39:36+00:00\",\"description\":\"Ordina poster professionali scegliendo tra 16 formati e 11 tipi di carta. Stampa fronte o fronte-retro, risoluzione nitida e consegna rapida.\",\"breadcrumb\":{\"@id\":\"https:\\\/\\\/www.amstelprinting.nl\\\/it\\\/negozio\\\/pubblicita-interna\\\/vedere-al-dettaglio\\\/poster\\\/#breadcrumb\"},\"inLanguage\":\"it-IT\",\"potentialAction\":[{\"@type\":\"ReadAction\",\"target\":[\"https:\\\/\\\/www.amstelprinting.nl\\\/it\\\/negozio\\\/pubblicita-interna\\\/vedere-al-dettaglio\\\/poster\\\/\"]}]},{\"@type\":\"ImageObject\",\"inLanguage\":\"it-IT\",\"@id\":\"https:\\\/\\\/www.amstelprinting.nl\\\/it\\\/negozio\\\/pubblicita-interna\\\/vedere-al-dettaglio\\\/poster\\\/#primaryimage\",\"url\":\"https:\\\/\\\/www.amstelprinting.nl\\\/wp-content\\\/uploads\\\/Posters.jpg\",\"contentUrl\":\"https:\\\/\\\/www.amstelprinting.nl\\\/wp-content\\\/uploads\\\/Posters.jpg\",\"width\":700,\"height\":700},{\"@type\":\"BreadcrumbList\",\"@id\":\"https:\\\/\\\/www.amstelprinting.nl\\\/it\\\/negozio\\\/pubblicita-interna\\\/vedere-al-dettaglio\\\/poster\\\/#breadcrumb\",\"itemListElement\":[{\"@type\":\"ListItem\",\"position\":1,\"name\":\"\",\"item\":\"https:\\\/\\\/www.amstelprinting.nl\\\/it\\\/\"},{\"@type\":\"ListItem\",\"position\":2,\"name\":\"Amstel Printing\",\"item\":\"https:\\\/\\\/www.amstelprinting.nl\\\/it\\\/negozio\\\/\"},{\"@type\":\"ListItem\",\"position\":3,\"name\":\"Pubblicit\u00e0 interna\",\"item\":\"https:\\\/\\\/www.amstelprinting.nl\\\/it\\\/categoria\\\/pubblicita-interna\\\/\"},{\"@type\":\"ListItem\",\"position\":4,\"name\":\"Vedere al dettaglio\",\"item\":\"https:\\\/\\\/www.amstelprinting.nl\\\/it\\\/categoria\\\/pubblicita-interna\\\/vedere-al-dettaglio\\\/\"},{\"@type\":\"ListItem\",\"position\":5,\"name\":\"Poster\"}]},{\"@type\":\"WebSite\",\"@id\":\"https:\\\/\\\/www.amstelprinting.nl\\\/it\\\/#website\",\"url\":\"https:\\\/\\\/www.amstelprinting.nl\\\/it\\\/\",\"name\":\"Amstel Printing\",\"description\":\"Creating Exposure\",\"publisher\":{\"@id\":\"https:\\\/\\\/www.amstelprinting.nl\\\/it\\\/#organization\"},\"potentialAction\":[{\"@type\":\"SearchAction\",\"target\":{\"@type\":\"EntryPoint\",\"urlTemplate\":\"https:\\\/\\\/www.amstelprinting.nl\\\/it\\\/?s={search_term_string}\"},\"query-input\":{\"@type\":\"PropertyValueSpecification\",\"valueRequired\":true,\"valueName\":\"search_term_string\"}}],\"inLanguage\":\"it-IT\"},{\"@type\":\"Organization\",\"@id\":\"https:\\\/\\\/www.amstelprinting.nl\\\/it\\\/#organization\",\"name\":\"Amstel Printing\",\"url\":\"https:\\\/\\\/www.amstelprinting.nl\\\/it\\\/\",\"logo\":{\"@type\":\"ImageObject\",\"inLanguage\":\"it-IT\",\"@id\":\"https:\\\/\\\/www.amstelprinting.nl\\\/it\\\/#\\\/schema\\\/logo\\\/image\\\/\",\"url\":\"https:\\\/\\\/www.amstelprinting.nl\\\/wp-content\\\/uploads\\\/amstel_printing_logo_clean.png\",\"contentUrl\":\"https:\\\/\\\/www.amstelprinting.nl\\\/wp-content\\\/uploads\\\/amstel_printing_logo_clean.png\",\"width\":324,\"height\":73,\"caption\":\"Amstel Printing\"},\"image\":{\"@id\":\"https:\\\/\\\/www.amstelprinting.nl\\\/it\\\/#\\\/schema\\\/logo\\\/image\\\/\"}}]}<\/script>\n<!-- \/ Yoast SEO plugin. -->","yoast_head_json":{"title":"Consegna rapida di poster in 16 formati | Stampe nitide entro 1 giorno","description":"Ordina poster professionali scegliendo tra 16 formati e 11 tipi di carta. Stampa fronte o fronte-retro, risoluzione nitida e consegna rapida.","robots":{"index":"index","follow":"follow","max-snippet":"max-snippet:-1","max-image-preview":"max-image-preview:large","max-video-preview":"max-video-preview:-1"},"canonical":"https:\/\/www.amstelprinting.nl\/it\/negozio\/pubblicita-interna\/vedere-al-dettaglio\/poster\/","og_locale":"it_IT","og_type":"article","og_title":"Consegna rapida di poster in 16 formati | Stampe nitide entro 1 giorno","og_description":"Ordina poster professionali scegliendo tra 16 formati e 11 tipi di carta. Stampa fronte o fronte-retro, risoluzione nitida e consegna rapida.","og_url":"https:\/\/www.amstelprinting.nl\/it\/negozio\/pubblicita-interna\/vedere-al-dettaglio\/poster\/","og_site_name":"Amstel Printing","article_modified_time":"2026-02-18T11:39:36+00:00","og_image":[{"width":700,"height":700,"url":"https:\/\/www.amstelprinting.nl\/wp-content\/uploads\/Posters.jpg","type":"image\/jpeg"}],"twitter_card":"summary_large_image","twitter_misc":{"Tempo di lettura stimato":"3 minuti"},"schema":{"@context":"https:\/\/schema.org","@graph":[{"@type":"WebPage","@id":"https:\/\/www.amstelprinting.nl\/it\/negozio\/pubblicita-interna\/vedere-al-dettaglio\/poster\/","url":"https:\/\/www.amstelprinting.nl\/it\/negozio\/pubblicita-interna\/vedere-al-dettaglio\/poster\/","name":"Consegna rapida di poster in 16 formati | Stampe nitide entro 1 giorno","isPartOf":{"@id":"https:\/\/www.amstelprinting.nl\/it\/#website"},"primaryImageOfPage":{"@id":"https:\/\/www.amstelprinting.nl\/it\/negozio\/pubblicita-interna\/vedere-al-dettaglio\/poster\/#primaryimage"},"image":{"@id":"https:\/\/www.amstelprinting.nl\/it\/negozio\/pubblicita-interna\/vedere-al-dettaglio\/poster\/#primaryimage"},"thumbnailUrl":"https:\/\/www.amstelprinting.nl\/wp-content\/uploads\/Posters.jpg","datePublished":"2025-01-24T10:23:42+00:00","dateModified":"2026-02-18T11:39:36+00:00","description":"Ordina poster professionali scegliendo tra 16 formati e 11 tipi di carta. Stampa fronte o fronte-retro, risoluzione nitida e consegna rapida.","breadcrumb":{"@id":"https:\/\/www.amstelprinting.nl\/it\/negozio\/pubblicita-interna\/vedere-al-dettaglio\/poster\/#breadcrumb"},"inLanguage":"it-IT","potentialAction":[{"@type":"ReadAction","target":["https:\/\/www.amstelprinting.nl\/it\/negozio\/pubblicita-interna\/vedere-al-dettaglio\/poster\/"]}]},{"@type":"ImageObject","inLanguage":"it-IT","@id":"https:\/\/www.amstelprinting.nl\/it\/negozio\/pubblicita-interna\/vedere-al-dettaglio\/poster\/#primaryimage","url":"https:\/\/www.amstelprinting.nl\/wp-content\/uploads\/Posters.jpg","contentUrl":"https:\/\/www.amstelprinting.nl\/wp-content\/uploads\/Posters.jpg","width":700,"height":700},{"@type":"BreadcrumbList","@id":"https:\/\/www.amstelprinting.nl\/it\/negozio\/pubblicita-interna\/vedere-al-dettaglio\/poster\/#breadcrumb","itemListElement":[{"@type":"ListItem","position":1,"name":"","item":"https:\/\/www.amstelprinting.nl\/it\/"},{"@type":"ListItem","position":2,"name":"Amstel Printing","item":"https:\/\/www.amstelprinting.nl\/it\/negozio\/"},{"@type":"ListItem","position":3,"name":"Pubblicit\u00e0 interna","item":"https:\/\/www.amstelprinting.nl\/it\/categoria\/pubblicita-interna\/"},{"@type":"ListItem","position":4,"name":"Vedere al dettaglio","item":"https:\/\/www.amstelprinting.nl\/it\/categoria\/pubblicita-interna\/vedere-al-dettaglio\/"},{"@type":"ListItem","position":5,"name":"Poster"}]},{"@type":"WebSite","@id":"https:\/\/www.amstelprinting.nl\/it\/#website","url":"https:\/\/www.amstelprinting.nl\/it\/","name":"Amstel Printing","description":"Creating Exposure","publisher":{"@id":"https:\/\/www.amstelprinting.nl\/it\/#organization"},"potentialAction":[{"@type":"SearchAction","target":{"@type":"EntryPoint","urlTemplate":"https:\/\/www.amstelprinting.nl\/it\/?s={search_term_string}"},"query-input":{"@type":"PropertyValueSpecification","valueRequired":true,"valueName":"search_term_string"}}],"inLanguage":"it-IT"},{"@type":"Organization","@id":"https:\/\/www.amstelprinting.nl\/it\/#organization","name":"Amstel Printing","url":"https:\/\/www.amstelprinting.nl\/it\/","logo":{"@type":"ImageObject","inLanguage":"it-IT","@id":"https:\/\/www.amstelprinting.nl\/it\/#\/schema\/logo\/image\/","url":"https:\/\/www.amstelprinting.nl\/wp-content\/uploads\/amstel_printing_logo_clean.png","contentUrl":"https:\/\/www.amstelprinting.nl\/wp-content\/uploads\/amstel_printing_logo_clean.png","width":324,"height":73,"caption":"Amstel Printing"},"image":{"@id":"https:\/\/www.amstelprinting.nl\/it\/#\/schema\/logo\/image\/"}}]}},"_links":{"self":[{"href":"https:\/\/www.amstelprinting.nl\/it\/wp-json\/wp\/v2\/product\/15096","targetHints":{"allow":["GET"]}}],"collection":[{"href":"https:\/\/www.amstelprinting.nl\/it\/wp-json\/wp\/v2\/product"}],"about":[{"href":"https:\/\/www.amstelprinting.nl\/it\/wp-json\/wp\/v2\/types\/product"}],"wp:featuredmedia":[{"embeddable":true,"href":"https:\/\/www.amstelprinting.nl\/it\/wp-json\/wp\/v2\/media\/15097"}],"wp:attachment":[{"href":"https:\/\/www.amstelprinting.nl\/it\/wp-json\/wp\/v2\/media?parent=15096"}],"wp:term":[{"taxonomy":"product_brand","embeddable":true,"href":"https:\/\/www.amstelprinting.nl\/it\/wp-json\/wp\/v2\/product_brand?post=15096"},{"taxonomy":"product_cat","embeddable":true,"href":"https:\/\/www.amstelprinting.nl\/it\/wp-json\/wp\/v2\/product_cat?post=15096"},{"taxonomy":"product_tag","embeddable":true,"href":"https:\/\/www.amstelprinting.nl\/it\/wp-json\/wp\/v2\/product_tag?post=15096"}],"curies":[{"name":"wp","href":"https:\/\/api.w.org\/{rel}","templated":true}]}}