{"id":15106,"date":"2025-01-24T11:23:37","date_gmt":"2025-01-24T10:23:37","guid":{"rendered":"https:\/\/www.amstelprinting.nl\/winkel\/senza-categoria\/de-inhaker-beursstand\/"},"modified":"2026-02-18T12:39:38","modified_gmt":"2026-02-18T11:39:38","slug":"stand-fieristico-de-inhaker","status":"publish","type":"product","link":"https:\/\/www.amstelprinting.nl\/it\/negozio\/borsa-di-studio-evento\/pareti-espositive\/stand-fieristico-de-inhaker\/","title":{"rendered":"Stand fieristico De Inhaker\u00ae"},"content":{"rendered":"<h3>Formati<\/h3>\n<p>\\nCon diverse configurazioni e dimensioni, lo stand fieristico De Inhaker\u00ae offre innumerevoli possibilit\u00e0. Scegli una parete posteriore dritta in larghezze di 300 cm, 400 cm o 600 cm. Hai uno stand ad angolo? Allora le pareti a L in 300 x 400 cm e 300 x 600 cm sono perfette. Per uno stand pi\u00f9 ampio, puoi scegliere la forma a U con dimensioni di 300 x 400 x 300 cm e 300 x 600 x 300 cm.\\n<\/p>\n<h3>Materiali<\/h3>\n<p>\\nI materiali sono di alta qualit\u00e0: l&#8217;Inhaker \u00e8 realizzato in PVC nero riciclato e i pannelli sono disponibili in Forex, Multiplex (con o senza white wash), Re-board ed Easyprint.\\n<\/p>\n<ul>\\n  <\/p>\n<li><strong>Forex<\/strong> \u00e8 un materiale in PVC espanso robusto e leggero, noto per la sua superficie liscia e uniforme. \u00c8 ideale per stampe nitide e brillanti e offre un&#8217;eccellente resistenza agli agenti atmosferici, il che lo rende adatto sia per uso interno che esterno.<\/li>\n<p>\\n  <\/p>\n<li><strong>Multiplex<\/strong> \u00e8 composto da pi\u00f9 strati di impiallacciatura di legno incollati trasversalmente tra loro. Questo materiale \u00e8 forte, durevole e ha un aspetto naturale e caldo. Puoi scegliere il Multiplex con o senza white wash.<\/li>\n<p>\\n  <\/p>\n<li><strong>Re-board<\/strong> \u00e8 un materiale innovativo ed ecologico realizzato in cartone. \u00c8 estremamente leggero, ma molto forte e rigido. Re-board \u00e8 ideale per stampe e costruzioni di grandi dimensioni perch\u00e9 \u00e8 facile da tagliare e modellare.<\/li>\n<p>\\n  <\/p>\n<li><strong>Easyprint<\/strong> \u00e8 un materiale versatile in polipropilene, perfetto per stampe di alta qualit\u00e0. \u00c8 leggero e offre una superficie liscia per immagini nitide e vivide.<\/li>\n<p>\\n<\/ul>\n<p>\\n&nbsp;\\nCon la nostra ampia selezione di materiali di alta qualit\u00e0, lo stand fieristico De Inhaker\u00ae offre la soluzione perfetta per il tuo prossimo stand. Scegli stampe eleganti, sostenibilit\u00e0 e flessibilit\u00e0, tutto in un&#8217;unica soluzione espositiva innovativa. Con lo stand fieristico De Inhaker\u00ae fai sempre la scelta giusta per uno stand professionale e di impatto!<\/p>\n","protected":false},"excerpt":{"rendered":"<h3>Uno stand fieristico completo. Modularmente espandibile.<\/h3>\n<p>\\nLo stand fieristico De Inhaker\u00ae offre la soluzione definitiva per uno stand fieristico versatile e sostenibile. Progettata per soddisfare tutte le tue esigenze espositive, questa innovativa parete fieristica combina flessibilit\u00e0 con materiali di alta qualit\u00e0, assicurando che il tuo stand risalti sempre. De Inhaker\u00ae \u00e8 disponibile come set completo, pannelli singoli o componente Inhaker sciolto, offrendoti la massima libert\u00e0 nella composizione del tuo display espositivo.<\/p>\n","protected":false},"featured_media":15107,"template":"","meta":{"_et_pb_use_builder":"","_et_pb_old_content":"","_et_gb_content_width":""},"product_brand":[],"product_cat":[430,412,378,441],"product_tag":[],"class_list":{"0":"post-15106","1":"product","2":"type-product","3":"status-publish","4":"has-post-thumbnail","6":"product_cat-borsa-di-studio-evento","7":"product_cat-pareti-espositive","8":"product_cat-pubblicita-interna","9":"product_cat-vedere-al-dettaglio","11":"first","12":"instock","13":"taxable","14":"shipping-taxable","15":"purchasable","16":"product-type-simple"},"yoast_head":"<!-- This site is optimized with the Yoast SEO plugin v27.3 - https:\/\/yoast.com\/product\/yoast-seo-wordpress\/ -->\n<title>Acquista uno stand fieristico professionale - Flessibile, sostenibile e d&#039;impatto<\/title>\n<meta name=\"description\" content=\"Scopri lo stand fieristico modulare con stampe UV nitidissime e materiale riciclato. Veloce da montare e smontare. Ordina subito il tuo stand fieristico ideale!\" \/>\n<meta name=\"robots\" content=\"index, follow, max-snippet:-1, max-image-preview:large, max-video-preview:-1\" \/>\n<link rel=\"canonical\" href=\"https:\/\/www.amstelprinting.nl\/it\/negozio\/borsa-di-studio-evento\/pareti-espositive\/stand-fieristico-de-inhaker\/\" \/>\n<meta property=\"og:locale\" content=\"it_IT\" \/>\n<meta property=\"og:type\" content=\"article\" \/>\n<meta property=\"og:title\" content=\"Acquista uno stand fieristico professionale - Flessibile, sostenibile e d&#039;impatto\" \/>\n<meta property=\"og:description\" content=\"Scopri lo stand fieristico modulare con stampe UV nitidissime e materiale riciclato. Veloce da montare e smontare. Ordina subito il tuo stand fieristico ideale!\" \/>\n<meta property=\"og:url\" content=\"https:\/\/www.amstelprinting.nl\/it\/negozio\/borsa-di-studio-evento\/pareti-espositive\/stand-fieristico-de-inhaker\/\" \/>\n<meta property=\"og:site_name\" content=\"Amstel Printing\" \/>\n<meta property=\"article:modified_time\" content=\"2026-02-18T11:39:38+00:00\" \/>\n<meta property=\"og:image\" content=\"https:\/\/www.amstelprinting.nl\/wp-content\/uploads\/de-inhaker-bedrukken2.png\" \/>\n\t<meta property=\"og:image:width\" content=\"700\" \/>\n\t<meta property=\"og:image:height\" content=\"700\" \/>\n\t<meta property=\"og:image:type\" content=\"image\/png\" \/>\n<meta name=\"twitter:card\" content=\"summary_large_image\" \/>\n<meta name=\"twitter:label1\" content=\"Tempo di lettura stimato\" \/>\n\t<meta name=\"twitter:data1\" content=\"1 minuto\" \/>\n<script type=\"application\/ld+json\" class=\"yoast-schema-graph\">{\"@context\":\"https:\\\/\\\/schema.org\",\"@graph\":[{\"@type\":\"WebPage\",\"@id\":\"https:\\\/\\\/www.amstelprinting.nl\\\/it\\\/negozio\\\/borsa-di-studio-evento\\\/pareti-espositive\\\/stand-fieristico-de-inhaker\\\/\",\"url\":\"https:\\\/\\\/www.amstelprinting.nl\\\/it\\\/negozio\\\/borsa-di-studio-evento\\\/pareti-espositive\\\/stand-fieristico-de-inhaker\\\/\",\"name\":\"Acquista uno stand fieristico professionale - Flessibile, sostenibile e d'impatto\",\"isPartOf\":{\"@id\":\"https:\\\/\\\/www.amstelprinting.nl\\\/it\\\/#website\"},\"primaryImageOfPage\":{\"@id\":\"https:\\\/\\\/www.amstelprinting.nl\\\/it\\\/negozio\\\/borsa-di-studio-evento\\\/pareti-espositive\\\/stand-fieristico-de-inhaker\\\/#primaryimage\"},\"image\":{\"@id\":\"https:\\\/\\\/www.amstelprinting.nl\\\/it\\\/negozio\\\/borsa-di-studio-evento\\\/pareti-espositive\\\/stand-fieristico-de-inhaker\\\/#primaryimage\"},\"thumbnailUrl\":\"https:\\\/\\\/www.amstelprinting.nl\\\/wp-content\\\/uploads\\\/de-inhaker-bedrukken2.png\",\"datePublished\":\"2025-01-24T10:23:37+00:00\",\"dateModified\":\"2026-02-18T11:39:38+00:00\",\"description\":\"Scopri lo stand fieristico modulare con stampe UV nitidissime e materiale riciclato. Veloce da montare e smontare. Ordina subito il tuo stand fieristico ideale!\",\"breadcrumb\":{\"@id\":\"https:\\\/\\\/www.amstelprinting.nl\\\/it\\\/negozio\\\/borsa-di-studio-evento\\\/pareti-espositive\\\/stand-fieristico-de-inhaker\\\/#breadcrumb\"},\"inLanguage\":\"it-IT\",\"potentialAction\":[{\"@type\":\"ReadAction\",\"target\":[\"https:\\\/\\\/www.amstelprinting.nl\\\/it\\\/negozio\\\/borsa-di-studio-evento\\\/pareti-espositive\\\/stand-fieristico-de-inhaker\\\/\"]}]},{\"@type\":\"ImageObject\",\"inLanguage\":\"it-IT\",\"@id\":\"https:\\\/\\\/www.amstelprinting.nl\\\/it\\\/negozio\\\/borsa-di-studio-evento\\\/pareti-espositive\\\/stand-fieristico-de-inhaker\\\/#primaryimage\",\"url\":\"https:\\\/\\\/www.amstelprinting.nl\\\/wp-content\\\/uploads\\\/de-inhaker-bedrukken2.png\",\"contentUrl\":\"https:\\\/\\\/www.amstelprinting.nl\\\/wp-content\\\/uploads\\\/de-inhaker-bedrukken2.png\",\"width\":700,\"height\":700},{\"@type\":\"BreadcrumbList\",\"@id\":\"https:\\\/\\\/www.amstelprinting.nl\\\/it\\\/negozio\\\/borsa-di-studio-evento\\\/pareti-espositive\\\/stand-fieristico-de-inhaker\\\/#breadcrumb\",\"itemListElement\":[{\"@type\":\"ListItem\",\"position\":1,\"name\":\"\",\"item\":\"https:\\\/\\\/www.amstelprinting.nl\\\/it\\\/\"},{\"@type\":\"ListItem\",\"position\":2,\"name\":\"Amstel Printing\",\"item\":\"https:\\\/\\\/www.amstelprinting.nl\\\/it\\\/negozio\\\/\"},{\"@type\":\"ListItem\",\"position\":3,\"name\":\"Pubblicit\u00e0 interna\",\"item\":\"https:\\\/\\\/www.amstelprinting.nl\\\/it\\\/categoria\\\/pubblicita-interna\\\/\"},{\"@type\":\"ListItem\",\"position\":4,\"name\":\"Vedere al dettaglio\",\"item\":\"https:\\\/\\\/www.amstelprinting.nl\\\/it\\\/categoria\\\/pubblicita-interna\\\/vedere-al-dettaglio\\\/\"},{\"@type\":\"ListItem\",\"position\":5,\"name\":\"Stand fieristico De Inhaker\u00ae\"}]},{\"@type\":\"WebSite\",\"@id\":\"https:\\\/\\\/www.amstelprinting.nl\\\/it\\\/#website\",\"url\":\"https:\\\/\\\/www.amstelprinting.nl\\\/it\\\/\",\"name\":\"Amstel Printing\",\"description\":\"Creating Exposure\",\"publisher\":{\"@id\":\"https:\\\/\\\/www.amstelprinting.nl\\\/it\\\/#organization\"},\"potentialAction\":[{\"@type\":\"SearchAction\",\"target\":{\"@type\":\"EntryPoint\",\"urlTemplate\":\"https:\\\/\\\/www.amstelprinting.nl\\\/it\\\/?s={search_term_string}\"},\"query-input\":{\"@type\":\"PropertyValueSpecification\",\"valueRequired\":true,\"valueName\":\"search_term_string\"}}],\"inLanguage\":\"it-IT\"},{\"@type\":\"Organization\",\"@id\":\"https:\\\/\\\/www.amstelprinting.nl\\\/it\\\/#organization\",\"name\":\"Amstel Printing\",\"url\":\"https:\\\/\\\/www.amstelprinting.nl\\\/it\\\/\",\"logo\":{\"@type\":\"ImageObject\",\"inLanguage\":\"it-IT\",\"@id\":\"https:\\\/\\\/www.amstelprinting.nl\\\/it\\\/#\\\/schema\\\/logo\\\/image\\\/\",\"url\":\"https:\\\/\\\/www.amstelprinting.nl\\\/wp-content\\\/uploads\\\/amstel_printing_logo_clean.png\",\"contentUrl\":\"https:\\\/\\\/www.amstelprinting.nl\\\/wp-content\\\/uploads\\\/amstel_printing_logo_clean.png\",\"width\":324,\"height\":73,\"caption\":\"Amstel Printing\"},\"image\":{\"@id\":\"https:\\\/\\\/www.amstelprinting.nl\\\/it\\\/#\\\/schema\\\/logo\\\/image\\\/\"}}]}<\/script>\n<!-- \/ Yoast SEO plugin. -->","yoast_head_json":{"title":"Acquista uno stand fieristico professionale - Flessibile, sostenibile e d'impatto","description":"Scopri lo stand fieristico modulare con stampe UV nitidissime e materiale riciclato. Veloce da montare e smontare. Ordina subito il tuo stand fieristico ideale!","robots":{"index":"index","follow":"follow","max-snippet":"max-snippet:-1","max-image-preview":"max-image-preview:large","max-video-preview":"max-video-preview:-1"},"canonical":"https:\/\/www.amstelprinting.nl\/it\/negozio\/borsa-di-studio-evento\/pareti-espositive\/stand-fieristico-de-inhaker\/","og_locale":"it_IT","og_type":"article","og_title":"Acquista uno stand fieristico professionale - Flessibile, sostenibile e d'impatto","og_description":"Scopri lo stand fieristico modulare con stampe UV nitidissime e materiale riciclato. Veloce da montare e smontare. Ordina subito il tuo stand fieristico ideale!","og_url":"https:\/\/www.amstelprinting.nl\/it\/negozio\/borsa-di-studio-evento\/pareti-espositive\/stand-fieristico-de-inhaker\/","og_site_name":"Amstel Printing","article_modified_time":"2026-02-18T11:39:38+00:00","og_image":[{"width":700,"height":700,"url":"https:\/\/www.amstelprinting.nl\/wp-content\/uploads\/de-inhaker-bedrukken2.png","type":"image\/png"}],"twitter_card":"summary_large_image","twitter_misc":{"Tempo di lettura stimato":"1 minuto"},"schema":{"@context":"https:\/\/schema.org","@graph":[{"@type":"WebPage","@id":"https:\/\/www.amstelprinting.nl\/it\/negozio\/borsa-di-studio-evento\/pareti-espositive\/stand-fieristico-de-inhaker\/","url":"https:\/\/www.amstelprinting.nl\/it\/negozio\/borsa-di-studio-evento\/pareti-espositive\/stand-fieristico-de-inhaker\/","name":"Acquista uno stand fieristico professionale - Flessibile, sostenibile e d'impatto","isPartOf":{"@id":"https:\/\/www.amstelprinting.nl\/it\/#website"},"primaryImageOfPage":{"@id":"https:\/\/www.amstelprinting.nl\/it\/negozio\/borsa-di-studio-evento\/pareti-espositive\/stand-fieristico-de-inhaker\/#primaryimage"},"image":{"@id":"https:\/\/www.amstelprinting.nl\/it\/negozio\/borsa-di-studio-evento\/pareti-espositive\/stand-fieristico-de-inhaker\/#primaryimage"},"thumbnailUrl":"https:\/\/www.amstelprinting.nl\/wp-content\/uploads\/de-inhaker-bedrukken2.png","datePublished":"2025-01-24T10:23:37+00:00","dateModified":"2026-02-18T11:39:38+00:00","description":"Scopri lo stand fieristico modulare con stampe UV nitidissime e materiale riciclato. Veloce da montare e smontare. Ordina subito il tuo stand fieristico ideale!","breadcrumb":{"@id":"https:\/\/www.amstelprinting.nl\/it\/negozio\/borsa-di-studio-evento\/pareti-espositive\/stand-fieristico-de-inhaker\/#breadcrumb"},"inLanguage":"it-IT","potentialAction":[{"@type":"ReadAction","target":["https:\/\/www.amstelprinting.nl\/it\/negozio\/borsa-di-studio-evento\/pareti-espositive\/stand-fieristico-de-inhaker\/"]}]},{"@type":"ImageObject","inLanguage":"it-IT","@id":"https:\/\/www.amstelprinting.nl\/it\/negozio\/borsa-di-studio-evento\/pareti-espositive\/stand-fieristico-de-inhaker\/#primaryimage","url":"https:\/\/www.amstelprinting.nl\/wp-content\/uploads\/de-inhaker-bedrukken2.png","contentUrl":"https:\/\/www.amstelprinting.nl\/wp-content\/uploads\/de-inhaker-bedrukken2.png","width":700,"height":700},{"@type":"BreadcrumbList","@id":"https:\/\/www.amstelprinting.nl\/it\/negozio\/borsa-di-studio-evento\/pareti-espositive\/stand-fieristico-de-inhaker\/#breadcrumb","itemListElement":[{"@type":"ListItem","position":1,"name":"","item":"https:\/\/www.amstelprinting.nl\/it\/"},{"@type":"ListItem","position":2,"name":"Amstel Printing","item":"https:\/\/www.amstelprinting.nl\/it\/negozio\/"},{"@type":"ListItem","position":3,"name":"Pubblicit\u00e0 interna","item":"https:\/\/www.amstelprinting.nl\/it\/categoria\/pubblicita-interna\/"},{"@type":"ListItem","position":4,"name":"Vedere al dettaglio","item":"https:\/\/www.amstelprinting.nl\/it\/categoria\/pubblicita-interna\/vedere-al-dettaglio\/"},{"@type":"ListItem","position":5,"name":"Stand fieristico De Inhaker\u00ae"}]},{"@type":"WebSite","@id":"https:\/\/www.amstelprinting.nl\/it\/#website","url":"https:\/\/www.amstelprinting.nl\/it\/","name":"Amstel Printing","description":"Creating Exposure","publisher":{"@id":"https:\/\/www.amstelprinting.nl\/it\/#organization"},"potentialAction":[{"@type":"SearchAction","target":{"@type":"EntryPoint","urlTemplate":"https:\/\/www.amstelprinting.nl\/it\/?s={search_term_string}"},"query-input":{"@type":"PropertyValueSpecification","valueRequired":true,"valueName":"search_term_string"}}],"inLanguage":"it-IT"},{"@type":"Organization","@id":"https:\/\/www.amstelprinting.nl\/it\/#organization","name":"Amstel Printing","url":"https:\/\/www.amstelprinting.nl\/it\/","logo":{"@type":"ImageObject","inLanguage":"it-IT","@id":"https:\/\/www.amstelprinting.nl\/it\/#\/schema\/logo\/image\/","url":"https:\/\/www.amstelprinting.nl\/wp-content\/uploads\/amstel_printing_logo_clean.png","contentUrl":"https:\/\/www.amstelprinting.nl\/wp-content\/uploads\/amstel_printing_logo_clean.png","width":324,"height":73,"caption":"Amstel Printing"},"image":{"@id":"https:\/\/www.amstelprinting.nl\/it\/#\/schema\/logo\/image\/"}}]}},"_links":{"self":[{"href":"https:\/\/www.amstelprinting.nl\/it\/wp-json\/wp\/v2\/product\/15106","targetHints":{"allow":["GET"]}}],"collection":[{"href":"https:\/\/www.amstelprinting.nl\/it\/wp-json\/wp\/v2\/product"}],"about":[{"href":"https:\/\/www.amstelprinting.nl\/it\/wp-json\/wp\/v2\/types\/product"}],"wp:featuredmedia":[{"embeddable":true,"href":"https:\/\/www.amstelprinting.nl\/it\/wp-json\/wp\/v2\/media\/15107"}],"wp:attachment":[{"href":"https:\/\/www.amstelprinting.nl\/it\/wp-json\/wp\/v2\/media?parent=15106"}],"wp:term":[{"taxonomy":"product_brand","embeddable":true,"href":"https:\/\/www.amstelprinting.nl\/it\/wp-json\/wp\/v2\/product_brand?post=15106"},{"taxonomy":"product_cat","embeddable":true,"href":"https:\/\/www.amstelprinting.nl\/it\/wp-json\/wp\/v2\/product_cat?post=15106"},{"taxonomy":"product_tag","embeddable":true,"href":"https:\/\/www.amstelprinting.nl\/it\/wp-json\/wp\/v2\/product_tag?post=15106"}],"curies":[{"name":"wp","href":"https:\/\/api.w.org\/{rel}","templated":true}]}}