{"id":15126,"date":"2025-01-24T11:23:05","date_gmt":"2025-01-24T10:23:05","guid":{"rendered":"https:\/\/www.amstelprinting.nl\/winkel\/senza-categoria\/ijzerhoudende-folie\/"},"modified":"2026-02-18T12:39:40","modified_gmt":"2026-02-18T11:39:40","slug":"pellicola-ferrosa","status":"publish","type":"product","link":"https:\/\/www.amstelprinting.nl\/it\/negozio\/pubblicita-interna\/vedere-al-dettaglio\/pellicola-ferrosa\/","title":{"rendered":"Pellicola ferrosa"},"content":{"rendered":"<h3>Stampa di pellicola ferrosa<\/h3>\n<p>Che tu voglia trasformare il tuo ufficio o stia cercando modi creativi per trasmettere il tuo messaggio, la nostra pellicola ferrosa offre la flessibilit\u00e0 e la funzionalit\u00e0 di cui hai bisogno. La pellicola \u00e8 una pellicola in poliestere bianco di alta qualit\u00e0 con un rivestimento ferroso nero, appositamente progettata per l&#8217;uso su superfici magnetiche. Nota: questa pellicola ferrosa non \u00e8 quindi un magnete! Per questo \u00e8 necessario ordinare la nostra <a href=\"https:\/\/www.amstelprinting.nl\/it\/negozio\/adesivi-e-stampa\/adesivi-grandi\/adesivo-magnetico\/\">pellicola magnetica<\/a>.<\/p>\n<h3>Materiale<\/h3>\n<p>La pellicola ferrosa ha una larghezza massima di stampa di 123 cm in un unico pezzo. La pellicola \u00e8 facile da montare e riposizionare, il che offre flessibilit\u00e0 nella progettazione e nell&#8217;adattamento dei display magnetici. La pellicola ferrosa \u00e8 riutilizzabile e riciclabile al 100%, il che la rende un prodotto molto sostenibile.<\/p>\n<h3>Perch\u00e9 stampare pellicola ferrosa?<\/h3>\n<ul>\n<li>Inclusa stampa a scelta<\/li>\n<li>Ordinabile nel proprio formato<\/li>\n<li>La pellicola ferrosa \u00e8 riciclabile al 100%<\/li>\n<li>Facile da montare su superfici magnetiche<\/li>\n<li>Sostenibile: facile da riutilizzare pi\u00f9 e pi\u00f9 volte<\/li>\n<\/ul>\n<p>&nbsp;<\/p>\n<h3>Punti di attenzione per la pellicola ferrosa<\/h3>\n<p>La pellicola ferrosa viene talvolta confusa con una pellicola magnetica \/ adesivo magnetico. Questa pellicola ferrosa pu\u00f2 essere applicata esclusivamente su una superficie magnetica.<\/p>\n<h3>Domande frequenti sulla pellicola ferrosa<\/h3>\n<p><strong>La pellicola ferrosa funziona come un magnete?<\/strong><br \/>\nNo, la pellicola ferrosa non \u00e8 la stessa cosa di un magnete. La pellicola ferrosa deve essere applicata su una superficie magnetica. I magneti, al contrario, devono essere applicati su superfici in ferro. La pellicola ferrosa \u00e8 quindi l&#8217;opposto di un magnete.<\/p>\n","protected":false},"excerpt":{"rendered":"<p><span style=\"font-weight: 400;\">La pellicola ferrosa (chiamata anche pellicola ferro) \u00e8 adatta per l&#8217;applicazione <strong>su superfici magnetiche<\/strong>. Ideale per cambiare i visual in modo rapido e semplice. Riutilizzabile e riciclabile al 100%. Dotata di una <strong>stampa nitidissima<\/strong> del tuo design o della tua foto. Le dimensioni di questa pellicola ferrosa le decidi tu.<\/span><\/p>\n","protected":false},"featured_media":15127,"template":"","meta":{"_et_pb_use_builder":"","_et_pb_old_content":"","_et_gb_content_width":""},"product_brand":[],"product_cat":[314,641,378,441],"product_tag":[],"class_list":{"0":"post-15126","1":"product","2":"type-product","3":"status-publish","4":"has-post-thumbnail","6":"product_cat-adesivi-e-stampa","7":"product_cat-manifesti","8":"product_cat-pubblicita-interna","9":"product_cat-vedere-al-dettaglio","11":"first","12":"instock","13":"taxable","14":"shipping-taxable","15":"purchasable","16":"product-type-simple"},"yoast_head":"<!-- This site is optimized with the Yoast SEO plugin v27.3 - https:\/\/yoast.com\/product\/yoast-seo-wordpress\/ -->\n<title>Stampa pellicola ferrosa su misura \u2013 sostenibile e flessibile<\/title>\n<meta name=\"description\" content=\"Ordina la pellicola ferrosa con stampa full color nitidissima, adatta per superfici magnetiche. Riutilizzabile, 100% riciclabile e facile da sostituire\" \/>\n<meta name=\"robots\" content=\"index, follow, max-snippet:-1, max-image-preview:large, max-video-preview:-1\" \/>\n<link rel=\"canonical\" href=\"https:\/\/www.amstelprinting.nl\/it\/negozio\/pubblicita-interna\/vedere-al-dettaglio\/pellicola-ferrosa\/\" \/>\n<meta property=\"og:locale\" content=\"it_IT\" \/>\n<meta property=\"og:type\" content=\"article\" \/>\n<meta property=\"og:title\" content=\"Stampa pellicola ferrosa su misura \u2013 sostenibile e flessibile\" \/>\n<meta property=\"og:description\" content=\"Ordina la pellicola ferrosa con stampa full color nitidissima, adatta per superfici magnetiche. Riutilizzabile, 100% riciclabile e facile da sostituire\" \/>\n<meta property=\"og:url\" content=\"https:\/\/www.amstelprinting.nl\/it\/negozio\/pubblicita-interna\/vedere-al-dettaglio\/pellicola-ferrosa\/\" \/>\n<meta property=\"og:site_name\" content=\"Amstel Printing\" \/>\n<meta property=\"article:modified_time\" content=\"2026-02-18T11:39:40+00:00\" \/>\n<meta property=\"og:image\" content=\"https:\/\/www.amstelprinting.nl\/wp-content\/uploads\/ijzerhoudende-folie-bedrukken.jpg\" \/>\n\t<meta property=\"og:image:width\" content=\"700\" \/>\n\t<meta property=\"og:image:height\" content=\"443\" \/>\n\t<meta property=\"og:image:type\" content=\"image\/jpeg\" \/>\n<meta name=\"twitter:card\" content=\"summary_large_image\" \/>\n<meta name=\"twitter:label1\" content=\"Tempo di lettura stimato\" \/>\n\t<meta name=\"twitter:data1\" content=\"1 minuto\" \/>\n<script type=\"application\/ld+json\" class=\"yoast-schema-graph\">{\"@context\":\"https:\\\/\\\/schema.org\",\"@graph\":[{\"@type\":\"WebPage\",\"@id\":\"https:\\\/\\\/www.amstelprinting.nl\\\/it\\\/negozio\\\/pubblicita-interna\\\/vedere-al-dettaglio\\\/pellicola-ferrosa\\\/\",\"url\":\"https:\\\/\\\/www.amstelprinting.nl\\\/it\\\/negozio\\\/pubblicita-interna\\\/vedere-al-dettaglio\\\/pellicola-ferrosa\\\/\",\"name\":\"Stampa pellicola ferrosa su misura \u2013 sostenibile e flessibile\",\"isPartOf\":{\"@id\":\"https:\\\/\\\/www.amstelprinting.nl\\\/it\\\/#website\"},\"primaryImageOfPage\":{\"@id\":\"https:\\\/\\\/www.amstelprinting.nl\\\/it\\\/negozio\\\/pubblicita-interna\\\/vedere-al-dettaglio\\\/pellicola-ferrosa\\\/#primaryimage\"},\"image\":{\"@id\":\"https:\\\/\\\/www.amstelprinting.nl\\\/it\\\/negozio\\\/pubblicita-interna\\\/vedere-al-dettaglio\\\/pellicola-ferrosa\\\/#primaryimage\"},\"thumbnailUrl\":\"https:\\\/\\\/www.amstelprinting.nl\\\/wp-content\\\/uploads\\\/ijzerhoudende-folie-bedrukken.jpg\",\"datePublished\":\"2025-01-24T10:23:05+00:00\",\"dateModified\":\"2026-02-18T11:39:40+00:00\",\"description\":\"Ordina la pellicola ferrosa con stampa full color nitidissima, adatta per superfici magnetiche. Riutilizzabile, 100% riciclabile e facile da sostituire\",\"breadcrumb\":{\"@id\":\"https:\\\/\\\/www.amstelprinting.nl\\\/it\\\/negozio\\\/pubblicita-interna\\\/vedere-al-dettaglio\\\/pellicola-ferrosa\\\/#breadcrumb\"},\"inLanguage\":\"it-IT\",\"potentialAction\":[{\"@type\":\"ReadAction\",\"target\":[\"https:\\\/\\\/www.amstelprinting.nl\\\/it\\\/negozio\\\/pubblicita-interna\\\/vedere-al-dettaglio\\\/pellicola-ferrosa\\\/\"]}]},{\"@type\":\"ImageObject\",\"inLanguage\":\"it-IT\",\"@id\":\"https:\\\/\\\/www.amstelprinting.nl\\\/it\\\/negozio\\\/pubblicita-interna\\\/vedere-al-dettaglio\\\/pellicola-ferrosa\\\/#primaryimage\",\"url\":\"https:\\\/\\\/www.amstelprinting.nl\\\/wp-content\\\/uploads\\\/ijzerhoudende-folie-bedrukken.jpg\",\"contentUrl\":\"https:\\\/\\\/www.amstelprinting.nl\\\/wp-content\\\/uploads\\\/ijzerhoudende-folie-bedrukken.jpg\",\"width\":700,\"height\":443},{\"@type\":\"BreadcrumbList\",\"@id\":\"https:\\\/\\\/www.amstelprinting.nl\\\/it\\\/negozio\\\/pubblicita-interna\\\/vedere-al-dettaglio\\\/pellicola-ferrosa\\\/#breadcrumb\",\"itemListElement\":[{\"@type\":\"ListItem\",\"position\":1,\"name\":\"\",\"item\":\"https:\\\/\\\/www.amstelprinting.nl\\\/it\\\/\"},{\"@type\":\"ListItem\",\"position\":2,\"name\":\"Amstel Printing\",\"item\":\"https:\\\/\\\/www.amstelprinting.nl\\\/it\\\/negozio\\\/\"},{\"@type\":\"ListItem\",\"position\":3,\"name\":\"Pubblicit\u00e0 interna\",\"item\":\"https:\\\/\\\/www.amstelprinting.nl\\\/it\\\/categoria\\\/pubblicita-interna\\\/\"},{\"@type\":\"ListItem\",\"position\":4,\"name\":\"Vedere al dettaglio\",\"item\":\"https:\\\/\\\/www.amstelprinting.nl\\\/it\\\/categoria\\\/pubblicita-interna\\\/vedere-al-dettaglio\\\/\"},{\"@type\":\"ListItem\",\"position\":5,\"name\":\"Pellicola ferrosa\"}]},{\"@type\":\"WebSite\",\"@id\":\"https:\\\/\\\/www.amstelprinting.nl\\\/it\\\/#website\",\"url\":\"https:\\\/\\\/www.amstelprinting.nl\\\/it\\\/\",\"name\":\"Amstel Printing\",\"description\":\"Creating Exposure\",\"publisher\":{\"@id\":\"https:\\\/\\\/www.amstelprinting.nl\\\/it\\\/#organization\"},\"potentialAction\":[{\"@type\":\"SearchAction\",\"target\":{\"@type\":\"EntryPoint\",\"urlTemplate\":\"https:\\\/\\\/www.amstelprinting.nl\\\/it\\\/?s={search_term_string}\"},\"query-input\":{\"@type\":\"PropertyValueSpecification\",\"valueRequired\":true,\"valueName\":\"search_term_string\"}}],\"inLanguage\":\"it-IT\"},{\"@type\":\"Organization\",\"@id\":\"https:\\\/\\\/www.amstelprinting.nl\\\/it\\\/#organization\",\"name\":\"Amstel Printing\",\"url\":\"https:\\\/\\\/www.amstelprinting.nl\\\/it\\\/\",\"logo\":{\"@type\":\"ImageObject\",\"inLanguage\":\"it-IT\",\"@id\":\"https:\\\/\\\/www.amstelprinting.nl\\\/it\\\/#\\\/schema\\\/logo\\\/image\\\/\",\"url\":\"https:\\\/\\\/www.amstelprinting.nl\\\/wp-content\\\/uploads\\\/amstel_printing_logo_clean.png\",\"contentUrl\":\"https:\\\/\\\/www.amstelprinting.nl\\\/wp-content\\\/uploads\\\/amstel_printing_logo_clean.png\",\"width\":324,\"height\":73,\"caption\":\"Amstel Printing\"},\"image\":{\"@id\":\"https:\\\/\\\/www.amstelprinting.nl\\\/it\\\/#\\\/schema\\\/logo\\\/image\\\/\"}}]}<\/script>\n<!-- \/ Yoast SEO plugin. -->","yoast_head_json":{"title":"Stampa pellicola ferrosa su misura \u2013 sostenibile e flessibile","description":"Ordina la pellicola ferrosa con stampa full color nitidissima, adatta per superfici magnetiche. Riutilizzabile, 100% riciclabile e facile da sostituire","robots":{"index":"index","follow":"follow","max-snippet":"max-snippet:-1","max-image-preview":"max-image-preview:large","max-video-preview":"max-video-preview:-1"},"canonical":"https:\/\/www.amstelprinting.nl\/it\/negozio\/pubblicita-interna\/vedere-al-dettaglio\/pellicola-ferrosa\/","og_locale":"it_IT","og_type":"article","og_title":"Stampa pellicola ferrosa su misura \u2013 sostenibile e flessibile","og_description":"Ordina la pellicola ferrosa con stampa full color nitidissima, adatta per superfici magnetiche. Riutilizzabile, 100% riciclabile e facile da sostituire","og_url":"https:\/\/www.amstelprinting.nl\/it\/negozio\/pubblicita-interna\/vedere-al-dettaglio\/pellicola-ferrosa\/","og_site_name":"Amstel Printing","article_modified_time":"2026-02-18T11:39:40+00:00","og_image":[{"width":700,"height":443,"url":"https:\/\/www.amstelprinting.nl\/wp-content\/uploads\/ijzerhoudende-folie-bedrukken.jpg","type":"image\/jpeg"}],"twitter_card":"summary_large_image","twitter_misc":{"Tempo di lettura stimato":"1 minuto"},"schema":{"@context":"https:\/\/schema.org","@graph":[{"@type":"WebPage","@id":"https:\/\/www.amstelprinting.nl\/it\/negozio\/pubblicita-interna\/vedere-al-dettaglio\/pellicola-ferrosa\/","url":"https:\/\/www.amstelprinting.nl\/it\/negozio\/pubblicita-interna\/vedere-al-dettaglio\/pellicola-ferrosa\/","name":"Stampa pellicola ferrosa su misura \u2013 sostenibile e flessibile","isPartOf":{"@id":"https:\/\/www.amstelprinting.nl\/it\/#website"},"primaryImageOfPage":{"@id":"https:\/\/www.amstelprinting.nl\/it\/negozio\/pubblicita-interna\/vedere-al-dettaglio\/pellicola-ferrosa\/#primaryimage"},"image":{"@id":"https:\/\/www.amstelprinting.nl\/it\/negozio\/pubblicita-interna\/vedere-al-dettaglio\/pellicola-ferrosa\/#primaryimage"},"thumbnailUrl":"https:\/\/www.amstelprinting.nl\/wp-content\/uploads\/ijzerhoudende-folie-bedrukken.jpg","datePublished":"2025-01-24T10:23:05+00:00","dateModified":"2026-02-18T11:39:40+00:00","description":"Ordina la pellicola ferrosa con stampa full color nitidissima, adatta per superfici magnetiche. Riutilizzabile, 100% riciclabile e facile da sostituire","breadcrumb":{"@id":"https:\/\/www.amstelprinting.nl\/it\/negozio\/pubblicita-interna\/vedere-al-dettaglio\/pellicola-ferrosa\/#breadcrumb"},"inLanguage":"it-IT","potentialAction":[{"@type":"ReadAction","target":["https:\/\/www.amstelprinting.nl\/it\/negozio\/pubblicita-interna\/vedere-al-dettaglio\/pellicola-ferrosa\/"]}]},{"@type":"ImageObject","inLanguage":"it-IT","@id":"https:\/\/www.amstelprinting.nl\/it\/negozio\/pubblicita-interna\/vedere-al-dettaglio\/pellicola-ferrosa\/#primaryimage","url":"https:\/\/www.amstelprinting.nl\/wp-content\/uploads\/ijzerhoudende-folie-bedrukken.jpg","contentUrl":"https:\/\/www.amstelprinting.nl\/wp-content\/uploads\/ijzerhoudende-folie-bedrukken.jpg","width":700,"height":443},{"@type":"BreadcrumbList","@id":"https:\/\/www.amstelprinting.nl\/it\/negozio\/pubblicita-interna\/vedere-al-dettaglio\/pellicola-ferrosa\/#breadcrumb","itemListElement":[{"@type":"ListItem","position":1,"name":"","item":"https:\/\/www.amstelprinting.nl\/it\/"},{"@type":"ListItem","position":2,"name":"Amstel Printing","item":"https:\/\/www.amstelprinting.nl\/it\/negozio\/"},{"@type":"ListItem","position":3,"name":"Pubblicit\u00e0 interna","item":"https:\/\/www.amstelprinting.nl\/it\/categoria\/pubblicita-interna\/"},{"@type":"ListItem","position":4,"name":"Vedere al dettaglio","item":"https:\/\/www.amstelprinting.nl\/it\/categoria\/pubblicita-interna\/vedere-al-dettaglio\/"},{"@type":"ListItem","position":5,"name":"Pellicola ferrosa"}]},{"@type":"WebSite","@id":"https:\/\/www.amstelprinting.nl\/it\/#website","url":"https:\/\/www.amstelprinting.nl\/it\/","name":"Amstel Printing","description":"Creating Exposure","publisher":{"@id":"https:\/\/www.amstelprinting.nl\/it\/#organization"},"potentialAction":[{"@type":"SearchAction","target":{"@type":"EntryPoint","urlTemplate":"https:\/\/www.amstelprinting.nl\/it\/?s={search_term_string}"},"query-input":{"@type":"PropertyValueSpecification","valueRequired":true,"valueName":"search_term_string"}}],"inLanguage":"it-IT"},{"@type":"Organization","@id":"https:\/\/www.amstelprinting.nl\/it\/#organization","name":"Amstel Printing","url":"https:\/\/www.amstelprinting.nl\/it\/","logo":{"@type":"ImageObject","inLanguage":"it-IT","@id":"https:\/\/www.amstelprinting.nl\/it\/#\/schema\/logo\/image\/","url":"https:\/\/www.amstelprinting.nl\/wp-content\/uploads\/amstel_printing_logo_clean.png","contentUrl":"https:\/\/www.amstelprinting.nl\/wp-content\/uploads\/amstel_printing_logo_clean.png","width":324,"height":73,"caption":"Amstel Printing"},"image":{"@id":"https:\/\/www.amstelprinting.nl\/it\/#\/schema\/logo\/image\/"}}]}},"_links":{"self":[{"href":"https:\/\/www.amstelprinting.nl\/it\/wp-json\/wp\/v2\/product\/15126","targetHints":{"allow":["GET"]}}],"collection":[{"href":"https:\/\/www.amstelprinting.nl\/it\/wp-json\/wp\/v2\/product"}],"about":[{"href":"https:\/\/www.amstelprinting.nl\/it\/wp-json\/wp\/v2\/types\/product"}],"wp:featuredmedia":[{"embeddable":true,"href":"https:\/\/www.amstelprinting.nl\/it\/wp-json\/wp\/v2\/media\/15127"}],"wp:attachment":[{"href":"https:\/\/www.amstelprinting.nl\/it\/wp-json\/wp\/v2\/media?parent=15126"}],"wp:term":[{"taxonomy":"product_brand","embeddable":true,"href":"https:\/\/www.amstelprinting.nl\/it\/wp-json\/wp\/v2\/product_brand?post=15126"},{"taxonomy":"product_cat","embeddable":true,"href":"https:\/\/www.amstelprinting.nl\/it\/wp-json\/wp\/v2\/product_cat?post=15126"},{"taxonomy":"product_tag","embeddable":true,"href":"https:\/\/www.amstelprinting.nl\/it\/wp-json\/wp\/v2\/product_tag?post=15126"}],"curies":[{"name":"wp","href":"https:\/\/api.w.org\/{rel}","templated":true}]}}