{"id":15139,"date":"2025-01-24T11:23:02","date_gmt":"2025-01-24T10:23:02","guid":{"rendered":"https:\/\/www.amstelprinting.nl\/winkel\/senza-categoria\/detectiepoorthoes\/"},"modified":"2026-02-18T12:39:41","modified_gmt":"2026-02-18T11:39:41","slug":"copertura-per-portale-antitaccheggio","status":"publish","type":"product","link":"https:\/\/www.amstelprinting.nl\/it\/negozio\/pubblicita-interna\/vedere-al-dettaglio\/copertura-per-portale-antitaccheggio\/","title":{"rendered":"Copertura per portale antitaccheggio"},"content":{"rendered":"<h3>Stampa di coperture per portali antitaccheggio<\/h3>\n<p>Scopri la versatilit\u00e0 della nostra copertura per portali rilevatori, nota anche come alarm cover. La copertura non solo protegge il portale rilevatore, ma trasmette anche il tuo messaggio in modo professionale. Quindi, che tu stia cercando funzionalit\u00e0 o un&#8217;aggiunta di stile per il tuo sistema di sicurezza: l&#8217;alarm cover lo rende possibile! Adatta le dimensioni al tuo specifico portale rilevatore (vedi anche le istruzioni di misurazione). Puoi scegliere tra diversi design per il fronte e il retro.<\/p>\n<h3>Vantaggi<\/h3>\n<ul>\n<li>Offre protezione e stile<\/li>\n<li>Stampa nitidissima su due lati<\/li>\n<li>Nuova stampa facile per ogni stagione o promozione<\/li>\n<li>Formato adattabile al tuo portale rilevatore<\/li>\n<li>Dotato di certificazione B1 (materiale ignifugo)<\/li>\n<\/ul>\n<p>&nbsp;<\/p>\n<h3>Materiale<\/h3>\n<p>La nostra copertura per portali antitaccheggio \u00e8 realizzata in Dekostof, un materiale durevole che garantisce un&#8217;ottima vestibilit\u00e0 e una facile manutenzione. Il tessuto \u00e8 elastico, il che lo rende facile da applicare sul portale rilevatore. Puoi scegliere tra fili bianchi o neri per adattare la copertura all&#8217;interno del negozio o ai colori aziendali.<\/p>\n<p><strong>Sicurezza antincendio<\/strong> &#8211; Le coperture per portali rilevatori soddisfano inoltre gli standard di sicurezza antincendio grazie al certificato B1. Grazie al materiale elastico, la copertura \u00e8 facile da infilare sul portale.<\/p>\n<p>Pronto per aggiornare il tuo portale rilevatore? Dai un nuovo look alla tua barriera di sicurezza con la nostra versatile e funzionale copertura per portali antitaccheggio. Non protegge solo il tuo sistema di allarme, ma l&#8217;alarm cover stampata valorizza anche l&#8217;aspetto di ogni ingresso!<\/p>\n<h3>Domande frequenti sulle coperture per portali antitaccheggio<\/h3>\n<p><strong>La copertura per portali antitaccheggio pu\u00f2 essere lavata?<\/strong><br \/>\nS\u00ec, la copertura (alarm cover) pu\u00f2 essere lavata a 30 gradi con un detersivo delicato. Non adatta all&#8217;asciugatrice!<\/p>\n","protected":false},"excerpt":{"rendered":"<h3>Copertura elastica con stampa per portali antitaccheggio.<\/h3>\n<p>Splendida copertura elastica dotata di stampa fronte-retro del tuo design o della tua immagine. La copertura per portali rilevatori \u00e8 chiamata anche alarm cover ed \u00e8 disponibile in qualsiasi dimensione desiderata (vedi anche le istruzioni di misurazione). Spesso stampiamo l&#8217;alarm cover entro 3 giorni lavorativi. Componi la tua copertura per portali rilevatori qui sotto in pochi passaggi!<\/p>\n","protected":false},"featured_media":15141,"template":"","meta":{"_et_pb_use_builder":"","_et_pb_old_content":"","_et_gb_content_width":""},"product_brand":[],"product_cat":[378,441],"product_tag":[],"class_list":{"0":"post-15139","1":"product","2":"type-product","3":"status-publish","4":"has-post-thumbnail","6":"product_cat-pubblicita-interna","7":"product_cat-vedere-al-dettaglio","9":"first","10":"instock","11":"taxable","12":"shipping-taxable","13":"purchasable","14":"product-type-simple"},"yoast_head":"<!-- This site is optimized with the Yoast SEO plugin v27.3 - https:\/\/yoast.com\/product\/yoast-seo-wordpress\/ -->\n<title>Copertura per portale antitaccheggio \u2013 Proteggi e rafforza il tuo marchio con stile<\/title>\n<meta name=\"description\" content=\"Dai alla tua barriera di sicurezza un aspetto professionale con una copertura personalizzata per portali rilevatori. Stampe fronte-retro nitidissime, vestibilit\u00e0 perfetta e ignifughe.\" \/>\n<meta name=\"robots\" content=\"index, follow, max-snippet:-1, max-image-preview:large, max-video-preview:-1\" \/>\n<link rel=\"canonical\" href=\"https:\/\/www.amstelprinting.nl\/it\/negozio\/pubblicita-interna\/vedere-al-dettaglio\/copertura-per-portale-antitaccheggio\/\" \/>\n<meta property=\"og:locale\" content=\"it_IT\" \/>\n<meta property=\"og:type\" content=\"article\" \/>\n<meta property=\"og:title\" content=\"Copertura per portale antitaccheggio \u2013 Proteggi e rafforza il tuo marchio con stile\" \/>\n<meta property=\"og:description\" content=\"Dai alla tua barriera di sicurezza un aspetto professionale con una copertura personalizzata per portali rilevatori. Stampe fronte-retro nitidissime, vestibilit\u00e0 perfetta e ignifughe.\" \/>\n<meta property=\"og:url\" content=\"https:\/\/www.amstelprinting.nl\/it\/negozio\/pubblicita-interna\/vedere-al-dettaglio\/copertura-per-portale-antitaccheggio\/\" \/>\n<meta property=\"og:site_name\" content=\"Amstel Printing\" \/>\n<meta property=\"article:modified_time\" content=\"2026-02-18T11:39:41+00:00\" \/>\n<meta property=\"og:image\" content=\"https:\/\/www.amstelprinting.nl\/wp-content\/uploads\/detectiepoort-hoes-bedrukken-4.png\" \/>\n\t<meta property=\"og:image:width\" content=\"900\" \/>\n\t<meta property=\"og:image:height\" content=\"900\" \/>\n\t<meta property=\"og:image:type\" content=\"image\/png\" \/>\n<meta name=\"twitter:card\" content=\"summary_large_image\" \/>\n<meta name=\"twitter:label1\" content=\"Tempo di lettura stimato\" \/>\n\t<meta name=\"twitter:data1\" content=\"1 minuto\" \/>\n<script type=\"application\/ld+json\" class=\"yoast-schema-graph\">{\"@context\":\"https:\\\/\\\/schema.org\",\"@graph\":[{\"@type\":\"WebPage\",\"@id\":\"https:\\\/\\\/www.amstelprinting.nl\\\/it\\\/negozio\\\/pubblicita-interna\\\/vedere-al-dettaglio\\\/copertura-per-portale-antitaccheggio\\\/\",\"url\":\"https:\\\/\\\/www.amstelprinting.nl\\\/it\\\/negozio\\\/pubblicita-interna\\\/vedere-al-dettaglio\\\/copertura-per-portale-antitaccheggio\\\/\",\"name\":\"Copertura per portale antitaccheggio \u2013 Proteggi e rafforza il tuo marchio con stile\",\"isPartOf\":{\"@id\":\"https:\\\/\\\/www.amstelprinting.nl\\\/it\\\/#website\"},\"primaryImageOfPage\":{\"@id\":\"https:\\\/\\\/www.amstelprinting.nl\\\/it\\\/negozio\\\/pubblicita-interna\\\/vedere-al-dettaglio\\\/copertura-per-portale-antitaccheggio\\\/#primaryimage\"},\"image\":{\"@id\":\"https:\\\/\\\/www.amstelprinting.nl\\\/it\\\/negozio\\\/pubblicita-interna\\\/vedere-al-dettaglio\\\/copertura-per-portale-antitaccheggio\\\/#primaryimage\"},\"thumbnailUrl\":\"https:\\\/\\\/www.amstelprinting.nl\\\/wp-content\\\/uploads\\\/detectiepoort-hoes-bedrukken-4.png\",\"datePublished\":\"2025-01-24T10:23:02+00:00\",\"dateModified\":\"2026-02-18T11:39:41+00:00\",\"description\":\"Dai alla tua barriera di sicurezza un aspetto professionale con una copertura personalizzata per portali rilevatori. Stampe fronte-retro nitidissime, vestibilit\u00e0 perfetta e ignifughe.\",\"breadcrumb\":{\"@id\":\"https:\\\/\\\/www.amstelprinting.nl\\\/it\\\/negozio\\\/pubblicita-interna\\\/vedere-al-dettaglio\\\/copertura-per-portale-antitaccheggio\\\/#breadcrumb\"},\"inLanguage\":\"it-IT\",\"potentialAction\":[{\"@type\":\"ReadAction\",\"target\":[\"https:\\\/\\\/www.amstelprinting.nl\\\/it\\\/negozio\\\/pubblicita-interna\\\/vedere-al-dettaglio\\\/copertura-per-portale-antitaccheggio\\\/\"]}]},{\"@type\":\"ImageObject\",\"inLanguage\":\"it-IT\",\"@id\":\"https:\\\/\\\/www.amstelprinting.nl\\\/it\\\/negozio\\\/pubblicita-interna\\\/vedere-al-dettaglio\\\/copertura-per-portale-antitaccheggio\\\/#primaryimage\",\"url\":\"https:\\\/\\\/www.amstelprinting.nl\\\/wp-content\\\/uploads\\\/detectiepoort-hoes-bedrukken-4.png\",\"contentUrl\":\"https:\\\/\\\/www.amstelprinting.nl\\\/wp-content\\\/uploads\\\/detectiepoort-hoes-bedrukken-4.png\",\"width\":900,\"height\":900},{\"@type\":\"BreadcrumbList\",\"@id\":\"https:\\\/\\\/www.amstelprinting.nl\\\/it\\\/negozio\\\/pubblicita-interna\\\/vedere-al-dettaglio\\\/copertura-per-portale-antitaccheggio\\\/#breadcrumb\",\"itemListElement\":[{\"@type\":\"ListItem\",\"position\":1,\"name\":\"\",\"item\":\"https:\\\/\\\/www.amstelprinting.nl\\\/it\\\/\"},{\"@type\":\"ListItem\",\"position\":2,\"name\":\"Amstel Printing\",\"item\":\"https:\\\/\\\/www.amstelprinting.nl\\\/it\\\/negozio\\\/\"},{\"@type\":\"ListItem\",\"position\":3,\"name\":\"Pubblicit\u00e0 interna\",\"item\":\"https:\\\/\\\/www.amstelprinting.nl\\\/it\\\/categoria\\\/pubblicita-interna\\\/\"},{\"@type\":\"ListItem\",\"position\":4,\"name\":\"Vedere al dettaglio\",\"item\":\"https:\\\/\\\/www.amstelprinting.nl\\\/it\\\/categoria\\\/pubblicita-interna\\\/vedere-al-dettaglio\\\/\"},{\"@type\":\"ListItem\",\"position\":5,\"name\":\"Copertura per portale antitaccheggio\"}]},{\"@type\":\"WebSite\",\"@id\":\"https:\\\/\\\/www.amstelprinting.nl\\\/it\\\/#website\",\"url\":\"https:\\\/\\\/www.amstelprinting.nl\\\/it\\\/\",\"name\":\"Amstel Printing\",\"description\":\"Creating Exposure\",\"publisher\":{\"@id\":\"https:\\\/\\\/www.amstelprinting.nl\\\/it\\\/#organization\"},\"potentialAction\":[{\"@type\":\"SearchAction\",\"target\":{\"@type\":\"EntryPoint\",\"urlTemplate\":\"https:\\\/\\\/www.amstelprinting.nl\\\/it\\\/?s={search_term_string}\"},\"query-input\":{\"@type\":\"PropertyValueSpecification\",\"valueRequired\":true,\"valueName\":\"search_term_string\"}}],\"inLanguage\":\"it-IT\"},{\"@type\":\"Organization\",\"@id\":\"https:\\\/\\\/www.amstelprinting.nl\\\/it\\\/#organization\",\"name\":\"Amstel Printing\",\"url\":\"https:\\\/\\\/www.amstelprinting.nl\\\/it\\\/\",\"logo\":{\"@type\":\"ImageObject\",\"inLanguage\":\"it-IT\",\"@id\":\"https:\\\/\\\/www.amstelprinting.nl\\\/it\\\/#\\\/schema\\\/logo\\\/image\\\/\",\"url\":\"https:\\\/\\\/www.amstelprinting.nl\\\/wp-content\\\/uploads\\\/amstel_printing_logo_clean.png\",\"contentUrl\":\"https:\\\/\\\/www.amstelprinting.nl\\\/wp-content\\\/uploads\\\/amstel_printing_logo_clean.png\",\"width\":324,\"height\":73,\"caption\":\"Amstel Printing\"},\"image\":{\"@id\":\"https:\\\/\\\/www.amstelprinting.nl\\\/it\\\/#\\\/schema\\\/logo\\\/image\\\/\"}}]}<\/script>\n<!-- \/ Yoast SEO plugin. -->","yoast_head_json":{"title":"Copertura per portale antitaccheggio \u2013 Proteggi e rafforza il tuo marchio con stile","description":"Dai alla tua barriera di sicurezza un aspetto professionale con una copertura personalizzata per portali rilevatori. Stampe fronte-retro nitidissime, vestibilit\u00e0 perfetta e ignifughe.","robots":{"index":"index","follow":"follow","max-snippet":"max-snippet:-1","max-image-preview":"max-image-preview:large","max-video-preview":"max-video-preview:-1"},"canonical":"https:\/\/www.amstelprinting.nl\/it\/negozio\/pubblicita-interna\/vedere-al-dettaglio\/copertura-per-portale-antitaccheggio\/","og_locale":"it_IT","og_type":"article","og_title":"Copertura per portale antitaccheggio \u2013 Proteggi e rafforza il tuo marchio con stile","og_description":"Dai alla tua barriera di sicurezza un aspetto professionale con una copertura personalizzata per portali rilevatori. Stampe fronte-retro nitidissime, vestibilit\u00e0 perfetta e ignifughe.","og_url":"https:\/\/www.amstelprinting.nl\/it\/negozio\/pubblicita-interna\/vedere-al-dettaglio\/copertura-per-portale-antitaccheggio\/","og_site_name":"Amstel Printing","article_modified_time":"2026-02-18T11:39:41+00:00","og_image":[{"width":900,"height":900,"url":"https:\/\/www.amstelprinting.nl\/wp-content\/uploads\/detectiepoort-hoes-bedrukken-4.png","type":"image\/png"}],"twitter_card":"summary_large_image","twitter_misc":{"Tempo di lettura stimato":"1 minuto"},"schema":{"@context":"https:\/\/schema.org","@graph":[{"@type":"WebPage","@id":"https:\/\/www.amstelprinting.nl\/it\/negozio\/pubblicita-interna\/vedere-al-dettaglio\/copertura-per-portale-antitaccheggio\/","url":"https:\/\/www.amstelprinting.nl\/it\/negozio\/pubblicita-interna\/vedere-al-dettaglio\/copertura-per-portale-antitaccheggio\/","name":"Copertura per portale antitaccheggio \u2013 Proteggi e rafforza il tuo marchio con stile","isPartOf":{"@id":"https:\/\/www.amstelprinting.nl\/it\/#website"},"primaryImageOfPage":{"@id":"https:\/\/www.amstelprinting.nl\/it\/negozio\/pubblicita-interna\/vedere-al-dettaglio\/copertura-per-portale-antitaccheggio\/#primaryimage"},"image":{"@id":"https:\/\/www.amstelprinting.nl\/it\/negozio\/pubblicita-interna\/vedere-al-dettaglio\/copertura-per-portale-antitaccheggio\/#primaryimage"},"thumbnailUrl":"https:\/\/www.amstelprinting.nl\/wp-content\/uploads\/detectiepoort-hoes-bedrukken-4.png","datePublished":"2025-01-24T10:23:02+00:00","dateModified":"2026-02-18T11:39:41+00:00","description":"Dai alla tua barriera di sicurezza un aspetto professionale con una copertura personalizzata per portali rilevatori. Stampe fronte-retro nitidissime, vestibilit\u00e0 perfetta e ignifughe.","breadcrumb":{"@id":"https:\/\/www.amstelprinting.nl\/it\/negozio\/pubblicita-interna\/vedere-al-dettaglio\/copertura-per-portale-antitaccheggio\/#breadcrumb"},"inLanguage":"it-IT","potentialAction":[{"@type":"ReadAction","target":["https:\/\/www.amstelprinting.nl\/it\/negozio\/pubblicita-interna\/vedere-al-dettaglio\/copertura-per-portale-antitaccheggio\/"]}]},{"@type":"ImageObject","inLanguage":"it-IT","@id":"https:\/\/www.amstelprinting.nl\/it\/negozio\/pubblicita-interna\/vedere-al-dettaglio\/copertura-per-portale-antitaccheggio\/#primaryimage","url":"https:\/\/www.amstelprinting.nl\/wp-content\/uploads\/detectiepoort-hoes-bedrukken-4.png","contentUrl":"https:\/\/www.amstelprinting.nl\/wp-content\/uploads\/detectiepoort-hoes-bedrukken-4.png","width":900,"height":900},{"@type":"BreadcrumbList","@id":"https:\/\/www.amstelprinting.nl\/it\/negozio\/pubblicita-interna\/vedere-al-dettaglio\/copertura-per-portale-antitaccheggio\/#breadcrumb","itemListElement":[{"@type":"ListItem","position":1,"name":"","item":"https:\/\/www.amstelprinting.nl\/it\/"},{"@type":"ListItem","position":2,"name":"Amstel Printing","item":"https:\/\/www.amstelprinting.nl\/it\/negozio\/"},{"@type":"ListItem","position":3,"name":"Pubblicit\u00e0 interna","item":"https:\/\/www.amstelprinting.nl\/it\/categoria\/pubblicita-interna\/"},{"@type":"ListItem","position":4,"name":"Vedere al dettaglio","item":"https:\/\/www.amstelprinting.nl\/it\/categoria\/pubblicita-interna\/vedere-al-dettaglio\/"},{"@type":"ListItem","position":5,"name":"Copertura per portale antitaccheggio"}]},{"@type":"WebSite","@id":"https:\/\/www.amstelprinting.nl\/it\/#website","url":"https:\/\/www.amstelprinting.nl\/it\/","name":"Amstel Printing","description":"Creating Exposure","publisher":{"@id":"https:\/\/www.amstelprinting.nl\/it\/#organization"},"potentialAction":[{"@type":"SearchAction","target":{"@type":"EntryPoint","urlTemplate":"https:\/\/www.amstelprinting.nl\/it\/?s={search_term_string}"},"query-input":{"@type":"PropertyValueSpecification","valueRequired":true,"valueName":"search_term_string"}}],"inLanguage":"it-IT"},{"@type":"Organization","@id":"https:\/\/www.amstelprinting.nl\/it\/#organization","name":"Amstel Printing","url":"https:\/\/www.amstelprinting.nl\/it\/","logo":{"@type":"ImageObject","inLanguage":"it-IT","@id":"https:\/\/www.amstelprinting.nl\/it\/#\/schema\/logo\/image\/","url":"https:\/\/www.amstelprinting.nl\/wp-content\/uploads\/amstel_printing_logo_clean.png","contentUrl":"https:\/\/www.amstelprinting.nl\/wp-content\/uploads\/amstel_printing_logo_clean.png","width":324,"height":73,"caption":"Amstel Printing"},"image":{"@id":"https:\/\/www.amstelprinting.nl\/it\/#\/schema\/logo\/image\/"}}]}},"_links":{"self":[{"href":"https:\/\/www.amstelprinting.nl\/it\/wp-json\/wp\/v2\/product\/15139","targetHints":{"allow":["GET"]}}],"collection":[{"href":"https:\/\/www.amstelprinting.nl\/it\/wp-json\/wp\/v2\/product"}],"about":[{"href":"https:\/\/www.amstelprinting.nl\/it\/wp-json\/wp\/v2\/types\/product"}],"wp:featuredmedia":[{"embeddable":true,"href":"https:\/\/www.amstelprinting.nl\/it\/wp-json\/wp\/v2\/media\/15141"}],"wp:attachment":[{"href":"https:\/\/www.amstelprinting.nl\/it\/wp-json\/wp\/v2\/media?parent=15139"}],"wp:term":[{"taxonomy":"product_brand","embeddable":true,"href":"https:\/\/www.amstelprinting.nl\/it\/wp-json\/wp\/v2\/product_brand?post=15139"},{"taxonomy":"product_cat","embeddable":true,"href":"https:\/\/www.amstelprinting.nl\/it\/wp-json\/wp\/v2\/product_cat?post=15139"},{"taxonomy":"product_tag","embeddable":true,"href":"https:\/\/www.amstelprinting.nl\/it\/wp-json\/wp\/v2\/product_tag?post=15139"}],"curies":[{"name":"wp","href":"https:\/\/api.w.org\/{rel}","templated":true}]}}