{"id":15151,"date":"2025-01-24T11:22:55","date_gmt":"2025-01-24T10:22:55","guid":{"rendered":"https:\/\/www.amstelprinting.nl\/winkel\/senza-categoria\/gebogen-pop-up-wand\/"},"modified":"2026-02-18T12:39:42","modified_gmt":"2026-02-18T11:39:42","slug":"parete-pop-up-curva","status":"publish","type":"product","link":"https:\/\/www.amstelprinting.nl\/it\/negozio\/borsa-di-studio-evento\/pareti-espositive\/parete-pop-up-curva\/","title":{"rendered":"Parete pop-up curva"},"content":{"rendered":"<h3>Formati: Medium o Large<\/h3>\n<p>Scegli tra due formati:<\/p>\n<ul>\n<li>Medium, con una stampa di 335,8 cm x 225,6 cm<\/li>\n<li>Large, con una stampa di 405,8 cm x 225,6 cm<\/li>\n<\/ul>\n<p>&nbsp;<\/p>\n<h3>Stampa della parete pop-up curva: template<\/h3>\n<p>Nella sezione Download \u00e8 possibile scaricare i template per entrambe le dimensioni. \u00c8 inoltre possibile caricare facilmente il proprio design durante il processo d&#8217;ordine. Scegliete un design o una foto personalizzati, oppure optate per uno dei nostri 20.000 motivi standard.<\/p>\n<h3>Materiale del sistema<\/h3>\n<p>La nostra parete pop-up curva \u00e8 realizzata in PVC flessibile di alta qualit\u00e0, un materiale che eccelle sia per flessibilit\u00e0 che per durata. Il materiale \u00e8 inoltre facile da mantenere e pulire, rendendolo ideale per il riutilizzo e l&#8217;uso a lungo termine.<\/p>\n<h3>Montaggio della parete pop-up curva<\/h3>\n<p>Ogni parete pop-up \u00e8 accuratamente rifinita con un profilo di sospensione e strisce magnetiche. Ci\u00f2 garantisce un montaggio rapido e semplice, in cui il telo rimane in posizione senza fatica e offre una presentazione impeccabile senza pieghe o grinze.<\/p>\n<h3>Stoccaggio e trasporto<\/h3>\n<p>La parete espositiva pop-up curva viene fornita con un trolley mobile, che consente di trasportarla facilmente al prossimo evento o fiera. Inoltre, sono disponibili vari accessori, tra cui l&#8217;illuminazione a LED per una visibilit\u00e0 ottimale.<\/p>\n","protected":false},"excerpt":{"rendered":"<h3>Parete espositiva completa. Compatta: trolley incluso.<\/h3>\n<p>Impressiona il tuo pubblico con la nostra parete pop-up curva, una combinazione perfetta di semplicit\u00e0 e impatto. La parete espositiva curva \u00e8 progettata per un&#8217;installazione senza sforzo ed \u00e8 anche facile da trasportare grazie al trolley incluso. Scegli tra un set completo con telo e struttura o ordina solo il telo sfuso.<\/p>\n","protected":false},"featured_media":15152,"template":"","meta":{"_et_pb_use_builder":"","_et_pb_old_content":"","_et_gb_content_width":""},"product_brand":[],"product_cat":[430,412],"product_tag":[],"class_list":{"0":"post-15151","1":"product","2":"type-product","3":"status-publish","4":"has-post-thumbnail","6":"product_cat-borsa-di-studio-evento","7":"product_cat-pareti-espositive","9":"first","10":"instock","11":"taxable","12":"shipping-taxable","13":"purchasable","14":"product-type-simple"},"yoast_head":"<!-- This site is optimized with the Yoast SEO plugin v27.3 - https:\/\/yoast.com\/product\/yoast-seo-wordpress\/ -->\n<title>Parete Pop-up Curva \u2013 Montaggio Rapido &amp; Presentazione Professionale<\/title>\n<meta name=\"description\" content=\"Crea un&#039;esperienza di marca impressionante con la parete pop-up curva flessibile. Stampe nitide in quadricromia \u2013 perfetta per ogni evento aziendale.\" \/>\n<meta name=\"robots\" content=\"index, follow, max-snippet:-1, max-image-preview:large, max-video-preview:-1\" \/>\n<link rel=\"canonical\" href=\"https:\/\/www.amstelprinting.nl\/it\/negozio\/borsa-di-studio-evento\/pareti-espositive\/parete-pop-up-curva\/\" \/>\n<meta property=\"og:locale\" content=\"it_IT\" \/>\n<meta property=\"og:type\" content=\"article\" \/>\n<meta property=\"og:title\" content=\"Parete Pop-up Curva \u2013 Montaggio Rapido &amp; Presentazione Professionale\" \/>\n<meta property=\"og:description\" content=\"Crea un&#039;esperienza di marca impressionante con la parete pop-up curva flessibile. Stampe nitide in quadricromia \u2013 perfetta per ogni evento aziendale.\" \/>\n<meta property=\"og:url\" content=\"https:\/\/www.amstelprinting.nl\/it\/negozio\/borsa-di-studio-evento\/pareti-espositive\/parete-pop-up-curva\/\" \/>\n<meta property=\"og:site_name\" content=\"Amstel Printing\" \/>\n<meta property=\"article:modified_time\" content=\"2026-02-18T11:39:42+00:00\" \/>\n<meta property=\"og:image\" content=\"https:\/\/www.amstelprinting.nl\/wp-content\/uploads\/gebogen-pop-up-wand-bedrukken.png\" \/>\n\t<meta property=\"og:image:width\" content=\"900\" \/>\n\t<meta property=\"og:image:height\" content=\"900\" \/>\n\t<meta property=\"og:image:type\" content=\"image\/png\" \/>\n<meta name=\"twitter:card\" content=\"summary_large_image\" \/>\n<meta name=\"twitter:label1\" content=\"Tempo di lettura stimato\" \/>\n\t<meta name=\"twitter:data1\" content=\"1 minuto\" \/>\n<script type=\"application\/ld+json\" class=\"yoast-schema-graph\">{\"@context\":\"https:\\\/\\\/schema.org\",\"@graph\":[{\"@type\":\"WebPage\",\"@id\":\"https:\\\/\\\/www.amstelprinting.nl\\\/it\\\/negozio\\\/borsa-di-studio-evento\\\/pareti-espositive\\\/parete-pop-up-curva\\\/\",\"url\":\"https:\\\/\\\/www.amstelprinting.nl\\\/it\\\/negozio\\\/borsa-di-studio-evento\\\/pareti-espositive\\\/parete-pop-up-curva\\\/\",\"name\":\"Parete Pop-up Curva \u2013 Montaggio Rapido & Presentazione Professionale\",\"isPartOf\":{\"@id\":\"https:\\\/\\\/www.amstelprinting.nl\\\/it\\\/#website\"},\"primaryImageOfPage\":{\"@id\":\"https:\\\/\\\/www.amstelprinting.nl\\\/it\\\/negozio\\\/borsa-di-studio-evento\\\/pareti-espositive\\\/parete-pop-up-curva\\\/#primaryimage\"},\"image\":{\"@id\":\"https:\\\/\\\/www.amstelprinting.nl\\\/it\\\/negozio\\\/borsa-di-studio-evento\\\/pareti-espositive\\\/parete-pop-up-curva\\\/#primaryimage\"},\"thumbnailUrl\":\"https:\\\/\\\/www.amstelprinting.nl\\\/wp-content\\\/uploads\\\/gebogen-pop-up-wand-bedrukken.png\",\"datePublished\":\"2025-01-24T10:22:55+00:00\",\"dateModified\":\"2026-02-18T11:39:42+00:00\",\"description\":\"Crea un'esperienza di marca impressionante con la parete pop-up curva flessibile. Stampe nitide in quadricromia \u2013 perfetta per ogni evento aziendale.\",\"breadcrumb\":{\"@id\":\"https:\\\/\\\/www.amstelprinting.nl\\\/it\\\/negozio\\\/borsa-di-studio-evento\\\/pareti-espositive\\\/parete-pop-up-curva\\\/#breadcrumb\"},\"inLanguage\":\"it-IT\",\"potentialAction\":[{\"@type\":\"ReadAction\",\"target\":[\"https:\\\/\\\/www.amstelprinting.nl\\\/it\\\/negozio\\\/borsa-di-studio-evento\\\/pareti-espositive\\\/parete-pop-up-curva\\\/\"]}]},{\"@type\":\"ImageObject\",\"inLanguage\":\"it-IT\",\"@id\":\"https:\\\/\\\/www.amstelprinting.nl\\\/it\\\/negozio\\\/borsa-di-studio-evento\\\/pareti-espositive\\\/parete-pop-up-curva\\\/#primaryimage\",\"url\":\"https:\\\/\\\/www.amstelprinting.nl\\\/wp-content\\\/uploads\\\/gebogen-pop-up-wand-bedrukken.png\",\"contentUrl\":\"https:\\\/\\\/www.amstelprinting.nl\\\/wp-content\\\/uploads\\\/gebogen-pop-up-wand-bedrukken.png\",\"width\":900,\"height\":900},{\"@type\":\"BreadcrumbList\",\"@id\":\"https:\\\/\\\/www.amstelprinting.nl\\\/it\\\/negozio\\\/borsa-di-studio-evento\\\/pareti-espositive\\\/parete-pop-up-curva\\\/#breadcrumb\",\"itemListElement\":[{\"@type\":\"ListItem\",\"position\":1,\"name\":\"\",\"item\":\"https:\\\/\\\/www.amstelprinting.nl\\\/it\\\/\"},{\"@type\":\"ListItem\",\"position\":2,\"name\":\"Amstel Printing\",\"item\":\"https:\\\/\\\/www.amstelprinting.nl\\\/it\\\/negozio\\\/\"},{\"@type\":\"ListItem\",\"position\":3,\"name\":\"Borsa di studio evento\",\"item\":\"https:\\\/\\\/www.amstelprinting.nl\\\/it\\\/categoria\\\/borsa-di-studio-evento\\\/\"},{\"@type\":\"ListItem\",\"position\":4,\"name\":\"Pareti espositive\",\"item\":\"https:\\\/\\\/www.amstelprinting.nl\\\/it\\\/categoria\\\/borsa-di-studio-evento\\\/pareti-espositive\\\/\"},{\"@type\":\"ListItem\",\"position\":5,\"name\":\"Parete pop-up curva\"}]},{\"@type\":\"WebSite\",\"@id\":\"https:\\\/\\\/www.amstelprinting.nl\\\/it\\\/#website\",\"url\":\"https:\\\/\\\/www.amstelprinting.nl\\\/it\\\/\",\"name\":\"Amstel Printing\",\"description\":\"Creating Exposure\",\"publisher\":{\"@id\":\"https:\\\/\\\/www.amstelprinting.nl\\\/it\\\/#organization\"},\"potentialAction\":[{\"@type\":\"SearchAction\",\"target\":{\"@type\":\"EntryPoint\",\"urlTemplate\":\"https:\\\/\\\/www.amstelprinting.nl\\\/it\\\/?s={search_term_string}\"},\"query-input\":{\"@type\":\"PropertyValueSpecification\",\"valueRequired\":true,\"valueName\":\"search_term_string\"}}],\"inLanguage\":\"it-IT\"},{\"@type\":\"Organization\",\"@id\":\"https:\\\/\\\/www.amstelprinting.nl\\\/it\\\/#organization\",\"name\":\"Amstel Printing\",\"url\":\"https:\\\/\\\/www.amstelprinting.nl\\\/it\\\/\",\"logo\":{\"@type\":\"ImageObject\",\"inLanguage\":\"it-IT\",\"@id\":\"https:\\\/\\\/www.amstelprinting.nl\\\/it\\\/#\\\/schema\\\/logo\\\/image\\\/\",\"url\":\"https:\\\/\\\/www.amstelprinting.nl\\\/wp-content\\\/uploads\\\/amstel_printing_logo_clean.png\",\"contentUrl\":\"https:\\\/\\\/www.amstelprinting.nl\\\/wp-content\\\/uploads\\\/amstel_printing_logo_clean.png\",\"width\":324,\"height\":73,\"caption\":\"Amstel Printing\"},\"image\":{\"@id\":\"https:\\\/\\\/www.amstelprinting.nl\\\/it\\\/#\\\/schema\\\/logo\\\/image\\\/\"}}]}<\/script>\n<!-- \/ Yoast SEO plugin. -->","yoast_head_json":{"title":"Parete Pop-up Curva \u2013 Montaggio Rapido & Presentazione Professionale","description":"Crea un'esperienza di marca impressionante con la parete pop-up curva flessibile. Stampe nitide in quadricromia \u2013 perfetta per ogni evento aziendale.","robots":{"index":"index","follow":"follow","max-snippet":"max-snippet:-1","max-image-preview":"max-image-preview:large","max-video-preview":"max-video-preview:-1"},"canonical":"https:\/\/www.amstelprinting.nl\/it\/negozio\/borsa-di-studio-evento\/pareti-espositive\/parete-pop-up-curva\/","og_locale":"it_IT","og_type":"article","og_title":"Parete Pop-up Curva \u2013 Montaggio Rapido & Presentazione Professionale","og_description":"Crea un'esperienza di marca impressionante con la parete pop-up curva flessibile. Stampe nitide in quadricromia \u2013 perfetta per ogni evento aziendale.","og_url":"https:\/\/www.amstelprinting.nl\/it\/negozio\/borsa-di-studio-evento\/pareti-espositive\/parete-pop-up-curva\/","og_site_name":"Amstel Printing","article_modified_time":"2026-02-18T11:39:42+00:00","og_image":[{"width":900,"height":900,"url":"https:\/\/www.amstelprinting.nl\/wp-content\/uploads\/gebogen-pop-up-wand-bedrukken.png","type":"image\/png"}],"twitter_card":"summary_large_image","twitter_misc":{"Tempo di lettura stimato":"1 minuto"},"schema":{"@context":"https:\/\/schema.org","@graph":[{"@type":"WebPage","@id":"https:\/\/www.amstelprinting.nl\/it\/negozio\/borsa-di-studio-evento\/pareti-espositive\/parete-pop-up-curva\/","url":"https:\/\/www.amstelprinting.nl\/it\/negozio\/borsa-di-studio-evento\/pareti-espositive\/parete-pop-up-curva\/","name":"Parete Pop-up Curva \u2013 Montaggio Rapido & Presentazione Professionale","isPartOf":{"@id":"https:\/\/www.amstelprinting.nl\/it\/#website"},"primaryImageOfPage":{"@id":"https:\/\/www.amstelprinting.nl\/it\/negozio\/borsa-di-studio-evento\/pareti-espositive\/parete-pop-up-curva\/#primaryimage"},"image":{"@id":"https:\/\/www.amstelprinting.nl\/it\/negozio\/borsa-di-studio-evento\/pareti-espositive\/parete-pop-up-curva\/#primaryimage"},"thumbnailUrl":"https:\/\/www.amstelprinting.nl\/wp-content\/uploads\/gebogen-pop-up-wand-bedrukken.png","datePublished":"2025-01-24T10:22:55+00:00","dateModified":"2026-02-18T11:39:42+00:00","description":"Crea un'esperienza di marca impressionante con la parete pop-up curva flessibile. Stampe nitide in quadricromia \u2013 perfetta per ogni evento aziendale.","breadcrumb":{"@id":"https:\/\/www.amstelprinting.nl\/it\/negozio\/borsa-di-studio-evento\/pareti-espositive\/parete-pop-up-curva\/#breadcrumb"},"inLanguage":"it-IT","potentialAction":[{"@type":"ReadAction","target":["https:\/\/www.amstelprinting.nl\/it\/negozio\/borsa-di-studio-evento\/pareti-espositive\/parete-pop-up-curva\/"]}]},{"@type":"ImageObject","inLanguage":"it-IT","@id":"https:\/\/www.amstelprinting.nl\/it\/negozio\/borsa-di-studio-evento\/pareti-espositive\/parete-pop-up-curva\/#primaryimage","url":"https:\/\/www.amstelprinting.nl\/wp-content\/uploads\/gebogen-pop-up-wand-bedrukken.png","contentUrl":"https:\/\/www.amstelprinting.nl\/wp-content\/uploads\/gebogen-pop-up-wand-bedrukken.png","width":900,"height":900},{"@type":"BreadcrumbList","@id":"https:\/\/www.amstelprinting.nl\/it\/negozio\/borsa-di-studio-evento\/pareti-espositive\/parete-pop-up-curva\/#breadcrumb","itemListElement":[{"@type":"ListItem","position":1,"name":"","item":"https:\/\/www.amstelprinting.nl\/it\/"},{"@type":"ListItem","position":2,"name":"Amstel Printing","item":"https:\/\/www.amstelprinting.nl\/it\/negozio\/"},{"@type":"ListItem","position":3,"name":"Borsa di studio evento","item":"https:\/\/www.amstelprinting.nl\/it\/categoria\/borsa-di-studio-evento\/"},{"@type":"ListItem","position":4,"name":"Pareti espositive","item":"https:\/\/www.amstelprinting.nl\/it\/categoria\/borsa-di-studio-evento\/pareti-espositive\/"},{"@type":"ListItem","position":5,"name":"Parete pop-up curva"}]},{"@type":"WebSite","@id":"https:\/\/www.amstelprinting.nl\/it\/#website","url":"https:\/\/www.amstelprinting.nl\/it\/","name":"Amstel Printing","description":"Creating Exposure","publisher":{"@id":"https:\/\/www.amstelprinting.nl\/it\/#organization"},"potentialAction":[{"@type":"SearchAction","target":{"@type":"EntryPoint","urlTemplate":"https:\/\/www.amstelprinting.nl\/it\/?s={search_term_string}"},"query-input":{"@type":"PropertyValueSpecification","valueRequired":true,"valueName":"search_term_string"}}],"inLanguage":"it-IT"},{"@type":"Organization","@id":"https:\/\/www.amstelprinting.nl\/it\/#organization","name":"Amstel Printing","url":"https:\/\/www.amstelprinting.nl\/it\/","logo":{"@type":"ImageObject","inLanguage":"it-IT","@id":"https:\/\/www.amstelprinting.nl\/it\/#\/schema\/logo\/image\/","url":"https:\/\/www.amstelprinting.nl\/wp-content\/uploads\/amstel_printing_logo_clean.png","contentUrl":"https:\/\/www.amstelprinting.nl\/wp-content\/uploads\/amstel_printing_logo_clean.png","width":324,"height":73,"caption":"Amstel Printing"},"image":{"@id":"https:\/\/www.amstelprinting.nl\/it\/#\/schema\/logo\/image\/"}}]}},"_links":{"self":[{"href":"https:\/\/www.amstelprinting.nl\/it\/wp-json\/wp\/v2\/product\/15151","targetHints":{"allow":["GET"]}}],"collection":[{"href":"https:\/\/www.amstelprinting.nl\/it\/wp-json\/wp\/v2\/product"}],"about":[{"href":"https:\/\/www.amstelprinting.nl\/it\/wp-json\/wp\/v2\/types\/product"}],"wp:featuredmedia":[{"embeddable":true,"href":"https:\/\/www.amstelprinting.nl\/it\/wp-json\/wp\/v2\/media\/15152"}],"wp:attachment":[{"href":"https:\/\/www.amstelprinting.nl\/it\/wp-json\/wp\/v2\/media?parent=15151"}],"wp:term":[{"taxonomy":"product_brand","embeddable":true,"href":"https:\/\/www.amstelprinting.nl\/it\/wp-json\/wp\/v2\/product_brand?post=15151"},{"taxonomy":"product_cat","embeddable":true,"href":"https:\/\/www.amstelprinting.nl\/it\/wp-json\/wp\/v2\/product_cat?post=15151"},{"taxonomy":"product_tag","embeddable":true,"href":"https:\/\/www.amstelprinting.nl\/it\/wp-json\/wp\/v2\/product_tag?post=15151"}],"curies":[{"name":"wp","href":"https:\/\/api.w.org\/{rel}","templated":true}]}}