{"id":15161,"date":"2025-01-24T11:22:47","date_gmt":"2025-01-24T10:22:47","guid":{"rendered":"https:\/\/www.amstelprinting.nl\/winkel\/senza-categoria\/beurswanden\/"},"modified":"2026-02-18T12:39:43","modified_gmt":"2026-02-18T11:39:43","slug":"pareti-espositive","status":"publish","type":"product","link":"https:\/\/www.amstelprinting.nl\/it\/negozio\/borsa-di-studio-evento\/pareti-espositive\/pareti-espositive\/","title":{"rendered":"Pareti espositive"},"content":{"rendered":"<h2><strong>Panoramica delle nostre Pareti Espositive<\/strong><\/h2>\n<h3>Parete Pop-up Dritta<\/h3>\n<p>La parete pop-up dritta offre un aspetto pulito e moderno con una stampa su Dekostof o Blackback Soft. Queste pareti sono perfette per allestimenti rettilinei e offrono un eccellente impatto visivo. Con questo modello riceverai una pratica borsa trolley.<\/p>\n<h3>Parete Pop-up Curva<\/h3>\n<p>La nostra parete pop-up curva \u00e8 dotata di una stampa su PVC flessibile e la forma curva garantisce una presentazione visivamente accattivante e spaziosa. Include una comoda valigia con ruote, cos\u00ec puoi trasportare e montare facilmente la parete in qualsiasi luogo.<\/p>\n<h3>Roll-up XXL<\/h3>\n<p>Per un impatto impressionante, il nostro roll-up XXL \u00e8 la scelta perfetta. Con una larghezza di stampa di 200 cm, \u00e8 il fratello maggiore del ben noto banner Roll-up standard. Questo banner roll-up \u00e8 dotato di una stampa su tessuto Airtex\u00ae (facile da usare e senza pieghe). Opzionalmente, il Roll-up XXL pu\u00f2 essere realizzato anche con un tessuto pi\u00f9 ecologico: Sanotext (senza PVC!).<\/p>\n<p>Nonostante le dimensioni, questo grande banner roll-up \u00e8 comunque facile da trasportare (quindi perfetto per le fiere). Il banner Roll-up XXL viene infatti sempre fornito con una borsa da trasporto compatta. In un batter d&#8217;occhio, questo banner Roll-up XXL \u00e8 pronto all&#8217;uso. Non hai bisogno di attrezzi per il montaggio! Il banner Roll-up XXL \u00e8 disponibile in ben tre diverse altezze (tutte larghe 200 cm):<\/p>\n<ul>\n<li>200 x 200 cm (l x a)<\/li>\n<li>200 x 250 cm (l x a)<\/li>\n<li>200 x 300 cm (l x a)<\/li>\n<\/ul>\n<p>La facilit\u00e0 di trasporto e le dimensioni compatte sono i motivi principali per cui il banner Roll-up XXL \u00e8 amato dagli espositori nelle fiere. Un altro fattore importante \u00e8 che il tessuto \u00e8 ignifugo e dotato di certificazione B1 (spesso richiesta per l&#8217;uso professionale e promozionale in interni in spazi pubblici).<\/p>\n<h3>Parete Zipper<\/h3>\n<p>La parete Zipper (leggermente curva) offre una soluzione versatile ed elegante per ogni presentazione. Il tessuto della parete Zipper \u00e8 realizzato in Dekostof ed \u00e8 rifinito su tutto il perimetro con una robusta cerniera. Sia il fronte che il retro possono essere stampati. La parete Zipper viene fornita di serie in una pratica borsa. Questa parete espositiva alta 230 cm \u00e8 disponibile in tre diverse larghezze: 300 cm, 400 cm e 500 cm. L&#8217;installazione? Si fa in 5-10 minuti (senza attrezzi).<\/p>\n<h3>Struttura espositiva<\/h3>\n<p>Per una soluzione semplice e robusta, scegli la nostra struttura espositiva. Questo solido telaio in alluminio offre una base flessibile per la tua presentazione e pu\u00f2 essere facilmente personalizzato con stampe separate ordinabili a parte.<\/p>\n<h3>Parete espositiva modulare: De Inhaker\u00ae<\/h3>\n<p>Quando si desidera la modularit\u00e0, gli splendidi sistemi solidi di De Inhaker\u00ae offrono la soluzione. Con la parete espositiva De Inhaker\u00ae si possono creare infinite combinazioni. Collega pi\u00f9 pareti espositive tra loro per creare una lunghezza infinita di pareti. Anche le combinazioni angolari possono essere realizzate facilmente con De Inhaker\u00ae. Dotata di stampa fronte-retro. E il montaggio si completa in soli 15 minuti. Mescola, abbina e progetta qui la tua parete espositiva modulare come desideri.<\/p>\n<h3>Materiali<\/h3>\n<ul>\n<li><strong>PVC flessibile<\/strong>: un materiale che eccelle sia per flessibilit\u00e0 che per durata. Il materiale \u00e8 anche facile da mantenere e pulire, rendendolo ideale per il riutilizzo ma anche per un uso a lungo termine.<\/li>\n<li><strong>Dekostof<\/strong>: questo tessuto offre una resa cromatica sbalorditiva che rende ogni immagine vivida e brillante. La finitura opaca previene riflessi indesiderati, garantendo che la tua stampa rimanga sempre chiaramente visibile. Include certificato B1.<\/li>\n<li><strong>Blackback Soft<\/strong>: un tessuto block-out in poliestere con il retro nero (per evitare il passaggio della luce).<\/li>\n<li><strong>Airtex\u00ae<\/strong>: questo tessuto in PVC senza pieghe da 330 gr\/m\u00b2 \u00e8 facile da usare e certificato B1 per la sicurezza antincendio, il che lo rende perfetto per fiere ed evenementi.<\/li>\n<\/ul>\n<p>&nbsp;<\/p>\n<h3>Riordino dei teli<\/h3>\n<p>L&#8217;investimento che fai acquistando un prodotto per fiere \u00e8 un investimento a lungo termine. Per la parete Zipper, le pareti pop-up curve e dritte e la struttura espositiva, \u00e8 possibile ordinare stampe separate. Ci\u00f2 consente di rinnovare regolarmente la parete espositiva e adattarla a diverse campagne o eventi. Crea facilmente il tuo design utilizzando i modelli disponibili nei nostri download o scegli uno dei nostri design esistenti.<\/p>\n","protected":false},"excerpt":{"rendered":"<p>Una fiera o un evento di successo iniziano con una forte presentazione visiva. Le nostre pareti espositive offrono la soluzione perfetta per far risaltare il tuo stand e comunicare il tuo messaggio in modo efficace. Configura qui sotto in pochi passaggi la tua parete espositiva con stampa!<\/p>\n","protected":false},"featured_media":15162,"template":"","meta":{"_et_pb_use_builder":"","_et_pb_old_content":"","_et_gb_content_width":""},"product_brand":[],"product_cat":[430,412],"product_tag":[],"class_list":{"0":"post-15161","1":"product","2":"type-product","3":"status-publish","4":"has-post-thumbnail","6":"product_cat-borsa-di-studio-evento","7":"product_cat-pareti-espositive","9":"first","10":"instock","11":"taxable","12":"shipping-taxable","13":"purchasable","14":"product-type-simple"},"yoast_head":"<!-- This site is optimized with the Yoast SEO plugin v27.3 - https:\/\/yoast.com\/product\/yoast-seo-wordpress\/ -->\n<title>Pareti espositive per la massima esposizione \u2013 Complete e consegnate rapidamente<\/title>\n<meta name=\"description\" content=\"Scopri la parete espositiva perfetta per la tua presentazione: scelta tra 5 tipologie, design personalizzato, pronta per il trasporto con trolley o valigie e opzione per illuminazione a LED.\" \/>\n<meta name=\"robots\" content=\"index, follow, max-snippet:-1, max-image-preview:large, max-video-preview:-1\" \/>\n<link rel=\"canonical\" href=\"https:\/\/www.amstelprinting.nl\/it\/negozio\/borsa-di-studio-evento\/pareti-espositive\/pareti-espositive\/\" \/>\n<meta property=\"og:locale\" content=\"it_IT\" \/>\n<meta property=\"og:type\" content=\"article\" \/>\n<meta property=\"og:title\" content=\"Pareti espositive per la massima esposizione \u2013 Complete e consegnate rapidamente\" \/>\n<meta property=\"og:description\" content=\"Scopri la parete espositiva perfetta per la tua presentazione: scelta tra 5 tipologie, design personalizzato, pronta per il trasporto con trolley o valigie e opzione per illuminazione a LED.\" \/>\n<meta property=\"og:url\" content=\"https:\/\/www.amstelprinting.nl\/it\/negozio\/borsa-di-studio-evento\/pareti-espositive\/pareti-espositive\/\" \/>\n<meta property=\"og:site_name\" content=\"Amstel Printing\" \/>\n<meta property=\"article:modified_time\" content=\"2026-02-18T11:39:43+00:00\" \/>\n<meta property=\"og:image\" content=\"https:\/\/www.amstelprinting.nl\/wp-content\/uploads\/Beurswanden.jpg\" \/>\n\t<meta property=\"og:image:width\" content=\"700\" \/>\n\t<meta property=\"og:image:height\" content=\"700\" \/>\n\t<meta property=\"og:image:type\" content=\"image\/jpeg\" \/>\n<meta name=\"twitter:card\" content=\"summary_large_image\" \/>\n<meta name=\"twitter:label1\" content=\"Tempo di lettura stimato\" \/>\n\t<meta name=\"twitter:data1\" content=\"3 minuti\" \/>\n<script type=\"application\/ld+json\" class=\"yoast-schema-graph\">{\"@context\":\"https:\\\/\\\/schema.org\",\"@graph\":[{\"@type\":\"WebPage\",\"@id\":\"https:\\\/\\\/www.amstelprinting.nl\\\/it\\\/negozio\\\/borsa-di-studio-evento\\\/pareti-espositive\\\/pareti-espositive\\\/\",\"url\":\"https:\\\/\\\/www.amstelprinting.nl\\\/it\\\/negozio\\\/borsa-di-studio-evento\\\/pareti-espositive\\\/pareti-espositive\\\/\",\"name\":\"Pareti espositive per la massima esposizione \u2013 Complete e consegnate rapidamente\",\"isPartOf\":{\"@id\":\"https:\\\/\\\/www.amstelprinting.nl\\\/it\\\/#website\"},\"primaryImageOfPage\":{\"@id\":\"https:\\\/\\\/www.amstelprinting.nl\\\/it\\\/negozio\\\/borsa-di-studio-evento\\\/pareti-espositive\\\/pareti-espositive\\\/#primaryimage\"},\"image\":{\"@id\":\"https:\\\/\\\/www.amstelprinting.nl\\\/it\\\/negozio\\\/borsa-di-studio-evento\\\/pareti-espositive\\\/pareti-espositive\\\/#primaryimage\"},\"thumbnailUrl\":\"https:\\\/\\\/www.amstelprinting.nl\\\/wp-content\\\/uploads\\\/Beurswanden.jpg\",\"datePublished\":\"2025-01-24T10:22:47+00:00\",\"dateModified\":\"2026-02-18T11:39:43+00:00\",\"description\":\"Scopri la parete espositiva perfetta per la tua presentazione: scelta tra 5 tipologie, design personalizzato, pronta per il trasporto con trolley o valigie e opzione per illuminazione a LED.\",\"breadcrumb\":{\"@id\":\"https:\\\/\\\/www.amstelprinting.nl\\\/it\\\/negozio\\\/borsa-di-studio-evento\\\/pareti-espositive\\\/pareti-espositive\\\/#breadcrumb\"},\"inLanguage\":\"it-IT\",\"potentialAction\":[{\"@type\":\"ReadAction\",\"target\":[\"https:\\\/\\\/www.amstelprinting.nl\\\/it\\\/negozio\\\/borsa-di-studio-evento\\\/pareti-espositive\\\/pareti-espositive\\\/\"]}]},{\"@type\":\"ImageObject\",\"inLanguage\":\"it-IT\",\"@id\":\"https:\\\/\\\/www.amstelprinting.nl\\\/it\\\/negozio\\\/borsa-di-studio-evento\\\/pareti-espositive\\\/pareti-espositive\\\/#primaryimage\",\"url\":\"https:\\\/\\\/www.amstelprinting.nl\\\/wp-content\\\/uploads\\\/Beurswanden.jpg\",\"contentUrl\":\"https:\\\/\\\/www.amstelprinting.nl\\\/wp-content\\\/uploads\\\/Beurswanden.jpg\",\"width\":700,\"height\":700},{\"@type\":\"BreadcrumbList\",\"@id\":\"https:\\\/\\\/www.amstelprinting.nl\\\/it\\\/negozio\\\/borsa-di-studio-evento\\\/pareti-espositive\\\/pareti-espositive\\\/#breadcrumb\",\"itemListElement\":[{\"@type\":\"ListItem\",\"position\":1,\"name\":\"\",\"item\":\"https:\\\/\\\/www.amstelprinting.nl\\\/it\\\/\"},{\"@type\":\"ListItem\",\"position\":2,\"name\":\"Amstel Printing\",\"item\":\"https:\\\/\\\/www.amstelprinting.nl\\\/it\\\/negozio\\\/\"},{\"@type\":\"ListItem\",\"position\":3,\"name\":\"Borsa di studio evento\",\"item\":\"https:\\\/\\\/www.amstelprinting.nl\\\/it\\\/categoria\\\/borsa-di-studio-evento\\\/\"},{\"@type\":\"ListItem\",\"position\":4,\"name\":\"Pareti espositive\",\"item\":\"https:\\\/\\\/www.amstelprinting.nl\\\/it\\\/categoria\\\/borsa-di-studio-evento\\\/pareti-espositive\\\/\"},{\"@type\":\"ListItem\",\"position\":5,\"name\":\"Pareti espositive\"}]},{\"@type\":\"WebSite\",\"@id\":\"https:\\\/\\\/www.amstelprinting.nl\\\/it\\\/#website\",\"url\":\"https:\\\/\\\/www.amstelprinting.nl\\\/it\\\/\",\"name\":\"Amstel Printing\",\"description\":\"Creating Exposure\",\"publisher\":{\"@id\":\"https:\\\/\\\/www.amstelprinting.nl\\\/it\\\/#organization\"},\"potentialAction\":[{\"@type\":\"SearchAction\",\"target\":{\"@type\":\"EntryPoint\",\"urlTemplate\":\"https:\\\/\\\/www.amstelprinting.nl\\\/it\\\/?s={search_term_string}\"},\"query-input\":{\"@type\":\"PropertyValueSpecification\",\"valueRequired\":true,\"valueName\":\"search_term_string\"}}],\"inLanguage\":\"it-IT\"},{\"@type\":\"Organization\",\"@id\":\"https:\\\/\\\/www.amstelprinting.nl\\\/it\\\/#organization\",\"name\":\"Amstel Printing\",\"url\":\"https:\\\/\\\/www.amstelprinting.nl\\\/it\\\/\",\"logo\":{\"@type\":\"ImageObject\",\"inLanguage\":\"it-IT\",\"@id\":\"https:\\\/\\\/www.amstelprinting.nl\\\/it\\\/#\\\/schema\\\/logo\\\/image\\\/\",\"url\":\"https:\\\/\\\/www.amstelprinting.nl\\\/wp-content\\\/uploads\\\/amstel_printing_logo_clean.png\",\"contentUrl\":\"https:\\\/\\\/www.amstelprinting.nl\\\/wp-content\\\/uploads\\\/amstel_printing_logo_clean.png\",\"width\":324,\"height\":73,\"caption\":\"Amstel Printing\"},\"image\":{\"@id\":\"https:\\\/\\\/www.amstelprinting.nl\\\/it\\\/#\\\/schema\\\/logo\\\/image\\\/\"}}]}<\/script>\n<!-- \/ Yoast SEO plugin. -->","yoast_head_json":{"title":"Pareti espositive per la massima esposizione \u2013 Complete e consegnate rapidamente","description":"Scopri la parete espositiva perfetta per la tua presentazione: scelta tra 5 tipologie, design personalizzato, pronta per il trasporto con trolley o valigie e opzione per illuminazione a LED.","robots":{"index":"index","follow":"follow","max-snippet":"max-snippet:-1","max-image-preview":"max-image-preview:large","max-video-preview":"max-video-preview:-1"},"canonical":"https:\/\/www.amstelprinting.nl\/it\/negozio\/borsa-di-studio-evento\/pareti-espositive\/pareti-espositive\/","og_locale":"it_IT","og_type":"article","og_title":"Pareti espositive per la massima esposizione \u2013 Complete e consegnate rapidamente","og_description":"Scopri la parete espositiva perfetta per la tua presentazione: scelta tra 5 tipologie, design personalizzato, pronta per il trasporto con trolley o valigie e opzione per illuminazione a LED.","og_url":"https:\/\/www.amstelprinting.nl\/it\/negozio\/borsa-di-studio-evento\/pareti-espositive\/pareti-espositive\/","og_site_name":"Amstel Printing","article_modified_time":"2026-02-18T11:39:43+00:00","og_image":[{"width":700,"height":700,"url":"https:\/\/www.amstelprinting.nl\/wp-content\/uploads\/Beurswanden.jpg","type":"image\/jpeg"}],"twitter_card":"summary_large_image","twitter_misc":{"Tempo di lettura stimato":"3 minuti"},"schema":{"@context":"https:\/\/schema.org","@graph":[{"@type":"WebPage","@id":"https:\/\/www.amstelprinting.nl\/it\/negozio\/borsa-di-studio-evento\/pareti-espositive\/pareti-espositive\/","url":"https:\/\/www.amstelprinting.nl\/it\/negozio\/borsa-di-studio-evento\/pareti-espositive\/pareti-espositive\/","name":"Pareti espositive per la massima esposizione \u2013 Complete e consegnate rapidamente","isPartOf":{"@id":"https:\/\/www.amstelprinting.nl\/it\/#website"},"primaryImageOfPage":{"@id":"https:\/\/www.amstelprinting.nl\/it\/negozio\/borsa-di-studio-evento\/pareti-espositive\/pareti-espositive\/#primaryimage"},"image":{"@id":"https:\/\/www.amstelprinting.nl\/it\/negozio\/borsa-di-studio-evento\/pareti-espositive\/pareti-espositive\/#primaryimage"},"thumbnailUrl":"https:\/\/www.amstelprinting.nl\/wp-content\/uploads\/Beurswanden.jpg","datePublished":"2025-01-24T10:22:47+00:00","dateModified":"2026-02-18T11:39:43+00:00","description":"Scopri la parete espositiva perfetta per la tua presentazione: scelta tra 5 tipologie, design personalizzato, pronta per il trasporto con trolley o valigie e opzione per illuminazione a LED.","breadcrumb":{"@id":"https:\/\/www.amstelprinting.nl\/it\/negozio\/borsa-di-studio-evento\/pareti-espositive\/pareti-espositive\/#breadcrumb"},"inLanguage":"it-IT","potentialAction":[{"@type":"ReadAction","target":["https:\/\/www.amstelprinting.nl\/it\/negozio\/borsa-di-studio-evento\/pareti-espositive\/pareti-espositive\/"]}]},{"@type":"ImageObject","inLanguage":"it-IT","@id":"https:\/\/www.amstelprinting.nl\/it\/negozio\/borsa-di-studio-evento\/pareti-espositive\/pareti-espositive\/#primaryimage","url":"https:\/\/www.amstelprinting.nl\/wp-content\/uploads\/Beurswanden.jpg","contentUrl":"https:\/\/www.amstelprinting.nl\/wp-content\/uploads\/Beurswanden.jpg","width":700,"height":700},{"@type":"BreadcrumbList","@id":"https:\/\/www.amstelprinting.nl\/it\/negozio\/borsa-di-studio-evento\/pareti-espositive\/pareti-espositive\/#breadcrumb","itemListElement":[{"@type":"ListItem","position":1,"name":"","item":"https:\/\/www.amstelprinting.nl\/it\/"},{"@type":"ListItem","position":2,"name":"Amstel Printing","item":"https:\/\/www.amstelprinting.nl\/it\/negozio\/"},{"@type":"ListItem","position":3,"name":"Borsa di studio evento","item":"https:\/\/www.amstelprinting.nl\/it\/categoria\/borsa-di-studio-evento\/"},{"@type":"ListItem","position":4,"name":"Pareti espositive","item":"https:\/\/www.amstelprinting.nl\/it\/categoria\/borsa-di-studio-evento\/pareti-espositive\/"},{"@type":"ListItem","position":5,"name":"Pareti espositive"}]},{"@type":"WebSite","@id":"https:\/\/www.amstelprinting.nl\/it\/#website","url":"https:\/\/www.amstelprinting.nl\/it\/","name":"Amstel Printing","description":"Creating Exposure","publisher":{"@id":"https:\/\/www.amstelprinting.nl\/it\/#organization"},"potentialAction":[{"@type":"SearchAction","target":{"@type":"EntryPoint","urlTemplate":"https:\/\/www.amstelprinting.nl\/it\/?s={search_term_string}"},"query-input":{"@type":"PropertyValueSpecification","valueRequired":true,"valueName":"search_term_string"}}],"inLanguage":"it-IT"},{"@type":"Organization","@id":"https:\/\/www.amstelprinting.nl\/it\/#organization","name":"Amstel Printing","url":"https:\/\/www.amstelprinting.nl\/it\/","logo":{"@type":"ImageObject","inLanguage":"it-IT","@id":"https:\/\/www.amstelprinting.nl\/it\/#\/schema\/logo\/image\/","url":"https:\/\/www.amstelprinting.nl\/wp-content\/uploads\/amstel_printing_logo_clean.png","contentUrl":"https:\/\/www.amstelprinting.nl\/wp-content\/uploads\/amstel_printing_logo_clean.png","width":324,"height":73,"caption":"Amstel Printing"},"image":{"@id":"https:\/\/www.amstelprinting.nl\/it\/#\/schema\/logo\/image\/"}}]}},"_links":{"self":[{"href":"https:\/\/www.amstelprinting.nl\/it\/wp-json\/wp\/v2\/product\/15161","targetHints":{"allow":["GET"]}}],"collection":[{"href":"https:\/\/www.amstelprinting.nl\/it\/wp-json\/wp\/v2\/product"}],"about":[{"href":"https:\/\/www.amstelprinting.nl\/it\/wp-json\/wp\/v2\/types\/product"}],"wp:featuredmedia":[{"embeddable":true,"href":"https:\/\/www.amstelprinting.nl\/it\/wp-json\/wp\/v2\/media\/15162"}],"wp:attachment":[{"href":"https:\/\/www.amstelprinting.nl\/it\/wp-json\/wp\/v2\/media?parent=15161"}],"wp:term":[{"taxonomy":"product_brand","embeddable":true,"href":"https:\/\/www.amstelprinting.nl\/it\/wp-json\/wp\/v2\/product_brand?post=15161"},{"taxonomy":"product_cat","embeddable":true,"href":"https:\/\/www.amstelprinting.nl\/it\/wp-json\/wp\/v2\/product_cat?post=15161"},{"taxonomy":"product_tag","embeddable":true,"href":"https:\/\/www.amstelprinting.nl\/it\/wp-json\/wp\/v2\/product_tag?post=15161"}],"curies":[{"name":"wp","href":"https:\/\/api.w.org\/{rel}","templated":true}]}}