{"id":15171,"date":"2025-01-24T11:22:42","date_gmt":"2025-01-24T10:22:42","guid":{"rendered":"https:\/\/www.amstelprinting.nl\/winkel\/senza-categoria\/zipper-wand\/"},"modified":"2026-02-18T12:39:44","modified_gmt":"2026-02-18T11:39:44","slug":"parete-zipper","status":"publish","type":"product","link":"https:\/\/www.amstelprinting.nl\/it\/negozio\/borsa-di-studio-evento\/pareti-espositive\/parete-zipper\/","title":{"rendered":"Parete Zipper"},"content":{"rendered":"<h3>Stampa Parete Zipper curva<\/h3>\n<p>Crea un&#8217;impressione indimenticabile con la Parete Zipper. La versatile Parete Zipper \u00e8 dotata di stampa bifacciale. Quindi, che tu stia preparando una fiera, un evento o una presentazione, la parete zipper \u00e8 lo sfondo perfetto per ogni occasione. E come suggerisce il nome, la Parete Zipper \u00e8 rifinita sul lato inferiore con una robusta cerniera. Questo consente un montaggio (e smontaggio) facile e veloce.<\/p>\n<h3>Formati e materiale<\/h3>\n<p>La parete zipper \u00e8 disponibile in tre formati: M (300 x 230 cm), L (400 x 230 cm) e XL (500 x 230 cm). Il telo \u00e8 realizzato in Dekostof. Il Dekostof si distingue per i suoi colori vivaci e la finitura opaca. Il telo in poliestere flessibile ha una trama fine che assorbe la luce invece di rifletterla, garantendo che la stampa rimanga sempre ben visibile. Inoltre, puoi scegliere fili bianchi o neri per una finitura perfetta. <\/p>\n<h3>Conservazione e trasporto della Parete Zipper<\/h3>\n<p>Il telo pu\u00f2 essere ripiegato, rendendolo facile da trasportare. Eventuali pieghe possono essere stirate e, inoltre, le pieghe verranno tese quando il telo viene fissato al telaio. Trasporta facilmente la Parete Zipper nella borsa inclusa.<\/p>\n","protected":false},"excerpt":{"rendered":"<h3>Parete Zipper leggermente curva. Stampa bifacciale.<\/h3>\n<p>La Parete Zipper (leggermente curva) offre una soluzione versatile ed elegante per ogni presentazione. Il telo della Parete Zipper \u00e8 realizzato in Dekostof ed \u00e8 rifinito tutto intorno con una robusta cerniera. Possono essere stampati sia il fronte che il retro. La Parete Zipper viene fornita di serie in una pratica borsa. Questa parete fieristica alta 230 cm \u00e8 disponibile in tre diverse larghezze: 300 cm, 400 cm e 500 cm. Installazione? Si fa in 5-10 minuti (senza attrezzi).<\/p>\n","protected":false},"featured_media":15172,"template":"","meta":{"_et_pb_use_builder":"","_et_pb_old_content":"","_et_gb_content_width":""},"product_brand":[],"product_cat":[430,412],"product_tag":[],"class_list":{"0":"post-15171","1":"product","2":"type-product","3":"status-publish","4":"has-post-thumbnail","6":"product_cat-borsa-di-studio-evento","7":"product_cat-pareti-espositive","9":"first","10":"instock","11":"taxable","12":"shipping-taxable","13":"purchasable","14":"product-type-simple"},"yoast_head":"<!-- This site is optimized with the Yoast SEO plugin v27.3 - https:\/\/yoast.com\/product\/yoast-seo-wordpress\/ -->\n<title>Parete Zipper \u2013 Parete fieristica bifacciale, montaggio rapido e semplice<\/title>\n<meta name=\"description\" content=\"Stupisci con la Parete Zipper: stampa bifacciale, disponibile in 3 formati, montaggio rapido senza attrezzi e borsa per il trasporto inclusa.\" \/>\n<meta name=\"robots\" content=\"index, follow, max-snippet:-1, max-image-preview:large, max-video-preview:-1\" \/>\n<link rel=\"canonical\" href=\"https:\/\/www.amstelprinting.nl\/it\/negozio\/borsa-di-studio-evento\/pareti-espositive\/parete-zipper\/\" \/>\n<meta property=\"og:locale\" content=\"it_IT\" \/>\n<meta property=\"og:type\" content=\"article\" \/>\n<meta property=\"og:title\" content=\"Parete Zipper \u2013 Parete fieristica bifacciale, montaggio rapido e semplice\" \/>\n<meta property=\"og:description\" content=\"Stupisci con la Parete Zipper: stampa bifacciale, disponibile in 3 formati, montaggio rapido senza attrezzi e borsa per il trasporto inclusa.\" \/>\n<meta property=\"og:url\" content=\"https:\/\/www.amstelprinting.nl\/it\/negozio\/borsa-di-studio-evento\/pareti-espositive\/parete-zipper\/\" \/>\n<meta property=\"og:site_name\" content=\"Amstel Printing\" \/>\n<meta property=\"article:modified_time\" content=\"2026-02-18T11:39:44+00:00\" \/>\n<meta property=\"og:image\" content=\"https:\/\/www.amstelprinting.nl\/wp-content\/uploads\/gebogen-zipper-wand-bedrukken.png\" \/>\n\t<meta property=\"og:image:width\" content=\"900\" \/>\n\t<meta property=\"og:image:height\" content=\"900\" \/>\n\t<meta property=\"og:image:type\" content=\"image\/png\" \/>\n<meta name=\"twitter:card\" content=\"summary_large_image\" \/>\n<meta name=\"twitter:label1\" content=\"Tempo di lettura stimato\" \/>\n\t<meta name=\"twitter:data1\" content=\"1 minuto\" \/>\n<script type=\"application\/ld+json\" class=\"yoast-schema-graph\">{\"@context\":\"https:\\\/\\\/schema.org\",\"@graph\":[{\"@type\":\"WebPage\",\"@id\":\"https:\\\/\\\/www.amstelprinting.nl\\\/it\\\/negozio\\\/borsa-di-studio-evento\\\/pareti-espositive\\\/parete-zipper\\\/\",\"url\":\"https:\\\/\\\/www.amstelprinting.nl\\\/it\\\/negozio\\\/borsa-di-studio-evento\\\/pareti-espositive\\\/parete-zipper\\\/\",\"name\":\"Parete Zipper \u2013 Parete fieristica bifacciale, montaggio rapido e semplice\",\"isPartOf\":{\"@id\":\"https:\\\/\\\/www.amstelprinting.nl\\\/it\\\/#website\"},\"primaryImageOfPage\":{\"@id\":\"https:\\\/\\\/www.amstelprinting.nl\\\/it\\\/negozio\\\/borsa-di-studio-evento\\\/pareti-espositive\\\/parete-zipper\\\/#primaryimage\"},\"image\":{\"@id\":\"https:\\\/\\\/www.amstelprinting.nl\\\/it\\\/negozio\\\/borsa-di-studio-evento\\\/pareti-espositive\\\/parete-zipper\\\/#primaryimage\"},\"thumbnailUrl\":\"https:\\\/\\\/www.amstelprinting.nl\\\/wp-content\\\/uploads\\\/gebogen-zipper-wand-bedrukken.png\",\"datePublished\":\"2025-01-24T10:22:42+00:00\",\"dateModified\":\"2026-02-18T11:39:44+00:00\",\"description\":\"Stupisci con la Parete Zipper: stampa bifacciale, disponibile in 3 formati, montaggio rapido senza attrezzi e borsa per il trasporto inclusa.\",\"breadcrumb\":{\"@id\":\"https:\\\/\\\/www.amstelprinting.nl\\\/it\\\/negozio\\\/borsa-di-studio-evento\\\/pareti-espositive\\\/parete-zipper\\\/#breadcrumb\"},\"inLanguage\":\"it-IT\",\"potentialAction\":[{\"@type\":\"ReadAction\",\"target\":[\"https:\\\/\\\/www.amstelprinting.nl\\\/it\\\/negozio\\\/borsa-di-studio-evento\\\/pareti-espositive\\\/parete-zipper\\\/\"]}]},{\"@type\":\"ImageObject\",\"inLanguage\":\"it-IT\",\"@id\":\"https:\\\/\\\/www.amstelprinting.nl\\\/it\\\/negozio\\\/borsa-di-studio-evento\\\/pareti-espositive\\\/parete-zipper\\\/#primaryimage\",\"url\":\"https:\\\/\\\/www.amstelprinting.nl\\\/wp-content\\\/uploads\\\/gebogen-zipper-wand-bedrukken.png\",\"contentUrl\":\"https:\\\/\\\/www.amstelprinting.nl\\\/wp-content\\\/uploads\\\/gebogen-zipper-wand-bedrukken.png\",\"width\":900,\"height\":900},{\"@type\":\"BreadcrumbList\",\"@id\":\"https:\\\/\\\/www.amstelprinting.nl\\\/it\\\/negozio\\\/borsa-di-studio-evento\\\/pareti-espositive\\\/parete-zipper\\\/#breadcrumb\",\"itemListElement\":[{\"@type\":\"ListItem\",\"position\":1,\"name\":\"\",\"item\":\"https:\\\/\\\/www.amstelprinting.nl\\\/it\\\/\"},{\"@type\":\"ListItem\",\"position\":2,\"name\":\"Amstel Printing\",\"item\":\"https:\\\/\\\/www.amstelprinting.nl\\\/it\\\/negozio\\\/\"},{\"@type\":\"ListItem\",\"position\":3,\"name\":\"Borsa di studio evento\",\"item\":\"https:\\\/\\\/www.amstelprinting.nl\\\/it\\\/categoria\\\/borsa-di-studio-evento\\\/\"},{\"@type\":\"ListItem\",\"position\":4,\"name\":\"Pareti espositive\",\"item\":\"https:\\\/\\\/www.amstelprinting.nl\\\/it\\\/categoria\\\/borsa-di-studio-evento\\\/pareti-espositive\\\/\"},{\"@type\":\"ListItem\",\"position\":5,\"name\":\"Parete Zipper\"}]},{\"@type\":\"WebSite\",\"@id\":\"https:\\\/\\\/www.amstelprinting.nl\\\/it\\\/#website\",\"url\":\"https:\\\/\\\/www.amstelprinting.nl\\\/it\\\/\",\"name\":\"Amstel Printing\",\"description\":\"Creating Exposure\",\"publisher\":{\"@id\":\"https:\\\/\\\/www.amstelprinting.nl\\\/it\\\/#organization\"},\"potentialAction\":[{\"@type\":\"SearchAction\",\"target\":{\"@type\":\"EntryPoint\",\"urlTemplate\":\"https:\\\/\\\/www.amstelprinting.nl\\\/it\\\/?s={search_term_string}\"},\"query-input\":{\"@type\":\"PropertyValueSpecification\",\"valueRequired\":true,\"valueName\":\"search_term_string\"}}],\"inLanguage\":\"it-IT\"},{\"@type\":\"Organization\",\"@id\":\"https:\\\/\\\/www.amstelprinting.nl\\\/it\\\/#organization\",\"name\":\"Amstel Printing\",\"url\":\"https:\\\/\\\/www.amstelprinting.nl\\\/it\\\/\",\"logo\":{\"@type\":\"ImageObject\",\"inLanguage\":\"it-IT\",\"@id\":\"https:\\\/\\\/www.amstelprinting.nl\\\/it\\\/#\\\/schema\\\/logo\\\/image\\\/\",\"url\":\"https:\\\/\\\/www.amstelprinting.nl\\\/wp-content\\\/uploads\\\/amstel_printing_logo_clean.png\",\"contentUrl\":\"https:\\\/\\\/www.amstelprinting.nl\\\/wp-content\\\/uploads\\\/amstel_printing_logo_clean.png\",\"width\":324,\"height\":73,\"caption\":\"Amstel Printing\"},\"image\":{\"@id\":\"https:\\\/\\\/www.amstelprinting.nl\\\/it\\\/#\\\/schema\\\/logo\\\/image\\\/\"}}]}<\/script>\n<!-- \/ Yoast SEO plugin. -->","yoast_head_json":{"title":"Parete Zipper \u2013 Parete fieristica bifacciale, montaggio rapido e semplice","description":"Stupisci con la Parete Zipper: stampa bifacciale, disponibile in 3 formati, montaggio rapido senza attrezzi e borsa per il trasporto inclusa.","robots":{"index":"index","follow":"follow","max-snippet":"max-snippet:-1","max-image-preview":"max-image-preview:large","max-video-preview":"max-video-preview:-1"},"canonical":"https:\/\/www.amstelprinting.nl\/it\/negozio\/borsa-di-studio-evento\/pareti-espositive\/parete-zipper\/","og_locale":"it_IT","og_type":"article","og_title":"Parete Zipper \u2013 Parete fieristica bifacciale, montaggio rapido e semplice","og_description":"Stupisci con la Parete Zipper: stampa bifacciale, disponibile in 3 formati, montaggio rapido senza attrezzi e borsa per il trasporto inclusa.","og_url":"https:\/\/www.amstelprinting.nl\/it\/negozio\/borsa-di-studio-evento\/pareti-espositive\/parete-zipper\/","og_site_name":"Amstel Printing","article_modified_time":"2026-02-18T11:39:44+00:00","og_image":[{"width":900,"height":900,"url":"https:\/\/www.amstelprinting.nl\/wp-content\/uploads\/gebogen-zipper-wand-bedrukken.png","type":"image\/png"}],"twitter_card":"summary_large_image","twitter_misc":{"Tempo di lettura stimato":"1 minuto"},"schema":{"@context":"https:\/\/schema.org","@graph":[{"@type":"WebPage","@id":"https:\/\/www.amstelprinting.nl\/it\/negozio\/borsa-di-studio-evento\/pareti-espositive\/parete-zipper\/","url":"https:\/\/www.amstelprinting.nl\/it\/negozio\/borsa-di-studio-evento\/pareti-espositive\/parete-zipper\/","name":"Parete Zipper \u2013 Parete fieristica bifacciale, montaggio rapido e semplice","isPartOf":{"@id":"https:\/\/www.amstelprinting.nl\/it\/#website"},"primaryImageOfPage":{"@id":"https:\/\/www.amstelprinting.nl\/it\/negozio\/borsa-di-studio-evento\/pareti-espositive\/parete-zipper\/#primaryimage"},"image":{"@id":"https:\/\/www.amstelprinting.nl\/it\/negozio\/borsa-di-studio-evento\/pareti-espositive\/parete-zipper\/#primaryimage"},"thumbnailUrl":"https:\/\/www.amstelprinting.nl\/wp-content\/uploads\/gebogen-zipper-wand-bedrukken.png","datePublished":"2025-01-24T10:22:42+00:00","dateModified":"2026-02-18T11:39:44+00:00","description":"Stupisci con la Parete Zipper: stampa bifacciale, disponibile in 3 formati, montaggio rapido senza attrezzi e borsa per il trasporto inclusa.","breadcrumb":{"@id":"https:\/\/www.amstelprinting.nl\/it\/negozio\/borsa-di-studio-evento\/pareti-espositive\/parete-zipper\/#breadcrumb"},"inLanguage":"it-IT","potentialAction":[{"@type":"ReadAction","target":["https:\/\/www.amstelprinting.nl\/it\/negozio\/borsa-di-studio-evento\/pareti-espositive\/parete-zipper\/"]}]},{"@type":"ImageObject","inLanguage":"it-IT","@id":"https:\/\/www.amstelprinting.nl\/it\/negozio\/borsa-di-studio-evento\/pareti-espositive\/parete-zipper\/#primaryimage","url":"https:\/\/www.amstelprinting.nl\/wp-content\/uploads\/gebogen-zipper-wand-bedrukken.png","contentUrl":"https:\/\/www.amstelprinting.nl\/wp-content\/uploads\/gebogen-zipper-wand-bedrukken.png","width":900,"height":900},{"@type":"BreadcrumbList","@id":"https:\/\/www.amstelprinting.nl\/it\/negozio\/borsa-di-studio-evento\/pareti-espositive\/parete-zipper\/#breadcrumb","itemListElement":[{"@type":"ListItem","position":1,"name":"","item":"https:\/\/www.amstelprinting.nl\/it\/"},{"@type":"ListItem","position":2,"name":"Amstel Printing","item":"https:\/\/www.amstelprinting.nl\/it\/negozio\/"},{"@type":"ListItem","position":3,"name":"Borsa di studio evento","item":"https:\/\/www.amstelprinting.nl\/it\/categoria\/borsa-di-studio-evento\/"},{"@type":"ListItem","position":4,"name":"Pareti espositive","item":"https:\/\/www.amstelprinting.nl\/it\/categoria\/borsa-di-studio-evento\/pareti-espositive\/"},{"@type":"ListItem","position":5,"name":"Parete Zipper"}]},{"@type":"WebSite","@id":"https:\/\/www.amstelprinting.nl\/it\/#website","url":"https:\/\/www.amstelprinting.nl\/it\/","name":"Amstel Printing","description":"Creating Exposure","publisher":{"@id":"https:\/\/www.amstelprinting.nl\/it\/#organization"},"potentialAction":[{"@type":"SearchAction","target":{"@type":"EntryPoint","urlTemplate":"https:\/\/www.amstelprinting.nl\/it\/?s={search_term_string}"},"query-input":{"@type":"PropertyValueSpecification","valueRequired":true,"valueName":"search_term_string"}}],"inLanguage":"it-IT"},{"@type":"Organization","@id":"https:\/\/www.amstelprinting.nl\/it\/#organization","name":"Amstel Printing","url":"https:\/\/www.amstelprinting.nl\/it\/","logo":{"@type":"ImageObject","inLanguage":"it-IT","@id":"https:\/\/www.amstelprinting.nl\/it\/#\/schema\/logo\/image\/","url":"https:\/\/www.amstelprinting.nl\/wp-content\/uploads\/amstel_printing_logo_clean.png","contentUrl":"https:\/\/www.amstelprinting.nl\/wp-content\/uploads\/amstel_printing_logo_clean.png","width":324,"height":73,"caption":"Amstel Printing"},"image":{"@id":"https:\/\/www.amstelprinting.nl\/it\/#\/schema\/logo\/image\/"}}]}},"_links":{"self":[{"href":"https:\/\/www.amstelprinting.nl\/it\/wp-json\/wp\/v2\/product\/15171","targetHints":{"allow":["GET"]}}],"collection":[{"href":"https:\/\/www.amstelprinting.nl\/it\/wp-json\/wp\/v2\/product"}],"about":[{"href":"https:\/\/www.amstelprinting.nl\/it\/wp-json\/wp\/v2\/types\/product"}],"wp:featuredmedia":[{"embeddable":true,"href":"https:\/\/www.amstelprinting.nl\/it\/wp-json\/wp\/v2\/media\/15172"}],"wp:attachment":[{"href":"https:\/\/www.amstelprinting.nl\/it\/wp-json\/wp\/v2\/media?parent=15171"}],"wp:term":[{"taxonomy":"product_brand","embeddable":true,"href":"https:\/\/www.amstelprinting.nl\/it\/wp-json\/wp\/v2\/product_brand?post=15171"},{"taxonomy":"product_cat","embeddable":true,"href":"https:\/\/www.amstelprinting.nl\/it\/wp-json\/wp\/v2\/product_cat?post=15171"},{"taxonomy":"product_tag","embeddable":true,"href":"https:\/\/www.amstelprinting.nl\/it\/wp-json\/wp\/v2\/product_tag?post=15171"}],"curies":[{"name":"wp","href":"https:\/\/api.w.org\/{rel}","templated":true}]}}