{"id":15181,"date":"2025-01-24T11:22:32","date_gmt":"2025-01-24T10:22:32","guid":{"rendered":"https:\/\/www.amstelprinting.nl\/winkel\/senza-categoria\/beursframe\/"},"modified":"2026-02-18T12:39:46","modified_gmt":"2026-02-18T11:39:46","slug":"cornice-per-fiere","status":"publish","type":"product","link":"https:\/\/www.amstelprinting.nl\/it\/negozio\/borsa-di-studio-evento\/pareti-espositive\/cornice-per-fiere\/","title":{"rendered":"Cornice per fiere"},"content":{"rendered":"<h3>Ordinare la cornice per fiere<\/h3>\n<p>Sia che tu scelga un set completo, un telo separato o solo una struttura, la nostra cornice per fiere stampata offre flessibilit\u00e0, qualit\u00e0 e stile. Con vari formati, versioni e la possibilit\u00e0 di un design personalizzato, la cornice per fiere assicura che il tuo marchio sia sempre ben visibile. Il telo si tende facilmente con gli elastici (ordinabili opzionalmente).<\/p>\n<h3>Vantaggi della cornice per fiere<\/h3>\n<ul>\n<li>Disponibile in tre formati<\/li>\n<li>Scegli la stampa monofacciale o bifacciale<\/li>\n<li>Carica facilmente il tuo design<\/li>\n<li>Flessibile: ordina facilmente una stampa separata<\/li>\n<li>Consegna rapidissima<\/li>\n<li>Economico: grazie ai 3 formati fissi<\/li>\n<\/ul>\n<p>&nbsp;<\/p>\n<h3>Formati e materiali<\/h3>\n<p>Le nostre cornici per fiere sono disponibili in tre pratici formati: S (200 x 200 cm), M (300 x 200 cm) e L (400 x 200 cm). Puoi scegliere di far stampare il tuo telo su un solo lato o su entrambi i lati. Per la stampa monofacciale viene utilizzato il materiale Banner 510. Banner 510 \u00e8 un telo in PVC con finitura lucida, ideale per stampe vivaci e adatto all&#8217;uso esterno grazie alle sue propriet\u00e0 idrorepellenti. Il Banner 610 viene utilizzato per la stampa bifacciale. Si tratta di un telo in PVC di altissima qualit\u00e0 e robustezza, adatto a tutte le condizioni atmosferiche. \u00c8 un materiale durevole che valorizza al meglio le stampe. Ha un aspetto opaco e, grazie alla sua funzione blockout, pu\u00f2 essere stampato su entrambi i lati (quindi non \u00e8 trasparente).<\/p>\n<h3>Accessori<\/h3>\n<p>Completa la tua cornice per fiere con i nostri elastici con gancio a ragno. Questi accessori assicurano che il telo rimanga teso e professionale sulla struttura. Con la nostra solida cornice per fiere, avrai uno strumento potente e flessibile, perfetto per ogni presentazione o fiera. Sia che tu voglia utilizzare un tuo design o scegliere un modello esistente, questa cornice per fiere in alluminio offre tutto il necessario per trasmettere il tuo messaggio in modo efficace.<\/p>\n","protected":false},"excerpt":{"rendered":"<h3>Parete espositiva completa per fiere o eventi<\/h3>\n<p>Vuoi lasciare un&#8217;impressione indimenticabile alla tua prossima fiera o evento? Scopri la nostra versatile cornice per fiere, la soluzione perfetta (ed economica) per ogni presentazione. Scegli la stampa monofacciale o bifacciale. Dotata di un solido telaio in alluminio perimetrale autoportante. Facile da montare (senza attrezzi). Configura qui sotto la tua cornice per fiere come desideri!<\/p>\n","protected":false},"featured_media":15182,"template":"","meta":{"_et_pb_use_builder":"","_et_pb_old_content":"","_et_gb_content_width":""},"product_brand":[],"product_cat":[430,412],"product_tag":[],"class_list":{"0":"post-15181","1":"product","2":"type-product","3":"status-publish","4":"has-post-thumbnail","6":"product_cat-borsa-di-studio-evento","7":"product_cat-pareti-espositive","9":"first","10":"instock","11":"taxable","12":"shipping-taxable","13":"purchasable","14":"product-type-simple"},"yoast_head":"<!-- This site is optimized with the Yoast SEO plugin v27.3 - https:\/\/yoast.com\/product\/yoast-seo-wordpress\/ -->\n<title>Cornice per fiere - Struttura professionale per la massima visibilit\u00e0<\/title>\n<meta name=\"description\" content=\"Crea una presentazione indimenticabile con la nostra cornice per fiere flessibile ed economica. Scegli tra tre formati e stampa monofacciale o bifacciale.\" \/>\n<meta name=\"robots\" content=\"index, follow, max-snippet:-1, max-image-preview:large, max-video-preview:-1\" \/>\n<link rel=\"canonical\" href=\"https:\/\/www.amstelprinting.nl\/it\/negozio\/borsa-di-studio-evento\/pareti-espositive\/cornice-per-fiere\/\" \/>\n<meta property=\"og:locale\" content=\"it_IT\" \/>\n<meta property=\"og:type\" content=\"article\" \/>\n<meta property=\"og:title\" content=\"Cornice per fiere - Struttura professionale per la massima visibilit\u00e0\" \/>\n<meta property=\"og:description\" content=\"Crea una presentazione indimenticabile con la nostra cornice per fiere flessibile ed economica. Scegli tra tre formati e stampa monofacciale o bifacciale.\" \/>\n<meta property=\"og:url\" content=\"https:\/\/www.amstelprinting.nl\/it\/negozio\/borsa-di-studio-evento\/pareti-espositive\/cornice-per-fiere\/\" \/>\n<meta property=\"og:site_name\" content=\"Amstel Printing\" \/>\n<meta property=\"article:modified_time\" content=\"2026-02-18T11:39:46+00:00\" \/>\n<meta property=\"og:image\" content=\"https:\/\/www.amstelprinting.nl\/wp-content\/uploads\/beursframe-bedrukken.png\" \/>\n\t<meta property=\"og:image:width\" content=\"700\" \/>\n\t<meta property=\"og:image:height\" content=\"700\" \/>\n\t<meta property=\"og:image:type\" content=\"image\/png\" \/>\n<meta name=\"twitter:card\" content=\"summary_large_image\" \/>\n<meta name=\"twitter:label1\" content=\"Tempo di lettura stimato\" \/>\n\t<meta name=\"twitter:data1\" content=\"2 minuti\" \/>\n<script type=\"application\/ld+json\" class=\"yoast-schema-graph\">{\"@context\":\"https:\\\/\\\/schema.org\",\"@graph\":[{\"@type\":\"WebPage\",\"@id\":\"https:\\\/\\\/www.amstelprinting.nl\\\/it\\\/negozio\\\/borsa-di-studio-evento\\\/pareti-espositive\\\/cornice-per-fiere\\\/\",\"url\":\"https:\\\/\\\/www.amstelprinting.nl\\\/it\\\/negozio\\\/borsa-di-studio-evento\\\/pareti-espositive\\\/cornice-per-fiere\\\/\",\"name\":\"Cornice per fiere - Struttura professionale per la massima visibilit\u00e0\",\"isPartOf\":{\"@id\":\"https:\\\/\\\/www.amstelprinting.nl\\\/it\\\/#website\"},\"primaryImageOfPage\":{\"@id\":\"https:\\\/\\\/www.amstelprinting.nl\\\/it\\\/negozio\\\/borsa-di-studio-evento\\\/pareti-espositive\\\/cornice-per-fiere\\\/#primaryimage\"},\"image\":{\"@id\":\"https:\\\/\\\/www.amstelprinting.nl\\\/it\\\/negozio\\\/borsa-di-studio-evento\\\/pareti-espositive\\\/cornice-per-fiere\\\/#primaryimage\"},\"thumbnailUrl\":\"https:\\\/\\\/www.amstelprinting.nl\\\/wp-content\\\/uploads\\\/beursframe-bedrukken.png\",\"datePublished\":\"2025-01-24T10:22:32+00:00\",\"dateModified\":\"2026-02-18T11:39:46+00:00\",\"description\":\"Crea una presentazione indimenticabile con la nostra cornice per fiere flessibile ed economica. Scegli tra tre formati e stampa monofacciale o bifacciale.\",\"breadcrumb\":{\"@id\":\"https:\\\/\\\/www.amstelprinting.nl\\\/it\\\/negozio\\\/borsa-di-studio-evento\\\/pareti-espositive\\\/cornice-per-fiere\\\/#breadcrumb\"},\"inLanguage\":\"it-IT\",\"potentialAction\":[{\"@type\":\"ReadAction\",\"target\":[\"https:\\\/\\\/www.amstelprinting.nl\\\/it\\\/negozio\\\/borsa-di-studio-evento\\\/pareti-espositive\\\/cornice-per-fiere\\\/\"]}]},{\"@type\":\"ImageObject\",\"inLanguage\":\"it-IT\",\"@id\":\"https:\\\/\\\/www.amstelprinting.nl\\\/it\\\/negozio\\\/borsa-di-studio-evento\\\/pareti-espositive\\\/cornice-per-fiere\\\/#primaryimage\",\"url\":\"https:\\\/\\\/www.amstelprinting.nl\\\/wp-content\\\/uploads\\\/beursframe-bedrukken.png\",\"contentUrl\":\"https:\\\/\\\/www.amstelprinting.nl\\\/wp-content\\\/uploads\\\/beursframe-bedrukken.png\",\"width\":700,\"height\":700},{\"@type\":\"BreadcrumbList\",\"@id\":\"https:\\\/\\\/www.amstelprinting.nl\\\/it\\\/negozio\\\/borsa-di-studio-evento\\\/pareti-espositive\\\/cornice-per-fiere\\\/#breadcrumb\",\"itemListElement\":[{\"@type\":\"ListItem\",\"position\":1,\"name\":\"\",\"item\":\"https:\\\/\\\/www.amstelprinting.nl\\\/it\\\/\"},{\"@type\":\"ListItem\",\"position\":2,\"name\":\"Amstel Printing\",\"item\":\"https:\\\/\\\/www.amstelprinting.nl\\\/it\\\/negozio\\\/\"},{\"@type\":\"ListItem\",\"position\":3,\"name\":\"Borsa di studio evento\",\"item\":\"https:\\\/\\\/www.amstelprinting.nl\\\/it\\\/categoria\\\/borsa-di-studio-evento\\\/\"},{\"@type\":\"ListItem\",\"position\":4,\"name\":\"Pareti espositive\",\"item\":\"https:\\\/\\\/www.amstelprinting.nl\\\/it\\\/categoria\\\/borsa-di-studio-evento\\\/pareti-espositive\\\/\"},{\"@type\":\"ListItem\",\"position\":5,\"name\":\"Cornice per fiere\"}]},{\"@type\":\"WebSite\",\"@id\":\"https:\\\/\\\/www.amstelprinting.nl\\\/it\\\/#website\",\"url\":\"https:\\\/\\\/www.amstelprinting.nl\\\/it\\\/\",\"name\":\"Amstel Printing\",\"description\":\"Creating Exposure\",\"publisher\":{\"@id\":\"https:\\\/\\\/www.amstelprinting.nl\\\/it\\\/#organization\"},\"potentialAction\":[{\"@type\":\"SearchAction\",\"target\":{\"@type\":\"EntryPoint\",\"urlTemplate\":\"https:\\\/\\\/www.amstelprinting.nl\\\/it\\\/?s={search_term_string}\"},\"query-input\":{\"@type\":\"PropertyValueSpecification\",\"valueRequired\":true,\"valueName\":\"search_term_string\"}}],\"inLanguage\":\"it-IT\"},{\"@type\":\"Organization\",\"@id\":\"https:\\\/\\\/www.amstelprinting.nl\\\/it\\\/#organization\",\"name\":\"Amstel Printing\",\"url\":\"https:\\\/\\\/www.amstelprinting.nl\\\/it\\\/\",\"logo\":{\"@type\":\"ImageObject\",\"inLanguage\":\"it-IT\",\"@id\":\"https:\\\/\\\/www.amstelprinting.nl\\\/it\\\/#\\\/schema\\\/logo\\\/image\\\/\",\"url\":\"https:\\\/\\\/www.amstelprinting.nl\\\/wp-content\\\/uploads\\\/amstel_printing_logo_clean.png\",\"contentUrl\":\"https:\\\/\\\/www.amstelprinting.nl\\\/wp-content\\\/uploads\\\/amstel_printing_logo_clean.png\",\"width\":324,\"height\":73,\"caption\":\"Amstel Printing\"},\"image\":{\"@id\":\"https:\\\/\\\/www.amstelprinting.nl\\\/it\\\/#\\\/schema\\\/logo\\\/image\\\/\"}}]}<\/script>\n<!-- \/ Yoast SEO plugin. -->","yoast_head_json":{"title":"Cornice per fiere - Struttura professionale per la massima visibilit\u00e0","description":"Crea una presentazione indimenticabile con la nostra cornice per fiere flessibile ed economica. Scegli tra tre formati e stampa monofacciale o bifacciale.","robots":{"index":"index","follow":"follow","max-snippet":"max-snippet:-1","max-image-preview":"max-image-preview:large","max-video-preview":"max-video-preview:-1"},"canonical":"https:\/\/www.amstelprinting.nl\/it\/negozio\/borsa-di-studio-evento\/pareti-espositive\/cornice-per-fiere\/","og_locale":"it_IT","og_type":"article","og_title":"Cornice per fiere - Struttura professionale per la massima visibilit\u00e0","og_description":"Crea una presentazione indimenticabile con la nostra cornice per fiere flessibile ed economica. Scegli tra tre formati e stampa monofacciale o bifacciale.","og_url":"https:\/\/www.amstelprinting.nl\/it\/negozio\/borsa-di-studio-evento\/pareti-espositive\/cornice-per-fiere\/","og_site_name":"Amstel Printing","article_modified_time":"2026-02-18T11:39:46+00:00","og_image":[{"width":700,"height":700,"url":"https:\/\/www.amstelprinting.nl\/wp-content\/uploads\/beursframe-bedrukken.png","type":"image\/png"}],"twitter_card":"summary_large_image","twitter_misc":{"Tempo di lettura stimato":"2 minuti"},"schema":{"@context":"https:\/\/schema.org","@graph":[{"@type":"WebPage","@id":"https:\/\/www.amstelprinting.nl\/it\/negozio\/borsa-di-studio-evento\/pareti-espositive\/cornice-per-fiere\/","url":"https:\/\/www.amstelprinting.nl\/it\/negozio\/borsa-di-studio-evento\/pareti-espositive\/cornice-per-fiere\/","name":"Cornice per fiere - Struttura professionale per la massima visibilit\u00e0","isPartOf":{"@id":"https:\/\/www.amstelprinting.nl\/it\/#website"},"primaryImageOfPage":{"@id":"https:\/\/www.amstelprinting.nl\/it\/negozio\/borsa-di-studio-evento\/pareti-espositive\/cornice-per-fiere\/#primaryimage"},"image":{"@id":"https:\/\/www.amstelprinting.nl\/it\/negozio\/borsa-di-studio-evento\/pareti-espositive\/cornice-per-fiere\/#primaryimage"},"thumbnailUrl":"https:\/\/www.amstelprinting.nl\/wp-content\/uploads\/beursframe-bedrukken.png","datePublished":"2025-01-24T10:22:32+00:00","dateModified":"2026-02-18T11:39:46+00:00","description":"Crea una presentazione indimenticabile con la nostra cornice per fiere flessibile ed economica. Scegli tra tre formati e stampa monofacciale o bifacciale.","breadcrumb":{"@id":"https:\/\/www.amstelprinting.nl\/it\/negozio\/borsa-di-studio-evento\/pareti-espositive\/cornice-per-fiere\/#breadcrumb"},"inLanguage":"it-IT","potentialAction":[{"@type":"ReadAction","target":["https:\/\/www.amstelprinting.nl\/it\/negozio\/borsa-di-studio-evento\/pareti-espositive\/cornice-per-fiere\/"]}]},{"@type":"ImageObject","inLanguage":"it-IT","@id":"https:\/\/www.amstelprinting.nl\/it\/negozio\/borsa-di-studio-evento\/pareti-espositive\/cornice-per-fiere\/#primaryimage","url":"https:\/\/www.amstelprinting.nl\/wp-content\/uploads\/beursframe-bedrukken.png","contentUrl":"https:\/\/www.amstelprinting.nl\/wp-content\/uploads\/beursframe-bedrukken.png","width":700,"height":700},{"@type":"BreadcrumbList","@id":"https:\/\/www.amstelprinting.nl\/it\/negozio\/borsa-di-studio-evento\/pareti-espositive\/cornice-per-fiere\/#breadcrumb","itemListElement":[{"@type":"ListItem","position":1,"name":"","item":"https:\/\/www.amstelprinting.nl\/it\/"},{"@type":"ListItem","position":2,"name":"Amstel Printing","item":"https:\/\/www.amstelprinting.nl\/it\/negozio\/"},{"@type":"ListItem","position":3,"name":"Borsa di studio evento","item":"https:\/\/www.amstelprinting.nl\/it\/categoria\/borsa-di-studio-evento\/"},{"@type":"ListItem","position":4,"name":"Pareti espositive","item":"https:\/\/www.amstelprinting.nl\/it\/categoria\/borsa-di-studio-evento\/pareti-espositive\/"},{"@type":"ListItem","position":5,"name":"Cornice per fiere"}]},{"@type":"WebSite","@id":"https:\/\/www.amstelprinting.nl\/it\/#website","url":"https:\/\/www.amstelprinting.nl\/it\/","name":"Amstel Printing","description":"Creating Exposure","publisher":{"@id":"https:\/\/www.amstelprinting.nl\/it\/#organization"},"potentialAction":[{"@type":"SearchAction","target":{"@type":"EntryPoint","urlTemplate":"https:\/\/www.amstelprinting.nl\/it\/?s={search_term_string}"},"query-input":{"@type":"PropertyValueSpecification","valueRequired":true,"valueName":"search_term_string"}}],"inLanguage":"it-IT"},{"@type":"Organization","@id":"https:\/\/www.amstelprinting.nl\/it\/#organization","name":"Amstel Printing","url":"https:\/\/www.amstelprinting.nl\/it\/","logo":{"@type":"ImageObject","inLanguage":"it-IT","@id":"https:\/\/www.amstelprinting.nl\/it\/#\/schema\/logo\/image\/","url":"https:\/\/www.amstelprinting.nl\/wp-content\/uploads\/amstel_printing_logo_clean.png","contentUrl":"https:\/\/www.amstelprinting.nl\/wp-content\/uploads\/amstel_printing_logo_clean.png","width":324,"height":73,"caption":"Amstel Printing"},"image":{"@id":"https:\/\/www.amstelprinting.nl\/it\/#\/schema\/logo\/image\/"}}]}},"_links":{"self":[{"href":"https:\/\/www.amstelprinting.nl\/it\/wp-json\/wp\/v2\/product\/15181","targetHints":{"allow":["GET"]}}],"collection":[{"href":"https:\/\/www.amstelprinting.nl\/it\/wp-json\/wp\/v2\/product"}],"about":[{"href":"https:\/\/www.amstelprinting.nl\/it\/wp-json\/wp\/v2\/types\/product"}],"wp:featuredmedia":[{"embeddable":true,"href":"https:\/\/www.amstelprinting.nl\/it\/wp-json\/wp\/v2\/media\/15182"}],"wp:attachment":[{"href":"https:\/\/www.amstelprinting.nl\/it\/wp-json\/wp\/v2\/media?parent=15181"}],"wp:term":[{"taxonomy":"product_brand","embeddable":true,"href":"https:\/\/www.amstelprinting.nl\/it\/wp-json\/wp\/v2\/product_brand?post=15181"},{"taxonomy":"product_cat","embeddable":true,"href":"https:\/\/www.amstelprinting.nl\/it\/wp-json\/wp\/v2\/product_cat?post=15181"},{"taxonomy":"product_tag","embeddable":true,"href":"https:\/\/www.amstelprinting.nl\/it\/wp-json\/wp\/v2\/product_tag?post=15181"}],"curies":[{"name":"wp","href":"https:\/\/api.w.org\/{rel}","templated":true}]}}