{"id":15194,"date":"2025-01-24T11:13:42","date_gmt":"2025-01-24T10:13:42","guid":{"rendered":"https:\/\/www.amstelprinting.nl\/winkel\/senza-categoria\/vloermatten\/"},"modified":"2026-02-18T12:39:47","modified_gmt":"2026-02-18T11:39:47","slug":"tappeti-personalizzati","status":"publish","type":"product","link":"https:\/\/www.amstelprinting.nl\/it\/negozio\/interno\/decorazione-del-pavimento\/tappeti-personalizzati\/","title":{"rendered":"Tappeti personalizzati"},"content":{"rendered":"<h3>Stampa tappeti personalizzati<\/h3>\n<p>I nostri tappeti sono versatili e funzionali per eventi di lunga e breve durata. I tappetini sono facili da posare e rimuovere, il che li rende prodotti popolari per le fiere. Amstel Printing offre due diversi tipi di tappeti: come zerbino asciugapassi o come vinile per pavimenti.<\/p>\n<h3>Vantaggi<\/h3>\n<ul>\n<li>Adatto all&#8217;uso su superfici piane<\/li>\n<li>Facile da pulire (lavabile)<\/li>\n<li>Facile da spostare e riutilizzabile<\/li>\n<li>Dotato di stampa antiscivolo e resistente all&#8217;usura<\/li>\n<\/ul>\n<p>&nbsp;<\/p>\n<h3>Zerbino asciugapassi<\/h3>\n<p>Lo zerbino asciugapassi \u00e8 ideale per aree ad alto traffico, poich\u00e9 cattura efficacemente sporco e umidit\u00e0, mantenendo i pavimenti puliti e sicuri. Il retro \u00e8 dotato di un supporto in TPE, realizzato con materiale riciclato, che non solo offre un elevato valore antiscivolo, ma contribuisce anche al carattere sostenibile di ogni interno.<\/p>\n<h3>Vinile per pavimenti<\/h3>\n<p>Il vinile per pavimenti ha una parte anteriore strutturata e antiscivolo e una comoda parte posteriore in schiuma. Questo materiale \u00e8 ideale per applicazioni temporanee, come fiere ed eventi, dove sia la sicurezza che il comfort sono importanti.<\/p>\n<p>I nostri tappeti sono appositamente progettati per l&#8217;uso interno, il che li rende perfetti per uffici, aree di ricevimento, negozi e altri ambienti commerciali. Con la loro combinazione di funzionalit\u00e0 e stile, contribuiscono a dare una prima impressione positiva a ogni ingresso e spazio (aziendale).<\/p>\n<h3>Finitura<\/h3>\n<p>Entrambi i tappeti sono facilmente adattabili ai vostri desideri specifici. \u00c8 possibile scegliere tra il taglio standard o il taglio sagomato, affinch\u00e9 il tappeto si adatti perfettamente alla disposizione del vostro spazio. Ci\u00f2 rende l&#8217;installazione molto semplice e garantisce una finitura professionale.<\/p>\n<p>Scegliete i nostri tappeti e investite nella sicurezza e nell&#8217;aspetto del vostro spazio interno. Con una combinazione perfetta di funzionalit\u00e0, estetica e durata, sono il complemento ideale per ogni ambiente.<\/p>\n","protected":false},"excerpt":{"rendered":"<p>Trasforma ogni spazio interno con l&#8217;aiuto dei nostri tappeti di alta qualit\u00e0. Scegli tra lo zerbino asciugapassi o il vinile per pavimenti in base alle tue esigenze. Entrambe le opzioni di tappeto sono progettate per offrire comfort ottimale, sicurezza e protezione del sottopavimento. Completamente personalizzabili con una stampa all-over nitidissima.<\/p>\n","protected":false},"featured_media":15196,"template":"","meta":{"_et_pb_use_builder":"","_et_pb_old_content":"","_et_gb_content_width":""},"product_brand":[],"product_cat":[430,426,568,544,420],"product_tag":[],"class_list":{"0":"post-15194","1":"product","2":"type-product","3":"status-publish","4":"has-post-thumbnail","6":"product_cat-borsa-di-studio-evento","7":"product_cat-decorazione","8":"product_cat-decorazione-del-pavimento","9":"product_cat-interno","10":"product_cat-piani-commerciali","12":"first","13":"instock","14":"taxable","15":"shipping-taxable","16":"purchasable","17":"product-type-simple"},"yoast_head":"<!-- This site is optimized with the Yoast SEO plugin v27.3 - https:\/\/yoast.com\/product\/yoast-seo-wordpress\/ -->\n<title>Tappeti personalizzati | Amstel Printing<\/title>\n<meta name=\"robots\" content=\"index, follow, max-snippet:-1, max-image-preview:large, max-video-preview:-1\" \/>\n<link rel=\"canonical\" href=\"https:\/\/www.amstelprinting.nl\/it\/negozio\/interno\/decorazione-del-pavimento\/tappeti-personalizzati\/\" \/>\n<meta property=\"og:locale\" content=\"it_IT\" \/>\n<meta property=\"og:type\" content=\"article\" \/>\n<meta property=\"og:title\" content=\"Tappeti personalizzati | Amstel Printing\" \/>\n<meta property=\"og:description\" content=\"Trasforma ogni spazio interno con l&#039;aiuto dei nostri tappeti di alta qualit\u00e0. Scegli tra lo zerbino asciugapassi o il vinile per pavimenti in base alle tue esigenze. Entrambe le opzioni di tappeto sono progettate per offrire comfort ottimale, sicurezza e protezione del sottopavimento. Completamente personalizzabili con una stampa all-over nitidissima.\" \/>\n<meta property=\"og:url\" content=\"https:\/\/www.amstelprinting.nl\/it\/negozio\/interno\/decorazione-del-pavimento\/tappeti-personalizzati\/\" \/>\n<meta property=\"og:site_name\" content=\"Amstel Printing\" \/>\n<meta property=\"article:modified_time\" content=\"2026-02-18T11:39:47+00:00\" \/>\n<meta property=\"og:image\" content=\"https:\/\/www.amstelprinting.nl\/wp-content\/uploads\/Vloerzeil2-1.jpg\" \/>\n\t<meta property=\"og:image:width\" content=\"700\" \/>\n\t<meta property=\"og:image:height\" content=\"700\" \/>\n\t<meta property=\"og:image:type\" content=\"image\/jpeg\" \/>\n<meta name=\"twitter:card\" content=\"summary_large_image\" \/>\n<meta name=\"twitter:label1\" content=\"Tempo di lettura stimato\" \/>\n\t<meta name=\"twitter:data1\" content=\"1 minuto\" \/>\n<script type=\"application\/ld+json\" class=\"yoast-schema-graph\">{\"@context\":\"https:\\\/\\\/schema.org\",\"@graph\":[{\"@type\":\"WebPage\",\"@id\":\"https:\\\/\\\/www.amstelprinting.nl\\\/it\\\/negozio\\\/interno\\\/decorazione-del-pavimento\\\/tappeti-personalizzati\\\/\",\"url\":\"https:\\\/\\\/www.amstelprinting.nl\\\/it\\\/negozio\\\/interno\\\/decorazione-del-pavimento\\\/tappeti-personalizzati\\\/\",\"name\":\"Tappeti personalizzati | Amstel Printing\",\"isPartOf\":{\"@id\":\"https:\\\/\\\/www.amstelprinting.nl\\\/it\\\/#website\"},\"primaryImageOfPage\":{\"@id\":\"https:\\\/\\\/www.amstelprinting.nl\\\/it\\\/negozio\\\/interno\\\/decorazione-del-pavimento\\\/tappeti-personalizzati\\\/#primaryimage\"},\"image\":{\"@id\":\"https:\\\/\\\/www.amstelprinting.nl\\\/it\\\/negozio\\\/interno\\\/decorazione-del-pavimento\\\/tappeti-personalizzati\\\/#primaryimage\"},\"thumbnailUrl\":\"https:\\\/\\\/www.amstelprinting.nl\\\/wp-content\\\/uploads\\\/Vloerzeil2-1.jpg\",\"datePublished\":\"2025-01-24T10:13:42+00:00\",\"dateModified\":\"2026-02-18T11:39:47+00:00\",\"breadcrumb\":{\"@id\":\"https:\\\/\\\/www.amstelprinting.nl\\\/it\\\/negozio\\\/interno\\\/decorazione-del-pavimento\\\/tappeti-personalizzati\\\/#breadcrumb\"},\"inLanguage\":\"it-IT\",\"potentialAction\":[{\"@type\":\"ReadAction\",\"target\":[\"https:\\\/\\\/www.amstelprinting.nl\\\/it\\\/negozio\\\/interno\\\/decorazione-del-pavimento\\\/tappeti-personalizzati\\\/\"]}]},{\"@type\":\"ImageObject\",\"inLanguage\":\"it-IT\",\"@id\":\"https:\\\/\\\/www.amstelprinting.nl\\\/it\\\/negozio\\\/interno\\\/decorazione-del-pavimento\\\/tappeti-personalizzati\\\/#primaryimage\",\"url\":\"https:\\\/\\\/www.amstelprinting.nl\\\/wp-content\\\/uploads\\\/Vloerzeil2-1.jpg\",\"contentUrl\":\"https:\\\/\\\/www.amstelprinting.nl\\\/wp-content\\\/uploads\\\/Vloerzeil2-1.jpg\",\"width\":700,\"height\":700},{\"@type\":\"BreadcrumbList\",\"@id\":\"https:\\\/\\\/www.amstelprinting.nl\\\/it\\\/negozio\\\/interno\\\/decorazione-del-pavimento\\\/tappeti-personalizzati\\\/#breadcrumb\",\"itemListElement\":[{\"@type\":\"ListItem\",\"position\":1,\"name\":\"\",\"item\":\"https:\\\/\\\/www.amstelprinting.nl\\\/it\\\/\"},{\"@type\":\"ListItem\",\"position\":2,\"name\":\"Amstel Printing\",\"item\":\"https:\\\/\\\/www.amstelprinting.nl\\\/it\\\/negozio\\\/\"},{\"@type\":\"ListItem\",\"position\":3,\"name\":\"Borsa di studio evento\",\"item\":\"https:\\\/\\\/www.amstelprinting.nl\\\/it\\\/categoria\\\/borsa-di-studio-evento\\\/\"},{\"@type\":\"ListItem\",\"position\":4,\"name\":\"Decorazione\",\"item\":\"https:\\\/\\\/www.amstelprinting.nl\\\/it\\\/categoria\\\/borsa-di-studio-evento\\\/decorazione\\\/\"},{\"@type\":\"ListItem\",\"position\":5,\"name\":\"Tappeti personalizzati\"}]},{\"@type\":\"WebSite\",\"@id\":\"https:\\\/\\\/www.amstelprinting.nl\\\/it\\\/#website\",\"url\":\"https:\\\/\\\/www.amstelprinting.nl\\\/it\\\/\",\"name\":\"Amstel Printing\",\"description\":\"Creating Exposure\",\"publisher\":{\"@id\":\"https:\\\/\\\/www.amstelprinting.nl\\\/it\\\/#organization\"},\"potentialAction\":[{\"@type\":\"SearchAction\",\"target\":{\"@type\":\"EntryPoint\",\"urlTemplate\":\"https:\\\/\\\/www.amstelprinting.nl\\\/it\\\/?s={search_term_string}\"},\"query-input\":{\"@type\":\"PropertyValueSpecification\",\"valueRequired\":true,\"valueName\":\"search_term_string\"}}],\"inLanguage\":\"it-IT\"},{\"@type\":\"Organization\",\"@id\":\"https:\\\/\\\/www.amstelprinting.nl\\\/it\\\/#organization\",\"name\":\"Amstel Printing\",\"url\":\"https:\\\/\\\/www.amstelprinting.nl\\\/it\\\/\",\"logo\":{\"@type\":\"ImageObject\",\"inLanguage\":\"it-IT\",\"@id\":\"https:\\\/\\\/www.amstelprinting.nl\\\/it\\\/#\\\/schema\\\/logo\\\/image\\\/\",\"url\":\"https:\\\/\\\/www.amstelprinting.nl\\\/wp-content\\\/uploads\\\/amstel_printing_logo_clean.png\",\"contentUrl\":\"https:\\\/\\\/www.amstelprinting.nl\\\/wp-content\\\/uploads\\\/amstel_printing_logo_clean.png\",\"width\":324,\"height\":73,\"caption\":\"Amstel Printing\"},\"image\":{\"@id\":\"https:\\\/\\\/www.amstelprinting.nl\\\/it\\\/#\\\/schema\\\/logo\\\/image\\\/\"}}]}<\/script>\n<!-- \/ Yoast SEO plugin. -->","yoast_head_json":{"title":"Tappeti personalizzati | Amstel Printing","robots":{"index":"index","follow":"follow","max-snippet":"max-snippet:-1","max-image-preview":"max-image-preview:large","max-video-preview":"max-video-preview:-1"},"canonical":"https:\/\/www.amstelprinting.nl\/it\/negozio\/interno\/decorazione-del-pavimento\/tappeti-personalizzati\/","og_locale":"it_IT","og_type":"article","og_title":"Tappeti personalizzati | Amstel Printing","og_description":"Trasforma ogni spazio interno con l'aiuto dei nostri tappeti di alta qualit\u00e0. Scegli tra lo zerbino asciugapassi o il vinile per pavimenti in base alle tue esigenze. Entrambe le opzioni di tappeto sono progettate per offrire comfort ottimale, sicurezza e protezione del sottopavimento. Completamente personalizzabili con una stampa all-over nitidissima.","og_url":"https:\/\/www.amstelprinting.nl\/it\/negozio\/interno\/decorazione-del-pavimento\/tappeti-personalizzati\/","og_site_name":"Amstel Printing","article_modified_time":"2026-02-18T11:39:47+00:00","og_image":[{"width":700,"height":700,"url":"https:\/\/www.amstelprinting.nl\/wp-content\/uploads\/Vloerzeil2-1.jpg","type":"image\/jpeg"}],"twitter_card":"summary_large_image","twitter_misc":{"Tempo di lettura stimato":"1 minuto"},"schema":{"@context":"https:\/\/schema.org","@graph":[{"@type":"WebPage","@id":"https:\/\/www.amstelprinting.nl\/it\/negozio\/interno\/decorazione-del-pavimento\/tappeti-personalizzati\/","url":"https:\/\/www.amstelprinting.nl\/it\/negozio\/interno\/decorazione-del-pavimento\/tappeti-personalizzati\/","name":"Tappeti personalizzati | Amstel Printing","isPartOf":{"@id":"https:\/\/www.amstelprinting.nl\/it\/#website"},"primaryImageOfPage":{"@id":"https:\/\/www.amstelprinting.nl\/it\/negozio\/interno\/decorazione-del-pavimento\/tappeti-personalizzati\/#primaryimage"},"image":{"@id":"https:\/\/www.amstelprinting.nl\/it\/negozio\/interno\/decorazione-del-pavimento\/tappeti-personalizzati\/#primaryimage"},"thumbnailUrl":"https:\/\/www.amstelprinting.nl\/wp-content\/uploads\/Vloerzeil2-1.jpg","datePublished":"2025-01-24T10:13:42+00:00","dateModified":"2026-02-18T11:39:47+00:00","breadcrumb":{"@id":"https:\/\/www.amstelprinting.nl\/it\/negozio\/interno\/decorazione-del-pavimento\/tappeti-personalizzati\/#breadcrumb"},"inLanguage":"it-IT","potentialAction":[{"@type":"ReadAction","target":["https:\/\/www.amstelprinting.nl\/it\/negozio\/interno\/decorazione-del-pavimento\/tappeti-personalizzati\/"]}]},{"@type":"ImageObject","inLanguage":"it-IT","@id":"https:\/\/www.amstelprinting.nl\/it\/negozio\/interno\/decorazione-del-pavimento\/tappeti-personalizzati\/#primaryimage","url":"https:\/\/www.amstelprinting.nl\/wp-content\/uploads\/Vloerzeil2-1.jpg","contentUrl":"https:\/\/www.amstelprinting.nl\/wp-content\/uploads\/Vloerzeil2-1.jpg","width":700,"height":700},{"@type":"BreadcrumbList","@id":"https:\/\/www.amstelprinting.nl\/it\/negozio\/interno\/decorazione-del-pavimento\/tappeti-personalizzati\/#breadcrumb","itemListElement":[{"@type":"ListItem","position":1,"name":"","item":"https:\/\/www.amstelprinting.nl\/it\/"},{"@type":"ListItem","position":2,"name":"Amstel Printing","item":"https:\/\/www.amstelprinting.nl\/it\/negozio\/"},{"@type":"ListItem","position":3,"name":"Borsa di studio evento","item":"https:\/\/www.amstelprinting.nl\/it\/categoria\/borsa-di-studio-evento\/"},{"@type":"ListItem","position":4,"name":"Decorazione","item":"https:\/\/www.amstelprinting.nl\/it\/categoria\/borsa-di-studio-evento\/decorazione\/"},{"@type":"ListItem","position":5,"name":"Tappeti personalizzati"}]},{"@type":"WebSite","@id":"https:\/\/www.amstelprinting.nl\/it\/#website","url":"https:\/\/www.amstelprinting.nl\/it\/","name":"Amstel Printing","description":"Creating Exposure","publisher":{"@id":"https:\/\/www.amstelprinting.nl\/it\/#organization"},"potentialAction":[{"@type":"SearchAction","target":{"@type":"EntryPoint","urlTemplate":"https:\/\/www.amstelprinting.nl\/it\/?s={search_term_string}"},"query-input":{"@type":"PropertyValueSpecification","valueRequired":true,"valueName":"search_term_string"}}],"inLanguage":"it-IT"},{"@type":"Organization","@id":"https:\/\/www.amstelprinting.nl\/it\/#organization","name":"Amstel Printing","url":"https:\/\/www.amstelprinting.nl\/it\/","logo":{"@type":"ImageObject","inLanguage":"it-IT","@id":"https:\/\/www.amstelprinting.nl\/it\/#\/schema\/logo\/image\/","url":"https:\/\/www.amstelprinting.nl\/wp-content\/uploads\/amstel_printing_logo_clean.png","contentUrl":"https:\/\/www.amstelprinting.nl\/wp-content\/uploads\/amstel_printing_logo_clean.png","width":324,"height":73,"caption":"Amstel Printing"},"image":{"@id":"https:\/\/www.amstelprinting.nl\/it\/#\/schema\/logo\/image\/"}}]}},"_links":{"self":[{"href":"https:\/\/www.amstelprinting.nl\/it\/wp-json\/wp\/v2\/product\/15194","targetHints":{"allow":["GET"]}}],"collection":[{"href":"https:\/\/www.amstelprinting.nl\/it\/wp-json\/wp\/v2\/product"}],"about":[{"href":"https:\/\/www.amstelprinting.nl\/it\/wp-json\/wp\/v2\/types\/product"}],"wp:featuredmedia":[{"embeddable":true,"href":"https:\/\/www.amstelprinting.nl\/it\/wp-json\/wp\/v2\/media\/15196"}],"wp:attachment":[{"href":"https:\/\/www.amstelprinting.nl\/it\/wp-json\/wp\/v2\/media?parent=15194"}],"wp:term":[{"taxonomy":"product_brand","embeddable":true,"href":"https:\/\/www.amstelprinting.nl\/it\/wp-json\/wp\/v2\/product_brand?post=15194"},{"taxonomy":"product_cat","embeddable":true,"href":"https:\/\/www.amstelprinting.nl\/it\/wp-json\/wp\/v2\/product_cat?post=15194"},{"taxonomy":"product_tag","embeddable":true,"href":"https:\/\/www.amstelprinting.nl\/it\/wp-json\/wp\/v2\/product_tag?post=15194"}],"curies":[{"name":"wp","href":"https:\/\/api.w.org\/{rel}","templated":true}]}}