{"id":15206,"date":"2025-01-23T21:05:11","date_gmt":"2025-01-23T20:05:11","guid":{"rendered":"https:\/\/www.amstelprinting.nl\/winkel\/senza-categoria\/deurmat\/"},"modified":"2026-02-18T12:39:48","modified_gmt":"2026-02-18T11:39:48","slug":"zerbino","status":"publish","type":"product","link":"https:\/\/www.amstelprinting.nl\/it\/negozio\/interno\/casa-settore-della-ristorazione\/zerbino\/","title":{"rendered":"Zerbino"},"content":{"rendered":"<h3>Stampa zerbini<\/h3>\n<p>Uno zerbino personalizzato con una stampa a scelta aggiunge valore all&#8217;aspetto di ogni ingresso. Combina diverse funzionalit\u00e0: promuovi il tuo messaggio o marchio e allo stesso tempo tieni lo sporco fuori dalla porta. Gli zerbini stampati sono perfetti sia per applicazioni interne che esterne e possono essere ordinati in qualsiasi dimensione e forma desiderata. Inoltre, gli zerbini sono sicuri da usare; da un lato sono dotati di antiscivolo e dall&#8217;altro il materiale \u00e8 ignifugo.<\/p>\n<h3>Perch\u00e9 ordinare degli zerbini?<\/h3>\n<ul>\n<li>Ordina lo zerbino in una dimensione a scelta<\/li>\n<li>Consegnato entro 4 giorni lavorativi<\/li>\n<li>Disponibile in qualsiasi forma desiderata (taglio a contorno)<\/li>\n<li>Stampa di alta qualit\u00e0 con un design personalizzato o un motivo a scelta<\/li>\n<li>Dotato di antiscivolo e propriet\u00e0 resistenti all&#8217;usura<\/li>\n<li>Ordina facilmente accessori opzionali (nastro biadesivo)<\/li>\n<li>Conforme alle norme di sicurezza antincendio con il certificato antincendio per il vinile per pavimenti<\/li>\n<\/ul>\n<p>&nbsp;<\/p>\n<h3>Quale zerbino \u00e8 adatto al mio ingresso?<br \/>\nScegli tra 3 opzioni.<\/h3>\n<p>Amstel Printing ha tre diversi zerbini personalizzabili nel suo assortimento: lo <strong>zerbino asciugapassi<\/strong>, il <strong>vinile per pavimenti<\/strong> e lo <strong>zerbino per esterni<\/strong>. Di seguito spieghiamo brevemente le propriet\u00e0 per ogni tipo di tappetino. In questo modo potrai far stampare lo zerbino giusto in modo semplice e veloce.<\/p>\n<h4>1. Zerbino asciugapassi (con antiscivolo)<\/h4>\n<p>Lo zerbino asciugapassi \u00e8 uno zerbino a pelo corto. Come dice il nome, lo zerbino asciugapassi blocca lo sporco e l&#8217;umidit\u00e0. Di conseguenza, i pavimenti rimangono puliti pi\u00f9 a lungo e si usurano meno rapidamente. Lo zerbino asciugapassi \u00e8 composto da un lato anteriore strutturato in fibre sintetiche. Il lato posteriore \u00e8 dotato di un supporto in TPE. Si tratta di materiale riciclato che garantisce un elevato valore antiscivolo.<\/p>\n<h4>2. Vinile per pavimenti (applicazioni temporanee)<\/h4>\n<p>Vinile con lato anteriore antiscivolo strutturato e lato posteriore in schiuma. Perfetto per applicazioni temporanee come fiere ed eventi.<\/p>\n<h4>3. Tappetino per esterni<\/h4>\n<p>Il tappetino per esterni \u00e8 realizzato in materiale di alta qualit\u00e0 resistente all&#8217;usura, che lo rende duraturo nel tempo. Anche in caso di uso intensivo.<\/p>\n","protected":false},"excerpt":{"rendered":"<h3>Stampa di zerbini con il proprio design.<\/h3>\n<p>Crea una calda accoglienza e mantieni i pavimenti puliti. Da noi puoi ordinare zerbini con una stampa o un design a tua scelta. Il formato e la forma li scegli tu. Lo zerbino stampato \u00e8 disponibile come zerbino asciugapassi (con antiscivolo), vinile per pavimenti (uso temporaneo) o come zerbino per esterni (adatto per l&#8217;esterno). Componi il tuo zerbino stampato in pochi passaggi qui sotto.<\/p>\n","protected":false},"featured_media":15207,"template":"","meta":{"_et_pb_use_builder":"","_et_pb_old_content":"","_et_gb_content_width":""},"product_brand":[],"product_cat":[562,568,544],"product_tag":[],"class_list":{"0":"post-15206","1":"product","2":"type-product","3":"status-publish","4":"has-post-thumbnail","6":"product_cat-casa-settore-della-ristorazione","7":"product_cat-decorazione-del-pavimento","8":"product_cat-interno","10":"first","11":"instock","12":"taxable","13":"shipping-taxable","14":"purchasable","15":"product-type-simple"},"yoast_head":"<!-- This site is optimized with the Yoast SEO plugin v27.3 - https:\/\/yoast.com\/product\/yoast-seo-wordpress\/ -->\n<title>Zerbino | Amstel Printing<\/title>\n<meta name=\"robots\" content=\"index, follow, max-snippet:-1, max-image-preview:large, max-video-preview:-1\" \/>\n<link rel=\"canonical\" href=\"https:\/\/www.amstelprinting.nl\/it\/negozio\/interno\/casa-settore-della-ristorazione\/zerbino\/\" \/>\n<meta property=\"og:locale\" content=\"it_IT\" \/>\n<meta property=\"og:type\" content=\"article\" \/>\n<meta property=\"og:title\" content=\"Zerbino | Amstel Printing\" \/>\n<meta property=\"og:description\" content=\"Stampa di zerbini con il proprio design. Crea una calda accoglienza e mantieni i pavimenti puliti. Da noi puoi ordinare zerbini con una stampa o un design a tua scelta. Il formato e la forma li scegli tu. Lo zerbino stampato \u00e8 disponibile come zerbino asciugapassi (con antiscivolo), vinile per pavimenti (uso temporaneo) o come zerbino per esterni (adatto per l&#039;esterno). Componi il tuo zerbino stampato in pochi passaggi qui sotto.\" \/>\n<meta property=\"og:url\" content=\"https:\/\/www.amstelprinting.nl\/it\/negozio\/interno\/casa-settore-della-ristorazione\/zerbino\/\" \/>\n<meta property=\"og:site_name\" content=\"Amstel Printing\" \/>\n<meta property=\"article:modified_time\" content=\"2026-02-18T11:39:48+00:00\" \/>\n<meta property=\"og:image\" content=\"https:\/\/www.amstelprinting.nl\/wp-content\/uploads\/Outdoor-vloermat.jpg\" \/>\n\t<meta property=\"og:image:width\" content=\"700\" \/>\n\t<meta property=\"og:image:height\" content=\"700\" \/>\n\t<meta property=\"og:image:type\" content=\"image\/jpeg\" \/>\n<meta name=\"twitter:card\" content=\"summary_large_image\" \/>\n<meta name=\"twitter:label1\" content=\"Tempo di lettura stimato\" \/>\n\t<meta name=\"twitter:data1\" content=\"2 minuti\" \/>\n<script type=\"application\/ld+json\" class=\"yoast-schema-graph\">{\"@context\":\"https:\\\/\\\/schema.org\",\"@graph\":[{\"@type\":\"WebPage\",\"@id\":\"https:\\\/\\\/www.amstelprinting.nl\\\/it\\\/negozio\\\/interno\\\/casa-settore-della-ristorazione\\\/zerbino\\\/\",\"url\":\"https:\\\/\\\/www.amstelprinting.nl\\\/it\\\/negozio\\\/interno\\\/casa-settore-della-ristorazione\\\/zerbino\\\/\",\"name\":\"Zerbino | Amstel Printing\",\"isPartOf\":{\"@id\":\"https:\\\/\\\/www.amstelprinting.nl\\\/it\\\/#website\"},\"primaryImageOfPage\":{\"@id\":\"https:\\\/\\\/www.amstelprinting.nl\\\/it\\\/negozio\\\/interno\\\/casa-settore-della-ristorazione\\\/zerbino\\\/#primaryimage\"},\"image\":{\"@id\":\"https:\\\/\\\/www.amstelprinting.nl\\\/it\\\/negozio\\\/interno\\\/casa-settore-della-ristorazione\\\/zerbino\\\/#primaryimage\"},\"thumbnailUrl\":\"https:\\\/\\\/www.amstelprinting.nl\\\/wp-content\\\/uploads\\\/Outdoor-vloermat.jpg\",\"datePublished\":\"2025-01-23T20:05:11+00:00\",\"dateModified\":\"2026-02-18T11:39:48+00:00\",\"breadcrumb\":{\"@id\":\"https:\\\/\\\/www.amstelprinting.nl\\\/it\\\/negozio\\\/interno\\\/casa-settore-della-ristorazione\\\/zerbino\\\/#breadcrumb\"},\"inLanguage\":\"it-IT\",\"potentialAction\":[{\"@type\":\"ReadAction\",\"target\":[\"https:\\\/\\\/www.amstelprinting.nl\\\/it\\\/negozio\\\/interno\\\/casa-settore-della-ristorazione\\\/zerbino\\\/\"]}]},{\"@type\":\"ImageObject\",\"inLanguage\":\"it-IT\",\"@id\":\"https:\\\/\\\/www.amstelprinting.nl\\\/it\\\/negozio\\\/interno\\\/casa-settore-della-ristorazione\\\/zerbino\\\/#primaryimage\",\"url\":\"https:\\\/\\\/www.amstelprinting.nl\\\/wp-content\\\/uploads\\\/Outdoor-vloermat.jpg\",\"contentUrl\":\"https:\\\/\\\/www.amstelprinting.nl\\\/wp-content\\\/uploads\\\/Outdoor-vloermat.jpg\",\"width\":700,\"height\":700},{\"@type\":\"BreadcrumbList\",\"@id\":\"https:\\\/\\\/www.amstelprinting.nl\\\/it\\\/negozio\\\/interno\\\/casa-settore-della-ristorazione\\\/zerbino\\\/#breadcrumb\",\"itemListElement\":[{\"@type\":\"ListItem\",\"position\":1,\"name\":\"\",\"item\":\"https:\\\/\\\/www.amstelprinting.nl\\\/it\\\/\"},{\"@type\":\"ListItem\",\"position\":2,\"name\":\"Amstel Printing\",\"item\":\"https:\\\/\\\/www.amstelprinting.nl\\\/it\\\/negozio\\\/\"},{\"@type\":\"ListItem\",\"position\":3,\"name\":\"Interno\",\"item\":\"https:\\\/\\\/www.amstelprinting.nl\\\/it\\\/categoria\\\/interno\\\/\"},{\"@type\":\"ListItem\",\"position\":4,\"name\":\"Casa &amp; settore della ristorazione\",\"item\":\"https:\\\/\\\/www.amstelprinting.nl\\\/it\\\/categoria\\\/interno\\\/casa-settore-della-ristorazione\\\/\"},{\"@type\":\"ListItem\",\"position\":5,\"name\":\"Zerbino\"}]},{\"@type\":\"WebSite\",\"@id\":\"https:\\\/\\\/www.amstelprinting.nl\\\/it\\\/#website\",\"url\":\"https:\\\/\\\/www.amstelprinting.nl\\\/it\\\/\",\"name\":\"Amstel Printing\",\"description\":\"Creating Exposure\",\"publisher\":{\"@id\":\"https:\\\/\\\/www.amstelprinting.nl\\\/it\\\/#organization\"},\"potentialAction\":[{\"@type\":\"SearchAction\",\"target\":{\"@type\":\"EntryPoint\",\"urlTemplate\":\"https:\\\/\\\/www.amstelprinting.nl\\\/it\\\/?s={search_term_string}\"},\"query-input\":{\"@type\":\"PropertyValueSpecification\",\"valueRequired\":true,\"valueName\":\"search_term_string\"}}],\"inLanguage\":\"it-IT\"},{\"@type\":\"Organization\",\"@id\":\"https:\\\/\\\/www.amstelprinting.nl\\\/it\\\/#organization\",\"name\":\"Amstel Printing\",\"url\":\"https:\\\/\\\/www.amstelprinting.nl\\\/it\\\/\",\"logo\":{\"@type\":\"ImageObject\",\"inLanguage\":\"it-IT\",\"@id\":\"https:\\\/\\\/www.amstelprinting.nl\\\/it\\\/#\\\/schema\\\/logo\\\/image\\\/\",\"url\":\"https:\\\/\\\/www.amstelprinting.nl\\\/wp-content\\\/uploads\\\/amstel_printing_logo_clean.png\",\"contentUrl\":\"https:\\\/\\\/www.amstelprinting.nl\\\/wp-content\\\/uploads\\\/amstel_printing_logo_clean.png\",\"width\":324,\"height\":73,\"caption\":\"Amstel Printing\"},\"image\":{\"@id\":\"https:\\\/\\\/www.amstelprinting.nl\\\/it\\\/#\\\/schema\\\/logo\\\/image\\\/\"}}]}<\/script>\n<!-- \/ Yoast SEO plugin. -->","yoast_head_json":{"title":"Zerbino | Amstel Printing","robots":{"index":"index","follow":"follow","max-snippet":"max-snippet:-1","max-image-preview":"max-image-preview:large","max-video-preview":"max-video-preview:-1"},"canonical":"https:\/\/www.amstelprinting.nl\/it\/negozio\/interno\/casa-settore-della-ristorazione\/zerbino\/","og_locale":"it_IT","og_type":"article","og_title":"Zerbino | Amstel Printing","og_description":"Stampa di zerbini con il proprio design. Crea una calda accoglienza e mantieni i pavimenti puliti. Da noi puoi ordinare zerbini con una stampa o un design a tua scelta. Il formato e la forma li scegli tu. Lo zerbino stampato \u00e8 disponibile come zerbino asciugapassi (con antiscivolo), vinile per pavimenti (uso temporaneo) o come zerbino per esterni (adatto per l'esterno). Componi il tuo zerbino stampato in pochi passaggi qui sotto.","og_url":"https:\/\/www.amstelprinting.nl\/it\/negozio\/interno\/casa-settore-della-ristorazione\/zerbino\/","og_site_name":"Amstel Printing","article_modified_time":"2026-02-18T11:39:48+00:00","og_image":[{"width":700,"height":700,"url":"https:\/\/www.amstelprinting.nl\/wp-content\/uploads\/Outdoor-vloermat.jpg","type":"image\/jpeg"}],"twitter_card":"summary_large_image","twitter_misc":{"Tempo di lettura stimato":"2 minuti"},"schema":{"@context":"https:\/\/schema.org","@graph":[{"@type":"WebPage","@id":"https:\/\/www.amstelprinting.nl\/it\/negozio\/interno\/casa-settore-della-ristorazione\/zerbino\/","url":"https:\/\/www.amstelprinting.nl\/it\/negozio\/interno\/casa-settore-della-ristorazione\/zerbino\/","name":"Zerbino | Amstel Printing","isPartOf":{"@id":"https:\/\/www.amstelprinting.nl\/it\/#website"},"primaryImageOfPage":{"@id":"https:\/\/www.amstelprinting.nl\/it\/negozio\/interno\/casa-settore-della-ristorazione\/zerbino\/#primaryimage"},"image":{"@id":"https:\/\/www.amstelprinting.nl\/it\/negozio\/interno\/casa-settore-della-ristorazione\/zerbino\/#primaryimage"},"thumbnailUrl":"https:\/\/www.amstelprinting.nl\/wp-content\/uploads\/Outdoor-vloermat.jpg","datePublished":"2025-01-23T20:05:11+00:00","dateModified":"2026-02-18T11:39:48+00:00","breadcrumb":{"@id":"https:\/\/www.amstelprinting.nl\/it\/negozio\/interno\/casa-settore-della-ristorazione\/zerbino\/#breadcrumb"},"inLanguage":"it-IT","potentialAction":[{"@type":"ReadAction","target":["https:\/\/www.amstelprinting.nl\/it\/negozio\/interno\/casa-settore-della-ristorazione\/zerbino\/"]}]},{"@type":"ImageObject","inLanguage":"it-IT","@id":"https:\/\/www.amstelprinting.nl\/it\/negozio\/interno\/casa-settore-della-ristorazione\/zerbino\/#primaryimage","url":"https:\/\/www.amstelprinting.nl\/wp-content\/uploads\/Outdoor-vloermat.jpg","contentUrl":"https:\/\/www.amstelprinting.nl\/wp-content\/uploads\/Outdoor-vloermat.jpg","width":700,"height":700},{"@type":"BreadcrumbList","@id":"https:\/\/www.amstelprinting.nl\/it\/negozio\/interno\/casa-settore-della-ristorazione\/zerbino\/#breadcrumb","itemListElement":[{"@type":"ListItem","position":1,"name":"","item":"https:\/\/www.amstelprinting.nl\/it\/"},{"@type":"ListItem","position":2,"name":"Amstel Printing","item":"https:\/\/www.amstelprinting.nl\/it\/negozio\/"},{"@type":"ListItem","position":3,"name":"Interno","item":"https:\/\/www.amstelprinting.nl\/it\/categoria\/interno\/"},{"@type":"ListItem","position":4,"name":"Casa &amp; settore della ristorazione","item":"https:\/\/www.amstelprinting.nl\/it\/categoria\/interno\/casa-settore-della-ristorazione\/"},{"@type":"ListItem","position":5,"name":"Zerbino"}]},{"@type":"WebSite","@id":"https:\/\/www.amstelprinting.nl\/it\/#website","url":"https:\/\/www.amstelprinting.nl\/it\/","name":"Amstel Printing","description":"Creating Exposure","publisher":{"@id":"https:\/\/www.amstelprinting.nl\/it\/#organization"},"potentialAction":[{"@type":"SearchAction","target":{"@type":"EntryPoint","urlTemplate":"https:\/\/www.amstelprinting.nl\/it\/?s={search_term_string}"},"query-input":{"@type":"PropertyValueSpecification","valueRequired":true,"valueName":"search_term_string"}}],"inLanguage":"it-IT"},{"@type":"Organization","@id":"https:\/\/www.amstelprinting.nl\/it\/#organization","name":"Amstel Printing","url":"https:\/\/www.amstelprinting.nl\/it\/","logo":{"@type":"ImageObject","inLanguage":"it-IT","@id":"https:\/\/www.amstelprinting.nl\/it\/#\/schema\/logo\/image\/","url":"https:\/\/www.amstelprinting.nl\/wp-content\/uploads\/amstel_printing_logo_clean.png","contentUrl":"https:\/\/www.amstelprinting.nl\/wp-content\/uploads\/amstel_printing_logo_clean.png","width":324,"height":73,"caption":"Amstel Printing"},"image":{"@id":"https:\/\/www.amstelprinting.nl\/it\/#\/schema\/logo\/image\/"}}]}},"_links":{"self":[{"href":"https:\/\/www.amstelprinting.nl\/it\/wp-json\/wp\/v2\/product\/15206","targetHints":{"allow":["GET"]}}],"collection":[{"href":"https:\/\/www.amstelprinting.nl\/it\/wp-json\/wp\/v2\/product"}],"about":[{"href":"https:\/\/www.amstelprinting.nl\/it\/wp-json\/wp\/v2\/types\/product"}],"wp:featuredmedia":[{"embeddable":true,"href":"https:\/\/www.amstelprinting.nl\/it\/wp-json\/wp\/v2\/media\/15207"}],"wp:attachment":[{"href":"https:\/\/www.amstelprinting.nl\/it\/wp-json\/wp\/v2\/media?parent=15206"}],"wp:term":[{"taxonomy":"product_brand","embeddable":true,"href":"https:\/\/www.amstelprinting.nl\/it\/wp-json\/wp\/v2\/product_brand?post=15206"},{"taxonomy":"product_cat","embeddable":true,"href":"https:\/\/www.amstelprinting.nl\/it\/wp-json\/wp\/v2\/product_cat?post=15206"},{"taxonomy":"product_tag","embeddable":true,"href":"https:\/\/www.amstelprinting.nl\/it\/wp-json\/wp\/v2\/product_tag?post=15206"}],"curies":[{"name":"wp","href":"https:\/\/api.w.org\/{rel}","templated":true}]}}