{"id":15219,"date":"2025-01-23T21:05:08","date_gmt":"2025-01-23T20:05:08","guid":{"rendered":"https:\/\/www.amstelprinting.nl\/winkel\/senza-categoria\/schoonloopmat\/"},"modified":"2026-02-18T12:39:49","modified_gmt":"2026-02-18T11:39:49","slug":"zerbino-asciugapassi","status":"publish","type":"product","link":"https:\/\/www.amstelprinting.nl\/it\/negozio\/interno\/decorazione-del-pavimento\/zerbino-asciugapassi\/","title":{"rendered":"Zerbino asciugapassi"},"content":{"rendered":"<h3>Stampa zerbino asciugapassi<\/h3>\n<p>Lo zerbino asciugapassi \u00e8 un tappeto a pelo corto. Come dice il nome, lo zerbino asciugapassi trattiene lo sporco e l&#8217;umidit\u00e0. Di conseguenza, i pavimenti rimangono puliti pi\u00f9 a lungo e si usurano meno rapidamente. Lo zerbino asciugapassi \u00e8 composto da un lato anteriore strutturato in fibre sintetiche. Il retro \u00e8 dotato di un supporto in TPE. Si tratta di materiale riciclato che garantisce un elevato valore antiscivolo.<\/p>\n<h3>Applicazione dello zerbino asciugapassi<\/h3>\n<p>Lo zerbino asciugapassi \u00e8 perfetto per l&#8217;ingresso di un&#8217;abitazione privata, un ufficio trafficato o un ambiente commerciale.<\/p>\n<h3>Perch\u00e9 ordinare uno zerbino asciugapassi?<\/h3>\n<ul>\n<li>L&#8217;eccellente assorbimento di sporco e umidit\u00e0 \u00e8 garantito<\/li>\n<li>Ordinabile interamente in dimensioni e forme personalizzate<\/li>\n<li>Resta ben posizionato grazie allo strato antiscivolo<\/li>\n<li>Adatto anche per pavimenti con riscaldamento a pavimento<\/li>\n<li>Realizzato in materiale resistente al taglio (possibilit\u00e0 di taglio su misura successivo)<\/li>\n<li>Lavabile a 30 gradi Celsius<\/li>\n<li>Qualit\u00e0 superiore che non si sfilaccia (nessuna bordatura necessaria)<\/li>\n<li>Dotato di una stampa all-over resistente all&#8217;usura in quadricromia<\/li>\n<\/ul>\n<p>&nbsp;<\/p>\n<h3>Formato dello zerbino asciugapassi<\/h3>\n<p>I nostri zerbini asciugapassi sono disponibili in larghezze fino a 198 cm e altezze fino a 700 cm (in un unico pezzo), offrendovi la possibilit\u00e0 di far tagliare il tappeto esattamente su misura. Potete scegliere di far tagliare lo zerbino nel formato desiderato o seguendo i contorni del vostro design.<\/p>\n<h3>Materiale dello zerbino asciugapassi<\/h3>\n<p>Il nostro zerbino asciugapassi presenta un lato anteriore strutturato in fibra sintetica (velluto PA fibra sintetica). Ci\u00f2 garantisce un eccellente assorbimento di sporco e umidit\u00e0. In questo modo, il pavimento rimane pulito e asciutto. Il retro del tappeto \u00e8 inoltre dotato di un supporto in TPE in materiale riciclato. Questo garantisce anche un elevato valore antiscivolo. Lo zerbino asciugapassi \u00e8 adatto a tutti i tipi di pavimento, compresi quelli con riscaldamento a pavimento. La stampa resistente all&#8217;usura non solo conferisce un aspetto professionale, ma resiste anche all&#8217;usura dovuta a un uso intensivo.<\/p>\n","protected":false},"excerpt":{"rendered":"<h3>Stampa zerbino asciugapassi: tiene fuori umidit\u00e0 e sporco<\/h3>\n<p>Con uno zerbino asciugapassi, lo sporco e l&#8217;umidit\u00e0 vengono catturati all&#8217;ingresso per quanto possibile, mantenendo i pavimenti belli pi\u00f9 a lungo. Create un ingresso splendido personalizzando lo zerbino con la stampa del vostro logo, un&#8217;immagine o un motivo a scelta. Ideale per aziende, negozi o spazi pubblici. Inoltre, lo zerbino \u00e8 dotato di uno strato antiscivolo. Siete voi a decidere il formato e la forma dello zerbino stampato.<\/p>\n","protected":false},"featured_media":15221,"template":"","meta":{"_et_pb_use_builder":"","_et_pb_old_content":"","_et_gb_content_width":""},"product_brand":[],"product_cat":[568,544,627],"product_tag":[],"class_list":{"0":"post-15219","1":"product","2":"type-product","3":"status-publish","4":"has-post-thumbnail","6":"product_cat-decorazione-del-pavimento","7":"product_cat-interno","8":"product_cat-ufficio","10":"first","11":"instock","12":"taxable","13":"shipping-taxable","14":"purchasable","15":"product-type-simple"},"yoast_head":"<!-- This site is optimized with the Yoast SEO plugin v27.3 - https:\/\/yoast.com\/product\/yoast-seo-wordpress\/ -->\n<title>Zerbino asciugapassi | Amstel Printing<\/title>\n<meta name=\"robots\" content=\"index, follow, max-snippet:-1, max-image-preview:large, max-video-preview:-1\" \/>\n<link rel=\"canonical\" href=\"https:\/\/www.amstelprinting.nl\/it\/negozio\/interno\/decorazione-del-pavimento\/zerbino-asciugapassi\/\" \/>\n<meta property=\"og:locale\" content=\"it_IT\" \/>\n<meta property=\"og:type\" content=\"article\" \/>\n<meta property=\"og:title\" content=\"Zerbino asciugapassi | Amstel Printing\" \/>\n<meta property=\"og:description\" content=\"Stampa zerbino asciugapassi: tiene fuori umidit\u00e0 e sporco Con uno zerbino asciugapassi, lo sporco e l&#039;umidit\u00e0 vengono catturati all&#039;ingresso per quanto possibile, mantenendo i pavimenti belli pi\u00f9 a lungo. Create un ingresso splendido personalizzando lo zerbino con la stampa del vostro logo, un&#039;immagine o un motivo a scelta. Ideale per aziende, negozi o spazi pubblici. Inoltre, lo zerbino \u00e8 dotato di uno strato antiscivolo. Siete voi a decidere il formato e la forma dello zerbino stampato.\" \/>\n<meta property=\"og:url\" content=\"https:\/\/www.amstelprinting.nl\/it\/negozio\/interno\/decorazione-del-pavimento\/zerbino-asciugapassi\/\" \/>\n<meta property=\"og:site_name\" content=\"Amstel Printing\" \/>\n<meta property=\"article:modified_time\" content=\"2026-02-18T11:39:49+00:00\" \/>\n<meta property=\"og:image\" content=\"https:\/\/www.amstelprinting.nl\/wp-content\/uploads\/Vloermatten-bedrukken-schoonloopmat.jpg\" \/>\n\t<meta property=\"og:image:width\" content=\"2001\" \/>\n\t<meta property=\"og:image:height\" content=\"2001\" \/>\n\t<meta property=\"og:image:type\" content=\"image\/jpeg\" \/>\n<meta name=\"twitter:card\" content=\"summary_large_image\" \/>\n<meta name=\"twitter:label1\" content=\"Tempo di lettura stimato\" \/>\n\t<meta name=\"twitter:data1\" content=\"2 minuti\" \/>\n<script type=\"application\/ld+json\" class=\"yoast-schema-graph\">{\"@context\":\"https:\\\/\\\/schema.org\",\"@graph\":[{\"@type\":\"WebPage\",\"@id\":\"https:\\\/\\\/www.amstelprinting.nl\\\/it\\\/negozio\\\/interno\\\/decorazione-del-pavimento\\\/zerbino-asciugapassi\\\/\",\"url\":\"https:\\\/\\\/www.amstelprinting.nl\\\/it\\\/negozio\\\/interno\\\/decorazione-del-pavimento\\\/zerbino-asciugapassi\\\/\",\"name\":\"Zerbino asciugapassi | Amstel Printing\",\"isPartOf\":{\"@id\":\"https:\\\/\\\/www.amstelprinting.nl\\\/it\\\/#website\"},\"primaryImageOfPage\":{\"@id\":\"https:\\\/\\\/www.amstelprinting.nl\\\/it\\\/negozio\\\/interno\\\/decorazione-del-pavimento\\\/zerbino-asciugapassi\\\/#primaryimage\"},\"image\":{\"@id\":\"https:\\\/\\\/www.amstelprinting.nl\\\/it\\\/negozio\\\/interno\\\/decorazione-del-pavimento\\\/zerbino-asciugapassi\\\/#primaryimage\"},\"thumbnailUrl\":\"https:\\\/\\\/www.amstelprinting.nl\\\/wp-content\\\/uploads\\\/Vloermatten-bedrukken-schoonloopmat.jpg\",\"datePublished\":\"2025-01-23T20:05:08+00:00\",\"dateModified\":\"2026-02-18T11:39:49+00:00\",\"breadcrumb\":{\"@id\":\"https:\\\/\\\/www.amstelprinting.nl\\\/it\\\/negozio\\\/interno\\\/decorazione-del-pavimento\\\/zerbino-asciugapassi\\\/#breadcrumb\"},\"inLanguage\":\"it-IT\",\"potentialAction\":[{\"@type\":\"ReadAction\",\"target\":[\"https:\\\/\\\/www.amstelprinting.nl\\\/it\\\/negozio\\\/interno\\\/decorazione-del-pavimento\\\/zerbino-asciugapassi\\\/\"]}]},{\"@type\":\"ImageObject\",\"inLanguage\":\"it-IT\",\"@id\":\"https:\\\/\\\/www.amstelprinting.nl\\\/it\\\/negozio\\\/interno\\\/decorazione-del-pavimento\\\/zerbino-asciugapassi\\\/#primaryimage\",\"url\":\"https:\\\/\\\/www.amstelprinting.nl\\\/wp-content\\\/uploads\\\/Vloermatten-bedrukken-schoonloopmat.jpg\",\"contentUrl\":\"https:\\\/\\\/www.amstelprinting.nl\\\/wp-content\\\/uploads\\\/Vloermatten-bedrukken-schoonloopmat.jpg\",\"width\":2001,\"height\":2001},{\"@type\":\"BreadcrumbList\",\"@id\":\"https:\\\/\\\/www.amstelprinting.nl\\\/it\\\/negozio\\\/interno\\\/decorazione-del-pavimento\\\/zerbino-asciugapassi\\\/#breadcrumb\",\"itemListElement\":[{\"@type\":\"ListItem\",\"position\":1,\"name\":\"\",\"item\":\"https:\\\/\\\/www.amstelprinting.nl\\\/it\\\/\"},{\"@type\":\"ListItem\",\"position\":2,\"name\":\"Amstel Printing\",\"item\":\"https:\\\/\\\/www.amstelprinting.nl\\\/it\\\/negozio\\\/\"},{\"@type\":\"ListItem\",\"position\":3,\"name\":\"Interno\",\"item\":\"https:\\\/\\\/www.amstelprinting.nl\\\/it\\\/categoria\\\/interno\\\/\"},{\"@type\":\"ListItem\",\"position\":4,\"name\":\"Ufficio\",\"item\":\"https:\\\/\\\/www.amstelprinting.nl\\\/it\\\/categoria\\\/interno\\\/ufficio\\\/\"},{\"@type\":\"ListItem\",\"position\":5,\"name\":\"Zerbino asciugapassi\"}]},{\"@type\":\"WebSite\",\"@id\":\"https:\\\/\\\/www.amstelprinting.nl\\\/it\\\/#website\",\"url\":\"https:\\\/\\\/www.amstelprinting.nl\\\/it\\\/\",\"name\":\"Amstel Printing\",\"description\":\"Creating Exposure\",\"publisher\":{\"@id\":\"https:\\\/\\\/www.amstelprinting.nl\\\/it\\\/#organization\"},\"potentialAction\":[{\"@type\":\"SearchAction\",\"target\":{\"@type\":\"EntryPoint\",\"urlTemplate\":\"https:\\\/\\\/www.amstelprinting.nl\\\/it\\\/?s={search_term_string}\"},\"query-input\":{\"@type\":\"PropertyValueSpecification\",\"valueRequired\":true,\"valueName\":\"search_term_string\"}}],\"inLanguage\":\"it-IT\"},{\"@type\":\"Organization\",\"@id\":\"https:\\\/\\\/www.amstelprinting.nl\\\/it\\\/#organization\",\"name\":\"Amstel Printing\",\"url\":\"https:\\\/\\\/www.amstelprinting.nl\\\/it\\\/\",\"logo\":{\"@type\":\"ImageObject\",\"inLanguage\":\"it-IT\",\"@id\":\"https:\\\/\\\/www.amstelprinting.nl\\\/it\\\/#\\\/schema\\\/logo\\\/image\\\/\",\"url\":\"https:\\\/\\\/www.amstelprinting.nl\\\/wp-content\\\/uploads\\\/amstel_printing_logo_clean.png\",\"contentUrl\":\"https:\\\/\\\/www.amstelprinting.nl\\\/wp-content\\\/uploads\\\/amstel_printing_logo_clean.png\",\"width\":324,\"height\":73,\"caption\":\"Amstel Printing\"},\"image\":{\"@id\":\"https:\\\/\\\/www.amstelprinting.nl\\\/it\\\/#\\\/schema\\\/logo\\\/image\\\/\"}}]}<\/script>\n<!-- \/ Yoast SEO plugin. -->","yoast_head_json":{"title":"Zerbino asciugapassi | Amstel Printing","robots":{"index":"index","follow":"follow","max-snippet":"max-snippet:-1","max-image-preview":"max-image-preview:large","max-video-preview":"max-video-preview:-1"},"canonical":"https:\/\/www.amstelprinting.nl\/it\/negozio\/interno\/decorazione-del-pavimento\/zerbino-asciugapassi\/","og_locale":"it_IT","og_type":"article","og_title":"Zerbino asciugapassi | Amstel Printing","og_description":"Stampa zerbino asciugapassi: tiene fuori umidit\u00e0 e sporco Con uno zerbino asciugapassi, lo sporco e l'umidit\u00e0 vengono catturati all'ingresso per quanto possibile, mantenendo i pavimenti belli pi\u00f9 a lungo. Create un ingresso splendido personalizzando lo zerbino con la stampa del vostro logo, un'immagine o un motivo a scelta. Ideale per aziende, negozi o spazi pubblici. Inoltre, lo zerbino \u00e8 dotato di uno strato antiscivolo. Siete voi a decidere il formato e la forma dello zerbino stampato.","og_url":"https:\/\/www.amstelprinting.nl\/it\/negozio\/interno\/decorazione-del-pavimento\/zerbino-asciugapassi\/","og_site_name":"Amstel Printing","article_modified_time":"2026-02-18T11:39:49+00:00","og_image":[{"width":2001,"height":2001,"url":"https:\/\/www.amstelprinting.nl\/wp-content\/uploads\/Vloermatten-bedrukken-schoonloopmat.jpg","type":"image\/jpeg"}],"twitter_card":"summary_large_image","twitter_misc":{"Tempo di lettura stimato":"2 minuti"},"schema":{"@context":"https:\/\/schema.org","@graph":[{"@type":"WebPage","@id":"https:\/\/www.amstelprinting.nl\/it\/negozio\/interno\/decorazione-del-pavimento\/zerbino-asciugapassi\/","url":"https:\/\/www.amstelprinting.nl\/it\/negozio\/interno\/decorazione-del-pavimento\/zerbino-asciugapassi\/","name":"Zerbino asciugapassi | Amstel Printing","isPartOf":{"@id":"https:\/\/www.amstelprinting.nl\/it\/#website"},"primaryImageOfPage":{"@id":"https:\/\/www.amstelprinting.nl\/it\/negozio\/interno\/decorazione-del-pavimento\/zerbino-asciugapassi\/#primaryimage"},"image":{"@id":"https:\/\/www.amstelprinting.nl\/it\/negozio\/interno\/decorazione-del-pavimento\/zerbino-asciugapassi\/#primaryimage"},"thumbnailUrl":"https:\/\/www.amstelprinting.nl\/wp-content\/uploads\/Vloermatten-bedrukken-schoonloopmat.jpg","datePublished":"2025-01-23T20:05:08+00:00","dateModified":"2026-02-18T11:39:49+00:00","breadcrumb":{"@id":"https:\/\/www.amstelprinting.nl\/it\/negozio\/interno\/decorazione-del-pavimento\/zerbino-asciugapassi\/#breadcrumb"},"inLanguage":"it-IT","potentialAction":[{"@type":"ReadAction","target":["https:\/\/www.amstelprinting.nl\/it\/negozio\/interno\/decorazione-del-pavimento\/zerbino-asciugapassi\/"]}]},{"@type":"ImageObject","inLanguage":"it-IT","@id":"https:\/\/www.amstelprinting.nl\/it\/negozio\/interno\/decorazione-del-pavimento\/zerbino-asciugapassi\/#primaryimage","url":"https:\/\/www.amstelprinting.nl\/wp-content\/uploads\/Vloermatten-bedrukken-schoonloopmat.jpg","contentUrl":"https:\/\/www.amstelprinting.nl\/wp-content\/uploads\/Vloermatten-bedrukken-schoonloopmat.jpg","width":2001,"height":2001},{"@type":"BreadcrumbList","@id":"https:\/\/www.amstelprinting.nl\/it\/negozio\/interno\/decorazione-del-pavimento\/zerbino-asciugapassi\/#breadcrumb","itemListElement":[{"@type":"ListItem","position":1,"name":"","item":"https:\/\/www.amstelprinting.nl\/it\/"},{"@type":"ListItem","position":2,"name":"Amstel Printing","item":"https:\/\/www.amstelprinting.nl\/it\/negozio\/"},{"@type":"ListItem","position":3,"name":"Interno","item":"https:\/\/www.amstelprinting.nl\/it\/categoria\/interno\/"},{"@type":"ListItem","position":4,"name":"Ufficio","item":"https:\/\/www.amstelprinting.nl\/it\/categoria\/interno\/ufficio\/"},{"@type":"ListItem","position":5,"name":"Zerbino asciugapassi"}]},{"@type":"WebSite","@id":"https:\/\/www.amstelprinting.nl\/it\/#website","url":"https:\/\/www.amstelprinting.nl\/it\/","name":"Amstel Printing","description":"Creating Exposure","publisher":{"@id":"https:\/\/www.amstelprinting.nl\/it\/#organization"},"potentialAction":[{"@type":"SearchAction","target":{"@type":"EntryPoint","urlTemplate":"https:\/\/www.amstelprinting.nl\/it\/?s={search_term_string}"},"query-input":{"@type":"PropertyValueSpecification","valueRequired":true,"valueName":"search_term_string"}}],"inLanguage":"it-IT"},{"@type":"Organization","@id":"https:\/\/www.amstelprinting.nl\/it\/#organization","name":"Amstel Printing","url":"https:\/\/www.amstelprinting.nl\/it\/","logo":{"@type":"ImageObject","inLanguage":"it-IT","@id":"https:\/\/www.amstelprinting.nl\/it\/#\/schema\/logo\/image\/","url":"https:\/\/www.amstelprinting.nl\/wp-content\/uploads\/amstel_printing_logo_clean.png","contentUrl":"https:\/\/www.amstelprinting.nl\/wp-content\/uploads\/amstel_printing_logo_clean.png","width":324,"height":73,"caption":"Amstel Printing"},"image":{"@id":"https:\/\/www.amstelprinting.nl\/it\/#\/schema\/logo\/image\/"}}]}},"_links":{"self":[{"href":"https:\/\/www.amstelprinting.nl\/it\/wp-json\/wp\/v2\/product\/15219","targetHints":{"allow":["GET"]}}],"collection":[{"href":"https:\/\/www.amstelprinting.nl\/it\/wp-json\/wp\/v2\/product"}],"about":[{"href":"https:\/\/www.amstelprinting.nl\/it\/wp-json\/wp\/v2\/types\/product"}],"wp:featuredmedia":[{"embeddable":true,"href":"https:\/\/www.amstelprinting.nl\/it\/wp-json\/wp\/v2\/media\/15221"}],"wp:attachment":[{"href":"https:\/\/www.amstelprinting.nl\/it\/wp-json\/wp\/v2\/media?parent=15219"}],"wp:term":[{"taxonomy":"product_brand","embeddable":true,"href":"https:\/\/www.amstelprinting.nl\/it\/wp-json\/wp\/v2\/product_brand?post=15219"},{"taxonomy":"product_cat","embeddable":true,"href":"https:\/\/www.amstelprinting.nl\/it\/wp-json\/wp\/v2\/product_cat?post=15219"},{"taxonomy":"product_tag","embeddable":true,"href":"https:\/\/www.amstelprinting.nl\/it\/wp-json\/wp\/v2\/product_tag?post=15219"}],"curies":[{"name":"wp","href":"https:\/\/api.w.org\/{rel}","templated":true}]}}