{"id":15231,"date":"2025-01-23T21:04:54","date_gmt":"2025-01-23T20:04:54","guid":{"rendered":"https:\/\/www.amstelprinting.nl\/winkel\/senza-categoria\/muurcirkel-standaard\/"},"modified":"2026-02-18T12:39:51","modified_gmt":"2026-02-18T11:39:51","slug":"supporto-per-cerchio-da-parete","status":"publish","type":"product","link":"https:\/\/www.amstelprinting.nl\/it\/negozio\/interno\/decorazione-murale\/supporto-per-cerchio-da-parete\/","title":{"rendered":"Supporto per cerchio da parete"},"content":{"rendered":"<h3>Descrizione Supporto per Cerchio da Parete<\/h3>\n<p>Regala agli interni dei tuoi clienti un aggiornamento di stile con i cerchi da parete di tendenza. Questo supporto in legno \u00e8 il modo perfetto per dare a un cerchio da parete una bella collocazione e diventa un vero elemento di richiamo, ad esempio, in soggiorno, in ufficio o in un ristorante.<\/p>\n<h3>Supporto per cerchi da parete grandi e piccoli<\/h3>\n<p>Il tuo cliente pu\u00f2 scegliere tra due varianti. Consigliamo il supporto piccolo per cerchi da parete da 20 cm, mentre il supporto grande \u00e8 ideale per cerchi da parete da 30 a 40 cm. La scanalatura nel supporto \u00e8 profonda 3,5 mm e adatta per cerchi da parete con uno spessore massimo di 3 mm. Tieni presente che il supporto \u00e8 un prodotto naturale e quindi pu\u00f2 restringersi.<\/p>\n","protected":false},"excerpt":{"rendered":"<h3>Supporto per Cerchi da Parete stampati<\/h3>\n<p>Offri ai tuoi cerchi da parete il posto perfetto con il nostro supporto in legno. Che si tratti di un cerchio da parete piccolo o grande, questo supporto offre una soluzione elegante e pratica. Facile da spostare e ideale per l&#8217;uso in interni, assicura che il tuo cerchio da parete sia sempre messo in risalto al meglio.<\/p>\n","protected":false},"featured_media":15232,"template":"","meta":{"_et_pb_use_builder":"","_et_pb_old_content":"","_et_gb_content_width":""},"product_brand":[],"product_cat":[624,544],"product_tag":[],"class_list":{"0":"post-15231","1":"product","2":"type-product","3":"status-publish","4":"has-post-thumbnail","6":"product_cat-decorazione-murale","7":"product_cat-interno","9":"first","10":"instock","11":"taxable","12":"shipping-taxable","13":"purchasable","14":"product-type-simple"},"yoast_head":"<!-- This site is optimized with the Yoast SEO plugin v27.3 - https:\/\/yoast.com\/product\/yoast-seo-wordpress\/ -->\n<title>Elegante supporto in legno per cerchio da parete - Presentazione perfetta<\/title>\n<meta name=\"description\" content=\"Scopri il supporto in legno ideale per cerchi da parete, adatto a formati piccoli e grandi. Facile da posizionare, _ durevole per ogni spazio interno.\" \/>\n<meta name=\"robots\" content=\"index, follow, max-snippet:-1, max-image-preview:large, max-video-preview:-1\" \/>\n<link rel=\"canonical\" href=\"https:\/\/www.amstelprinting.nl\/it\/negozio\/interno\/decorazione-murale\/supporto-per-cerchio-da-parete\/\" \/>\n<meta property=\"og:locale\" content=\"it_IT\" \/>\n<meta property=\"og:type\" content=\"article\" \/>\n<meta property=\"og:title\" content=\"Elegante supporto in legno per cerchio da parete - Presentazione perfetta\" \/>\n<meta property=\"og:description\" content=\"Scopri il supporto in legno ideale per cerchi da parete, adatto a formati piccoli e grandi. Facile da posizionare, _ durevole per ogni spazio interno.\" \/>\n<meta property=\"og:url\" content=\"https:\/\/www.amstelprinting.nl\/it\/negozio\/interno\/decorazione-murale\/supporto-per-cerchio-da-parete\/\" \/>\n<meta property=\"og:site_name\" content=\"Amstel Printing\" \/>\n<meta property=\"article:modified_time\" content=\"2026-02-18T11:39:51+00:00\" \/>\n<meta property=\"og:image\" content=\"https:\/\/www.amstelprinting.nl\/wp-content\/uploads\/Muurcirkel-standaard4.jpg\" \/>\n\t<meta property=\"og:image:width\" content=\"700\" \/>\n\t<meta property=\"og:image:height\" content=\"700\" \/>\n\t<meta property=\"og:image:type\" content=\"image\/jpeg\" \/>\n<meta name=\"twitter:card\" content=\"summary_large_image\" \/>\n<meta name=\"twitter:label1\" content=\"Tempo di lettura stimato\" \/>\n\t<meta name=\"twitter:data1\" content=\"1 minuto\" \/>\n<script type=\"application\/ld+json\" class=\"yoast-schema-graph\">{\"@context\":\"https:\\\/\\\/schema.org\",\"@graph\":[{\"@type\":\"WebPage\",\"@id\":\"https:\\\/\\\/www.amstelprinting.nl\\\/it\\\/negozio\\\/interno\\\/decorazione-murale\\\/supporto-per-cerchio-da-parete\\\/\",\"url\":\"https:\\\/\\\/www.amstelprinting.nl\\\/it\\\/negozio\\\/interno\\\/decorazione-murale\\\/supporto-per-cerchio-da-parete\\\/\",\"name\":\"Elegante supporto in legno per cerchio da parete - Presentazione perfetta\",\"isPartOf\":{\"@id\":\"https:\\\/\\\/www.amstelprinting.nl\\\/it\\\/#website\"},\"primaryImageOfPage\":{\"@id\":\"https:\\\/\\\/www.amstelprinting.nl\\\/it\\\/negozio\\\/interno\\\/decorazione-murale\\\/supporto-per-cerchio-da-parete\\\/#primaryimage\"},\"image\":{\"@id\":\"https:\\\/\\\/www.amstelprinting.nl\\\/it\\\/negozio\\\/interno\\\/decorazione-murale\\\/supporto-per-cerchio-da-parete\\\/#primaryimage\"},\"thumbnailUrl\":\"https:\\\/\\\/www.amstelprinting.nl\\\/wp-content\\\/uploads\\\/Muurcirkel-standaard4.jpg\",\"datePublished\":\"2025-01-23T20:04:54+00:00\",\"dateModified\":\"2026-02-18T11:39:51+00:00\",\"description\":\"Scopri il supporto in legno ideale per cerchi da parete, adatto a formati piccoli e grandi. Facile da posizionare, _ durevole per ogni spazio interno.\",\"breadcrumb\":{\"@id\":\"https:\\\/\\\/www.amstelprinting.nl\\\/it\\\/negozio\\\/interno\\\/decorazione-murale\\\/supporto-per-cerchio-da-parete\\\/#breadcrumb\"},\"inLanguage\":\"it-IT\",\"potentialAction\":[{\"@type\":\"ReadAction\",\"target\":[\"https:\\\/\\\/www.amstelprinting.nl\\\/it\\\/negozio\\\/interno\\\/decorazione-murale\\\/supporto-per-cerchio-da-parete\\\/\"]}]},{\"@type\":\"ImageObject\",\"inLanguage\":\"it-IT\",\"@id\":\"https:\\\/\\\/www.amstelprinting.nl\\\/it\\\/negozio\\\/interno\\\/decorazione-murale\\\/supporto-per-cerchio-da-parete\\\/#primaryimage\",\"url\":\"https:\\\/\\\/www.amstelprinting.nl\\\/wp-content\\\/uploads\\\/Muurcirkel-standaard4.jpg\",\"contentUrl\":\"https:\\\/\\\/www.amstelprinting.nl\\\/wp-content\\\/uploads\\\/Muurcirkel-standaard4.jpg\",\"width\":700,\"height\":700},{\"@type\":\"BreadcrumbList\",\"@id\":\"https:\\\/\\\/www.amstelprinting.nl\\\/it\\\/negozio\\\/interno\\\/decorazione-murale\\\/supporto-per-cerchio-da-parete\\\/#breadcrumb\",\"itemListElement\":[{\"@type\":\"ListItem\",\"position\":1,\"name\":\"\",\"item\":\"https:\\\/\\\/www.amstelprinting.nl\\\/it\\\/\"},{\"@type\":\"ListItem\",\"position\":2,\"name\":\"Amstel Printing\",\"item\":\"https:\\\/\\\/www.amstelprinting.nl\\\/it\\\/negozio\\\/\"},{\"@type\":\"ListItem\",\"position\":3,\"name\":\"Interno\",\"item\":\"https:\\\/\\\/www.amstelprinting.nl\\\/it\\\/categoria\\\/interno\\\/\"},{\"@type\":\"ListItem\",\"position\":4,\"name\":\"Supporto per cerchio da parete\"}]},{\"@type\":\"WebSite\",\"@id\":\"https:\\\/\\\/www.amstelprinting.nl\\\/it\\\/#website\",\"url\":\"https:\\\/\\\/www.amstelprinting.nl\\\/it\\\/\",\"name\":\"Amstel Printing\",\"description\":\"Creating Exposure\",\"publisher\":{\"@id\":\"https:\\\/\\\/www.amstelprinting.nl\\\/it\\\/#organization\"},\"potentialAction\":[{\"@type\":\"SearchAction\",\"target\":{\"@type\":\"EntryPoint\",\"urlTemplate\":\"https:\\\/\\\/www.amstelprinting.nl\\\/it\\\/?s={search_term_string}\"},\"query-input\":{\"@type\":\"PropertyValueSpecification\",\"valueRequired\":true,\"valueName\":\"search_term_string\"}}],\"inLanguage\":\"it-IT\"},{\"@type\":\"Organization\",\"@id\":\"https:\\\/\\\/www.amstelprinting.nl\\\/it\\\/#organization\",\"name\":\"Amstel Printing\",\"url\":\"https:\\\/\\\/www.amstelprinting.nl\\\/it\\\/\",\"logo\":{\"@type\":\"ImageObject\",\"inLanguage\":\"it-IT\",\"@id\":\"https:\\\/\\\/www.amstelprinting.nl\\\/it\\\/#\\\/schema\\\/logo\\\/image\\\/\",\"url\":\"https:\\\/\\\/www.amstelprinting.nl\\\/wp-content\\\/uploads\\\/amstel_printing_logo_clean.png\",\"contentUrl\":\"https:\\\/\\\/www.amstelprinting.nl\\\/wp-content\\\/uploads\\\/amstel_printing_logo_clean.png\",\"width\":324,\"height\":73,\"caption\":\"Amstel Printing\"},\"image\":{\"@id\":\"https:\\\/\\\/www.amstelprinting.nl\\\/it\\\/#\\\/schema\\\/logo\\\/image\\\/\"}}]}<\/script>\n<!-- \/ Yoast SEO plugin. -->","yoast_head_json":{"title":"Elegante supporto in legno per cerchio da parete - Presentazione perfetta","description":"Scopri il supporto in legno ideale per cerchi da parete, adatto a formati piccoli e grandi. Facile da posizionare, _ durevole per ogni spazio interno.","robots":{"index":"index","follow":"follow","max-snippet":"max-snippet:-1","max-image-preview":"max-image-preview:large","max-video-preview":"max-video-preview:-1"},"canonical":"https:\/\/www.amstelprinting.nl\/it\/negozio\/interno\/decorazione-murale\/supporto-per-cerchio-da-parete\/","og_locale":"it_IT","og_type":"article","og_title":"Elegante supporto in legno per cerchio da parete - Presentazione perfetta","og_description":"Scopri il supporto in legno ideale per cerchi da parete, adatto a formati piccoli e grandi. Facile da posizionare, _ durevole per ogni spazio interno.","og_url":"https:\/\/www.amstelprinting.nl\/it\/negozio\/interno\/decorazione-murale\/supporto-per-cerchio-da-parete\/","og_site_name":"Amstel Printing","article_modified_time":"2026-02-18T11:39:51+00:00","og_image":[{"width":700,"height":700,"url":"https:\/\/www.amstelprinting.nl\/wp-content\/uploads\/Muurcirkel-standaard4.jpg","type":"image\/jpeg"}],"twitter_card":"summary_large_image","twitter_misc":{"Tempo di lettura stimato":"1 minuto"},"schema":{"@context":"https:\/\/schema.org","@graph":[{"@type":"WebPage","@id":"https:\/\/www.amstelprinting.nl\/it\/negozio\/interno\/decorazione-murale\/supporto-per-cerchio-da-parete\/","url":"https:\/\/www.amstelprinting.nl\/it\/negozio\/interno\/decorazione-murale\/supporto-per-cerchio-da-parete\/","name":"Elegante supporto in legno per cerchio da parete - Presentazione perfetta","isPartOf":{"@id":"https:\/\/www.amstelprinting.nl\/it\/#website"},"primaryImageOfPage":{"@id":"https:\/\/www.amstelprinting.nl\/it\/negozio\/interno\/decorazione-murale\/supporto-per-cerchio-da-parete\/#primaryimage"},"image":{"@id":"https:\/\/www.amstelprinting.nl\/it\/negozio\/interno\/decorazione-murale\/supporto-per-cerchio-da-parete\/#primaryimage"},"thumbnailUrl":"https:\/\/www.amstelprinting.nl\/wp-content\/uploads\/Muurcirkel-standaard4.jpg","datePublished":"2025-01-23T20:04:54+00:00","dateModified":"2026-02-18T11:39:51+00:00","description":"Scopri il supporto in legno ideale per cerchi da parete, adatto a formati piccoli e grandi. Facile da posizionare, _ durevole per ogni spazio interno.","breadcrumb":{"@id":"https:\/\/www.amstelprinting.nl\/it\/negozio\/interno\/decorazione-murale\/supporto-per-cerchio-da-parete\/#breadcrumb"},"inLanguage":"it-IT","potentialAction":[{"@type":"ReadAction","target":["https:\/\/www.amstelprinting.nl\/it\/negozio\/interno\/decorazione-murale\/supporto-per-cerchio-da-parete\/"]}]},{"@type":"ImageObject","inLanguage":"it-IT","@id":"https:\/\/www.amstelprinting.nl\/it\/negozio\/interno\/decorazione-murale\/supporto-per-cerchio-da-parete\/#primaryimage","url":"https:\/\/www.amstelprinting.nl\/wp-content\/uploads\/Muurcirkel-standaard4.jpg","contentUrl":"https:\/\/www.amstelprinting.nl\/wp-content\/uploads\/Muurcirkel-standaard4.jpg","width":700,"height":700},{"@type":"BreadcrumbList","@id":"https:\/\/www.amstelprinting.nl\/it\/negozio\/interno\/decorazione-murale\/supporto-per-cerchio-da-parete\/#breadcrumb","itemListElement":[{"@type":"ListItem","position":1,"name":"","item":"https:\/\/www.amstelprinting.nl\/it\/"},{"@type":"ListItem","position":2,"name":"Amstel Printing","item":"https:\/\/www.amstelprinting.nl\/it\/negozio\/"},{"@type":"ListItem","position":3,"name":"Interno","item":"https:\/\/www.amstelprinting.nl\/it\/categoria\/interno\/"},{"@type":"ListItem","position":4,"name":"Supporto per cerchio da parete"}]},{"@type":"WebSite","@id":"https:\/\/www.amstelprinting.nl\/it\/#website","url":"https:\/\/www.amstelprinting.nl\/it\/","name":"Amstel Printing","description":"Creating Exposure","publisher":{"@id":"https:\/\/www.amstelprinting.nl\/it\/#organization"},"potentialAction":[{"@type":"SearchAction","target":{"@type":"EntryPoint","urlTemplate":"https:\/\/www.amstelprinting.nl\/it\/?s={search_term_string}"},"query-input":{"@type":"PropertyValueSpecification","valueRequired":true,"valueName":"search_term_string"}}],"inLanguage":"it-IT"},{"@type":"Organization","@id":"https:\/\/www.amstelprinting.nl\/it\/#organization","name":"Amstel Printing","url":"https:\/\/www.amstelprinting.nl\/it\/","logo":{"@type":"ImageObject","inLanguage":"it-IT","@id":"https:\/\/www.amstelprinting.nl\/it\/#\/schema\/logo\/image\/","url":"https:\/\/www.amstelprinting.nl\/wp-content\/uploads\/amstel_printing_logo_clean.png","contentUrl":"https:\/\/www.amstelprinting.nl\/wp-content\/uploads\/amstel_printing_logo_clean.png","width":324,"height":73,"caption":"Amstel Printing"},"image":{"@id":"https:\/\/www.amstelprinting.nl\/it\/#\/schema\/logo\/image\/"}}]}},"_links":{"self":[{"href":"https:\/\/www.amstelprinting.nl\/it\/wp-json\/wp\/v2\/product\/15231","targetHints":{"allow":["GET"]}}],"collection":[{"href":"https:\/\/www.amstelprinting.nl\/it\/wp-json\/wp\/v2\/product"}],"about":[{"href":"https:\/\/www.amstelprinting.nl\/it\/wp-json\/wp\/v2\/types\/product"}],"wp:featuredmedia":[{"embeddable":true,"href":"https:\/\/www.amstelprinting.nl\/it\/wp-json\/wp\/v2\/media\/15232"}],"wp:attachment":[{"href":"https:\/\/www.amstelprinting.nl\/it\/wp-json\/wp\/v2\/media?parent=15231"}],"wp:term":[{"taxonomy":"product_brand","embeddable":true,"href":"https:\/\/www.amstelprinting.nl\/it\/wp-json\/wp\/v2\/product_brand?post=15231"},{"taxonomy":"product_cat","embeddable":true,"href":"https:\/\/www.amstelprinting.nl\/it\/wp-json\/wp\/v2\/product_cat?post=15231"},{"taxonomy":"product_tag","embeddable":true,"href":"https:\/\/www.amstelprinting.nl\/it\/wp-json\/wp\/v2\/product_tag?post=15231"}],"curies":[{"name":"wp","href":"https:\/\/api.w.org\/{rel}","templated":true}]}}