{"id":15256,"date":"2025-01-23T21:04:34","date_gmt":"2025-01-23T20:04:34","guid":{"rendered":"https:\/\/www.amstelprinting.nl\/winkel\/senza-categoria\/transportkoffer-print\/"},"modified":"2026-02-18T12:39:53","modified_gmt":"2026-02-18T11:39:53","slug":"stampa-per-valigia-da-trasporto","status":"publish","type":"product","link":"https:\/\/www.amstelprinting.nl\/it\/negozio\/borsa-di-studio-evento\/decorazione\/stampa-per-valigia-da-trasporto\/","title":{"rendered":"Stampa per valigia da trasporto"},"content":{"rendered":"<h3>Valigia da trasporto per la parete espositiva<\/h3>\n<p>Con la nostra stampa personalizzata per la valigia da trasporto, avrai a disposizione un potente strumento di branding che far\u00e0 risplendere il tuo marchio in ogni evento. Grazie alla facilit\u00e0 di sostituzione e all&#8217;aspetto professionale, sarai sempre pronto a fare colpo. Con il template intuitivo, disponibile tra i download, potrai creare il tuo design in modo facile e veloce. Personalizza la valigia in base alla tua immagine coordinata o alla tua campagna e assicurati che il tuo marchio si distingua sempre. Stai cercando una parete pop-up curva? Clicca <a href=\"https:\/\/www.amstelprinting.nl\/it\/negozio\/borsa-di-studio-evento\/pareti-espositive\/parete-pop-up-curva\/\">qui<\/a>.<\/p>\n<h3>Vantaggi<\/h3>\n<ul>\n<li>Trasforma la tua valigia da trasporto con una stampa personalizzata<\/li>\n<li>Cambia la stampa senza sforzo grazie al fissaggio in velcro<\/li>\n<li>Realizzato in PVC flessibile con certificato B2<\/li>\n<\/ul>\n<p>&nbsp;<\/p>\n<h3>Formato e materiale<\/h3>\n<p>Con un formato di 181 x 78,7 cm, questa stampa \u00e8 perfettamente adattata alla tua valigia da trasporto. Realizzata in PVC flessibile, la stampa offre durata e un aspetto di alta qualit\u00e0. Inoltre, il materiale \u00e8 ignifugo con certificato B2, permettendoti di trasportare i tuoi materiali in tutta tranquillit\u00e0.<\/p>\n<h3>Utilizzo multifunzionale<\/h3>\n<p>Un consiglio utile: usa la valigia come bancone per fiere! Grazie alla possibilit\u00e0 di cambiare facilmente la stampa, puoi trasformare questa valigia per ogni evento, fiera o promozione speciale. Il fissaggio in velcro rende il cambio della stampa il pi\u00f9 semplice possibile. Questo ti permette di dare sempre un aspetto fresco e attuale alla tua presentazione, adattandolo allo scopo specifico dell&#8217;evento.<\/p>\n","protected":false},"excerpt":{"rendered":"<h3>Per la parete pop-up curva<\/h3>\n<p>La stampa per la valigia di una parete espositiva curva. Dai alla tua valigia da trasporto un aspetto professionale con la nostra stampa personalizzata, progettata appositamente per trasportare i componenti della tua parete pop-up curva. Questa stampa non offre solo protezione, ma anche un&#8217;opportunit\u00e0 unica per promuovere il tuo marchio.<\/p>\n","protected":false},"featured_media":15257,"template":"","meta":{"_et_pb_use_builder":"","_et_pb_old_content":"","_et_gb_content_width":""},"product_brand":[],"product_cat":[314,430,426],"product_tag":[],"class_list":{"0":"post-15256","1":"product","2":"type-product","3":"status-publish","4":"has-post-thumbnail","6":"product_cat-adesivi-e-stampa","7":"product_cat-borsa-di-studio-evento","8":"product_cat-decorazione","10":"first","11":"instock","12":"taxable","13":"shipping-taxable","14":"purchasable","15":"product-type-simple"},"yoast_head":"<!-- This site is optimized with the Yoast SEO plugin v27.3 - https:\/\/yoast.com\/product\/yoast-seo-wordpress\/ -->\n<title>Stampa per valigia da trasporto \u2013 Per il branding e una protezione ottimale<\/title>\n<meta name=\"description\" content=\"Trasforma la tua valigia da trasporto per pareti pop-up in un potente strumento di marketing con stampe durevoli e personalizzate.\" \/>\n<meta name=\"robots\" content=\"index, follow, max-snippet:-1, max-image-preview:large, max-video-preview:-1\" \/>\n<link rel=\"canonical\" href=\"https:\/\/www.amstelprinting.nl\/it\/negozio\/borsa-di-studio-evento\/decorazione\/stampa-per-valigia-da-trasporto\/\" \/>\n<meta property=\"og:locale\" content=\"it_IT\" \/>\n<meta property=\"og:type\" content=\"article\" \/>\n<meta property=\"og:title\" content=\"Stampa per valigia da trasporto \u2013 Per il branding e una protezione ottimale\" \/>\n<meta property=\"og:description\" content=\"Trasforma la tua valigia da trasporto per pareti pop-up in un potente strumento di marketing con stampe durevoli e personalizzate.\" \/>\n<meta property=\"og:url\" content=\"https:\/\/www.amstelprinting.nl\/it\/negozio\/borsa-di-studio-evento\/decorazione\/stampa-per-valigia-da-trasporto\/\" \/>\n<meta property=\"og:site_name\" content=\"Amstel Printing\" \/>\n<meta property=\"article:modified_time\" content=\"2026-02-18T11:39:53+00:00\" \/>\n<meta property=\"og:image\" content=\"https:\/\/www.amstelprinting.nl\/wp-content\/uploads\/kofferprint-bedrukken.png\" \/>\n\t<meta property=\"og:image:width\" content=\"900\" \/>\n\t<meta property=\"og:image:height\" content=\"900\" \/>\n\t<meta property=\"og:image:type\" content=\"image\/png\" \/>\n<meta name=\"twitter:card\" content=\"summary_large_image\" \/>\n<meta name=\"twitter:label1\" content=\"Tempo di lettura stimato\" \/>\n\t<meta name=\"twitter:data1\" content=\"1 minuto\" \/>\n<script type=\"application\/ld+json\" class=\"yoast-schema-graph\">{\"@context\":\"https:\\\/\\\/schema.org\",\"@graph\":[{\"@type\":\"WebPage\",\"@id\":\"https:\\\/\\\/www.amstelprinting.nl\\\/it\\\/negozio\\\/borsa-di-studio-evento\\\/decorazione\\\/stampa-per-valigia-da-trasporto\\\/\",\"url\":\"https:\\\/\\\/www.amstelprinting.nl\\\/it\\\/negozio\\\/borsa-di-studio-evento\\\/decorazione\\\/stampa-per-valigia-da-trasporto\\\/\",\"name\":\"Stampa per valigia da trasporto \u2013 Per il branding e una protezione ottimale\",\"isPartOf\":{\"@id\":\"https:\\\/\\\/www.amstelprinting.nl\\\/it\\\/#website\"},\"primaryImageOfPage\":{\"@id\":\"https:\\\/\\\/www.amstelprinting.nl\\\/it\\\/negozio\\\/borsa-di-studio-evento\\\/decorazione\\\/stampa-per-valigia-da-trasporto\\\/#primaryimage\"},\"image\":{\"@id\":\"https:\\\/\\\/www.amstelprinting.nl\\\/it\\\/negozio\\\/borsa-di-studio-evento\\\/decorazione\\\/stampa-per-valigia-da-trasporto\\\/#primaryimage\"},\"thumbnailUrl\":\"https:\\\/\\\/www.amstelprinting.nl\\\/wp-content\\\/uploads\\\/kofferprint-bedrukken.png\",\"datePublished\":\"2025-01-23T20:04:34+00:00\",\"dateModified\":\"2026-02-18T11:39:53+00:00\",\"description\":\"Trasforma la tua valigia da trasporto per pareti pop-up in un potente strumento di marketing con stampe durevoli e personalizzate.\",\"breadcrumb\":{\"@id\":\"https:\\\/\\\/www.amstelprinting.nl\\\/it\\\/negozio\\\/borsa-di-studio-evento\\\/decorazione\\\/stampa-per-valigia-da-trasporto\\\/#breadcrumb\"},\"inLanguage\":\"it-IT\",\"potentialAction\":[{\"@type\":\"ReadAction\",\"target\":[\"https:\\\/\\\/www.amstelprinting.nl\\\/it\\\/negozio\\\/borsa-di-studio-evento\\\/decorazione\\\/stampa-per-valigia-da-trasporto\\\/\"]}]},{\"@type\":\"ImageObject\",\"inLanguage\":\"it-IT\",\"@id\":\"https:\\\/\\\/www.amstelprinting.nl\\\/it\\\/negozio\\\/borsa-di-studio-evento\\\/decorazione\\\/stampa-per-valigia-da-trasporto\\\/#primaryimage\",\"url\":\"https:\\\/\\\/www.amstelprinting.nl\\\/wp-content\\\/uploads\\\/kofferprint-bedrukken.png\",\"contentUrl\":\"https:\\\/\\\/www.amstelprinting.nl\\\/wp-content\\\/uploads\\\/kofferprint-bedrukken.png\",\"width\":900,\"height\":900},{\"@type\":\"BreadcrumbList\",\"@id\":\"https:\\\/\\\/www.amstelprinting.nl\\\/it\\\/negozio\\\/borsa-di-studio-evento\\\/decorazione\\\/stampa-per-valigia-da-trasporto\\\/#breadcrumb\",\"itemListElement\":[{\"@type\":\"ListItem\",\"position\":1,\"name\":\"\",\"item\":\"https:\\\/\\\/www.amstelprinting.nl\\\/it\\\/\"},{\"@type\":\"ListItem\",\"position\":2,\"name\":\"Amstel Printing\",\"item\":\"https:\\\/\\\/www.amstelprinting.nl\\\/it\\\/negozio\\\/\"},{\"@type\":\"ListItem\",\"position\":3,\"name\":\"Borsa di studio evento\",\"item\":\"https:\\\/\\\/www.amstelprinting.nl\\\/it\\\/categoria\\\/borsa-di-studio-evento\\\/\"},{\"@type\":\"ListItem\",\"position\":4,\"name\":\"Decorazione\",\"item\":\"https:\\\/\\\/www.amstelprinting.nl\\\/it\\\/categoria\\\/borsa-di-studio-evento\\\/decorazione\\\/\"},{\"@type\":\"ListItem\",\"position\":5,\"name\":\"Stampa per valigia da trasporto\"}]},{\"@type\":\"WebSite\",\"@id\":\"https:\\\/\\\/www.amstelprinting.nl\\\/it\\\/#website\",\"url\":\"https:\\\/\\\/www.amstelprinting.nl\\\/it\\\/\",\"name\":\"Amstel Printing\",\"description\":\"Creating Exposure\",\"publisher\":{\"@id\":\"https:\\\/\\\/www.amstelprinting.nl\\\/it\\\/#organization\"},\"potentialAction\":[{\"@type\":\"SearchAction\",\"target\":{\"@type\":\"EntryPoint\",\"urlTemplate\":\"https:\\\/\\\/www.amstelprinting.nl\\\/it\\\/?s={search_term_string}\"},\"query-input\":{\"@type\":\"PropertyValueSpecification\",\"valueRequired\":true,\"valueName\":\"search_term_string\"}}],\"inLanguage\":\"it-IT\"},{\"@type\":\"Organization\",\"@id\":\"https:\\\/\\\/www.amstelprinting.nl\\\/it\\\/#organization\",\"name\":\"Amstel Printing\",\"url\":\"https:\\\/\\\/www.amstelprinting.nl\\\/it\\\/\",\"logo\":{\"@type\":\"ImageObject\",\"inLanguage\":\"it-IT\",\"@id\":\"https:\\\/\\\/www.amstelprinting.nl\\\/it\\\/#\\\/schema\\\/logo\\\/image\\\/\",\"url\":\"https:\\\/\\\/www.amstelprinting.nl\\\/wp-content\\\/uploads\\\/amstel_printing_logo_clean.png\",\"contentUrl\":\"https:\\\/\\\/www.amstelprinting.nl\\\/wp-content\\\/uploads\\\/amstel_printing_logo_clean.png\",\"width\":324,\"height\":73,\"caption\":\"Amstel Printing\"},\"image\":{\"@id\":\"https:\\\/\\\/www.amstelprinting.nl\\\/it\\\/#\\\/schema\\\/logo\\\/image\\\/\"}}]}<\/script>\n<!-- \/ Yoast SEO plugin. -->","yoast_head_json":{"title":"Stampa per valigia da trasporto \u2013 Per il branding e una protezione ottimale","description":"Trasforma la tua valigia da trasporto per pareti pop-up in un potente strumento di marketing con stampe durevoli e personalizzate.","robots":{"index":"index","follow":"follow","max-snippet":"max-snippet:-1","max-image-preview":"max-image-preview:large","max-video-preview":"max-video-preview:-1"},"canonical":"https:\/\/www.amstelprinting.nl\/it\/negozio\/borsa-di-studio-evento\/decorazione\/stampa-per-valigia-da-trasporto\/","og_locale":"it_IT","og_type":"article","og_title":"Stampa per valigia da trasporto \u2013 Per il branding e una protezione ottimale","og_description":"Trasforma la tua valigia da trasporto per pareti pop-up in un potente strumento di marketing con stampe durevoli e personalizzate.","og_url":"https:\/\/www.amstelprinting.nl\/it\/negozio\/borsa-di-studio-evento\/decorazione\/stampa-per-valigia-da-trasporto\/","og_site_name":"Amstel Printing","article_modified_time":"2026-02-18T11:39:53+00:00","og_image":[{"width":900,"height":900,"url":"https:\/\/www.amstelprinting.nl\/wp-content\/uploads\/kofferprint-bedrukken.png","type":"image\/png"}],"twitter_card":"summary_large_image","twitter_misc":{"Tempo di lettura stimato":"1 minuto"},"schema":{"@context":"https:\/\/schema.org","@graph":[{"@type":"WebPage","@id":"https:\/\/www.amstelprinting.nl\/it\/negozio\/borsa-di-studio-evento\/decorazione\/stampa-per-valigia-da-trasporto\/","url":"https:\/\/www.amstelprinting.nl\/it\/negozio\/borsa-di-studio-evento\/decorazione\/stampa-per-valigia-da-trasporto\/","name":"Stampa per valigia da trasporto \u2013 Per il branding e una protezione ottimale","isPartOf":{"@id":"https:\/\/www.amstelprinting.nl\/it\/#website"},"primaryImageOfPage":{"@id":"https:\/\/www.amstelprinting.nl\/it\/negozio\/borsa-di-studio-evento\/decorazione\/stampa-per-valigia-da-trasporto\/#primaryimage"},"image":{"@id":"https:\/\/www.amstelprinting.nl\/it\/negozio\/borsa-di-studio-evento\/decorazione\/stampa-per-valigia-da-trasporto\/#primaryimage"},"thumbnailUrl":"https:\/\/www.amstelprinting.nl\/wp-content\/uploads\/kofferprint-bedrukken.png","datePublished":"2025-01-23T20:04:34+00:00","dateModified":"2026-02-18T11:39:53+00:00","description":"Trasforma la tua valigia da trasporto per pareti pop-up in un potente strumento di marketing con stampe durevoli e personalizzate.","breadcrumb":{"@id":"https:\/\/www.amstelprinting.nl\/it\/negozio\/borsa-di-studio-evento\/decorazione\/stampa-per-valigia-da-trasporto\/#breadcrumb"},"inLanguage":"it-IT","potentialAction":[{"@type":"ReadAction","target":["https:\/\/www.amstelprinting.nl\/it\/negozio\/borsa-di-studio-evento\/decorazione\/stampa-per-valigia-da-trasporto\/"]}]},{"@type":"ImageObject","inLanguage":"it-IT","@id":"https:\/\/www.amstelprinting.nl\/it\/negozio\/borsa-di-studio-evento\/decorazione\/stampa-per-valigia-da-trasporto\/#primaryimage","url":"https:\/\/www.amstelprinting.nl\/wp-content\/uploads\/kofferprint-bedrukken.png","contentUrl":"https:\/\/www.amstelprinting.nl\/wp-content\/uploads\/kofferprint-bedrukken.png","width":900,"height":900},{"@type":"BreadcrumbList","@id":"https:\/\/www.amstelprinting.nl\/it\/negozio\/borsa-di-studio-evento\/decorazione\/stampa-per-valigia-da-trasporto\/#breadcrumb","itemListElement":[{"@type":"ListItem","position":1,"name":"","item":"https:\/\/www.amstelprinting.nl\/it\/"},{"@type":"ListItem","position":2,"name":"Amstel Printing","item":"https:\/\/www.amstelprinting.nl\/it\/negozio\/"},{"@type":"ListItem","position":3,"name":"Borsa di studio evento","item":"https:\/\/www.amstelprinting.nl\/it\/categoria\/borsa-di-studio-evento\/"},{"@type":"ListItem","position":4,"name":"Decorazione","item":"https:\/\/www.amstelprinting.nl\/it\/categoria\/borsa-di-studio-evento\/decorazione\/"},{"@type":"ListItem","position":5,"name":"Stampa per valigia da trasporto"}]},{"@type":"WebSite","@id":"https:\/\/www.amstelprinting.nl\/it\/#website","url":"https:\/\/www.amstelprinting.nl\/it\/","name":"Amstel Printing","description":"Creating Exposure","publisher":{"@id":"https:\/\/www.amstelprinting.nl\/it\/#organization"},"potentialAction":[{"@type":"SearchAction","target":{"@type":"EntryPoint","urlTemplate":"https:\/\/www.amstelprinting.nl\/it\/?s={search_term_string}"},"query-input":{"@type":"PropertyValueSpecification","valueRequired":true,"valueName":"search_term_string"}}],"inLanguage":"it-IT"},{"@type":"Organization","@id":"https:\/\/www.amstelprinting.nl\/it\/#organization","name":"Amstel Printing","url":"https:\/\/www.amstelprinting.nl\/it\/","logo":{"@type":"ImageObject","inLanguage":"it-IT","@id":"https:\/\/www.amstelprinting.nl\/it\/#\/schema\/logo\/image\/","url":"https:\/\/www.amstelprinting.nl\/wp-content\/uploads\/amstel_printing_logo_clean.png","contentUrl":"https:\/\/www.amstelprinting.nl\/wp-content\/uploads\/amstel_printing_logo_clean.png","width":324,"height":73,"caption":"Amstel Printing"},"image":{"@id":"https:\/\/www.amstelprinting.nl\/it\/#\/schema\/logo\/image\/"}}]}},"_links":{"self":[{"href":"https:\/\/www.amstelprinting.nl\/it\/wp-json\/wp\/v2\/product\/15256","targetHints":{"allow":["GET"]}}],"collection":[{"href":"https:\/\/www.amstelprinting.nl\/it\/wp-json\/wp\/v2\/product"}],"about":[{"href":"https:\/\/www.amstelprinting.nl\/it\/wp-json\/wp\/v2\/types\/product"}],"wp:featuredmedia":[{"embeddable":true,"href":"https:\/\/www.amstelprinting.nl\/it\/wp-json\/wp\/v2\/media\/15257"}],"wp:attachment":[{"href":"https:\/\/www.amstelprinting.nl\/it\/wp-json\/wp\/v2\/media?parent=15256"}],"wp:term":[{"taxonomy":"product_brand","embeddable":true,"href":"https:\/\/www.amstelprinting.nl\/it\/wp-json\/wp\/v2\/product_brand?post=15256"},{"taxonomy":"product_cat","embeddable":true,"href":"https:\/\/www.amstelprinting.nl\/it\/wp-json\/wp\/v2\/product_cat?post=15256"},{"taxonomy":"product_tag","embeddable":true,"href":"https:\/\/www.amstelprinting.nl\/it\/wp-json\/wp\/v2\/product_tag?post=15256"}],"curies":[{"name":"wp","href":"https:\/\/api.w.org\/{rel}","templated":true}]}}