{"id":15266,"date":"2025-01-23T21:04:13","date_gmt":"2025-01-23T20:04:13","guid":{"rendered":"https:\/\/www.amstelprinting.nl\/winkel\/senza-categoria\/skytube\/"},"modified":"2026-02-10T13:24:32","modified_gmt":"2026-02-10T12:24:32","slug":"skytube","status":"publish","type":"product","link":"https:\/\/www.amstelprinting.nl\/it\/negozio\/borsa-di-studio-evento\/decorazione\/skytube\/","title":{"rendered":"Skytube"},"content":{"rendered":"<h3>Stampa Skytube &#8211; Skydancer<\/h3>\n<p>Con lo Skytube avrete un&#8217;attrazione spettacolare che non solo attira l&#8217;attenzione, ma crea anche un&#8217;atmosfera energica. Che si tratti di una fiera, di un festival o di una promozione, questo skydancer far\u00e0 volare il vostro messaggio letteralmente e figurativamente. Ordinate oggi stesso il vostro Skytube con la stampa del vostro logo o design e scoprite l&#8217;impatto che pu\u00f2 avere sul vostro prossimo evento.<\/p>\n<h3>Perch\u00e9 ordinare uno Skydancer?<\/h3>\n<ul>\n<li>Dotato di stampa full-color a scelta<\/li>\n<li>Consegna completa (soffiatore incluso)<\/li>\n<li>Un&#8217;attrazione mozzafiato<\/li>\n<li>Disponibile in tre lunghezze (6, 7 o 8 metri)<\/li>\n<li>Resistente a diverse condizioni atmosferiche<\/li>\n<li>Molto flessibile grazie allo speciale tessuto spinnaker<\/li>\n<\/ul>\n<p>&nbsp;<\/p>\n<h3>Formati e materiale<\/h3>\n<p>Lo Skytube (skydancer) \u00e8 disponibile in tre lunghezze: 6 metri, 7 metri e 8 metri, con un diametro di 45 cm. Il nostro Skytube \u00e8 realizzato in spinnaker, un materiale noto per la sua impermeabilit\u00e0 all&#8217;aria e le sue propriet\u00e0 idrorepellenti. Ci\u00f2 garantisce che il vostro Skytube resista a diverse condizioni atmosferiche e possa essere utilizzato a lungo.<\/p>\n<h3>Come funziona lo skytube con stampa?<\/h3>\n<p>La parte inferiore dello Skytube (skydancer) \u00e8 rifinita con velcro. Questo permette di fissare saldamente il tessuto al soffiatore. La parte superiore \u00e8 dotata di un tunnel con un cordino, con cui \u00e8 possibile regolare il movimento dello Skytube. Questo cordino offre la possibilit\u00e0 di regolare il flusso d&#8217;aria e modificare la dinamica dei movimenti, rendendo il vostro Skytube ancora pi\u00f9 visibile.<\/p>\n","protected":false},"excerpt":{"rendered":"<h3>Skydancer. Dotato della vostra stampa all-over.<\/h3>\n<p>Attirate l&#8217;attenzione dei passanti e lasciate un&#8217;impressione duratura con il nostro Skytube, noto anche come skydancer. \u00c8 l&#8217;attrazione perfetta per ogni occasione. Che si tratti di un evento, di una fiera o di una promozione speciale, lo Skytube assicura che il vostro messaggio non passi inosservato. Il nostro Skytube \u00e8 disponibile come set completo, compreso il soffiatore, o come componenti singoli. <\/p>\n","protected":false},"featured_media":15267,"template":"","meta":{"_et_pb_use_builder":"","_et_pb_old_content":"","_et_gb_content_width":""},"product_brand":[],"product_cat":[430,426],"product_tag":[],"class_list":{"0":"post-15266","1":"product","2":"type-product","3":"status-publish","4":"has-post-thumbnail","6":"product_cat-borsa-di-studio-evento","7":"product_cat-decorazione","9":"first","10":"instock","11":"taxable","12":"shipping-taxable","13":"purchasable","14":"product-type-simple"},"yoast_head":"<!-- This site is optimized with the Yoast SEO plugin v27.3 - https:\/\/yoast.com\/product\/yoast-seo-wordpress\/ -->\n<title>Skytube - Attrazione dinamica per la massima visibilit\u00e0<\/title>\n<meta name=\"description\" content=\"Attirate l&#039;attenzione con il durevole Skytube in 6, 7 o 8 metri. Facile da installare e immediatamente pronto all&#039;uso con un potente soffiatore per il vostro evento.\" \/>\n<meta name=\"robots\" content=\"index, follow, max-snippet:-1, max-image-preview:large, max-video-preview:-1\" \/>\n<link rel=\"canonical\" href=\"https:\/\/www.amstelprinting.nl\/it\/negozio\/borsa-di-studio-evento\/decorazione\/skytube\/\" \/>\n<meta property=\"og:locale\" content=\"it_IT\" \/>\n<meta property=\"og:type\" content=\"article\" \/>\n<meta property=\"og:title\" content=\"Skytube - Attrazione dinamica per la massima visibilit\u00e0\" \/>\n<meta property=\"og:description\" content=\"Attirate l&#039;attenzione con il durevole Skytube in 6, 7 o 8 metri. Facile da installare e immediatamente pronto all&#039;uso con un potente soffiatore per il vostro evento.\" \/>\n<meta property=\"og:url\" content=\"https:\/\/www.amstelprinting.nl\/it\/negozio\/borsa-di-studio-evento\/decorazione\/skytube\/\" \/>\n<meta property=\"og:site_name\" content=\"Amstel Printing\" \/>\n<meta property=\"article:modified_time\" content=\"2026-02-10T12:24:32+00:00\" \/>\n<meta property=\"og:image\" content=\"https:\/\/www.amstelprinting.nl\/wp-content\/uploads\/skytube-bedrukken.png\" \/>\n\t<meta property=\"og:image:width\" content=\"900\" \/>\n\t<meta property=\"og:image:height\" content=\"900\" \/>\n\t<meta property=\"og:image:type\" content=\"image\/png\" \/>\n<meta name=\"twitter:card\" content=\"summary_large_image\" \/>\n<meta name=\"twitter:label1\" content=\"Tempo di lettura stimato\" \/>\n\t<meta name=\"twitter:data1\" content=\"1 minuto\" \/>\n<script type=\"application\/ld+json\" class=\"yoast-schema-graph\">{\"@context\":\"https:\\\/\\\/schema.org\",\"@graph\":[{\"@type\":\"WebPage\",\"@id\":\"https:\\\/\\\/www.amstelprinting.nl\\\/it\\\/negozio\\\/borsa-di-studio-evento\\\/decorazione\\\/skytube\\\/\",\"url\":\"https:\\\/\\\/www.amstelprinting.nl\\\/it\\\/negozio\\\/borsa-di-studio-evento\\\/decorazione\\\/skytube\\\/\",\"name\":\"Skytube - Attrazione dinamica per la massima visibilit\u00e0\",\"isPartOf\":{\"@id\":\"https:\\\/\\\/www.amstelprinting.nl\\\/it\\\/#website\"},\"primaryImageOfPage\":{\"@id\":\"https:\\\/\\\/www.amstelprinting.nl\\\/it\\\/negozio\\\/borsa-di-studio-evento\\\/decorazione\\\/skytube\\\/#primaryimage\"},\"image\":{\"@id\":\"https:\\\/\\\/www.amstelprinting.nl\\\/it\\\/negozio\\\/borsa-di-studio-evento\\\/decorazione\\\/skytube\\\/#primaryimage\"},\"thumbnailUrl\":\"https:\\\/\\\/www.amstelprinting.nl\\\/wp-content\\\/uploads\\\/skytube-bedrukken.png\",\"datePublished\":\"2025-01-23T20:04:13+00:00\",\"dateModified\":\"2026-02-10T12:24:32+00:00\",\"description\":\"Attirate l'attenzione con il durevole Skytube in 6, 7 o 8 metri. Facile da installare e immediatamente pronto all'uso con un potente soffiatore per il vostro evento.\",\"breadcrumb\":{\"@id\":\"https:\\\/\\\/www.amstelprinting.nl\\\/it\\\/negozio\\\/borsa-di-studio-evento\\\/decorazione\\\/skytube\\\/#breadcrumb\"},\"inLanguage\":\"it-IT\",\"potentialAction\":[{\"@type\":\"ReadAction\",\"target\":[\"https:\\\/\\\/www.amstelprinting.nl\\\/it\\\/negozio\\\/borsa-di-studio-evento\\\/decorazione\\\/skytube\\\/\"]}]},{\"@type\":\"ImageObject\",\"inLanguage\":\"it-IT\",\"@id\":\"https:\\\/\\\/www.amstelprinting.nl\\\/it\\\/negozio\\\/borsa-di-studio-evento\\\/decorazione\\\/skytube\\\/#primaryimage\",\"url\":\"https:\\\/\\\/www.amstelprinting.nl\\\/wp-content\\\/uploads\\\/skytube-bedrukken.png\",\"contentUrl\":\"https:\\\/\\\/www.amstelprinting.nl\\\/wp-content\\\/uploads\\\/skytube-bedrukken.png\",\"width\":900,\"height\":900},{\"@type\":\"BreadcrumbList\",\"@id\":\"https:\\\/\\\/www.amstelprinting.nl\\\/it\\\/negozio\\\/borsa-di-studio-evento\\\/decorazione\\\/skytube\\\/#breadcrumb\",\"itemListElement\":[{\"@type\":\"ListItem\",\"position\":1,\"name\":\"\",\"item\":\"https:\\\/\\\/www.amstelprinting.nl\\\/it\\\/\"},{\"@type\":\"ListItem\",\"position\":2,\"name\":\"Amstel Printing\",\"item\":\"https:\\\/\\\/www.amstelprinting.nl\\\/it\\\/negozio\\\/\"},{\"@type\":\"ListItem\",\"position\":3,\"name\":\"Borsa di studio evento\",\"item\":\"https:\\\/\\\/www.amstelprinting.nl\\\/it\\\/categoria\\\/borsa-di-studio-evento\\\/\"},{\"@type\":\"ListItem\",\"position\":4,\"name\":\"Decorazione\",\"item\":\"https:\\\/\\\/www.amstelprinting.nl\\\/it\\\/categoria\\\/borsa-di-studio-evento\\\/decorazione\\\/\"},{\"@type\":\"ListItem\",\"position\":5,\"name\":\"Skytube\"}]},{\"@type\":\"WebSite\",\"@id\":\"https:\\\/\\\/www.amstelprinting.nl\\\/it\\\/#website\",\"url\":\"https:\\\/\\\/www.amstelprinting.nl\\\/it\\\/\",\"name\":\"Amstel Printing\",\"description\":\"Creating Exposure\",\"publisher\":{\"@id\":\"https:\\\/\\\/www.amstelprinting.nl\\\/it\\\/#organization\"},\"potentialAction\":[{\"@type\":\"SearchAction\",\"target\":{\"@type\":\"EntryPoint\",\"urlTemplate\":\"https:\\\/\\\/www.amstelprinting.nl\\\/it\\\/?s={search_term_string}\"},\"query-input\":{\"@type\":\"PropertyValueSpecification\",\"valueRequired\":true,\"valueName\":\"search_term_string\"}}],\"inLanguage\":\"it-IT\"},{\"@type\":\"Organization\",\"@id\":\"https:\\\/\\\/www.amstelprinting.nl\\\/it\\\/#organization\",\"name\":\"Amstel Printing\",\"url\":\"https:\\\/\\\/www.amstelprinting.nl\\\/it\\\/\",\"logo\":{\"@type\":\"ImageObject\",\"inLanguage\":\"it-IT\",\"@id\":\"https:\\\/\\\/www.amstelprinting.nl\\\/it\\\/#\\\/schema\\\/logo\\\/image\\\/\",\"url\":\"https:\\\/\\\/www.amstelprinting.nl\\\/wp-content\\\/uploads\\\/amstel_printing_logo_clean.png\",\"contentUrl\":\"https:\\\/\\\/www.amstelprinting.nl\\\/wp-content\\\/uploads\\\/amstel_printing_logo_clean.png\",\"width\":324,\"height\":73,\"caption\":\"Amstel Printing\"},\"image\":{\"@id\":\"https:\\\/\\\/www.amstelprinting.nl\\\/it\\\/#\\\/schema\\\/logo\\\/image\\\/\"}}]}<\/script>\n<!-- \/ Yoast SEO plugin. -->","yoast_head_json":{"title":"Skytube - Attrazione dinamica per la massima visibilit\u00e0","description":"Attirate l'attenzione con il durevole Skytube in 6, 7 o 8 metri. Facile da installare e immediatamente pronto all'uso con un potente soffiatore per il vostro evento.","robots":{"index":"index","follow":"follow","max-snippet":"max-snippet:-1","max-image-preview":"max-image-preview:large","max-video-preview":"max-video-preview:-1"},"canonical":"https:\/\/www.amstelprinting.nl\/it\/negozio\/borsa-di-studio-evento\/decorazione\/skytube\/","og_locale":"it_IT","og_type":"article","og_title":"Skytube - Attrazione dinamica per la massima visibilit\u00e0","og_description":"Attirate l'attenzione con il durevole Skytube in 6, 7 o 8 metri. Facile da installare e immediatamente pronto all'uso con un potente soffiatore per il vostro evento.","og_url":"https:\/\/www.amstelprinting.nl\/it\/negozio\/borsa-di-studio-evento\/decorazione\/skytube\/","og_site_name":"Amstel Printing","article_modified_time":"2026-02-10T12:24:32+00:00","og_image":[{"width":900,"height":900,"url":"https:\/\/www.amstelprinting.nl\/wp-content\/uploads\/skytube-bedrukken.png","type":"image\/png"}],"twitter_card":"summary_large_image","twitter_misc":{"Tempo di lettura stimato":"1 minuto"},"schema":{"@context":"https:\/\/schema.org","@graph":[{"@type":"WebPage","@id":"https:\/\/www.amstelprinting.nl\/it\/negozio\/borsa-di-studio-evento\/decorazione\/skytube\/","url":"https:\/\/www.amstelprinting.nl\/it\/negozio\/borsa-di-studio-evento\/decorazione\/skytube\/","name":"Skytube - Attrazione dinamica per la massima visibilit\u00e0","isPartOf":{"@id":"https:\/\/www.amstelprinting.nl\/it\/#website"},"primaryImageOfPage":{"@id":"https:\/\/www.amstelprinting.nl\/it\/negozio\/borsa-di-studio-evento\/decorazione\/skytube\/#primaryimage"},"image":{"@id":"https:\/\/www.amstelprinting.nl\/it\/negozio\/borsa-di-studio-evento\/decorazione\/skytube\/#primaryimage"},"thumbnailUrl":"https:\/\/www.amstelprinting.nl\/wp-content\/uploads\/skytube-bedrukken.png","datePublished":"2025-01-23T20:04:13+00:00","dateModified":"2026-02-10T12:24:32+00:00","description":"Attirate l'attenzione con il durevole Skytube in 6, 7 o 8 metri. Facile da installare e immediatamente pronto all'uso con un potente soffiatore per il vostro evento.","breadcrumb":{"@id":"https:\/\/www.amstelprinting.nl\/it\/negozio\/borsa-di-studio-evento\/decorazione\/skytube\/#breadcrumb"},"inLanguage":"it-IT","potentialAction":[{"@type":"ReadAction","target":["https:\/\/www.amstelprinting.nl\/it\/negozio\/borsa-di-studio-evento\/decorazione\/skytube\/"]}]},{"@type":"ImageObject","inLanguage":"it-IT","@id":"https:\/\/www.amstelprinting.nl\/it\/negozio\/borsa-di-studio-evento\/decorazione\/skytube\/#primaryimage","url":"https:\/\/www.amstelprinting.nl\/wp-content\/uploads\/skytube-bedrukken.png","contentUrl":"https:\/\/www.amstelprinting.nl\/wp-content\/uploads\/skytube-bedrukken.png","width":900,"height":900},{"@type":"BreadcrumbList","@id":"https:\/\/www.amstelprinting.nl\/it\/negozio\/borsa-di-studio-evento\/decorazione\/skytube\/#breadcrumb","itemListElement":[{"@type":"ListItem","position":1,"name":"","item":"https:\/\/www.amstelprinting.nl\/it\/"},{"@type":"ListItem","position":2,"name":"Amstel Printing","item":"https:\/\/www.amstelprinting.nl\/it\/negozio\/"},{"@type":"ListItem","position":3,"name":"Borsa di studio evento","item":"https:\/\/www.amstelprinting.nl\/it\/categoria\/borsa-di-studio-evento\/"},{"@type":"ListItem","position":4,"name":"Decorazione","item":"https:\/\/www.amstelprinting.nl\/it\/categoria\/borsa-di-studio-evento\/decorazione\/"},{"@type":"ListItem","position":5,"name":"Skytube"}]},{"@type":"WebSite","@id":"https:\/\/www.amstelprinting.nl\/it\/#website","url":"https:\/\/www.amstelprinting.nl\/it\/","name":"Amstel Printing","description":"Creating Exposure","publisher":{"@id":"https:\/\/www.amstelprinting.nl\/it\/#organization"},"potentialAction":[{"@type":"SearchAction","target":{"@type":"EntryPoint","urlTemplate":"https:\/\/www.amstelprinting.nl\/it\/?s={search_term_string}"},"query-input":{"@type":"PropertyValueSpecification","valueRequired":true,"valueName":"search_term_string"}}],"inLanguage":"it-IT"},{"@type":"Organization","@id":"https:\/\/www.amstelprinting.nl\/it\/#organization","name":"Amstel Printing","url":"https:\/\/www.amstelprinting.nl\/it\/","logo":{"@type":"ImageObject","inLanguage":"it-IT","@id":"https:\/\/www.amstelprinting.nl\/it\/#\/schema\/logo\/image\/","url":"https:\/\/www.amstelprinting.nl\/wp-content\/uploads\/amstel_printing_logo_clean.png","contentUrl":"https:\/\/www.amstelprinting.nl\/wp-content\/uploads\/amstel_printing_logo_clean.png","width":324,"height":73,"caption":"Amstel Printing"},"image":{"@id":"https:\/\/www.amstelprinting.nl\/it\/#\/schema\/logo\/image\/"}}]}},"_links":{"self":[{"href":"https:\/\/www.amstelprinting.nl\/it\/wp-json\/wp\/v2\/product\/15266","targetHints":{"allow":["GET"]}}],"collection":[{"href":"https:\/\/www.amstelprinting.nl\/it\/wp-json\/wp\/v2\/product"}],"about":[{"href":"https:\/\/www.amstelprinting.nl\/it\/wp-json\/wp\/v2\/types\/product"}],"wp:featuredmedia":[{"embeddable":true,"href":"https:\/\/www.amstelprinting.nl\/it\/wp-json\/wp\/v2\/media\/15267"}],"wp:attachment":[{"href":"https:\/\/www.amstelprinting.nl\/it\/wp-json\/wp\/v2\/media?parent=15266"}],"wp:term":[{"taxonomy":"product_brand","embeddable":true,"href":"https:\/\/www.amstelprinting.nl\/it\/wp-json\/wp\/v2\/product_brand?post=15266"},{"taxonomy":"product_cat","embeddable":true,"href":"https:\/\/www.amstelprinting.nl\/it\/wp-json\/wp\/v2\/product_cat?post=15266"},{"taxonomy":"product_tag","embeddable":true,"href":"https:\/\/www.amstelprinting.nl\/it\/wp-json\/wp\/v2\/product_tag?post=15266"}],"curies":[{"name":"wp","href":"https:\/\/api.w.org\/{rel}","templated":true}]}}