{"id":15276,"date":"2025-01-23T21:04:07","date_gmt":"2025-01-23T20:04:07","guid":{"rendered":"https:\/\/www.amstelprinting.nl\/winkel\/senza-categoria\/rechte-pop-up-balie-2\/"},"modified":"2026-02-18T12:39:54","modified_gmt":"2026-02-18T11:39:54","slug":"bancone-pop-up-dritto","status":"publish","type":"product","link":"https:\/\/www.amstelprinting.nl\/it\/negozio\/borsa-di-studio-evento\/pareti-espositive\/bancone-pop-up-dritto\/","title":{"rendered":"Bancone pop-up dritto"},"content":{"rendered":"<h3>Ordina il bancone fieristico<\/h3>\n<p>Fai colpo al tuo prossimo evento con questo bancone fieristico dritto. Completamente personalizzato con il tuo design. Questo bancone pratico ed elegante offre spazio sufficiente per presentare i tuoi prodotti o informazioni. Ideale per fiere, eventi o promozioni. Il montaggio \u00e8 semplicissimo, senza attrezzi! Dopo l&#8217;uso, riponi questo bancone fieristico nella borsa da trasporto compatta inclusa.<\/p>\n<h3>Vantaggi<\/h3>\n<ul>\n<li>Disponibile in due materiali<\/li>\n<li>Montato in un batter d&#8217;occhio (senza attrezzi)<\/li>\n<li>Include una pratica borsa da trasporto (stoccaggio e trasporto compatto)<\/li>\n<li>Nuovo design? Ordina facilmente una stampa separata<\/li>\n<\/ul>\n<p>&nbsp;<\/p>\n<h3>Materiali<\/h3>\n<p>Scegli tra due tipi di materiali per il tuo bancone fieristico:<\/p>\n<ul>\n<li><strong>Dekostof<\/strong>: Questo tessuto in poliestere flessibile con una struttura fine offre colori vivaci che fanno risplendere il tuo design. Tieni presente che in ambienti molto illuminati il telaio potrebbe intravedersi attraverso il tessuto del bancone.<\/li>\n<li><strong>Blackback Soft<\/strong>: Questo tessuto block-out in poliestere con retro nero \u00e8 perfetto per situazioni in cui l&#8217;assorbimento della luce e la minimizzazione delle interferenze dello sfondo sono essenziali. Il tessuto \u00e8 inodore, pieghevole e dispone di un certificato B1 per la sicurezza antincendio, il che lo rende ideale per un uso intensivo in fiere ed eventi.<\/li>\n<\/ul>\n<p>&nbsp;<\/p>\n<h3>Disimballaggio, installazione e trasporto<\/h3>\n<p>Riceverai il bancone inclusa la borsa da trasporto, dove potrai riporlo. Durante il trasporto, puoi lasciare il tessuto fissato al telaio. In questo modo, potrai montare il bancone pop-up in soli cinque minuti. La robustezza del telaio \u00e8 garantita da giunti a croce in plastica. Il ripiano in plastica offre spazio di stoccaggio extra e, insieme al piano in legno, contribuisce alla stabilit\u00e0.<\/p>\n<p>Presenta il tuo brand nel miglior modo possibile con il nostro bancone fieristico mobile e attira tutta l&#8217;attenzione al tuo prossimo evento! Utilizza i nostri pratici template, disponibili nella sezione download, per creare facilmente il tuo design. Con il nostro bancone fieristico mobile hai la certezza di una presentazione professionale e d&#8217;impatto che attira l&#8217;attenzione e rappresenta il tuo brand nel miglior modo possibile.<\/p>\n<h3>Bancone fieristico con illuminazione a LED?<\/h3>\n<p>Vuoi davvero distinguerti? Scegli il nostro bancone Pixlip Go, una variante con illuminazione integrata che assicura che il tuo messaggio sia sotto i riflettori.<\/p>\n","protected":false},"excerpt":{"rendered":"<h3>Bancone mobile per stand fieristico. Dotato di una splendida stampa.<\/h3>\n<p>Crea un&#8217;impressione duratura alla tua prossima fiera o evento con il nostro bancone fieristico mobile (chiamato anche banco fieristico, counter o desk). Questo bancone non \u00e8 solo un elemento che attira l&#8217;attenzione, ma offre anche la combinazione perfetta di funzionalit\u00e0 e design. Il nostro bancone fieristico \u00e8 disponibile come set completo, comprensivo di piano superiore nero e ripiano, oppure puoi scegliere componenti singoli come solo il tessuto stampato del bancone o solo il sistema.<\/p>\n","protected":false},"featured_media":15277,"template":"","meta":{"_et_pb_use_builder":"","_et_pb_old_content":"","_et_gb_content_width":""},"product_brand":[],"product_cat":[430,426,412,389,378],"product_tag":[],"class_list":{"0":"post-15276","1":"product","2":"type-product","3":"status-publish","4":"has-post-thumbnail","6":"product_cat-borsa-di-studio-evento","7":"product_cat-decorazione","8":"product_cat-pareti-espositive","9":"product_cat-presentazione","10":"product_cat-pubblicita-interna","12":"first","13":"instock","14":"taxable","15":"shipping-taxable","16":"purchasable","17":"product-type-simple"},"yoast_head":"<!-- This site is optimized with the Yoast SEO plugin v27.3 - https:\/\/yoast.com\/product\/yoast-seo-wordpress\/ -->\n<title>Bancone pop-up dritto \u2013 Montaggio semplice | Consegna rapida<\/title>\n<meta name=\"description\" content=\"Scopri il bancone pop-up dritto per una presentazione del brand d&#039;impatto in fiere ed eventi. Richiedi subito il tuo preventivo!\" \/>\n<meta name=\"robots\" content=\"index, follow, max-snippet:-1, max-image-preview:large, max-video-preview:-1\" \/>\n<link rel=\"canonical\" href=\"https:\/\/www.amstelprinting.nl\/it\/negozio\/borsa-di-studio-evento\/pareti-espositive\/bancone-pop-up-dritto\/\" \/>\n<meta property=\"og:locale\" content=\"it_IT\" \/>\n<meta property=\"og:type\" content=\"article\" \/>\n<meta property=\"og:title\" content=\"Bancone pop-up dritto \u2013 Montaggio semplice | Consegna rapida\" \/>\n<meta property=\"og:description\" content=\"Scopri il bancone pop-up dritto per una presentazione del brand d&#039;impatto in fiere ed eventi. Richiedi subito il tuo preventivo!\" \/>\n<meta property=\"og:url\" content=\"https:\/\/www.amstelprinting.nl\/it\/negozio\/borsa-di-studio-evento\/pareti-espositive\/bancone-pop-up-dritto\/\" \/>\n<meta property=\"og:site_name\" content=\"Amstel Printing\" \/>\n<meta property=\"article:modified_time\" content=\"2026-02-18T11:39:54+00:00\" \/>\n<meta property=\"og:image\" content=\"https:\/\/www.amstelprinting.nl\/wp-content\/uploads\/balie-bedrukken.png\" \/>\n\t<meta property=\"og:image:width\" content=\"900\" \/>\n\t<meta property=\"og:image:height\" content=\"900\" \/>\n\t<meta property=\"og:image:type\" content=\"image\/png\" \/>\n<meta name=\"twitter:card\" content=\"summary_large_image\" \/>\n<meta name=\"twitter:label1\" content=\"Tempo di lettura stimato\" \/>\n\t<meta name=\"twitter:data1\" content=\"2 minuti\" \/>\n<script type=\"application\/ld+json\" class=\"yoast-schema-graph\">{\"@context\":\"https:\\\/\\\/schema.org\",\"@graph\":[{\"@type\":\"WebPage\",\"@id\":\"https:\\\/\\\/www.amstelprinting.nl\\\/it\\\/negozio\\\/borsa-di-studio-evento\\\/pareti-espositive\\\/bancone-pop-up-dritto\\\/\",\"url\":\"https:\\\/\\\/www.amstelprinting.nl\\\/it\\\/negozio\\\/borsa-di-studio-evento\\\/pareti-espositive\\\/bancone-pop-up-dritto\\\/\",\"name\":\"Bancone pop-up dritto \u2013 Montaggio semplice | Consegna rapida\",\"isPartOf\":{\"@id\":\"https:\\\/\\\/www.amstelprinting.nl\\\/it\\\/#website\"},\"primaryImageOfPage\":{\"@id\":\"https:\\\/\\\/www.amstelprinting.nl\\\/it\\\/negozio\\\/borsa-di-studio-evento\\\/pareti-espositive\\\/bancone-pop-up-dritto\\\/#primaryimage\"},\"image\":{\"@id\":\"https:\\\/\\\/www.amstelprinting.nl\\\/it\\\/negozio\\\/borsa-di-studio-evento\\\/pareti-espositive\\\/bancone-pop-up-dritto\\\/#primaryimage\"},\"thumbnailUrl\":\"https:\\\/\\\/www.amstelprinting.nl\\\/wp-content\\\/uploads\\\/balie-bedrukken.png\",\"datePublished\":\"2025-01-23T20:04:07+00:00\",\"dateModified\":\"2026-02-18T11:39:54+00:00\",\"description\":\"Scopri il bancone pop-up dritto per una presentazione del brand d'impatto in fiere ed eventi. Richiedi subito il tuo preventivo!\",\"breadcrumb\":{\"@id\":\"https:\\\/\\\/www.amstelprinting.nl\\\/it\\\/negozio\\\/borsa-di-studio-evento\\\/pareti-espositive\\\/bancone-pop-up-dritto\\\/#breadcrumb\"},\"inLanguage\":\"it-IT\",\"potentialAction\":[{\"@type\":\"ReadAction\",\"target\":[\"https:\\\/\\\/www.amstelprinting.nl\\\/it\\\/negozio\\\/borsa-di-studio-evento\\\/pareti-espositive\\\/bancone-pop-up-dritto\\\/\"]}]},{\"@type\":\"ImageObject\",\"inLanguage\":\"it-IT\",\"@id\":\"https:\\\/\\\/www.amstelprinting.nl\\\/it\\\/negozio\\\/borsa-di-studio-evento\\\/pareti-espositive\\\/bancone-pop-up-dritto\\\/#primaryimage\",\"url\":\"https:\\\/\\\/www.amstelprinting.nl\\\/wp-content\\\/uploads\\\/balie-bedrukken.png\",\"contentUrl\":\"https:\\\/\\\/www.amstelprinting.nl\\\/wp-content\\\/uploads\\\/balie-bedrukken.png\",\"width\":900,\"height\":900},{\"@type\":\"BreadcrumbList\",\"@id\":\"https:\\\/\\\/www.amstelprinting.nl\\\/it\\\/negozio\\\/borsa-di-studio-evento\\\/pareti-espositive\\\/bancone-pop-up-dritto\\\/#breadcrumb\",\"itemListElement\":[{\"@type\":\"ListItem\",\"position\":1,\"name\":\"\",\"item\":\"https:\\\/\\\/www.amstelprinting.nl\\\/it\\\/\"},{\"@type\":\"ListItem\",\"position\":2,\"name\":\"Amstel Printing\",\"item\":\"https:\\\/\\\/www.amstelprinting.nl\\\/it\\\/negozio\\\/\"},{\"@type\":\"ListItem\",\"position\":3,\"name\":\"Pubblicit\u00e0 interna\",\"item\":\"https:\\\/\\\/www.amstelprinting.nl\\\/it\\\/categoria\\\/pubblicita-interna\\\/\"},{\"@type\":\"ListItem\",\"position\":4,\"name\":\"Presentazione\",\"item\":\"https:\\\/\\\/www.amstelprinting.nl\\\/it\\\/categoria\\\/pubblicita-interna\\\/presentazione\\\/\"},{\"@type\":\"ListItem\",\"position\":5,\"name\":\"Bancone pop-up dritto\"}]},{\"@type\":\"WebSite\",\"@id\":\"https:\\\/\\\/www.amstelprinting.nl\\\/it\\\/#website\",\"url\":\"https:\\\/\\\/www.amstelprinting.nl\\\/it\\\/\",\"name\":\"Amstel Printing\",\"description\":\"Creating Exposure\",\"publisher\":{\"@id\":\"https:\\\/\\\/www.amstelprinting.nl\\\/it\\\/#organization\"},\"potentialAction\":[{\"@type\":\"SearchAction\",\"target\":{\"@type\":\"EntryPoint\",\"urlTemplate\":\"https:\\\/\\\/www.amstelprinting.nl\\\/it\\\/?s={search_term_string}\"},\"query-input\":{\"@type\":\"PropertyValueSpecification\",\"valueRequired\":true,\"valueName\":\"search_term_string\"}}],\"inLanguage\":\"it-IT\"},{\"@type\":\"Organization\",\"@id\":\"https:\\\/\\\/www.amstelprinting.nl\\\/it\\\/#organization\",\"name\":\"Amstel Printing\",\"url\":\"https:\\\/\\\/www.amstelprinting.nl\\\/it\\\/\",\"logo\":{\"@type\":\"ImageObject\",\"inLanguage\":\"it-IT\",\"@id\":\"https:\\\/\\\/www.amstelprinting.nl\\\/it\\\/#\\\/schema\\\/logo\\\/image\\\/\",\"url\":\"https:\\\/\\\/www.amstelprinting.nl\\\/wp-content\\\/uploads\\\/amstel_printing_logo_clean.png\",\"contentUrl\":\"https:\\\/\\\/www.amstelprinting.nl\\\/wp-content\\\/uploads\\\/amstel_printing_logo_clean.png\",\"width\":324,\"height\":73,\"caption\":\"Amstel Printing\"},\"image\":{\"@id\":\"https:\\\/\\\/www.amstelprinting.nl\\\/it\\\/#\\\/schema\\\/logo\\\/image\\\/\"}}]}<\/script>\n<!-- \/ Yoast SEO plugin. -->","yoast_head_json":{"title":"Bancone pop-up dritto \u2013 Montaggio semplice | Consegna rapida","description":"Scopri il bancone pop-up dritto per una presentazione del brand d'impatto in fiere ed eventi. Richiedi subito il tuo preventivo!","robots":{"index":"index","follow":"follow","max-snippet":"max-snippet:-1","max-image-preview":"max-image-preview:large","max-video-preview":"max-video-preview:-1"},"canonical":"https:\/\/www.amstelprinting.nl\/it\/negozio\/borsa-di-studio-evento\/pareti-espositive\/bancone-pop-up-dritto\/","og_locale":"it_IT","og_type":"article","og_title":"Bancone pop-up dritto \u2013 Montaggio semplice | Consegna rapida","og_description":"Scopri il bancone pop-up dritto per una presentazione del brand d'impatto in fiere ed eventi. Richiedi subito il tuo preventivo!","og_url":"https:\/\/www.amstelprinting.nl\/it\/negozio\/borsa-di-studio-evento\/pareti-espositive\/bancone-pop-up-dritto\/","og_site_name":"Amstel Printing","article_modified_time":"2026-02-18T11:39:54+00:00","og_image":[{"width":900,"height":900,"url":"https:\/\/www.amstelprinting.nl\/wp-content\/uploads\/balie-bedrukken.png","type":"image\/png"}],"twitter_card":"summary_large_image","twitter_misc":{"Tempo di lettura stimato":"2 minuti"},"schema":{"@context":"https:\/\/schema.org","@graph":[{"@type":"WebPage","@id":"https:\/\/www.amstelprinting.nl\/it\/negozio\/borsa-di-studio-evento\/pareti-espositive\/bancone-pop-up-dritto\/","url":"https:\/\/www.amstelprinting.nl\/it\/negozio\/borsa-di-studio-evento\/pareti-espositive\/bancone-pop-up-dritto\/","name":"Bancone pop-up dritto \u2013 Montaggio semplice | Consegna rapida","isPartOf":{"@id":"https:\/\/www.amstelprinting.nl\/it\/#website"},"primaryImageOfPage":{"@id":"https:\/\/www.amstelprinting.nl\/it\/negozio\/borsa-di-studio-evento\/pareti-espositive\/bancone-pop-up-dritto\/#primaryimage"},"image":{"@id":"https:\/\/www.amstelprinting.nl\/it\/negozio\/borsa-di-studio-evento\/pareti-espositive\/bancone-pop-up-dritto\/#primaryimage"},"thumbnailUrl":"https:\/\/www.amstelprinting.nl\/wp-content\/uploads\/balie-bedrukken.png","datePublished":"2025-01-23T20:04:07+00:00","dateModified":"2026-02-18T11:39:54+00:00","description":"Scopri il bancone pop-up dritto per una presentazione del brand d'impatto in fiere ed eventi. Richiedi subito il tuo preventivo!","breadcrumb":{"@id":"https:\/\/www.amstelprinting.nl\/it\/negozio\/borsa-di-studio-evento\/pareti-espositive\/bancone-pop-up-dritto\/#breadcrumb"},"inLanguage":"it-IT","potentialAction":[{"@type":"ReadAction","target":["https:\/\/www.amstelprinting.nl\/it\/negozio\/borsa-di-studio-evento\/pareti-espositive\/bancone-pop-up-dritto\/"]}]},{"@type":"ImageObject","inLanguage":"it-IT","@id":"https:\/\/www.amstelprinting.nl\/it\/negozio\/borsa-di-studio-evento\/pareti-espositive\/bancone-pop-up-dritto\/#primaryimage","url":"https:\/\/www.amstelprinting.nl\/wp-content\/uploads\/balie-bedrukken.png","contentUrl":"https:\/\/www.amstelprinting.nl\/wp-content\/uploads\/balie-bedrukken.png","width":900,"height":900},{"@type":"BreadcrumbList","@id":"https:\/\/www.amstelprinting.nl\/it\/negozio\/borsa-di-studio-evento\/pareti-espositive\/bancone-pop-up-dritto\/#breadcrumb","itemListElement":[{"@type":"ListItem","position":1,"name":"","item":"https:\/\/www.amstelprinting.nl\/it\/"},{"@type":"ListItem","position":2,"name":"Amstel Printing","item":"https:\/\/www.amstelprinting.nl\/it\/negozio\/"},{"@type":"ListItem","position":3,"name":"Pubblicit\u00e0 interna","item":"https:\/\/www.amstelprinting.nl\/it\/categoria\/pubblicita-interna\/"},{"@type":"ListItem","position":4,"name":"Presentazione","item":"https:\/\/www.amstelprinting.nl\/it\/categoria\/pubblicita-interna\/presentazione\/"},{"@type":"ListItem","position":5,"name":"Bancone pop-up dritto"}]},{"@type":"WebSite","@id":"https:\/\/www.amstelprinting.nl\/it\/#website","url":"https:\/\/www.amstelprinting.nl\/it\/","name":"Amstel Printing","description":"Creating Exposure","publisher":{"@id":"https:\/\/www.amstelprinting.nl\/it\/#organization"},"potentialAction":[{"@type":"SearchAction","target":{"@type":"EntryPoint","urlTemplate":"https:\/\/www.amstelprinting.nl\/it\/?s={search_term_string}"},"query-input":{"@type":"PropertyValueSpecification","valueRequired":true,"valueName":"search_term_string"}}],"inLanguage":"it-IT"},{"@type":"Organization","@id":"https:\/\/www.amstelprinting.nl\/it\/#organization","name":"Amstel Printing","url":"https:\/\/www.amstelprinting.nl\/it\/","logo":{"@type":"ImageObject","inLanguage":"it-IT","@id":"https:\/\/www.amstelprinting.nl\/it\/#\/schema\/logo\/image\/","url":"https:\/\/www.amstelprinting.nl\/wp-content\/uploads\/amstel_printing_logo_clean.png","contentUrl":"https:\/\/www.amstelprinting.nl\/wp-content\/uploads\/amstel_printing_logo_clean.png","width":324,"height":73,"caption":"Amstel Printing"},"image":{"@id":"https:\/\/www.amstelprinting.nl\/it\/#\/schema\/logo\/image\/"}}]}},"_links":{"self":[{"href":"https:\/\/www.amstelprinting.nl\/it\/wp-json\/wp\/v2\/product\/15276","targetHints":{"allow":["GET"]}}],"collection":[{"href":"https:\/\/www.amstelprinting.nl\/it\/wp-json\/wp\/v2\/product"}],"about":[{"href":"https:\/\/www.amstelprinting.nl\/it\/wp-json\/wp\/v2\/types\/product"}],"wp:featuredmedia":[{"embeddable":true,"href":"https:\/\/www.amstelprinting.nl\/it\/wp-json\/wp\/v2\/media\/15277"}],"wp:attachment":[{"href":"https:\/\/www.amstelprinting.nl\/it\/wp-json\/wp\/v2\/media?parent=15276"}],"wp:term":[{"taxonomy":"product_brand","embeddable":true,"href":"https:\/\/www.amstelprinting.nl\/it\/wp-json\/wp\/v2\/product_brand?post=15276"},{"taxonomy":"product_cat","embeddable":true,"href":"https:\/\/www.amstelprinting.nl\/it\/wp-json\/wp\/v2\/product_cat?post=15276"},{"taxonomy":"product_tag","embeddable":true,"href":"https:\/\/www.amstelprinting.nl\/it\/wp-json\/wp\/v2\/product_tag?post=15276"}],"curies":[{"name":"wp","href":"https:\/\/api.w.org\/{rel}","templated":true}]}}