{"id":15289,"date":"2025-01-23T21:03:55","date_gmt":"2025-01-23T20:03:55","guid":{"rendered":"https:\/\/www.amstelprinting.nl\/winkel\/senza-categoria\/sierkussenvulling\/"},"modified":"2026-02-18T12:39:56","modified_gmt":"2026-02-18T11:39:56","slug":"imbottitura-per-cuscini-decorativi","status":"publish","type":"product","link":"https:\/\/www.amstelprinting.nl\/it\/negozio\/interno\/casa-settore-della-ristorazione\/imbottitura-per-cuscini-decorativi\/","title":{"rendered":"Imbottitura per cuscini decorativi"},"content":{"rendered":"<h3>Imbottitura per cuscini decorativi per un risultato perfetto<\/h3>\n<p>Imbottitura per cuscini decorativi di alta qualit\u00e0 per federe stampate. Il cuscino interno neutro (di colore bianco) assicura che i vostri cuscini rimangano sempre belli pieni e ben formati. Ordinateli a partire da solo 1 pezzo.<\/p>\n<h3>Scegliete il formato giusto in base alle vostre esigenze<\/h3>\n<p>La nostra imbottitura per cuscini decorativi \u00e8 disponibile in vari formati comuni, da 40 x 40 cm a 60 x 60 cm. Il rivestimento \u00e8 realizzato in tessuto non tessuto 100% polipropilene spunbond. L&#8217;imbottitura \u00e8 costituita da fibra in fiocco di poliestere vergine. Questa imbottitura \u00e8 ignifuga secondo la norma BS5852 (per una maggiore sicurezza).<\/p>\n","protected":false},"excerpt":{"rendered":"<h3>Imbottitura per i nostri cuscini decorativi stampati<\/h3>\n<p>Date ai vostri cuscini decorativi la forma e l&#8217;aspetto perfetti con le nostre imbottiture di alta qualit\u00e0. Disponibili in vari formati. Le nostre imbottiture per cuscini decorativi garantiscono un aspetto bello e pieno. Inoltre, sono anche ignifughe. L&#8217;imbottitura in poliestere vergine e il rivestimento robusto assicurano anche comfort e qualit\u00e0 a lungo termine.<\/p>\n","protected":false},"featured_media":15291,"template":"","meta":{"_et_pb_use_builder":"","_et_pb_old_content":"","_et_gb_content_width":""},"product_brand":[],"product_cat":[430,562,426,544],"product_tag":[],"class_list":{"0":"post-15289","1":"product","2":"type-product","3":"status-publish","4":"has-post-thumbnail","6":"product_cat-borsa-di-studio-evento","7":"product_cat-casa-settore-della-ristorazione","8":"product_cat-decorazione","9":"product_cat-interno","11":"first","12":"instock","13":"taxable","14":"shipping-taxable","15":"purchasable","16":"product-type-simple"},"yoast_head":"<!-- This site is optimized with the Yoast SEO plugin v27.3 - https:\/\/yoast.com\/product\/yoast-seo-wordpress\/ -->\n<title>Imbottitura per cuscini decorativi | Amstel Printing<\/title>\n<meta name=\"robots\" content=\"index, follow, max-snippet:-1, max-image-preview:large, max-video-preview:-1\" \/>\n<link rel=\"canonical\" href=\"https:\/\/www.amstelprinting.nl\/it\/negozio\/interno\/casa-settore-della-ristorazione\/imbottitura-per-cuscini-decorativi\/\" \/>\n<meta property=\"og:locale\" content=\"it_IT\" \/>\n<meta property=\"og:type\" content=\"article\" \/>\n<meta property=\"og:title\" content=\"Imbottitura per cuscini decorativi | Amstel Printing\" \/>\n<meta property=\"og:description\" content=\"Imbottitura per i nostri cuscini decorativi stampati Date ai vostri cuscini decorativi la forma e l&#039;aspetto perfetti con le nostre imbottiture di alta qualit\u00e0. Disponibili in vari formati. Le nostre imbottiture per cuscini decorativi garantiscono un aspetto bello e pieno. Inoltre, sono anche ignifughe. L&#039;imbottitura in poliestere vergine e il rivestimento robusto assicurano anche comfort e qualit\u00e0 a lungo termine.\" \/>\n<meta property=\"og:url\" content=\"https:\/\/www.amstelprinting.nl\/it\/negozio\/interno\/casa-settore-della-ristorazione\/imbottitura-per-cuscini-decorativi\/\" \/>\n<meta property=\"og:site_name\" content=\"Amstel Printing\" \/>\n<meta property=\"article:modified_time\" content=\"2026-02-18T11:39:56+00:00\" \/>\n<meta property=\"og:image\" content=\"https:\/\/www.amstelprinting.nl\/wp-content\/uploads\/Sierkussenvulling2.jpg\" \/>\n\t<meta property=\"og:image:width\" content=\"498\" \/>\n\t<meta property=\"og:image:height\" content=\"498\" \/>\n\t<meta property=\"og:image:type\" content=\"image\/jpeg\" \/>\n<meta name=\"twitter:card\" content=\"summary_large_image\" \/>\n<script type=\"application\/ld+json\" class=\"yoast-schema-graph\">{\"@context\":\"https:\\\/\\\/schema.org\",\"@graph\":[{\"@type\":\"WebPage\",\"@id\":\"https:\\\/\\\/www.amstelprinting.nl\\\/it\\\/negozio\\\/interno\\\/casa-settore-della-ristorazione\\\/imbottitura-per-cuscini-decorativi\\\/\",\"url\":\"https:\\\/\\\/www.amstelprinting.nl\\\/it\\\/negozio\\\/interno\\\/casa-settore-della-ristorazione\\\/imbottitura-per-cuscini-decorativi\\\/\",\"name\":\"Imbottitura per cuscini decorativi | Amstel Printing\",\"isPartOf\":{\"@id\":\"https:\\\/\\\/www.amstelprinting.nl\\\/it\\\/#website\"},\"primaryImageOfPage\":{\"@id\":\"https:\\\/\\\/www.amstelprinting.nl\\\/it\\\/negozio\\\/interno\\\/casa-settore-della-ristorazione\\\/imbottitura-per-cuscini-decorativi\\\/#primaryimage\"},\"image\":{\"@id\":\"https:\\\/\\\/www.amstelprinting.nl\\\/it\\\/negozio\\\/interno\\\/casa-settore-della-ristorazione\\\/imbottitura-per-cuscini-decorativi\\\/#primaryimage\"},\"thumbnailUrl\":\"https:\\\/\\\/www.amstelprinting.nl\\\/wp-content\\\/uploads\\\/Sierkussenvulling2.jpg\",\"datePublished\":\"2025-01-23T20:03:55+00:00\",\"dateModified\":\"2026-02-18T11:39:56+00:00\",\"breadcrumb\":{\"@id\":\"https:\\\/\\\/www.amstelprinting.nl\\\/it\\\/negozio\\\/interno\\\/casa-settore-della-ristorazione\\\/imbottitura-per-cuscini-decorativi\\\/#breadcrumb\"},\"inLanguage\":\"it-IT\",\"potentialAction\":[{\"@type\":\"ReadAction\",\"target\":[\"https:\\\/\\\/www.amstelprinting.nl\\\/it\\\/negozio\\\/interno\\\/casa-settore-della-ristorazione\\\/imbottitura-per-cuscini-decorativi\\\/\"]}]},{\"@type\":\"ImageObject\",\"inLanguage\":\"it-IT\",\"@id\":\"https:\\\/\\\/www.amstelprinting.nl\\\/it\\\/negozio\\\/interno\\\/casa-settore-della-ristorazione\\\/imbottitura-per-cuscini-decorativi\\\/#primaryimage\",\"url\":\"https:\\\/\\\/www.amstelprinting.nl\\\/wp-content\\\/uploads\\\/Sierkussenvulling2.jpg\",\"contentUrl\":\"https:\\\/\\\/www.amstelprinting.nl\\\/wp-content\\\/uploads\\\/Sierkussenvulling2.jpg\",\"width\":498,\"height\":498},{\"@type\":\"BreadcrumbList\",\"@id\":\"https:\\\/\\\/www.amstelprinting.nl\\\/it\\\/negozio\\\/interno\\\/casa-settore-della-ristorazione\\\/imbottitura-per-cuscini-decorativi\\\/#breadcrumb\",\"itemListElement\":[{\"@type\":\"ListItem\",\"position\":1,\"name\":\"\",\"item\":\"https:\\\/\\\/www.amstelprinting.nl\\\/it\\\/\"},{\"@type\":\"ListItem\",\"position\":2,\"name\":\"Amstel Printing\",\"item\":\"https:\\\/\\\/www.amstelprinting.nl\\\/it\\\/negozio\\\/\"},{\"@type\":\"ListItem\",\"position\":3,\"name\":\"Borsa di studio evento\",\"item\":\"https:\\\/\\\/www.amstelprinting.nl\\\/it\\\/categoria\\\/borsa-di-studio-evento\\\/\"},{\"@type\":\"ListItem\",\"position\":4,\"name\":\"Decorazione\",\"item\":\"https:\\\/\\\/www.amstelprinting.nl\\\/it\\\/categoria\\\/borsa-di-studio-evento\\\/decorazione\\\/\"},{\"@type\":\"ListItem\",\"position\":5,\"name\":\"Imbottitura per cuscini decorativi\"}]},{\"@type\":\"WebSite\",\"@id\":\"https:\\\/\\\/www.amstelprinting.nl\\\/it\\\/#website\",\"url\":\"https:\\\/\\\/www.amstelprinting.nl\\\/it\\\/\",\"name\":\"Amstel Printing\",\"description\":\"Creating Exposure\",\"publisher\":{\"@id\":\"https:\\\/\\\/www.amstelprinting.nl\\\/it\\\/#organization\"},\"potentialAction\":[{\"@type\":\"SearchAction\",\"target\":{\"@type\":\"EntryPoint\",\"urlTemplate\":\"https:\\\/\\\/www.amstelprinting.nl\\\/it\\\/?s={search_term_string}\"},\"query-input\":{\"@type\":\"PropertyValueSpecification\",\"valueRequired\":true,\"valueName\":\"search_term_string\"}}],\"inLanguage\":\"it-IT\"},{\"@type\":\"Organization\",\"@id\":\"https:\\\/\\\/www.amstelprinting.nl\\\/it\\\/#organization\",\"name\":\"Amstel Printing\",\"url\":\"https:\\\/\\\/www.amstelprinting.nl\\\/it\\\/\",\"logo\":{\"@type\":\"ImageObject\",\"inLanguage\":\"it-IT\",\"@id\":\"https:\\\/\\\/www.amstelprinting.nl\\\/it\\\/#\\\/schema\\\/logo\\\/image\\\/\",\"url\":\"https:\\\/\\\/www.amstelprinting.nl\\\/wp-content\\\/uploads\\\/amstel_printing_logo_clean.png\",\"contentUrl\":\"https:\\\/\\\/www.amstelprinting.nl\\\/wp-content\\\/uploads\\\/amstel_printing_logo_clean.png\",\"width\":324,\"height\":73,\"caption\":\"Amstel Printing\"},\"image\":{\"@id\":\"https:\\\/\\\/www.amstelprinting.nl\\\/it\\\/#\\\/schema\\\/logo\\\/image\\\/\"}}]}<\/script>\n<!-- \/ Yoast SEO plugin. -->","yoast_head_json":{"title":"Imbottitura per cuscini decorativi | Amstel Printing","robots":{"index":"index","follow":"follow","max-snippet":"max-snippet:-1","max-image-preview":"max-image-preview:large","max-video-preview":"max-video-preview:-1"},"canonical":"https:\/\/www.amstelprinting.nl\/it\/negozio\/interno\/casa-settore-della-ristorazione\/imbottitura-per-cuscini-decorativi\/","og_locale":"it_IT","og_type":"article","og_title":"Imbottitura per cuscini decorativi | Amstel Printing","og_description":"Imbottitura per i nostri cuscini decorativi stampati Date ai vostri cuscini decorativi la forma e l'aspetto perfetti con le nostre imbottiture di alta qualit\u00e0. Disponibili in vari formati. Le nostre imbottiture per cuscini decorativi garantiscono un aspetto bello e pieno. Inoltre, sono anche ignifughe. L'imbottitura in poliestere vergine e il rivestimento robusto assicurano anche comfort e qualit\u00e0 a lungo termine.","og_url":"https:\/\/www.amstelprinting.nl\/it\/negozio\/interno\/casa-settore-della-ristorazione\/imbottitura-per-cuscini-decorativi\/","og_site_name":"Amstel Printing","article_modified_time":"2026-02-18T11:39:56+00:00","og_image":[{"width":498,"height":498,"url":"https:\/\/www.amstelprinting.nl\/wp-content\/uploads\/Sierkussenvulling2.jpg","type":"image\/jpeg"}],"twitter_card":"summary_large_image","schema":{"@context":"https:\/\/schema.org","@graph":[{"@type":"WebPage","@id":"https:\/\/www.amstelprinting.nl\/it\/negozio\/interno\/casa-settore-della-ristorazione\/imbottitura-per-cuscini-decorativi\/","url":"https:\/\/www.amstelprinting.nl\/it\/negozio\/interno\/casa-settore-della-ristorazione\/imbottitura-per-cuscini-decorativi\/","name":"Imbottitura per cuscini decorativi | Amstel Printing","isPartOf":{"@id":"https:\/\/www.amstelprinting.nl\/it\/#website"},"primaryImageOfPage":{"@id":"https:\/\/www.amstelprinting.nl\/it\/negozio\/interno\/casa-settore-della-ristorazione\/imbottitura-per-cuscini-decorativi\/#primaryimage"},"image":{"@id":"https:\/\/www.amstelprinting.nl\/it\/negozio\/interno\/casa-settore-della-ristorazione\/imbottitura-per-cuscini-decorativi\/#primaryimage"},"thumbnailUrl":"https:\/\/www.amstelprinting.nl\/wp-content\/uploads\/Sierkussenvulling2.jpg","datePublished":"2025-01-23T20:03:55+00:00","dateModified":"2026-02-18T11:39:56+00:00","breadcrumb":{"@id":"https:\/\/www.amstelprinting.nl\/it\/negozio\/interno\/casa-settore-della-ristorazione\/imbottitura-per-cuscini-decorativi\/#breadcrumb"},"inLanguage":"it-IT","potentialAction":[{"@type":"ReadAction","target":["https:\/\/www.amstelprinting.nl\/it\/negozio\/interno\/casa-settore-della-ristorazione\/imbottitura-per-cuscini-decorativi\/"]}]},{"@type":"ImageObject","inLanguage":"it-IT","@id":"https:\/\/www.amstelprinting.nl\/it\/negozio\/interno\/casa-settore-della-ristorazione\/imbottitura-per-cuscini-decorativi\/#primaryimage","url":"https:\/\/www.amstelprinting.nl\/wp-content\/uploads\/Sierkussenvulling2.jpg","contentUrl":"https:\/\/www.amstelprinting.nl\/wp-content\/uploads\/Sierkussenvulling2.jpg","width":498,"height":498},{"@type":"BreadcrumbList","@id":"https:\/\/www.amstelprinting.nl\/it\/negozio\/interno\/casa-settore-della-ristorazione\/imbottitura-per-cuscini-decorativi\/#breadcrumb","itemListElement":[{"@type":"ListItem","position":1,"name":"","item":"https:\/\/www.amstelprinting.nl\/it\/"},{"@type":"ListItem","position":2,"name":"Amstel Printing","item":"https:\/\/www.amstelprinting.nl\/it\/negozio\/"},{"@type":"ListItem","position":3,"name":"Borsa di studio evento","item":"https:\/\/www.amstelprinting.nl\/it\/categoria\/borsa-di-studio-evento\/"},{"@type":"ListItem","position":4,"name":"Decorazione","item":"https:\/\/www.amstelprinting.nl\/it\/categoria\/borsa-di-studio-evento\/decorazione\/"},{"@type":"ListItem","position":5,"name":"Imbottitura per cuscini decorativi"}]},{"@type":"WebSite","@id":"https:\/\/www.amstelprinting.nl\/it\/#website","url":"https:\/\/www.amstelprinting.nl\/it\/","name":"Amstel Printing","description":"Creating Exposure","publisher":{"@id":"https:\/\/www.amstelprinting.nl\/it\/#organization"},"potentialAction":[{"@type":"SearchAction","target":{"@type":"EntryPoint","urlTemplate":"https:\/\/www.amstelprinting.nl\/it\/?s={search_term_string}"},"query-input":{"@type":"PropertyValueSpecification","valueRequired":true,"valueName":"search_term_string"}}],"inLanguage":"it-IT"},{"@type":"Organization","@id":"https:\/\/www.amstelprinting.nl\/it\/#organization","name":"Amstel Printing","url":"https:\/\/www.amstelprinting.nl\/it\/","logo":{"@type":"ImageObject","inLanguage":"it-IT","@id":"https:\/\/www.amstelprinting.nl\/it\/#\/schema\/logo\/image\/","url":"https:\/\/www.amstelprinting.nl\/wp-content\/uploads\/amstel_printing_logo_clean.png","contentUrl":"https:\/\/www.amstelprinting.nl\/wp-content\/uploads\/amstel_printing_logo_clean.png","width":324,"height":73,"caption":"Amstel Printing"},"image":{"@id":"https:\/\/www.amstelprinting.nl\/it\/#\/schema\/logo\/image\/"}}]}},"_links":{"self":[{"href":"https:\/\/www.amstelprinting.nl\/it\/wp-json\/wp\/v2\/product\/15289","targetHints":{"allow":["GET"]}}],"collection":[{"href":"https:\/\/www.amstelprinting.nl\/it\/wp-json\/wp\/v2\/product"}],"about":[{"href":"https:\/\/www.amstelprinting.nl\/it\/wp-json\/wp\/v2\/types\/product"}],"wp:featuredmedia":[{"embeddable":true,"href":"https:\/\/www.amstelprinting.nl\/it\/wp-json\/wp\/v2\/media\/15291"}],"wp:attachment":[{"href":"https:\/\/www.amstelprinting.nl\/it\/wp-json\/wp\/v2\/media?parent=15289"}],"wp:term":[{"taxonomy":"product_brand","embeddable":true,"href":"https:\/\/www.amstelprinting.nl\/it\/wp-json\/wp\/v2\/product_brand?post=15289"},{"taxonomy":"product_cat","embeddable":true,"href":"https:\/\/www.amstelprinting.nl\/it\/wp-json\/wp\/v2\/product_cat?post=15289"},{"taxonomy":"product_tag","embeddable":true,"href":"https:\/\/www.amstelprinting.nl\/it\/wp-json\/wp\/v2\/product_tag?post=15289"}],"curies":[{"name":"wp","href":"https:\/\/api.w.org\/{rel}","templated":true}]}}