{"id":15311,"date":"2025-01-23T21:03:42","date_gmt":"2025-01-23T20:03:42","guid":{"rendered":"https:\/\/www.amstelprinting.nl\/winkel\/senza-categoria\/double-roll-up-banner\/"},"modified":"2026-02-18T12:39:58","modified_gmt":"2026-02-18T11:39:58","slug":"roll-up-banner-bifacciale","status":"publish","type":"product","link":"https:\/\/www.amstelprinting.nl\/it\/negozio\/borsa-di-studio-evento\/arrotolare-gli-striscioni\/roll-up-banner-bifacciale\/","title":{"rendered":"Roll-up banner bifacciale"},"content":{"rendered":"<h3>Ordina il Roll-Up Banner Bifacciale<\/h3>\n<p>Fai colpo sui passanti e sui (potenziali) clienti con il nostro roll-up banner bifacciale! Il cassonetto di questo roll-up banner \u00e8 dotato di ben due teli riavvolgibili. \u00c8 quindi possibile srotolare una o due stampe contemporaneamente. Il sistema \u00e8 molto solido e pu\u00f2 stare in piedi autonomamente su superfici piane. Nota: il roll-up banner bifacciale \u00e8 adatto solo per uso interno! \u00c8 possibile ordinare il Roll-up banner da esterno qui.<\/p>\n<h3>Vantaggi del Roll-Up Banner Bifacciale<\/h3>\n<ul>\n<li>Stampa fronte-retro per la massima visibilit\u00e0<\/li>\n<li>Sistema autoportante di alta qualit\u00e0<\/li>\n<li>Disponibile in vari formati e materiali<\/li>\n<li>Include una pratica borsa da trasporto (per lo stoccaggio e il trasporto)<\/li>\n<li>Facile da montare (senza attrezzi)<\/li>\n<li>Nuovo design? I banner possono essere ordinati anche separatamente!<\/li>\n<\/ul>\n<p>&nbsp;<\/p>\n<h3>Teli sostituibili<\/h3>\n<p>Il bello del roll-up banner bifacciale \u00e8 che puoi sostituire tu stesso entrambi i teli. Durante il processo di ordinazione, puoi scegliere di ordinare un set completo (cassonetto + banner), solo i banner o solo il cassonetto. Questo rende il sistema molto durevole e, in caso di nuovo design, non \u00e8 necessario acquistare un nuovo sistema roll-up. Il manuale per la sostituzione autonoma dei doppi banner si trova nella sezione download di questa pagina prodotto.<\/p>\n<h3>Stoccaggio e trasporto<\/h3>\n<p>Sapevi che il nostro roll-up banner bifacciale viene fornito con una pratica borsa da trasporto? Puoi riporre e trasportare l&#8217;intero sistema leggero in questa borsa!<\/p>\n<h3>Formati e materiali<\/h3>\n<p>Il roll-up banner bifacciale \u00e8 disponibile in due formati: 85 x 200 cm o 100 x 200 cm, per permetterti di scegliere la dimensione perfetta per la tua presentazione. Il banner \u00e8 disponibile in cinque materiali:<\/p>\n<ul>\n<li><strong>Banner 510<\/strong>: <span style=\"text-decoration: underline;\">Opzione pi\u00f9 scelta<\/span> per il roll-up banner bifacciale. Un telo in PVC lucido (il pi\u00f9 ordinato). Questo materiale \u00e8 certificato B1 per la sicurezza antincendio, per presentare in tutta tranquillit\u00e0.<\/li>\n<li><strong>Airtex<\/strong>: Questo telo in PVC antipiega da 330 gr.\/m\u00b2 \u00e8 facile da usare e offre un aspetto professionale. Anche questo materiale \u00e8 certificato B1 per una maggiore sicurezza.<\/li>\n<li><strong>SanoTex<\/strong>: Un telo ecologico e durevole senza PVC con retro grigio. Questo materiale non \u00e8 solo rispettoso dell&#8217;ambiente, ma \u00e8 anche dotato di certificazione antincendio.<\/li>\n<li><strong>Banner Bianco-Nero<\/strong>: Un telo block-out in PVC con retro nero (per evitare la trasparenza della luce), perfetto per l&#8217;uso interno ed esterno. Anche questo telo \u00e8 certificato B1, garantendo una maggiore sicurezza.<\/li>\n<li><strong>Materiale Roll Up<\/strong>: Telo in PVC idrorepellente, ideale per l&#8217;uso interno. Nota: questo materiale non \u00e8 ignifugo e non offre la funzione block-out. Inoltre, sebbene il telo sia idrorepellente, il cassonetto del roll-up banner bifacciale non \u00e8 adatto per applicazioni esterne.<\/li>\n<\/ul>\n<p>&nbsp;<\/p>\n<h3>Opzionale: illuminazione a LED<\/h3>\n<p>Opzionalmente, puoi scegliere di aggiungere l&#8217;illuminazione a LED al tuo ordine, in modo che sia sempre visibile in condizioni di scarsa luminosit\u00e0.<\/p>\n<h3>Panoramica di tutti i sistemi Roll-up Banner<\/h3>\n<ul>\n<li><strong>Roll-up banner economico<\/strong> \u2013 Soluzione economica per promozioni temporanee o eventi.<\/li>\n<li><strong>Roll-up banner Premium<\/strong> \u2013 Extra solido con un aspetto lussuoso per un uso frequente. Adatto per essere (ri)utilizzato pi\u00f9 volte. Il cassonetto ha un piede estensibile. Include una pratica borsa da trasporto.<\/li>\n<li><strong>Roll-up banner Deluxe<\/strong> \u2013 Adatto per essere (ri)utilizzato pi\u00f9 volte. Il cassonetto non ha piedi estensibili. Include una pratica borsa da trasporto.<\/li>\n<li><strong>Roll-up banner XXL<\/strong> \u2013 Banner in formati extra-large. Adatto per essere utilizzato pi\u00f9 volte. Il cassonetto ha due piedi estensibili. Include una pratica borsa da trasporto.<\/li>\n<li><strong>Roll-up banner da esterno<\/strong> &#8211; Adatto per l&#8217;uso all&#8217;aperto. Cassonetto pi\u00f9 pesante con piedi pi\u00f9 lunghi per il fissaggio con picchetti nel terreno. Include una pratica borsa da trasporto.<\/li>\n<li><strong>Roll-up banner bifacciale<\/strong> &#8211; Il sistema in questa pagina prodotto. Un banner bifacciale autoportante. Adatto per essere (ri)utilizzato pi\u00f9 volte. Include una pratica borsa da trasporto.<\/li>\n<\/ul>\n<p>&nbsp;<\/p>\n<h3>Ordina il Roll-Up Banner Bifacciale<\/h3>\n<p>Il Roll-Up Banner Bifacciale \u00e8 la soluzione ideale per una presentazione doppia d&#8217;impatto. Che tu partecipi a una fiera, a un evento o a qualsiasi altra occasione. Il roll-up banner bifacciale offre la visibilit\u00e0 e le caratteristiche di flessibilit\u00e0 (facilit\u00e0 di montaggio e trasporto) di cui hai bisogno.<\/p>\n","protected":false},"excerpt":{"rendered":"<h3>Banner bifacciale autoportante. Riavvolgibile in un cassonetto compatto.<\/h3>\n<p>Vuoi ordinare un Roll-Up Banner con stampa fronte-retro? Scegli il Roll-Up Banner Bifacciale! Il cassonetto di questo Roll-Up Banner bifacciale \u00e8 dotato di due teli stampati, rendendo il tuo design visibile su entrambi i lati. Questo roll-up banner bifacciale viene fornito completo di una pratica borsa da trasporto.<\/p>\n","protected":false},"featured_media":15312,"template":"","meta":{"_et_pb_use_builder":"","_et_pb_old_content":"","_et_gb_content_width":""},"product_brand":[],"product_cat":[314,404,430],"product_tag":[],"class_list":{"0":"post-15311","1":"product","2":"type-product","3":"status-publish","4":"has-post-thumbnail","6":"product_cat-adesivi-e-stampa","7":"product_cat-arrotolare-gli-striscioni","8":"product_cat-borsa-di-studio-evento","10":"first","11":"instock","12":"taxable","13":"shipping-taxable","14":"purchasable","15":"product-type-simple"},"yoast_head":"<!-- This site is optimized with the Yoast SEO plugin v27.3 - https:\/\/yoast.com\/product\/yoast-seo-wordpress\/ -->\n<title>Roll-up banner bifacciale - Una soluzione accattivante<\/title>\n<meta name=\"description\" content=\"Ordinare un roll-up banner bifacciale? Ideale per eventi e presentazioni. Scegli tra vari materiali e opzioni di personalizzazione.\" \/>\n<meta name=\"robots\" content=\"index, follow, max-snippet:-1, max-image-preview:large, max-video-preview:-1\" \/>\n<link rel=\"canonical\" href=\"https:\/\/www.amstelprinting.nl\/it\/negozio\/borsa-di-studio-evento\/arrotolare-gli-striscioni\/roll-up-banner-bifacciale\/\" \/>\n<meta property=\"og:locale\" content=\"it_IT\" \/>\n<meta property=\"og:type\" content=\"article\" \/>\n<meta property=\"og:title\" content=\"Roll-up banner bifacciale - Una soluzione accattivante\" \/>\n<meta property=\"og:description\" content=\"Ordinare un roll-up banner bifacciale? Ideale per eventi e presentazioni. Scegli tra vari materiali e opzioni di personalizzazione.\" \/>\n<meta property=\"og:url\" content=\"https:\/\/www.amstelprinting.nl\/it\/negozio\/borsa-di-studio-evento\/arrotolare-gli-striscioni\/roll-up-banner-bifacciale\/\" \/>\n<meta property=\"og:site_name\" content=\"Amstel Printing\" \/>\n<meta property=\"article:modified_time\" content=\"2026-02-18T11:39:58+00:00\" \/>\n<meta property=\"og:image\" content=\"https:\/\/www.amstelprinting.nl\/wp-content\/uploads\/double-roll-up-banner-bedrukken.png\" \/>\n\t<meta property=\"og:image:width\" content=\"700\" \/>\n\t<meta property=\"og:image:height\" content=\"700\" \/>\n\t<meta property=\"og:image:type\" content=\"image\/png\" \/>\n<meta name=\"twitter:card\" content=\"summary_large_image\" \/>\n<meta name=\"twitter:label1\" content=\"Tempo di lettura stimato\" \/>\n\t<meta name=\"twitter:data1\" content=\"3 minuti\" \/>\n<script type=\"application\/ld+json\" class=\"yoast-schema-graph\">{\"@context\":\"https:\\\/\\\/schema.org\",\"@graph\":[{\"@type\":\"WebPage\",\"@id\":\"https:\\\/\\\/www.amstelprinting.nl\\\/it\\\/negozio\\\/borsa-di-studio-evento\\\/arrotolare-gli-striscioni\\\/roll-up-banner-bifacciale\\\/\",\"url\":\"https:\\\/\\\/www.amstelprinting.nl\\\/it\\\/negozio\\\/borsa-di-studio-evento\\\/arrotolare-gli-striscioni\\\/roll-up-banner-bifacciale\\\/\",\"name\":\"Roll-up banner bifacciale - Una soluzione accattivante\",\"isPartOf\":{\"@id\":\"https:\\\/\\\/www.amstelprinting.nl\\\/it\\\/#website\"},\"primaryImageOfPage\":{\"@id\":\"https:\\\/\\\/www.amstelprinting.nl\\\/it\\\/negozio\\\/borsa-di-studio-evento\\\/arrotolare-gli-striscioni\\\/roll-up-banner-bifacciale\\\/#primaryimage\"},\"image\":{\"@id\":\"https:\\\/\\\/www.amstelprinting.nl\\\/it\\\/negozio\\\/borsa-di-studio-evento\\\/arrotolare-gli-striscioni\\\/roll-up-banner-bifacciale\\\/#primaryimage\"},\"thumbnailUrl\":\"https:\\\/\\\/www.amstelprinting.nl\\\/wp-content\\\/uploads\\\/double-roll-up-banner-bedrukken.png\",\"datePublished\":\"2025-01-23T20:03:42+00:00\",\"dateModified\":\"2026-02-18T11:39:58+00:00\",\"description\":\"Ordinare un roll-up banner bifacciale? Ideale per eventi e presentazioni. Scegli tra vari materiali e opzioni di personalizzazione.\",\"breadcrumb\":{\"@id\":\"https:\\\/\\\/www.amstelprinting.nl\\\/it\\\/negozio\\\/borsa-di-studio-evento\\\/arrotolare-gli-striscioni\\\/roll-up-banner-bifacciale\\\/#breadcrumb\"},\"inLanguage\":\"it-IT\",\"potentialAction\":[{\"@type\":\"ReadAction\",\"target\":[\"https:\\\/\\\/www.amstelprinting.nl\\\/it\\\/negozio\\\/borsa-di-studio-evento\\\/arrotolare-gli-striscioni\\\/roll-up-banner-bifacciale\\\/\"]}]},{\"@type\":\"ImageObject\",\"inLanguage\":\"it-IT\",\"@id\":\"https:\\\/\\\/www.amstelprinting.nl\\\/it\\\/negozio\\\/borsa-di-studio-evento\\\/arrotolare-gli-striscioni\\\/roll-up-banner-bifacciale\\\/#primaryimage\",\"url\":\"https:\\\/\\\/www.amstelprinting.nl\\\/wp-content\\\/uploads\\\/double-roll-up-banner-bedrukken.png\",\"contentUrl\":\"https:\\\/\\\/www.amstelprinting.nl\\\/wp-content\\\/uploads\\\/double-roll-up-banner-bedrukken.png\",\"width\":700,\"height\":700},{\"@type\":\"BreadcrumbList\",\"@id\":\"https:\\\/\\\/www.amstelprinting.nl\\\/it\\\/negozio\\\/borsa-di-studio-evento\\\/arrotolare-gli-striscioni\\\/roll-up-banner-bifacciale\\\/#breadcrumb\",\"itemListElement\":[{\"@type\":\"ListItem\",\"position\":1,\"name\":\"\",\"item\":\"https:\\\/\\\/www.amstelprinting.nl\\\/it\\\/\"},{\"@type\":\"ListItem\",\"position\":2,\"name\":\"Amstel Printing\",\"item\":\"https:\\\/\\\/www.amstelprinting.nl\\\/it\\\/negozio\\\/\"},{\"@type\":\"ListItem\",\"position\":3,\"name\":\"Borsa di studio evento\",\"item\":\"https:\\\/\\\/www.amstelprinting.nl\\\/it\\\/categoria\\\/borsa-di-studio-evento\\\/\"},{\"@type\":\"ListItem\",\"position\":4,\"name\":\"Arrotolare gli striscioni\",\"item\":\"https:\\\/\\\/www.amstelprinting.nl\\\/it\\\/categoria\\\/borsa-di-studio-evento\\\/arrotolare-gli-striscioni\\\/\"},{\"@type\":\"ListItem\",\"position\":5,\"name\":\"Roll-up banner bifacciale\"}]},{\"@type\":\"WebSite\",\"@id\":\"https:\\\/\\\/www.amstelprinting.nl\\\/it\\\/#website\",\"url\":\"https:\\\/\\\/www.amstelprinting.nl\\\/it\\\/\",\"name\":\"Amstel Printing\",\"description\":\"Creating Exposure\",\"publisher\":{\"@id\":\"https:\\\/\\\/www.amstelprinting.nl\\\/it\\\/#organization\"},\"potentialAction\":[{\"@type\":\"SearchAction\",\"target\":{\"@type\":\"EntryPoint\",\"urlTemplate\":\"https:\\\/\\\/www.amstelprinting.nl\\\/it\\\/?s={search_term_string}\"},\"query-input\":{\"@type\":\"PropertyValueSpecification\",\"valueRequired\":true,\"valueName\":\"search_term_string\"}}],\"inLanguage\":\"it-IT\"},{\"@type\":\"Organization\",\"@id\":\"https:\\\/\\\/www.amstelprinting.nl\\\/it\\\/#organization\",\"name\":\"Amstel Printing\",\"url\":\"https:\\\/\\\/www.amstelprinting.nl\\\/it\\\/\",\"logo\":{\"@type\":\"ImageObject\",\"inLanguage\":\"it-IT\",\"@id\":\"https:\\\/\\\/www.amstelprinting.nl\\\/it\\\/#\\\/schema\\\/logo\\\/image\\\/\",\"url\":\"https:\\\/\\\/www.amstelprinting.nl\\\/wp-content\\\/uploads\\\/amstel_printing_logo_clean.png\",\"contentUrl\":\"https:\\\/\\\/www.amstelprinting.nl\\\/wp-content\\\/uploads\\\/amstel_printing_logo_clean.png\",\"width\":324,\"height\":73,\"caption\":\"Amstel Printing\"},\"image\":{\"@id\":\"https:\\\/\\\/www.amstelprinting.nl\\\/it\\\/#\\\/schema\\\/logo\\\/image\\\/\"}}]}<\/script>\n<!-- \/ Yoast SEO plugin. -->","yoast_head_json":{"title":"Roll-up banner bifacciale - Una soluzione accattivante","description":"Ordinare un roll-up banner bifacciale? Ideale per eventi e presentazioni. Scegli tra vari materiali e opzioni di personalizzazione.","robots":{"index":"index","follow":"follow","max-snippet":"max-snippet:-1","max-image-preview":"max-image-preview:large","max-video-preview":"max-video-preview:-1"},"canonical":"https:\/\/www.amstelprinting.nl\/it\/negozio\/borsa-di-studio-evento\/arrotolare-gli-striscioni\/roll-up-banner-bifacciale\/","og_locale":"it_IT","og_type":"article","og_title":"Roll-up banner bifacciale - Una soluzione accattivante","og_description":"Ordinare un roll-up banner bifacciale? Ideale per eventi e presentazioni. Scegli tra vari materiali e opzioni di personalizzazione.","og_url":"https:\/\/www.amstelprinting.nl\/it\/negozio\/borsa-di-studio-evento\/arrotolare-gli-striscioni\/roll-up-banner-bifacciale\/","og_site_name":"Amstel Printing","article_modified_time":"2026-02-18T11:39:58+00:00","og_image":[{"width":700,"height":700,"url":"https:\/\/www.amstelprinting.nl\/wp-content\/uploads\/double-roll-up-banner-bedrukken.png","type":"image\/png"}],"twitter_card":"summary_large_image","twitter_misc":{"Tempo di lettura stimato":"3 minuti"},"schema":{"@context":"https:\/\/schema.org","@graph":[{"@type":"WebPage","@id":"https:\/\/www.amstelprinting.nl\/it\/negozio\/borsa-di-studio-evento\/arrotolare-gli-striscioni\/roll-up-banner-bifacciale\/","url":"https:\/\/www.amstelprinting.nl\/it\/negozio\/borsa-di-studio-evento\/arrotolare-gli-striscioni\/roll-up-banner-bifacciale\/","name":"Roll-up banner bifacciale - Una soluzione accattivante","isPartOf":{"@id":"https:\/\/www.amstelprinting.nl\/it\/#website"},"primaryImageOfPage":{"@id":"https:\/\/www.amstelprinting.nl\/it\/negozio\/borsa-di-studio-evento\/arrotolare-gli-striscioni\/roll-up-banner-bifacciale\/#primaryimage"},"image":{"@id":"https:\/\/www.amstelprinting.nl\/it\/negozio\/borsa-di-studio-evento\/arrotolare-gli-striscioni\/roll-up-banner-bifacciale\/#primaryimage"},"thumbnailUrl":"https:\/\/www.amstelprinting.nl\/wp-content\/uploads\/double-roll-up-banner-bedrukken.png","datePublished":"2025-01-23T20:03:42+00:00","dateModified":"2026-02-18T11:39:58+00:00","description":"Ordinare un roll-up banner bifacciale? Ideale per eventi e presentazioni. Scegli tra vari materiali e opzioni di personalizzazione.","breadcrumb":{"@id":"https:\/\/www.amstelprinting.nl\/it\/negozio\/borsa-di-studio-evento\/arrotolare-gli-striscioni\/roll-up-banner-bifacciale\/#breadcrumb"},"inLanguage":"it-IT","potentialAction":[{"@type":"ReadAction","target":["https:\/\/www.amstelprinting.nl\/it\/negozio\/borsa-di-studio-evento\/arrotolare-gli-striscioni\/roll-up-banner-bifacciale\/"]}]},{"@type":"ImageObject","inLanguage":"it-IT","@id":"https:\/\/www.amstelprinting.nl\/it\/negozio\/borsa-di-studio-evento\/arrotolare-gli-striscioni\/roll-up-banner-bifacciale\/#primaryimage","url":"https:\/\/www.amstelprinting.nl\/wp-content\/uploads\/double-roll-up-banner-bedrukken.png","contentUrl":"https:\/\/www.amstelprinting.nl\/wp-content\/uploads\/double-roll-up-banner-bedrukken.png","width":700,"height":700},{"@type":"BreadcrumbList","@id":"https:\/\/www.amstelprinting.nl\/it\/negozio\/borsa-di-studio-evento\/arrotolare-gli-striscioni\/roll-up-banner-bifacciale\/#breadcrumb","itemListElement":[{"@type":"ListItem","position":1,"name":"","item":"https:\/\/www.amstelprinting.nl\/it\/"},{"@type":"ListItem","position":2,"name":"Amstel Printing","item":"https:\/\/www.amstelprinting.nl\/it\/negozio\/"},{"@type":"ListItem","position":3,"name":"Borsa di studio evento","item":"https:\/\/www.amstelprinting.nl\/it\/categoria\/borsa-di-studio-evento\/"},{"@type":"ListItem","position":4,"name":"Arrotolare gli striscioni","item":"https:\/\/www.amstelprinting.nl\/it\/categoria\/borsa-di-studio-evento\/arrotolare-gli-striscioni\/"},{"@type":"ListItem","position":5,"name":"Roll-up banner bifacciale"}]},{"@type":"WebSite","@id":"https:\/\/www.amstelprinting.nl\/it\/#website","url":"https:\/\/www.amstelprinting.nl\/it\/","name":"Amstel Printing","description":"Creating Exposure","publisher":{"@id":"https:\/\/www.amstelprinting.nl\/it\/#organization"},"potentialAction":[{"@type":"SearchAction","target":{"@type":"EntryPoint","urlTemplate":"https:\/\/www.amstelprinting.nl\/it\/?s={search_term_string}"},"query-input":{"@type":"PropertyValueSpecification","valueRequired":true,"valueName":"search_term_string"}}],"inLanguage":"it-IT"},{"@type":"Organization","@id":"https:\/\/www.amstelprinting.nl\/it\/#organization","name":"Amstel Printing","url":"https:\/\/www.amstelprinting.nl\/it\/","logo":{"@type":"ImageObject","inLanguage":"it-IT","@id":"https:\/\/www.amstelprinting.nl\/it\/#\/schema\/logo\/image\/","url":"https:\/\/www.amstelprinting.nl\/wp-content\/uploads\/amstel_printing_logo_clean.png","contentUrl":"https:\/\/www.amstelprinting.nl\/wp-content\/uploads\/amstel_printing_logo_clean.png","width":324,"height":73,"caption":"Amstel Printing"},"image":{"@id":"https:\/\/www.amstelprinting.nl\/it\/#\/schema\/logo\/image\/"}}]}},"_links":{"self":[{"href":"https:\/\/www.amstelprinting.nl\/it\/wp-json\/wp\/v2\/product\/15311","targetHints":{"allow":["GET"]}}],"collection":[{"href":"https:\/\/www.amstelprinting.nl\/it\/wp-json\/wp\/v2\/product"}],"about":[{"href":"https:\/\/www.amstelprinting.nl\/it\/wp-json\/wp\/v2\/types\/product"}],"wp:featuredmedia":[{"embeddable":true,"href":"https:\/\/www.amstelprinting.nl\/it\/wp-json\/wp\/v2\/media\/15312"}],"wp:attachment":[{"href":"https:\/\/www.amstelprinting.nl\/it\/wp-json\/wp\/v2\/media?parent=15311"}],"wp:term":[{"taxonomy":"product_brand","embeddable":true,"href":"https:\/\/www.amstelprinting.nl\/it\/wp-json\/wp\/v2\/product_brand?post=15311"},{"taxonomy":"product_cat","embeddable":true,"href":"https:\/\/www.amstelprinting.nl\/it\/wp-json\/wp\/v2\/product_cat?post=15311"},{"taxonomy":"product_tag","embeddable":true,"href":"https:\/\/www.amstelprinting.nl\/it\/wp-json\/wp\/v2\/product_tag?post=15311"}],"curies":[{"name":"wp","href":"https:\/\/api.w.org\/{rel}","templated":true}]}}