{"id":15321,"date":"2025-01-23T21:03:27","date_gmt":"2025-01-23T20:03:27","guid":{"rendered":"https:\/\/www.amstelprinting.nl\/winkel\/senza-categoria\/backdrop\/"},"modified":"2026-02-10T13:24:35","modified_gmt":"2026-02-10T12:24:35","slug":"backdrop","status":"publish","type":"product","link":"https:\/\/www.amstelprinting.nl\/it\/negozio\/borsa-di-studio-evento\/panni-del-festival\/backdrop\/","title":{"rendered":"Backdrop"},"content":{"rendered":"<h3>Stampa di backdrop<\/h3>\n<p>Un backdrop \u00e8 lo sfondo ideale per eventi (dietro ai palchi), presentazioni o sessioni fotografiche. Questa grande parete posteriore (con o senza stampa) offre un aspetto professionale ed \u00e8 allo stesso tempo funzionale. Grazie all&#8217;aspetto opaco del tessuto del backdrop, il riflesso viene evitato il pi\u00f9 possibile. Un backdrop pu\u00f2 essere interamente stampato con il tuo marchio o logo. Il certificato ignifugo B1 rende il backdrop anche ritardante di fiamma ed \u00e8 quindi sicuro da usare negli spazi pubblici.<\/p>\n<h3>Perch\u00e9 ordinare un backdrop?<\/h3>\n<ul>\n<li>I backdrop sono sfondi perfetti per i palchi<\/li>\n<li>L&#8217;aspetto opaco previene i riflessi<\/li>\n<li>Ordinabile in qualsiasi formato<\/li>\n<li>Per uso sia interno che esterno<\/li>\n<li>Scegli tra molte finiture e tipi di tessuto (per ogni applicazione)<\/li>\n<li>Sicuro: dotato di certificazione B1<\/li>\n<\/ul>\n<p>&nbsp;<br \/>\nDai ai tuoi eventi un aspetto professionale con i nostri backdrop di alta qualit\u00e0, noti anche come teli per palcoscenico o teli teatrali. Questi teli sono ideali per palchi, scenografie ed eventi, e assicurano che il tuo messaggio sia sempre sotto i riflettori.<\/p>\n<h3>Scegliere il materiale giusto<\/h3>\n<p>Grazie all&#8217;aspetto opaco, la luce dei faretti non si riflette sul telo, garantendo un look pulito e professionale. I nostri backdrop sono disponibili in diversi materiali di alta qualit\u00e0, ognuno con propriet\u00e0 uniche. Tutti i materiali possono essere utilizzati sia all&#8217;interno che all&#8217;esterno.<\/p>\n<ul>\n<li><strong>Tessuto Deko<\/strong>: Questo telo in poliestere flessibile ha una struttura fine e offre un aspetto d&#8217;impatto. \u00c8 perfetto per un look professionale ed \u00e8 adatto sia per applicazioni interne che esterne.<\/li>\n<li><strong>Structex<\/strong>: Questo tessuto strutturato in poliestere di alta qualit\u00e0 ha un lussuoso aspetto simile al cotone, offrendo un&#8217;estetica raffinata. Con la certificazione B1, soddisfa gli standard di sicurezza antincendio.<\/li>\n<li><strong>Blackback XL<\/strong>: Questo telo oscurante (block-out) in poliestere con retro nero \u00e8 ideale per stampe di grande formato fino a 496 cm di larghezza. Grazie al retro nero, impedisce alla luce di passare ed \u00e8 anche certificato B1 per una maggiore sicurezza.<\/li>\n<li><strong>Decotex UV<\/strong>: Questo telo in poliestere flessibile \u00e8 perfetto per il grande formato e offre un aspetto d&#8217;impatto, ideale per l&#8217;uso esterno. La certificazione B1 garantisce che il telo soddisfi i requisiti di sicurezza antincendio.<\/li>\n<\/ul>\n<p>&nbsp;<\/p>\n<h3>Finitura dei backdrop<\/h3>\n<p>A seconda del materiale scelto, le finiture possono variare, come il taglio vivo, il profilo piatto e il velcro. Ci\u00f2 offre la flessibilit\u00e0 di adattare il backdrop alle tue esigenze specifiche e ai tuoi metodi di fissaggio.<\/p>\n<p>Hai la possibilit\u00e0 di far progettare i teli in modo continuo o meno. Desideri che il design prosegua su pi\u00f9 teli o sono sufficienti design separati? Ci adattiamo ai tuoi desideri affinch\u00e9 il tuo backdrop risponda perfettamente alle tue necessit\u00e0.<\/p>\n<p>Con i nostri backdrop creerai uno sfondo impressionante per ogni palco o scenografia. Che tu stia organizzando un evento, uno spettacolo o un servizio fotografico, i nostri teli di alta qualit\u00e0 garantiscono un aspetto pulito e professionale. Scegli la qualit\u00e0 e la versatilit\u00e0 con i nostri backdrop e trasforma il tuo evento in un successo!<\/p>\n","protected":false},"excerpt":{"rendered":"<p>Un backdrop \u00e8 lo sfondo ideale per eventi (dietro ai palchi), presentazioni o sessioni fotografiche. Questa grande parete posteriore (con o senza stampa) offre un aspetto professionale ed \u00e8 allo stesso tempo funzionale. Grazie all&#8217;aspetto opaco del tessuto del backdrop, il riflesso viene evitato il pi\u00f9 possibile. Un backdrop pu\u00f2 essere interamente stampato con il tuo marchio o logo. Il certificato ignifugo B1 rende il backdrop anche ritardante di fiamma ed \u00e8 quindi sicuro da usare negli spazi pubblici.<\/p>\n","protected":false},"featured_media":15322,"template":"","meta":{"_et_pb_use_builder":"","_et_pb_old_content":"","_et_gb_content_width":""},"product_brand":[],"product_cat":[430,411],"product_tag":[],"class_list":{"0":"post-15321","1":"product","2":"type-product","3":"status-publish","4":"has-post-thumbnail","6":"product_cat-borsa-di-studio-evento","7":"product_cat-panni-del-festival","9":"first","10":"instock","11":"taxable","12":"shipping-taxable","13":"purchasable","14":"product-type-simple"},"yoast_head":"<!-- This site is optimized with the Yoast SEO plugin v27.3 - https:\/\/yoast.com\/product\/yoast-seo-wordpress\/ -->\n<title>Backdrop professionale su misura - opaco, sicuro e consegnato rapidamente<\/title>\n<meta name=\"description\" content=\"Scopri i backdrop su misura di alta qualit\u00e0 con finitura opaca, certificazione ignifuga B1 e completamente personalizzabili. Ordina oggi, consegna rapida!\" \/>\n<meta name=\"robots\" content=\"index, follow, max-snippet:-1, max-image-preview:large, max-video-preview:-1\" \/>\n<link rel=\"canonical\" href=\"https:\/\/www.amstelprinting.nl\/it\/negozio\/borsa-di-studio-evento\/panni-del-festival\/backdrop\/\" \/>\n<meta property=\"og:locale\" content=\"it_IT\" \/>\n<meta property=\"og:type\" content=\"article\" \/>\n<meta property=\"og:title\" content=\"Backdrop professionale su misura - opaco, sicuro e consegnato rapidamente\" \/>\n<meta property=\"og:description\" content=\"Scopri i backdrop su misura di alta qualit\u00e0 con finitura opaca, certificazione ignifuga B1 e completamente personalizzabili. Ordina oggi, consegna rapida!\" \/>\n<meta property=\"og:url\" content=\"https:\/\/www.amstelprinting.nl\/it\/negozio\/borsa-di-studio-evento\/panni-del-festival\/backdrop\/\" \/>\n<meta property=\"og:site_name\" content=\"Amstel Printing\" \/>\n<meta property=\"article:modified_time\" content=\"2026-02-10T12:24:35+00:00\" \/>\n<meta property=\"og:image\" content=\"https:\/\/www.amstelprinting.nl\/wp-content\/uploads\/backdrop-bedrukken.png\" \/>\n\t<meta property=\"og:image:width\" content=\"900\" \/>\n\t<meta property=\"og:image:height\" content=\"900\" \/>\n\t<meta property=\"og:image:type\" content=\"image\/png\" \/>\n<meta name=\"twitter:card\" content=\"summary_large_image\" \/>\n<meta name=\"twitter:label1\" content=\"Tempo di lettura stimato\" \/>\n\t<meta name=\"twitter:data1\" content=\"2 minuti\" \/>\n<script type=\"application\/ld+json\" class=\"yoast-schema-graph\">{\"@context\":\"https:\\\/\\\/schema.org\",\"@graph\":[{\"@type\":\"WebPage\",\"@id\":\"https:\\\/\\\/www.amstelprinting.nl\\\/it\\\/negozio\\\/borsa-di-studio-evento\\\/panni-del-festival\\\/backdrop\\\/\",\"url\":\"https:\\\/\\\/www.amstelprinting.nl\\\/it\\\/negozio\\\/borsa-di-studio-evento\\\/panni-del-festival\\\/backdrop\\\/\",\"name\":\"Backdrop professionale su misura - opaco, sicuro e consegnato rapidamente\",\"isPartOf\":{\"@id\":\"https:\\\/\\\/www.amstelprinting.nl\\\/it\\\/#website\"},\"primaryImageOfPage\":{\"@id\":\"https:\\\/\\\/www.amstelprinting.nl\\\/it\\\/negozio\\\/borsa-di-studio-evento\\\/panni-del-festival\\\/backdrop\\\/#primaryimage\"},\"image\":{\"@id\":\"https:\\\/\\\/www.amstelprinting.nl\\\/it\\\/negozio\\\/borsa-di-studio-evento\\\/panni-del-festival\\\/backdrop\\\/#primaryimage\"},\"thumbnailUrl\":\"https:\\\/\\\/www.amstelprinting.nl\\\/wp-content\\\/uploads\\\/backdrop-bedrukken.png\",\"datePublished\":\"2025-01-23T20:03:27+00:00\",\"dateModified\":\"2026-02-10T12:24:35+00:00\",\"description\":\"Scopri i backdrop su misura di alta qualit\u00e0 con finitura opaca, certificazione ignifuga B1 e completamente personalizzabili. Ordina oggi, consegna rapida!\",\"breadcrumb\":{\"@id\":\"https:\\\/\\\/www.amstelprinting.nl\\\/it\\\/negozio\\\/borsa-di-studio-evento\\\/panni-del-festival\\\/backdrop\\\/#breadcrumb\"},\"inLanguage\":\"it-IT\",\"potentialAction\":[{\"@type\":\"ReadAction\",\"target\":[\"https:\\\/\\\/www.amstelprinting.nl\\\/it\\\/negozio\\\/borsa-di-studio-evento\\\/panni-del-festival\\\/backdrop\\\/\"]}]},{\"@type\":\"ImageObject\",\"inLanguage\":\"it-IT\",\"@id\":\"https:\\\/\\\/www.amstelprinting.nl\\\/it\\\/negozio\\\/borsa-di-studio-evento\\\/panni-del-festival\\\/backdrop\\\/#primaryimage\",\"url\":\"https:\\\/\\\/www.amstelprinting.nl\\\/wp-content\\\/uploads\\\/backdrop-bedrukken.png\",\"contentUrl\":\"https:\\\/\\\/www.amstelprinting.nl\\\/wp-content\\\/uploads\\\/backdrop-bedrukken.png\",\"width\":900,\"height\":900},{\"@type\":\"BreadcrumbList\",\"@id\":\"https:\\\/\\\/www.amstelprinting.nl\\\/it\\\/negozio\\\/borsa-di-studio-evento\\\/panni-del-festival\\\/backdrop\\\/#breadcrumb\",\"itemListElement\":[{\"@type\":\"ListItem\",\"position\":1,\"name\":\"\",\"item\":\"https:\\\/\\\/www.amstelprinting.nl\\\/it\\\/\"},{\"@type\":\"ListItem\",\"position\":2,\"name\":\"Amstel Printing\",\"item\":\"https:\\\/\\\/www.amstelprinting.nl\\\/it\\\/negozio\\\/\"},{\"@type\":\"ListItem\",\"position\":3,\"name\":\"Borsa di studio evento\",\"item\":\"https:\\\/\\\/www.amstelprinting.nl\\\/it\\\/categoria\\\/borsa-di-studio-evento\\\/\"},{\"@type\":\"ListItem\",\"position\":4,\"name\":\"Panni del festival\",\"item\":\"https:\\\/\\\/www.amstelprinting.nl\\\/it\\\/categoria\\\/borsa-di-studio-evento\\\/panni-del-festival\\\/\"},{\"@type\":\"ListItem\",\"position\":5,\"name\":\"Backdrop\"}]},{\"@type\":\"WebSite\",\"@id\":\"https:\\\/\\\/www.amstelprinting.nl\\\/it\\\/#website\",\"url\":\"https:\\\/\\\/www.amstelprinting.nl\\\/it\\\/\",\"name\":\"Amstel Printing\",\"description\":\"Creating Exposure\",\"publisher\":{\"@id\":\"https:\\\/\\\/www.amstelprinting.nl\\\/it\\\/#organization\"},\"potentialAction\":[{\"@type\":\"SearchAction\",\"target\":{\"@type\":\"EntryPoint\",\"urlTemplate\":\"https:\\\/\\\/www.amstelprinting.nl\\\/it\\\/?s={search_term_string}\"},\"query-input\":{\"@type\":\"PropertyValueSpecification\",\"valueRequired\":true,\"valueName\":\"search_term_string\"}}],\"inLanguage\":\"it-IT\"},{\"@type\":\"Organization\",\"@id\":\"https:\\\/\\\/www.amstelprinting.nl\\\/it\\\/#organization\",\"name\":\"Amstel Printing\",\"url\":\"https:\\\/\\\/www.amstelprinting.nl\\\/it\\\/\",\"logo\":{\"@type\":\"ImageObject\",\"inLanguage\":\"it-IT\",\"@id\":\"https:\\\/\\\/www.amstelprinting.nl\\\/it\\\/#\\\/schema\\\/logo\\\/image\\\/\",\"url\":\"https:\\\/\\\/www.amstelprinting.nl\\\/wp-content\\\/uploads\\\/amstel_printing_logo_clean.png\",\"contentUrl\":\"https:\\\/\\\/www.amstelprinting.nl\\\/wp-content\\\/uploads\\\/amstel_printing_logo_clean.png\",\"width\":324,\"height\":73,\"caption\":\"Amstel Printing\"},\"image\":{\"@id\":\"https:\\\/\\\/www.amstelprinting.nl\\\/it\\\/#\\\/schema\\\/logo\\\/image\\\/\"}}]}<\/script>\n<!-- \/ Yoast SEO plugin. -->","yoast_head_json":{"title":"Backdrop professionale su misura - opaco, sicuro e consegnato rapidamente","description":"Scopri i backdrop su misura di alta qualit\u00e0 con finitura opaca, certificazione ignifuga B1 e completamente personalizzabili. Ordina oggi, consegna rapida!","robots":{"index":"index","follow":"follow","max-snippet":"max-snippet:-1","max-image-preview":"max-image-preview:large","max-video-preview":"max-video-preview:-1"},"canonical":"https:\/\/www.amstelprinting.nl\/it\/negozio\/borsa-di-studio-evento\/panni-del-festival\/backdrop\/","og_locale":"it_IT","og_type":"article","og_title":"Backdrop professionale su misura - opaco, sicuro e consegnato rapidamente","og_description":"Scopri i backdrop su misura di alta qualit\u00e0 con finitura opaca, certificazione ignifuga B1 e completamente personalizzabili. Ordina oggi, consegna rapida!","og_url":"https:\/\/www.amstelprinting.nl\/it\/negozio\/borsa-di-studio-evento\/panni-del-festival\/backdrop\/","og_site_name":"Amstel Printing","article_modified_time":"2026-02-10T12:24:35+00:00","og_image":[{"width":900,"height":900,"url":"https:\/\/www.amstelprinting.nl\/wp-content\/uploads\/backdrop-bedrukken.png","type":"image\/png"}],"twitter_card":"summary_large_image","twitter_misc":{"Tempo di lettura stimato":"2 minuti"},"schema":{"@context":"https:\/\/schema.org","@graph":[{"@type":"WebPage","@id":"https:\/\/www.amstelprinting.nl\/it\/negozio\/borsa-di-studio-evento\/panni-del-festival\/backdrop\/","url":"https:\/\/www.amstelprinting.nl\/it\/negozio\/borsa-di-studio-evento\/panni-del-festival\/backdrop\/","name":"Backdrop professionale su misura - opaco, sicuro e consegnato rapidamente","isPartOf":{"@id":"https:\/\/www.amstelprinting.nl\/it\/#website"},"primaryImageOfPage":{"@id":"https:\/\/www.amstelprinting.nl\/it\/negozio\/borsa-di-studio-evento\/panni-del-festival\/backdrop\/#primaryimage"},"image":{"@id":"https:\/\/www.amstelprinting.nl\/it\/negozio\/borsa-di-studio-evento\/panni-del-festival\/backdrop\/#primaryimage"},"thumbnailUrl":"https:\/\/www.amstelprinting.nl\/wp-content\/uploads\/backdrop-bedrukken.png","datePublished":"2025-01-23T20:03:27+00:00","dateModified":"2026-02-10T12:24:35+00:00","description":"Scopri i backdrop su misura di alta qualit\u00e0 con finitura opaca, certificazione ignifuga B1 e completamente personalizzabili. Ordina oggi, consegna rapida!","breadcrumb":{"@id":"https:\/\/www.amstelprinting.nl\/it\/negozio\/borsa-di-studio-evento\/panni-del-festival\/backdrop\/#breadcrumb"},"inLanguage":"it-IT","potentialAction":[{"@type":"ReadAction","target":["https:\/\/www.amstelprinting.nl\/it\/negozio\/borsa-di-studio-evento\/panni-del-festival\/backdrop\/"]}]},{"@type":"ImageObject","inLanguage":"it-IT","@id":"https:\/\/www.amstelprinting.nl\/it\/negozio\/borsa-di-studio-evento\/panni-del-festival\/backdrop\/#primaryimage","url":"https:\/\/www.amstelprinting.nl\/wp-content\/uploads\/backdrop-bedrukken.png","contentUrl":"https:\/\/www.amstelprinting.nl\/wp-content\/uploads\/backdrop-bedrukken.png","width":900,"height":900},{"@type":"BreadcrumbList","@id":"https:\/\/www.amstelprinting.nl\/it\/negozio\/borsa-di-studio-evento\/panni-del-festival\/backdrop\/#breadcrumb","itemListElement":[{"@type":"ListItem","position":1,"name":"","item":"https:\/\/www.amstelprinting.nl\/it\/"},{"@type":"ListItem","position":2,"name":"Amstel Printing","item":"https:\/\/www.amstelprinting.nl\/it\/negozio\/"},{"@type":"ListItem","position":3,"name":"Borsa di studio evento","item":"https:\/\/www.amstelprinting.nl\/it\/categoria\/borsa-di-studio-evento\/"},{"@type":"ListItem","position":4,"name":"Panni del festival","item":"https:\/\/www.amstelprinting.nl\/it\/categoria\/borsa-di-studio-evento\/panni-del-festival\/"},{"@type":"ListItem","position":5,"name":"Backdrop"}]},{"@type":"WebSite","@id":"https:\/\/www.amstelprinting.nl\/it\/#website","url":"https:\/\/www.amstelprinting.nl\/it\/","name":"Amstel Printing","description":"Creating Exposure","publisher":{"@id":"https:\/\/www.amstelprinting.nl\/it\/#organization"},"potentialAction":[{"@type":"SearchAction","target":{"@type":"EntryPoint","urlTemplate":"https:\/\/www.amstelprinting.nl\/it\/?s={search_term_string}"},"query-input":{"@type":"PropertyValueSpecification","valueRequired":true,"valueName":"search_term_string"}}],"inLanguage":"it-IT"},{"@type":"Organization","@id":"https:\/\/www.amstelprinting.nl\/it\/#organization","name":"Amstel Printing","url":"https:\/\/www.amstelprinting.nl\/it\/","logo":{"@type":"ImageObject","inLanguage":"it-IT","@id":"https:\/\/www.amstelprinting.nl\/it\/#\/schema\/logo\/image\/","url":"https:\/\/www.amstelprinting.nl\/wp-content\/uploads\/amstel_printing_logo_clean.png","contentUrl":"https:\/\/www.amstelprinting.nl\/wp-content\/uploads\/amstel_printing_logo_clean.png","width":324,"height":73,"caption":"Amstel Printing"},"image":{"@id":"https:\/\/www.amstelprinting.nl\/it\/#\/schema\/logo\/image\/"}}]}},"_links":{"self":[{"href":"https:\/\/www.amstelprinting.nl\/it\/wp-json\/wp\/v2\/product\/15321","targetHints":{"allow":["GET"]}}],"collection":[{"href":"https:\/\/www.amstelprinting.nl\/it\/wp-json\/wp\/v2\/product"}],"about":[{"href":"https:\/\/www.amstelprinting.nl\/it\/wp-json\/wp\/v2\/types\/product"}],"wp:featuredmedia":[{"embeddable":true,"href":"https:\/\/www.amstelprinting.nl\/it\/wp-json\/wp\/v2\/media\/15322"}],"wp:attachment":[{"href":"https:\/\/www.amstelprinting.nl\/it\/wp-json\/wp\/v2\/media?parent=15321"}],"wp:term":[{"taxonomy":"product_brand","embeddable":true,"href":"https:\/\/www.amstelprinting.nl\/it\/wp-json\/wp\/v2\/product_brand?post=15321"},{"taxonomy":"product_cat","embeddable":true,"href":"https:\/\/www.amstelprinting.nl\/it\/wp-json\/wp\/v2\/product_cat?post=15321"},{"taxonomy":"product_tag","embeddable":true,"href":"https:\/\/www.amstelprinting.nl\/it\/wp-json\/wp\/v2\/product_tag?post=15321"}],"curies":[{"name":"wp","href":"https:\/\/api.w.org\/{rel}","templated":true}]}}