{"id":15394,"date":"2025-01-23T21:02:08","date_gmt":"2025-01-23T20:02:08","guid":{"rendered":"https:\/\/www.amstelprinting.nl\/winkel\/senza-categoria\/foto-op-paneel-2\/"},"modified":"2026-02-18T12:40:06","modified_gmt":"2026-02-18T11:40:06","slug":"foto-su-pannello","status":"publish","type":"product","link":"https:\/\/www.amstelprinting.nl\/it\/negozio\/interno\/prodotti-fotografici\/foto-su-pannello\/","title":{"rendered":"Foto su pannello"},"content":{"rendered":"<p>Grazie alla possibilit\u00e0 di utilizzare un proprio design o un motivo esistente, puoi personalizzare completamente la tua foto su pannello secondo i tuoi desideri. Che si tratti di foto di famiglia, opere d&#8217;arte o loghi aziendali, faremo in modo che il tuo pannello appaia proprio come lo avevi immaginato.<\/p>\n<h3>Perch\u00e9 ordinare pannelli fotografici?<\/h3>\n<ul>\n<li>Dotato del tuo design personalizzato<\/li>\n<li>Ampia scelta tra un vasto assortimento di formati e materiali<\/li>\n<li>Extra vantaggioso grazie ai 13 formati standard<\/li>\n<li>Materiali con certificato B1 per la sicurezza antincendio<\/li>\n<li>Rendi il tuo pannello personale con un design o un motivo proprio<\/li>\n<li>Facile da appendere con il materiale di fissaggio corretto<\/li>\n<\/ul>\n<p>&nbsp;<\/p>\n<h3>5 materiali diversi<\/h3>\n<p>Offriamo una gamma di materiali adatti a diversi formati e spessori, per consentirti di fare la scelta perfetta per la tua foto su pannello:<\/p>\n<ul>\n<li><strong>Dibond\u00ae<\/strong>:<br \/>\nQuesto pannello ha un&#8217;anima in alluminio e uno strato superiore bianco, il che lo rende adatto sia per uso interno che esterno. Con il certificato B1 per la sicurezza antincendio, \u00e8 una scelta sicura per ogni ambiente.<\/li>\n<li><strong>Dibond\u00ae Butler Finish<\/strong>:<br \/>\nPer un look chic e moderno, scegli questo pannello sandwich in alluminio con anima nera e un aspetto in acciaio inossidabile spazzolato. Anche questo materiale \u00e8 certificato B1 per la sicurezza antincendio e adatto a varie applicazioni.<\/li>\n<li><strong>Forex\u00ae<\/strong>:<br \/>\nQuesto leggero materiale in PVC espanso \u00e8 ideale per l&#8217;uso interno. \u00c8 facile da maneggiare e offre una finitura pulita e professionale. Forex\u00ae \u00e8 anche certificato B1 per la sicurezza antincendio.<\/li>\n<li><strong>Plexiglas<\/strong>:<br \/>\nQuesto materiale trasparente conferisce alla tua foto un look moderno ed \u00e8 adatto sia per uso interno che esterno. Tieni presente che il plexiglass \u00e8 sensibile ai graffi, quindi \u00e8 necessaria cautela durante il posizionamento.<\/li>\n<li><strong>Compensato<\/strong>:<br \/>\nRealizzato in legno di pioppo ecologico, il compensato offre un aspetto naturale e caldo, perfetto per l&#8217;uso interno. Questo materiale \u00e8 ideale per chi desidera fare una scelta ecologicamente responsabile.<\/li>\n<\/ul>\n<p>&nbsp;<\/p>\n<h3>Scegli la finitura giusta<\/h3>\n<p>Su richiesta, i nostri pannelli possono essere dotati di fori di perforazione, rendendoli facili da montare. Ci\u00f2 rende l&#8217;installazione del tuo pannello fotografico rapida e senza problemi.<\/p>\n<h3>Fissaggio del pannello fotografico<\/h3>\n<p>Per fissare al meglio la tua foto su pannello, offriamo vari accessori, tra cui piastre di sospensione e distanziatori.<\/p>\n<h3>Domande frequenti<\/h3>\n<p><strong>Qual \u00e8 il modo migliore per pulire un pannello?<\/strong><br \/>\nPuoi pulire facilmente i tuoi pannelli con un detergente delicato. Tieni presente che, a causa della tecnologia di stampa UV, l&#8217;inchiostro si trova sulla superficie, il che significa che un trattamento troppo aggressivo pu\u00f2 danneggiare la superficie e l&#8217;inchiostro. Per una protezione extra contro i graffi, puoi richiedere un rivestimento per i tuoi pannelli Dibond\u00ae.<\/p>\n<p><strong>Wat zijn de voordelen van een coating?<\/strong><br \/>\nUn rivestimento sul materiale del pannello offre diversi vantaggi. Assicura una maggiore intensit\u00e0 del colore e offre una migliore protezione dai fattori ambientali, facendo s\u00ec che la tua stampa rimanga bella pi\u00f9 a lungo.<\/p>\n","protected":false},"excerpt":{"rendered":"<h3>Dai vita alla tua foto. Stampe nitidissime per la parete.<\/h3>\n<p>Dai vita alle tue foto preferite con i nostri pannelli fotografici di alta qualit\u00e0. Ideali sia per la casa che per l&#8217;ufficio. I pannelli fotografici offrono un modo elegante e duraturo per presentare i tuoi ricordi o le tue opere d&#8217;arte. Scegli tra vari materiali e finiture per creare il look perfetto per il tuo spazio. Spesso consegnati entro un solo giorno.<\/p>\n","protected":false},"featured_media":15396,"template":"","meta":{"_et_pb_use_builder":"","_et_pb_old_content":"","_et_gb_content_width":""},"product_brand":[],"product_cat":[544,557],"product_tag":[],"class_list":{"0":"post-15394","1":"product","2":"type-product","3":"status-publish","4":"has-post-thumbnail","6":"product_cat-interno","7":"product_cat-prodotti-fotografici","9":"first","10":"instock","11":"taxable","12":"shipping-taxable","13":"purchasable","14":"product-type-simple"},"yoast_head":"<!-- This site is optimized with the Yoast SEO plugin v27.3 - https:\/\/yoast.com\/product\/yoast-seo-wordpress\/ -->\n<title>Foto su pannello | Amstel Printing<\/title>\n<meta name=\"robots\" content=\"index, follow, max-snippet:-1, max-image-preview:large, max-video-preview:-1\" \/>\n<link rel=\"canonical\" href=\"https:\/\/www.amstelprinting.nl\/it\/negozio\/interno\/prodotti-fotografici\/foto-su-pannello\/\" \/>\n<meta property=\"og:locale\" content=\"it_IT\" \/>\n<meta property=\"og:type\" content=\"article\" \/>\n<meta property=\"og:title\" content=\"Foto su pannello | Amstel Printing\" \/>\n<meta property=\"og:description\" content=\"Dai vita alla tua foto. Stampe nitidissime per la parete. Dai vita alle tue foto preferite con i nostri pannelli fotografici di alta qualit\u00e0. Ideali sia per la casa che per l&#039;ufficio. I pannelli fotografici offrono un modo elegante e duraturo per presentare i tuoi ricordi o le tue opere d&#039;arte. Scegli tra vari materiali e finiture per creare il look perfetto per il tuo spazio. Spesso consegnati entro un solo giorno.\" \/>\n<meta property=\"og:url\" content=\"https:\/\/www.amstelprinting.nl\/it\/negozio\/interno\/prodotti-fotografici\/foto-su-pannello\/\" \/>\n<meta property=\"og:site_name\" content=\"Amstel Printing\" \/>\n<meta property=\"article:modified_time\" content=\"2026-02-18T11:40:06+00:00\" \/>\n<meta property=\"og:image\" content=\"https:\/\/www.amstelprinting.nl\/wp-content\/uploads\/Foto-op-paneel2.jpg\" \/>\n\t<meta property=\"og:image:width\" content=\"700\" \/>\n\t<meta property=\"og:image:height\" content=\"700\" \/>\n\t<meta property=\"og:image:type\" content=\"image\/jpeg\" \/>\n<meta name=\"twitter:card\" content=\"summary_large_image\" \/>\n<meta name=\"twitter:label1\" content=\"Tempo di lettura stimato\" \/>\n\t<meta name=\"twitter:data1\" content=\"2 minuti\" \/>\n<script type=\"application\/ld+json\" class=\"yoast-schema-graph\">{\"@context\":\"https:\\\/\\\/schema.org\",\"@graph\":[{\"@type\":\"WebPage\",\"@id\":\"https:\\\/\\\/www.amstelprinting.nl\\\/it\\\/negozio\\\/interno\\\/prodotti-fotografici\\\/foto-su-pannello\\\/\",\"url\":\"https:\\\/\\\/www.amstelprinting.nl\\\/it\\\/negozio\\\/interno\\\/prodotti-fotografici\\\/foto-su-pannello\\\/\",\"name\":\"Foto su pannello | Amstel Printing\",\"isPartOf\":{\"@id\":\"https:\\\/\\\/www.amstelprinting.nl\\\/it\\\/#website\"},\"primaryImageOfPage\":{\"@id\":\"https:\\\/\\\/www.amstelprinting.nl\\\/it\\\/negozio\\\/interno\\\/prodotti-fotografici\\\/foto-su-pannello\\\/#primaryimage\"},\"image\":{\"@id\":\"https:\\\/\\\/www.amstelprinting.nl\\\/it\\\/negozio\\\/interno\\\/prodotti-fotografici\\\/foto-su-pannello\\\/#primaryimage\"},\"thumbnailUrl\":\"https:\\\/\\\/www.amstelprinting.nl\\\/wp-content\\\/uploads\\\/Foto-op-paneel2.jpg\",\"datePublished\":\"2025-01-23T20:02:08+00:00\",\"dateModified\":\"2026-02-18T11:40:06+00:00\",\"breadcrumb\":{\"@id\":\"https:\\\/\\\/www.amstelprinting.nl\\\/it\\\/negozio\\\/interno\\\/prodotti-fotografici\\\/foto-su-pannello\\\/#breadcrumb\"},\"inLanguage\":\"it-IT\",\"potentialAction\":[{\"@type\":\"ReadAction\",\"target\":[\"https:\\\/\\\/www.amstelprinting.nl\\\/it\\\/negozio\\\/interno\\\/prodotti-fotografici\\\/foto-su-pannello\\\/\"]}]},{\"@type\":\"ImageObject\",\"inLanguage\":\"it-IT\",\"@id\":\"https:\\\/\\\/www.amstelprinting.nl\\\/it\\\/negozio\\\/interno\\\/prodotti-fotografici\\\/foto-su-pannello\\\/#primaryimage\",\"url\":\"https:\\\/\\\/www.amstelprinting.nl\\\/wp-content\\\/uploads\\\/Foto-op-paneel2.jpg\",\"contentUrl\":\"https:\\\/\\\/www.amstelprinting.nl\\\/wp-content\\\/uploads\\\/Foto-op-paneel2.jpg\",\"width\":700,\"height\":700},{\"@type\":\"BreadcrumbList\",\"@id\":\"https:\\\/\\\/www.amstelprinting.nl\\\/it\\\/negozio\\\/interno\\\/prodotti-fotografici\\\/foto-su-pannello\\\/#breadcrumb\",\"itemListElement\":[{\"@type\":\"ListItem\",\"position\":1,\"name\":\"\",\"item\":\"https:\\\/\\\/www.amstelprinting.nl\\\/it\\\/\"},{\"@type\":\"ListItem\",\"position\":2,\"name\":\"Amstel Printing\",\"item\":\"https:\\\/\\\/www.amstelprinting.nl\\\/it\\\/negozio\\\/\"},{\"@type\":\"ListItem\",\"position\":3,\"name\":\"Interno\",\"item\":\"https:\\\/\\\/www.amstelprinting.nl\\\/it\\\/categoria\\\/interno\\\/\"},{\"@type\":\"ListItem\",\"position\":4,\"name\":\"Prodotti fotografici\",\"item\":\"https:\\\/\\\/www.amstelprinting.nl\\\/it\\\/categoria\\\/interno\\\/prodotti-fotografici\\\/\"},{\"@type\":\"ListItem\",\"position\":5,\"name\":\"Foto su pannello\"}]},{\"@type\":\"WebSite\",\"@id\":\"https:\\\/\\\/www.amstelprinting.nl\\\/it\\\/#website\",\"url\":\"https:\\\/\\\/www.amstelprinting.nl\\\/it\\\/\",\"name\":\"Amstel Printing\",\"description\":\"Creating Exposure\",\"publisher\":{\"@id\":\"https:\\\/\\\/www.amstelprinting.nl\\\/it\\\/#organization\"},\"potentialAction\":[{\"@type\":\"SearchAction\",\"target\":{\"@type\":\"EntryPoint\",\"urlTemplate\":\"https:\\\/\\\/www.amstelprinting.nl\\\/it\\\/?s={search_term_string}\"},\"query-input\":{\"@type\":\"PropertyValueSpecification\",\"valueRequired\":true,\"valueName\":\"search_term_string\"}}],\"inLanguage\":\"it-IT\"},{\"@type\":\"Organization\",\"@id\":\"https:\\\/\\\/www.amstelprinting.nl\\\/it\\\/#organization\",\"name\":\"Amstel Printing\",\"url\":\"https:\\\/\\\/www.amstelprinting.nl\\\/it\\\/\",\"logo\":{\"@type\":\"ImageObject\",\"inLanguage\":\"it-IT\",\"@id\":\"https:\\\/\\\/www.amstelprinting.nl\\\/it\\\/#\\\/schema\\\/logo\\\/image\\\/\",\"url\":\"https:\\\/\\\/www.amstelprinting.nl\\\/wp-content\\\/uploads\\\/amstel_printing_logo_clean.png\",\"contentUrl\":\"https:\\\/\\\/www.amstelprinting.nl\\\/wp-content\\\/uploads\\\/amstel_printing_logo_clean.png\",\"width\":324,\"height\":73,\"caption\":\"Amstel Printing\"},\"image\":{\"@id\":\"https:\\\/\\\/www.amstelprinting.nl\\\/it\\\/#\\\/schema\\\/logo\\\/image\\\/\"}}]}<\/script>\n<!-- \/ Yoast SEO plugin. -->","yoast_head_json":{"title":"Foto su pannello | Amstel Printing","robots":{"index":"index","follow":"follow","max-snippet":"max-snippet:-1","max-image-preview":"max-image-preview:large","max-video-preview":"max-video-preview:-1"},"canonical":"https:\/\/www.amstelprinting.nl\/it\/negozio\/interno\/prodotti-fotografici\/foto-su-pannello\/","og_locale":"it_IT","og_type":"article","og_title":"Foto su pannello | Amstel Printing","og_description":"Dai vita alla tua foto. Stampe nitidissime per la parete. Dai vita alle tue foto preferite con i nostri pannelli fotografici di alta qualit\u00e0. Ideali sia per la casa che per l'ufficio. I pannelli fotografici offrono un modo elegante e duraturo per presentare i tuoi ricordi o le tue opere d'arte. Scegli tra vari materiali e finiture per creare il look perfetto per il tuo spazio. Spesso consegnati entro un solo giorno.","og_url":"https:\/\/www.amstelprinting.nl\/it\/negozio\/interno\/prodotti-fotografici\/foto-su-pannello\/","og_site_name":"Amstel Printing","article_modified_time":"2026-02-18T11:40:06+00:00","og_image":[{"width":700,"height":700,"url":"https:\/\/www.amstelprinting.nl\/wp-content\/uploads\/Foto-op-paneel2.jpg","type":"image\/jpeg"}],"twitter_card":"summary_large_image","twitter_misc":{"Tempo di lettura stimato":"2 minuti"},"schema":{"@context":"https:\/\/schema.org","@graph":[{"@type":"WebPage","@id":"https:\/\/www.amstelprinting.nl\/it\/negozio\/interno\/prodotti-fotografici\/foto-su-pannello\/","url":"https:\/\/www.amstelprinting.nl\/it\/negozio\/interno\/prodotti-fotografici\/foto-su-pannello\/","name":"Foto su pannello | Amstel Printing","isPartOf":{"@id":"https:\/\/www.amstelprinting.nl\/it\/#website"},"primaryImageOfPage":{"@id":"https:\/\/www.amstelprinting.nl\/it\/negozio\/interno\/prodotti-fotografici\/foto-su-pannello\/#primaryimage"},"image":{"@id":"https:\/\/www.amstelprinting.nl\/it\/negozio\/interno\/prodotti-fotografici\/foto-su-pannello\/#primaryimage"},"thumbnailUrl":"https:\/\/www.amstelprinting.nl\/wp-content\/uploads\/Foto-op-paneel2.jpg","datePublished":"2025-01-23T20:02:08+00:00","dateModified":"2026-02-18T11:40:06+00:00","breadcrumb":{"@id":"https:\/\/www.amstelprinting.nl\/it\/negozio\/interno\/prodotti-fotografici\/foto-su-pannello\/#breadcrumb"},"inLanguage":"it-IT","potentialAction":[{"@type":"ReadAction","target":["https:\/\/www.amstelprinting.nl\/it\/negozio\/interno\/prodotti-fotografici\/foto-su-pannello\/"]}]},{"@type":"ImageObject","inLanguage":"it-IT","@id":"https:\/\/www.amstelprinting.nl\/it\/negozio\/interno\/prodotti-fotografici\/foto-su-pannello\/#primaryimage","url":"https:\/\/www.amstelprinting.nl\/wp-content\/uploads\/Foto-op-paneel2.jpg","contentUrl":"https:\/\/www.amstelprinting.nl\/wp-content\/uploads\/Foto-op-paneel2.jpg","width":700,"height":700},{"@type":"BreadcrumbList","@id":"https:\/\/www.amstelprinting.nl\/it\/negozio\/interno\/prodotti-fotografici\/foto-su-pannello\/#breadcrumb","itemListElement":[{"@type":"ListItem","position":1,"name":"","item":"https:\/\/www.amstelprinting.nl\/it\/"},{"@type":"ListItem","position":2,"name":"Amstel Printing","item":"https:\/\/www.amstelprinting.nl\/it\/negozio\/"},{"@type":"ListItem","position":3,"name":"Interno","item":"https:\/\/www.amstelprinting.nl\/it\/categoria\/interno\/"},{"@type":"ListItem","position":4,"name":"Prodotti fotografici","item":"https:\/\/www.amstelprinting.nl\/it\/categoria\/interno\/prodotti-fotografici\/"},{"@type":"ListItem","position":5,"name":"Foto su pannello"}]},{"@type":"WebSite","@id":"https:\/\/www.amstelprinting.nl\/it\/#website","url":"https:\/\/www.amstelprinting.nl\/it\/","name":"Amstel Printing","description":"Creating Exposure","publisher":{"@id":"https:\/\/www.amstelprinting.nl\/it\/#organization"},"potentialAction":[{"@type":"SearchAction","target":{"@type":"EntryPoint","urlTemplate":"https:\/\/www.amstelprinting.nl\/it\/?s={search_term_string}"},"query-input":{"@type":"PropertyValueSpecification","valueRequired":true,"valueName":"search_term_string"}}],"inLanguage":"it-IT"},{"@type":"Organization","@id":"https:\/\/www.amstelprinting.nl\/it\/#organization","name":"Amstel Printing","url":"https:\/\/www.amstelprinting.nl\/it\/","logo":{"@type":"ImageObject","inLanguage":"it-IT","@id":"https:\/\/www.amstelprinting.nl\/it\/#\/schema\/logo\/image\/","url":"https:\/\/www.amstelprinting.nl\/wp-content\/uploads\/amstel_printing_logo_clean.png","contentUrl":"https:\/\/www.amstelprinting.nl\/wp-content\/uploads\/amstel_printing_logo_clean.png","width":324,"height":73,"caption":"Amstel Printing"},"image":{"@id":"https:\/\/www.amstelprinting.nl\/it\/#\/schema\/logo\/image\/"}}]}},"_links":{"self":[{"href":"https:\/\/www.amstelprinting.nl\/it\/wp-json\/wp\/v2\/product\/15394","targetHints":{"allow":["GET"]}}],"collection":[{"href":"https:\/\/www.amstelprinting.nl\/it\/wp-json\/wp\/v2\/product"}],"about":[{"href":"https:\/\/www.amstelprinting.nl\/it\/wp-json\/wp\/v2\/types\/product"}],"wp:featuredmedia":[{"embeddable":true,"href":"https:\/\/www.amstelprinting.nl\/it\/wp-json\/wp\/v2\/media\/15396"}],"wp:attachment":[{"href":"https:\/\/www.amstelprinting.nl\/it\/wp-json\/wp\/v2\/media?parent=15394"}],"wp:term":[{"taxonomy":"product_brand","embeddable":true,"href":"https:\/\/www.amstelprinting.nl\/it\/wp-json\/wp\/v2\/product_brand?post=15394"},{"taxonomy":"product_cat","embeddable":true,"href":"https:\/\/www.amstelprinting.nl\/it\/wp-json\/wp\/v2\/product_cat?post=15394"},{"taxonomy":"product_tag","embeddable":true,"href":"https:\/\/www.amstelprinting.nl\/it\/wp-json\/wp\/v2\/product_tag?post=15394"}],"curies":[{"name":"wp","href":"https:\/\/api.w.org\/{rel}","templated":true}]}}