{"id":15406,"date":"2025-01-23T21:01:54","date_gmt":"2025-01-23T20:01:54","guid":{"rendered":"https:\/\/www.amstelprinting.nl\/winkel\/senza-categoria\/foto-op-textiel\/"},"modified":"2026-02-18T12:40:08","modified_gmt":"2026-02-18T11:40:08","slug":"foto-su-tessuto","status":"publish","type":"product","link":"https:\/\/www.amstelprinting.nl\/it\/negozio\/interno\/prodotti-fotografici\/foto-su-tessuto\/","title":{"rendered":"Foto su tessuto"},"content":{"rendered":"<h3>Stampa di foto su tessuto<\/h3>\n<p>Trasforma le tue pareti con la nostra foto su tessuto e crea un ambiente che sia veramente tuo. Sia che tu scelga un tuo design o un motivo esistente, la nostra foto su tessuto ti offre la libert\u00e0 di arredare il tuo spazio completamente secondo i tuoi gusti. Dai libero sfogo alla tua creativit\u00e0 e crea un pezzo unico. Ordina oggi stesso e sperimenta la combinazione perfetta di stile, qualit\u00e0 e praticit\u00e0!<\/p>\n<h3>Vantaggi della stampa di foto su tessuto<\/h3>\n<ul>\n<li>Robusta cornice in alluminio nero per un uso prolungato<\/li>\n<li>Colori vivaci e finitura opaca per una resa splendida<\/li>\n<li>Telo facilmente intercambiabile per un look sempre nuovo<\/li>\n<li>Include piastre a muro per un montaggio rapido<\/li>\n<\/ul>\n<p>&nbsp;<\/p>\n<h3>Materiali<\/h3>\n<p>La nostra cornice in alluminio nero non solo garantisce una struttura robusta e duratura, ma aggiunge anche un tocco moderno ai tuoi interni. La cornice \u00e8 progettata per integrarsi perfettamente con il nostro telo in tessuto, facendo risaltare al meglio la tua immagine.<\/p>\n<p>Il telo \u00e8 realizzato in Dekostof. Questo tessuto offre una resa cromatica sorprendente che rende ogni immagine vivida e brillante. La finitura opaca previene riflessi indesiderati, assicurando che la tua stampa rimanga sempre ben visibile. Il morbido telo in poliestere ha una trama sottile che conferisce un aspetto lussuoso alla tua immagine. Inoltre, il Dekostof assorbe la luce invece di rifletterla, creando un&#8217;atmosfera morbida e piacevole in ogni stanza in cui viene utilizzato. Inoltre, dispone della certificazione B1 per la sicurezza antincendio.<\/p>\n<h3>Accessori<\/h3>\n<p>Ogni set viene fornito con piastre a muro, rendendo l&#8217;installazione rapida e semplice.<\/p>\n","protected":false},"excerpt":{"rendered":"<p><span style=\"font-weight: 400;\">Dai un tocco in pi\u00f9 ai tuoi interni con una foto stampata su telo in tessuto. Con una cornice e un telo completamente montati, disponibili in otto diverse dimensioni, questo prodotto offre il modo ideale per personalizzare il tuo spazio con immagini vivide e d&#8217;impatto.<\/span><\/p>\n","protected":false},"featured_media":15407,"template":"","meta":{"_et_pb_use_builder":"","_et_pb_old_content":"","_et_gb_content_width":""},"product_brand":[],"product_cat":[544,557],"product_tag":[],"class_list":{"0":"post-15406","1":"product","2":"type-product","3":"status-publish","4":"has-post-thumbnail","6":"product_cat-interno","7":"product_cat-prodotti-fotografici","9":"first","10":"instock","11":"taxable","12":"shipping-taxable","13":"purchasable","14":"product-type-simple"},"yoast_head":"<!-- This site is optimized with the Yoast SEO plugin v27.3 - https:\/\/yoast.com\/product\/yoast-seo-wordpress\/ -->\n<title>Foto su tessuto | Amstel Printing<\/title>\n<meta name=\"robots\" content=\"index, follow, max-snippet:-1, max-image-preview:large, max-video-preview:-1\" \/>\n<link rel=\"canonical\" href=\"https:\/\/www.amstelprinting.nl\/it\/negozio\/interno\/prodotti-fotografici\/foto-su-tessuto\/\" \/>\n<meta property=\"og:locale\" content=\"it_IT\" \/>\n<meta property=\"og:type\" content=\"article\" \/>\n<meta property=\"og:title\" content=\"Foto su tessuto | Amstel Printing\" \/>\n<meta property=\"og:description\" content=\"Dai un tocco in pi\u00f9 ai tuoi interni con una foto stampata su telo in tessuto. Con una cornice e un telo completamente montati, disponibili in otto diverse dimensioni, questo prodotto offre il modo ideale per personalizzare il tuo spazio con immagini vivide e d&#039;impatto.\" \/>\n<meta property=\"og:url\" content=\"https:\/\/www.amstelprinting.nl\/it\/negozio\/interno\/prodotti-fotografici\/foto-su-tessuto\/\" \/>\n<meta property=\"og:site_name\" content=\"Amstel Printing\" \/>\n<meta property=\"article:modified_time\" content=\"2026-02-18T11:40:08+00:00\" \/>\n<meta property=\"og:image\" content=\"https:\/\/www.amstelprinting.nl\/wp-content\/uploads\/Foto-op-canvas.jpg\" \/>\n\t<meta property=\"og:image:width\" content=\"700\" \/>\n\t<meta property=\"og:image:height\" content=\"700\" \/>\n\t<meta property=\"og:image:type\" content=\"image\/jpeg\" \/>\n<meta name=\"twitter:card\" content=\"summary_large_image\" \/>\n<meta name=\"twitter:label1\" content=\"Tempo di lettura stimato\" \/>\n\t<meta name=\"twitter:data1\" content=\"1 minuto\" \/>\n<script type=\"application\/ld+json\" class=\"yoast-schema-graph\">{\"@context\":\"https:\\\/\\\/schema.org\",\"@graph\":[{\"@type\":\"WebPage\",\"@id\":\"https:\\\/\\\/www.amstelprinting.nl\\\/it\\\/negozio\\\/interno\\\/prodotti-fotografici\\\/foto-su-tessuto\\\/\",\"url\":\"https:\\\/\\\/www.amstelprinting.nl\\\/it\\\/negozio\\\/interno\\\/prodotti-fotografici\\\/foto-su-tessuto\\\/\",\"name\":\"Foto su tessuto | Amstel Printing\",\"isPartOf\":{\"@id\":\"https:\\\/\\\/www.amstelprinting.nl\\\/it\\\/#website\"},\"primaryImageOfPage\":{\"@id\":\"https:\\\/\\\/www.amstelprinting.nl\\\/it\\\/negozio\\\/interno\\\/prodotti-fotografici\\\/foto-su-tessuto\\\/#primaryimage\"},\"image\":{\"@id\":\"https:\\\/\\\/www.amstelprinting.nl\\\/it\\\/negozio\\\/interno\\\/prodotti-fotografici\\\/foto-su-tessuto\\\/#primaryimage\"},\"thumbnailUrl\":\"https:\\\/\\\/www.amstelprinting.nl\\\/wp-content\\\/uploads\\\/Foto-op-canvas.jpg\",\"datePublished\":\"2025-01-23T20:01:54+00:00\",\"dateModified\":\"2026-02-18T11:40:08+00:00\",\"breadcrumb\":{\"@id\":\"https:\\\/\\\/www.amstelprinting.nl\\\/it\\\/negozio\\\/interno\\\/prodotti-fotografici\\\/foto-su-tessuto\\\/#breadcrumb\"},\"inLanguage\":\"it-IT\",\"potentialAction\":[{\"@type\":\"ReadAction\",\"target\":[\"https:\\\/\\\/www.amstelprinting.nl\\\/it\\\/negozio\\\/interno\\\/prodotti-fotografici\\\/foto-su-tessuto\\\/\"]}]},{\"@type\":\"ImageObject\",\"inLanguage\":\"it-IT\",\"@id\":\"https:\\\/\\\/www.amstelprinting.nl\\\/it\\\/negozio\\\/interno\\\/prodotti-fotografici\\\/foto-su-tessuto\\\/#primaryimage\",\"url\":\"https:\\\/\\\/www.amstelprinting.nl\\\/wp-content\\\/uploads\\\/Foto-op-canvas.jpg\",\"contentUrl\":\"https:\\\/\\\/www.amstelprinting.nl\\\/wp-content\\\/uploads\\\/Foto-op-canvas.jpg\",\"width\":700,\"height\":700},{\"@type\":\"BreadcrumbList\",\"@id\":\"https:\\\/\\\/www.amstelprinting.nl\\\/it\\\/negozio\\\/interno\\\/prodotti-fotografici\\\/foto-su-tessuto\\\/#breadcrumb\",\"itemListElement\":[{\"@type\":\"ListItem\",\"position\":1,\"name\":\"\",\"item\":\"https:\\\/\\\/www.amstelprinting.nl\\\/it\\\/\"},{\"@type\":\"ListItem\",\"position\":2,\"name\":\"Amstel Printing\",\"item\":\"https:\\\/\\\/www.amstelprinting.nl\\\/it\\\/negozio\\\/\"},{\"@type\":\"ListItem\",\"position\":3,\"name\":\"Interno\",\"item\":\"https:\\\/\\\/www.amstelprinting.nl\\\/it\\\/categoria\\\/interno\\\/\"},{\"@type\":\"ListItem\",\"position\":4,\"name\":\"Prodotti fotografici\",\"item\":\"https:\\\/\\\/www.amstelprinting.nl\\\/it\\\/categoria\\\/interno\\\/prodotti-fotografici\\\/\"},{\"@type\":\"ListItem\",\"position\":5,\"name\":\"Foto su tessuto\"}]},{\"@type\":\"WebSite\",\"@id\":\"https:\\\/\\\/www.amstelprinting.nl\\\/it\\\/#website\",\"url\":\"https:\\\/\\\/www.amstelprinting.nl\\\/it\\\/\",\"name\":\"Amstel Printing\",\"description\":\"Creating Exposure\",\"publisher\":{\"@id\":\"https:\\\/\\\/www.amstelprinting.nl\\\/it\\\/#organization\"},\"potentialAction\":[{\"@type\":\"SearchAction\",\"target\":{\"@type\":\"EntryPoint\",\"urlTemplate\":\"https:\\\/\\\/www.amstelprinting.nl\\\/it\\\/?s={search_term_string}\"},\"query-input\":{\"@type\":\"PropertyValueSpecification\",\"valueRequired\":true,\"valueName\":\"search_term_string\"}}],\"inLanguage\":\"it-IT\"},{\"@type\":\"Organization\",\"@id\":\"https:\\\/\\\/www.amstelprinting.nl\\\/it\\\/#organization\",\"name\":\"Amstel Printing\",\"url\":\"https:\\\/\\\/www.amstelprinting.nl\\\/it\\\/\",\"logo\":{\"@type\":\"ImageObject\",\"inLanguage\":\"it-IT\",\"@id\":\"https:\\\/\\\/www.amstelprinting.nl\\\/it\\\/#\\\/schema\\\/logo\\\/image\\\/\",\"url\":\"https:\\\/\\\/www.amstelprinting.nl\\\/wp-content\\\/uploads\\\/amstel_printing_logo_clean.png\",\"contentUrl\":\"https:\\\/\\\/www.amstelprinting.nl\\\/wp-content\\\/uploads\\\/amstel_printing_logo_clean.png\",\"width\":324,\"height\":73,\"caption\":\"Amstel Printing\"},\"image\":{\"@id\":\"https:\\\/\\\/www.amstelprinting.nl\\\/it\\\/#\\\/schema\\\/logo\\\/image\\\/\"}}]}<\/script>\n<!-- \/ Yoast SEO plugin. -->","yoast_head_json":{"title":"Foto su tessuto | Amstel Printing","robots":{"index":"index","follow":"follow","max-snippet":"max-snippet:-1","max-image-preview":"max-image-preview:large","max-video-preview":"max-video-preview:-1"},"canonical":"https:\/\/www.amstelprinting.nl\/it\/negozio\/interno\/prodotti-fotografici\/foto-su-tessuto\/","og_locale":"it_IT","og_type":"article","og_title":"Foto su tessuto | Amstel Printing","og_description":"Dai un tocco in pi\u00f9 ai tuoi interni con una foto stampata su telo in tessuto. Con una cornice e un telo completamente montati, disponibili in otto diverse dimensioni, questo prodotto offre il modo ideale per personalizzare il tuo spazio con immagini vivide e d'impatto.","og_url":"https:\/\/www.amstelprinting.nl\/it\/negozio\/interno\/prodotti-fotografici\/foto-su-tessuto\/","og_site_name":"Amstel Printing","article_modified_time":"2026-02-18T11:40:08+00:00","og_image":[{"width":700,"height":700,"url":"https:\/\/www.amstelprinting.nl\/wp-content\/uploads\/Foto-op-canvas.jpg","type":"image\/jpeg"}],"twitter_card":"summary_large_image","twitter_misc":{"Tempo di lettura stimato":"1 minuto"},"schema":{"@context":"https:\/\/schema.org","@graph":[{"@type":"WebPage","@id":"https:\/\/www.amstelprinting.nl\/it\/negozio\/interno\/prodotti-fotografici\/foto-su-tessuto\/","url":"https:\/\/www.amstelprinting.nl\/it\/negozio\/interno\/prodotti-fotografici\/foto-su-tessuto\/","name":"Foto su tessuto | Amstel Printing","isPartOf":{"@id":"https:\/\/www.amstelprinting.nl\/it\/#website"},"primaryImageOfPage":{"@id":"https:\/\/www.amstelprinting.nl\/it\/negozio\/interno\/prodotti-fotografici\/foto-su-tessuto\/#primaryimage"},"image":{"@id":"https:\/\/www.amstelprinting.nl\/it\/negozio\/interno\/prodotti-fotografici\/foto-su-tessuto\/#primaryimage"},"thumbnailUrl":"https:\/\/www.amstelprinting.nl\/wp-content\/uploads\/Foto-op-canvas.jpg","datePublished":"2025-01-23T20:01:54+00:00","dateModified":"2026-02-18T11:40:08+00:00","breadcrumb":{"@id":"https:\/\/www.amstelprinting.nl\/it\/negozio\/interno\/prodotti-fotografici\/foto-su-tessuto\/#breadcrumb"},"inLanguage":"it-IT","potentialAction":[{"@type":"ReadAction","target":["https:\/\/www.amstelprinting.nl\/it\/negozio\/interno\/prodotti-fotografici\/foto-su-tessuto\/"]}]},{"@type":"ImageObject","inLanguage":"it-IT","@id":"https:\/\/www.amstelprinting.nl\/it\/negozio\/interno\/prodotti-fotografici\/foto-su-tessuto\/#primaryimage","url":"https:\/\/www.amstelprinting.nl\/wp-content\/uploads\/Foto-op-canvas.jpg","contentUrl":"https:\/\/www.amstelprinting.nl\/wp-content\/uploads\/Foto-op-canvas.jpg","width":700,"height":700},{"@type":"BreadcrumbList","@id":"https:\/\/www.amstelprinting.nl\/it\/negozio\/interno\/prodotti-fotografici\/foto-su-tessuto\/#breadcrumb","itemListElement":[{"@type":"ListItem","position":1,"name":"","item":"https:\/\/www.amstelprinting.nl\/it\/"},{"@type":"ListItem","position":2,"name":"Amstel Printing","item":"https:\/\/www.amstelprinting.nl\/it\/negozio\/"},{"@type":"ListItem","position":3,"name":"Interno","item":"https:\/\/www.amstelprinting.nl\/it\/categoria\/interno\/"},{"@type":"ListItem","position":4,"name":"Prodotti fotografici","item":"https:\/\/www.amstelprinting.nl\/it\/categoria\/interno\/prodotti-fotografici\/"},{"@type":"ListItem","position":5,"name":"Foto su tessuto"}]},{"@type":"WebSite","@id":"https:\/\/www.amstelprinting.nl\/it\/#website","url":"https:\/\/www.amstelprinting.nl\/it\/","name":"Amstel Printing","description":"Creating Exposure","publisher":{"@id":"https:\/\/www.amstelprinting.nl\/it\/#organization"},"potentialAction":[{"@type":"SearchAction","target":{"@type":"EntryPoint","urlTemplate":"https:\/\/www.amstelprinting.nl\/it\/?s={search_term_string}"},"query-input":{"@type":"PropertyValueSpecification","valueRequired":true,"valueName":"search_term_string"}}],"inLanguage":"it-IT"},{"@type":"Organization","@id":"https:\/\/www.amstelprinting.nl\/it\/#organization","name":"Amstel Printing","url":"https:\/\/www.amstelprinting.nl\/it\/","logo":{"@type":"ImageObject","inLanguage":"it-IT","@id":"https:\/\/www.amstelprinting.nl\/it\/#\/schema\/logo\/image\/","url":"https:\/\/www.amstelprinting.nl\/wp-content\/uploads\/amstel_printing_logo_clean.png","contentUrl":"https:\/\/www.amstelprinting.nl\/wp-content\/uploads\/amstel_printing_logo_clean.png","width":324,"height":73,"caption":"Amstel Printing"},"image":{"@id":"https:\/\/www.amstelprinting.nl\/it\/#\/schema\/logo\/image\/"}}]}},"_links":{"self":[{"href":"https:\/\/www.amstelprinting.nl\/it\/wp-json\/wp\/v2\/product\/15406","targetHints":{"allow":["GET"]}}],"collection":[{"href":"https:\/\/www.amstelprinting.nl\/it\/wp-json\/wp\/v2\/product"}],"about":[{"href":"https:\/\/www.amstelprinting.nl\/it\/wp-json\/wp\/v2\/types\/product"}],"wp:featuredmedia":[{"embeddable":true,"href":"https:\/\/www.amstelprinting.nl\/it\/wp-json\/wp\/v2\/media\/15407"}],"wp:attachment":[{"href":"https:\/\/www.amstelprinting.nl\/it\/wp-json\/wp\/v2\/media?parent=15406"}],"wp:term":[{"taxonomy":"product_brand","embeddable":true,"href":"https:\/\/www.amstelprinting.nl\/it\/wp-json\/wp\/v2\/product_brand?post=15406"},{"taxonomy":"product_cat","embeddable":true,"href":"https:\/\/www.amstelprinting.nl\/it\/wp-json\/wp\/v2\/product_cat?post=15406"},{"taxonomy":"product_tag","embeddable":true,"href":"https:\/\/www.amstelprinting.nl\/it\/wp-json\/wp\/v2\/product_tag?post=15406"}],"curies":[{"name":"wp","href":"https:\/\/api.w.org\/{rel}","templated":true}]}}