{"id":15581,"date":"2025-01-23T20:46:43","date_gmt":"2025-01-23T19:46:43","guid":{"rendered":"https:\/\/www.amstelprinting.nl\/winkel\/senza-categoria\/plano-drukvellen\/"},"modified":"2026-02-18T12:40:25","modified_gmt":"2026-02-18T11:40:25","slug":"fogli-di-stampa-plano","status":"publish","type":"product","link":"https:\/\/www.amstelprinting.nl\/it\/negozio\/adesivi-e-stampa\/stampa\/fogli-di-stampa-plano\/","title":{"rendered":"Fogli di stampa plano"},"content":{"rendered":"<h3>Ordinare fogli di stampa plano<\/h3>\n<p>Con i nostri fogli di stampa plano, ottieni la flessibilit\u00e0 e il controllo necessari per rifinire i tuoi stampati esattamente come desideri. Puoi ordinare i tuoi fogli di stampa plano nella tiratura che ti occorre. Questo ti offre la flessibilit\u00e0 di ordinare esattamente la quantit\u00e0 richiesta dal tuo progetto.<\/p>\n<h3>Vantaggi<\/h3>\n<ul>\n<li>Libert\u00e0 di lavorare autonomamente il foglio di stampa<\/li>\n<li>Foglio di stampa plano non rifinito o opzione rifinita in mezzo formato<\/li>\n<li>Disponibile in nove tipi di carta<\/li>\n<li>Stampato con uno strato di inchiostro full color<\/li>\n<\/ul>\n<p>&nbsp;<\/p>\n<h3>Materiali<\/h3>\n<p>I nostri fogli di stampa plano sono disponibili in una selezione di nove materiali di alta qualit\u00e0, ciascuno con propriet\u00e0 uniche:<\/p>\n<ul>\n<li><strong>MC Patinata Lucida (Senza Legno)<\/strong>: Questo materiale patinato senza legno offre una finitura lucida che fa risplendere i tuoi design. Disponibile in grammature da 135, 170, 250, 300 e 400 g\/m\u00b2.<\/li>\n<li><strong>MC Semiopaca Silk (Senza Legno)<\/strong>: Per un aspetto opaco e sottile, questo materiale senza legno \u00e8 la scelta perfetta. Disponibile in 135, 170, 250, 300 e 400 g\/m\u00b2.<\/li>\n<li><strong>Cartoncino Naturale<\/strong>: Questo cartoncino liscio senza legno \u00e8 ideale per scrivere e timbrare, con un peso di 300 e 350 g\/m\u00b2.<\/li>\n<li><strong>Offset Bianco Senza Legno<\/strong>: Questa carta offset senza legno \u00e8 eccellente per scrivere e timbrare, disponibile in 90 e 170 g\/m\u00b2.<\/li>\n<li><strong>Biotop Naturel<\/strong>: Non patinata e color crema, questa carta offre un aspetto elegante ed \u00e8 facile da scrivere e timbrare, con un peso di 250 g\/m\u00b2.<\/li>\n<li><strong>Cartone Solfatto<\/strong>: Con un lato patinato per una bella lucentezza satinata e un lato non patinato per scrivere e timbrare. Disponibile in 260 e 300 g\/m\u00b2.<\/li>\n<li><strong>Synaps<\/strong>: Questo materiale sintetico \u00e8 antistrappo e resistente all&#8217;acqua, ideale per la durevolezza. Disponibile in 300 g\/m\u00b2.<\/li>\n<li><strong>YupoBlue<\/strong>: Un materiale sintetico bianco brillante con una superficie opaca uniforme per una resa cromatica brillante. Disponibile in 319 g\/m\u00b2.<\/li>\n<li><strong>Bianco Laser Senza Legno<\/strong>: Carta offset senza legno adatta alla stampa laser, con un peso di 90 e 100 g\/m\u00b2.<\/li>\n<\/ul>\n<p>&nbsp;<\/p>\n<h3>Finiture<\/h3>\n<p>I nostri fogli di stampa plano sono disponibili in due opzioni di finitura. Puoi scegliere un foglio plano non rifinito, con dimensioni di 75 x 53 cm. In alternativa, puoi scegliere l&#8217;opzione rifinita in cui il foglio plano viene tagliato in un formato di 37,5 x 53 cm, ideale per applicazioni specifiche e pi\u00f9 facile da usare. I fogli sono stampati con uno strato di inchiostro full color (nota: senza bianco). Puoi scegliere la stampa sul fronte o su entrambi i lati del foglio.<\/p>\n<h3>Domande frequenti<\/h3>\n<p><strong>Qual \u00e8 la dimensione minima dei caratteri?<\/strong><br \/>\nConsigliamo un&#8217;altezza minima del corpo di 1 mm. Assicurati che il tuo file soddisfi questo requisito.<\/p>\n<p><strong>\u00c8 possibile scrivere su tutti i materiali?<\/strong><br \/>\nLa scrittura \u00e8 possibile esclusivamente su tipi di carta non patinata, come il cartone solfatto (retro) e il cartoncino naturale.<\/p>\n<p><strong>Perch\u00e9 la plastificazione non \u00e8 possibile sul cartoncino naturale?<\/strong><br \/>\nA causa della struttura del cartoncino naturale, non \u00e8 possibile applicare la plastificazione. Inoltre, la plastificazione ridurrebbe la possibilit\u00e0 di scrivere sulla carta.<\/p>\n<p><strong>Il mio stampato si \u00e8 imbarcato, perch\u00e9?<\/strong><br \/>\nQuesto problema pu\u00f2 verificarsi a causa dell&#8217;uso della plastificazione su un solo lato. Poich\u00e9 la plastica e la carta hanno propriet\u00e0 diverse, ci\u00f2 pu\u00f2 causare l&#8217;imbarcamento. Consigliamo di plastificare sempre su entrambi i lati per evitare questo effetto.<\/p>\n","protected":false},"excerpt":{"rendered":"<p>Cerchi il massimo controllo sulla finitura dei tuoi stampati? I nostri fogli di stampa plano ti offrono la libert\u00e0 di combinare pi\u00f9 disegni su un unico foglio e di lavorarli autonomamente. Perfetti se desideri aggiungere il tocco finale personalmente o ottimizzare i tuoi progetti di stampa.<\/p>\n","protected":false},"featured_media":15582,"template":"","meta":{"_et_pb_use_builder":"","_et_pb_old_content":"","_et_gb_content_width":""},"product_brand":[],"product_cat":[314,578],"product_tag":[],"class_list":{"0":"post-15581","1":"product","2":"type-product","3":"status-publish","4":"has-post-thumbnail","6":"product_cat-adesivi-e-stampa","7":"product_cat-stampa","9":"first","10":"instock","11":"taxable","12":"shipping-taxable","13":"purchasable","14":"product-type-simple"},"yoast_head":"<!-- This site is optimized with the Yoast SEO plugin v27.3 - https:\/\/yoast.com\/product\/yoast-seo-wordpress\/ -->\n<title>Ordina fogli di stampa plano - consegna rapida e personalizzazione flessibile<\/title>\n<meta name=\"description\" content=\"Ordina i tuoi fogli di stampa plano in modo facile e veloce, con finiture flessibili e una scelta tra 9 tipi di carta. Consegna rapida, pronti all&#039;uso.\" \/>\n<meta name=\"robots\" content=\"index, follow, max-snippet:-1, max-image-preview:large, max-video-preview:-1\" \/>\n<link rel=\"canonical\" href=\"https:\/\/www.amstelprinting.nl\/it\/negozio\/adesivi-e-stampa\/stampa\/fogli-di-stampa-plano\/\" \/>\n<meta property=\"og:locale\" content=\"it_IT\" \/>\n<meta property=\"og:type\" content=\"article\" \/>\n<meta property=\"og:title\" content=\"Ordina fogli di stampa plano - consegna rapida e personalizzazione flessibile\" \/>\n<meta property=\"og:description\" content=\"Ordina i tuoi fogli di stampa plano in modo facile e veloce, con finiture flessibili e una scelta tra 9 tipi di carta. Consegna rapida, pronti all&#039;uso.\" \/>\n<meta property=\"og:url\" content=\"https:\/\/www.amstelprinting.nl\/it\/negozio\/adesivi-e-stampa\/stampa\/fogli-di-stampa-plano\/\" \/>\n<meta property=\"og:site_name\" content=\"Amstel Printing\" \/>\n<meta property=\"article:modified_time\" content=\"2026-02-18T11:40:25+00:00\" \/>\n<meta property=\"og:image\" content=\"https:\/\/www.amstelprinting.nl\/wp-content\/uploads\/Plano-drukvellen.jpg\" \/>\n\t<meta property=\"og:image:width\" content=\"700\" \/>\n\t<meta property=\"og:image:height\" content=\"700\" \/>\n\t<meta property=\"og:image:type\" content=\"image\/jpeg\" \/>\n<meta name=\"twitter:card\" content=\"summary_large_image\" \/>\n<meta name=\"twitter:label1\" content=\"Tempo di lettura stimato\" \/>\n\t<meta name=\"twitter:data1\" content=\"3 minuti\" \/>\n<script type=\"application\/ld+json\" class=\"yoast-schema-graph\">{\"@context\":\"https:\\\/\\\/schema.org\",\"@graph\":[{\"@type\":\"WebPage\",\"@id\":\"https:\\\/\\\/www.amstelprinting.nl\\\/it\\\/negozio\\\/adesivi-e-stampa\\\/stampa\\\/fogli-di-stampa-plano\\\/\",\"url\":\"https:\\\/\\\/www.amstelprinting.nl\\\/it\\\/negozio\\\/adesivi-e-stampa\\\/stampa\\\/fogli-di-stampa-plano\\\/\",\"name\":\"Ordina fogli di stampa plano - consegna rapida e personalizzazione flessibile\",\"isPartOf\":{\"@id\":\"https:\\\/\\\/www.amstelprinting.nl\\\/it\\\/#website\"},\"primaryImageOfPage\":{\"@id\":\"https:\\\/\\\/www.amstelprinting.nl\\\/it\\\/negozio\\\/adesivi-e-stampa\\\/stampa\\\/fogli-di-stampa-plano\\\/#primaryimage\"},\"image\":{\"@id\":\"https:\\\/\\\/www.amstelprinting.nl\\\/it\\\/negozio\\\/adesivi-e-stampa\\\/stampa\\\/fogli-di-stampa-plano\\\/#primaryimage\"},\"thumbnailUrl\":\"https:\\\/\\\/www.amstelprinting.nl\\\/wp-content\\\/uploads\\\/Plano-drukvellen.jpg\",\"datePublished\":\"2025-01-23T19:46:43+00:00\",\"dateModified\":\"2026-02-18T11:40:25+00:00\",\"description\":\"Ordina i tuoi fogli di stampa plano in modo facile e veloce, con finiture flessibili e una scelta tra 9 tipi di carta. Consegna rapida, pronti all'uso.\",\"breadcrumb\":{\"@id\":\"https:\\\/\\\/www.amstelprinting.nl\\\/it\\\/negozio\\\/adesivi-e-stampa\\\/stampa\\\/fogli-di-stampa-plano\\\/#breadcrumb\"},\"inLanguage\":\"it-IT\",\"potentialAction\":[{\"@type\":\"ReadAction\",\"target\":[\"https:\\\/\\\/www.amstelprinting.nl\\\/it\\\/negozio\\\/adesivi-e-stampa\\\/stampa\\\/fogli-di-stampa-plano\\\/\"]}]},{\"@type\":\"ImageObject\",\"inLanguage\":\"it-IT\",\"@id\":\"https:\\\/\\\/www.amstelprinting.nl\\\/it\\\/negozio\\\/adesivi-e-stampa\\\/stampa\\\/fogli-di-stampa-plano\\\/#primaryimage\",\"url\":\"https:\\\/\\\/www.amstelprinting.nl\\\/wp-content\\\/uploads\\\/Plano-drukvellen.jpg\",\"contentUrl\":\"https:\\\/\\\/www.amstelprinting.nl\\\/wp-content\\\/uploads\\\/Plano-drukvellen.jpg\",\"width\":700,\"height\":700},{\"@type\":\"BreadcrumbList\",\"@id\":\"https:\\\/\\\/www.amstelprinting.nl\\\/it\\\/negozio\\\/adesivi-e-stampa\\\/stampa\\\/fogli-di-stampa-plano\\\/#breadcrumb\",\"itemListElement\":[{\"@type\":\"ListItem\",\"position\":1,\"name\":\"\",\"item\":\"https:\\\/\\\/www.amstelprinting.nl\\\/it\\\/\"},{\"@type\":\"ListItem\",\"position\":2,\"name\":\"Amstel Printing\",\"item\":\"https:\\\/\\\/www.amstelprinting.nl\\\/it\\\/negozio\\\/\"},{\"@type\":\"ListItem\",\"position\":3,\"name\":\"Adesivi e stampa\",\"item\":\"https:\\\/\\\/www.amstelprinting.nl\\\/it\\\/categoria\\\/adesivi-e-stampa\\\/\"},{\"@type\":\"ListItem\",\"position\":4,\"name\":\"Stampa\",\"item\":\"https:\\\/\\\/www.amstelprinting.nl\\\/it\\\/categoria\\\/adesivi-e-stampa\\\/stampa\\\/\"},{\"@type\":\"ListItem\",\"position\":5,\"name\":\"Fogli di stampa plano\"}]},{\"@type\":\"WebSite\",\"@id\":\"https:\\\/\\\/www.amstelprinting.nl\\\/it\\\/#website\",\"url\":\"https:\\\/\\\/www.amstelprinting.nl\\\/it\\\/\",\"name\":\"Amstel Printing\",\"description\":\"Creating Exposure\",\"publisher\":{\"@id\":\"https:\\\/\\\/www.amstelprinting.nl\\\/it\\\/#organization\"},\"potentialAction\":[{\"@type\":\"SearchAction\",\"target\":{\"@type\":\"EntryPoint\",\"urlTemplate\":\"https:\\\/\\\/www.amstelprinting.nl\\\/it\\\/?s={search_term_string}\"},\"query-input\":{\"@type\":\"PropertyValueSpecification\",\"valueRequired\":true,\"valueName\":\"search_term_string\"}}],\"inLanguage\":\"it-IT\"},{\"@type\":\"Organization\",\"@id\":\"https:\\\/\\\/www.amstelprinting.nl\\\/it\\\/#organization\",\"name\":\"Amstel Printing\",\"url\":\"https:\\\/\\\/www.amstelprinting.nl\\\/it\\\/\",\"logo\":{\"@type\":\"ImageObject\",\"inLanguage\":\"it-IT\",\"@id\":\"https:\\\/\\\/www.amstelprinting.nl\\\/it\\\/#\\\/schema\\\/logo\\\/image\\\/\",\"url\":\"https:\\\/\\\/www.amstelprinting.nl\\\/wp-content\\\/uploads\\\/amstel_printing_logo_clean.png\",\"contentUrl\":\"https:\\\/\\\/www.amstelprinting.nl\\\/wp-content\\\/uploads\\\/amstel_printing_logo_clean.png\",\"width\":324,\"height\":73,\"caption\":\"Amstel Printing\"},\"image\":{\"@id\":\"https:\\\/\\\/www.amstelprinting.nl\\\/it\\\/#\\\/schema\\\/logo\\\/image\\\/\"}}]}<\/script>\n<!-- \/ Yoast SEO plugin. -->","yoast_head_json":{"title":"Ordina fogli di stampa plano - consegna rapida e personalizzazione flessibile","description":"Ordina i tuoi fogli di stampa plano in modo facile e veloce, con finiture flessibili e una scelta tra 9 tipi di carta. Consegna rapida, pronti all'uso.","robots":{"index":"index","follow":"follow","max-snippet":"max-snippet:-1","max-image-preview":"max-image-preview:large","max-video-preview":"max-video-preview:-1"},"canonical":"https:\/\/www.amstelprinting.nl\/it\/negozio\/adesivi-e-stampa\/stampa\/fogli-di-stampa-plano\/","og_locale":"it_IT","og_type":"article","og_title":"Ordina fogli di stampa plano - consegna rapida e personalizzazione flessibile","og_description":"Ordina i tuoi fogli di stampa plano in modo facile e veloce, con finiture flessibili e una scelta tra 9 tipi di carta. Consegna rapida, pronti all'uso.","og_url":"https:\/\/www.amstelprinting.nl\/it\/negozio\/adesivi-e-stampa\/stampa\/fogli-di-stampa-plano\/","og_site_name":"Amstel Printing","article_modified_time":"2026-02-18T11:40:25+00:00","og_image":[{"width":700,"height":700,"url":"https:\/\/www.amstelprinting.nl\/wp-content\/uploads\/Plano-drukvellen.jpg","type":"image\/jpeg"}],"twitter_card":"summary_large_image","twitter_misc":{"Tempo di lettura stimato":"3 minuti"},"schema":{"@context":"https:\/\/schema.org","@graph":[{"@type":"WebPage","@id":"https:\/\/www.amstelprinting.nl\/it\/negozio\/adesivi-e-stampa\/stampa\/fogli-di-stampa-plano\/","url":"https:\/\/www.amstelprinting.nl\/it\/negozio\/adesivi-e-stampa\/stampa\/fogli-di-stampa-plano\/","name":"Ordina fogli di stampa plano - consegna rapida e personalizzazione flessibile","isPartOf":{"@id":"https:\/\/www.amstelprinting.nl\/it\/#website"},"primaryImageOfPage":{"@id":"https:\/\/www.amstelprinting.nl\/it\/negozio\/adesivi-e-stampa\/stampa\/fogli-di-stampa-plano\/#primaryimage"},"image":{"@id":"https:\/\/www.amstelprinting.nl\/it\/negozio\/adesivi-e-stampa\/stampa\/fogli-di-stampa-plano\/#primaryimage"},"thumbnailUrl":"https:\/\/www.amstelprinting.nl\/wp-content\/uploads\/Plano-drukvellen.jpg","datePublished":"2025-01-23T19:46:43+00:00","dateModified":"2026-02-18T11:40:25+00:00","description":"Ordina i tuoi fogli di stampa plano in modo facile e veloce, con finiture flessibili e una scelta tra 9 tipi di carta. Consegna rapida, pronti all'uso.","breadcrumb":{"@id":"https:\/\/www.amstelprinting.nl\/it\/negozio\/adesivi-e-stampa\/stampa\/fogli-di-stampa-plano\/#breadcrumb"},"inLanguage":"it-IT","potentialAction":[{"@type":"ReadAction","target":["https:\/\/www.amstelprinting.nl\/it\/negozio\/adesivi-e-stampa\/stampa\/fogli-di-stampa-plano\/"]}]},{"@type":"ImageObject","inLanguage":"it-IT","@id":"https:\/\/www.amstelprinting.nl\/it\/negozio\/adesivi-e-stampa\/stampa\/fogli-di-stampa-plano\/#primaryimage","url":"https:\/\/www.amstelprinting.nl\/wp-content\/uploads\/Plano-drukvellen.jpg","contentUrl":"https:\/\/www.amstelprinting.nl\/wp-content\/uploads\/Plano-drukvellen.jpg","width":700,"height":700},{"@type":"BreadcrumbList","@id":"https:\/\/www.amstelprinting.nl\/it\/negozio\/adesivi-e-stampa\/stampa\/fogli-di-stampa-plano\/#breadcrumb","itemListElement":[{"@type":"ListItem","position":1,"name":"","item":"https:\/\/www.amstelprinting.nl\/it\/"},{"@type":"ListItem","position":2,"name":"Amstel Printing","item":"https:\/\/www.amstelprinting.nl\/it\/negozio\/"},{"@type":"ListItem","position":3,"name":"Adesivi e stampa","item":"https:\/\/www.amstelprinting.nl\/it\/categoria\/adesivi-e-stampa\/"},{"@type":"ListItem","position":4,"name":"Stampa","item":"https:\/\/www.amstelprinting.nl\/it\/categoria\/adesivi-e-stampa\/stampa\/"},{"@type":"ListItem","position":5,"name":"Fogli di stampa plano"}]},{"@type":"WebSite","@id":"https:\/\/www.amstelprinting.nl\/it\/#website","url":"https:\/\/www.amstelprinting.nl\/it\/","name":"Amstel Printing","description":"Creating Exposure","publisher":{"@id":"https:\/\/www.amstelprinting.nl\/it\/#organization"},"potentialAction":[{"@type":"SearchAction","target":{"@type":"EntryPoint","urlTemplate":"https:\/\/www.amstelprinting.nl\/it\/?s={search_term_string}"},"query-input":{"@type":"PropertyValueSpecification","valueRequired":true,"valueName":"search_term_string"}}],"inLanguage":"it-IT"},{"@type":"Organization","@id":"https:\/\/www.amstelprinting.nl\/it\/#organization","name":"Amstel Printing","url":"https:\/\/www.amstelprinting.nl\/it\/","logo":{"@type":"ImageObject","inLanguage":"it-IT","@id":"https:\/\/www.amstelprinting.nl\/it\/#\/schema\/logo\/image\/","url":"https:\/\/www.amstelprinting.nl\/wp-content\/uploads\/amstel_printing_logo_clean.png","contentUrl":"https:\/\/www.amstelprinting.nl\/wp-content\/uploads\/amstel_printing_logo_clean.png","width":324,"height":73,"caption":"Amstel Printing"},"image":{"@id":"https:\/\/www.amstelprinting.nl\/it\/#\/schema\/logo\/image\/"}}]}},"_links":{"self":[{"href":"https:\/\/www.amstelprinting.nl\/it\/wp-json\/wp\/v2\/product\/15581","targetHints":{"allow":["GET"]}}],"collection":[{"href":"https:\/\/www.amstelprinting.nl\/it\/wp-json\/wp\/v2\/product"}],"about":[{"href":"https:\/\/www.amstelprinting.nl\/it\/wp-json\/wp\/v2\/types\/product"}],"wp:featuredmedia":[{"embeddable":true,"href":"https:\/\/www.amstelprinting.nl\/it\/wp-json\/wp\/v2\/media\/15582"}],"wp:attachment":[{"href":"https:\/\/www.amstelprinting.nl\/it\/wp-json\/wp\/v2\/media?parent=15581"}],"wp:term":[{"taxonomy":"product_brand","embeddable":true,"href":"https:\/\/www.amstelprinting.nl\/it\/wp-json\/wp\/v2\/product_brand?post=15581"},{"taxonomy":"product_cat","embeddable":true,"href":"https:\/\/www.amstelprinting.nl\/it\/wp-json\/wp\/v2\/product_cat?post=15581"},{"taxonomy":"product_tag","embeddable":true,"href":"https:\/\/www.amstelprinting.nl\/it\/wp-json\/wp\/v2\/product_tag?post=15581"}],"curies":[{"name":"wp","href":"https:\/\/api.w.org\/{rel}","templated":true}]}}