{"id":15594,"date":"2025-01-23T20:46:10","date_gmt":"2025-01-23T19:46:10","guid":{"rendered":"https:\/\/www.amstelprinting.nl\/winkel\/senza-categoria\/brochures\/"},"modified":"2026-02-18T12:40:25","modified_gmt":"2026-02-18T11:40:25","slug":"brochure","status":"publish","type":"product","link":"https:\/\/www.amstelprinting.nl\/it\/negozio\/adesivi-e-stampa\/stampa\/brochure\/","title":{"rendered":"Brochure"},"content":{"rendered":"<h3>Ordina Brochure in modo economico e veloce<\/h3>\n<p>Le nostre brochure possono essere ordinate in diverse tirature, in modo da poter scegliere esattamente la quantit\u00e0 necessaria. Trasforma la tua comunicazione con le nostre brochure personalizzate. Con una gamma di formati, materiali e tirature, offriamo la soluzione ideale per le tue esigenze di stampa. La tua prossima presentazione di successo inizia qui.<\/p>\n<h3>Perch\u00e9 stampare Brochure?<\/h3>\n<ul>\n<li>Scegli tra 6 formati standard<\/li>\n<li>Disponibile da 8 a 64 pagine<\/li>\n<li>Rilegato con due punti metallici sul dorso<\/li>\n<li>Opzione per 2 tipi di carta e 3 grammature<\/li>\n<li>Qualit\u00e0 di stampa ad alta risoluzione con HP Indigo 12000<\/li>\n<li>Ordina a partire da 1 pezzo, senza costi di avviamento grazie alla stampa digitale<\/li>\n<\/ul>\n<p>&nbsp;<\/p>\n<h3>Formati e materiali<\/h3>\n<p>Le nostre brochure sono disponibili in sei diversi formati, offrendoti la libert\u00e0 di scegliere il formato che meglio si adatta ai tuoi contenuti e alla tua presentazione. Puoi scegliere tra brochure da 8, 12, 16, 20, 24 o 28 pagine, inclusa la copertina. Offriamo tre tipi di carta premium per le tue brochure:<\/p>\n<ul>\n<li><strong>HV Semiopaca MC (Silk)<\/strong>: Questa carta patinata a macchina semiopaca senza legno ha un&#8217;elegante finitura opaca che conferisce un aspetto raffinato. \u00c8 disponibile nelle grammature da 135 gr\/m\u00b2, 170 gr\/m\u00b2 e 250 gr\/m\u00b2. Questa carta \u00e8 ideale per stampe che richiedono un aspetto sottile e professionale, ma \u00e8 meno adatta per scrivere o timbrare.<\/li>\n<li><strong>HV Satinata MC (Lucid)<\/strong>: Per una finitura accattivante e lucida, scegli la nostra carta patinata a macchina satinata senza legno. Questo materiale ha un rivestimento lucido ed \u00e8 disponibile in 135 gr\/m\u00b2, 170 gr\/m\u00b2 e 250 gr\/m\u00b2. Perfetta per creare brochure vivaci e d&#8217;impatto, sebbene sia meno adatta per scrivere o timbrare.<\/li>\n<li><strong>HVO Bianco<\/strong>: Questa carta offset senza legno offre una finitura non patinata, rendendola eccellente per scrivere e timbrare. Disponibile in 170 gr\/m\u00b2, questa carta \u00e8 ideale per brochure in cui \u00e8 desiderata la possibilit\u00e0 di prendere appunti o apporre timbri, mantenendo al contempo un aspetto professionale.<\/li>\n<\/ul>\n<p>&nbsp;<\/p>\n<h3>Domande frequenti<\/h3>\n<p><strong>Sono possibili anche formati personalizzati?<\/strong><br \/>\nPurtroppo, le brochure sono disponibili solo in formati fissi. Se hai bisogno di un formato diverso e personalizzato, puoi scegliere i fogli di stampa stesi. Tieni presente che questi fogli dovranno essere rifiniti ulteriormente dopo la ricezione.<\/p>\n","protected":false},"excerpt":{"rendered":"<h3>Stampa di Brochure (riviste). Esattamente come desideri.<\/h3>\n<p>Che tu abbia bisogno di una presentazione aziendale, di un catalogo prodotti o di una guida informativa, le nostre brochure offrono la soluzione perfetta per comunicare il tuo messaggio in modo attraente e professionale. Con una variet\u00e0 di formati e materiali, puoi creare brochure che soddisfino esattamente i tuoi desideri e le tue esigenze.<\/p>\n","protected":false},"featured_media":15596,"template":"","meta":{"_et_pb_use_builder":"","_et_pb_old_content":"","_et_gb_content_width":""},"product_brand":[],"product_cat":[314,578],"product_tag":[],"class_list":{"0":"post-15594","1":"product","2":"type-product","3":"status-publish","4":"has-post-thumbnail","6":"product_cat-adesivi-e-stampa","7":"product_cat-stampa","9":"first","10":"instock","11":"taxable","12":"shipping-taxable","13":"purchasable","14":"product-type-simple"},"yoast_head":"<!-- This site is optimized with the Yoast SEO plugin v27.3 - https:\/\/yoast.com\/product\/yoast-seo-wordpress\/ -->\n<title>Brochure su Misura - Qualit\u00e0 Nitida e Consegna Rapida<\/title>\n<meta name=\"description\" content=\"Progetta le tue brochure perfette con vari formati, tipi di carta premium e un&#039;elevata qualit\u00e0 di stampa. Crea un impatto immediato con la tua comunicazione.\" \/>\n<meta name=\"robots\" content=\"index, follow, max-snippet:-1, max-image-preview:large, max-video-preview:-1\" \/>\n<link rel=\"canonical\" href=\"https:\/\/www.amstelprinting.nl\/it\/negozio\/adesivi-e-stampa\/stampa\/brochure\/\" \/>\n<meta property=\"og:locale\" content=\"it_IT\" \/>\n<meta property=\"og:type\" content=\"article\" \/>\n<meta property=\"og:title\" content=\"Brochure su Misura - Qualit\u00e0 Nitida e Consegna Rapida\" \/>\n<meta property=\"og:description\" content=\"Progetta le tue brochure perfette con vari formati, tipi di carta premium e un&#039;elevata qualit\u00e0 di stampa. Crea un impatto immediato con la tua comunicazione.\" \/>\n<meta property=\"og:url\" content=\"https:\/\/www.amstelprinting.nl\/it\/negozio\/adesivi-e-stampa\/stampa\/brochure\/\" \/>\n<meta property=\"og:site_name\" content=\"Amstel Printing\" \/>\n<meta property=\"article:modified_time\" content=\"2026-02-18T11:40:25+00:00\" \/>\n<meta property=\"og:image\" content=\"https:\/\/www.amstelprinting.nl\/wp-content\/uploads\/Brochures.jpg\" \/>\n\t<meta property=\"og:image:width\" content=\"700\" \/>\n\t<meta property=\"og:image:height\" content=\"700\" \/>\n\t<meta property=\"og:image:type\" content=\"image\/jpeg\" \/>\n<meta name=\"twitter:card\" content=\"summary_large_image\" \/>\n<meta name=\"twitter:label1\" content=\"Tempo di lettura stimato\" \/>\n\t<meta name=\"twitter:data1\" content=\"2 minuti\" \/>\n<script type=\"application\/ld+json\" class=\"yoast-schema-graph\">{\"@context\":\"https:\\\/\\\/schema.org\",\"@graph\":[{\"@type\":\"WebPage\",\"@id\":\"https:\\\/\\\/www.amstelprinting.nl\\\/it\\\/negozio\\\/adesivi-e-stampa\\\/stampa\\\/brochure\\\/\",\"url\":\"https:\\\/\\\/www.amstelprinting.nl\\\/it\\\/negozio\\\/adesivi-e-stampa\\\/stampa\\\/brochure\\\/\",\"name\":\"Brochure su Misura - Qualit\u00e0 Nitida e Consegna Rapida\",\"isPartOf\":{\"@id\":\"https:\\\/\\\/www.amstelprinting.nl\\\/it\\\/#website\"},\"primaryImageOfPage\":{\"@id\":\"https:\\\/\\\/www.amstelprinting.nl\\\/it\\\/negozio\\\/adesivi-e-stampa\\\/stampa\\\/brochure\\\/#primaryimage\"},\"image\":{\"@id\":\"https:\\\/\\\/www.amstelprinting.nl\\\/it\\\/negozio\\\/adesivi-e-stampa\\\/stampa\\\/brochure\\\/#primaryimage\"},\"thumbnailUrl\":\"https:\\\/\\\/www.amstelprinting.nl\\\/wp-content\\\/uploads\\\/Brochures.jpg\",\"datePublished\":\"2025-01-23T19:46:10+00:00\",\"dateModified\":\"2026-02-18T11:40:25+00:00\",\"description\":\"Progetta le tue brochure perfette con vari formati, tipi di carta premium e un'elevata qualit\u00e0 di stampa. Crea un impatto immediato con la tua comunicazione.\",\"breadcrumb\":{\"@id\":\"https:\\\/\\\/www.amstelprinting.nl\\\/it\\\/negozio\\\/adesivi-e-stampa\\\/stampa\\\/brochure\\\/#breadcrumb\"},\"inLanguage\":\"it-IT\",\"potentialAction\":[{\"@type\":\"ReadAction\",\"target\":[\"https:\\\/\\\/www.amstelprinting.nl\\\/it\\\/negozio\\\/adesivi-e-stampa\\\/stampa\\\/brochure\\\/\"]}]},{\"@type\":\"ImageObject\",\"inLanguage\":\"it-IT\",\"@id\":\"https:\\\/\\\/www.amstelprinting.nl\\\/it\\\/negozio\\\/adesivi-e-stampa\\\/stampa\\\/brochure\\\/#primaryimage\",\"url\":\"https:\\\/\\\/www.amstelprinting.nl\\\/wp-content\\\/uploads\\\/Brochures.jpg\",\"contentUrl\":\"https:\\\/\\\/www.amstelprinting.nl\\\/wp-content\\\/uploads\\\/Brochures.jpg\",\"width\":700,\"height\":700},{\"@type\":\"BreadcrumbList\",\"@id\":\"https:\\\/\\\/www.amstelprinting.nl\\\/it\\\/negozio\\\/adesivi-e-stampa\\\/stampa\\\/brochure\\\/#breadcrumb\",\"itemListElement\":[{\"@type\":\"ListItem\",\"position\":1,\"name\":\"\",\"item\":\"https:\\\/\\\/www.amstelprinting.nl\\\/it\\\/\"},{\"@type\":\"ListItem\",\"position\":2,\"name\":\"Amstel Printing\",\"item\":\"https:\\\/\\\/www.amstelprinting.nl\\\/it\\\/negozio\\\/\"},{\"@type\":\"ListItem\",\"position\":3,\"name\":\"Adesivi e stampa\",\"item\":\"https:\\\/\\\/www.amstelprinting.nl\\\/it\\\/categoria\\\/adesivi-e-stampa\\\/\"},{\"@type\":\"ListItem\",\"position\":4,\"name\":\"Stampa\",\"item\":\"https:\\\/\\\/www.amstelprinting.nl\\\/it\\\/categoria\\\/adesivi-e-stampa\\\/stampa\\\/\"},{\"@type\":\"ListItem\",\"position\":5,\"name\":\"Brochure\"}]},{\"@type\":\"WebSite\",\"@id\":\"https:\\\/\\\/www.amstelprinting.nl\\\/it\\\/#website\",\"url\":\"https:\\\/\\\/www.amstelprinting.nl\\\/it\\\/\",\"name\":\"Amstel Printing\",\"description\":\"Creating Exposure\",\"publisher\":{\"@id\":\"https:\\\/\\\/www.amstelprinting.nl\\\/it\\\/#organization\"},\"potentialAction\":[{\"@type\":\"SearchAction\",\"target\":{\"@type\":\"EntryPoint\",\"urlTemplate\":\"https:\\\/\\\/www.amstelprinting.nl\\\/it\\\/?s={search_term_string}\"},\"query-input\":{\"@type\":\"PropertyValueSpecification\",\"valueRequired\":true,\"valueName\":\"search_term_string\"}}],\"inLanguage\":\"it-IT\"},{\"@type\":\"Organization\",\"@id\":\"https:\\\/\\\/www.amstelprinting.nl\\\/it\\\/#organization\",\"name\":\"Amstel Printing\",\"url\":\"https:\\\/\\\/www.amstelprinting.nl\\\/it\\\/\",\"logo\":{\"@type\":\"ImageObject\",\"inLanguage\":\"it-IT\",\"@id\":\"https:\\\/\\\/www.amstelprinting.nl\\\/it\\\/#\\\/schema\\\/logo\\\/image\\\/\",\"url\":\"https:\\\/\\\/www.amstelprinting.nl\\\/wp-content\\\/uploads\\\/amstel_printing_logo_clean.png\",\"contentUrl\":\"https:\\\/\\\/www.amstelprinting.nl\\\/wp-content\\\/uploads\\\/amstel_printing_logo_clean.png\",\"width\":324,\"height\":73,\"caption\":\"Amstel Printing\"},\"image\":{\"@id\":\"https:\\\/\\\/www.amstelprinting.nl\\\/it\\\/#\\\/schema\\\/logo\\\/image\\\/\"}}]}<\/script>\n<!-- \/ Yoast SEO plugin. -->","yoast_head_json":{"title":"Brochure su Misura - Qualit\u00e0 Nitida e Consegna Rapida","description":"Progetta le tue brochure perfette con vari formati, tipi di carta premium e un'elevata qualit\u00e0 di stampa. Crea un impatto immediato con la tua comunicazione.","robots":{"index":"index","follow":"follow","max-snippet":"max-snippet:-1","max-image-preview":"max-image-preview:large","max-video-preview":"max-video-preview:-1"},"canonical":"https:\/\/www.amstelprinting.nl\/it\/negozio\/adesivi-e-stampa\/stampa\/brochure\/","og_locale":"it_IT","og_type":"article","og_title":"Brochure su Misura - Qualit\u00e0 Nitida e Consegna Rapida","og_description":"Progetta le tue brochure perfette con vari formati, tipi di carta premium e un'elevata qualit\u00e0 di stampa. Crea un impatto immediato con la tua comunicazione.","og_url":"https:\/\/www.amstelprinting.nl\/it\/negozio\/adesivi-e-stampa\/stampa\/brochure\/","og_site_name":"Amstel Printing","article_modified_time":"2026-02-18T11:40:25+00:00","og_image":[{"width":700,"height":700,"url":"https:\/\/www.amstelprinting.nl\/wp-content\/uploads\/Brochures.jpg","type":"image\/jpeg"}],"twitter_card":"summary_large_image","twitter_misc":{"Tempo di lettura stimato":"2 minuti"},"schema":{"@context":"https:\/\/schema.org","@graph":[{"@type":"WebPage","@id":"https:\/\/www.amstelprinting.nl\/it\/negozio\/adesivi-e-stampa\/stampa\/brochure\/","url":"https:\/\/www.amstelprinting.nl\/it\/negozio\/adesivi-e-stampa\/stampa\/brochure\/","name":"Brochure su Misura - Qualit\u00e0 Nitida e Consegna Rapida","isPartOf":{"@id":"https:\/\/www.amstelprinting.nl\/it\/#website"},"primaryImageOfPage":{"@id":"https:\/\/www.amstelprinting.nl\/it\/negozio\/adesivi-e-stampa\/stampa\/brochure\/#primaryimage"},"image":{"@id":"https:\/\/www.amstelprinting.nl\/it\/negozio\/adesivi-e-stampa\/stampa\/brochure\/#primaryimage"},"thumbnailUrl":"https:\/\/www.amstelprinting.nl\/wp-content\/uploads\/Brochures.jpg","datePublished":"2025-01-23T19:46:10+00:00","dateModified":"2026-02-18T11:40:25+00:00","description":"Progetta le tue brochure perfette con vari formati, tipi di carta premium e un'elevata qualit\u00e0 di stampa. Crea un impatto immediato con la tua comunicazione.","breadcrumb":{"@id":"https:\/\/www.amstelprinting.nl\/it\/negozio\/adesivi-e-stampa\/stampa\/brochure\/#breadcrumb"},"inLanguage":"it-IT","potentialAction":[{"@type":"ReadAction","target":["https:\/\/www.amstelprinting.nl\/it\/negozio\/adesivi-e-stampa\/stampa\/brochure\/"]}]},{"@type":"ImageObject","inLanguage":"it-IT","@id":"https:\/\/www.amstelprinting.nl\/it\/negozio\/adesivi-e-stampa\/stampa\/brochure\/#primaryimage","url":"https:\/\/www.amstelprinting.nl\/wp-content\/uploads\/Brochures.jpg","contentUrl":"https:\/\/www.amstelprinting.nl\/wp-content\/uploads\/Brochures.jpg","width":700,"height":700},{"@type":"BreadcrumbList","@id":"https:\/\/www.amstelprinting.nl\/it\/negozio\/adesivi-e-stampa\/stampa\/brochure\/#breadcrumb","itemListElement":[{"@type":"ListItem","position":1,"name":"","item":"https:\/\/www.amstelprinting.nl\/it\/"},{"@type":"ListItem","position":2,"name":"Amstel Printing","item":"https:\/\/www.amstelprinting.nl\/it\/negozio\/"},{"@type":"ListItem","position":3,"name":"Adesivi e stampa","item":"https:\/\/www.amstelprinting.nl\/it\/categoria\/adesivi-e-stampa\/"},{"@type":"ListItem","position":4,"name":"Stampa","item":"https:\/\/www.amstelprinting.nl\/it\/categoria\/adesivi-e-stampa\/stampa\/"},{"@type":"ListItem","position":5,"name":"Brochure"}]},{"@type":"WebSite","@id":"https:\/\/www.amstelprinting.nl\/it\/#website","url":"https:\/\/www.amstelprinting.nl\/it\/","name":"Amstel Printing","description":"Creating Exposure","publisher":{"@id":"https:\/\/www.amstelprinting.nl\/it\/#organization"},"potentialAction":[{"@type":"SearchAction","target":{"@type":"EntryPoint","urlTemplate":"https:\/\/www.amstelprinting.nl\/it\/?s={search_term_string}"},"query-input":{"@type":"PropertyValueSpecification","valueRequired":true,"valueName":"search_term_string"}}],"inLanguage":"it-IT"},{"@type":"Organization","@id":"https:\/\/www.amstelprinting.nl\/it\/#organization","name":"Amstel Printing","url":"https:\/\/www.amstelprinting.nl\/it\/","logo":{"@type":"ImageObject","inLanguage":"it-IT","@id":"https:\/\/www.amstelprinting.nl\/it\/#\/schema\/logo\/image\/","url":"https:\/\/www.amstelprinting.nl\/wp-content\/uploads\/amstel_printing_logo_clean.png","contentUrl":"https:\/\/www.amstelprinting.nl\/wp-content\/uploads\/amstel_printing_logo_clean.png","width":324,"height":73,"caption":"Amstel Printing"},"image":{"@id":"https:\/\/www.amstelprinting.nl\/it\/#\/schema\/logo\/image\/"}}]}},"_links":{"self":[{"href":"https:\/\/www.amstelprinting.nl\/it\/wp-json\/wp\/v2\/product\/15594","targetHints":{"allow":["GET"]}}],"collection":[{"href":"https:\/\/www.amstelprinting.nl\/it\/wp-json\/wp\/v2\/product"}],"about":[{"href":"https:\/\/www.amstelprinting.nl\/it\/wp-json\/wp\/v2\/types\/product"}],"wp:featuredmedia":[{"embeddable":true,"href":"https:\/\/www.amstelprinting.nl\/it\/wp-json\/wp\/v2\/media\/15596"}],"wp:attachment":[{"href":"https:\/\/www.amstelprinting.nl\/it\/wp-json\/wp\/v2\/media?parent=15594"}],"wp:term":[{"taxonomy":"product_brand","embeddable":true,"href":"https:\/\/www.amstelprinting.nl\/it\/wp-json\/wp\/v2\/product_brand?post=15594"},{"taxonomy":"product_cat","embeddable":true,"href":"https:\/\/www.amstelprinting.nl\/it\/wp-json\/wp\/v2\/product_cat?post=15594"},{"taxonomy":"product_tag","embeddable":true,"href":"https:\/\/www.amstelprinting.nl\/it\/wp-json\/wp\/v2\/product_tag?post=15594"}],"curies":[{"name":"wp","href":"https:\/\/api.w.org\/{rel}","templated":true}]}}