{"id":15609,"date":"2025-01-23T20:45:52","date_gmt":"2025-01-23T19:45:52","guid":{"rendered":"https:\/\/www.amstelprinting.nl\/winkel\/senza-categoria\/folders\/"},"modified":"2026-02-18T12:40:26","modified_gmt":"2026-02-18T11:40:26","slug":"pieghevoli","status":"publish","type":"product","link":"https:\/\/www.amstelprinting.nl\/it\/negozio\/adesivi-e-stampa\/stampa\/pieghevoli\/","title":{"rendered":"Pieghevoli"},"content":{"rendered":"<h3>Ordina pieghevoli con stampa personalizzata<\/h3>\n<p>Fai stampare i tuoi pieghevoli professionalmente con la massima qualit\u00e0. Scegli tra 11 formati standard, 3 tipi di carta e 4 grammature. Decidi tu stesso il tipo di piega scegliendo tra 7 diverse opzioni. Sia che tu abbia bisogno di 10 o pi\u00f9 pezzi: grazie alla tecnologia di stampa digitale, l&#8217;ordine minimo \u00e8 di soli 10 pezzi. Inoltre, non vengono addebitati costi di avviamento. Inoltre, la stampa \u00e8 di qualit\u00e0 nitidissima!<\/p>\n<h3>Materiali<\/h3>\n<p>Offriamo una selezione di 6 materiali di alta qualit\u00e0:<\/p>\n<ul>\n<li><strong>MC satinata senza legno (Lucido)<\/strong>: questo materiale satinato senza legno offre una finitura lucida che fa risplendere i tuoi design. Disponibile in grammature da 175, 250, 300 e 400 gr.\/m\u00b2.<\/li>\n<li><strong>MC semiopaca senza legno (Seta)<\/strong>: per un aspetto opaco e sottile, questo materiale senza legno \u00e8 la scelta perfetta. Disponibile in 135, 170, 250, 300 e 400 gr.\/m\u00b2.<\/li>\n<li><strong>Cartone naturale<\/strong>: questo cartoncino liscio senza legno \u00e8 ideale per scrivere e timbrare, con un peso di 300 e 350 gr.\/m\u00b2.<br \/>\n<strong>Biotop Naturel<\/strong>: non patinata e color crema, questa carta offre un aspetto elegante ed \u00e8 facile da scrivere e timbrare, con un peso di 250 gr.\/m\u00b2.<\/li>\n<li><strong>Synaps<\/strong>: questo materiale sintetico \u00e8 antistrappo e resistente all&#8217;acqua, ideale per la durata. Disponibile in 300 gr.\/m\u00b2.<\/li>\n<li><strong>YupoBlue<\/strong>: un materiale sintetico bianco brillante con una superficie opaca uniforme per una riproduzione dei colori brillante. Disponibile in 319 gr.\/m\u00b2.<\/li>\n<\/ul>\n<p>&nbsp;<\/p>\n<h3>Finitura<\/h3>\n<p>Inoltre, hai la possibilit\u00e0 di far plastificare i tuoi pieghevoli per una protezione extra e una finitura raffinata. Offriamo tre opzioni di plastificazione: plastificazione lucida, che conferisce ai tuoi biglietti una finitura brillante e li protegge dai danni; plastificazione opaca, che dona un aspetto elegante e non riflettente con una protezione extra; e plastificazione opaca soft touch, che aggiunge un tocco lussuoso e morbido e conferisce ai tuoi pieghevoli una sensazione premium.<\/p>\n<h3>Stampa fronte-retro<\/h3>\n<p>I nostri pieghevoli possono essere stampati fronte-retro e puoi scegliere la tiratura a partire da 10 pezzi. Questo ti offre la flessibilit\u00e0 di ordinare esattamente il numero di pieghevoli di cui hai bisogno, che si tratti di una piccola tiratura per una campagna esclusiva o di una tiratura maggiore per un vasto pubblico.<\/p>\n<h3>Domande frequenti<\/h3>\n<p><strong>Tutti i materiali sono scrivibili?<\/strong><br \/>\nNo, la scrittura \u00e8 possibile solo su tipi di carta non patinata. I tipi di carta non patinata adatti sono il cartone al solfato (retro), HVO bianco, Biotop Naturel e cartone naturale.<\/p>\n<p><strong>Perch\u00e9 la plastificazione non \u00e8 possibile con HVO bianco, Biotop Naturel e cartone naturale?<\/strong><br \/>\nA causa della struttura di questi materiali, la plastificazione non \u00e8 applicabile. Inoltre, la plastificazione ridurrebbe la capacit\u00e0 di scrivere sulla carta.<\/p>\n<p><strong>Perch\u00e9 il mio materiale stampato si \u00e8 imbarcato?<\/strong><br \/>\nCi\u00f2 pu\u00f2 essere dovuto alla scelta della plastificazione su un solo lato. La plastificazione reagisce diversamente rispetto alla carta, il che pu\u00f2 causare l&#8217;imbarcamento. Consigliamo di plastificare sempre su entrambi i lati per evitare questo problema.<\/p>\n<p><strong>Quali tipi di carta sono adatti per l&#8217;uso esterno?<\/strong><br \/>\nI nostri tipi di carta sintetici, come Synaps e YupoBlue, sono particolarmente adatti per l&#8217;uso esterno. Questi materiali sono resistenti all&#8217;acqua e mantengono la loro qualit\u00e0 anche se esposti all&#8217;umidit\u00e0. Sono ideali per applicazioni come i menu. Inoltre, \u00e8 possibile utilizzare temporaneamente all&#8217;esterno anche il materiale stampato con una plastificazione fronte-retro.<\/p>\n","protected":false},"excerpt":{"rendered":"<h3>Stampa pieghevoli economica e veloce<\/h3>\n<p>Fai stampare i tuoi pieghevoli professionalmente con la massima qualit\u00e0. Scegli tra 11 formati standard, 3 tipi di carta e 4 grammature. Decidi tu stesso il tipo di piega scegliendo tra 7 diverse opzioni. Sia che tu abbia bisogno di 10 o pi\u00f9 pezzi: grazie alla tecnologia di stampa digitale, l&#8217;ordine minimo \u00e8 di soli 10 pezzi.<\/p>\n","protected":false},"featured_media":15611,"template":"","meta":{"_et_pb_use_builder":"","_et_pb_old_content":"","_et_gb_content_width":""},"product_brand":[],"product_cat":[314,578],"product_tag":[],"class_list":{"0":"post-15609","1":"product","2":"type-product","3":"status-publish","4":"has-post-thumbnail","6":"product_cat-adesivi-e-stampa","7":"product_cat-stampa","9":"first","10":"instock","11":"taxable","12":"shipping-taxable","13":"purchasable","14":"product-type-simple"},"yoast_head":"<!-- This site is optimized with the Yoast SEO plugin v27.3 - https:\/\/yoast.com\/product\/yoast-seo-wordpress\/ -->\n<title>Ordina pieghevoli professionali | Consegna rapida e alta qualit\u00e0<\/title>\n<meta name=\"description\" content=\"Progetta e ordina i tuoi pieghevoli personalizzati con una qualit\u00e0 di stampa nitidissima a partire da 10 pezzi senza costi di avviamento. Diversi formati, tipi di carta e laminazioni di lusso.\" \/>\n<meta name=\"robots\" content=\"index, follow, max-snippet:-1, max-image-preview:large, max-video-preview:-1\" \/>\n<link rel=\"canonical\" href=\"https:\/\/www.amstelprinting.nl\/it\/negozio\/adesivi-e-stampa\/stampa\/pieghevoli\/\" \/>\n<meta property=\"og:locale\" content=\"it_IT\" \/>\n<meta property=\"og:type\" content=\"article\" \/>\n<meta property=\"og:title\" content=\"Ordina pieghevoli professionali | Consegna rapida e alta qualit\u00e0\" \/>\n<meta property=\"og:description\" content=\"Progetta e ordina i tuoi pieghevoli personalizzati con una qualit\u00e0 di stampa nitidissima a partire da 10 pezzi senza costi di avviamento. Diversi formati, tipi di carta e laminazioni di lusso.\" \/>\n<meta property=\"og:url\" content=\"https:\/\/www.amstelprinting.nl\/it\/negozio\/adesivi-e-stampa\/stampa\/pieghevoli\/\" \/>\n<meta property=\"og:site_name\" content=\"Amstel Printing\" \/>\n<meta property=\"article:modified_time\" content=\"2026-02-18T11:40:26+00:00\" \/>\n<meta property=\"og:image\" content=\"https:\/\/www.amstelprinting.nl\/wp-content\/uploads\/Folders.jpg\" \/>\n\t<meta property=\"og:image:width\" content=\"700\" \/>\n\t<meta property=\"og:image:height\" content=\"700\" \/>\n\t<meta property=\"og:image:type\" content=\"image\/jpeg\" \/>\n<meta name=\"twitter:card\" content=\"summary_large_image\" \/>\n<meta name=\"twitter:label1\" content=\"Tempo di lettura stimato\" \/>\n\t<meta name=\"twitter:data1\" content=\"3 minuti\" \/>\n<script type=\"application\/ld+json\" class=\"yoast-schema-graph\">{\"@context\":\"https:\\\/\\\/schema.org\",\"@graph\":[{\"@type\":\"WebPage\",\"@id\":\"https:\\\/\\\/www.amstelprinting.nl\\\/it\\\/negozio\\\/adesivi-e-stampa\\\/stampa\\\/pieghevoli\\\/\",\"url\":\"https:\\\/\\\/www.amstelprinting.nl\\\/it\\\/negozio\\\/adesivi-e-stampa\\\/stampa\\\/pieghevoli\\\/\",\"name\":\"Ordina pieghevoli professionali | Consegna rapida e alta qualit\u00e0\",\"isPartOf\":{\"@id\":\"https:\\\/\\\/www.amstelprinting.nl\\\/it\\\/#website\"},\"primaryImageOfPage\":{\"@id\":\"https:\\\/\\\/www.amstelprinting.nl\\\/it\\\/negozio\\\/adesivi-e-stampa\\\/stampa\\\/pieghevoli\\\/#primaryimage\"},\"image\":{\"@id\":\"https:\\\/\\\/www.amstelprinting.nl\\\/it\\\/negozio\\\/adesivi-e-stampa\\\/stampa\\\/pieghevoli\\\/#primaryimage\"},\"thumbnailUrl\":\"https:\\\/\\\/www.amstelprinting.nl\\\/wp-content\\\/uploads\\\/Folders.jpg\",\"datePublished\":\"2025-01-23T19:45:52+00:00\",\"dateModified\":\"2026-02-18T11:40:26+00:00\",\"description\":\"Progetta e ordina i tuoi pieghevoli personalizzati con una qualit\u00e0 di stampa nitidissima a partire da 10 pezzi senza costi di avviamento. Diversi formati, tipi di carta e laminazioni di lusso.\",\"breadcrumb\":{\"@id\":\"https:\\\/\\\/www.amstelprinting.nl\\\/it\\\/negozio\\\/adesivi-e-stampa\\\/stampa\\\/pieghevoli\\\/#breadcrumb\"},\"inLanguage\":\"it-IT\",\"potentialAction\":[{\"@type\":\"ReadAction\",\"target\":[\"https:\\\/\\\/www.amstelprinting.nl\\\/it\\\/negozio\\\/adesivi-e-stampa\\\/stampa\\\/pieghevoli\\\/\"]}]},{\"@type\":\"ImageObject\",\"inLanguage\":\"it-IT\",\"@id\":\"https:\\\/\\\/www.amstelprinting.nl\\\/it\\\/negozio\\\/adesivi-e-stampa\\\/stampa\\\/pieghevoli\\\/#primaryimage\",\"url\":\"https:\\\/\\\/www.amstelprinting.nl\\\/wp-content\\\/uploads\\\/Folders.jpg\",\"contentUrl\":\"https:\\\/\\\/www.amstelprinting.nl\\\/wp-content\\\/uploads\\\/Folders.jpg\",\"width\":700,\"height\":700},{\"@type\":\"BreadcrumbList\",\"@id\":\"https:\\\/\\\/www.amstelprinting.nl\\\/it\\\/negozio\\\/adesivi-e-stampa\\\/stampa\\\/pieghevoli\\\/#breadcrumb\",\"itemListElement\":[{\"@type\":\"ListItem\",\"position\":1,\"name\":\"\",\"item\":\"https:\\\/\\\/www.amstelprinting.nl\\\/it\\\/\"},{\"@type\":\"ListItem\",\"position\":2,\"name\":\"Amstel Printing\",\"item\":\"https:\\\/\\\/www.amstelprinting.nl\\\/it\\\/negozio\\\/\"},{\"@type\":\"ListItem\",\"position\":3,\"name\":\"Adesivi e stampa\",\"item\":\"https:\\\/\\\/www.amstelprinting.nl\\\/it\\\/categoria\\\/adesivi-e-stampa\\\/\"},{\"@type\":\"ListItem\",\"position\":4,\"name\":\"Stampa\",\"item\":\"https:\\\/\\\/www.amstelprinting.nl\\\/it\\\/categoria\\\/adesivi-e-stampa\\\/stampa\\\/\"},{\"@type\":\"ListItem\",\"position\":5,\"name\":\"Pieghevoli\"}]},{\"@type\":\"WebSite\",\"@id\":\"https:\\\/\\\/www.amstelprinting.nl\\\/it\\\/#website\",\"url\":\"https:\\\/\\\/www.amstelprinting.nl\\\/it\\\/\",\"name\":\"Amstel Printing\",\"description\":\"Creating Exposure\",\"publisher\":{\"@id\":\"https:\\\/\\\/www.amstelprinting.nl\\\/it\\\/#organization\"},\"potentialAction\":[{\"@type\":\"SearchAction\",\"target\":{\"@type\":\"EntryPoint\",\"urlTemplate\":\"https:\\\/\\\/www.amstelprinting.nl\\\/it\\\/?s={search_term_string}\"},\"query-input\":{\"@type\":\"PropertyValueSpecification\",\"valueRequired\":true,\"valueName\":\"search_term_string\"}}],\"inLanguage\":\"it-IT\"},{\"@type\":\"Organization\",\"@id\":\"https:\\\/\\\/www.amstelprinting.nl\\\/it\\\/#organization\",\"name\":\"Amstel Printing\",\"url\":\"https:\\\/\\\/www.amstelprinting.nl\\\/it\\\/\",\"logo\":{\"@type\":\"ImageObject\",\"inLanguage\":\"it-IT\",\"@id\":\"https:\\\/\\\/www.amstelprinting.nl\\\/it\\\/#\\\/schema\\\/logo\\\/image\\\/\",\"url\":\"https:\\\/\\\/www.amstelprinting.nl\\\/wp-content\\\/uploads\\\/amstel_printing_logo_clean.png\",\"contentUrl\":\"https:\\\/\\\/www.amstelprinting.nl\\\/wp-content\\\/uploads\\\/amstel_printing_logo_clean.png\",\"width\":324,\"height\":73,\"caption\":\"Amstel Printing\"},\"image\":{\"@id\":\"https:\\\/\\\/www.amstelprinting.nl\\\/it\\\/#\\\/schema\\\/logo\\\/image\\\/\"}}]}<\/script>\n<!-- \/ Yoast SEO plugin. -->","yoast_head_json":{"title":"Ordina pieghevoli professionali | Consegna rapida e alta qualit\u00e0","description":"Progetta e ordina i tuoi pieghevoli personalizzati con una qualit\u00e0 di stampa nitidissima a partire da 10 pezzi senza costi di avviamento. Diversi formati, tipi di carta e laminazioni di lusso.","robots":{"index":"index","follow":"follow","max-snippet":"max-snippet:-1","max-image-preview":"max-image-preview:large","max-video-preview":"max-video-preview:-1"},"canonical":"https:\/\/www.amstelprinting.nl\/it\/negozio\/adesivi-e-stampa\/stampa\/pieghevoli\/","og_locale":"it_IT","og_type":"article","og_title":"Ordina pieghevoli professionali | Consegna rapida e alta qualit\u00e0","og_description":"Progetta e ordina i tuoi pieghevoli personalizzati con una qualit\u00e0 di stampa nitidissima a partire da 10 pezzi senza costi di avviamento. Diversi formati, tipi di carta e laminazioni di lusso.","og_url":"https:\/\/www.amstelprinting.nl\/it\/negozio\/adesivi-e-stampa\/stampa\/pieghevoli\/","og_site_name":"Amstel Printing","article_modified_time":"2026-02-18T11:40:26+00:00","og_image":[{"width":700,"height":700,"url":"https:\/\/www.amstelprinting.nl\/wp-content\/uploads\/Folders.jpg","type":"image\/jpeg"}],"twitter_card":"summary_large_image","twitter_misc":{"Tempo di lettura stimato":"3 minuti"},"schema":{"@context":"https:\/\/schema.org","@graph":[{"@type":"WebPage","@id":"https:\/\/www.amstelprinting.nl\/it\/negozio\/adesivi-e-stampa\/stampa\/pieghevoli\/","url":"https:\/\/www.amstelprinting.nl\/it\/negozio\/adesivi-e-stampa\/stampa\/pieghevoli\/","name":"Ordina pieghevoli professionali | Consegna rapida e alta qualit\u00e0","isPartOf":{"@id":"https:\/\/www.amstelprinting.nl\/it\/#website"},"primaryImageOfPage":{"@id":"https:\/\/www.amstelprinting.nl\/it\/negozio\/adesivi-e-stampa\/stampa\/pieghevoli\/#primaryimage"},"image":{"@id":"https:\/\/www.amstelprinting.nl\/it\/negozio\/adesivi-e-stampa\/stampa\/pieghevoli\/#primaryimage"},"thumbnailUrl":"https:\/\/www.amstelprinting.nl\/wp-content\/uploads\/Folders.jpg","datePublished":"2025-01-23T19:45:52+00:00","dateModified":"2026-02-18T11:40:26+00:00","description":"Progetta e ordina i tuoi pieghevoli personalizzati con una qualit\u00e0 di stampa nitidissima a partire da 10 pezzi senza costi di avviamento. Diversi formati, tipi di carta e laminazioni di lusso.","breadcrumb":{"@id":"https:\/\/www.amstelprinting.nl\/it\/negozio\/adesivi-e-stampa\/stampa\/pieghevoli\/#breadcrumb"},"inLanguage":"it-IT","potentialAction":[{"@type":"ReadAction","target":["https:\/\/www.amstelprinting.nl\/it\/negozio\/adesivi-e-stampa\/stampa\/pieghevoli\/"]}]},{"@type":"ImageObject","inLanguage":"it-IT","@id":"https:\/\/www.amstelprinting.nl\/it\/negozio\/adesivi-e-stampa\/stampa\/pieghevoli\/#primaryimage","url":"https:\/\/www.amstelprinting.nl\/wp-content\/uploads\/Folders.jpg","contentUrl":"https:\/\/www.amstelprinting.nl\/wp-content\/uploads\/Folders.jpg","width":700,"height":700},{"@type":"BreadcrumbList","@id":"https:\/\/www.amstelprinting.nl\/it\/negozio\/adesivi-e-stampa\/stampa\/pieghevoli\/#breadcrumb","itemListElement":[{"@type":"ListItem","position":1,"name":"","item":"https:\/\/www.amstelprinting.nl\/it\/"},{"@type":"ListItem","position":2,"name":"Amstel Printing","item":"https:\/\/www.amstelprinting.nl\/it\/negozio\/"},{"@type":"ListItem","position":3,"name":"Adesivi e stampa","item":"https:\/\/www.amstelprinting.nl\/it\/categoria\/adesivi-e-stampa\/"},{"@type":"ListItem","position":4,"name":"Stampa","item":"https:\/\/www.amstelprinting.nl\/it\/categoria\/adesivi-e-stampa\/stampa\/"},{"@type":"ListItem","position":5,"name":"Pieghevoli"}]},{"@type":"WebSite","@id":"https:\/\/www.amstelprinting.nl\/it\/#website","url":"https:\/\/www.amstelprinting.nl\/it\/","name":"Amstel Printing","description":"Creating Exposure","publisher":{"@id":"https:\/\/www.amstelprinting.nl\/it\/#organization"},"potentialAction":[{"@type":"SearchAction","target":{"@type":"EntryPoint","urlTemplate":"https:\/\/www.amstelprinting.nl\/it\/?s={search_term_string}"},"query-input":{"@type":"PropertyValueSpecification","valueRequired":true,"valueName":"search_term_string"}}],"inLanguage":"it-IT"},{"@type":"Organization","@id":"https:\/\/www.amstelprinting.nl\/it\/#organization","name":"Amstel Printing","url":"https:\/\/www.amstelprinting.nl\/it\/","logo":{"@type":"ImageObject","inLanguage":"it-IT","@id":"https:\/\/www.amstelprinting.nl\/it\/#\/schema\/logo\/image\/","url":"https:\/\/www.amstelprinting.nl\/wp-content\/uploads\/amstel_printing_logo_clean.png","contentUrl":"https:\/\/www.amstelprinting.nl\/wp-content\/uploads\/amstel_printing_logo_clean.png","width":324,"height":73,"caption":"Amstel Printing"},"image":{"@id":"https:\/\/www.amstelprinting.nl\/it\/#\/schema\/logo\/image\/"}}]}},"_links":{"self":[{"href":"https:\/\/www.amstelprinting.nl\/it\/wp-json\/wp\/v2\/product\/15609","targetHints":{"allow":["GET"]}}],"collection":[{"href":"https:\/\/www.amstelprinting.nl\/it\/wp-json\/wp\/v2\/product"}],"about":[{"href":"https:\/\/www.amstelprinting.nl\/it\/wp-json\/wp\/v2\/types\/product"}],"wp:featuredmedia":[{"embeddable":true,"href":"https:\/\/www.amstelprinting.nl\/it\/wp-json\/wp\/v2\/media\/15611"}],"wp:attachment":[{"href":"https:\/\/www.amstelprinting.nl\/it\/wp-json\/wp\/v2\/media?parent=15609"}],"wp:term":[{"taxonomy":"product_brand","embeddable":true,"href":"https:\/\/www.amstelprinting.nl\/it\/wp-json\/wp\/v2\/product_brand?post=15609"},{"taxonomy":"product_cat","embeddable":true,"href":"https:\/\/www.amstelprinting.nl\/it\/wp-json\/wp\/v2\/product_cat?post=15609"},{"taxonomy":"product_tag","embeddable":true,"href":"https:\/\/www.amstelprinting.nl\/it\/wp-json\/wp\/v2\/product_tag?post=15609"}],"curies":[{"name":"wp","href":"https:\/\/api.w.org\/{rel}","templated":true}]}}