{"id":15624,"date":"2025-01-23T20:45:41","date_gmt":"2025-01-23T19:45:41","guid":{"rendered":"https:\/\/www.amstelprinting.nl\/winkel\/senza-categoria\/menukaarten\/"},"modified":"2026-02-18T12:40:27","modified_gmt":"2026-02-18T11:40:27","slug":"menu","status":"publish","type":"product","link":"https:\/\/www.amstelprinting.nl\/it\/negozio\/adesivi-e-stampa\/stampa\/menu\/","title":{"rendered":"Menu"},"content":{"rendered":"<h2>Stampa Menu<\/h2>\n<p>Per asporto, cena o una panoramica delle bevande e degli stuzzichini disponibili. I menu sono lo strumento efficace per sedurre i clienti affamati (o assetati). Che si tratti di attirare i passanti in una strada affollata o di distinguersi tra i menu da asporto sul tavolo della cucina, i nostri menu stampati stuzzicheranno l&#8217;appetito dei clienti.<\/p>\n<h3>Formati e materiali<\/h3>\n<p>Offriamo menu in sette formati e puoi scegliere tra una carta a piega singola o non piegata. Puoi scegliere tra una selezione di sei materiali di alta qualit\u00e0:<\/p>\n<ul>\n<li><strong>Carta patinata lucida (HV)<\/strong>: Questo materiale satinato senza legno offre una finitura lucida che fa risplendere i tuoi design. Disponibile in grammature da 250, 300 e 400 gr.\/m\u00b2.<\/li>\n<li><strong>Carta patinata opaca (HV Silk)<\/strong>: Per un aspetto opaco e sottile, questo materiale senza legno \u00e8 la scelta perfetta. Disponibile in 250, 300 e 400 gr.\/m\u00b2.<\/li>\n<li><strong>Cartoncino naturale<\/strong>: Questo cartoncino liscio senza legno \u00e8 ideale per scrivere e timbrare, con una grammatura di 300 e 350 gr.\/m\u00b2.<\/li>\n<li><strong>Biotop Naturel<\/strong>: Non patinata e color crema, questa carta offre un aspetto elegante ed \u00e8 facile da scrivere e timbrare, con una grammatura di 250 gr.\/m\u00b2.<\/li>\n<li><strong>Synaps<\/strong>: Questo materiale sintetico \u00e8 antistrappo e resistente all&#8217;acqua, ideale per la durata nel tempo. Disponibile in 300 gr.\/m\u00b2.<\/li>\n<li><strong>YupoBlue<\/strong>: Un materiale sintetico bianco brillante con una superficie uniformemente opaca per una resa cromatica eccezionale. Disponibile in 319 gr.\/m\u00b2.<\/li>\n<\/ul>\n<p>&nbsp;<\/p>\n<h3>Plastificazione: per una protezione extra<\/h3>\n<p>Inoltre, hai la possibilit\u00e0 di far plastificare i tuoi menu, il che garantisce una protezione extra e una finitura raffinata. Offriamo tre opzioni di plastificazione: La plastificazione lucida conferisce ai tuoi menu una finitura brillante e li protegge dai danni. La plastificazione opaca conferisce un aspetto elegante, non lucido, e offre una protezione extra contro l&#8217;usura. La plastificazione opaca soft touch aggiunge una consistenza lussuosa e morbida e conferisce ai tuoi menu una sensazione premium, mantenendoli ben protetti dall&#8217;uso quotidiano.<\/p>\n<h3>Stampa fronte-retro<\/h3>\n<p>I nostri menu sono stampati fronte-retro, in modo da poter sfruttare al meglio lo spazio. Puoi scegliere il numero di copie a partire da 10 pezzi, offrendoti la flessibilit\u00e0 di ordinare esattamente la quantit\u00e0 necessaria, che si tratti di un piccolo quantitativo per un&#8217;occasione speciale o di una tiratura pi\u00f9 ampia per l&#8217;uso quotidiano.<br \/>\nTrasforma la presentazione del tuo menu con i nostri menu personalizzati. Saremo lieti di aiutarti a creare un menu che colpisca e offra ai tuoi ospiti un&#8217;esperienza indimenticabile.<\/p>\n<h3>Domande frequenti<\/h3>\n<p><strong>\u00c8 possibile scrivere su tutti i materiali?<\/strong><br \/>\nNo, la scrittura \u00e8 possibile solo su tipi di carta non patinata. I tipi di carta non patinata adatti sono Biotop Naturel e Cartoncino naturale.<\/p>\n<p><strong>Perch\u00e9 la plastificazione non \u00e8 possibile su Biotop Naturel e Cartoncino naturale?<\/strong><br \/>\nA causa della struttura di questi materiali, la plastificazione non \u00e8 applicabile. Inoltre, la plastificazione ridurrebbe la possibilit\u00e0 di scrivere sulla carta.<\/p>\n<p><strong>Perch\u00e9 il mio materiale stampato si \u00e8 imbarcato?<\/strong><br \/>\nCi\u00f2 pu\u00f2 essere dovuto alla scelta della plastificazione su un solo lato. La plastificazione ha una reazione diversa rispetto alla carta, il che pu\u00f2 causare l&#8217;imbarcamento. Consigliamo di plastificare sempre su entrambi i lati per evitare questo problema.<\/p>\n<p><strong>Quali tipi di carta sono adatti per l&#8217;uso esterno?<\/strong><br \/>\nI nostri tipi di carta sintetica, come Synaps e YupoBlue, sono particolarmente adatti per l&#8217;uso esterno. Questi materiali sono resistenti all&#8217;acqua e mantengono la loro qualit\u00e0 anche se esposti all&#8217;umidit\u00e0. Sono ideali per applicazioni come i menu. Inoltre, \u00e8 possibile utilizzare temporaneamente all&#8217;esterno anche il materiale stampato con plastificazione fronte-retro.<\/p>\n","protected":false},"excerpt":{"rendered":"<h3>Stampa menu. Il tuo design stampato con nitidezza.<\/h3>\n<p>Il modo perfetto per presentare il tuo menu. Che tu gestisca un ristorante, un bar o un&#8217;azienda di catering: puoi stampare menu economici presso Amstel Printing. Completamente in formato personalizzato. Disponibile a partire da soli 10 pezzi. Componi i tuoi menu qui sotto in pochi passaggi.<\/p>\n","protected":false},"featured_media":15626,"template":"","meta":{"_et_pb_use_builder":"","_et_pb_old_content":"","_et_gb_content_width":""},"product_brand":[],"product_cat":[314,578],"product_tag":[],"class_list":{"0":"post-15624","1":"product","2":"type-product","3":"status-publish","4":"has-post-thumbnail","6":"product_cat-adesivi-e-stampa","7":"product_cat-stampa","9":"first","10":"instock","11":"taxable","12":"shipping-taxable","13":"purchasable","14":"product-type-simple"},"yoast_head":"<!-- This site is optimized with the Yoast SEO plugin v27.3 - https:\/\/yoast.com\/product\/yoast-seo-wordpress\/ -->\n<title>Menu su misura \u2013 Consegna rapida e qualit\u00e0 premium<\/title>\n<meta name=\"description\" content=\"Menu personalizzati a partire da 10 pezzi. Scegli tra vari materiali di alta qualit\u00e0 e consegna rapida. Perfetto per la ristorazione, eventi e catering.\" \/>\n<meta name=\"robots\" content=\"index, follow, max-snippet:-1, max-image-preview:large, max-video-preview:-1\" \/>\n<link rel=\"canonical\" href=\"https:\/\/www.amstelprinting.nl\/it\/negozio\/adesivi-e-stampa\/stampa\/menu\/\" \/>\n<meta property=\"og:locale\" content=\"it_IT\" \/>\n<meta property=\"og:type\" content=\"article\" \/>\n<meta property=\"og:title\" content=\"Menu su misura \u2013 Consegna rapida e qualit\u00e0 premium\" \/>\n<meta property=\"og:description\" content=\"Menu personalizzati a partire da 10 pezzi. Scegli tra vari materiali di alta qualit\u00e0 e consegna rapida. Perfetto per la ristorazione, eventi e catering.\" \/>\n<meta property=\"og:url\" content=\"https:\/\/www.amstelprinting.nl\/it\/negozio\/adesivi-e-stampa\/stampa\/menu\/\" \/>\n<meta property=\"og:site_name\" content=\"Amstel Printing\" \/>\n<meta property=\"article:modified_time\" content=\"2026-02-18T11:40:27+00:00\" \/>\n<meta property=\"og:image\" content=\"https:\/\/www.amstelprinting.nl\/wp-content\/uploads\/menukaarten-bedrukken4.jpg\" \/>\n\t<meta property=\"og:image:width\" content=\"1000\" \/>\n\t<meta property=\"og:image:height\" content=\"759\" \/>\n\t<meta property=\"og:image:type\" content=\"image\/jpeg\" \/>\n<meta name=\"twitter:card\" content=\"summary_large_image\" \/>\n<meta name=\"twitter:label1\" content=\"Tempo di lettura stimato\" \/>\n\t<meta name=\"twitter:data1\" content=\"3 minuti\" \/>\n<script type=\"application\/ld+json\" class=\"yoast-schema-graph\">{\"@context\":\"https:\\\/\\\/schema.org\",\"@graph\":[{\"@type\":\"WebPage\",\"@id\":\"https:\\\/\\\/www.amstelprinting.nl\\\/it\\\/negozio\\\/adesivi-e-stampa\\\/stampa\\\/menu\\\/\",\"url\":\"https:\\\/\\\/www.amstelprinting.nl\\\/it\\\/negozio\\\/adesivi-e-stampa\\\/stampa\\\/menu\\\/\",\"name\":\"Menu su misura \u2013 Consegna rapida e qualit\u00e0 premium\",\"isPartOf\":{\"@id\":\"https:\\\/\\\/www.amstelprinting.nl\\\/it\\\/#website\"},\"primaryImageOfPage\":{\"@id\":\"https:\\\/\\\/www.amstelprinting.nl\\\/it\\\/negozio\\\/adesivi-e-stampa\\\/stampa\\\/menu\\\/#primaryimage\"},\"image\":{\"@id\":\"https:\\\/\\\/www.amstelprinting.nl\\\/it\\\/negozio\\\/adesivi-e-stampa\\\/stampa\\\/menu\\\/#primaryimage\"},\"thumbnailUrl\":\"https:\\\/\\\/www.amstelprinting.nl\\\/wp-content\\\/uploads\\\/menukaarten-bedrukken4.jpg\",\"datePublished\":\"2025-01-23T19:45:41+00:00\",\"dateModified\":\"2026-02-18T11:40:27+00:00\",\"description\":\"Menu personalizzati a partire da 10 pezzi. Scegli tra vari materiali di alta qualit\u00e0 e consegna rapida. Perfetto per la ristorazione, eventi e catering.\",\"breadcrumb\":{\"@id\":\"https:\\\/\\\/www.amstelprinting.nl\\\/it\\\/negozio\\\/adesivi-e-stampa\\\/stampa\\\/menu\\\/#breadcrumb\"},\"inLanguage\":\"it-IT\",\"potentialAction\":[{\"@type\":\"ReadAction\",\"target\":[\"https:\\\/\\\/www.amstelprinting.nl\\\/it\\\/negozio\\\/adesivi-e-stampa\\\/stampa\\\/menu\\\/\"]}]},{\"@type\":\"ImageObject\",\"inLanguage\":\"it-IT\",\"@id\":\"https:\\\/\\\/www.amstelprinting.nl\\\/it\\\/negozio\\\/adesivi-e-stampa\\\/stampa\\\/menu\\\/#primaryimage\",\"url\":\"https:\\\/\\\/www.amstelprinting.nl\\\/wp-content\\\/uploads\\\/menukaarten-bedrukken4.jpg\",\"contentUrl\":\"https:\\\/\\\/www.amstelprinting.nl\\\/wp-content\\\/uploads\\\/menukaarten-bedrukken4.jpg\",\"width\":1000,\"height\":759},{\"@type\":\"BreadcrumbList\",\"@id\":\"https:\\\/\\\/www.amstelprinting.nl\\\/it\\\/negozio\\\/adesivi-e-stampa\\\/stampa\\\/menu\\\/#breadcrumb\",\"itemListElement\":[{\"@type\":\"ListItem\",\"position\":1,\"name\":\"\",\"item\":\"https:\\\/\\\/www.amstelprinting.nl\\\/it\\\/\"},{\"@type\":\"ListItem\",\"position\":2,\"name\":\"Amstel Printing\",\"item\":\"https:\\\/\\\/www.amstelprinting.nl\\\/it\\\/negozio\\\/\"},{\"@type\":\"ListItem\",\"position\":3,\"name\":\"Adesivi e stampa\",\"item\":\"https:\\\/\\\/www.amstelprinting.nl\\\/it\\\/categoria\\\/adesivi-e-stampa\\\/\"},{\"@type\":\"ListItem\",\"position\":4,\"name\":\"Stampa\",\"item\":\"https:\\\/\\\/www.amstelprinting.nl\\\/it\\\/categoria\\\/adesivi-e-stampa\\\/stampa\\\/\"},{\"@type\":\"ListItem\",\"position\":5,\"name\":\"Menu\"}]},{\"@type\":\"WebSite\",\"@id\":\"https:\\\/\\\/www.amstelprinting.nl\\\/it\\\/#website\",\"url\":\"https:\\\/\\\/www.amstelprinting.nl\\\/it\\\/\",\"name\":\"Amstel Printing\",\"description\":\"Creating Exposure\",\"publisher\":{\"@id\":\"https:\\\/\\\/www.amstelprinting.nl\\\/it\\\/#organization\"},\"potentialAction\":[{\"@type\":\"SearchAction\",\"target\":{\"@type\":\"EntryPoint\",\"urlTemplate\":\"https:\\\/\\\/www.amstelprinting.nl\\\/it\\\/?s={search_term_string}\"},\"query-input\":{\"@type\":\"PropertyValueSpecification\",\"valueRequired\":true,\"valueName\":\"search_term_string\"}}],\"inLanguage\":\"it-IT\"},{\"@type\":\"Organization\",\"@id\":\"https:\\\/\\\/www.amstelprinting.nl\\\/it\\\/#organization\",\"name\":\"Amstel Printing\",\"url\":\"https:\\\/\\\/www.amstelprinting.nl\\\/it\\\/\",\"logo\":{\"@type\":\"ImageObject\",\"inLanguage\":\"it-IT\",\"@id\":\"https:\\\/\\\/www.amstelprinting.nl\\\/it\\\/#\\\/schema\\\/logo\\\/image\\\/\",\"url\":\"https:\\\/\\\/www.amstelprinting.nl\\\/wp-content\\\/uploads\\\/amstel_printing_logo_clean.png\",\"contentUrl\":\"https:\\\/\\\/www.amstelprinting.nl\\\/wp-content\\\/uploads\\\/amstel_printing_logo_clean.png\",\"width\":324,\"height\":73,\"caption\":\"Amstel Printing\"},\"image\":{\"@id\":\"https:\\\/\\\/www.amstelprinting.nl\\\/it\\\/#\\\/schema\\\/logo\\\/image\\\/\"}}]}<\/script>\n<!-- \/ Yoast SEO plugin. -->","yoast_head_json":{"title":"Menu su misura \u2013 Consegna rapida e qualit\u00e0 premium","description":"Menu personalizzati a partire da 10 pezzi. Scegli tra vari materiali di alta qualit\u00e0 e consegna rapida. Perfetto per la ristorazione, eventi e catering.","robots":{"index":"index","follow":"follow","max-snippet":"max-snippet:-1","max-image-preview":"max-image-preview:large","max-video-preview":"max-video-preview:-1"},"canonical":"https:\/\/www.amstelprinting.nl\/it\/negozio\/adesivi-e-stampa\/stampa\/menu\/","og_locale":"it_IT","og_type":"article","og_title":"Menu su misura \u2013 Consegna rapida e qualit\u00e0 premium","og_description":"Menu personalizzati a partire da 10 pezzi. Scegli tra vari materiali di alta qualit\u00e0 e consegna rapida. Perfetto per la ristorazione, eventi e catering.","og_url":"https:\/\/www.amstelprinting.nl\/it\/negozio\/adesivi-e-stampa\/stampa\/menu\/","og_site_name":"Amstel Printing","article_modified_time":"2026-02-18T11:40:27+00:00","og_image":[{"width":1000,"height":759,"url":"https:\/\/www.amstelprinting.nl\/wp-content\/uploads\/menukaarten-bedrukken4.jpg","type":"image\/jpeg"}],"twitter_card":"summary_large_image","twitter_misc":{"Tempo di lettura stimato":"3 minuti"},"schema":{"@context":"https:\/\/schema.org","@graph":[{"@type":"WebPage","@id":"https:\/\/www.amstelprinting.nl\/it\/negozio\/adesivi-e-stampa\/stampa\/menu\/","url":"https:\/\/www.amstelprinting.nl\/it\/negozio\/adesivi-e-stampa\/stampa\/menu\/","name":"Menu su misura \u2013 Consegna rapida e qualit\u00e0 premium","isPartOf":{"@id":"https:\/\/www.amstelprinting.nl\/it\/#website"},"primaryImageOfPage":{"@id":"https:\/\/www.amstelprinting.nl\/it\/negozio\/adesivi-e-stampa\/stampa\/menu\/#primaryimage"},"image":{"@id":"https:\/\/www.amstelprinting.nl\/it\/negozio\/adesivi-e-stampa\/stampa\/menu\/#primaryimage"},"thumbnailUrl":"https:\/\/www.amstelprinting.nl\/wp-content\/uploads\/menukaarten-bedrukken4.jpg","datePublished":"2025-01-23T19:45:41+00:00","dateModified":"2026-02-18T11:40:27+00:00","description":"Menu personalizzati a partire da 10 pezzi. Scegli tra vari materiali di alta qualit\u00e0 e consegna rapida. Perfetto per la ristorazione, eventi e catering.","breadcrumb":{"@id":"https:\/\/www.amstelprinting.nl\/it\/negozio\/adesivi-e-stampa\/stampa\/menu\/#breadcrumb"},"inLanguage":"it-IT","potentialAction":[{"@type":"ReadAction","target":["https:\/\/www.amstelprinting.nl\/it\/negozio\/adesivi-e-stampa\/stampa\/menu\/"]}]},{"@type":"ImageObject","inLanguage":"it-IT","@id":"https:\/\/www.amstelprinting.nl\/it\/negozio\/adesivi-e-stampa\/stampa\/menu\/#primaryimage","url":"https:\/\/www.amstelprinting.nl\/wp-content\/uploads\/menukaarten-bedrukken4.jpg","contentUrl":"https:\/\/www.amstelprinting.nl\/wp-content\/uploads\/menukaarten-bedrukken4.jpg","width":1000,"height":759},{"@type":"BreadcrumbList","@id":"https:\/\/www.amstelprinting.nl\/it\/negozio\/adesivi-e-stampa\/stampa\/menu\/#breadcrumb","itemListElement":[{"@type":"ListItem","position":1,"name":"","item":"https:\/\/www.amstelprinting.nl\/it\/"},{"@type":"ListItem","position":2,"name":"Amstel Printing","item":"https:\/\/www.amstelprinting.nl\/it\/negozio\/"},{"@type":"ListItem","position":3,"name":"Adesivi e stampa","item":"https:\/\/www.amstelprinting.nl\/it\/categoria\/adesivi-e-stampa\/"},{"@type":"ListItem","position":4,"name":"Stampa","item":"https:\/\/www.amstelprinting.nl\/it\/categoria\/adesivi-e-stampa\/stampa\/"},{"@type":"ListItem","position":5,"name":"Menu"}]},{"@type":"WebSite","@id":"https:\/\/www.amstelprinting.nl\/it\/#website","url":"https:\/\/www.amstelprinting.nl\/it\/","name":"Amstel Printing","description":"Creating Exposure","publisher":{"@id":"https:\/\/www.amstelprinting.nl\/it\/#organization"},"potentialAction":[{"@type":"SearchAction","target":{"@type":"EntryPoint","urlTemplate":"https:\/\/www.amstelprinting.nl\/it\/?s={search_term_string}"},"query-input":{"@type":"PropertyValueSpecification","valueRequired":true,"valueName":"search_term_string"}}],"inLanguage":"it-IT"},{"@type":"Organization","@id":"https:\/\/www.amstelprinting.nl\/it\/#organization","name":"Amstel Printing","url":"https:\/\/www.amstelprinting.nl\/it\/","logo":{"@type":"ImageObject","inLanguage":"it-IT","@id":"https:\/\/www.amstelprinting.nl\/it\/#\/schema\/logo\/image\/","url":"https:\/\/www.amstelprinting.nl\/wp-content\/uploads\/amstel_printing_logo_clean.png","contentUrl":"https:\/\/www.amstelprinting.nl\/wp-content\/uploads\/amstel_printing_logo_clean.png","width":324,"height":73,"caption":"Amstel Printing"},"image":{"@id":"https:\/\/www.amstelprinting.nl\/it\/#\/schema\/logo\/image\/"}}]}},"_links":{"self":[{"href":"https:\/\/www.amstelprinting.nl\/it\/wp-json\/wp\/v2\/product\/15624","targetHints":{"allow":["GET"]}}],"collection":[{"href":"https:\/\/www.amstelprinting.nl\/it\/wp-json\/wp\/v2\/product"}],"about":[{"href":"https:\/\/www.amstelprinting.nl\/it\/wp-json\/wp\/v2\/types\/product"}],"wp:featuredmedia":[{"embeddable":true,"href":"https:\/\/www.amstelprinting.nl\/it\/wp-json\/wp\/v2\/media\/15626"}],"wp:attachment":[{"href":"https:\/\/www.amstelprinting.nl\/it\/wp-json\/wp\/v2\/media?parent=15624"}],"wp:term":[{"taxonomy":"product_brand","embeddable":true,"href":"https:\/\/www.amstelprinting.nl\/it\/wp-json\/wp\/v2\/product_brand?post=15624"},{"taxonomy":"product_cat","embeddable":true,"href":"https:\/\/www.amstelprinting.nl\/it\/wp-json\/wp\/v2\/product_cat?post=15624"},{"taxonomy":"product_tag","embeddable":true,"href":"https:\/\/www.amstelprinting.nl\/it\/wp-json\/wp\/v2\/product_tag?post=15624"}],"curies":[{"name":"wp","href":"https:\/\/api.w.org\/{rel}","templated":true}]}}