{"id":15649,"date":"2025-01-23T20:45:01","date_gmt":"2025-01-23T19:45:01","guid":{"rendered":"https:\/\/www.amstelprinting.nl\/winkel\/senza-categoria\/briefpapier\/"},"modified":"2026-02-18T12:40:29","modified_gmt":"2026-02-18T11:40:29","slug":"carta-intestata","status":"publish","type":"product","link":"https:\/\/www.amstelprinting.nl\/it\/negozio\/adesivi-e-stampa\/stampa\/carta-intestata\/","title":{"rendered":"Carta intestata"},"content":{"rendered":"<h3>Perch\u00e9 stampare carta intestata?<\/h3>\n<p>Che tu stia cercando un design classico o un look moderno, la nostra carta intestata offre la base perfetta per tutte le tue comunicazioni aziendali. I vantaggi della nostra carta intestata:<\/p>\n<ul>\n<li>Scelta tra formato A4 o A5<\/li>\n<li>Crea la tua immagine coordinata unica e professionale<\/li>\n<li>Carta intestata bianca HVO<\/li>\n<li>Disponibile a partire da soli 25 pezzi<\/li>\n<li>Pratico template per un processo di progettazione semplice<\/li>\n<\/ul>\n<p>&nbsp;<\/p>\n<h3>Carta intestata bianca HVO<\/h3>\n<p>La carta Bankpost, chiamata anche HVO bianca, \u00e8 la scelta standard per la carta intestata professionale. Questa carta non patinata \u00e8 di un bianco brillante, il che garantisce un aspetto pulito e raffinato. La carta \u00e8 eccellente per la stampa laser e per la scrittura, ed \u00e8 disponibile in due grammature: 90 g\/m\u00b2 per una struttura leggera ma robusta, e 170 g\/m\u00b2 per una maggiore durata e un look e feel di lusso. Scegli la stampa sul fronte o fronte-retro.<\/p>\n<h3>Disponibile a partire da soli 25 pezzi<\/h3>\n<p>Puoi ordinare la carta intestata nella tiratura desiderata, con un ordine minimo di soli 25 pezzi. Per una maggiore comodit\u00e0, offriamo opzioni in pacchetti da 100, 250 o 500 pezzi.<\/p>\n<h3>Progettare la carta intestata<\/h3>\n<p>Progettare la tua carta intestata \u00e8 semplice e veloce. Utilizza i nostri pratici template, disponibili nella sezione download, e crea in un batter d&#8217;occhio un design che rifletta perfettamente il tuo brand.<\/p>\n<h3>\nDomande frequenti<\/h3>\n<p><strong>La carta intestata \u00e8 disponibile anche in formati personalizzati?<\/strong><br \/>\nNo, la carta intestata \u00e8 disponibile solo in formati fissi. Hai bisogno di un altro formato differente? Allora ordina tramite i fogli di stampa piano. Tieni presente che questi devono essere ancora rifiniti.<\/p>\n","protected":false},"excerpt":{"rendered":"<h3>Adatto anche come carta per fatture<\/h3>\n<p>Impressiona con carta intestata professionale che \u00e8 eccellente anche come carta per fatture. Disponibile sia in formato A4 che A5. La carta intestata con la stampa del tuo logo o design garantisce un aspetto professionale.<\/p>\n","protected":false},"featured_media":15651,"template":"","meta":{"_et_pb_use_builder":"","_et_pb_old_content":"","_et_gb_content_width":""},"product_brand":[],"product_cat":[314,578],"product_tag":[],"class_list":{"0":"post-15649","1":"product","2":"type-product","3":"status-publish","4":"has-post-thumbnail","6":"product_cat-adesivi-e-stampa","7":"product_cat-stampa","9":"first","10":"instock","11":"taxable","12":"shipping-taxable","13":"purchasable","14":"product-type-simple"},"yoast_head":"<!-- This site is optimized with the Yoast SEO plugin v27.3 - https:\/\/yoast.com\/product\/yoast-seo-wordpress\/ -->\n<title>Ordina carta intestata - Consegna rapida e alta qualit\u00e0<\/title>\n<meta name=\"description\" content=\"Carta intestata in A4 o A5, stampata su carta bianca HVO di alta qualit\u00e0. Tirature flessibili a partire da 25 pezzi, produzione rapida entro 1 giorno lavorativo.\" \/>\n<meta name=\"robots\" content=\"index, follow, max-snippet:-1, max-image-preview:large, max-video-preview:-1\" \/>\n<link rel=\"canonical\" href=\"https:\/\/www.amstelprinting.nl\/it\/negozio\/adesivi-e-stampa\/stampa\/carta-intestata\/\" \/>\n<meta property=\"og:locale\" content=\"it_IT\" \/>\n<meta property=\"og:type\" content=\"article\" \/>\n<meta property=\"og:title\" content=\"Ordina carta intestata - Consegna rapida e alta qualit\u00e0\" \/>\n<meta property=\"og:description\" content=\"Carta intestata in A4 o A5, stampata su carta bianca HVO di alta qualit\u00e0. Tirature flessibili a partire da 25 pezzi, produzione rapida entro 1 giorno lavorativo.\" \/>\n<meta property=\"og:url\" content=\"https:\/\/www.amstelprinting.nl\/it\/negozio\/adesivi-e-stampa\/stampa\/carta-intestata\/\" \/>\n<meta property=\"og:site_name\" content=\"Amstel Printing\" \/>\n<meta property=\"article:modified_time\" content=\"2026-02-18T11:40:29+00:00\" \/>\n<meta property=\"og:image\" content=\"https:\/\/www.amstelprinting.nl\/wp-content\/uploads\/Briefpapier.jpg\" \/>\n\t<meta property=\"og:image:width\" content=\"700\" \/>\n\t<meta property=\"og:image:height\" content=\"700\" \/>\n\t<meta property=\"og:image:type\" content=\"image\/jpeg\" \/>\n<meta name=\"twitter:card\" content=\"summary_large_image\" \/>\n<meta name=\"twitter:label1\" content=\"Tempo di lettura stimato\" \/>\n\t<meta name=\"twitter:data1\" content=\"1 minuto\" \/>\n<script type=\"application\/ld+json\" class=\"yoast-schema-graph\">{\"@context\":\"https:\\\/\\\/schema.org\",\"@graph\":[{\"@type\":\"WebPage\",\"@id\":\"https:\\\/\\\/www.amstelprinting.nl\\\/it\\\/negozio\\\/adesivi-e-stampa\\\/stampa\\\/carta-intestata\\\/\",\"url\":\"https:\\\/\\\/www.amstelprinting.nl\\\/it\\\/negozio\\\/adesivi-e-stampa\\\/stampa\\\/carta-intestata\\\/\",\"name\":\"Ordina carta intestata - Consegna rapida e alta qualit\u00e0\",\"isPartOf\":{\"@id\":\"https:\\\/\\\/www.amstelprinting.nl\\\/it\\\/#website\"},\"primaryImageOfPage\":{\"@id\":\"https:\\\/\\\/www.amstelprinting.nl\\\/it\\\/negozio\\\/adesivi-e-stampa\\\/stampa\\\/carta-intestata\\\/#primaryimage\"},\"image\":{\"@id\":\"https:\\\/\\\/www.amstelprinting.nl\\\/it\\\/negozio\\\/adesivi-e-stampa\\\/stampa\\\/carta-intestata\\\/#primaryimage\"},\"thumbnailUrl\":\"https:\\\/\\\/www.amstelprinting.nl\\\/wp-content\\\/uploads\\\/Briefpapier.jpg\",\"datePublished\":\"2025-01-23T19:45:01+00:00\",\"dateModified\":\"2026-02-18T11:40:29+00:00\",\"description\":\"Carta intestata in A4 o A5, stampata su carta bianca HVO di alta qualit\u00e0. Tirature flessibili a partire da 25 pezzi, produzione rapida entro 1 giorno lavorativo.\",\"breadcrumb\":{\"@id\":\"https:\\\/\\\/www.amstelprinting.nl\\\/it\\\/negozio\\\/adesivi-e-stampa\\\/stampa\\\/carta-intestata\\\/#breadcrumb\"},\"inLanguage\":\"it-IT\",\"potentialAction\":[{\"@type\":\"ReadAction\",\"target\":[\"https:\\\/\\\/www.amstelprinting.nl\\\/it\\\/negozio\\\/adesivi-e-stampa\\\/stampa\\\/carta-intestata\\\/\"]}]},{\"@type\":\"ImageObject\",\"inLanguage\":\"it-IT\",\"@id\":\"https:\\\/\\\/www.amstelprinting.nl\\\/it\\\/negozio\\\/adesivi-e-stampa\\\/stampa\\\/carta-intestata\\\/#primaryimage\",\"url\":\"https:\\\/\\\/www.amstelprinting.nl\\\/wp-content\\\/uploads\\\/Briefpapier.jpg\",\"contentUrl\":\"https:\\\/\\\/www.amstelprinting.nl\\\/wp-content\\\/uploads\\\/Briefpapier.jpg\",\"width\":700,\"height\":700},{\"@type\":\"BreadcrumbList\",\"@id\":\"https:\\\/\\\/www.amstelprinting.nl\\\/it\\\/negozio\\\/adesivi-e-stampa\\\/stampa\\\/carta-intestata\\\/#breadcrumb\",\"itemListElement\":[{\"@type\":\"ListItem\",\"position\":1,\"name\":\"\",\"item\":\"https:\\\/\\\/www.amstelprinting.nl\\\/it\\\/\"},{\"@type\":\"ListItem\",\"position\":2,\"name\":\"Amstel Printing\",\"item\":\"https:\\\/\\\/www.amstelprinting.nl\\\/it\\\/negozio\\\/\"},{\"@type\":\"ListItem\",\"position\":3,\"name\":\"Adesivi e stampa\",\"item\":\"https:\\\/\\\/www.amstelprinting.nl\\\/it\\\/categoria\\\/adesivi-e-stampa\\\/\"},{\"@type\":\"ListItem\",\"position\":4,\"name\":\"Stampa\",\"item\":\"https:\\\/\\\/www.amstelprinting.nl\\\/it\\\/categoria\\\/adesivi-e-stampa\\\/stampa\\\/\"},{\"@type\":\"ListItem\",\"position\":5,\"name\":\"Carta intestata\"}]},{\"@type\":\"WebSite\",\"@id\":\"https:\\\/\\\/www.amstelprinting.nl\\\/it\\\/#website\",\"url\":\"https:\\\/\\\/www.amstelprinting.nl\\\/it\\\/\",\"name\":\"Amstel Printing\",\"description\":\"Creating Exposure\",\"publisher\":{\"@id\":\"https:\\\/\\\/www.amstelprinting.nl\\\/it\\\/#organization\"},\"potentialAction\":[{\"@type\":\"SearchAction\",\"target\":{\"@type\":\"EntryPoint\",\"urlTemplate\":\"https:\\\/\\\/www.amstelprinting.nl\\\/it\\\/?s={search_term_string}\"},\"query-input\":{\"@type\":\"PropertyValueSpecification\",\"valueRequired\":true,\"valueName\":\"search_term_string\"}}],\"inLanguage\":\"it-IT\"},{\"@type\":\"Organization\",\"@id\":\"https:\\\/\\\/www.amstelprinting.nl\\\/it\\\/#organization\",\"name\":\"Amstel Printing\",\"url\":\"https:\\\/\\\/www.amstelprinting.nl\\\/it\\\/\",\"logo\":{\"@type\":\"ImageObject\",\"inLanguage\":\"it-IT\",\"@id\":\"https:\\\/\\\/www.amstelprinting.nl\\\/it\\\/#\\\/schema\\\/logo\\\/image\\\/\",\"url\":\"https:\\\/\\\/www.amstelprinting.nl\\\/wp-content\\\/uploads\\\/amstel_printing_logo_clean.png\",\"contentUrl\":\"https:\\\/\\\/www.amstelprinting.nl\\\/wp-content\\\/uploads\\\/amstel_printing_logo_clean.png\",\"width\":324,\"height\":73,\"caption\":\"Amstel Printing\"},\"image\":{\"@id\":\"https:\\\/\\\/www.amstelprinting.nl\\\/it\\\/#\\\/schema\\\/logo\\\/image\\\/\"}}]}<\/script>\n<!-- \/ Yoast SEO plugin. -->","yoast_head_json":{"title":"Ordina carta intestata - Consegna rapida e alta qualit\u00e0","description":"Carta intestata in A4 o A5, stampata su carta bianca HVO di alta qualit\u00e0. Tirature flessibili a partire da 25 pezzi, produzione rapida entro 1 giorno lavorativo.","robots":{"index":"index","follow":"follow","max-snippet":"max-snippet:-1","max-image-preview":"max-image-preview:large","max-video-preview":"max-video-preview:-1"},"canonical":"https:\/\/www.amstelprinting.nl\/it\/negozio\/adesivi-e-stampa\/stampa\/carta-intestata\/","og_locale":"it_IT","og_type":"article","og_title":"Ordina carta intestata - Consegna rapida e alta qualit\u00e0","og_description":"Carta intestata in A4 o A5, stampata su carta bianca HVO di alta qualit\u00e0. Tirature flessibili a partire da 25 pezzi, produzione rapida entro 1 giorno lavorativo.","og_url":"https:\/\/www.amstelprinting.nl\/it\/negozio\/adesivi-e-stampa\/stampa\/carta-intestata\/","og_site_name":"Amstel Printing","article_modified_time":"2026-02-18T11:40:29+00:00","og_image":[{"width":700,"height":700,"url":"https:\/\/www.amstelprinting.nl\/wp-content\/uploads\/Briefpapier.jpg","type":"image\/jpeg"}],"twitter_card":"summary_large_image","twitter_misc":{"Tempo di lettura stimato":"1 minuto"},"schema":{"@context":"https:\/\/schema.org","@graph":[{"@type":"WebPage","@id":"https:\/\/www.amstelprinting.nl\/it\/negozio\/adesivi-e-stampa\/stampa\/carta-intestata\/","url":"https:\/\/www.amstelprinting.nl\/it\/negozio\/adesivi-e-stampa\/stampa\/carta-intestata\/","name":"Ordina carta intestata - Consegna rapida e alta qualit\u00e0","isPartOf":{"@id":"https:\/\/www.amstelprinting.nl\/it\/#website"},"primaryImageOfPage":{"@id":"https:\/\/www.amstelprinting.nl\/it\/negozio\/adesivi-e-stampa\/stampa\/carta-intestata\/#primaryimage"},"image":{"@id":"https:\/\/www.amstelprinting.nl\/it\/negozio\/adesivi-e-stampa\/stampa\/carta-intestata\/#primaryimage"},"thumbnailUrl":"https:\/\/www.amstelprinting.nl\/wp-content\/uploads\/Briefpapier.jpg","datePublished":"2025-01-23T19:45:01+00:00","dateModified":"2026-02-18T11:40:29+00:00","description":"Carta intestata in A4 o A5, stampata su carta bianca HVO di alta qualit\u00e0. Tirature flessibili a partire da 25 pezzi, produzione rapida entro 1 giorno lavorativo.","breadcrumb":{"@id":"https:\/\/www.amstelprinting.nl\/it\/negozio\/adesivi-e-stampa\/stampa\/carta-intestata\/#breadcrumb"},"inLanguage":"it-IT","potentialAction":[{"@type":"ReadAction","target":["https:\/\/www.amstelprinting.nl\/it\/negozio\/adesivi-e-stampa\/stampa\/carta-intestata\/"]}]},{"@type":"ImageObject","inLanguage":"it-IT","@id":"https:\/\/www.amstelprinting.nl\/it\/negozio\/adesivi-e-stampa\/stampa\/carta-intestata\/#primaryimage","url":"https:\/\/www.amstelprinting.nl\/wp-content\/uploads\/Briefpapier.jpg","contentUrl":"https:\/\/www.amstelprinting.nl\/wp-content\/uploads\/Briefpapier.jpg","width":700,"height":700},{"@type":"BreadcrumbList","@id":"https:\/\/www.amstelprinting.nl\/it\/negozio\/adesivi-e-stampa\/stampa\/carta-intestata\/#breadcrumb","itemListElement":[{"@type":"ListItem","position":1,"name":"","item":"https:\/\/www.amstelprinting.nl\/it\/"},{"@type":"ListItem","position":2,"name":"Amstel Printing","item":"https:\/\/www.amstelprinting.nl\/it\/negozio\/"},{"@type":"ListItem","position":3,"name":"Adesivi e stampa","item":"https:\/\/www.amstelprinting.nl\/it\/categoria\/adesivi-e-stampa\/"},{"@type":"ListItem","position":4,"name":"Stampa","item":"https:\/\/www.amstelprinting.nl\/it\/categoria\/adesivi-e-stampa\/stampa\/"},{"@type":"ListItem","position":5,"name":"Carta intestata"}]},{"@type":"WebSite","@id":"https:\/\/www.amstelprinting.nl\/it\/#website","url":"https:\/\/www.amstelprinting.nl\/it\/","name":"Amstel Printing","description":"Creating Exposure","publisher":{"@id":"https:\/\/www.amstelprinting.nl\/it\/#organization"},"potentialAction":[{"@type":"SearchAction","target":{"@type":"EntryPoint","urlTemplate":"https:\/\/www.amstelprinting.nl\/it\/?s={search_term_string}"},"query-input":{"@type":"PropertyValueSpecification","valueRequired":true,"valueName":"search_term_string"}}],"inLanguage":"it-IT"},{"@type":"Organization","@id":"https:\/\/www.amstelprinting.nl\/it\/#organization","name":"Amstel Printing","url":"https:\/\/www.amstelprinting.nl\/it\/","logo":{"@type":"ImageObject","inLanguage":"it-IT","@id":"https:\/\/www.amstelprinting.nl\/it\/#\/schema\/logo\/image\/","url":"https:\/\/www.amstelprinting.nl\/wp-content\/uploads\/amstel_printing_logo_clean.png","contentUrl":"https:\/\/www.amstelprinting.nl\/wp-content\/uploads\/amstel_printing_logo_clean.png","width":324,"height":73,"caption":"Amstel Printing"},"image":{"@id":"https:\/\/www.amstelprinting.nl\/it\/#\/schema\/logo\/image\/"}}]}},"_links":{"self":[{"href":"https:\/\/www.amstelprinting.nl\/it\/wp-json\/wp\/v2\/product\/15649","targetHints":{"allow":["GET"]}}],"collection":[{"href":"https:\/\/www.amstelprinting.nl\/it\/wp-json\/wp\/v2\/product"}],"about":[{"href":"https:\/\/www.amstelprinting.nl\/it\/wp-json\/wp\/v2\/types\/product"}],"wp:featuredmedia":[{"embeddable":true,"href":"https:\/\/www.amstelprinting.nl\/it\/wp-json\/wp\/v2\/media\/15651"}],"wp:attachment":[{"href":"https:\/\/www.amstelprinting.nl\/it\/wp-json\/wp\/v2\/media?parent=15649"}],"wp:term":[{"taxonomy":"product_brand","embeddable":true,"href":"https:\/\/www.amstelprinting.nl\/it\/wp-json\/wp\/v2\/product_brand?post=15649"},{"taxonomy":"product_cat","embeddable":true,"href":"https:\/\/www.amstelprinting.nl\/it\/wp-json\/wp\/v2\/product_cat?post=15649"},{"taxonomy":"product_tag","embeddable":true,"href":"https:\/\/www.amstelprinting.nl\/it\/wp-json\/wp\/v2\/product_tag?post=15649"}],"curies":[{"name":"wp","href":"https:\/\/api.w.org\/{rel}","templated":true}]}}