{"id":15724,"date":"2025-01-23T20:44:19","date_gmt":"2025-01-23T19:44:19","guid":{"rendered":"https:\/\/www.amstelprinting.nl\/winkel\/senza-categoria\/asfaltsticker\/"},"modified":"2026-02-18T12:40:35","modified_gmt":"2026-02-18T11:40:35","slug":"adesivo-per-asfalto","status":"publish","type":"product","link":"https:\/\/www.amstelprinting.nl\/it\/negozio\/adesivi-e-stampa\/adesivi-grandi\/adesivo-per-asfalto\/","title":{"rendered":"Adesivo per asfalto"},"content":{"rendered":"<h3>Stampa adesivi per asfalto<\/h3>\n<p>Il nostro adesivo per asfalto da esterno offre la soluzione perfetta per applicazioni esterne temporanee su superfici piane. Con il pi\u00f9 alto valore antiscivolo, garantisce la sicurezza anche in caso di pioggia. L&#8217;adesivo per asfalto ha una durata prevista di almeno 3 mesi (a seconda delle condizioni atmosferiche e dell&#8217;intensit\u00e0 del traffico). L&#8217;adesivo per asfalto pu\u00f2 essere rimosso facilmente dopo l&#8217;uso senza lasciare residui di colla. Il retro in alluminio garantisce un&#8217;eccellente copertura, anche su superfici colorate. L&#8217;applicazione (conformazione alla superficie) \u00e8 agevole e pu\u00f2 essere eseguita senza attrezzi o l&#8217;apporto di calore (phon). Inoltre, l&#8217;adesivo per pavimenti \u00e8 completamente privo di PVC, rappresentando una scelta ecologica.<\/p>\n<h3>Materiale<\/h3>\n<p>I nostri adesivi per asfalto sono realizzati in pellicola stampabile bianca con retro in alluminio, che assicura un&#8217;ottima copertura sulle superfici colorate. Grazie alle propriet\u00e0 antiscivolo e antigraffio, questi adesivi sono particolarmente adatti a diverse superfici. Per garantire prestazioni antiscivolo ottimali, la pellicola non viene laminata. Con un valore R pari a 12, questo adesivo soddisfa i pi\u00f9 elevati standard antiscivolo, il che \u00e8 fondamentale per la sicurezza e l&#8217;efficacia in eventi all&#8217;aperto e altre applicazioni intensive.<\/p>\n<h3>Finitura<\/h3>\n<p>I nostri adesivi per asfalto possono essere tagliati su misura nel formato indicato o seguendo i contorni del vostro design. Ci\u00f2 vi offre la flessibilit\u00e0 di creare un adesivo che si adatti perfettamente alla superficie che desiderate coprire.<\/p>\n<h3>Accessori<\/h3>\n<p>Per rendere l&#8217;installazione del vostro adesivo per asfalto il pi\u00f9 semplice possibile, offriamo una vasta gamma di accessori. Questi strumenti aiutano in un&#8217;applicazione fluida e professionale, permettendovi di ottenere il miglior risultato senza problemi. Progettati per prestazioni eccellenti su una variet\u00e0 di superfici ruvide, i nostri adesivi per asfalto offrono la combinazione perfetta di durata e visibilit\u00e0 per ogni ambiente.<\/p>\n","protected":false},"excerpt":{"rendered":"<h3>Adesivo per pavimenti esterni resistente all&#8217;usura.<\/h3>\n<p>Trasforma strade, vie e parcheggi con i nostri adesivi per asfalto di alta qualit\u00e0. Progettati per prestazioni ottimali e visibilit\u00e0 a lungo termine. I nostri adesivi per asfalto (adesivi stradali) sono progettati specificamente per aderire bene a superfici ruvide, come pavimentazioni stradali, asfalto, cemento liscio e cemento grezzo. Siete voi a decidere le dimensioni e la forma.<\/h3>\n","protected":false},"featured_media":15726,"template":"","meta":{"_et_pb_use_builder":"","_et_pb_old_content":"","_et_gb_content_width":""},"product_brand":[],"product_cat":[314,575],"product_tag":[],"class_list":{"0":"post-15724","1":"product","2":"type-product","3":"status-publish","4":"has-post-thumbnail","6":"product_cat-adesivi-e-stampa","7":"product_cat-adesivi-grandi","9":"first","10":"instock","11":"taxable","12":"shipping-taxable","13":"purchasable","14":"product-type-simple"},"yoast_head":"<!-- This site is optimized with the Yoast SEO plugin v27.3 - https:\/\/yoast.com\/product\/yoast-seo-wordpress\/ -->\n<title>Adesivi per asfalto antiscivolo | Durevoli e sicuri per esterni<\/title>\n<meta name=\"description\" content=\"Ordina adesivi per asfalto resistenti all&#039;usura con la massima garanzia antiscivolo R12. Facili da applicare e rimuovere, perfetti per campagne pubblicitarie esterne di lunga durata.\" \/>\n<meta name=\"robots\" content=\"index, follow, max-snippet:-1, max-image-preview:large, max-video-preview:-1\" \/>\n<link rel=\"canonical\" href=\"https:\/\/www.amstelprinting.nl\/it\/negozio\/adesivi-e-stampa\/adesivi-grandi\/adesivo-per-asfalto\/\" \/>\n<meta property=\"og:locale\" content=\"it_IT\" \/>\n<meta property=\"og:type\" content=\"article\" \/>\n<meta property=\"og:title\" content=\"Adesivi per asfalto antiscivolo | Durevoli e sicuri per esterni\" \/>\n<meta property=\"og:description\" content=\"Ordina adesivi per asfalto resistenti all&#039;usura con la massima garanzia antiscivolo R12. Facili da applicare e rimuovere, perfetti per campagne pubblicitarie esterne di lunga durata.\" \/>\n<meta property=\"og:url\" content=\"https:\/\/www.amstelprinting.nl\/it\/negozio\/adesivi-e-stampa\/adesivi-grandi\/adesivo-per-asfalto\/\" \/>\n<meta property=\"og:site_name\" content=\"Amstel Printing\" \/>\n<meta property=\"article:modified_time\" content=\"2026-02-18T11:40:35+00:00\" \/>\n<meta property=\"og:image\" content=\"https:\/\/www.amstelprinting.nl\/wp-content\/uploads\/asfalt-sticker-bedrukken5.png\" \/>\n\t<meta property=\"og:image:width\" content=\"900\" \/>\n\t<meta property=\"og:image:height\" content=\"900\" \/>\n\t<meta property=\"og:image:type\" content=\"image\/png\" \/>\n<meta name=\"twitter:card\" content=\"summary_large_image\" \/>\n<meta name=\"twitter:label1\" content=\"Tempo di lettura stimato\" \/>\n\t<meta name=\"twitter:data1\" content=\"1 minuto\" \/>\n<script type=\"application\/ld+json\" class=\"yoast-schema-graph\">{\"@context\":\"https:\\\/\\\/schema.org\",\"@graph\":[{\"@type\":\"WebPage\",\"@id\":\"https:\\\/\\\/www.amstelprinting.nl\\\/it\\\/negozio\\\/adesivi-e-stampa\\\/adesivi-grandi\\\/adesivo-per-asfalto\\\/\",\"url\":\"https:\\\/\\\/www.amstelprinting.nl\\\/it\\\/negozio\\\/adesivi-e-stampa\\\/adesivi-grandi\\\/adesivo-per-asfalto\\\/\",\"name\":\"Adesivi per asfalto antiscivolo | Durevoli e sicuri per esterni\",\"isPartOf\":{\"@id\":\"https:\\\/\\\/www.amstelprinting.nl\\\/it\\\/#website\"},\"primaryImageOfPage\":{\"@id\":\"https:\\\/\\\/www.amstelprinting.nl\\\/it\\\/negozio\\\/adesivi-e-stampa\\\/adesivi-grandi\\\/adesivo-per-asfalto\\\/#primaryimage\"},\"image\":{\"@id\":\"https:\\\/\\\/www.amstelprinting.nl\\\/it\\\/negozio\\\/adesivi-e-stampa\\\/adesivi-grandi\\\/adesivo-per-asfalto\\\/#primaryimage\"},\"thumbnailUrl\":\"https:\\\/\\\/www.amstelprinting.nl\\\/wp-content\\\/uploads\\\/asfalt-sticker-bedrukken5.png\",\"datePublished\":\"2025-01-23T19:44:19+00:00\",\"dateModified\":\"2026-02-18T11:40:35+00:00\",\"description\":\"Ordina adesivi per asfalto resistenti all'usura con la massima garanzia antiscivolo R12. Facili da applicare e rimuovere, perfetti per campagne pubblicitarie esterne di lunga durata.\",\"breadcrumb\":{\"@id\":\"https:\\\/\\\/www.amstelprinting.nl\\\/it\\\/negozio\\\/adesivi-e-stampa\\\/adesivi-grandi\\\/adesivo-per-asfalto\\\/#breadcrumb\"},\"inLanguage\":\"it-IT\",\"potentialAction\":[{\"@type\":\"ReadAction\",\"target\":[\"https:\\\/\\\/www.amstelprinting.nl\\\/it\\\/negozio\\\/adesivi-e-stampa\\\/adesivi-grandi\\\/adesivo-per-asfalto\\\/\"]}]},{\"@type\":\"ImageObject\",\"inLanguage\":\"it-IT\",\"@id\":\"https:\\\/\\\/www.amstelprinting.nl\\\/it\\\/negozio\\\/adesivi-e-stampa\\\/adesivi-grandi\\\/adesivo-per-asfalto\\\/#primaryimage\",\"url\":\"https:\\\/\\\/www.amstelprinting.nl\\\/wp-content\\\/uploads\\\/asfalt-sticker-bedrukken5.png\",\"contentUrl\":\"https:\\\/\\\/www.amstelprinting.nl\\\/wp-content\\\/uploads\\\/asfalt-sticker-bedrukken5.png\",\"width\":900,\"height\":900},{\"@type\":\"BreadcrumbList\",\"@id\":\"https:\\\/\\\/www.amstelprinting.nl\\\/it\\\/negozio\\\/adesivi-e-stampa\\\/adesivi-grandi\\\/adesivo-per-asfalto\\\/#breadcrumb\",\"itemListElement\":[{\"@type\":\"ListItem\",\"position\":1,\"name\":\"\",\"item\":\"https:\\\/\\\/www.amstelprinting.nl\\\/it\\\/\"},{\"@type\":\"ListItem\",\"position\":2,\"name\":\"Amstel Printing\",\"item\":\"https:\\\/\\\/www.amstelprinting.nl\\\/it\\\/negozio\\\/\"},{\"@type\":\"ListItem\",\"position\":3,\"name\":\"Adesivi e stampa\",\"item\":\"https:\\\/\\\/www.amstelprinting.nl\\\/it\\\/categoria\\\/adesivi-e-stampa\\\/\"},{\"@type\":\"ListItem\",\"position\":4,\"name\":\"Adesivi grandi\",\"item\":\"https:\\\/\\\/www.amstelprinting.nl\\\/it\\\/categoria\\\/adesivi-e-stampa\\\/adesivi-grandi\\\/\"},{\"@type\":\"ListItem\",\"position\":5,\"name\":\"Adesivo per asfalto\"}]},{\"@type\":\"WebSite\",\"@id\":\"https:\\\/\\\/www.amstelprinting.nl\\\/it\\\/#website\",\"url\":\"https:\\\/\\\/www.amstelprinting.nl\\\/it\\\/\",\"name\":\"Amstel Printing\",\"description\":\"Creating Exposure\",\"publisher\":{\"@id\":\"https:\\\/\\\/www.amstelprinting.nl\\\/it\\\/#organization\"},\"potentialAction\":[{\"@type\":\"SearchAction\",\"target\":{\"@type\":\"EntryPoint\",\"urlTemplate\":\"https:\\\/\\\/www.amstelprinting.nl\\\/it\\\/?s={search_term_string}\"},\"query-input\":{\"@type\":\"PropertyValueSpecification\",\"valueRequired\":true,\"valueName\":\"search_term_string\"}}],\"inLanguage\":\"it-IT\"},{\"@type\":\"Organization\",\"@id\":\"https:\\\/\\\/www.amstelprinting.nl\\\/it\\\/#organization\",\"name\":\"Amstel Printing\",\"url\":\"https:\\\/\\\/www.amstelprinting.nl\\\/it\\\/\",\"logo\":{\"@type\":\"ImageObject\",\"inLanguage\":\"it-IT\",\"@id\":\"https:\\\/\\\/www.amstelprinting.nl\\\/it\\\/#\\\/schema\\\/logo\\\/image\\\/\",\"url\":\"https:\\\/\\\/www.amstelprinting.nl\\\/wp-content\\\/uploads\\\/amstel_printing_logo_clean.png\",\"contentUrl\":\"https:\\\/\\\/www.amstelprinting.nl\\\/wp-content\\\/uploads\\\/amstel_printing_logo_clean.png\",\"width\":324,\"height\":73,\"caption\":\"Amstel Printing\"},\"image\":{\"@id\":\"https:\\\/\\\/www.amstelprinting.nl\\\/it\\\/#\\\/schema\\\/logo\\\/image\\\/\"}}]}<\/script>\n<!-- \/ Yoast SEO plugin. -->","yoast_head_json":{"title":"Adesivi per asfalto antiscivolo | Durevoli e sicuri per esterni","description":"Ordina adesivi per asfalto resistenti all'usura con la massima garanzia antiscivolo R12. Facili da applicare e rimuovere, perfetti per campagne pubblicitarie esterne di lunga durata.","robots":{"index":"index","follow":"follow","max-snippet":"max-snippet:-1","max-image-preview":"max-image-preview:large","max-video-preview":"max-video-preview:-1"},"canonical":"https:\/\/www.amstelprinting.nl\/it\/negozio\/adesivi-e-stampa\/adesivi-grandi\/adesivo-per-asfalto\/","og_locale":"it_IT","og_type":"article","og_title":"Adesivi per asfalto antiscivolo | Durevoli e sicuri per esterni","og_description":"Ordina adesivi per asfalto resistenti all'usura con la massima garanzia antiscivolo R12. Facili da applicare e rimuovere, perfetti per campagne pubblicitarie esterne di lunga durata.","og_url":"https:\/\/www.amstelprinting.nl\/it\/negozio\/adesivi-e-stampa\/adesivi-grandi\/adesivo-per-asfalto\/","og_site_name":"Amstel Printing","article_modified_time":"2026-02-18T11:40:35+00:00","og_image":[{"width":900,"height":900,"url":"https:\/\/www.amstelprinting.nl\/wp-content\/uploads\/asfalt-sticker-bedrukken5.png","type":"image\/png"}],"twitter_card":"summary_large_image","twitter_misc":{"Tempo di lettura stimato":"1 minuto"},"schema":{"@context":"https:\/\/schema.org","@graph":[{"@type":"WebPage","@id":"https:\/\/www.amstelprinting.nl\/it\/negozio\/adesivi-e-stampa\/adesivi-grandi\/adesivo-per-asfalto\/","url":"https:\/\/www.amstelprinting.nl\/it\/negozio\/adesivi-e-stampa\/adesivi-grandi\/adesivo-per-asfalto\/","name":"Adesivi per asfalto antiscivolo | Durevoli e sicuri per esterni","isPartOf":{"@id":"https:\/\/www.amstelprinting.nl\/it\/#website"},"primaryImageOfPage":{"@id":"https:\/\/www.amstelprinting.nl\/it\/negozio\/adesivi-e-stampa\/adesivi-grandi\/adesivo-per-asfalto\/#primaryimage"},"image":{"@id":"https:\/\/www.amstelprinting.nl\/it\/negozio\/adesivi-e-stampa\/adesivi-grandi\/adesivo-per-asfalto\/#primaryimage"},"thumbnailUrl":"https:\/\/www.amstelprinting.nl\/wp-content\/uploads\/asfalt-sticker-bedrukken5.png","datePublished":"2025-01-23T19:44:19+00:00","dateModified":"2026-02-18T11:40:35+00:00","description":"Ordina adesivi per asfalto resistenti all'usura con la massima garanzia antiscivolo R12. Facili da applicare e rimuovere, perfetti per campagne pubblicitarie esterne di lunga durata.","breadcrumb":{"@id":"https:\/\/www.amstelprinting.nl\/it\/negozio\/adesivi-e-stampa\/adesivi-grandi\/adesivo-per-asfalto\/#breadcrumb"},"inLanguage":"it-IT","potentialAction":[{"@type":"ReadAction","target":["https:\/\/www.amstelprinting.nl\/it\/negozio\/adesivi-e-stampa\/adesivi-grandi\/adesivo-per-asfalto\/"]}]},{"@type":"ImageObject","inLanguage":"it-IT","@id":"https:\/\/www.amstelprinting.nl\/it\/negozio\/adesivi-e-stampa\/adesivi-grandi\/adesivo-per-asfalto\/#primaryimage","url":"https:\/\/www.amstelprinting.nl\/wp-content\/uploads\/asfalt-sticker-bedrukken5.png","contentUrl":"https:\/\/www.amstelprinting.nl\/wp-content\/uploads\/asfalt-sticker-bedrukken5.png","width":900,"height":900},{"@type":"BreadcrumbList","@id":"https:\/\/www.amstelprinting.nl\/it\/negozio\/adesivi-e-stampa\/adesivi-grandi\/adesivo-per-asfalto\/#breadcrumb","itemListElement":[{"@type":"ListItem","position":1,"name":"","item":"https:\/\/www.amstelprinting.nl\/it\/"},{"@type":"ListItem","position":2,"name":"Amstel Printing","item":"https:\/\/www.amstelprinting.nl\/it\/negozio\/"},{"@type":"ListItem","position":3,"name":"Adesivi e stampa","item":"https:\/\/www.amstelprinting.nl\/it\/categoria\/adesivi-e-stampa\/"},{"@type":"ListItem","position":4,"name":"Adesivi grandi","item":"https:\/\/www.amstelprinting.nl\/it\/categoria\/adesivi-e-stampa\/adesivi-grandi\/"},{"@type":"ListItem","position":5,"name":"Adesivo per asfalto"}]},{"@type":"WebSite","@id":"https:\/\/www.amstelprinting.nl\/it\/#website","url":"https:\/\/www.amstelprinting.nl\/it\/","name":"Amstel Printing","description":"Creating Exposure","publisher":{"@id":"https:\/\/www.amstelprinting.nl\/it\/#organization"},"potentialAction":[{"@type":"SearchAction","target":{"@type":"EntryPoint","urlTemplate":"https:\/\/www.amstelprinting.nl\/it\/?s={search_term_string}"},"query-input":{"@type":"PropertyValueSpecification","valueRequired":true,"valueName":"search_term_string"}}],"inLanguage":"it-IT"},{"@type":"Organization","@id":"https:\/\/www.amstelprinting.nl\/it\/#organization","name":"Amstel Printing","url":"https:\/\/www.amstelprinting.nl\/it\/","logo":{"@type":"ImageObject","inLanguage":"it-IT","@id":"https:\/\/www.amstelprinting.nl\/it\/#\/schema\/logo\/image\/","url":"https:\/\/www.amstelprinting.nl\/wp-content\/uploads\/amstel_printing_logo_clean.png","contentUrl":"https:\/\/www.amstelprinting.nl\/wp-content\/uploads\/amstel_printing_logo_clean.png","width":324,"height":73,"caption":"Amstel Printing"},"image":{"@id":"https:\/\/www.amstelprinting.nl\/it\/#\/schema\/logo\/image\/"}}]}},"_links":{"self":[{"href":"https:\/\/www.amstelprinting.nl\/it\/wp-json\/wp\/v2\/product\/15724","targetHints":{"allow":["GET"]}}],"collection":[{"href":"https:\/\/www.amstelprinting.nl\/it\/wp-json\/wp\/v2\/product"}],"about":[{"href":"https:\/\/www.amstelprinting.nl\/it\/wp-json\/wp\/v2\/types\/product"}],"wp:featuredmedia":[{"embeddable":true,"href":"https:\/\/www.amstelprinting.nl\/it\/wp-json\/wp\/v2\/media\/15726"}],"wp:attachment":[{"href":"https:\/\/www.amstelprinting.nl\/it\/wp-json\/wp\/v2\/media?parent=15724"}],"wp:term":[{"taxonomy":"product_brand","embeddable":true,"href":"https:\/\/www.amstelprinting.nl\/it\/wp-json\/wp\/v2\/product_brand?post=15724"},{"taxonomy":"product_cat","embeddable":true,"href":"https:\/\/www.amstelprinting.nl\/it\/wp-json\/wp\/v2\/product_cat?post=15724"},{"taxonomy":"product_tag","embeddable":true,"href":"https:\/\/www.amstelprinting.nl\/it\/wp-json\/wp\/v2\/product_tag?post=15724"}],"curies":[{"name":"wp","href":"https:\/\/api.w.org\/{rel}","templated":true}]}}