{"id":15769,"date":"2025-01-23T20:43:48","date_gmt":"2025-01-23T19:43:48","guid":{"rendered":"https:\/\/www.amstelprinting.nl\/winkel\/senza-categoria\/etiketten\/"},"modified":"2026-02-18T12:40:39","modified_gmt":"2026-02-18T11:40:39","slug":"etichette","status":"publish","type":"product","link":"https:\/\/www.amstelprinting.nl\/it\/negozio\/adesivi-e-stampa\/piccoli-adesivi\/etichette\/","title":{"rendered":"Etichette"},"content":{"rendered":"<h3>Ordinare etichette<\/h3>\n<p>Le nostre etichette offrono una qualit\u00e0 eccellente grazie all&#8217;altissima risoluzione della stampante Durst Tau 330. Sono disponibili in grandi formati fino a 97 x 30 cm. Le nostre etichette possono essere personalizzate secondo i vostri desideri grazie alla scelta tra 6 materiali popolari e 3 laminati. Gli inchiostri UV garantiscono una protezione duratura e una maggiore durata della stampa. Grazie al taglio laser, possiamo fornire etichette in qualsiasi forma desiderata. Inoltre, non vengono addebitati costi di avviamento e puoi ordinare a partire da soli 1,5 m\u00b2.<\/p>\n<h3>Perch\u00e9 stampare etichette?<\/h3>\n<ul>\n<li>Altissima risoluzione grazie alla Durst Tau 330<\/li>\n<li>Disponibili in grandi formati fino a 97 x 30 cm<\/li>\n<li>Scelta tra 6 materiali popolari e 3 laminati<\/li>\n<li>Gli inchiostri UV garantiscono una migliore protezione e una maggiore durata della stampa<\/li>\n<li>Disponibili in qualsiasi forma grazie al taglio laser<\/li>\n<li>Nessun costo di avviamento grazie all&#8217;uso del taglio laser<\/li>\n<li>Ordina a partire da soli 1,5 m\u00b2<\/li>\n<li>Scelta di spaziature fisse di 3, 4, 5 o 6 mm<\/li>\n<li>Ordina etichette fustellate a prezzi vantaggiosi tramite Etichette &#8211; fustellate<\/li>\n<\/ul>\n<p>&nbsp;<\/p>\n<h3>SUGGERIMENTO: Risparmia con le etichette fustellate<\/h3>\n<p>Per un&#8217;opzione economica potete anche <a href=\"https:\/\/www.amstelprinting.nl\/it\/negozio\/adesivi-e-stampa\/piccoli-adesivi\/etichette-fustellate\/\">ordinare etichette fustellate<\/a>.<\/p>\n<h3>Materiali<\/h3>\n<p>Lo srotolamento pu\u00f2 essere rivolto verso l&#8217;interno o verso l&#8217;esterno e pu\u00f2 essere ruotato di 0, 90, 180 o 270 gradi. Offriamo un&#8217;ampia gamma di materiali per le nostre etichette.<\/p>\n<ul>\n<li><strong>Pellicola bianca (PP) &#8211; Promozionale<\/strong>: Questa pellicola priva di PVC \u00e8 ideale per applicazioni temporanee, sia all&#8217;interno che all&#8217;esterno. Perfetta per adesivi promozionali che durano poco tempo ma hanno comunque un aspetto professionale.<\/li>\n<li><strong>Pellicola bianca (PP) &#8211; Permanente<\/strong>: Per una soluzione durevole, questa pellicola priva di PVC \u00e8 ideale sia per applicazioni interne che esterne. Lo strato adesivo permanente garantisce un&#8217;adesione duratura.<\/li>\n<li><strong>Pellicola bianca (PP) &#8211; Forte adesione<\/strong>: Questa pellicola ha uno strato adesivo extra forte, adatto a condizioni impegnative, sia all&#8217;interno che all&#8217;esterno, dove \u00e8 richiesta la massima adesione.<\/li>\n<li><strong>Carta<\/strong>: Scegli tra opaca o lucida con uno strato adesivo permanente. La nostra carta autoadesiva certificata FSC offre un aspetto elegante ed \u00e8 ideale per adesivi che richiedono un&#8217;adesione duratura.<\/li>\n<li><strong>Pellicola trasparente &#8211; Permanente<\/strong>: Questa pellicola priva di PVC \u00e8 perfetta per adesivi che devono essere visualizzati in modo sottile, adatti sia per applicazioni interne che esterne.<\/li>\n<li><strong>Pellicola argento (PP) &#8211; Permanente<\/strong>: Questa pellicola argentata priva di PVC offre un aspetto metallico con uno strato adesivo permanente. Ideale per una finitura lussuosa, adatta per applicazioni interne ed esterne.<\/li>\n<li><strong>Pellicola trasparente sostenibile<\/strong>: Realizzata in plastica riciclata, questa pellicola ecologica offre uno strato adesivo permanente. Il materiale \u00e8 facilmente riciclabile, perfetto per adesivi sostenibili.<\/li>\n<li><strong>Pellicola trasparente &#8211; Promozionale<\/strong>: Questa pellicola priva di PVC \u00e8 ideale per applicazioni temporanee, all&#8217;interno e all&#8217;esterno.<\/li>\n<\/ul>\n<p>&nbsp;<\/p>\n<h3>Finitura<\/h3>\n<p>Per la pellicola trasparente, puoi scegliere se visualizzare l&#8217;immagine normalmente o speculare. Inoltre, sia per questo materiale che per la pellicola argento, puoi scegliere tra uno strato a colori o uno strato a colori con uno strato di bianco. Opzionalmente, per tutti i materiali, puoi scegliere il laminato, lucido, protettivo UV o opaco, per proteggere le tue etichette. Scegli tra 3 cm, 4 cm o 5 cm per determinare la corretta distanza tra gli adesivi sul rotolo. Gli adesivi su rotolo sono disponibili in forme quadrate\/rettangolari o forme libere per soddisfare le tue specifiche esigenze di design.<\/p>\n<h3>Accessori<\/h3>\n<p>Per semplificare l&#8217;uso e lo stoccaggio, puoi aggiungere al tuo ordine il Label Dispenser Box &#8211; S. Questo dispenser \u00e8 per adesivi di larghezza compresa tra 1,5 e 5 cm, un&#8217;altezza di 10 cm con una lunghezza massima del rotolo di 25 metri.<\/p>\n<p>Nota: Potrebbe esserci una piccola deviazione di massimo 1,5 mm al centro del file. Riduci al minimo questo effetto evitando di inserire cornici inutilmente sottili attorno al file.<\/p>\n<p>Dai libero sfogo alla tua creativit\u00e0 e scopri come le nostre etichette in rotolo possono trasformare le tue idee in etichettatura accattivante e funzionale.<\/p>\n<h3>Domande frequenti<\/h3>\n<p><strong>Posso caricare pi\u00f9 file con immagini diverse?<\/strong><br \/>\nPurtroppo al momento non \u00e8 possibile caricare pi\u00f9 file per rotolo. \u00c8 possibile fornire un solo file per rotolo.<\/p>\n<p><strong>Qual \u00e8 il diametro dell&#8217;anima del rotolo?<\/strong><br \/>\nLavoriamo di serie con un diametro dell&#8217;anima di 7,6 cm.<\/p>\n<p><strong>Posso ordinare adesivi dorati da voi?<\/strong><br \/>\nNella nostra gamma di prodotti speciali offriamo solo pellicola color argento. Stampando la combinazione di colori C 20 &#8211; M 25 &#8211; Y 60 &#8211; K 25 sulla pellicola argento, il tuo adesivo otterr\u00e0 un aspetto dorato con l&#8217;effetto lucido della pellicola argento.<\/p>\n<p><strong>Come rimuovo il mio adesivo?<\/strong><br \/>\nGli adesivi promozionali hanno uno strato adesivo rimovibile e di solito possono essere rimossi facilmente senza lasciare residui di colla. Se rimangono residui di colla, puoi rimuoverli facilmente con un detergente universale o un detersivo per piatti. Gli adesivi con adesione permanente hanno una forza adesiva maggiore e sono quindi pi\u00f9 difficili da rimuovere. Questi adesivi spesso lasciano residui di colla che puoi rimuovere con un solvente per colla.<\/p>\n","protected":false},"excerpt":{"rendered":"<h3>Etichette in rotolo. Fornite con stampa o design a scelta.<\/h3>\n<p>Scopri le nostre etichette in rotolo: con una larghezza di stampa massima di 30 cm offriamo versatilit\u00e0 e qualit\u00e0. Le nostre etichette sono disponibili in vari materiali e finiture.<\/p>\n","protected":false},"featured_media":15771,"template":"","meta":{"_et_pb_use_builder":"","_et_pb_old_content":"","_et_gb_content_width":""},"product_brand":[],"product_cat":[314,645,633],"product_tag":[],"class_list":{"0":"post-15769","1":"product","2":"type-product","3":"status-publish","4":"has-post-thumbnail","6":"product_cat-adesivi-e-stampa","7":"product_cat-adesivi-su-rotolo","8":"product_cat-piccoli-adesivi","10":"first","11":"instock","12":"taxable","13":"shipping-taxable","14":"purchasable","15":"product-type-simple"},"yoast_head":"<!-- This site is optimized with the Yoast SEO plugin v27.3 - https:\/\/yoast.com\/product\/yoast-seo-wordpress\/ -->\n<title>Etichette in rotolo \u2013 Nitidezza estrema, resistenti e consegna rapida<\/title>\n<meta name=\"description\" content=\"Etichette in rotolo con dettagli nitidissimi, inchiostri UV resistenti e finitura perfetta. Ideali per branding e promozione. Consegna in tutta Europa.\" \/>\n<meta name=\"robots\" content=\"index, follow, max-snippet:-1, max-image-preview:large, max-video-preview:-1\" \/>\n<link rel=\"canonical\" href=\"https:\/\/www.amstelprinting.nl\/it\/negozio\/adesivi-e-stampa\/piccoli-adesivi\/etichette\/\" \/>\n<meta property=\"og:locale\" content=\"it_IT\" \/>\n<meta property=\"og:type\" content=\"article\" \/>\n<meta property=\"og:title\" content=\"Etichette in rotolo \u2013 Nitidezza estrema, resistenti e consegna rapida\" \/>\n<meta property=\"og:description\" content=\"Etichette in rotolo con dettagli nitidissimi, inchiostri UV resistenti e finitura perfetta. Ideali per branding e promozione. Consegna in tutta Europa.\" \/>\n<meta property=\"og:url\" content=\"https:\/\/www.amstelprinting.nl\/it\/negozio\/adesivi-e-stampa\/piccoli-adesivi\/etichette\/\" \/>\n<meta property=\"og:site_name\" content=\"Amstel Printing\" \/>\n<meta property=\"article:modified_time\" content=\"2026-02-18T11:40:39+00:00\" \/>\n<meta property=\"og:image\" content=\"https:\/\/www.amstelprinting.nl\/wp-content\/uploads\/Etiketten.jpg\" \/>\n\t<meta property=\"og:image:width\" content=\"700\" \/>\n\t<meta property=\"og:image:height\" content=\"700\" \/>\n\t<meta property=\"og:image:type\" content=\"image\/jpeg\" \/>\n<meta name=\"twitter:card\" content=\"summary_large_image\" \/>\n<meta name=\"twitter:label1\" content=\"Tempo di lettura stimato\" \/>\n\t<meta name=\"twitter:data1\" content=\"4 minuti\" \/>\n<script type=\"application\/ld+json\" class=\"yoast-schema-graph\">{\"@context\":\"https:\\\/\\\/schema.org\",\"@graph\":[{\"@type\":\"WebPage\",\"@id\":\"https:\\\/\\\/www.amstelprinting.nl\\\/it\\\/negozio\\\/adesivi-e-stampa\\\/piccoli-adesivi\\\/etichette\\\/\",\"url\":\"https:\\\/\\\/www.amstelprinting.nl\\\/it\\\/negozio\\\/adesivi-e-stampa\\\/piccoli-adesivi\\\/etichette\\\/\",\"name\":\"Etichette in rotolo \u2013 Nitidezza estrema, resistenti e consegna rapida\",\"isPartOf\":{\"@id\":\"https:\\\/\\\/www.amstelprinting.nl\\\/it\\\/#website\"},\"primaryImageOfPage\":{\"@id\":\"https:\\\/\\\/www.amstelprinting.nl\\\/it\\\/negozio\\\/adesivi-e-stampa\\\/piccoli-adesivi\\\/etichette\\\/#primaryimage\"},\"image\":{\"@id\":\"https:\\\/\\\/www.amstelprinting.nl\\\/it\\\/negozio\\\/adesivi-e-stampa\\\/piccoli-adesivi\\\/etichette\\\/#primaryimage\"},\"thumbnailUrl\":\"https:\\\/\\\/www.amstelprinting.nl\\\/wp-content\\\/uploads\\\/Etiketten.jpg\",\"datePublished\":\"2025-01-23T19:43:48+00:00\",\"dateModified\":\"2026-02-18T11:40:39+00:00\",\"description\":\"Etichette in rotolo con dettagli nitidissimi, inchiostri UV resistenti e finitura perfetta. Ideali per branding e promozione. Consegna in tutta Europa.\",\"breadcrumb\":{\"@id\":\"https:\\\/\\\/www.amstelprinting.nl\\\/it\\\/negozio\\\/adesivi-e-stampa\\\/piccoli-adesivi\\\/etichette\\\/#breadcrumb\"},\"inLanguage\":\"it-IT\",\"potentialAction\":[{\"@type\":\"ReadAction\",\"target\":[\"https:\\\/\\\/www.amstelprinting.nl\\\/it\\\/negozio\\\/adesivi-e-stampa\\\/piccoli-adesivi\\\/etichette\\\/\"]}]},{\"@type\":\"ImageObject\",\"inLanguage\":\"it-IT\",\"@id\":\"https:\\\/\\\/www.amstelprinting.nl\\\/it\\\/negozio\\\/adesivi-e-stampa\\\/piccoli-adesivi\\\/etichette\\\/#primaryimage\",\"url\":\"https:\\\/\\\/www.amstelprinting.nl\\\/wp-content\\\/uploads\\\/Etiketten.jpg\",\"contentUrl\":\"https:\\\/\\\/www.amstelprinting.nl\\\/wp-content\\\/uploads\\\/Etiketten.jpg\",\"width\":700,\"height\":700},{\"@type\":\"BreadcrumbList\",\"@id\":\"https:\\\/\\\/www.amstelprinting.nl\\\/it\\\/negozio\\\/adesivi-e-stampa\\\/piccoli-adesivi\\\/etichette\\\/#breadcrumb\",\"itemListElement\":[{\"@type\":\"ListItem\",\"position\":1,\"name\":\"\",\"item\":\"https:\\\/\\\/www.amstelprinting.nl\\\/it\\\/\"},{\"@type\":\"ListItem\",\"position\":2,\"name\":\"Amstel Printing\",\"item\":\"https:\\\/\\\/www.amstelprinting.nl\\\/it\\\/negozio\\\/\"},{\"@type\":\"ListItem\",\"position\":3,\"name\":\"Adesivi e stampa\",\"item\":\"https:\\\/\\\/www.amstelprinting.nl\\\/it\\\/categoria\\\/adesivi-e-stampa\\\/\"},{\"@type\":\"ListItem\",\"position\":4,\"name\":\"Piccoli adesivi\",\"item\":\"https:\\\/\\\/www.amstelprinting.nl\\\/it\\\/categoria\\\/adesivi-e-stampa\\\/piccoli-adesivi\\\/\"},{\"@type\":\"ListItem\",\"position\":5,\"name\":\"Etichette\"}]},{\"@type\":\"WebSite\",\"@id\":\"https:\\\/\\\/www.amstelprinting.nl\\\/it\\\/#website\",\"url\":\"https:\\\/\\\/www.amstelprinting.nl\\\/it\\\/\",\"name\":\"Amstel Printing\",\"description\":\"Creating Exposure\",\"publisher\":{\"@id\":\"https:\\\/\\\/www.amstelprinting.nl\\\/it\\\/#organization\"},\"potentialAction\":[{\"@type\":\"SearchAction\",\"target\":{\"@type\":\"EntryPoint\",\"urlTemplate\":\"https:\\\/\\\/www.amstelprinting.nl\\\/it\\\/?s={search_term_string}\"},\"query-input\":{\"@type\":\"PropertyValueSpecification\",\"valueRequired\":true,\"valueName\":\"search_term_string\"}}],\"inLanguage\":\"it-IT\"},{\"@type\":\"Organization\",\"@id\":\"https:\\\/\\\/www.amstelprinting.nl\\\/it\\\/#organization\",\"name\":\"Amstel Printing\",\"url\":\"https:\\\/\\\/www.amstelprinting.nl\\\/it\\\/\",\"logo\":{\"@type\":\"ImageObject\",\"inLanguage\":\"it-IT\",\"@id\":\"https:\\\/\\\/www.amstelprinting.nl\\\/it\\\/#\\\/schema\\\/logo\\\/image\\\/\",\"url\":\"https:\\\/\\\/www.amstelprinting.nl\\\/wp-content\\\/uploads\\\/amstel_printing_logo_clean.png\",\"contentUrl\":\"https:\\\/\\\/www.amstelprinting.nl\\\/wp-content\\\/uploads\\\/amstel_printing_logo_clean.png\",\"width\":324,\"height\":73,\"caption\":\"Amstel Printing\"},\"image\":{\"@id\":\"https:\\\/\\\/www.amstelprinting.nl\\\/it\\\/#\\\/schema\\\/logo\\\/image\\\/\"}}]}<\/script>\n<!-- \/ Yoast SEO plugin. -->","yoast_head_json":{"title":"Etichette in rotolo \u2013 Nitidezza estrema, resistenti e consegna rapida","description":"Etichette in rotolo con dettagli nitidissimi, inchiostri UV resistenti e finitura perfetta. Ideali per branding e promozione. Consegna in tutta Europa.","robots":{"index":"index","follow":"follow","max-snippet":"max-snippet:-1","max-image-preview":"max-image-preview:large","max-video-preview":"max-video-preview:-1"},"canonical":"https:\/\/www.amstelprinting.nl\/it\/negozio\/adesivi-e-stampa\/piccoli-adesivi\/etichette\/","og_locale":"it_IT","og_type":"article","og_title":"Etichette in rotolo \u2013 Nitidezza estrema, resistenti e consegna rapida","og_description":"Etichette in rotolo con dettagli nitidissimi, inchiostri UV resistenti e finitura perfetta. Ideali per branding e promozione. Consegna in tutta Europa.","og_url":"https:\/\/www.amstelprinting.nl\/it\/negozio\/adesivi-e-stampa\/piccoli-adesivi\/etichette\/","og_site_name":"Amstel Printing","article_modified_time":"2026-02-18T11:40:39+00:00","og_image":[{"width":700,"height":700,"url":"https:\/\/www.amstelprinting.nl\/wp-content\/uploads\/Etiketten.jpg","type":"image\/jpeg"}],"twitter_card":"summary_large_image","twitter_misc":{"Tempo di lettura stimato":"4 minuti"},"schema":{"@context":"https:\/\/schema.org","@graph":[{"@type":"WebPage","@id":"https:\/\/www.amstelprinting.nl\/it\/negozio\/adesivi-e-stampa\/piccoli-adesivi\/etichette\/","url":"https:\/\/www.amstelprinting.nl\/it\/negozio\/adesivi-e-stampa\/piccoli-adesivi\/etichette\/","name":"Etichette in rotolo \u2013 Nitidezza estrema, resistenti e consegna rapida","isPartOf":{"@id":"https:\/\/www.amstelprinting.nl\/it\/#website"},"primaryImageOfPage":{"@id":"https:\/\/www.amstelprinting.nl\/it\/negozio\/adesivi-e-stampa\/piccoli-adesivi\/etichette\/#primaryimage"},"image":{"@id":"https:\/\/www.amstelprinting.nl\/it\/negozio\/adesivi-e-stampa\/piccoli-adesivi\/etichette\/#primaryimage"},"thumbnailUrl":"https:\/\/www.amstelprinting.nl\/wp-content\/uploads\/Etiketten.jpg","datePublished":"2025-01-23T19:43:48+00:00","dateModified":"2026-02-18T11:40:39+00:00","description":"Etichette in rotolo con dettagli nitidissimi, inchiostri UV resistenti e finitura perfetta. Ideali per branding e promozione. Consegna in tutta Europa.","breadcrumb":{"@id":"https:\/\/www.amstelprinting.nl\/it\/negozio\/adesivi-e-stampa\/piccoli-adesivi\/etichette\/#breadcrumb"},"inLanguage":"it-IT","potentialAction":[{"@type":"ReadAction","target":["https:\/\/www.amstelprinting.nl\/it\/negozio\/adesivi-e-stampa\/piccoli-adesivi\/etichette\/"]}]},{"@type":"ImageObject","inLanguage":"it-IT","@id":"https:\/\/www.amstelprinting.nl\/it\/negozio\/adesivi-e-stampa\/piccoli-adesivi\/etichette\/#primaryimage","url":"https:\/\/www.amstelprinting.nl\/wp-content\/uploads\/Etiketten.jpg","contentUrl":"https:\/\/www.amstelprinting.nl\/wp-content\/uploads\/Etiketten.jpg","width":700,"height":700},{"@type":"BreadcrumbList","@id":"https:\/\/www.amstelprinting.nl\/it\/negozio\/adesivi-e-stampa\/piccoli-adesivi\/etichette\/#breadcrumb","itemListElement":[{"@type":"ListItem","position":1,"name":"","item":"https:\/\/www.amstelprinting.nl\/it\/"},{"@type":"ListItem","position":2,"name":"Amstel Printing","item":"https:\/\/www.amstelprinting.nl\/it\/negozio\/"},{"@type":"ListItem","position":3,"name":"Adesivi e stampa","item":"https:\/\/www.amstelprinting.nl\/it\/categoria\/adesivi-e-stampa\/"},{"@type":"ListItem","position":4,"name":"Piccoli adesivi","item":"https:\/\/www.amstelprinting.nl\/it\/categoria\/adesivi-e-stampa\/piccoli-adesivi\/"},{"@type":"ListItem","position":5,"name":"Etichette"}]},{"@type":"WebSite","@id":"https:\/\/www.amstelprinting.nl\/it\/#website","url":"https:\/\/www.amstelprinting.nl\/it\/","name":"Amstel Printing","description":"Creating Exposure","publisher":{"@id":"https:\/\/www.amstelprinting.nl\/it\/#organization"},"potentialAction":[{"@type":"SearchAction","target":{"@type":"EntryPoint","urlTemplate":"https:\/\/www.amstelprinting.nl\/it\/?s={search_term_string}"},"query-input":{"@type":"PropertyValueSpecification","valueRequired":true,"valueName":"search_term_string"}}],"inLanguage":"it-IT"},{"@type":"Organization","@id":"https:\/\/www.amstelprinting.nl\/it\/#organization","name":"Amstel Printing","url":"https:\/\/www.amstelprinting.nl\/it\/","logo":{"@type":"ImageObject","inLanguage":"it-IT","@id":"https:\/\/www.amstelprinting.nl\/it\/#\/schema\/logo\/image\/","url":"https:\/\/www.amstelprinting.nl\/wp-content\/uploads\/amstel_printing_logo_clean.png","contentUrl":"https:\/\/www.amstelprinting.nl\/wp-content\/uploads\/amstel_printing_logo_clean.png","width":324,"height":73,"caption":"Amstel Printing"},"image":{"@id":"https:\/\/www.amstelprinting.nl\/it\/#\/schema\/logo\/image\/"}}]}},"_links":{"self":[{"href":"https:\/\/www.amstelprinting.nl\/it\/wp-json\/wp\/v2\/product\/15769","targetHints":{"allow":["GET"]}}],"collection":[{"href":"https:\/\/www.amstelprinting.nl\/it\/wp-json\/wp\/v2\/product"}],"about":[{"href":"https:\/\/www.amstelprinting.nl\/it\/wp-json\/wp\/v2\/types\/product"}],"wp:featuredmedia":[{"embeddable":true,"href":"https:\/\/www.amstelprinting.nl\/it\/wp-json\/wp\/v2\/media\/15771"}],"wp:attachment":[{"href":"https:\/\/www.amstelprinting.nl\/it\/wp-json\/wp\/v2\/media?parent=15769"}],"wp:term":[{"taxonomy":"product_brand","embeddable":true,"href":"https:\/\/www.amstelprinting.nl\/it\/wp-json\/wp\/v2\/product_brand?post=15769"},{"taxonomy":"product_cat","embeddable":true,"href":"https:\/\/www.amstelprinting.nl\/it\/wp-json\/wp\/v2\/product_cat?post=15769"},{"taxonomy":"product_tag","embeddable":true,"href":"https:\/\/www.amstelprinting.nl\/it\/wp-json\/wp\/v2\/product_tag?post=15769"}],"curies":[{"name":"wp","href":"https:\/\/api.w.org\/{rel}","templated":true}]}}